{"id":142038,"date":"2023-05-14T14:00:56","date_gmt":"2023-05-14T14:00:56","guid":{"rendered":"http:\/\/talkpal.ai\/katalonska-gramatika\/"},"modified":"2025-05-22T18:36:41","modified_gmt":"2025-05-22T18:36:41","slug":"katalonska-gramatika","status":"publish","type":"page","link":"https:\/\/talkpal.ai\/hr\/katalonska-gramatika\/","title":{"rendered":"Katalonska gramatika"},"content":{"rendered":"\r\n\r\n\r\n<section class=\"languageChallengeSection\">\r\n    <div class=\"languageInfoWrapper\">\r\n        \r\n        <h1>Katalonska gramatika<\/h1>\r\n        <p>Zaronite u svijet katalonske gramatike i otkrijte jedinstvenu strukturu ovog \u017eivopisnog romanskog jezika. Savladavanje osnova pomo\u0107i \u0107e vam da u\u010dinkovitije komunicirate i dublje se pove\u017eete s katalonskom kulturom. Po\u010dnite u\u010diti katalonsku gramatiku ve\u0107 danas i napravite prvi korak prema te\u010dnom govoru!\n\n<\/p>\r\n\r\n                            <a class=\"getStartedHidden\" href=\"https:\/\/app.talkpal.ai\/hr\/signup?lng=\">Zapo\u010dni<\/a>\r\n        \r\n    <\/div>\r\n\r\n    <figure>\r\n    <img decoding=\"async\" width=\"768\" height=\"768\" src=\"https:\/\/talkpal.ai\/wp-content\/uploads\/2023\/06\/catalan-768x768.png\" class=\"languageImage no-lazy\" alt=\"Language learning techniques for fast learning\" fetchpriority=\"high\" sizes=\"(max-width: 768px) 150px, 768px\" srcset=\"https:\/\/talkpal.ai\/wp-content\/uploads\/2023\/06\/catalan-768x768.png 768w, https:\/\/talkpal.ai\/wp-content\/uploads\/2023\/06\/catalan-300x300.png 300w\" \/>\r\n    \r\n\r\n    <\/figure>\r\n\r\n            <a class=\"getStartedVisible\" href=\"https:\/\/app.talkpal.ai\/hr\/signup?lng=\">Zapo\u010dni<\/a>\r\n    \r\n<\/section>\r\n<section class=\"promotionalBanner\">\r\n    <p class=\"promotionalText\">Naju\u010dinkovitiji na\u010din u\u010denja jezika<\/p>\r\n    <a class=\"promotionalLink\" href=\"https:\/\/app.talkpal.ai\/hr\/signup?lng=\">Isprobajte Talkpal besplatno<\/a>\r\n<\/section>\n<div class=\"wp-block-group pageContainerStyle\"><div class=\"wp-block-group__inner-container is-layout-constrained wp-block-group-is-layout-constrained\">\n<h2 class=\"wp-block-heading\" id=\"h-catalan-grammar-a-quick-guide-for-language-enthusiasts\">Katalonska gramatika: Brzi vodi\u010d za ljubitelje jezika<\/h2>\n\n\n\n<p>Planirate li nau\u010diti <a href=\"https:\/\/talkpal.ai\/learn-catalan\/\">katalonski<\/a> ili vas samo zanima ovaj prekrasan romanski jezik? Ne tra\u017eite dalje! Ovdje smo da vas povedemo u brzi obilazak katalonske gramatike i opremimo vas osnovama. Uronimo u ovaj \u0161armantni jezik i istra\u017eimo kako funkcionira na gramati\u010dkoj razini.<\/p>\n\n\n\n<p><a href=\"https:\/\/talkpal.ai\/learn-catalan\/\">Katalonski<\/a>, kojim govori oko 10 milijuna ljudi prete\u017eno u Kataloniji, Valenciji i Balearskim otocima, ima jedinstven spoj utjecaja latinskog, \u0161panjolskog i francuskog. Ba\u0161 kao i ti i ja, jezici se dodatno oboga\u0107uju posu\u0111uju\u0107i razli\u010dite nijanse jedni od drugih tijekom vremena. Kako uzbudljivo!<\/p>\n\n\n\n<p><strong>Sada nau\u010dimo neke osnovne aspekte katalonske gramatike:<\/strong><\/p>\n\n\n\n<h3 class=\"wp-block-heading\" id=\"h-1-nouns-and-gender\">1. Imenice i spol:<\/h3>\n\n\n\n<p>Pjevajte sa mnom \u2013 &#8216;Svaka imenica ima mo\u0107!&#8217; Ba\u0161 kao i u drugim romanskim jezicima, katalonske imenice su mu\u0161kog ili \u017eenskog roda, a ovaj &#8216;rod&#8217; utje\u010de na to kako se koriste s \u010dlanovima i pridjevima. Ipak, ne brinite! Uglavnom su imenice koje zavr\u0161avaju na &#8216;-a&#8217; \u017eenskog roda, dok su one koje zavr\u0161avaju na &#8216;-o&#8217; (ili neki drugi suglasnik) mu\u0161kog roda. Me\u0111utim, imajte na umu iznimke &#8211; vole vam se pri\u0161uljati!<\/p>\n\n\n\n<h3 class=\"wp-block-heading\" id=\"h-2-articles\">2. \u010clanci:<\/h3>\n\n\n\n<p>\u017divot bi bio dosadan bez \u010dlanaka, <a href=\"https:\/\/talkpal.ai\/culture\/how-do-you-use-the-phrase-zar-ne-at-the-end-of-a-sentence\/\">zar ne<\/a>? Kad je rije\u010d o katalonskom, imamo odre\u0111ene \u010dlanove koji ozna\u010davaju odre\u0111ene stvari ili osobe (kao \u0161to su \u201epas\u201d ili \u201eknjiga\u201d) i neodre\u0111ene \u010dlanove za op\u0107e reference (kao \u0161to su \u201epas\u201d ili \u201eknjiga\u201d).  <\/p>\n\n\n\n<p>Odre\u0111eni \u010dlanovi u katalonskom su &#8220;el&#8221; za imenice u jednini mu\u0161kog roda, &#8220;la&#8221; za imenice u jednini \u017eenskog roda, &#8220;els&#8221; za imenice u mno\u017eini mu\u0161kog roda i &#8220;les&#8221; za imenice u mno\u017eini \u017eenskog roda. S druge strane, neodre\u0111eni \u010dlanovi su &#8220;un&#8221; za imenice u jednini mu\u0161kog roda i &#8220;una&#8221; za imenice u jednini \u017eenskog roda. U mno\u017einskom obliku nema specifi\u010dnih neodre\u0111enih \u010dlanaka. Easy-peasy, zar ne?<\/p>\n\n\n\n<h3 class=\"wp-block-heading\" id=\"h-3-adjectives\">3. Pridjevi:<\/h3>\n\n\n\n<p>Pridjevi dodaju okus va\u0161im re\u010denicama opisuju\u0107i imenice, a na katalonskom se sla\u017eu po spolu i broju s imenicama koje mijenjaju. U ve\u0107ini slu\u010dajeva pridjevi koji zavr\u0161avaju na \u201c-o\u201d su mu\u0161kog, a oni koji zavr\u0161avaju na \u201c-a\u201d \u017eenskog roda. Da biste formirali mno\u017einu, promijenite &#8220;-o&#8221; u &#8220;-os&#8221; (mu\u0161ki rod) i &#8220;-a&#8221; u &#8220;-es&#8221; (\u017eenski rod). Imajte na umu da neki pridjevi imaju jedinstveni oblik za oba spola i mijenja se samo mno\u017eina. Zvu\u010di zabavno, zar ne?<\/p>\n\n\n\n<h3 class=\"wp-block-heading\" id=\"h-4-verbs-and-conjugation\">4. Glagoli i konjugacija:<\/h3>\n\n\n\n<p>Srce svakog jezika! Glagoli se u katalonskom klasificiraju u tri skupine na temelju infinitivnih zavr\u0161etaka: \u201c-ar\u201d, \u201c-er\u201d i \u201c-ir\u201d. Svaka grupa ima svoj poseban uzorak konjugacije za razli\u010dita vremena, raspolo\u017eenja i zamjenice &#8211; ba\u0161 kao i ples u razli\u010ditim ritmovima. Katalonski tako\u0111er ima pomo\u0107ne glagole (poput &#8216;imati&#8217; i &#8216;biti&#8217;) koji se kombiniraju s drugim glagolima kako bi stvorili slo\u017eena vremena i pasiv. Dakle, obucite plesne cipele i po\u010dnite istra\u017eivati \u017eivahan svijet katalonskih glagola.<\/p>\n\n\n\n<h3 class=\"wp-block-heading\" id=\"h-5-word-order\">5. Redoslijed rije\u010di:<\/h3>\n\n\n\n<p>Postavimo te rije\u010di u pravi red! Katalonski obi\u010dno slijedi redoslijed rije\u010di subjekt-glagol-objekt (SVO), ba\u0161 kao i <a href=\"https:\/\/talkpal.ai\/learn-english-with-ai\/\">engleski<\/a>. Me\u0111utim, fleksibilnost u redoslijedu rije\u010di dopu\u0161tena je u naglasne ili stilske svrhe. Pridjevi obi\u010dno dolaze nakon imenice koju opisuju, ali mo\u017eda \u0107ete ih vidjeti prije imenice kako biste naglasili njihovu va\u017enost. Zapamtite, praksa \u010dini savr\u0161enim kada je u pitanju ovladavanje redoslijedom rije\u010di na katalonskom jeziku.<\/p>\n\n\n\n<h3 class=\"wp-block-heading\" id=\"h-6-pronouns-and-prepositions\">6. Zamjenice i prijedlozi:<\/h3>\n\n\n\n<p>Posljednje ali ne i manje va\u017eno! Katalonski ima zamjenice predmeta (ja, vi, on, ona itd.) i zamjenice predmeta (ja, vi, on, ona itd.), Koje mogu do\u017eivjeti razli\u010dite promjene ovisno o njihovoj funkciji unutar re\u010denice. Osim toga, katalonski prijedlozi (kao \u0161to su \u201ca\u201d, \u201cde\u201d, \u201cen,\u201d \u201camb\u201d) poma\u017eu vam u povezivanju rije\u010di i fraza i prikazuju odnose me\u0111u njima.<\/p>\n\n\n\n<p>Whew! Sada imate osnove katalonske gramatike. Nastavite istra\u017eivati, postavljati pitanja i vje\u017ebati ovaj lijepi jezik. Zapamtite, u\u010denje novog jezika je poput odlaska na uzbudljivo putovanje. Imat \u0107ete uspona i <a href=\"https:\/\/talkpal.ai\/locations\/language-courses-in-padova\/\">padova<\/a>, ali nagrade su vrijedne truda. Bon viatge!<\/p>\n<\/div><\/div>\n\r\n<section class=\"learnNavigationSection\">\r\n            \r\n        <a href=\"https:\/\/talkpal.ai\/hr\/ucenje-katalonskog-jezika\/\">\r\n            <div class=\"learnNavigationWrapper\">\r\n                <div class=\"learnNavigationContent\">\r\n                    <img decoding=\"async\" src=\"https:\/\/talkpal.ai\/wp-content\/uploads\/2024\/08\/Catalan.jpg\" alt=\"Catalan Flag\">\r\n                    <div>\r\n                        <h4>O u\u010denju katalonskog<\/h4>\r\n                        <p>Saznajte sve o katalonskoj gramatici.<\/p>\r\n                    <\/div>\r\n                <\/div>\r\n            <\/div>\r\n        <\/a>\r\n\r\n        \r\n        <a href=\"https:\/\/talkpal.ai\/hr\/katalonske-gramaticke-vjezbe\/\">\r\n            <div class=\"learnNavigationWrapper\">\r\n                <div class=\"learnNavigationContent\">\r\n                    <img decoding=\"async\" src=\"https:\/\/talkpal.ai\/wp-content\/uploads\/2024\/08\/Catalan.jpg\" alt=\"Catalan Flag\">\r\n                    <div>\r\n                        <h4>Vje\u017eba iz katalonske gramatike<\/h4>\r\n                        <p>Vje\u017ebajte katalonsku gramatiku.<\/p>\r\n                    <\/div>\r\n                <\/div>\r\n            <\/div>\r\n        <\/a>\r\n\r\n        \r\n        <a href=\"https:\/\/talkpal.ai\/vocabulary_language\/catalan\/\">\r\n            <div class=\"learnNavigationWrapper\">\r\n                <div class=\"learnNavigationContent\">\r\n                    <img decoding=\"async\" src=\"https:\/\/talkpal.ai\/wp-content\/uploads\/2024\/08\/Catalan.jpg\" alt=\"Catalan Flag\">\r\n                    <div>\r\n                        <h4>Katalonski rje\u010dnik<\/h4>\r\n                        <p>Pro\u0161irite svoj vokabular katalonskog.<\/p>\r\n                    <\/div>\r\n                <\/div>\r\n            <\/div>\r\n        <\/a>\r\n\r\n            <\/section>","protected":false},"excerpt":{"rendered":"<p>Katalonska gramatika: Brzi vodi\u010d za ljubitelje jezika Planirate li nau\u010diti katalonski ili vas samo zanima ovaj prekrasan romanski jezik? Ne tra\u017eite dalje! Ovdje smo da vas povedemo u brzi obilazak katalonske gramatike i opremimo vas osnovama. Uronimo u ovaj \u0161armantni jezik i istra\u017eimo kako funkcionira na gramati\u010dkoj razini. Katalonski, kojim govori oko 10 milijuna ljudi [&hellip;]<\/p>\n","protected":false},"author":1,"featured_media":142044,"parent":0,"menu_order":0,"comment_status":"closed","ping_status":"closed","template":"LearningContentPage.php","meta":{"_acf_changed":false,"footnotes":""},"class_list":["post-142038","page","type-page","status-publish","has-post-thumbnail","hentry"],"acf":[],"yoast_head":"<!-- This site is optimized with the Yoast SEO Premium plugin v27.2 (Yoast SEO v27.2) - https:\/\/yoast.com\/product\/yoast-seo-premium-wordpress\/ -->\n<title>Katalonska gramatika - Talkpal<\/title>\n<meta name=\"description\" content=\"Otkrijte osnove katalonske gramatike i zapo\u010dnite svoje putovanje u ovaj prekrasni romanski jezik ve\u0107 danas!\" \/>\n<meta name=\"robots\" content=\"index, follow, max-snippet:-1, max-image-preview:large, max-video-preview:-1\" \/>\n<link rel=\"canonical\" href=\"https:\/\/talkpal.ai\/hr\/katalonska-gramatika\/\" \/>\n<meta property=\"og:locale\" content=\"hr_HR\" \/>\n<meta property=\"og:type\" content=\"article\" \/>\n<meta property=\"og:title\" content=\"Katalonska gramatika\" \/>\n<meta property=\"og:description\" content=\"Katalonska gramatika: Brzi vodi\u010d za ljubitelje jezika Planirate li nau\u010diti katalonski ili vas samo zanima ovaj prekrasan romanski jezik? Ne tra\u017eite dalje!\" \/>\n<meta property=\"og:url\" content=\"https:\/\/talkpal.ai\/hr\/katalonska-gramatika\/\" \/>\n<meta property=\"og:site_name\" content=\"Talkpal\" \/>\n<meta property=\"article:publisher\" content=\"https:\/\/www.facebook.com\/profile.php?id=100090733639311\" \/>\n<meta property=\"article:modified_time\" content=\"2025-05-22T18:36:41+00:00\" \/>\n<meta property=\"og:image\" content=\"https:\/\/talkpal.ai\/wp-content\/uploads\/2023\/08\/Catalan.png\" \/>\n\t<meta property=\"og:image:width\" content=\"479\" \/>\n\t<meta property=\"og:image:height\" content=\"479\" \/>\n\t<meta property=\"og:image:type\" content=\"image\/png\" \/>\n<meta name=\"twitter:card\" content=\"summary_large_image\" \/>\n<meta name=\"twitter:site\" content=\"@talkpalai\" \/>\n<meta name=\"twitter:label1\" content=\"Procijenjeno vrijeme \u010ditanja\" \/>\n\t<meta name=\"twitter:data1\" content=\"3 minute\" \/>\n<script type=\"application\/ld+json\" class=\"yoast-schema-graph\">{\"@context\":\"https:\/\/schema.org\",\"@graph\":[{\"@type\":\"WebPage\",\"@id\":\"https:\/\/talkpal.ai\/hr\/katalonska-gramatika\/\",\"url\":\"https:\/\/talkpal.ai\/hr\/katalonska-gramatika\/\",\"name\":\"Katalonska gramatika - Talkpal\",\"isPartOf\":{\"@id\":\"https:\/\/talkpal.ai\/hr\/#website\"},\"primaryImageOfPage\":{\"@id\":\"https:\/\/talkpal.ai\/hr\/katalonska-gramatika\/#primaryimage\"},\"image\":{\"@id\":\"https:\/\/talkpal.ai\/hr\/katalonska-gramatika\/#primaryimage\"},\"thumbnailUrl\":\"https:\/\/talkpal.ai\/wp-content\/uploads\/2023\/08\/Catalan.png\",\"datePublished\":\"2023-05-14T14:00:56+00:00\",\"dateModified\":\"2025-05-22T18:36:41+00:00\",\"description\":\"Otkrijte osnove katalonske gramatike i zapo\u010dnite svoje putovanje u ovaj prekrasni romanski jezik ve\u0107 danas!\",\"breadcrumb\":{\"@id\":\"https:\/\/talkpal.ai\/hr\/katalonska-gramatika\/#breadcrumb\"},\"inLanguage\":\"hr\",\"potentialAction\":[{\"@type\":\"ReadAction\",\"target\":[\"https:\/\/talkpal.ai\/hr\/katalonska-gramatika\/\"]}]},{\"@type\":\"ImageObject\",\"inLanguage\":\"hr\",\"@id\":\"https:\/\/talkpal.ai\/hr\/katalonska-gramatika\/#primaryimage\",\"url\":\"https:\/\/talkpal.ai\/wp-content\/uploads\/2023\/08\/Catalan.png\",\"contentUrl\":\"https:\/\/talkpal.ai\/wp-content\/uploads\/2023\/08\/Catalan.png\",\"width\":479,\"height\":479},{\"@type\":\"BreadcrumbList\",\"@id\":\"https:\/\/talkpal.ai\/hr\/katalonska-gramatika\/#breadcrumb\",\"itemListElement\":[{\"@type\":\"ListItem\",\"position\":1,\"name\":\"Homepage\",\"item\":\"https:\/\/talkpal.ai\/hr\/\"},{\"@type\":\"ListItem\",\"position\":2,\"name\":\"Katalonska gramatika\"}]},{\"@type\":\"WebSite\",\"@id\":\"https:\/\/talkpal.ai\/hr\/#website\",\"url\":\"https:\/\/talkpal.ai\/hr\/\",\"name\":\"Talkpal\",\"description\":\"AI Language Learning\",\"publisher\":{\"@id\":\"https:\/\/talkpal.ai\/hr\/#organization\"},\"alternateName\":\"Talkpal AI\",\"potentialAction\":[{\"@type\":\"SearchAction\",\"target\":{\"@type\":\"EntryPoint\",\"urlTemplate\":\"https:\/\/talkpal.ai\/hr\/?s={search_term_string}\"},\"query-input\":{\"@type\":\"PropertyValueSpecification\",\"valueRequired\":true,\"valueName\":\"search_term_string\"}}],\"inLanguage\":\"hr\"},{\"@type\":\"Organization\",\"@id\":\"https:\/\/talkpal.ai\/hr\/#organization\",\"name\":\"Talkpal, Inc.\",\"alternateName\":\"Talkpal AI\",\"url\":\"https:\/\/talkpal.ai\/hr\/\",\"logo\":{\"@type\":\"ImageObject\",\"inLanguage\":\"hr\",\"@id\":\"https:\/\/talkpal.ai\/hr\/#\/schema\/logo\/image\/\",\"url\":\"https:\/\/talkpal.ai\/wp-content\/uploads\/2024\/03\/Talkpal-Logo-Icon.png\",\"contentUrl\":\"https:\/\/talkpal.ai\/wp-content\/uploads\/2024\/03\/Talkpal-Logo-Icon.png\",\"width\":2880,\"height\":2880,\"caption\":\"Talkpal, Inc.\"},\"image\":{\"@id\":\"https:\/\/talkpal.ai\/hr\/#\/schema\/logo\/image\/\"},\"sameAs\":[\"https:\/\/www.facebook.com\/profile.php?id=100090733639311\",\"https:\/\/x.com\/talkpalai\",\"https:\/\/www.linkedin.com\/company\/talkpal\/\",\"https:\/\/www.youtube.com\/@TalkPal\/\",\"https:\/\/www.tiktok.com\/@talkpal\",\"https:\/\/www.instagram.com\/talkpal_ai\/\",\"https:\/\/www.crunchbase.com\/organization\/talkpal-9cde\",\"https:\/\/www.g2.com\/products\/talkpal-for-business\/\",\"https:\/\/www.trustpilot.com\/review\/talkpal.ai\",\"https:\/\/www.capterra.com\/p\/10006800\/TalkPal\/\"],\"description\":\"Talkpal is a language learning web and mobile education app, powered by the latest AI technologies, that provides engaging experiences to its customers in many different languages to help them improve their language skills. Users can chat about unlimited amount of topics with the app and use other modes to practice their language learning.\",\"email\":\"support@talkpal.ai\",\"legalName\":\"Talkpal, Inc.\",\"foundingDate\":\"2023-04-03\",\"duns\":\"118989042\",\"numberOfEmployees\":{\"@type\":\"QuantitativeValue\",\"minValue\":\"11\",\"maxValue\":\"50\"},\"publishingPrinciples\":\"https:\/\/talkpal.ai\/publishing-principles\/\",\"actionableFeedbackPolicy\":\"https:\/\/talkpal.ai\/actionable-feedback-policy\/\",\"correctionsPolicy\":\"https:\/\/talkpal.ai\/corrections-policy\/\",\"ethicsPolicy\":\"https:\/\/talkpal.ai\/ethics-policy\/\",\"diversityPolicy\":\"https:\/\/talkpal.ai\/diversity-policy\/\",\"diversityStaffingReport\":\"https:\/\/talkpal.ai\/diversity-policy\/\"}]}<\/script>\n<!-- \/ Yoast SEO Premium plugin. -->","yoast_head_json":{"title":"Katalonska gramatika - Talkpal","description":"Otkrijte osnove katalonske gramatike i zapo\u010dnite svoje putovanje u ovaj prekrasni romanski jezik ve\u0107 danas!","robots":{"index":"index","follow":"follow","max-snippet":"max-snippet:-1","max-image-preview":"max-image-preview:large","max-video-preview":"max-video-preview:-1"},"canonical":"https:\/\/talkpal.ai\/hr\/katalonska-gramatika\/","og_locale":"hr_HR","og_type":"article","og_title":"Katalonska gramatika","og_description":"Katalonska gramatika: Brzi vodi\u010d za ljubitelje jezika Planirate li nau\u010diti katalonski ili vas samo zanima ovaj prekrasan romanski jezik? Ne tra\u017eite dalje!","og_url":"https:\/\/talkpal.ai\/hr\/katalonska-gramatika\/","og_site_name":"Talkpal","article_publisher":"https:\/\/www.facebook.com\/profile.php?id=100090733639311","article_modified_time":"2025-05-22T18:36:41+00:00","og_image":[{"width":479,"height":479,"url":"https:\/\/talkpal.ai\/wp-content\/uploads\/2023\/08\/Catalan.png","type":"image\/png"}],"twitter_card":"summary_large_image","twitter_site":"@talkpalai","twitter_misc":{"Procijenjeno vrijeme \u010ditanja":"3 minute"},"schema":{"@context":"https:\/\/schema.org","@graph":[{"@type":"WebPage","@id":"https:\/\/talkpal.ai\/hr\/katalonska-gramatika\/","url":"https:\/\/talkpal.ai\/hr\/katalonska-gramatika\/","name":"Katalonska gramatika - Talkpal","isPartOf":{"@id":"https:\/\/talkpal.ai\/hr\/#website"},"primaryImageOfPage":{"@id":"https:\/\/talkpal.ai\/hr\/katalonska-gramatika\/#primaryimage"},"image":{"@id":"https:\/\/talkpal.ai\/hr\/katalonska-gramatika\/#primaryimage"},"thumbnailUrl":"https:\/\/talkpal.ai\/wp-content\/uploads\/2023\/08\/Catalan.png","datePublished":"2023-05-14T14:00:56+00:00","dateModified":"2025-05-22T18:36:41+00:00","description":"Otkrijte osnove katalonske gramatike i zapo\u010dnite svoje putovanje u ovaj prekrasni romanski jezik ve\u0107 danas!","breadcrumb":{"@id":"https:\/\/talkpal.ai\/hr\/katalonska-gramatika\/#breadcrumb"},"inLanguage":"hr","potentialAction":[{"@type":"ReadAction","target":["https:\/\/talkpal.ai\/hr\/katalonska-gramatika\/"]}]},{"@type":"ImageObject","inLanguage":"hr","@id":"https:\/\/talkpal.ai\/hr\/katalonska-gramatika\/#primaryimage","url":"https:\/\/talkpal.ai\/wp-content\/uploads\/2023\/08\/Catalan.png","contentUrl":"https:\/\/talkpal.ai\/wp-content\/uploads\/2023\/08\/Catalan.png","width":479,"height":479},{"@type":"BreadcrumbList","@id":"https:\/\/talkpal.ai\/hr\/katalonska-gramatika\/#breadcrumb","itemListElement":[{"@type":"ListItem","position":1,"name":"Homepage","item":"https:\/\/talkpal.ai\/hr\/"},{"@type":"ListItem","position":2,"name":"Katalonska gramatika"}]},{"@type":"WebSite","@id":"https:\/\/talkpal.ai\/hr\/#website","url":"https:\/\/talkpal.ai\/hr\/","name":"Talkpal","description":"AI Language Learning","publisher":{"@id":"https:\/\/talkpal.ai\/hr\/#organization"},"alternateName":"Talkpal AI","potentialAction":[{"@type":"SearchAction","target":{"@type":"EntryPoint","urlTemplate":"https:\/\/talkpal.ai\/hr\/?s={search_term_string}"},"query-input":{"@type":"PropertyValueSpecification","valueRequired":true,"valueName":"search_term_string"}}],"inLanguage":"hr"},{"@type":"Organization","@id":"https:\/\/talkpal.ai\/hr\/#organization","name":"Talkpal, Inc.","alternateName":"Talkpal AI","url":"https:\/\/talkpal.ai\/hr\/","logo":{"@type":"ImageObject","inLanguage":"hr","@id":"https:\/\/talkpal.ai\/hr\/#\/schema\/logo\/image\/","url":"https:\/\/talkpal.ai\/wp-content\/uploads\/2024\/03\/Talkpal-Logo-Icon.png","contentUrl":"https:\/\/talkpal.ai\/wp-content\/uploads\/2024\/03\/Talkpal-Logo-Icon.png","width":2880,"height":2880,"caption":"Talkpal, Inc."},"image":{"@id":"https:\/\/talkpal.ai\/hr\/#\/schema\/logo\/image\/"},"sameAs":["https:\/\/www.facebook.com\/profile.php?id=100090733639311","https:\/\/x.com\/talkpalai","https:\/\/www.linkedin.com\/company\/talkpal\/","https:\/\/www.youtube.com\/@TalkPal\/","https:\/\/www.tiktok.com\/@talkpal","https:\/\/www.instagram.com\/talkpal_ai\/","https:\/\/www.crunchbase.com\/organization\/talkpal-9cde","https:\/\/www.g2.com\/products\/talkpal-for-business\/","https:\/\/www.trustpilot.com\/review\/talkpal.ai","https:\/\/www.capterra.com\/p\/10006800\/TalkPal\/"],"description":"Talkpal is a language learning web and mobile education app, powered by the latest AI technologies, that provides engaging experiences to its customers in many different languages to help them improve their language skills. Users can chat about unlimited amount of topics with the app and use other modes to practice their language learning.","email":"support@talkpal.ai","legalName":"Talkpal, Inc.","foundingDate":"2023-04-03","duns":"118989042","numberOfEmployees":{"@type":"QuantitativeValue","minValue":"11","maxValue":"50"},"publishingPrinciples":"https:\/\/talkpal.ai\/publishing-principles\/","actionableFeedbackPolicy":"https:\/\/talkpal.ai\/actionable-feedback-policy\/","correctionsPolicy":"https:\/\/talkpal.ai\/corrections-policy\/","ethicsPolicy":"https:\/\/talkpal.ai\/ethics-policy\/","diversityPolicy":"https:\/\/talkpal.ai\/diversity-policy\/","diversityStaffingReport":"https:\/\/talkpal.ai\/diversity-policy\/"}]}},"_links":{"self":[{"href":"https:\/\/talkpal.ai\/hr\/wp-json\/wp\/v2\/pages\/142038","targetHints":{"allow":["GET"]}}],"collection":[{"href":"https:\/\/talkpal.ai\/hr\/wp-json\/wp\/v2\/pages"}],"about":[{"href":"https:\/\/talkpal.ai\/hr\/wp-json\/wp\/v2\/types\/page"}],"author":[{"embeddable":true,"href":"https:\/\/talkpal.ai\/hr\/wp-json\/wp\/v2\/users\/1"}],"replies":[{"embeddable":true,"href":"https:\/\/talkpal.ai\/hr\/wp-json\/wp\/v2\/comments?post=142038"}],"version-history":[{"count":0,"href":"https:\/\/talkpal.ai\/hr\/wp-json\/wp\/v2\/pages\/142038\/revisions"}],"wp:featuredmedia":[{"embeddable":true,"href":"https:\/\/talkpal.ai\/hr\/wp-json\/wp\/v2\/media\/142044"}],"wp:attachment":[{"href":"https:\/\/talkpal.ai\/hr\/wp-json\/wp\/v2\/media?parent=142038"}],"curies":[{"name":"wp","href":"https:\/\/api.w.org\/{rel}","templated":true}]}}