{"id":141634,"date":"2023-05-14T14:00:39","date_gmt":"2023-05-14T14:00:39","guid":{"rendered":"http:\/\/talkpal.ai\/bugarska-gramatika\/"},"modified":"2025-05-22T14:36:50","modified_gmt":"2025-05-22T14:36:50","slug":"bugarska-gramatika","status":"publish","type":"page","link":"https:\/\/talkpal.ai\/hr\/bugarska-gramatika\/","title":{"rendered":"Bugarska gramatika"},"content":{"rendered":"\r\n\r\n\r\n<section class=\"languageChallengeSection\">\r\n    <div class=\"languageInfoWrapper\">\r\n        \r\n        <h1>Bugarska gramatika<\/h1>\r\n        <p>Istra\u017eite jedinstvene zna\u010dajke bugarske gramatike i steknite alate za samouvjerenu komunikaciju na ovom \u017eivopisnom slavenskom jeziku. Razumijevanjem njegovih osnovnih pravila, pobolj\u0161at \u0107ete svoju sposobnost povezivanja s izvornim govornicima i dublje istra\u017eiti bogatu bugarsku ba\u0161tinu. Zapo\u010dnite svoje putovanje bugarske gramatike ve\u0107 danas i napravite prvi korak prema savladavanju jezika!<\/p>\r\n\r\n                            <a class=\"getStartedHidden\" href=\"https:\/\/app.talkpal.ai\/hr\/signup?lng=\">Zapo\u010dni<\/a>\r\n        \r\n    <\/div>\r\n\r\n    <figure>\r\n    <img decoding=\"async\" width=\"768\" height=\"768\" src=\"https:\/\/talkpal.ai\/wp-content\/uploads\/2023\/06\/bulgarian-768x768.png\" class=\"languageImage no-lazy\" alt=\"Language learning for deeper cultural understanding\" fetchpriority=\"high\" sizes=\"(max-width: 768px) 150px, 768px\" srcset=\"https:\/\/talkpal.ai\/wp-content\/uploads\/2023\/06\/bulgarian-768x768.png 768w, https:\/\/talkpal.ai\/wp-content\/uploads\/2023\/06\/bulgarian-300x300.png 300w\" \/>\r\n    \r\n\r\n    <\/figure>\r\n\r\n            <a class=\"getStartedVisible\" href=\"https:\/\/app.talkpal.ai\/hr\/signup?lng=\">Zapo\u010dni<\/a>\r\n    \r\n<\/section>\r\n<section class=\"promotionalBanner\">\r\n    <p class=\"promotionalText\">Naju\u010dinkovitiji na\u010din u\u010denja jezika<\/p>\r\n    <a class=\"promotionalLink\" href=\"https:\/\/app.talkpal.ai\/hr\/signup?lng=\">Isprobajte Talkpal besplatno<\/a>\r\n<\/section>\n<div class=\"wp-block-group pageContainerStyle\"><div class=\"wp-block-group__inner-container is-layout-constrained wp-block-group-is-layout-constrained\">\n<h2 class=\"wp-block-heading\" id=\"h-the-ultimate-guide-to-bulgarian-grammar-navigating-the-intricacies-of-a-rich-language\">Ultimativni vodi\u010d za bugarsku gramatiku: Navigacija zamr\u0161eno\u0161\u0107u bogatog jezika<\/h2>\n\n\n\n<p><a href=\"https:\/\/talkpal.ai\/bulgarian-grammar\/\">Bugarska gramatika<\/a>, kao i sam jezik, fascinantan je spoj jednostavnosti, slo\u017eenosti i bogate kulturne povijesti. Kao jedan od najstarijih slavenskih jezika, <a href=\"https:\/\/talkpal.ai\/learn-bulgarian\/\">bugarski<\/a> nudi jezi\u010dna uzbu\u0111enja u\u010denicima i izaziva \u010dak i najvje\u0161tije govornike. U ovom \u0107emo vodi\u010du istra\u017eiti klju\u010dna na\u010dela bugarske gramatike, demistificirati njezinu slo\u017eenost i pomo\u0107i vam na va\u0161em putu ka svladavanju ovog prekrasnog jezika. Zaronimo!<\/p>\n\n\n\n<h2 class=\"wp-block-heading\" id=\"h-the-nuts-and-bolts-bulgarian-sentence-structure\">Matice i vijci: bugarska struktura re\u010denica<\/h2>\n\n\n\n<p>U svojoj sr\u017ei, <a href=\"https:\/\/talkpal.ai\/bulgarian-grammar\/\">bugarska gramatika<\/a> je vrlo jednostavna. Jezik slijedi strukturu re\u010denice Subject-Verb-Object (SVO), sli\u010dnu engleskom i mnogim drugim jezicima. Na primjer, re\u010denica &#8220;Ja jedem jabuku&#8221; prevodi se kao &#8220;Az yam yabalka&#8221; (Az yam yabalka). Jednostavno, <a href=\"https:\/\/talkpal.ai\/culture\/how-do-you-use-the-phrase-zar-ne-at-the-end-of-a-sentence\/\">zar ne<\/a>? Me\u0111utim, kako dublje kopamo, otkrit \u0107ete da je bugarska <a href=\"https:\/\/talkpal.ai\/sq\/gramatika\/\">gramatika<\/a> <a href=\"https:\/\/talkpal.ai\/contact\/\">puna<\/a> iznena\u0111enja i jedinstvenih karakteristika.<\/p>\n\n\n\n<h3 class=\"wp-block-heading\" id=\"h-meet-the-family-bulgarian-nouns-and-their-genders\">Upoznajte obitelj: bugarske imenice i njihovi spolovi<\/h3>\n\n\n\n<p>Jedan od najzamr\u0161enijih aspekata bugarske gramatike za govornike engleskog jezika je pojam gramati\u010dkog spola. U bugarskom se svaka imenica pripisuje jednom od tri roda \u2013 mu\u0161kom, \u017eenskom i srednjem. Bitno je prepoznati rod imenice jer utje\u010de na oblik pridjeva i zamjenica te na konjugaciju glagola koji slijede.<\/p>\n\n\n\n<p>Dakle, kako odre\u0111ujete spol imenice? Op\u0107enito, sve se svodi na kraj:<\/p>\n\n\n\n<p><strong>\u2013 Imenice mu\u0161kog roda naj\u010de\u0161\u0107e zavr\u0161avaju na suglasnik.<\/strong><\/p>\n\n\n\n<p><strong>\u2013 Imenice \u017eenskog roda obi\u010dno zavr\u0161avaju na -a (-a) ili -\u00e2 (-ya).<\/strong><\/p>\n\n\n\n<p><strong>\u2013 Imenice srednjeg roda \u010desto zavr\u0161avaju na -o (-o) ili -e (-e).<\/strong><\/p>\n\n\n\n<p>Na primjer, &#8220;m\u02ba\u017e&#8221; (mazh) zna\u010di &#8220;mu\u0161karac&#8221; i mu\u0161kog je roda, &#8220;\u017eena&#8221; (zhena) zna\u010di &#8220;\u017eena&#8221; i \u017eenskog je roda, a &#8220;dete&#8221; (dete) zna\u010di &#8220;dijete&#8221; i srednjeg je roda.<\/p>\n\n\n\n<p>Naravno, postoje iznimke, zbog \u010dega je bitno u\u010diti imenice zajedno s njihovim rodovima.<\/p>\n\n\n\n<h3 class=\"wp-block-heading\" id=\"h-playing-with-numbers-bulgarian-plurals\">Igranje s brojevima: Bugarska mno\u017eina<\/h3>\n\n\n\n<p>Nakon \u0161to ste svladali rod bugarskih imenica, vrijeme je da se pozabavite njihovom mno\u017einom. Op\u0107enito, mno\u017einu tvorite dodavanjem specifi\u010dnih zavr\u0161etaka koji odgovaraju rodu imenice:<\/p>\n\n\n\n<p><strong>\u2013 Imenice mu\u0161kog roda mijenjaju zadnji suglasnik u -i (-i) ili dodaju -ove (-ove).<\/strong><\/p>\n\n\n\n<p><strong>\u2013 Imenice \u017eenskog roda zamjenjuju -a ili -\u00e2 s -i ili -e.<\/strong><\/p>\n\n\n\n<p><strong>\u2013 Imenice srednjeg roda zamjenjuju -o ili -e sa -a.<\/strong><\/p>\n\n\n\n<p>Na primjer, \u201cu\u010denik\u201d (mu\u0161ki rod) postaje \u201cu\u010denici\u201d (u\u010denici, <a href=\"https:\/\/talkpal.ai\/talkpal-discount-for-students\/\">studenti<\/a>), a \u201ckniga\u201d (kniga, \u017eenski rod) postaje \u201cknigi\u201d (knigi, knjige).<\/p>\n\n\n\n<p>Ovo pravilo ima iznimke, stoga pripazite na nepravilne mno\u017eine i u skladu s tim pro\u0161irite svoj vokabular.<\/p>\n\n\n\n<h3 class=\"wp-block-heading\" id=\"h-the-art-of-conjugation-bulgarian-verbs\">Umjetnost konjugacije: bugarski glagoli<\/h3>\n\n\n\n<p>Bugarski glagoli mogu biti zastra\u0161uju\u0107i zbog velikog broja vremena, raspolo\u017eenja i konjugacija. Me\u0111utim, klju\u010d njihovog pucanja je prepoznavanje obrazaca i redovito vje\u017ebanje.<\/p>\n\n\n\n<p>Na bugarskom jeziku glagoli su podijeljeni u tri skupine na temelju njihovog infinitivnog zavr\u0161etka, -\u0430 (-a), -\u0435 (-\u0435) ili -\u0438 (-i). Svaka skupina ima svoja specifi\u010dna pravila konjugacije. Na primjer, uzmimo glagol \u201cpisati\u201d (pisha, \u201cpisati\u201d):<\/p>\n\n\n\n<p><strong>Sada\u0161nje vrijeme: Az pi\u0161e (Az pisha, &#8220;pi\u0161em&#8221;)<\/strong><\/p>\n\n\n\n<p><strong>Pro\u0161lo vrijeme: Az pisah (Az pisah, &#8220;napisao sam&#8221;)<\/strong><\/p>\n\n\n\n<p><strong>Budu\u0107e vrijeme: Az \u015de pi\u0161e (Az shte pisha, &#8220;Pisat \u0107u&#8221;)<\/strong><\/p>\n\n\n\n<p>Kao \u0161to mo\u017eete vidjeti, zavr\u0161etci se mijenjaju prema vremenu. A ovo \u010dak i ne zagrebe povr\u0161inu bugarske glagolske konjugacije! Ipak, ne dopustite da vas to obuzme. Vje\u017ebom i strpljenjem po\u010det \u0107ete prepoznavati obrasce i svladat \u0107ete ovaj izazov.<\/p>\n\n\n\n<h3 class=\"wp-block-heading\" id=\"h-the-finishing-touches-bulgarian-adjectives-adverbs-and-more\">Zavr\u0161ni dodiri: bugarski pridjevi, prilozi i jo\u0161 mnogo toga<\/h3>\n\n\n\n<p>\u0160to se ti\u010de bugarskih pridjeva i priloga, oni igraju klju\u010dnu ulogu u dodavanju dubine i slo\u017eenosti va\u0161em govoru. Pridjevi se moraju slagati s imenicama koje mijenjaju u smislu roda, a obi\u010dno \u0107ete prona\u0107i 3 oblika \u2013 mu\u0161ki, \u017eenski i srednji.<\/p>\n\n\n\n<p>Na primjer, &#8220;dobar&#8221; (dobur) zna\u010di &#8220;dobar&#8221; i pojavljuje se kao &#8220;dobar m\u02ba\u017e&#8221; (dobar mazh, &#8220;dobar \u010dovjek&#8221;), &#8220;dobra \u017eena&#8221; (dobra zhena, &#8220;dobra \u017eena&#8221;) i &#8220;dobro dete&#8221; ( dobro dete, \u201cdobro dijete\u201d). Prilozi slijede sli\u010dne obrasce, \u010desto izvedene iz pridjeva.<\/p>\n\n\n\n<p>U zaklju\u010dku, zamr\u0161enosti i nedore\u010denosti bugarske gramatike, iako slo\u017eene, daju jeziku njegovu zadivljuju\u0107u ljepotu i karakter. Uz kombinaciju upornosti, znati\u017eelje i prakti\u010dne primjene, uskoro \u0107ete se s lako\u0107om i pouzdanjem snalaziti u bugarskoj gramatici. Sretno u\u010denje!<\/p>\n<\/div><\/div>\n\r\n<section class=\"learnNavigationSection\">\r\n            \r\n        <a href=\"https:\/\/talkpal.ai\/hr\/ucenje-bugarskog-jezika\/\">\r\n            <div class=\"learnNavigationWrapper\">\r\n                <div class=\"learnNavigationContent\">\r\n                    <img decoding=\"async\" src=\"https:\/\/talkpal.ai\/wp-content\/uploads\/2024\/08\/Bulgarian.jpg\" alt=\"Bulgarian Flag\">\r\n                    <div>\r\n                        <h4>O bugarskom u\u010denju<\/h4>\r\n                        <p>Saznajte sve o bugarskoj gramatici.<\/p>\r\n                    <\/div>\r\n                <\/div>\r\n            <\/div>\r\n        <\/a>\r\n\r\n        \r\n        <a href=\"https:\/\/talkpal.ai\/hr\/bugarske-gramaticke-vjezbe\/\">\r\n            <div class=\"learnNavigationWrapper\">\r\n                <div class=\"learnNavigationContent\">\r\n                    <img decoding=\"async\" src=\"https:\/\/talkpal.ai\/wp-content\/uploads\/2024\/08\/Bulgarian.jpg\" alt=\"Bulgarian Flag\">\r\n                    <div>\r\n                        <h4>Bugarska gramati\u010dka vje\u017eba<\/h4>\r\n                        <p>Vje\u017ebajte bugarsku gramatiku.<\/p>\r\n                    <\/div>\r\n                <\/div>\r\n            <\/div>\r\n        <\/a>\r\n\r\n        \r\n        <a href=\"https:\/\/talkpal.ai\/vocabulary_language\/bulgarian\/\">\r\n            <div class=\"learnNavigationWrapper\">\r\n                <div class=\"learnNavigationContent\">\r\n                    <img decoding=\"async\" src=\"https:\/\/talkpal.ai\/wp-content\/uploads\/2024\/08\/Bulgarian.jpg\" alt=\"Bulgarian Flag\">\r\n                    <div>\r\n                        <h4>Bugarski rje\u010dnik<\/h4>\r\n                        <p>Pro\u0161irite svoj bugarski vokabular.<\/p>\r\n                    <\/div>\r\n                <\/div>\r\n            <\/div>\r\n        <\/a>\r\n\r\n            <\/section>","protected":false},"excerpt":{"rendered":"<p>Ultimativni vodi\u010d za bugarsku gramatiku: Navigacija zamr\u0161eno\u0161\u0107u bogatog jezika Bugarska gramatika, kao i sam jezik, fascinantan je spoj jednostavnosti, slo\u017eenosti i bogate kulturne povijesti. Kao jedan od najstarijih slavenskih jezika, bugarski nudi jezi\u010dna uzbu\u0111enja u\u010denicima i izaziva \u010dak i najvje\u0161tije govornike. U ovom \u0107emo vodi\u010du istra\u017eiti klju\u010dna na\u010dela bugarske gramatike, demistificirati njezinu slo\u017eenost i pomo\u0107i [&hellip;]<\/p>\n","protected":false},"author":1,"featured_media":111124,"parent":0,"menu_order":0,"comment_status":"closed","ping_status":"closed","template":"LearningContentPage.php","meta":{"_acf_changed":false,"footnotes":""},"class_list":["post-141634","page","type-page","status-publish","has-post-thumbnail","hentry"],"acf":[],"yoast_head":"<!-- This site is optimized with the Yoast SEO Premium plugin v27.2 (Yoast SEO v27.2) - https:\/\/yoast.com\/product\/yoast-seo-premium-wordpress\/ -->\n<title>Bugarska gramatika - Talkpal<\/title>\n<meta name=\"description\" content=\"Istra\u017eite osnove bugarske gramatike za bolje razumijevanje jezika i komunikacijske vje\u0161tine.\" \/>\n<meta name=\"robots\" content=\"index, follow, max-snippet:-1, max-image-preview:large, max-video-preview:-1\" \/>\n<link rel=\"canonical\" href=\"https:\/\/talkpal.ai\/hr\/bugarska-gramatika\/\" \/>\n<meta property=\"og:locale\" content=\"hr_HR\" \/>\n<meta property=\"og:type\" content=\"article\" \/>\n<meta property=\"og:title\" content=\"Bugarska gramatika\" \/>\n<meta property=\"og:description\" content=\"Ultimativni vodi\u010d za bugarsku gramatiku: Navigacija zamr\u0161eno\u0161\u0107u bogatog jezika Bugarska gramatika, kao i sam jezik, fascinantan je spoj jednostavnosti,\" \/>\n<meta property=\"og:url\" content=\"https:\/\/talkpal.ai\/hr\/bugarska-gramatika\/\" \/>\n<meta property=\"og:site_name\" content=\"Talkpal\" \/>\n<meta property=\"article:publisher\" content=\"https:\/\/www.facebook.com\/profile.php?id=100090733639311\" \/>\n<meta property=\"article:modified_time\" content=\"2025-05-22T14:36:50+00:00\" \/>\n<meta property=\"og:image\" content=\"https:\/\/talkpal.ai\/wp-content\/uploads\/2023\/05\/bulgaria.png\" \/>\n\t<meta property=\"og:image:width\" content=\"512\" \/>\n\t<meta property=\"og:image:height\" content=\"512\" \/>\n\t<meta property=\"og:image:type\" content=\"image\/png\" \/>\n<meta name=\"twitter:card\" content=\"summary_large_image\" \/>\n<meta name=\"twitter:site\" content=\"@talkpalai\" \/>\n<meta name=\"twitter:label1\" content=\"Procijenjeno vrijeme \u010ditanja\" \/>\n\t<meta name=\"twitter:data1\" content=\"3 minute\" \/>\n<script type=\"application\/ld+json\" class=\"yoast-schema-graph\">{\"@context\":\"https:\/\/schema.org\",\"@graph\":[{\"@type\":\"WebPage\",\"@id\":\"https:\/\/talkpal.ai\/hr\/bugarska-gramatika\/\",\"url\":\"https:\/\/talkpal.ai\/hr\/bugarska-gramatika\/\",\"name\":\"Bugarska gramatika - Talkpal\",\"isPartOf\":{\"@id\":\"https:\/\/talkpal.ai\/hr\/#website\"},\"primaryImageOfPage\":{\"@id\":\"https:\/\/talkpal.ai\/hr\/bugarska-gramatika\/#primaryimage\"},\"image\":{\"@id\":\"https:\/\/talkpal.ai\/hr\/bugarska-gramatika\/#primaryimage\"},\"thumbnailUrl\":\"https:\/\/talkpal.ai\/wp-content\/uploads\/2023\/05\/bulgaria.png\",\"datePublished\":\"2023-05-14T14:00:39+00:00\",\"dateModified\":\"2025-05-22T14:36:50+00:00\",\"description\":\"Istra\u017eite osnove bugarske gramatike za bolje razumijevanje jezika i komunikacijske vje\u0161tine.\",\"breadcrumb\":{\"@id\":\"https:\/\/talkpal.ai\/hr\/bugarska-gramatika\/#breadcrumb\"},\"inLanguage\":\"hr\",\"potentialAction\":[{\"@type\":\"ReadAction\",\"target\":[\"https:\/\/talkpal.ai\/hr\/bugarska-gramatika\/\"]}]},{\"@type\":\"ImageObject\",\"inLanguage\":\"hr\",\"@id\":\"https:\/\/talkpal.ai\/hr\/bugarska-gramatika\/#primaryimage\",\"url\":\"https:\/\/talkpal.ai\/wp-content\/uploads\/2023\/05\/bulgaria.png\",\"contentUrl\":\"https:\/\/talkpal.ai\/wp-content\/uploads\/2023\/05\/bulgaria.png\",\"width\":512,\"height\":512},{\"@type\":\"BreadcrumbList\",\"@id\":\"https:\/\/talkpal.ai\/hr\/bugarska-gramatika\/#breadcrumb\",\"itemListElement\":[{\"@type\":\"ListItem\",\"position\":1,\"name\":\"Homepage\",\"item\":\"https:\/\/talkpal.ai\/hr\/\"},{\"@type\":\"ListItem\",\"position\":2,\"name\":\"Bugarska gramatika\"}]},{\"@type\":\"WebSite\",\"@id\":\"https:\/\/talkpal.ai\/hr\/#website\",\"url\":\"https:\/\/talkpal.ai\/hr\/\",\"name\":\"Talkpal\",\"description\":\"AI Language Learning\",\"publisher\":{\"@id\":\"https:\/\/talkpal.ai\/hr\/#organization\"},\"alternateName\":\"Talkpal AI\",\"potentialAction\":[{\"@type\":\"SearchAction\",\"target\":{\"@type\":\"EntryPoint\",\"urlTemplate\":\"https:\/\/talkpal.ai\/hr\/?s={search_term_string}\"},\"query-input\":{\"@type\":\"PropertyValueSpecification\",\"valueRequired\":true,\"valueName\":\"search_term_string\"}}],\"inLanguage\":\"hr\"},{\"@type\":\"Organization\",\"@id\":\"https:\/\/talkpal.ai\/hr\/#organization\",\"name\":\"Talkpal, Inc.\",\"alternateName\":\"Talkpal AI\",\"url\":\"https:\/\/talkpal.ai\/hr\/\",\"logo\":{\"@type\":\"ImageObject\",\"inLanguage\":\"hr\",\"@id\":\"https:\/\/talkpal.ai\/hr\/#\/schema\/logo\/image\/\",\"url\":\"https:\/\/talkpal.ai\/wp-content\/uploads\/2024\/03\/Talkpal-Logo-Icon.png\",\"contentUrl\":\"https:\/\/talkpal.ai\/wp-content\/uploads\/2024\/03\/Talkpal-Logo-Icon.png\",\"width\":2880,\"height\":2880,\"caption\":\"Talkpal, Inc.\"},\"image\":{\"@id\":\"https:\/\/talkpal.ai\/hr\/#\/schema\/logo\/image\/\"},\"sameAs\":[\"https:\/\/www.facebook.com\/profile.php?id=100090733639311\",\"https:\/\/x.com\/talkpalai\",\"https:\/\/www.linkedin.com\/company\/talkpal\/\",\"https:\/\/www.youtube.com\/@TalkPal\/\",\"https:\/\/www.tiktok.com\/@talkpal\",\"https:\/\/www.instagram.com\/talkpal_ai\/\",\"https:\/\/www.crunchbase.com\/organization\/talkpal-9cde\",\"https:\/\/www.g2.com\/products\/talkpal-for-business\/\",\"https:\/\/www.trustpilot.com\/review\/talkpal.ai\",\"https:\/\/www.capterra.com\/p\/10006800\/TalkPal\/\"],\"description\":\"Talkpal is a language learning web and mobile education app, powered by the latest AI technologies, that provides engaging experiences to its customers in many different languages to help them improve their language skills. Users can chat about unlimited amount of topics with the app and use other modes to practice their language learning.\",\"email\":\"support@talkpal.ai\",\"legalName\":\"Talkpal, Inc.\",\"foundingDate\":\"2023-04-03\",\"duns\":\"118989042\",\"numberOfEmployees\":{\"@type\":\"QuantitativeValue\",\"minValue\":\"11\",\"maxValue\":\"50\"},\"publishingPrinciples\":\"https:\/\/talkpal.ai\/publishing-principles\/\",\"actionableFeedbackPolicy\":\"https:\/\/talkpal.ai\/actionable-feedback-policy\/\",\"correctionsPolicy\":\"https:\/\/talkpal.ai\/corrections-policy\/\",\"ethicsPolicy\":\"https:\/\/talkpal.ai\/ethics-policy\/\",\"diversityPolicy\":\"https:\/\/talkpal.ai\/diversity-policy\/\",\"diversityStaffingReport\":\"https:\/\/talkpal.ai\/diversity-policy\/\"}]}<\/script>\n<!-- \/ Yoast SEO Premium plugin. -->","yoast_head_json":{"title":"Bugarska gramatika - Talkpal","description":"Istra\u017eite osnove bugarske gramatike za bolje razumijevanje jezika i komunikacijske vje\u0161tine.","robots":{"index":"index","follow":"follow","max-snippet":"max-snippet:-1","max-image-preview":"max-image-preview:large","max-video-preview":"max-video-preview:-1"},"canonical":"https:\/\/talkpal.ai\/hr\/bugarska-gramatika\/","og_locale":"hr_HR","og_type":"article","og_title":"Bugarska gramatika","og_description":"Ultimativni vodi\u010d za bugarsku gramatiku: Navigacija zamr\u0161eno\u0161\u0107u bogatog jezika Bugarska gramatika, kao i sam jezik, fascinantan je spoj jednostavnosti,","og_url":"https:\/\/talkpal.ai\/hr\/bugarska-gramatika\/","og_site_name":"Talkpal","article_publisher":"https:\/\/www.facebook.com\/profile.php?id=100090733639311","article_modified_time":"2025-05-22T14:36:50+00:00","og_image":[{"width":512,"height":512,"url":"https:\/\/talkpal.ai\/wp-content\/uploads\/2023\/05\/bulgaria.png","type":"image\/png"}],"twitter_card":"summary_large_image","twitter_site":"@talkpalai","twitter_misc":{"Procijenjeno vrijeme \u010ditanja":"3 minute"},"schema":{"@context":"https:\/\/schema.org","@graph":[{"@type":"WebPage","@id":"https:\/\/talkpal.ai\/hr\/bugarska-gramatika\/","url":"https:\/\/talkpal.ai\/hr\/bugarska-gramatika\/","name":"Bugarska gramatika - Talkpal","isPartOf":{"@id":"https:\/\/talkpal.ai\/hr\/#website"},"primaryImageOfPage":{"@id":"https:\/\/talkpal.ai\/hr\/bugarska-gramatika\/#primaryimage"},"image":{"@id":"https:\/\/talkpal.ai\/hr\/bugarska-gramatika\/#primaryimage"},"thumbnailUrl":"https:\/\/talkpal.ai\/wp-content\/uploads\/2023\/05\/bulgaria.png","datePublished":"2023-05-14T14:00:39+00:00","dateModified":"2025-05-22T14:36:50+00:00","description":"Istra\u017eite osnove bugarske gramatike za bolje razumijevanje jezika i komunikacijske vje\u0161tine.","breadcrumb":{"@id":"https:\/\/talkpal.ai\/hr\/bugarska-gramatika\/#breadcrumb"},"inLanguage":"hr","potentialAction":[{"@type":"ReadAction","target":["https:\/\/talkpal.ai\/hr\/bugarska-gramatika\/"]}]},{"@type":"ImageObject","inLanguage":"hr","@id":"https:\/\/talkpal.ai\/hr\/bugarska-gramatika\/#primaryimage","url":"https:\/\/talkpal.ai\/wp-content\/uploads\/2023\/05\/bulgaria.png","contentUrl":"https:\/\/talkpal.ai\/wp-content\/uploads\/2023\/05\/bulgaria.png","width":512,"height":512},{"@type":"BreadcrumbList","@id":"https:\/\/talkpal.ai\/hr\/bugarska-gramatika\/#breadcrumb","itemListElement":[{"@type":"ListItem","position":1,"name":"Homepage","item":"https:\/\/talkpal.ai\/hr\/"},{"@type":"ListItem","position":2,"name":"Bugarska gramatika"}]},{"@type":"WebSite","@id":"https:\/\/talkpal.ai\/hr\/#website","url":"https:\/\/talkpal.ai\/hr\/","name":"Talkpal","description":"AI Language Learning","publisher":{"@id":"https:\/\/talkpal.ai\/hr\/#organization"},"alternateName":"Talkpal AI","potentialAction":[{"@type":"SearchAction","target":{"@type":"EntryPoint","urlTemplate":"https:\/\/talkpal.ai\/hr\/?s={search_term_string}"},"query-input":{"@type":"PropertyValueSpecification","valueRequired":true,"valueName":"search_term_string"}}],"inLanguage":"hr"},{"@type":"Organization","@id":"https:\/\/talkpal.ai\/hr\/#organization","name":"Talkpal, Inc.","alternateName":"Talkpal AI","url":"https:\/\/talkpal.ai\/hr\/","logo":{"@type":"ImageObject","inLanguage":"hr","@id":"https:\/\/talkpal.ai\/hr\/#\/schema\/logo\/image\/","url":"https:\/\/talkpal.ai\/wp-content\/uploads\/2024\/03\/Talkpal-Logo-Icon.png","contentUrl":"https:\/\/talkpal.ai\/wp-content\/uploads\/2024\/03\/Talkpal-Logo-Icon.png","width":2880,"height":2880,"caption":"Talkpal, Inc."},"image":{"@id":"https:\/\/talkpal.ai\/hr\/#\/schema\/logo\/image\/"},"sameAs":["https:\/\/www.facebook.com\/profile.php?id=100090733639311","https:\/\/x.com\/talkpalai","https:\/\/www.linkedin.com\/company\/talkpal\/","https:\/\/www.youtube.com\/@TalkPal\/","https:\/\/www.tiktok.com\/@talkpal","https:\/\/www.instagram.com\/talkpal_ai\/","https:\/\/www.crunchbase.com\/organization\/talkpal-9cde","https:\/\/www.g2.com\/products\/talkpal-for-business\/","https:\/\/www.trustpilot.com\/review\/talkpal.ai","https:\/\/www.capterra.com\/p\/10006800\/TalkPal\/"],"description":"Talkpal is a language learning web and mobile education app, powered by the latest AI technologies, that provides engaging experiences to its customers in many different languages to help them improve their language skills. Users can chat about unlimited amount of topics with the app and use other modes to practice their language learning.","email":"support@talkpal.ai","legalName":"Talkpal, Inc.","foundingDate":"2023-04-03","duns":"118989042","numberOfEmployees":{"@type":"QuantitativeValue","minValue":"11","maxValue":"50"},"publishingPrinciples":"https:\/\/talkpal.ai\/publishing-principles\/","actionableFeedbackPolicy":"https:\/\/talkpal.ai\/actionable-feedback-policy\/","correctionsPolicy":"https:\/\/talkpal.ai\/corrections-policy\/","ethicsPolicy":"https:\/\/talkpal.ai\/ethics-policy\/","diversityPolicy":"https:\/\/talkpal.ai\/diversity-policy\/","diversityStaffingReport":"https:\/\/talkpal.ai\/diversity-policy\/"}]}},"_links":{"self":[{"href":"https:\/\/talkpal.ai\/hr\/wp-json\/wp\/v2\/pages\/141634","targetHints":{"allow":["GET"]}}],"collection":[{"href":"https:\/\/talkpal.ai\/hr\/wp-json\/wp\/v2\/pages"}],"about":[{"href":"https:\/\/talkpal.ai\/hr\/wp-json\/wp\/v2\/types\/page"}],"author":[{"embeddable":true,"href":"https:\/\/talkpal.ai\/hr\/wp-json\/wp\/v2\/users\/1"}],"replies":[{"embeddable":true,"href":"https:\/\/talkpal.ai\/hr\/wp-json\/wp\/v2\/comments?post=141634"}],"version-history":[{"count":0,"href":"https:\/\/talkpal.ai\/hr\/wp-json\/wp\/v2\/pages\/141634\/revisions"}],"wp:featuredmedia":[{"embeddable":true,"href":"https:\/\/talkpal.ai\/hr\/wp-json\/wp\/v2\/media\/111124"}],"wp:attachment":[{"href":"https:\/\/talkpal.ai\/hr\/wp-json\/wp\/v2\/media?parent=141634"}],"curies":[{"name":"wp","href":"https:\/\/api.w.org\/{rel}","templated":true}]}}