{"id":141300,"date":"2023-05-14T14:00:03","date_gmt":"2023-05-14T14:00:03","guid":{"rendered":"http:\/\/talkpal.ai\/bosanska-gramatika\/"},"modified":"2025-05-22T14:41:36","modified_gmt":"2025-05-22T14:41:36","slug":"bosanska-gramatika","status":"publish","type":"page","link":"https:\/\/talkpal.ai\/hr\/bosanska-gramatika\/","title":{"rendered":"Bosanska gramatika"},"content":{"rendered":"\r\n\r\n\r\n<section class=\"languageChallengeSection\">\r\n    <div class=\"languageInfoWrapper\">\r\n        \r\n        <h1>Bosanska gramatika<\/h1>\r\n        <p>Otkrijte bogati i ekspresivni svijet bosanskog jezika savladavaju\u0107i njegove gramati\u010dke osnove. Dobro poznavanje bosanske gramatike pomo\u0107i \u0107e vam da samouvjereno komunicirate i dublje cijenite kulturu. Po\u010dnite u\u010diti bosansku gramatiku ve\u0107 danas i napravite prvi korak prema te\u010dnom govoru!<\/p>\r\n\r\n                            <a class=\"getStartedHidden\" href=\"https:\/\/app.talkpal.ai\/hr\/signup?lng=\">Zapo\u010dni<\/a>\r\n        \r\n    <\/div>\r\n\r\n    <figure>\r\n    <img decoding=\"async\" width=\"768\" height=\"768\" src=\"https:\/\/talkpal.ai\/wp-content\/uploads\/2023\/06\/bosinian-768x768.png\" class=\"languageImage no-lazy\" alt=\"Language learning for increasing employability\" fetchpriority=\"high\" sizes=\"(max-width: 768px) 150px, 768px\" srcset=\"https:\/\/talkpal.ai\/wp-content\/uploads\/2023\/06\/bosinian-768x768.png 768w, https:\/\/talkpal.ai\/wp-content\/uploads\/2023\/06\/bosinian-300x300.png 300w\" \/>\r\n    \r\n\r\n    <\/figure>\r\n\r\n            <a class=\"getStartedVisible\" href=\"https:\/\/app.talkpal.ai\/hr\/signup?lng=\">Zapo\u010dni<\/a>\r\n    \r\n<\/section>\r\n<section class=\"promotionalBanner\">\r\n    <p class=\"promotionalText\">Naju\u010dinkovitiji na\u010din u\u010denja jezika<\/p>\r\n    <a class=\"promotionalLink\" href=\"https:\/\/app.talkpal.ai\/hr\/signup?lng=\">Isprobajte Talkpal besplatno<\/a>\r\n<\/section>\n<div class=\"wp-block-group pageContainerStyle\"><div class=\"wp-block-group__inner-container is-layout-constrained wp-block-group-is-layout-constrained\">\n<h2 class=\"wp-block-heading\" id=\"h-bosnian-grammar-a-guide-to-understanding-its-unique-features\">Bosanska gramatika: Vodi\u010d za razumijevanje njegovih jedinstvenih zna\u010dajki<\/h2>\n\n\n\n<p>U\u010dite li <a href=\"https:\/\/talkpal.ai\/learn-bosnian\/\">bosanski<\/a> i zbunjujete se gramatikom tog jezika? Ne bojte se! U ovom \u0107emo \u010dlanku zaroniti u misterije gramatike bosanskog jezika i pomo\u0107i vam da razumijete njene jedinstvene zna\u010dajke, a da pritom bude jednostavan i privla\u010dan. Jeste li spremni krenuti na ovo uzbudljivo jezi\u010dno putovanje? Zapo\u010dnimo!<\/p>\n\n\n\n<h3 class=\"wp-block-heading\" id=\"h-the-fundamentals-nouns-and-pronouns\">Osnove: imenice i zamjenice<\/h3>\n\n\n\n<p>Prije svega, va\u017eno je znati da bosanski, kao i drugi slavenski jezici, ima tri gramati\u010dka roda: mu\u0161ki, \u017eenski i srednji. Kako mo\u017eete znati kojem spolu pripada imenica? To je lako! Sve je u vezi s krajem. Evo kratkog vodi\u010da:<\/p>\n\n\n\n<p><strong>\u2013 Imenice mu\u0161kog roda obi\u010dno zavr\u0161avaju na suglasnik,<\/strong><\/p>\n\n\n\n<p><strong>\u2013 Imenice \u017eenskog roda naj\u010de\u0161\u0107e zavr\u0161avaju na -a,<\/strong><\/p>\n\n\n\n<p><strong>\u2013 Imenice srednjeg roda naj\u010de\u0161\u0107e zavr\u0161avaju na -o ili -e.<\/strong><\/p>\n\n\n\n<p>Imajte na umu da su to op\u0107a pravila i mogu postojati iznimke. Sada razgovarajmo o zamjenicama. Osobne zamjenice se u bosanskom jeziku mijenjaju po rodu, broju (jednina ili mno\u017eina) i pade\u017eu imenice (o pade\u017eima kasnije). Na bosanskom postoji sedam osobnih zamjenica: ja (I), ti (ti, jednina\/neformalna), na (on), ona (ona), <a href=\"https:\/\/talkpal.ai\/locations\/language-courses-in-ono\/\">ono<\/a> (to), mi (mi) i vi (vi, mno\u017eina\/formalni). Zapamtite da bosanski ima i neformalni i formalni na\u010din obra\u0107anja ljudima \u2013 stoga obavezno koristite pravu zamjenicu kada razgovarate s nekim!<\/p>\n\n\n\n<h3 class=\"wp-block-heading\" id=\"h-next-up-verb-conjugation\">Sljede\u0107e: Konjugacija glagola<\/h3>\n\n\n\n<p>Glagoli su okosnica bilo kojeg jezika, a bosanski se ne razlikuje. Bosanski glagoli imaju dva glavna obrasca konjugacije: jedan za glagole koji zavr\u0161avaju na -ti (prva konjugacija) i drugi za one koji zavr\u0161avaju na -\u0107i (druga konjugacija). U oba slu\u010daja glagolski se nastavci mijenjaju ovisno o rodu, broju i vremenu subjekta.<\/p>\n\n\n\n<p>Govore\u0107i o vremenima, bosanski ima tri jednostavna vremena: sada\u0161njost, pro\u0161lost i budu\u0107nost. Sada\u0161nje vrijeme nastaje dodavanjem specifi\u010dnih zavr\u0161etaka glagolskom stablu. Pro\u0161lo vrijeme, s druge strane, tvori se pomo\u0107u pomo\u0107nog glagola &#8220;biti&#8221; (biti) u obliku infinitiva &#8220;bio&#8221; i participa pro\u0161log. Kona\u010dno, budu\u0107e vrijeme nastaje kombinacijom pomo\u0107nog glagola \u201chtjeti\u201d (htjeti) i infinitiva glavnog glagola.<\/p>\n\n\n\n<h3 class=\"wp-block-heading\" id=\"h-the-magic-of-cases\">Magija slu\u010dajeva<\/h3>\n\n\n\n<p><a href=\"https:\/\/talkpal.ai\/bosnian-grammar\/\">Bosanska gramatika<\/a> koristi sustav predmeta, \u0161to zna\u010di da imenice, zamjenice, pridjevi, a ponekad i glagoli mijenjaju svoje oblike prema svojoj funkciji u re\u010denici. Na bosanskom jeziku postoji sedam slu\u010dajeva: nominativni, genitivni, dativni, akuzativni, vokativni, instrumentalni i lokativni.<\/p>\n\n\n\n<p>Ne dopustite da vas ovi uvjeti zastra\u0161e! To je samo stvar prakse. Svaki slu\u010daj slu\u017ei odre\u0111enoj svrsi i odgovara na odre\u0111ena pitanja:<\/p>\n\n\n\n<p><strong>1. Nominativno:<\/strong> Predmet re\u010denice. Tko ili \u0161to radi akciju?<\/p>\n\n\n\n<p><strong>2. Genitiv:<\/strong> Ozna\u010dava posjedovanje, podrijetlo ili dio ne\u010dega. \u010ciji ili \u0161to?<\/p>\n\n\n\n<p><strong>3. Dativ:<\/strong> Neizravni objekt \u2013 kome ili za <a href=\"https:\/\/talkpal.ai\/locations\/language-courses-in-koga-2\/\">koga<\/a> je ne\u0161to dano ili u\u010dinjeno?<\/p>\n\n\n\n<p><strong>4. Akuzativ:<\/strong> Izravni objekt &#8211; tko ili \u0161to prima radnju?<\/p>\n\n\n\n<p><strong>5. Vokativno:<\/strong> Koristi se za izravno obra\u0107anje nekome ili ne\u010demu &#8211; Hej, ti!<\/p>\n\n\n\n<p><strong>6. Instrumental:<\/strong> Predstavlja sredstvo ili metodu djelovanja \u2013 s \u010dime ili od koga?<\/p>\n\n\n\n<p><strong>7. Lokativno:<\/strong> Pokazuje lokaciju ili polo\u017eaj ne\u010dega &#8211; gdje ili na \u0161to?<\/p>\n\n\n\n<h3 class=\"wp-block-heading\" id=\"h-loving-the-adjectives\">Voljeti pridjeve<\/h3>\n\n\n\n<p>Pridjevi na bosanskom jeziku sla\u017eu se s imenicom koju mijenjaju u smislu spola, broja i slu\u010daja. To zna\u010di da pridjevi, ba\u0161 kao i imenice i zamjenice, imaju razli\u010dite oblike ovisno o imenici koju opisuju.<\/p>\n\n\n\n<p>Na primjer, ako na bosanskom \u017eelite re\u0107i \u201cvelika ku\u0107a\u201d (\u0161to je imenica \u017eenskog roda), rekli biste \u201cvelika ku\u0107a\u201d. Me\u0111utim, ako govorite o &#8220;velikom automobilu&#8221; (imenica mu\u0161kog roda), rekli biste &#8220;veliki auto&#8221;.<\/p>\n\n\n\n<h3 class=\"wp-block-heading\" id=\"h-final-thoughts\">Zavr\u0161ne misli<\/h3>\n\n\n\n<p>Bosanska <a href=\"https:\/\/talkpal.ai\/sq\/gramatika\/\">gramatika<\/a>, sa svojim spolom, slu\u010dajevima i konjugacijom glagola, u po\u010detku se mo\u017ee \u010diniti slo\u017eenom, ali zapamtite: praksa \u010dini savr\u0161enim! Sve je u razumijevanju sustava i njegovoj upotrebi u situacijama stvarnog \u017eivota. Budite strpljivi, nastavite vje\u017ebati i uskoro \u0107ete shvatiti kako svladavate prekrasan <a href=\"https:\/\/talkpal.ai\/hr\/ucenje-bosanskog-jezika\/\">bosanski jezik<\/a>. Sretno! (Sretno!)<\/p>\n<\/div><\/div>\n\r\n<section class=\"learnNavigationSection\">\r\n            \r\n        <a href=\"https:\/\/talkpal.ai\/hr\/ucenje-bosanskog-jezika\/\">\r\n            <div class=\"learnNavigationWrapper\">\r\n                <div class=\"learnNavigationContent\">\r\n                    <img decoding=\"async\" src=\"https:\/\/talkpal.ai\/wp-content\/uploads\/2024\/08\/Bosnian.jpg\" alt=\"Bosnian Flag\">\r\n                    <div>\r\n                        <h4>O u\u010denju bosanskog jezika<\/h4>\r\n                        <p>Saznajte sve o bosanskoj gramatici.<\/p>\r\n                    <\/div>\r\n                <\/div>\r\n            <\/div>\r\n        <\/a>\r\n\r\n        \r\n        <a href=\"https:\/\/talkpal.ai\/hr\/bosanske-gramaticke-vjezbe\/\">\r\n            <div class=\"learnNavigationWrapper\">\r\n                <div class=\"learnNavigationContent\">\r\n                    <img decoding=\"async\" src=\"https:\/\/talkpal.ai\/wp-content\/uploads\/2024\/08\/Bosnian.jpg\" alt=\"Bosnian Flag\">\r\n                    <div>\r\n                        <h4>Vje\u017eba iz gramatike bosanskog jezika<\/h4>\r\n                        <p>Vje\u017ebajte bosansku gramatiku.<\/p>\r\n                    <\/div>\r\n                <\/div>\r\n            <\/div>\r\n        <\/a>\r\n\r\n        \r\n        <a href=\"https:\/\/talkpal.ai\/vocabulary_language\/bosnian\/\">\r\n            <div class=\"learnNavigationWrapper\">\r\n                <div class=\"learnNavigationContent\">\r\n                    <img decoding=\"async\" src=\"https:\/\/talkpal.ai\/wp-content\/uploads\/2024\/08\/Bosnian.jpg\" alt=\"Bosnian Flag\">\r\n                    <div>\r\n                        <h4>Bosanski rje\u010dnik<\/h4>\r\n                        <p>Pro\u0161irite svoj vokabular bosanskog jezika.<\/p>\r\n                    <\/div>\r\n                <\/div>\r\n            <\/div>\r\n        <\/a>\r\n\r\n            <\/section>","protected":false},"excerpt":{"rendered":"<p>Bosanska gramatika: Vodi\u010d za razumijevanje njegovih jedinstvenih zna\u010dajki U\u010dite li bosanski i zbunjujete se gramatikom tog jezika? Ne bojte se! U ovom \u0107emo \u010dlanku zaroniti u misterije gramatike bosanskog jezika i pomo\u0107i vam da razumijete njene jedinstvene zna\u010dajke, a da pritom bude jednostavan i privla\u010dan. Jeste li spremni krenuti na ovo uzbudljivo jezi\u010dno putovanje? Zapo\u010dnimo! [&hellip;]<\/p>\n","protected":false},"author":1,"featured_media":111321,"parent":0,"menu_order":0,"comment_status":"closed","ping_status":"closed","template":"LearningContentPage.php","meta":{"_acf_changed":false,"footnotes":""},"class_list":["post-141300","page","type-page","status-publish","has-post-thumbnail","hentry"],"acf":[],"yoast_head":"<!-- This site is optimized with the Yoast SEO Premium plugin v27.2 (Yoast SEO v27.2) - https:\/\/yoast.com\/product\/yoast-seo-premium-wordpress\/ -->\n<title>Bosanska gramatika - Talkpal<\/title>\n<meta name=\"description\" content=\"Savladajte bosansku gramatiku bez napora uz Talkpal , va\u0161eg jezi\u010dnog tutora s umjetnom inteligencijom. Otkrijte jednostavna obja\u0161njenja, prakti\u010dne savjete i interaktivne vje\u017ebe!\" \/>\n<meta name=\"robots\" content=\"index, follow, max-snippet:-1, max-image-preview:large, max-video-preview:-1\" \/>\n<link rel=\"canonical\" href=\"https:\/\/talkpal.ai\/hr\/bosanska-gramatika\/\" \/>\n<meta property=\"og:locale\" content=\"hr_HR\" \/>\n<meta property=\"og:type\" content=\"article\" \/>\n<meta property=\"og:title\" content=\"Bosanska gramatika\" \/>\n<meta property=\"og:description\" content=\"Bosanska gramatika: Vodi\u010d za razumijevanje njegovih jedinstvenih zna\u010dajki U\u010dite li bosanski i zbunjujete se gramatikom tog jezika? Ne bojte se! U ovom\" \/>\n<meta property=\"og:url\" content=\"https:\/\/talkpal.ai\/hr\/bosanska-gramatika\/\" \/>\n<meta property=\"og:site_name\" content=\"Talkpal\" \/>\n<meta property=\"article:publisher\" content=\"https:\/\/www.facebook.com\/profile.php?id=100090733639311\" \/>\n<meta property=\"article:modified_time\" content=\"2025-05-22T14:41:36+00:00\" \/>\n<meta property=\"og:image\" content=\"https:\/\/talkpal.ai\/wp-content\/uploads\/2023\/05\/bosnia-and-herzegovina.png\" \/>\n\t<meta property=\"og:image:width\" content=\"512\" \/>\n\t<meta property=\"og:image:height\" content=\"512\" \/>\n\t<meta property=\"og:image:type\" content=\"image\/png\" \/>\n<meta name=\"twitter:card\" content=\"summary_large_image\" \/>\n<meta name=\"twitter:site\" content=\"@talkpalai\" \/>\n<meta name=\"twitter:label1\" content=\"Procijenjeno vrijeme \u010ditanja\" \/>\n\t<meta name=\"twitter:data1\" content=\"3 minute\" \/>\n<script type=\"application\/ld+json\" class=\"yoast-schema-graph\">{\"@context\":\"https:\/\/schema.org\",\"@graph\":[{\"@type\":\"WebPage\",\"@id\":\"https:\/\/talkpal.ai\/hr\/bosanska-gramatika\/\",\"url\":\"https:\/\/talkpal.ai\/hr\/bosanska-gramatika\/\",\"name\":\"Bosanska gramatika - Talkpal\",\"isPartOf\":{\"@id\":\"https:\/\/talkpal.ai\/hr\/#website\"},\"primaryImageOfPage\":{\"@id\":\"https:\/\/talkpal.ai\/hr\/bosanska-gramatika\/#primaryimage\"},\"image\":{\"@id\":\"https:\/\/talkpal.ai\/hr\/bosanska-gramatika\/#primaryimage\"},\"thumbnailUrl\":\"https:\/\/talkpal.ai\/wp-content\/uploads\/2023\/05\/bosnia-and-herzegovina.png\",\"datePublished\":\"2023-05-14T14:00:03+00:00\",\"dateModified\":\"2025-05-22T14:41:36+00:00\",\"description\":\"Savladajte bosansku gramatiku bez napora uz Talkpal , va\u0161eg jezi\u010dnog tutora s umjetnom inteligencijom. Otkrijte jednostavna obja\u0161njenja, prakti\u010dne savjete i interaktivne vje\u017ebe!\",\"breadcrumb\":{\"@id\":\"https:\/\/talkpal.ai\/hr\/bosanska-gramatika\/#breadcrumb\"},\"inLanguage\":\"hr\",\"potentialAction\":[{\"@type\":\"ReadAction\",\"target\":[\"https:\/\/talkpal.ai\/hr\/bosanska-gramatika\/\"]}]},{\"@type\":\"ImageObject\",\"inLanguage\":\"hr\",\"@id\":\"https:\/\/talkpal.ai\/hr\/bosanska-gramatika\/#primaryimage\",\"url\":\"https:\/\/talkpal.ai\/wp-content\/uploads\/2023\/05\/bosnia-and-herzegovina.png\",\"contentUrl\":\"https:\/\/talkpal.ai\/wp-content\/uploads\/2023\/05\/bosnia-and-herzegovina.png\",\"width\":512,\"height\":512},{\"@type\":\"BreadcrumbList\",\"@id\":\"https:\/\/talkpal.ai\/hr\/bosanska-gramatika\/#breadcrumb\",\"itemListElement\":[{\"@type\":\"ListItem\",\"position\":1,\"name\":\"Homepage\",\"item\":\"https:\/\/talkpal.ai\/hr\/\"},{\"@type\":\"ListItem\",\"position\":2,\"name\":\"Bosanska gramatika\"}]},{\"@type\":\"WebSite\",\"@id\":\"https:\/\/talkpal.ai\/hr\/#website\",\"url\":\"https:\/\/talkpal.ai\/hr\/\",\"name\":\"Talkpal\",\"description\":\"AI Language Learning\",\"publisher\":{\"@id\":\"https:\/\/talkpal.ai\/hr\/#organization\"},\"alternateName\":\"Talkpal AI\",\"potentialAction\":[{\"@type\":\"SearchAction\",\"target\":{\"@type\":\"EntryPoint\",\"urlTemplate\":\"https:\/\/talkpal.ai\/hr\/?s={search_term_string}\"},\"query-input\":{\"@type\":\"PropertyValueSpecification\",\"valueRequired\":true,\"valueName\":\"search_term_string\"}}],\"inLanguage\":\"hr\"},{\"@type\":\"Organization\",\"@id\":\"https:\/\/talkpal.ai\/hr\/#organization\",\"name\":\"Talkpal, Inc.\",\"alternateName\":\"Talkpal AI\",\"url\":\"https:\/\/talkpal.ai\/hr\/\",\"logo\":{\"@type\":\"ImageObject\",\"inLanguage\":\"hr\",\"@id\":\"https:\/\/talkpal.ai\/hr\/#\/schema\/logo\/image\/\",\"url\":\"https:\/\/talkpal.ai\/wp-content\/uploads\/2024\/03\/Talkpal-Logo-Icon.png\",\"contentUrl\":\"https:\/\/talkpal.ai\/wp-content\/uploads\/2024\/03\/Talkpal-Logo-Icon.png\",\"width\":2880,\"height\":2880,\"caption\":\"Talkpal, Inc.\"},\"image\":{\"@id\":\"https:\/\/talkpal.ai\/hr\/#\/schema\/logo\/image\/\"},\"sameAs\":[\"https:\/\/www.facebook.com\/profile.php?id=100090733639311\",\"https:\/\/x.com\/talkpalai\",\"https:\/\/www.linkedin.com\/company\/talkpal\/\",\"https:\/\/www.youtube.com\/@TalkPal\/\",\"https:\/\/www.tiktok.com\/@talkpal\",\"https:\/\/www.instagram.com\/talkpal_ai\/\",\"https:\/\/www.crunchbase.com\/organization\/talkpal-9cde\",\"https:\/\/www.g2.com\/products\/talkpal-for-business\/\",\"https:\/\/www.trustpilot.com\/review\/talkpal.ai\",\"https:\/\/www.capterra.com\/p\/10006800\/TalkPal\/\"],\"description\":\"Talkpal is a language learning web and mobile education app, powered by the latest AI technologies, that provides engaging experiences to its customers in many different languages to help them improve their language skills. Users can chat about unlimited amount of topics with the app and use other modes to practice their language learning.\",\"email\":\"support@talkpal.ai\",\"legalName\":\"Talkpal, Inc.\",\"foundingDate\":\"2023-04-03\",\"duns\":\"118989042\",\"numberOfEmployees\":{\"@type\":\"QuantitativeValue\",\"minValue\":\"11\",\"maxValue\":\"50\"},\"publishingPrinciples\":\"https:\/\/talkpal.ai\/publishing-principles\/\",\"actionableFeedbackPolicy\":\"https:\/\/talkpal.ai\/actionable-feedback-policy\/\",\"correctionsPolicy\":\"https:\/\/talkpal.ai\/corrections-policy\/\",\"ethicsPolicy\":\"https:\/\/talkpal.ai\/ethics-policy\/\",\"diversityPolicy\":\"https:\/\/talkpal.ai\/diversity-policy\/\",\"diversityStaffingReport\":\"https:\/\/talkpal.ai\/diversity-policy\/\"}]}<\/script>\n<!-- \/ Yoast SEO Premium plugin. -->","yoast_head_json":{"title":"Bosanska gramatika - Talkpal","description":"Savladajte bosansku gramatiku bez napora uz Talkpal , va\u0161eg jezi\u010dnog tutora s umjetnom inteligencijom. Otkrijte jednostavna obja\u0161njenja, prakti\u010dne savjete i interaktivne vje\u017ebe!","robots":{"index":"index","follow":"follow","max-snippet":"max-snippet:-1","max-image-preview":"max-image-preview:large","max-video-preview":"max-video-preview:-1"},"canonical":"https:\/\/talkpal.ai\/hr\/bosanska-gramatika\/","og_locale":"hr_HR","og_type":"article","og_title":"Bosanska gramatika","og_description":"Bosanska gramatika: Vodi\u010d za razumijevanje njegovih jedinstvenih zna\u010dajki U\u010dite li bosanski i zbunjujete se gramatikom tog jezika? Ne bojte se! U ovom","og_url":"https:\/\/talkpal.ai\/hr\/bosanska-gramatika\/","og_site_name":"Talkpal","article_publisher":"https:\/\/www.facebook.com\/profile.php?id=100090733639311","article_modified_time":"2025-05-22T14:41:36+00:00","og_image":[{"width":512,"height":512,"url":"https:\/\/talkpal.ai\/wp-content\/uploads\/2023\/05\/bosnia-and-herzegovina.png","type":"image\/png"}],"twitter_card":"summary_large_image","twitter_site":"@talkpalai","twitter_misc":{"Procijenjeno vrijeme \u010ditanja":"3 minute"},"schema":{"@context":"https:\/\/schema.org","@graph":[{"@type":"WebPage","@id":"https:\/\/talkpal.ai\/hr\/bosanska-gramatika\/","url":"https:\/\/talkpal.ai\/hr\/bosanska-gramatika\/","name":"Bosanska gramatika - Talkpal","isPartOf":{"@id":"https:\/\/talkpal.ai\/hr\/#website"},"primaryImageOfPage":{"@id":"https:\/\/talkpal.ai\/hr\/bosanska-gramatika\/#primaryimage"},"image":{"@id":"https:\/\/talkpal.ai\/hr\/bosanska-gramatika\/#primaryimage"},"thumbnailUrl":"https:\/\/talkpal.ai\/wp-content\/uploads\/2023\/05\/bosnia-and-herzegovina.png","datePublished":"2023-05-14T14:00:03+00:00","dateModified":"2025-05-22T14:41:36+00:00","description":"Savladajte bosansku gramatiku bez napora uz Talkpal , va\u0161eg jezi\u010dnog tutora s umjetnom inteligencijom. Otkrijte jednostavna obja\u0161njenja, prakti\u010dne savjete i interaktivne vje\u017ebe!","breadcrumb":{"@id":"https:\/\/talkpal.ai\/hr\/bosanska-gramatika\/#breadcrumb"},"inLanguage":"hr","potentialAction":[{"@type":"ReadAction","target":["https:\/\/talkpal.ai\/hr\/bosanska-gramatika\/"]}]},{"@type":"ImageObject","inLanguage":"hr","@id":"https:\/\/talkpal.ai\/hr\/bosanska-gramatika\/#primaryimage","url":"https:\/\/talkpal.ai\/wp-content\/uploads\/2023\/05\/bosnia-and-herzegovina.png","contentUrl":"https:\/\/talkpal.ai\/wp-content\/uploads\/2023\/05\/bosnia-and-herzegovina.png","width":512,"height":512},{"@type":"BreadcrumbList","@id":"https:\/\/talkpal.ai\/hr\/bosanska-gramatika\/#breadcrumb","itemListElement":[{"@type":"ListItem","position":1,"name":"Homepage","item":"https:\/\/talkpal.ai\/hr\/"},{"@type":"ListItem","position":2,"name":"Bosanska gramatika"}]},{"@type":"WebSite","@id":"https:\/\/talkpal.ai\/hr\/#website","url":"https:\/\/talkpal.ai\/hr\/","name":"Talkpal","description":"AI Language Learning","publisher":{"@id":"https:\/\/talkpal.ai\/hr\/#organization"},"alternateName":"Talkpal AI","potentialAction":[{"@type":"SearchAction","target":{"@type":"EntryPoint","urlTemplate":"https:\/\/talkpal.ai\/hr\/?s={search_term_string}"},"query-input":{"@type":"PropertyValueSpecification","valueRequired":true,"valueName":"search_term_string"}}],"inLanguage":"hr"},{"@type":"Organization","@id":"https:\/\/talkpal.ai\/hr\/#organization","name":"Talkpal, Inc.","alternateName":"Talkpal AI","url":"https:\/\/talkpal.ai\/hr\/","logo":{"@type":"ImageObject","inLanguage":"hr","@id":"https:\/\/talkpal.ai\/hr\/#\/schema\/logo\/image\/","url":"https:\/\/talkpal.ai\/wp-content\/uploads\/2024\/03\/Talkpal-Logo-Icon.png","contentUrl":"https:\/\/talkpal.ai\/wp-content\/uploads\/2024\/03\/Talkpal-Logo-Icon.png","width":2880,"height":2880,"caption":"Talkpal, Inc."},"image":{"@id":"https:\/\/talkpal.ai\/hr\/#\/schema\/logo\/image\/"},"sameAs":["https:\/\/www.facebook.com\/profile.php?id=100090733639311","https:\/\/x.com\/talkpalai","https:\/\/www.linkedin.com\/company\/talkpal\/","https:\/\/www.youtube.com\/@TalkPal\/","https:\/\/www.tiktok.com\/@talkpal","https:\/\/www.instagram.com\/talkpal_ai\/","https:\/\/www.crunchbase.com\/organization\/talkpal-9cde","https:\/\/www.g2.com\/products\/talkpal-for-business\/","https:\/\/www.trustpilot.com\/review\/talkpal.ai","https:\/\/www.capterra.com\/p\/10006800\/TalkPal\/"],"description":"Talkpal is a language learning web and mobile education app, powered by the latest AI technologies, that provides engaging experiences to its customers in many different languages to help them improve their language skills. Users can chat about unlimited amount of topics with the app and use other modes to practice their language learning.","email":"support@talkpal.ai","legalName":"Talkpal, Inc.","foundingDate":"2023-04-03","duns":"118989042","numberOfEmployees":{"@type":"QuantitativeValue","minValue":"11","maxValue":"50"},"publishingPrinciples":"https:\/\/talkpal.ai\/publishing-principles\/","actionableFeedbackPolicy":"https:\/\/talkpal.ai\/actionable-feedback-policy\/","correctionsPolicy":"https:\/\/talkpal.ai\/corrections-policy\/","ethicsPolicy":"https:\/\/talkpal.ai\/ethics-policy\/","diversityPolicy":"https:\/\/talkpal.ai\/diversity-policy\/","diversityStaffingReport":"https:\/\/talkpal.ai\/diversity-policy\/"}]}},"_links":{"self":[{"href":"https:\/\/talkpal.ai\/hr\/wp-json\/wp\/v2\/pages\/141300","targetHints":{"allow":["GET"]}}],"collection":[{"href":"https:\/\/talkpal.ai\/hr\/wp-json\/wp\/v2\/pages"}],"about":[{"href":"https:\/\/talkpal.ai\/hr\/wp-json\/wp\/v2\/types\/page"}],"author":[{"embeddable":true,"href":"https:\/\/talkpal.ai\/hr\/wp-json\/wp\/v2\/users\/1"}],"replies":[{"embeddable":true,"href":"https:\/\/talkpal.ai\/hr\/wp-json\/wp\/v2\/comments?post=141300"}],"version-history":[{"count":0,"href":"https:\/\/talkpal.ai\/hr\/wp-json\/wp\/v2\/pages\/141300\/revisions"}],"wp:featuredmedia":[{"embeddable":true,"href":"https:\/\/talkpal.ai\/hr\/wp-json\/wp\/v2\/media\/111321"}],"wp:attachment":[{"href":"https:\/\/talkpal.ai\/hr\/wp-json\/wp\/v2\/media?parent=141300"}],"curies":[{"name":"wp","href":"https:\/\/api.w.org\/{rel}","templated":true}]}}