{"id":141044,"date":"2023-05-14T13:59:42","date_gmt":"2023-05-14T13:59:42","guid":{"rendered":"http:\/\/talkpal.ai\/bjeloruska-gramatika\/"},"modified":"2025-05-22T13:50:03","modified_gmt":"2025-05-22T13:50:03","slug":"bjeloruska-gramatika","status":"publish","type":"page","link":"https:\/\/talkpal.ai\/hr\/bjeloruska-gramatika\/","title":{"rendered":"Bjeloruska gramatika"},"content":{"rendered":"\r\n\r\n\r\n<section class=\"languageChallengeSection\">\r\n    <div class=\"languageInfoWrapper\">\r\n        \r\n        <h1>Bjeloruska gramatika<\/h1>\r\n        <p>Otkrijte ljepotu i bogatstvo bjeloruskog jezika u\u010de\u0107i njegova osnovna gramati\u010dka pravila. Izgradnja \u010dvrstog razumijevanja bjeloruske gramatike pomo\u0107i \u0107e vam da komunicirate s povjerenjem i pove\u017eete se s bjeloruskom kulturom. Zaronite odmah i zapo\u010dnite svoje putovanje prema savladavanju bjeloruskog ve\u0107 danas!<\/p>\r\n\r\n                            <a class=\"getStartedHidden\" href=\"https:\/\/app.talkpal.ai\/hr\/signup?lng=\">Zapo\u010dni<\/a>\r\n        \r\n    <\/div>\r\n\r\n    <figure>\r\n    <img decoding=\"async\" width=\"768\" height=\"768\" src=\"https:\/\/talkpal.ai\/wp-content\/uploads\/2023\/06\/belarusian-768x768.png\" class=\"languageImage no-lazy\" alt=\"Language learning for academic excellence\" fetchpriority=\"high\" sizes=\"(max-width: 768px) 150px, 768px\" srcset=\"https:\/\/talkpal.ai\/wp-content\/uploads\/2023\/06\/belarusian-768x768.png 768w, https:\/\/talkpal.ai\/wp-content\/uploads\/2023\/06\/belarusian-300x300.png 300w\" \/>\r\n    \r\n\r\n    <\/figure>\r\n\r\n            <a class=\"getStartedVisible\" href=\"https:\/\/app.talkpal.ai\/hr\/signup?lng=\">Zapo\u010dni<\/a>\r\n    \r\n<\/section>\r\n<section class=\"promotionalBanner\">\r\n    <p class=\"promotionalText\">Naju\u010dinkovitiji na\u010din u\u010denja jezika<\/p>\r\n    <a class=\"promotionalLink\" href=\"https:\/\/app.talkpal.ai\/hr\/signup?lng=\">Isprobajte Talkpal besplatno<\/a>\r\n<\/section>\n<div class=\"wp-block-group pageContainerStyle\"><div class=\"wp-block-group__inner-container is-layout-constrained wp-block-group-is-layout-constrained\">\n<h2 class=\"wp-block-heading\" id=\"h-belarusian-grammar-a-closer-look-at-the-slavic-language-s-intricacies\">Bjeloruska gramatika: bli\u017ei pogled na zamr\u0161enosti slavenskog jezika<\/h2>\n\n\n\n<p>Jeste li nadobudni poliglot s fascinacijom slavenskim jezicima? Ili vas mo\u017eda samo zanimaju gramati\u010dke zamr\u0161enosti jezika iz ove zanimljive regije? Ako je tako, ve\u017eite se! U ovom \u0107emo \u010dlanku istra\u017eiti prekrasan svijet bjeloruske gramatike, manje poznatog, ali fascinantnog \u010dlana obitelji slavenskih jezika.<\/p>\n\n\n\n<p>Zaronimo, ho\u0107emo li?<\/p>\n\n\n\n<h3 class=\"wp-block-heading\" id=\"h-first-things-first-what-is-belarusian\">Prvo: \u0160to je bjeloruski?<\/h3>\n\n\n\n<p><a href=\"https:\/\/talkpal.ai\/learn-belarusian\/\">Bjeloruski<\/a> je slu\u017ebeni jezik Bjelorusije, zemlje bez izlaza na more smje\u0161tene u isto\u010dnoj Europi izme\u0111u Rusije, Ukrajine, Poljske, Litve i Latvije. S otprilike 7,9 milijuna govornika, <a href=\"https:\/\/talkpal.ai\/learn-belarusian\/\">bjeloruski<\/a> ima dra\u017e i za lingviste i za ljubitelje jezika. Kao slavenski jezik, bjeloruski posjeduje mnoge sli\u010dnosti s ruskim, ukrajinskim i poljskim; Me\u0111utim, tako\u0111er prihva\u0107a vlastite jedinstvene karakteristike koje ga izdvajaju od bra\u0107e i sestara.<\/p>\n\n\n\n<h3 class=\"wp-block-heading\" id=\"h-the-building-blocks-nouns-pronouns-and-cases\">Sastavni blokovi: imenice, zamjenice i slu\u010dajevi<\/h3>\n\n\n\n<p>Kao i drugi slavenski jezici, <a href=\"https:\/\/talkpal.ai\/belarusian-grammar\/\">bjeloruska gramatika<\/a> vrti se oko infleksije rije\u010di. To zna\u010di da se zavr\u0161etci rije\u010di mijenjaju u skladu s njihovom gramati\u010dkom funkcijom u re\u010denici. To je najo\u010ditije kod imenica, zamjenica i pridjeva kada se koriste u razli\u010ditim pade\u017eima. Bjeloruski ima \u0161est slu\u010dajeva, a to su sljede\u0107i:<\/p>\n\n\n\n<p><strong>1. Nominativ \u2013 ozna\u010dava subjekt re\u010denice<\/strong><\/p>\n\n\n\n<p><strong>2. Genitiv \u2013 pokazuje posjed ili objekt negacije<\/strong><\/p>\n\n\n\n<p><strong>3. Dativ \u2013 ozna\u010dava neizravni objekt re\u010denice<\/strong><\/p>\n\n\n\n<p><strong>4. Akuzativ \u2013 ozna\u010dava izravni objekt re\u010denice<\/strong><\/p>\n\n\n\n<p><strong>5. Instrumental \u2013 izri\u010de sredstvo ili na\u010din kojim se radnja vr\u0161i<\/strong><\/p>\n\n\n\n<p><strong>6. Prijedlo\u017eni ili lokativ \u2013 odre\u0111uje mjesto ili objekt prijedloga<\/strong><\/p>\n\n\n\n<p>Osim slu\u010dajeva, bjeloruske imenice imaju i tri spola (mu\u0161ki, \u017eenski i kastrirani) i dva broja (jednina i mno\u017eina). Svaka kombinacija spola i brojeva ima specifi\u010dne zavr\u0161etke u svakom slu\u010daju, zbog \u010dega je klju\u010dno zapamtiti ih kako bi se konstruirale gramati\u010dki ispravne re\u010denice.<\/p>\n\n\n\n<h3 class=\"wp-block-heading\" id=\"h-let-s-talk-verbs-tenses-aspects-and-moods\">Razgovarajmo o glagolima: vremena, aspekti i raspolo\u017eenja<\/h3>\n\n\n\n<p>Bjeloruski glagoli su \u010dudesno slo\u017eeni, puni nijansi i zamr\u0161enosti. Imaju tri vremena (pro\u0161lo, sada\u0161nje i budu\u0107e), dva aspekta (savr\u0161ena i nesavr\u0161ena), kao i tri raspolo\u017eenja (indikativna, imperativna i uvjetna). <a href=\"https:\/\/talkpal.ai\/locations\/language-courses-in-ono\/\">Ono<\/a> po \u010demu se bjeloruski glagoli izdvajaju od ostalih slavenskih jezika je njihova opse\u017ena uporaba aspekta.<\/p>\n\n\n\n<p>Aspekt se odnosi na to smatra li se radnja dovr\u0161enom (savr\u0161enom) ili teku\u0107om (nesavr\u0161enom). Mnogi glagoli dolaze u parovima koji ukazuju na razli\u010dite aspekte, \u010desto pomo\u0107u jedinstvenog prefiksa ili sufiksa. Ovladavanje aspektom klju\u010dno je za razumijevanje suptilnosti bjeloruskog jezika.<\/p>\n\n\n\n<h3 class=\"wp-block-heading\" id=\"h-adjectives-adverbs-and-other-delights\">Pridjevi, prilozi i drugi u\u017eici<\/h3>\n\n\n\n<p>Bjeloruski pridjevi sla\u017eu se s imenicama koje mijenjaju u smislu spola, broja i slu\u010daja. Oni tako\u0111er imaju komparativne i superlativne oblike za izra\u017eavanje razli\u010ditih stupnjeva kvalitete. Osim toga, mnogi su prilozi izvedeni iz pridjeva jednostavnim dodavanjem sufiksa &#8216;-a&#8217; za mu\u0161ki i &#8216;-y&#8217; za \u017eenski rod.<\/p>\n\n\n\n<p><a href=\"https:\/\/talkpal.ai\/hr\/ucenje-bjeloruskog-jezika\/\">Bjeloruski jezik<\/a> tako\u0111er sadr\u017ei fascinantan niz veznika, prijedloga, brojeva i \u010destica koji \u0107e vam pomo\u0107i u stvaranju razra\u0111enih i izra\u017eajnih re\u010denica. Uz dovoljno vje\u017ebe, uskoro \u0107ete mo\u0107i slagati svoje rije\u010di poput pravog bjeloruskog kova\u010da rije\u010di.<\/p>\n\n\n\n<h3 class=\"wp-block-heading\" id=\"h-in-closing-the-magic-of-belarusian-grammar\">Na kraju: \u010carolija bjeloruske gramatike<\/h3>\n\n\n\n<p>Na prvi pogled, <a href=\"https:\/\/talkpal.ai\/belarusian-grammar\/\">bjeloruska gramatika<\/a> mo\u017ee izgledati zastra\u0161uju\u0107e. Me\u0111utim, kako dublje ulazite u njegovu bogatu tapiseriju pade\u017ea, aspekata i drugih jezi\u010dnih \u010duda, otkrit \u0107ete jezik pun dubine, nijansi i izra\u017eajnosti. Prihva\u0107anje izazova bjeloruske gramatike ne samo da \u0107e vam pru\u017eiti bolje razumijevanje slavenske obitelji u cjelini, ve\u0107 \u0107e vam omogu\u0107iti i pristup lijepoj i \u017eivopisnoj kulturi <a href=\"https:\/\/talkpal.ai\/locations\/language-courses-in-koja\/\">koja<\/a> \u010deka va\u0161e istra\u017eivanje.<\/p>\n\n\n\n<p>Sada, naoru\u017eani novootkrivenim razumijevanjem bjeloruske gramatike, za\u0161to ne zaroniti dublje u ovaj fascinantan jezik? Tko zna\u2014mo\u017eda \u0107ete se jednog dana zate\u0107i kako \u0161etate ulicama Minska i bez napora razgovarate s lokalnim stanovni\u0161tvom na njihovom materinjem jeziku. Sretno u\u010denje!<\/p>\n<\/div><\/div>\n\r\n<section class=\"learnNavigationSection\">\r\n            \r\n        <a href=\"https:\/\/talkpal.ai\/hr\/ucenje-bjeloruskog-jezika\/\">\r\n            <div class=\"learnNavigationWrapper\">\r\n                <div class=\"learnNavigationContent\">\r\n                    <img decoding=\"async\" src=\"https:\/\/talkpal.ai\/wp-content\/uploads\/2024\/08\/Belarusian.jpg\" alt=\"Belarusian Flag\">\r\n                    <div>\r\n                        <h4>O bjeloruskom u\u010denju<\/h4>\r\n                        <p>Saznajte sve o bjeloruskoj gramatici.<\/p>\r\n                    <\/div>\r\n                <\/div>\r\n            <\/div>\r\n        <\/a>\r\n\r\n        \r\n        <a href=\"https:\/\/talkpal.ai\/hr\/bjeloruske-gramaticke-vjezbe\/\">\r\n            <div class=\"learnNavigationWrapper\">\r\n                <div class=\"learnNavigationContent\">\r\n                    <img decoding=\"async\" src=\"https:\/\/talkpal.ai\/wp-content\/uploads\/2024\/08\/Belarusian.jpg\" alt=\"Belarusian Flag\">\r\n                    <div>\r\n                        <h4>Bjeloruska gramati\u010dka vje\u017eba<\/h4>\r\n                        <p>Vje\u017ebajte bjelorusku gramatiku.<\/p>\r\n                    <\/div>\r\n                <\/div>\r\n            <\/div>\r\n        <\/a>\r\n\r\n        \r\n        <a href=\"https:\/\/talkpal.ai\/vocabulary_language\/belarusian\/\">\r\n            <div class=\"learnNavigationWrapper\">\r\n                <div class=\"learnNavigationContent\">\r\n                    <img decoding=\"async\" src=\"https:\/\/talkpal.ai\/wp-content\/uploads\/2024\/08\/Belarusian.jpg\" alt=\"Belarusian Flag\">\r\n                    <div>\r\n                        <h4>Bjeloruski rje\u010dnik<\/h4>\r\n                        <p>Pro\u0161irite svoj bjeloruski vokabular.<\/p>\r\n                    <\/div>\r\n                <\/div>\r\n            <\/div>\r\n        <\/a>\r\n\r\n            <\/section>","protected":false},"excerpt":{"rendered":"<p>Bjeloruska gramatika: bli\u017ei pogled na zamr\u0161enosti slavenskog jezika Jeste li nadobudni poliglot s fascinacijom slavenskim jezicima? Ili vas mo\u017eda samo zanimaju gramati\u010dke zamr\u0161enosti jezika iz ove zanimljive regije? Ako je tako, ve\u017eite se! U ovom \u0107emo \u010dlanku istra\u017eiti prekrasan svijet bjeloruske gramatike, manje poznatog, ali fascinantnog \u010dlana obitelji slavenskih jezika. Zaronimo, ho\u0107emo li? Prvo: \u0160to [&hellip;]<\/p>\n","protected":false},"author":1,"featured_media":110529,"parent":0,"menu_order":0,"comment_status":"closed","ping_status":"closed","template":"LearningContentPage.php","meta":{"_acf_changed":false,"footnotes":""},"class_list":["post-141044","page","type-page","status-publish","has-post-thumbnail","hentry"],"acf":[],"yoast_head":"<!-- This site is optimized with the Yoast SEO Premium plugin v27.2 (Yoast SEO v27.2) - https:\/\/yoast.com\/product\/yoast-seo-premium-wordpress\/ -->\n<title>Bjeloruska gramatika - Talkpal<\/title>\n<meta name=\"description\" content=\"Savladajte bjelorusku gramatiku bez napora uz Talkpal , va\u0161eg jezi\u010dnog tutora s umjetnom inteligencijom. Dobijte jasna obja\u0161njenja, korisne savjete i interaktivne vje\u017ebe!\" \/>\n<meta name=\"robots\" content=\"index, follow, max-snippet:-1, max-image-preview:large, max-video-preview:-1\" \/>\n<link rel=\"canonical\" href=\"https:\/\/talkpal.ai\/hr\/bjeloruska-gramatika\/\" \/>\n<meta property=\"og:locale\" content=\"hr_HR\" \/>\n<meta property=\"og:type\" content=\"article\" \/>\n<meta property=\"og:title\" content=\"Bjeloruska gramatika\" \/>\n<meta property=\"og:description\" content=\"Bjeloruska gramatika: bli\u017ei pogled na zamr\u0161enosti slavenskog jezika Jeste li nadobudni poliglot s fascinacijom slavenskim jezicima? Ili vas mo\u017eda samo\" \/>\n<meta property=\"og:url\" content=\"https:\/\/talkpal.ai\/hr\/bjeloruska-gramatika\/\" \/>\n<meta property=\"og:site_name\" content=\"Talkpal\" \/>\n<meta property=\"article:publisher\" content=\"https:\/\/www.facebook.com\/profile.php?id=100090733639311\" \/>\n<meta property=\"article:modified_time\" content=\"2025-05-22T13:50:03+00:00\" \/>\n<meta property=\"og:image\" content=\"https:\/\/talkpal.ai\/wp-content\/uploads\/2023\/05\/belarus.png\" \/>\n\t<meta property=\"og:image:width\" content=\"512\" \/>\n\t<meta property=\"og:image:height\" content=\"512\" \/>\n\t<meta property=\"og:image:type\" content=\"image\/png\" \/>\n<meta name=\"twitter:card\" content=\"summary_large_image\" \/>\n<meta name=\"twitter:site\" content=\"@talkpalai\" \/>\n<meta name=\"twitter:label1\" content=\"Procijenjeno vrijeme \u010ditanja\" \/>\n\t<meta name=\"twitter:data1\" content=\"3 minute\" \/>\n<script type=\"application\/ld+json\" class=\"yoast-schema-graph\">{\"@context\":\"https:\/\/schema.org\",\"@graph\":[{\"@type\":\"WebPage\",\"@id\":\"https:\/\/talkpal.ai\/hr\/bjeloruska-gramatika\/\",\"url\":\"https:\/\/talkpal.ai\/hr\/bjeloruska-gramatika\/\",\"name\":\"Bjeloruska gramatika - Talkpal\",\"isPartOf\":{\"@id\":\"https:\/\/talkpal.ai\/hr\/#website\"},\"primaryImageOfPage\":{\"@id\":\"https:\/\/talkpal.ai\/hr\/bjeloruska-gramatika\/#primaryimage\"},\"image\":{\"@id\":\"https:\/\/talkpal.ai\/hr\/bjeloruska-gramatika\/#primaryimage\"},\"thumbnailUrl\":\"https:\/\/talkpal.ai\/wp-content\/uploads\/2023\/05\/belarus.png\",\"datePublished\":\"2023-05-14T13:59:42+00:00\",\"dateModified\":\"2025-05-22T13:50:03+00:00\",\"description\":\"Savladajte bjelorusku gramatiku bez napora uz Talkpal , va\u0161eg jezi\u010dnog tutora s umjetnom inteligencijom. Dobijte jasna obja\u0161njenja, korisne savjete i interaktivne vje\u017ebe!\",\"breadcrumb\":{\"@id\":\"https:\/\/talkpal.ai\/hr\/bjeloruska-gramatika\/#breadcrumb\"},\"inLanguage\":\"hr\",\"potentialAction\":[{\"@type\":\"ReadAction\",\"target\":[\"https:\/\/talkpal.ai\/hr\/bjeloruska-gramatika\/\"]}]},{\"@type\":\"ImageObject\",\"inLanguage\":\"hr\",\"@id\":\"https:\/\/talkpal.ai\/hr\/bjeloruska-gramatika\/#primaryimage\",\"url\":\"https:\/\/talkpal.ai\/wp-content\/uploads\/2023\/05\/belarus.png\",\"contentUrl\":\"https:\/\/talkpal.ai\/wp-content\/uploads\/2023\/05\/belarus.png\",\"width\":512,\"height\":512},{\"@type\":\"BreadcrumbList\",\"@id\":\"https:\/\/talkpal.ai\/hr\/bjeloruska-gramatika\/#breadcrumb\",\"itemListElement\":[{\"@type\":\"ListItem\",\"position\":1,\"name\":\"Homepage\",\"item\":\"https:\/\/talkpal.ai\/hr\/\"},{\"@type\":\"ListItem\",\"position\":2,\"name\":\"Bjeloruska gramatika\"}]},{\"@type\":\"WebSite\",\"@id\":\"https:\/\/talkpal.ai\/hr\/#website\",\"url\":\"https:\/\/talkpal.ai\/hr\/\",\"name\":\"Talkpal\",\"description\":\"AI Language Learning\",\"publisher\":{\"@id\":\"https:\/\/talkpal.ai\/hr\/#organization\"},\"alternateName\":\"Talkpal AI\",\"potentialAction\":[{\"@type\":\"SearchAction\",\"target\":{\"@type\":\"EntryPoint\",\"urlTemplate\":\"https:\/\/talkpal.ai\/hr\/?s={search_term_string}\"},\"query-input\":{\"@type\":\"PropertyValueSpecification\",\"valueRequired\":true,\"valueName\":\"search_term_string\"}}],\"inLanguage\":\"hr\"},{\"@type\":\"Organization\",\"@id\":\"https:\/\/talkpal.ai\/hr\/#organization\",\"name\":\"Talkpal, Inc.\",\"alternateName\":\"Talkpal AI\",\"url\":\"https:\/\/talkpal.ai\/hr\/\",\"logo\":{\"@type\":\"ImageObject\",\"inLanguage\":\"hr\",\"@id\":\"https:\/\/talkpal.ai\/hr\/#\/schema\/logo\/image\/\",\"url\":\"https:\/\/talkpal.ai\/wp-content\/uploads\/2024\/03\/Talkpal-Logo-Icon.png\",\"contentUrl\":\"https:\/\/talkpal.ai\/wp-content\/uploads\/2024\/03\/Talkpal-Logo-Icon.png\",\"width\":2880,\"height\":2880,\"caption\":\"Talkpal, Inc.\"},\"image\":{\"@id\":\"https:\/\/talkpal.ai\/hr\/#\/schema\/logo\/image\/\"},\"sameAs\":[\"https:\/\/www.facebook.com\/profile.php?id=100090733639311\",\"https:\/\/x.com\/talkpalai\",\"https:\/\/www.linkedin.com\/company\/talkpal\/\",\"https:\/\/www.youtube.com\/@TalkPal\/\",\"https:\/\/www.tiktok.com\/@talkpal\",\"https:\/\/www.instagram.com\/talkpal_ai\/\",\"https:\/\/www.crunchbase.com\/organization\/talkpal-9cde\",\"https:\/\/www.g2.com\/products\/talkpal-for-business\/\",\"https:\/\/www.trustpilot.com\/review\/talkpal.ai\",\"https:\/\/www.capterra.com\/p\/10006800\/TalkPal\/\"],\"description\":\"Talkpal is a language learning web and mobile education app, powered by the latest AI technologies, that provides engaging experiences to its customers in many different languages to help them improve their language skills. Users can chat about unlimited amount of topics with the app and use other modes to practice their language learning.\",\"email\":\"support@talkpal.ai\",\"legalName\":\"Talkpal, Inc.\",\"foundingDate\":\"2023-04-03\",\"duns\":\"118989042\",\"numberOfEmployees\":{\"@type\":\"QuantitativeValue\",\"minValue\":\"11\",\"maxValue\":\"50\"},\"publishingPrinciples\":\"https:\/\/talkpal.ai\/publishing-principles\/\",\"actionableFeedbackPolicy\":\"https:\/\/talkpal.ai\/actionable-feedback-policy\/\",\"correctionsPolicy\":\"https:\/\/talkpal.ai\/corrections-policy\/\",\"ethicsPolicy\":\"https:\/\/talkpal.ai\/ethics-policy\/\",\"diversityPolicy\":\"https:\/\/talkpal.ai\/diversity-policy\/\",\"diversityStaffingReport\":\"https:\/\/talkpal.ai\/diversity-policy\/\"}]}<\/script>\n<!-- \/ Yoast SEO Premium plugin. -->","yoast_head_json":{"title":"Bjeloruska gramatika - Talkpal","description":"Savladajte bjelorusku gramatiku bez napora uz Talkpal , va\u0161eg jezi\u010dnog tutora s umjetnom inteligencijom. Dobijte jasna obja\u0161njenja, korisne savjete i interaktivne vje\u017ebe!","robots":{"index":"index","follow":"follow","max-snippet":"max-snippet:-1","max-image-preview":"max-image-preview:large","max-video-preview":"max-video-preview:-1"},"canonical":"https:\/\/talkpal.ai\/hr\/bjeloruska-gramatika\/","og_locale":"hr_HR","og_type":"article","og_title":"Bjeloruska gramatika","og_description":"Bjeloruska gramatika: bli\u017ei pogled na zamr\u0161enosti slavenskog jezika Jeste li nadobudni poliglot s fascinacijom slavenskim jezicima? Ili vas mo\u017eda samo","og_url":"https:\/\/talkpal.ai\/hr\/bjeloruska-gramatika\/","og_site_name":"Talkpal","article_publisher":"https:\/\/www.facebook.com\/profile.php?id=100090733639311","article_modified_time":"2025-05-22T13:50:03+00:00","og_image":[{"width":512,"height":512,"url":"https:\/\/talkpal.ai\/wp-content\/uploads\/2023\/05\/belarus.png","type":"image\/png"}],"twitter_card":"summary_large_image","twitter_site":"@talkpalai","twitter_misc":{"Procijenjeno vrijeme \u010ditanja":"3 minute"},"schema":{"@context":"https:\/\/schema.org","@graph":[{"@type":"WebPage","@id":"https:\/\/talkpal.ai\/hr\/bjeloruska-gramatika\/","url":"https:\/\/talkpal.ai\/hr\/bjeloruska-gramatika\/","name":"Bjeloruska gramatika - Talkpal","isPartOf":{"@id":"https:\/\/talkpal.ai\/hr\/#website"},"primaryImageOfPage":{"@id":"https:\/\/talkpal.ai\/hr\/bjeloruska-gramatika\/#primaryimage"},"image":{"@id":"https:\/\/talkpal.ai\/hr\/bjeloruska-gramatika\/#primaryimage"},"thumbnailUrl":"https:\/\/talkpal.ai\/wp-content\/uploads\/2023\/05\/belarus.png","datePublished":"2023-05-14T13:59:42+00:00","dateModified":"2025-05-22T13:50:03+00:00","description":"Savladajte bjelorusku gramatiku bez napora uz Talkpal , va\u0161eg jezi\u010dnog tutora s umjetnom inteligencijom. Dobijte jasna obja\u0161njenja, korisne savjete i interaktivne vje\u017ebe!","breadcrumb":{"@id":"https:\/\/talkpal.ai\/hr\/bjeloruska-gramatika\/#breadcrumb"},"inLanguage":"hr","potentialAction":[{"@type":"ReadAction","target":["https:\/\/talkpal.ai\/hr\/bjeloruska-gramatika\/"]}]},{"@type":"ImageObject","inLanguage":"hr","@id":"https:\/\/talkpal.ai\/hr\/bjeloruska-gramatika\/#primaryimage","url":"https:\/\/talkpal.ai\/wp-content\/uploads\/2023\/05\/belarus.png","contentUrl":"https:\/\/talkpal.ai\/wp-content\/uploads\/2023\/05\/belarus.png","width":512,"height":512},{"@type":"BreadcrumbList","@id":"https:\/\/talkpal.ai\/hr\/bjeloruska-gramatika\/#breadcrumb","itemListElement":[{"@type":"ListItem","position":1,"name":"Homepage","item":"https:\/\/talkpal.ai\/hr\/"},{"@type":"ListItem","position":2,"name":"Bjeloruska gramatika"}]},{"@type":"WebSite","@id":"https:\/\/talkpal.ai\/hr\/#website","url":"https:\/\/talkpal.ai\/hr\/","name":"Talkpal","description":"AI Language Learning","publisher":{"@id":"https:\/\/talkpal.ai\/hr\/#organization"},"alternateName":"Talkpal AI","potentialAction":[{"@type":"SearchAction","target":{"@type":"EntryPoint","urlTemplate":"https:\/\/talkpal.ai\/hr\/?s={search_term_string}"},"query-input":{"@type":"PropertyValueSpecification","valueRequired":true,"valueName":"search_term_string"}}],"inLanguage":"hr"},{"@type":"Organization","@id":"https:\/\/talkpal.ai\/hr\/#organization","name":"Talkpal, Inc.","alternateName":"Talkpal AI","url":"https:\/\/talkpal.ai\/hr\/","logo":{"@type":"ImageObject","inLanguage":"hr","@id":"https:\/\/talkpal.ai\/hr\/#\/schema\/logo\/image\/","url":"https:\/\/talkpal.ai\/wp-content\/uploads\/2024\/03\/Talkpal-Logo-Icon.png","contentUrl":"https:\/\/talkpal.ai\/wp-content\/uploads\/2024\/03\/Talkpal-Logo-Icon.png","width":2880,"height":2880,"caption":"Talkpal, Inc."},"image":{"@id":"https:\/\/talkpal.ai\/hr\/#\/schema\/logo\/image\/"},"sameAs":["https:\/\/www.facebook.com\/profile.php?id=100090733639311","https:\/\/x.com\/talkpalai","https:\/\/www.linkedin.com\/company\/talkpal\/","https:\/\/www.youtube.com\/@TalkPal\/","https:\/\/www.tiktok.com\/@talkpal","https:\/\/www.instagram.com\/talkpal_ai\/","https:\/\/www.crunchbase.com\/organization\/talkpal-9cde","https:\/\/www.g2.com\/products\/talkpal-for-business\/","https:\/\/www.trustpilot.com\/review\/talkpal.ai","https:\/\/www.capterra.com\/p\/10006800\/TalkPal\/"],"description":"Talkpal is a language learning web and mobile education app, powered by the latest AI technologies, that provides engaging experiences to its customers in many different languages to help them improve their language skills. Users can chat about unlimited amount of topics with the app and use other modes to practice their language learning.","email":"support@talkpal.ai","legalName":"Talkpal, Inc.","foundingDate":"2023-04-03","duns":"118989042","numberOfEmployees":{"@type":"QuantitativeValue","minValue":"11","maxValue":"50"},"publishingPrinciples":"https:\/\/talkpal.ai\/publishing-principles\/","actionableFeedbackPolicy":"https:\/\/talkpal.ai\/actionable-feedback-policy\/","correctionsPolicy":"https:\/\/talkpal.ai\/corrections-policy\/","ethicsPolicy":"https:\/\/talkpal.ai\/ethics-policy\/","diversityPolicy":"https:\/\/talkpal.ai\/diversity-policy\/","diversityStaffingReport":"https:\/\/talkpal.ai\/diversity-policy\/"}]}},"_links":{"self":[{"href":"https:\/\/talkpal.ai\/hr\/wp-json\/wp\/v2\/pages\/141044","targetHints":{"allow":["GET"]}}],"collection":[{"href":"https:\/\/talkpal.ai\/hr\/wp-json\/wp\/v2\/pages"}],"about":[{"href":"https:\/\/talkpal.ai\/hr\/wp-json\/wp\/v2\/types\/page"}],"author":[{"embeddable":true,"href":"https:\/\/talkpal.ai\/hr\/wp-json\/wp\/v2\/users\/1"}],"replies":[{"embeddable":true,"href":"https:\/\/talkpal.ai\/hr\/wp-json\/wp\/v2\/comments?post=141044"}],"version-history":[{"count":0,"href":"https:\/\/talkpal.ai\/hr\/wp-json\/wp\/v2\/pages\/141044\/revisions"}],"wp:featuredmedia":[{"embeddable":true,"href":"https:\/\/talkpal.ai\/hr\/wp-json\/wp\/v2\/media\/110529"}],"wp:attachment":[{"href":"https:\/\/talkpal.ai\/hr\/wp-json\/wp\/v2\/media?parent=141044"}],"curies":[{"name":"wp","href":"https:\/\/api.w.org\/{rel}","templated":true}]}}