{"id":140735,"date":"2023-05-14T13:59:24","date_gmt":"2023-05-14T13:59:24","guid":{"rendered":"http:\/\/talkpal.ai\/africka-gramatika\/"},"modified":"2025-05-22T19:05:27","modified_gmt":"2025-05-22T19:05:27","slug":"africka-gramatika","status":"publish","type":"page","link":"https:\/\/talkpal.ai\/hr\/africka-gramatika\/","title":{"rendered":"Afri\u010dka gramatika"},"content":{"rendered":"\r\n\r\n\r\n<section class=\"languageChallengeSection\">\r\n    <div class=\"languageInfoWrapper\">\r\n        \r\n        <h1>Afri\u010dka gramatika<\/h1>\r\n        <p>Otkrijte jednostavnu ljepotu afrikanskog jezika u\u010de\u0107i njegova osnovna gramati\u010dka pravila. Savladavanje gramatike afrikanskog jezika omogu\u0107it \u0107e vam u\u010dinkovitu komunikaciju i u\u017eivanje u bogatoj kulturi njegovih govornika. Zapo\u010dnite svoje putovanje afrikaerske gramatike ve\u0107 danas i napravite prvi korak prema te\u010dnosti!<\/p>\r\n\r\n                            <a class=\"getStartedHidden\" href=\"https:\/\/app.talkpal.ai\/hr\/signup?lng=\">Zapo\u010dni<\/a>\r\n        \r\n    <\/div>\r\n\r\n    <figure>\r\n    <img decoding=\"async\" width=\"768\" height=\"768\" src=\"https:\/\/talkpal.ai\/wp-content\/uploads\/2023\/06\/TalkPal-Afrikaans-768x768.png\" class=\"languageImage no-lazy\" alt=\"Language learning for global awareness\" fetchpriority=\"high\" sizes=\"(max-width: 768px) 150px, 768px\" srcset=\"https:\/\/talkpal.ai\/wp-content\/uploads\/2023\/06\/TalkPal-Afrikaans-768x768.png 768w, https:\/\/talkpal.ai\/wp-content\/uploads\/2023\/06\/TalkPal-Afrikaans-300x300.png 300w\" \/>\r\n    \r\n\r\n    <\/figure>\r\n\r\n            <a class=\"getStartedVisible\" href=\"https:\/\/app.talkpal.ai\/hr\/signup?lng=\">Zapo\u010dni<\/a>\r\n    \r\n<\/section>\r\n<section class=\"promotionalBanner\">\r\n    <p class=\"promotionalText\">Naju\u010dinkovitiji na\u010din u\u010denja jezika<\/p>\r\n    <a class=\"promotionalLink\" href=\"https:\/\/app.talkpal.ai\/hr\/signup?lng=\">Isprobajte Talkpal besplatno<\/a>\r\n<\/section>\n<div class=\"wp-block-group pageContainerStyle\"><div class=\"wp-block-group__inner-container is-layout-constrained wp-block-group-is-layout-constrained\">\n<h2 class=\"wp-block-heading\" id=\"h-mastering-afrikaans-grammar-your-ultimate-guide\">Ovladavanje afri\u010dkim gramatikom: Va\u0161 ultimativni vodi\u010d<\/h2>\n\n\n\n<p><strong>Goeie dag<\/strong>, jezi\u010dni entuzijasti! Jeste li spremni krenuti na putovanje u svijet afri\u010dke gramatike? Do\u0161li ste na pravo mjesto. Ispunjen lako razumljivim informacijama i razgovornim tonom, ovaj \u0107e vas \u010dlanak voditi kroz fascinantno podru\u010dje afri\u010dke gramatike. Uskoro \u0107ete mo\u0107i sastavljati re\u010denice i voditi smislene razgovore s izvornim govornicima. Dakle, po\u010dnimo!<\/p>\n\n\n\n<p><strong>Ali prvo, za\u0161to Afrikaans gramatika?<\/strong><\/p>\n\n\n\n<p>Ako u\u010dite <a href=\"https:\/\/talkpal.ai\/learn-afrikaans\/\">afrikaans<\/a>, jaka gramati\u010dka osnova klju\u010dna je za te\u010dan govor, \u010ditanje i pisanje. Dok se <a href=\"https:\/\/talkpal.ai\/sq\/gramatika\/\">gramatika<\/a> afrikaansa isprva mo\u017ee \u010diniti slo\u017eenom, relativno je jednostavna kada je rastavite na manje dijelove kojima se lak\u0161e upravlja. Dakle, zapo\u010dnimo va\u0161e putovanje prema svladavanju gramatike afrikaansa!<\/p>\n\n\n\n<h3 class=\"wp-block-heading\" id=\"h-1-nouns-gender-and-articles\">1. Imenice, spol i \u010dlanci<\/h3>\n\n\n\n<p>Za razliku od mnogih drugih jezika, afri\u010dke imenice nemaju spol, \u0161to ih \u010dini jednostavnijim za u\u010denje. Odre\u0111eni \u010dlan \u201edie\u201c (the) koristi se za sve imenice, dok su neodre\u0111eni \u010dlanovi \u201e&#8217;n\u201c ili \u201eeen\u201c (a\/an) tako\u0111er rodno neutralni.  <\/p>\n\n\n\n<p>Npr:<\/p>\n\n\n\n<p>\u2013 die hond (pas)<\/p>\n\n\n\n<p>\u2013 &#8216;n hond (pas)<\/p>\n\n\n\n<h3 class=\"wp-block-heading\" id=\"h-2-adjectives\">2. Pridjevi<\/h3>\n\n\n\n<p>U Afrikaansu pridjevi obi\u010dno prethode imenici koju mijenjaju i sla\u017eu se s imenicom u broju. Pridjevi nemaju spolni sporazum. Npr:<\/p>\n\n\n\n<p>\u2013 &#8216;n groot huis (velika ku\u0107a)<\/p>\n\n\n\n<p>\u2013 twee groot huise (dvije velike ku\u0107e)<\/p>\n\n\n\n<p>Neki pridjevi zahtijevaju dodatno &#8220;-e&#8221; kada opisuju imenicu u mno\u017eini:<\/p>\n\n\n\n<p>\u2013 &#8216;n ou man (starac)<\/p>\n\n\n\n<p>\u2013 twee ou manne (dva starca)<\/p>\n\n\n\n<h3 class=\"wp-block-heading\" id=\"h-3-verbs-and-tense\">3. Glagoli i vrijeme<\/h3>\n\n\n\n<p>Afri\u010dke glagole relativno je lako nau\u010diti jer nisu konjugirani na temelju predmeta re\u010denice. Tako\u0111er, <a href=\"https:\/\/talkpal.ai\/learn-afrikaans\/\">Afrikaans<\/a> ima manje vremena od mnogih drugih jezika. Da bismo vam dali okus afrikaans glagola, razgovarajmo o pravilnim glagolima u sada\u0161njem vremenu:<\/p>\n\n\n\n<p>\u2013 Ek <a href=\"https:\/\/talkpal.ai\/locations\/language-courses-in-leer\/\">leer<\/a> (U\u010dim)<\/p>\n\n\n\n<p>\u2013 Jy\/u leer (u\u010dite, neformalno\/formalno)<\/p>\n\n\n\n<p>\u2013 Hy\/sy\/dit leer (on\/ona\/to u\u010di)<\/p>\n\n\n\n<p>\u2013 Ons\/julle leer (mi\/vi svi u\u010dimo)<\/p>\n\n\n\n<p>\u2013 Hulle leer (oni u\u010de)<\/p>\n\n\n\n<p>Zapamtite, ovo je samo vrh ledenog brijega! Kako napredujete u u\u010denju, nai\u0107i \u0107ete na razna druga vremena i neke nepravilne glagole.<\/p>\n\n\n\n<h3 class=\"wp-block-heading\" id=\"h-4-pronouns-prepositions-and-more\">4. Zamjenice, prijedlozi i jo\u0161 mnogo toga!<\/h3>\n\n\n\n<p>Afrikaans gramatika obuhva\u0107a druge komponente kao \u0161to su zamjenice (ek, jy, hy, sy, itd.), Prijedlozi (u, op, met, itd.) i idiomatski izrazi. Dok u\u010dite jezik, morat \u0107ete savladati svaki od ovih elemenata za dobro zaokru\u017eenu te\u010dnost.<\/p>\n\n\n\n<p>Zaklju\u010dno, ovladavanje afri\u010dkom gramatikom zahtijeva upornost, praksu i strpljenje. Ali kada jednom shvatite zamr\u0161enost jezika, bit \u0107ete na dobrom putu da razgovarate s izvornim govornicima, iskusite bogatu kulturu i povijest svijeta koji govori afrikaans i produbite svoju ljubav prema jeziku. Sterkte (sretno)!<\/p>\n<\/div><\/div>\n\r\n<section class=\"learnNavigationSection\">\r\n            \r\n        <a href=\"https:\/\/talkpal.ai\/hr\/naucite-afrikaans\/\">\r\n            <div class=\"learnNavigationWrapper\">\r\n                <div class=\"learnNavigationContent\">\r\n                    <img decoding=\"async\" src=\"https:\/\/talkpal.ai\/wp-content\/uploads\/2024\/08\/Afrikaans.jpg\" alt=\"South Africa Flag\">\r\n                    <div>\r\n                        <h4>O u\u010denju afrikaansa<\/h4>\r\n                        <p>Saznajte sve o afri\u010dkoj gramatici.<\/p>\r\n                    <\/div>\r\n                <\/div>\r\n            <\/div>\r\n        <\/a>\r\n\r\n        \r\n        <a href=\"https:\/\/talkpal.ai\/hr\/africke-gramaticke-vjezbe\/\">\r\n            <div class=\"learnNavigationWrapper\">\r\n                <div class=\"learnNavigationContent\">\r\n                    <img decoding=\"async\" src=\"https:\/\/talkpal.ai\/wp-content\/uploads\/2024\/08\/Afrikaans.jpg\" alt=\"South Africa Flag\">\r\n                    <div>\r\n                        <h4>Vje\u017eba iz gramatike afrikaansa<\/h4>\r\n                        <p>Vje\u017ebajte afri\u010dku gramatiku.<\/p>\r\n                    <\/div>\r\n                <\/div>\r\n            <\/div>\r\n        <\/a>\r\n\r\n        \r\n        <a href=\"https:\/\/talkpal.ai\/vocabulary_language\/afrikaans\/\">\r\n            <div class=\"learnNavigationWrapper\">\r\n                <div class=\"learnNavigationContent\">\r\n                    <img decoding=\"async\" src=\"https:\/\/talkpal.ai\/wp-content\/uploads\/2024\/08\/Afrikaans.jpg\" alt=\"South Africa Flag\">\r\n                    <div>\r\n                        <h4>Afrikaans vokabular<\/h4>\r\n                        <p>Pro\u0161irite svoj vokabular afrikaansa.<\/p>\r\n                    <\/div>\r\n                <\/div>\r\n            <\/div>\r\n        <\/a>\r\n\r\n            <\/section>","protected":false},"excerpt":{"rendered":"<p>Ovladavanje afri\u010dkim gramatikom: Va\u0161 ultimativni vodi\u010d Goeie dag, jezi\u010dni entuzijasti! Jeste li spremni krenuti na putovanje u svijet afri\u010dke gramatike? Do\u0161li ste na pravo mjesto. Ispunjen lako razumljivim informacijama i razgovornim tonom, ovaj \u0107e vas \u010dlanak voditi kroz fascinantno podru\u010dje afri\u010dke gramatike. Uskoro \u0107ete mo\u0107i sastavljati re\u010denice i voditi smislene razgovore s izvornim govornicima. Dakle, [&hellip;]<\/p>\n","protected":false},"author":1,"featured_media":108845,"parent":0,"menu_order":0,"comment_status":"closed","ping_status":"closed","template":"LearningContentPage.php","meta":{"_acf_changed":false,"footnotes":""},"class_list":["post-140735","page","type-page","status-publish","has-post-thumbnail","hentry"],"acf":[],"yoast_head":"<!-- This site is optimized with the Yoast SEO Premium plugin v27.2 (Yoast SEO v27.2) - https:\/\/yoast.com\/product\/yoast-seo-premium-wordpress\/ -->\n<title>Afri\u010dka gramatika - Talkpal<\/title>\n<meta name=\"description\" content=\"Istra\u017eite gramatiku afrikanskog jezika uz na\u0161 vodi\u010d prilago\u0111en po\u010detnicima. Savladajte konstrukciju re\u010denica i pobolj\u0161ajte svoje konverzacijske vje\u0161tine.\" \/>\n<meta name=\"robots\" content=\"index, follow, max-snippet:-1, max-image-preview:large, max-video-preview:-1\" \/>\n<link rel=\"canonical\" href=\"https:\/\/talkpal.ai\/hr\/africka-gramatika\/\" \/>\n<meta property=\"og:locale\" content=\"hr_HR\" \/>\n<meta property=\"og:type\" content=\"article\" \/>\n<meta property=\"og:title\" content=\"Afri\u010dka gramatika\" \/>\n<meta property=\"og:description\" content=\"Ovladavanje afri\u010dkim gramatikom: Va\u0161 ultimativni vodi\u010d Goeie dag, jezi\u010dni entuzijasti! Jeste li spremni krenuti na putovanje u svijet afri\u010dke gramatike?\" \/>\n<meta property=\"og:url\" content=\"https:\/\/talkpal.ai\/hr\/africka-gramatika\/\" \/>\n<meta property=\"og:site_name\" content=\"Talkpal\" \/>\n<meta property=\"article:publisher\" content=\"https:\/\/www.facebook.com\/profile.php?id=100090733639311\" \/>\n<meta property=\"article:modified_time\" content=\"2025-05-22T19:05:27+00:00\" \/>\n<meta property=\"og:image\" content=\"https:\/\/talkpal.ai\/wp-content\/uploads\/2023\/05\/south-africa.png\" \/>\n\t<meta property=\"og:image:width\" content=\"512\" \/>\n\t<meta property=\"og:image:height\" content=\"512\" \/>\n\t<meta property=\"og:image:type\" content=\"image\/png\" \/>\n<meta name=\"twitter:card\" content=\"summary_large_image\" \/>\n<meta name=\"twitter:site\" content=\"@talkpalai\" \/>\n<meta name=\"twitter:label1\" content=\"Procijenjeno vrijeme \u010ditanja\" \/>\n\t<meta name=\"twitter:data1\" content=\"2 minute\" \/>\n<script type=\"application\/ld+json\" class=\"yoast-schema-graph\">{\"@context\":\"https:\/\/schema.org\",\"@graph\":[{\"@type\":\"WebPage\",\"@id\":\"https:\/\/talkpal.ai\/hr\/africka-gramatika\/\",\"url\":\"https:\/\/talkpal.ai\/hr\/africka-gramatika\/\",\"name\":\"Afri\u010dka gramatika - Talkpal\",\"isPartOf\":{\"@id\":\"https:\/\/talkpal.ai\/hr\/#website\"},\"primaryImageOfPage\":{\"@id\":\"https:\/\/talkpal.ai\/hr\/africka-gramatika\/#primaryimage\"},\"image\":{\"@id\":\"https:\/\/talkpal.ai\/hr\/africka-gramatika\/#primaryimage\"},\"thumbnailUrl\":\"https:\/\/talkpal.ai\/wp-content\/uploads\/2023\/05\/south-africa.png\",\"datePublished\":\"2023-05-14T13:59:24+00:00\",\"dateModified\":\"2025-05-22T19:05:27+00:00\",\"description\":\"Istra\u017eite gramatiku afrikanskog jezika uz na\u0161 vodi\u010d prilago\u0111en po\u010detnicima. Savladajte konstrukciju re\u010denica i pobolj\u0161ajte svoje konverzacijske vje\u0161tine.\",\"breadcrumb\":{\"@id\":\"https:\/\/talkpal.ai\/hr\/africka-gramatika\/#breadcrumb\"},\"inLanguage\":\"hr\",\"potentialAction\":[{\"@type\":\"ReadAction\",\"target\":[\"https:\/\/talkpal.ai\/hr\/africka-gramatika\/\"]}]},{\"@type\":\"ImageObject\",\"inLanguage\":\"hr\",\"@id\":\"https:\/\/talkpal.ai\/hr\/africka-gramatika\/#primaryimage\",\"url\":\"https:\/\/talkpal.ai\/wp-content\/uploads\/2023\/05\/south-africa.png\",\"contentUrl\":\"https:\/\/talkpal.ai\/wp-content\/uploads\/2023\/05\/south-africa.png\",\"width\":512,\"height\":512},{\"@type\":\"BreadcrumbList\",\"@id\":\"https:\/\/talkpal.ai\/hr\/africka-gramatika\/#breadcrumb\",\"itemListElement\":[{\"@type\":\"ListItem\",\"position\":1,\"name\":\"Homepage\",\"item\":\"https:\/\/talkpal.ai\/hr\/\"},{\"@type\":\"ListItem\",\"position\":2,\"name\":\"Afri\u010dka gramatika\"}]},{\"@type\":\"WebSite\",\"@id\":\"https:\/\/talkpal.ai\/hr\/#website\",\"url\":\"https:\/\/talkpal.ai\/hr\/\",\"name\":\"Talkpal\",\"description\":\"AI Language Learning\",\"publisher\":{\"@id\":\"https:\/\/talkpal.ai\/hr\/#organization\"},\"alternateName\":\"Talkpal AI\",\"potentialAction\":[{\"@type\":\"SearchAction\",\"target\":{\"@type\":\"EntryPoint\",\"urlTemplate\":\"https:\/\/talkpal.ai\/hr\/?s={search_term_string}\"},\"query-input\":{\"@type\":\"PropertyValueSpecification\",\"valueRequired\":true,\"valueName\":\"search_term_string\"}}],\"inLanguage\":\"hr\"},{\"@type\":\"Organization\",\"@id\":\"https:\/\/talkpal.ai\/hr\/#organization\",\"name\":\"Talkpal, Inc.\",\"alternateName\":\"Talkpal AI\",\"url\":\"https:\/\/talkpal.ai\/hr\/\",\"logo\":{\"@type\":\"ImageObject\",\"inLanguage\":\"hr\",\"@id\":\"https:\/\/talkpal.ai\/hr\/#\/schema\/logo\/image\/\",\"url\":\"https:\/\/talkpal.ai\/wp-content\/uploads\/2024\/03\/Talkpal-Logo-Icon.png\",\"contentUrl\":\"https:\/\/talkpal.ai\/wp-content\/uploads\/2024\/03\/Talkpal-Logo-Icon.png\",\"width\":2880,\"height\":2880,\"caption\":\"Talkpal, Inc.\"},\"image\":{\"@id\":\"https:\/\/talkpal.ai\/hr\/#\/schema\/logo\/image\/\"},\"sameAs\":[\"https:\/\/www.facebook.com\/profile.php?id=100090733639311\",\"https:\/\/x.com\/talkpalai\",\"https:\/\/www.linkedin.com\/company\/talkpal\/\",\"https:\/\/www.youtube.com\/@TalkPal\/\",\"https:\/\/www.tiktok.com\/@talkpal\",\"https:\/\/www.instagram.com\/talkpal_ai\/\",\"https:\/\/www.crunchbase.com\/organization\/talkpal-9cde\",\"https:\/\/www.g2.com\/products\/talkpal-for-business\/\",\"https:\/\/www.trustpilot.com\/review\/talkpal.ai\",\"https:\/\/www.capterra.com\/p\/10006800\/TalkPal\/\"],\"description\":\"Talkpal is a language learning web and mobile education app, powered by the latest AI technologies, that provides engaging experiences to its customers in many different languages to help them improve their language skills. Users can chat about unlimited amount of topics with the app and use other modes to practice their language learning.\",\"email\":\"support@talkpal.ai\",\"legalName\":\"Talkpal, Inc.\",\"foundingDate\":\"2023-04-03\",\"duns\":\"118989042\",\"numberOfEmployees\":{\"@type\":\"QuantitativeValue\",\"minValue\":\"11\",\"maxValue\":\"50\"},\"publishingPrinciples\":\"https:\/\/talkpal.ai\/publishing-principles\/\",\"actionableFeedbackPolicy\":\"https:\/\/talkpal.ai\/actionable-feedback-policy\/\",\"correctionsPolicy\":\"https:\/\/talkpal.ai\/corrections-policy\/\",\"ethicsPolicy\":\"https:\/\/talkpal.ai\/ethics-policy\/\",\"diversityPolicy\":\"https:\/\/talkpal.ai\/diversity-policy\/\",\"diversityStaffingReport\":\"https:\/\/talkpal.ai\/diversity-policy\/\"}]}<\/script>\n<!-- \/ Yoast SEO Premium plugin. -->","yoast_head_json":{"title":"Afri\u010dka gramatika - Talkpal","description":"Istra\u017eite gramatiku afrikanskog jezika uz na\u0161 vodi\u010d prilago\u0111en po\u010detnicima. Savladajte konstrukciju re\u010denica i pobolj\u0161ajte svoje konverzacijske vje\u0161tine.","robots":{"index":"index","follow":"follow","max-snippet":"max-snippet:-1","max-image-preview":"max-image-preview:large","max-video-preview":"max-video-preview:-1"},"canonical":"https:\/\/talkpal.ai\/hr\/africka-gramatika\/","og_locale":"hr_HR","og_type":"article","og_title":"Afri\u010dka gramatika","og_description":"Ovladavanje afri\u010dkim gramatikom: Va\u0161 ultimativni vodi\u010d Goeie dag, jezi\u010dni entuzijasti! Jeste li spremni krenuti na putovanje u svijet afri\u010dke gramatike?","og_url":"https:\/\/talkpal.ai\/hr\/africka-gramatika\/","og_site_name":"Talkpal","article_publisher":"https:\/\/www.facebook.com\/profile.php?id=100090733639311","article_modified_time":"2025-05-22T19:05:27+00:00","og_image":[{"width":512,"height":512,"url":"https:\/\/talkpal.ai\/wp-content\/uploads\/2023\/05\/south-africa.png","type":"image\/png"}],"twitter_card":"summary_large_image","twitter_site":"@talkpalai","twitter_misc":{"Procijenjeno vrijeme \u010ditanja":"2 minute"},"schema":{"@context":"https:\/\/schema.org","@graph":[{"@type":"WebPage","@id":"https:\/\/talkpal.ai\/hr\/africka-gramatika\/","url":"https:\/\/talkpal.ai\/hr\/africka-gramatika\/","name":"Afri\u010dka gramatika - Talkpal","isPartOf":{"@id":"https:\/\/talkpal.ai\/hr\/#website"},"primaryImageOfPage":{"@id":"https:\/\/talkpal.ai\/hr\/africka-gramatika\/#primaryimage"},"image":{"@id":"https:\/\/talkpal.ai\/hr\/africka-gramatika\/#primaryimage"},"thumbnailUrl":"https:\/\/talkpal.ai\/wp-content\/uploads\/2023\/05\/south-africa.png","datePublished":"2023-05-14T13:59:24+00:00","dateModified":"2025-05-22T19:05:27+00:00","description":"Istra\u017eite gramatiku afrikanskog jezika uz na\u0161 vodi\u010d prilago\u0111en po\u010detnicima. Savladajte konstrukciju re\u010denica i pobolj\u0161ajte svoje konverzacijske vje\u0161tine.","breadcrumb":{"@id":"https:\/\/talkpal.ai\/hr\/africka-gramatika\/#breadcrumb"},"inLanguage":"hr","potentialAction":[{"@type":"ReadAction","target":["https:\/\/talkpal.ai\/hr\/africka-gramatika\/"]}]},{"@type":"ImageObject","inLanguage":"hr","@id":"https:\/\/talkpal.ai\/hr\/africka-gramatika\/#primaryimage","url":"https:\/\/talkpal.ai\/wp-content\/uploads\/2023\/05\/south-africa.png","contentUrl":"https:\/\/talkpal.ai\/wp-content\/uploads\/2023\/05\/south-africa.png","width":512,"height":512},{"@type":"BreadcrumbList","@id":"https:\/\/talkpal.ai\/hr\/africka-gramatika\/#breadcrumb","itemListElement":[{"@type":"ListItem","position":1,"name":"Homepage","item":"https:\/\/talkpal.ai\/hr\/"},{"@type":"ListItem","position":2,"name":"Afri\u010dka gramatika"}]},{"@type":"WebSite","@id":"https:\/\/talkpal.ai\/hr\/#website","url":"https:\/\/talkpal.ai\/hr\/","name":"Talkpal","description":"AI Language Learning","publisher":{"@id":"https:\/\/talkpal.ai\/hr\/#organization"},"alternateName":"Talkpal AI","potentialAction":[{"@type":"SearchAction","target":{"@type":"EntryPoint","urlTemplate":"https:\/\/talkpal.ai\/hr\/?s={search_term_string}"},"query-input":{"@type":"PropertyValueSpecification","valueRequired":true,"valueName":"search_term_string"}}],"inLanguage":"hr"},{"@type":"Organization","@id":"https:\/\/talkpal.ai\/hr\/#organization","name":"Talkpal, Inc.","alternateName":"Talkpal AI","url":"https:\/\/talkpal.ai\/hr\/","logo":{"@type":"ImageObject","inLanguage":"hr","@id":"https:\/\/talkpal.ai\/hr\/#\/schema\/logo\/image\/","url":"https:\/\/talkpal.ai\/wp-content\/uploads\/2024\/03\/Talkpal-Logo-Icon.png","contentUrl":"https:\/\/talkpal.ai\/wp-content\/uploads\/2024\/03\/Talkpal-Logo-Icon.png","width":2880,"height":2880,"caption":"Talkpal, Inc."},"image":{"@id":"https:\/\/talkpal.ai\/hr\/#\/schema\/logo\/image\/"},"sameAs":["https:\/\/www.facebook.com\/profile.php?id=100090733639311","https:\/\/x.com\/talkpalai","https:\/\/www.linkedin.com\/company\/talkpal\/","https:\/\/www.youtube.com\/@TalkPal\/","https:\/\/www.tiktok.com\/@talkpal","https:\/\/www.instagram.com\/talkpal_ai\/","https:\/\/www.crunchbase.com\/organization\/talkpal-9cde","https:\/\/www.g2.com\/products\/talkpal-for-business\/","https:\/\/www.trustpilot.com\/review\/talkpal.ai","https:\/\/www.capterra.com\/p\/10006800\/TalkPal\/"],"description":"Talkpal is a language learning web and mobile education app, powered by the latest AI technologies, that provides engaging experiences to its customers in many different languages to help them improve their language skills. Users can chat about unlimited amount of topics with the app and use other modes to practice their language learning.","email":"support@talkpal.ai","legalName":"Talkpal, Inc.","foundingDate":"2023-04-03","duns":"118989042","numberOfEmployees":{"@type":"QuantitativeValue","minValue":"11","maxValue":"50"},"publishingPrinciples":"https:\/\/talkpal.ai\/publishing-principles\/","actionableFeedbackPolicy":"https:\/\/talkpal.ai\/actionable-feedback-policy\/","correctionsPolicy":"https:\/\/talkpal.ai\/corrections-policy\/","ethicsPolicy":"https:\/\/talkpal.ai\/ethics-policy\/","diversityPolicy":"https:\/\/talkpal.ai\/diversity-policy\/","diversityStaffingReport":"https:\/\/talkpal.ai\/diversity-policy\/"}]}},"_links":{"self":[{"href":"https:\/\/talkpal.ai\/hr\/wp-json\/wp\/v2\/pages\/140735","targetHints":{"allow":["GET"]}}],"collection":[{"href":"https:\/\/talkpal.ai\/hr\/wp-json\/wp\/v2\/pages"}],"about":[{"href":"https:\/\/talkpal.ai\/hr\/wp-json\/wp\/v2\/types\/page"}],"author":[{"embeddable":true,"href":"https:\/\/talkpal.ai\/hr\/wp-json\/wp\/v2\/users\/1"}],"replies":[{"embeddable":true,"href":"https:\/\/talkpal.ai\/hr\/wp-json\/wp\/v2\/comments?post=140735"}],"version-history":[{"count":0,"href":"https:\/\/talkpal.ai\/hr\/wp-json\/wp\/v2\/pages\/140735\/revisions"}],"wp:featuredmedia":[{"embeddable":true,"href":"https:\/\/talkpal.ai\/hr\/wp-json\/wp\/v2\/media\/108845"}],"wp:attachment":[{"href":"https:\/\/talkpal.ai\/hr\/wp-json\/wp\/v2\/media?parent=140735"}],"curies":[{"name":"wp","href":"https:\/\/api.w.org\/{rel}","templated":true}]}}