{"id":140090,"date":"2023-05-14T13:53:48","date_gmt":"2023-05-14T13:53:48","guid":{"rendered":"http:\/\/talkpal.ai\/azerbajdzanska-gramatika\/"},"modified":"2025-05-22T08:23:00","modified_gmt":"2025-05-22T08:23:00","slug":"azerbajdzanska-gramatika","status":"publish","type":"page","link":"https:\/\/talkpal.ai\/hr\/azerbajdzanska-gramatika\/","title":{"rendered":"Azerbajd\u017eanska gramatika"},"content":{"rendered":"\r\n\r\n\r\n<section class=\"languageChallengeSection\">\r\n    <div class=\"languageInfoWrapper\">\r\n        \r\n        <h1>Azerbajd\u017eanska gramatika<\/h1>\r\n        <p>Spremni ste otkriti ljepotu azerbejd\u017eanskog jezika? Zaronite u azerbajd\u017eansku gramatiku i otkrijte njezinu jedinstvenu strukturu, od samoglasni\u010dke harmonije do ekspresivnih glagolskih oblika. Po\u010dnite u\u010diti ve\u0107 danas i iskusite kako vam savladavanje gramatike zaista otvara put do te\u010dnog razgovora i dubljeg razumijevanja azerbajd\u017eanske kulture!<\/p>\r\n\r\n                            <a class=\"getStartedHidden\" href=\"https:\/\/app.talkpal.ai\/hr\/signup?lng=\">Zapo\u010dni<\/a>\r\n        \r\n    <\/div>\r\n\r\n    <figure>\r\n    <img decoding=\"async\" width=\"768\" height=\"768\" src=\"https:\/\/talkpal.ai\/wp-content\/uploads\/2023\/06\/azerbaijani-768x768.png\" class=\"languageImage no-lazy\" alt=\"Language learning for enhanced cognitive skills\" fetchpriority=\"high\" sizes=\"(max-width: 768px) 150px, 768px\" srcset=\"https:\/\/talkpal.ai\/wp-content\/uploads\/2023\/06\/azerbaijani-768x768.png 768w, https:\/\/talkpal.ai\/wp-content\/uploads\/2023\/06\/azerbaijani-300x300.png 300w\" \/>\r\n    \r\n\r\n    <\/figure>\r\n\r\n            <a class=\"getStartedVisible\" href=\"https:\/\/app.talkpal.ai\/hr\/signup?lng=\">Zapo\u010dni<\/a>\r\n    \r\n<\/section>\r\n<section class=\"promotionalBanner\">\r\n    <p class=\"promotionalText\">Naju\u010dinkovitiji na\u010din u\u010denja jezika<\/p>\r\n    <a class=\"promotionalLink\" href=\"https:\/\/app.talkpal.ai\/hr\/signup?lng=\">Isprobajte Talkpal besplatno<\/a>\r\n<\/section>\n<div class=\"wp-block-group pageContainerStyle\"><div class=\"wp-block-group__inner-container is-layout-constrained wp-block-group-is-layout-constrained\">\n<h2 class=\"wp-block-heading\" id=\"h-a-comprehensive-guide-to-azerbaijani-grammar\">Sveobuhvatan vodi\u010d za azerbajd\u017eansku gramatiku<\/h2>\n\n\n\n<p>Jeste li ikada razmi\u0161ljali o u\u010denju azerbajd\u017eanskog jezika? Kao slu\u017ebeni jezik Azerbajd\u017eana i kojim govore milijuni ljudi u regiji Kavkaza, <a href=\"https:\/\/talkpal.ai\/learn-azerbaijani\/\">azerbajd\u017eanski<\/a> je jedinstven i fascinantan jezik. S bogatom povije\u0161\u0107u, raznolikom kulturom i mje\u0161avinom utjecaja turskog, ruskog i perzijskog jezika, azerbajd\u017eanski pru\u017ea jedinstveno jezi\u010dno iskustvo. Ali ne bojte se, prijatelju! U ovom \u0107emo \u010dlanku otkriti \u010duda azerbajd\u017eanske gramatike, \u010dine\u0107i je dostupnom i usu\u0111ujem se re\u0107i, ugodnom za ljubitelje jezika poput vas.<\/p>\n\n\n\n<p><strong>Po\u010dnimo, mo\u017ee?<\/strong><\/p>\n\n\n\n<h3 class=\"wp-block-heading\" id=\"h-1-the-azerbaijani-alphabet-a-fusion-of-beauty-and-simplicity\">1. Azerbajd\u017eanska abeceda: spoj ljepote i jednostavnosti<\/h3>\n\n\n\n<p>Azerbajd\u017eanska abeceda temelji se na latini\u010dnom pismu, koje se sastoji od 32 slova. Ne brinite, ne\u0107ete morati de\u0161ifrirati zagonetne znakove jer vrlo podsje\u0107a na englesku abecedu. Neka slova, me\u0111utim, posjeduju jedinstvene naglaske i dijakriti\u010dke oznake koje predstavljaju specifi\u010dne azerbajd\u017eanske zvukove. \u0160to je klju\u010dno za ponijeti? Ovladavanje abecedom prvi je mali, ali bitan korak u u\u010denju jezika.<\/p>\n\n\n\n<h3 class=\"wp-block-heading\" id=\"h-2-word-order-simple-as-s-o-v\">2. Redoslijed rije\u010di: Jednostavno kao S-O-V!<\/h3>\n\n\n\n<p>Za razliku od engleskog, koji slijedi redoslijed rije\u010di subjekt-glagol-objekt (SVO), azerbajd\u017eanski je SOV jezik. To zna\u010di da \u0107ete obi\u010dno prona\u0107i subjekt na po\u010detku re\u010denice, nakon \u010dega slijedi objekt i zavr\u0161ava glagolom. Ovo bi moglo izgledati malo \u010dudno u po\u010detku, ali vjerujte mi, brzo \u0107ete se sna\u0107i! Na primjer, na engleskom ka\u017eemo \u201cI love Azerbaijan\u201d. Na azerbajd\u017eanskom bi re\u010denica bila &#8220;M\u0259n Az\u0259rbaycan\u0131 sevir\u0259m&#8221; (doslovno, &#8220;ja volim Azerbajd\u017ean&#8221;). Komad torte, <a href=\"https:\/\/talkpal.ai\/culture\/how-do-you-use-the-phrase-zar-ne-at-the-end-of-a-sentence\/\">zar ne<\/a>?<\/p>\n\n\n\n<h3 class=\"wp-block-heading\" id=\"h-3-noun-cases-a-colorful-display-of-linguistic-variety\">3. Imeni\u010dki slu\u010dajevi: \u0161areni prikaz jezi\u010dne raznolikosti<\/h3>\n\n\n\n<p>Jedna od najupe\u010datljivijih zna\u010dajki azerbajd\u017eanske gramatike su njezini imeni\u010dki slu\u010dajevi. Jezik se mo\u017ee pohvaliti sa \u0161est razli\u010ditih slu\u010dajeva, od kojih svaki slu\u017ei odre\u0111enoj funkciji. To su: nominativni, genitivni, dativni, akuzativni, lokativni i ablativni. To mo\u017eda zvu\u010di zastra\u0161uju\u0107e, ali ne bojte se! Ba\u0161 kao i slikanje slike razli\u010ditim bojama, ovi slu\u010dajevi dodaju dubinu i zna\u010denje va\u0161im re\u010denicama. Na primjer, &#8220;kitab&#8221; (knjiga) mo\u017ee se transformirati u &#8220;kitab\u0131n&#8221; (knjiga) da prenese posjedovanje. Kako se postupno upoznajete s ovim pade\u017eima, po\u010det \u0107ete cijeniti njihov zna\u010daj u jeziku.<\/p>\n\n\n\n<h3 class=\"wp-block-heading\" id=\"h-4-verb-conjugation-express-yourself-with-ease\">4. Konjugacija glagola: Izrazite se s lako\u0107om<\/h3>\n\n\n\n<p>Azerbajd\u017eanski glagoli su bogati i izra\u017eajni, omogu\u0107uju\u0107i vam da prenesete \u0161irok raspon radnji, emocija, namjera i jo\u0161 mnogo toga. Klju\u010d za svladavanje konjugacije azerbajd\u017eanskog glagola le\u017ei u razumijevanju infinitivnog oblika (osnovni, nekonjugirani oblik glagola) i raznih sufiksa koji ukazuju na vrijeme, osobu i broj. Na primjer, infinitiv \u201cg\u00f6rm\u0259k\u201d (vidjeti) mo\u017ee postati \u201cg\u00f6r\u00fcr\u0259m\u201d (vidim) ili \u201cg\u00f6rd\u00fcm\u201d (vidio sam) kroz magiju konjugacije. Vje\u017eba \u010dini savr\u0161enstvo, stoga samo nastavite i za\u010das \u0107ete postati majstor za konjugaciju glagola!<\/p>\n\n\n\n<h3 class=\"wp-block-heading\" id=\"h-5-it-s-all-about-the-context-dig-deep-into-the-azerbaijani-mindset\">5. Sve je u kontekstu: istra\u017eite azerbajd\u017eanski na\u010din razmi\u0161ljanja!<\/h3>\n\n\n\n<p>Kada po\u010dnete sastavljati re\u010denice i uranjati u azerbajd\u017eanski jezik, uvijek imajte na umu da je kontekst presudan. Azerbajd\u017eanska kultura, povijest i svjetonazor igraju veliku ulogu u oblikovanju jezika. Stoga, kako ka\u017eu, &#8220;kada ste u Rimu, radite kao Rimljani&#8221;. Zaronite u azerbajd\u017eanski na\u010din razmi\u0161ljanja kako biste stekli pravi osje\u0107aj jezika. Sura\u0111ujte s izvornim govornicima, istra\u017eite lokalnu literaturu i prihvatite idiosinkrazije jezika. Vjerujte mi, ne samo da \u0107ete pobolj\u0161ati svoje znanje jezika, ve\u0107 i ste\u0107i nezaboravna iskustva i uspomene.<\/p>\n\n\n\n<p>Zaklju\u010dno, <a href=\"https:\/\/talkpal.ai\/sq\/gramatika\/\">gramatika<\/a> azerbajd\u017eanskog bi se isprva mogla \u010diniti izazovnom, ali uz predanost, praksu i veliko zanimanje za kulturu, u trenu \u0107ete postati profesionalac! Dakle, za\u0161to \u010dekati? Zaronite i upustite se u ovu uzbudljivu jezi\u010dnu avanturu <a href=\"https:\/\/talkpal.ai\/locations\/language-courses-in-koja\/\">koja<\/a> \u0107e vas ostaviti u strahopo\u0161tovanju ljepotom i dubini azerbajd\u017eanskog jezika.<\/p>\n<\/div><\/div>\n\r\n<section class=\"learnNavigationSection\">\r\n            \r\n        <a href=\"https:\/\/talkpal.ai\/hr\/ucite-azerbajdzanski\/\">\r\n            <div class=\"learnNavigationWrapper\">\r\n                <div class=\"learnNavigationContent\">\r\n                    <img decoding=\"async\" src=\"https:\/\/talkpal.ai\/wp-content\/uploads\/2024\/08\/Azerbaijani.jpg\" alt=\"Azerbaijani Flag\">\r\n                    <div>\r\n                        <h4>O u\u010denju azerbajd\u017eanskog jezika<\/h4>\r\n                        <p>Saznajte sve o azerbajd\u017eanskoj gramatici.<\/p>\r\n                    <\/div>\r\n                <\/div>\r\n            <\/div>\r\n        <\/a>\r\n\r\n        \r\n        <a href=\"https:\/\/talkpal.ai\/hr\/azerbajdzanske-gramaticke-vjezbe\/\">\r\n            <div class=\"learnNavigationWrapper\">\r\n                <div class=\"learnNavigationContent\">\r\n                    <img decoding=\"async\" src=\"https:\/\/talkpal.ai\/wp-content\/uploads\/2024\/08\/Azerbaijani.jpg\" alt=\"Azerbaijani Flag\">\r\n                    <div>\r\n                        <h4>Vje\u017eba gramatike azerbajd\u017eanskog jezika<\/h4>\r\n                        <p>Vje\u017ebajte azerbajd\u017eansku gramatiku.<\/p>\r\n                    <\/div>\r\n                <\/div>\r\n            <\/div>\r\n        <\/a>\r\n\r\n        \r\n        <a href=\"https:\/\/talkpal.ai\/vocabulary_language\/azerbaijani\/\">\r\n            <div class=\"learnNavigationWrapper\">\r\n                <div class=\"learnNavigationContent\">\r\n                    <img decoding=\"async\" src=\"https:\/\/talkpal.ai\/wp-content\/uploads\/2024\/08\/Azerbaijani.jpg\" alt=\"Azerbaijani Flag\">\r\n                    <div>\r\n                        <h4>Azerbajd\u017eanski rje\u010dnik<\/h4>\r\n                        <p>Pro\u0161irite svoj vokabular azerbajd\u017eanskog.<\/p>\r\n                    <\/div>\r\n                <\/div>\r\n            <\/div>\r\n        <\/a>\r\n\r\n            <\/section>","protected":false},"excerpt":{"rendered":"<p>Sveobuhvatan vodi\u010d za azerbajd\u017eansku gramatiku Jeste li ikada razmi\u0161ljali o u\u010denju azerbajd\u017eanskog jezika? Kao slu\u017ebeni jezik Azerbajd\u017eana i kojim govore milijuni ljudi u regiji Kavkaza, azerbajd\u017eanski je jedinstven i fascinantan jezik. S bogatom povije\u0161\u0107u, raznolikom kulturom i mje\u0161avinom utjecaja turskog, ruskog i perzijskog jezika, azerbajd\u017eanski pru\u017ea jedinstveno jezi\u010dno iskustvo. Ali ne bojte se, prijatelju! U [&hellip;]<\/p>\n","protected":false},"author":1,"featured_media":109585,"parent":0,"menu_order":0,"comment_status":"closed","ping_status":"closed","template":"LearningContentPage.php","meta":{"_acf_changed":false,"footnotes":""},"class_list":["post-140090","page","type-page","status-publish","has-post-thumbnail","hentry"],"acf":[],"yoast_head":"<!-- This site is optimized with the Yoast SEO Premium plugin v27.2 (Yoast SEO v27.2) - https:\/\/yoast.com\/product\/yoast-seo-premium-wordpress\/ -->\n<title>Azerbajd\u017eanska gramatika - Talkpal<\/title>\n<meta name=\"description\" content=\"Savladajte azerbejd\u017eansku gramatiku bez napora uz Talkpal , va\u0161eg tutora s umjetnom inteligencijom. Otkrijte jednostavna obja\u0161njenja, interaktivne vje\u017ebe i prakti\u010dne savjete\" \/>\n<meta name=\"robots\" content=\"index, follow, max-snippet:-1, max-image-preview:large, max-video-preview:-1\" \/>\n<link rel=\"canonical\" href=\"https:\/\/talkpal.ai\/hr\/azerbajdzanska-gramatika\/\" \/>\n<meta property=\"og:locale\" content=\"hr_HR\" \/>\n<meta property=\"og:type\" content=\"article\" \/>\n<meta property=\"og:title\" content=\"Azerbajd\u017eanska gramatika\" \/>\n<meta property=\"og:description\" content=\"Sveobuhvatan vodi\u010d za azerbajd\u017eansku gramatiku Jeste li ikada razmi\u0161ljali o u\u010denju azerbajd\u017eanskog jezika? Kao slu\u017ebeni jezik Azerbajd\u017eana i kojim govore\" \/>\n<meta property=\"og:url\" content=\"https:\/\/talkpal.ai\/hr\/azerbajdzanska-gramatika\/\" \/>\n<meta property=\"og:site_name\" content=\"Talkpal\" \/>\n<meta property=\"article:publisher\" content=\"https:\/\/www.facebook.com\/profile.php?id=100090733639311\" \/>\n<meta property=\"article:modified_time\" content=\"2025-05-22T08:23:00+00:00\" \/>\n<meta property=\"og:image\" content=\"https:\/\/talkpal.ai\/wp-content\/uploads\/2023\/05\/azerbaijan.png\" \/>\n\t<meta property=\"og:image:width\" content=\"512\" \/>\n\t<meta property=\"og:image:height\" content=\"512\" \/>\n\t<meta property=\"og:image:type\" content=\"image\/png\" \/>\n<meta name=\"twitter:card\" content=\"summary_large_image\" \/>\n<meta name=\"twitter:site\" content=\"@talkpalai\" \/>\n<meta name=\"twitter:label1\" content=\"Procijenjeno vrijeme \u010ditanja\" \/>\n\t<meta name=\"twitter:data1\" content=\"3 minute\" \/>\n<script type=\"application\/ld+json\" class=\"yoast-schema-graph\">{\"@context\":\"https:\/\/schema.org\",\"@graph\":[{\"@type\":\"WebPage\",\"@id\":\"https:\/\/talkpal.ai\/hr\/azerbajdzanska-gramatika\/\",\"url\":\"https:\/\/talkpal.ai\/hr\/azerbajdzanska-gramatika\/\",\"name\":\"Azerbajd\u017eanska gramatika - Talkpal\",\"isPartOf\":{\"@id\":\"https:\/\/talkpal.ai\/hr\/#website\"},\"primaryImageOfPage\":{\"@id\":\"https:\/\/talkpal.ai\/hr\/azerbajdzanska-gramatika\/#primaryimage\"},\"image\":{\"@id\":\"https:\/\/talkpal.ai\/hr\/azerbajdzanska-gramatika\/#primaryimage\"},\"thumbnailUrl\":\"https:\/\/talkpal.ai\/wp-content\/uploads\/2023\/05\/azerbaijan.png\",\"datePublished\":\"2023-05-14T13:53:48+00:00\",\"dateModified\":\"2025-05-22T08:23:00+00:00\",\"description\":\"Savladajte azerbejd\u017eansku gramatiku bez napora uz Talkpal , va\u0161eg tutora s umjetnom inteligencijom. Otkrijte jednostavna obja\u0161njenja, interaktivne vje\u017ebe i prakti\u010dne savjete\",\"breadcrumb\":{\"@id\":\"https:\/\/talkpal.ai\/hr\/azerbajdzanska-gramatika\/#breadcrumb\"},\"inLanguage\":\"hr\",\"potentialAction\":[{\"@type\":\"ReadAction\",\"target\":[\"https:\/\/talkpal.ai\/hr\/azerbajdzanska-gramatika\/\"]}]},{\"@type\":\"ImageObject\",\"inLanguage\":\"hr\",\"@id\":\"https:\/\/talkpal.ai\/hr\/azerbajdzanska-gramatika\/#primaryimage\",\"url\":\"https:\/\/talkpal.ai\/wp-content\/uploads\/2023\/05\/azerbaijan.png\",\"contentUrl\":\"https:\/\/talkpal.ai\/wp-content\/uploads\/2023\/05\/azerbaijan.png\",\"width\":512,\"height\":512},{\"@type\":\"BreadcrumbList\",\"@id\":\"https:\/\/talkpal.ai\/hr\/azerbajdzanska-gramatika\/#breadcrumb\",\"itemListElement\":[{\"@type\":\"ListItem\",\"position\":1,\"name\":\"Homepage\",\"item\":\"https:\/\/talkpal.ai\/hr\/\"},{\"@type\":\"ListItem\",\"position\":2,\"name\":\"Azerbajd\u017eanska gramatika\"}]},{\"@type\":\"WebSite\",\"@id\":\"https:\/\/talkpal.ai\/hr\/#website\",\"url\":\"https:\/\/talkpal.ai\/hr\/\",\"name\":\"Talkpal\",\"description\":\"AI Language Learning\",\"publisher\":{\"@id\":\"https:\/\/talkpal.ai\/hr\/#organization\"},\"alternateName\":\"Talkpal AI\",\"potentialAction\":[{\"@type\":\"SearchAction\",\"target\":{\"@type\":\"EntryPoint\",\"urlTemplate\":\"https:\/\/talkpal.ai\/hr\/?s={search_term_string}\"},\"query-input\":{\"@type\":\"PropertyValueSpecification\",\"valueRequired\":true,\"valueName\":\"search_term_string\"}}],\"inLanguage\":\"hr\"},{\"@type\":\"Organization\",\"@id\":\"https:\/\/talkpal.ai\/hr\/#organization\",\"name\":\"Talkpal, Inc.\",\"alternateName\":\"Talkpal AI\",\"url\":\"https:\/\/talkpal.ai\/hr\/\",\"logo\":{\"@type\":\"ImageObject\",\"inLanguage\":\"hr\",\"@id\":\"https:\/\/talkpal.ai\/hr\/#\/schema\/logo\/image\/\",\"url\":\"https:\/\/talkpal.ai\/wp-content\/uploads\/2024\/03\/Talkpal-Logo-Icon.png\",\"contentUrl\":\"https:\/\/talkpal.ai\/wp-content\/uploads\/2024\/03\/Talkpal-Logo-Icon.png\",\"width\":2880,\"height\":2880,\"caption\":\"Talkpal, Inc.\"},\"image\":{\"@id\":\"https:\/\/talkpal.ai\/hr\/#\/schema\/logo\/image\/\"},\"sameAs\":[\"https:\/\/www.facebook.com\/profile.php?id=100090733639311\",\"https:\/\/x.com\/talkpalai\",\"https:\/\/www.linkedin.com\/company\/talkpal\/\",\"https:\/\/www.youtube.com\/@TalkPal\/\",\"https:\/\/www.tiktok.com\/@talkpal\",\"https:\/\/www.instagram.com\/talkpal_ai\/\",\"https:\/\/www.crunchbase.com\/organization\/talkpal-9cde\",\"https:\/\/www.g2.com\/products\/talkpal-for-business\/\",\"https:\/\/www.trustpilot.com\/review\/talkpal.ai\",\"https:\/\/www.capterra.com\/p\/10006800\/TalkPal\/\"],\"description\":\"Talkpal is a language learning web and mobile education app, powered by the latest AI technologies, that provides engaging experiences to its customers in many different languages to help them improve their language skills. Users can chat about unlimited amount of topics with the app and use other modes to practice their language learning.\",\"email\":\"support@talkpal.ai\",\"legalName\":\"Talkpal, Inc.\",\"foundingDate\":\"2023-04-03\",\"duns\":\"118989042\",\"numberOfEmployees\":{\"@type\":\"QuantitativeValue\",\"minValue\":\"11\",\"maxValue\":\"50\"},\"publishingPrinciples\":\"https:\/\/talkpal.ai\/publishing-principles\/\",\"actionableFeedbackPolicy\":\"https:\/\/talkpal.ai\/actionable-feedback-policy\/\",\"correctionsPolicy\":\"https:\/\/talkpal.ai\/corrections-policy\/\",\"ethicsPolicy\":\"https:\/\/talkpal.ai\/ethics-policy\/\",\"diversityPolicy\":\"https:\/\/talkpal.ai\/diversity-policy\/\",\"diversityStaffingReport\":\"https:\/\/talkpal.ai\/diversity-policy\/\"}]}<\/script>\n<!-- \/ Yoast SEO Premium plugin. -->","yoast_head_json":{"title":"Azerbajd\u017eanska gramatika - Talkpal","description":"Savladajte azerbejd\u017eansku gramatiku bez napora uz Talkpal , va\u0161eg tutora s umjetnom inteligencijom. Otkrijte jednostavna obja\u0161njenja, interaktivne vje\u017ebe i prakti\u010dne savjete","robots":{"index":"index","follow":"follow","max-snippet":"max-snippet:-1","max-image-preview":"max-image-preview:large","max-video-preview":"max-video-preview:-1"},"canonical":"https:\/\/talkpal.ai\/hr\/azerbajdzanska-gramatika\/","og_locale":"hr_HR","og_type":"article","og_title":"Azerbajd\u017eanska gramatika","og_description":"Sveobuhvatan vodi\u010d za azerbajd\u017eansku gramatiku Jeste li ikada razmi\u0161ljali o u\u010denju azerbajd\u017eanskog jezika? Kao slu\u017ebeni jezik Azerbajd\u017eana i kojim govore","og_url":"https:\/\/talkpal.ai\/hr\/azerbajdzanska-gramatika\/","og_site_name":"Talkpal","article_publisher":"https:\/\/www.facebook.com\/profile.php?id=100090733639311","article_modified_time":"2025-05-22T08:23:00+00:00","og_image":[{"width":512,"height":512,"url":"https:\/\/talkpal.ai\/wp-content\/uploads\/2023\/05\/azerbaijan.png","type":"image\/png"}],"twitter_card":"summary_large_image","twitter_site":"@talkpalai","twitter_misc":{"Procijenjeno vrijeme \u010ditanja":"3 minute"},"schema":{"@context":"https:\/\/schema.org","@graph":[{"@type":"WebPage","@id":"https:\/\/talkpal.ai\/hr\/azerbajdzanska-gramatika\/","url":"https:\/\/talkpal.ai\/hr\/azerbajdzanska-gramatika\/","name":"Azerbajd\u017eanska gramatika - Talkpal","isPartOf":{"@id":"https:\/\/talkpal.ai\/hr\/#website"},"primaryImageOfPage":{"@id":"https:\/\/talkpal.ai\/hr\/azerbajdzanska-gramatika\/#primaryimage"},"image":{"@id":"https:\/\/talkpal.ai\/hr\/azerbajdzanska-gramatika\/#primaryimage"},"thumbnailUrl":"https:\/\/talkpal.ai\/wp-content\/uploads\/2023\/05\/azerbaijan.png","datePublished":"2023-05-14T13:53:48+00:00","dateModified":"2025-05-22T08:23:00+00:00","description":"Savladajte azerbejd\u017eansku gramatiku bez napora uz Talkpal , va\u0161eg tutora s umjetnom inteligencijom. Otkrijte jednostavna obja\u0161njenja, interaktivne vje\u017ebe i prakti\u010dne savjete","breadcrumb":{"@id":"https:\/\/talkpal.ai\/hr\/azerbajdzanska-gramatika\/#breadcrumb"},"inLanguage":"hr","potentialAction":[{"@type":"ReadAction","target":["https:\/\/talkpal.ai\/hr\/azerbajdzanska-gramatika\/"]}]},{"@type":"ImageObject","inLanguage":"hr","@id":"https:\/\/talkpal.ai\/hr\/azerbajdzanska-gramatika\/#primaryimage","url":"https:\/\/talkpal.ai\/wp-content\/uploads\/2023\/05\/azerbaijan.png","contentUrl":"https:\/\/talkpal.ai\/wp-content\/uploads\/2023\/05\/azerbaijan.png","width":512,"height":512},{"@type":"BreadcrumbList","@id":"https:\/\/talkpal.ai\/hr\/azerbajdzanska-gramatika\/#breadcrumb","itemListElement":[{"@type":"ListItem","position":1,"name":"Homepage","item":"https:\/\/talkpal.ai\/hr\/"},{"@type":"ListItem","position":2,"name":"Azerbajd\u017eanska gramatika"}]},{"@type":"WebSite","@id":"https:\/\/talkpal.ai\/hr\/#website","url":"https:\/\/talkpal.ai\/hr\/","name":"Talkpal","description":"AI Language Learning","publisher":{"@id":"https:\/\/talkpal.ai\/hr\/#organization"},"alternateName":"Talkpal AI","potentialAction":[{"@type":"SearchAction","target":{"@type":"EntryPoint","urlTemplate":"https:\/\/talkpal.ai\/hr\/?s={search_term_string}"},"query-input":{"@type":"PropertyValueSpecification","valueRequired":true,"valueName":"search_term_string"}}],"inLanguage":"hr"},{"@type":"Organization","@id":"https:\/\/talkpal.ai\/hr\/#organization","name":"Talkpal, Inc.","alternateName":"Talkpal AI","url":"https:\/\/talkpal.ai\/hr\/","logo":{"@type":"ImageObject","inLanguage":"hr","@id":"https:\/\/talkpal.ai\/hr\/#\/schema\/logo\/image\/","url":"https:\/\/talkpal.ai\/wp-content\/uploads\/2024\/03\/Talkpal-Logo-Icon.png","contentUrl":"https:\/\/talkpal.ai\/wp-content\/uploads\/2024\/03\/Talkpal-Logo-Icon.png","width":2880,"height":2880,"caption":"Talkpal, Inc."},"image":{"@id":"https:\/\/talkpal.ai\/hr\/#\/schema\/logo\/image\/"},"sameAs":["https:\/\/www.facebook.com\/profile.php?id=100090733639311","https:\/\/x.com\/talkpalai","https:\/\/www.linkedin.com\/company\/talkpal\/","https:\/\/www.youtube.com\/@TalkPal\/","https:\/\/www.tiktok.com\/@talkpal","https:\/\/www.instagram.com\/talkpal_ai\/","https:\/\/www.crunchbase.com\/organization\/talkpal-9cde","https:\/\/www.g2.com\/products\/talkpal-for-business\/","https:\/\/www.trustpilot.com\/review\/talkpal.ai","https:\/\/www.capterra.com\/p\/10006800\/TalkPal\/"],"description":"Talkpal is a language learning web and mobile education app, powered by the latest AI technologies, that provides engaging experiences to its customers in many different languages to help them improve their language skills. Users can chat about unlimited amount of topics with the app and use other modes to practice their language learning.","email":"support@talkpal.ai","legalName":"Talkpal, Inc.","foundingDate":"2023-04-03","duns":"118989042","numberOfEmployees":{"@type":"QuantitativeValue","minValue":"11","maxValue":"50"},"publishingPrinciples":"https:\/\/talkpal.ai\/publishing-principles\/","actionableFeedbackPolicy":"https:\/\/talkpal.ai\/actionable-feedback-policy\/","correctionsPolicy":"https:\/\/talkpal.ai\/corrections-policy\/","ethicsPolicy":"https:\/\/talkpal.ai\/ethics-policy\/","diversityPolicy":"https:\/\/talkpal.ai\/diversity-policy\/","diversityStaffingReport":"https:\/\/talkpal.ai\/diversity-policy\/"}]}},"_links":{"self":[{"href":"https:\/\/talkpal.ai\/hr\/wp-json\/wp\/v2\/pages\/140090","targetHints":{"allow":["GET"]}}],"collection":[{"href":"https:\/\/talkpal.ai\/hr\/wp-json\/wp\/v2\/pages"}],"about":[{"href":"https:\/\/talkpal.ai\/hr\/wp-json\/wp\/v2\/types\/page"}],"author":[{"embeddable":true,"href":"https:\/\/talkpal.ai\/hr\/wp-json\/wp\/v2\/users\/1"}],"replies":[{"embeddable":true,"href":"https:\/\/talkpal.ai\/hr\/wp-json\/wp\/v2\/comments?post=140090"}],"version-history":[{"count":0,"href":"https:\/\/talkpal.ai\/hr\/wp-json\/wp\/v2\/pages\/140090\/revisions"}],"wp:featuredmedia":[{"embeddable":true,"href":"https:\/\/talkpal.ai\/hr\/wp-json\/wp\/v2\/media\/109585"}],"wp:attachment":[{"href":"https:\/\/talkpal.ai\/hr\/wp-json\/wp\/v2\/media?parent=140090"}],"curies":[{"name":"wp","href":"https:\/\/api.w.org\/{rel}","templated":true}]}}