{"id":135097,"date":"2023-06-16T10:27:33","date_gmt":"2023-06-16T10:27:33","guid":{"rendered":"http:\/\/talkpal.ai\/korejske-gramaticke-vjezbe\/"},"modified":"2025-12-17T16:50:01","modified_gmt":"2025-12-17T16:50:01","slug":"korejske-gramaticke-vjezbe","status":"publish","type":"page","link":"https:\/\/talkpal.ai\/hr\/korejske-gramaticke-vjezbe\/","title":{"rendered":"Korejske gramati\u010dke vje\u017ebe"},"content":{"rendered":"\r\n\r\n\r\n<section class=\"languageChallengeSection\">\r\n    <div class=\"languageInfoWrapper\">\r\n        \r\n        <h1>Korejske gramati\u010dke vje\u017ebe<\/h1>\r\n        <p>\u017delite li pobolj\u0161ati svoje znanje korejskog jezika? Fokusiranje na gramati\u010dke vje\u017ebe odli\u010dan je na\u010din za svladavanje re\u010deni\u010dne strukture, glagolskih zavr\u0161etaka i svakodnevnih fraza. Redovito se posvetite vje\u017ebanju <a href=\"https:\/\/talkpal.ai\/sq\/gramatika-koreane\/\">korejske gramatike<\/a> \u2013 svaka vje\u017eba vas pribli\u017eava prirodnoj i samouvjerenoj komunikaciji. Po\u010dnite danas i gledajte kako va\u0161e korejske vje\u0161tine rastu korak po korak!<\/p>\r\n\r\n                            <a class=\"getStartedHidden\" href=\"https:\/\/app.talkpal.ai\/hr\/signup?lng=\">Zapo\u010dni<\/a>\r\n        \r\n    <\/div>\r\n\r\n    <figure>\r\n    <img decoding=\"async\" width=\"768\" height=\"768\" src=\"https:\/\/talkpal.ai\/wp-content\/uploads\/2023\/06\/korean-768x768.png\" class=\"languageImage no-lazy\" alt=\"Line-by-line learning for language acquisition\" fetchpriority=\"high\" sizes=\"(max-width: 768px) 150px, 768px\" srcset=\"https:\/\/talkpal.ai\/wp-content\/uploads\/2023\/06\/korean-768x768.png 768w, https:\/\/talkpal.ai\/wp-content\/uploads\/2023\/06\/korean-300x300.png 300w\" \/>\r\n    \r\n\r\n    <\/figure>\r\n\r\n            <a class=\"getStartedVisible\" href=\"https:\/\/app.talkpal.ai\/hr\/signup?lng=\">Zapo\u010dni<\/a>\r\n    \r\n<\/section>\r\n\r\n\r\n<!-- <section class=\"grammarSection\">\r\n    <div class=\"grammarLinks\">\r\n            <\/div>\r\n<\/section> -->\r\n\r\n\r\n\r\n\r\n<section class=\"promotionalBanner\">\r\n    <p class=\"promotionalText\">Naju\u010dinkovitiji na\u010din u\u010denja jezika<\/p>\r\n    <a class=\"promotionalLink\" href=\"https:\/\/app.talkpal.ai\/hr\/signup?lng=\">Isprobajte Talkpal besplatno<\/a>\r\n<\/section>\n<div class=\"wp-block-group pageContainerStyle\"><div class=\"wp-block-group__inner-container is-layout-constrained wp-block-group-is-layout-constrained\">\n<h2 class=\"wp-block-heading\" id=\"h-korean-grammar-topics\">Korejske gramati\u010dke teme<\/h2>\n\n\n\n<p>U\u010denje korejskog jezika mo\u017ee biti uzbudljivo i korisno iskustvo jer otvara nove kulturne i profesionalne mogu\u0107nosti. <a href=\"https:\/\/talkpal.ai\/hr\/ucenje-korejskog-jezika\/\">Korejski jezik<\/a> ima bogatu povijest i govore ga milijuni ljudi \u0161irom svijeta. Jedan od klju\u010dnih aspekata u\u010denja bilo kojeg jezika je razumijevanje njegove gramatike. U slu\u010daju korejskog, <a href=\"https:\/\/talkpal.ai\/sq\/gramatika\/\">gramatika<\/a> se prili\u010dno razlikuje od mnogih zapadnih jezika, ali s pravim pristupom mo\u017ee se sustavno shvatiti. U ovom \u0107emo \u010dlanku istra\u017eiti razli\u010dite teme korejske gramatike, uklju\u010duju\u0107i vremena, glagole, imenice, \u010dlanke, zamjenice, pridjeve, priloge, prijedloge i strukturu re\u010denica. Razumijevanjem i ovladavanjem ovim konceptima bit \u0107ete na dobrom putu da postanete vje\u0161ti korejskog jezika.<\/p>\n\n\n\n<h3 class=\"wp-block-heading\" id=\"h-1-nouns\">1. Imenice:<\/h3>\n\n\n\n<p>Na korejskom, imenice su bitni gra\u0111evni blokovi re\u010denica. Oni predstavljaju ljude, mjesta, stvari ili ideje. Korejske imenice nemaju razlike u spolu ili broju, \u0161to ih \u010dini relativno jednostavnim za u\u010denje. Upoznavanje s uobi\u010dajenim korejskim imenicama pomo\u0107i \u0107e vam u izgradnji sna\u017enog temelja vokabulara.<\/p>\n\n\n\n<h3 class=\"wp-block-heading\" id=\"h-2-verbs\">2. Glagoli:<\/h3>\n\n\n\n<p><a href=\"https:\/\/talkpal.ai\/learn-korean\/\">Korejski<\/a> glagoli klju\u010dni su za preno\u0161enje radnji i stanja postojanja. Obi\u010dno dolaze na kraju re\u010denice i imaju razli\u010dite oblike ovisno o razini napetosti i pristojnosti. Razumijevanje pravila konjugacije za razli\u010dite glagolske oblike klju\u010dno je za u\u010dinkovitu komunikaciju na korejskom jeziku.<\/p>\n\n\n\n<h3 class=\"wp-block-heading\" id=\"h-3-adjectives\">3. Pridjevi:<\/h3>\n\n\n\n<p>Na korejskom se pridjevi koriste za opisivanje imenica i imaju sli\u010dna pravila konjugacije kao glagoli. Mogu se koristiti prije ili poslije imenice, a njihov se oblik mo\u017ee mijenjati ovisno o razini napetosti i pristojnosti. U\u010denje uobi\u010dajenih pridjeva i njihova uporaba pobolj\u0161at \u0107e va\u0161e opisne sposobnosti na korejskom jeziku.<\/p>\n\n\n\n<h3 class=\"wp-block-heading\" id=\"h-4-adverbs\">4. Prilozi:<\/h3>\n\n\n\n<p>Prilozi na korejskom pru\u017eaju dodatne informacije o glagolima, pridjevima ili drugim prilozima. Obi\u010dno dolaze prije rije\u010di koju mijenjaju i nemaju specifi\u010dna pravila konjugacije. Uklju\u010divanje priloga u va\u0161e korejske re\u010denice mo\u017ee dodati dubinu i nijansu va\u0161em izrazu.<\/p>\n\n\n\n<h3 class=\"wp-block-heading\" id=\"h-5-pronouns\">5. Zamjenice:<\/h3>\n\n\n\n<p>Korejske zamjenice poma\u017eu izbje\u0107i suvi\u0161nost i \u010dine re\u010denice sa\u017eetijima. Oni zamjenjuju imenice koje su ve\u0107 spomenute ili su shva\u0107ene u kontekstu. Korejske zamjenice imaju razli\u010dite oblike ovisno o dru\u0161tvenom statusu i spolu subjekta, \u0161to ih \u010dini va\u017enim aspektom jezika koji treba savladati.<\/p>\n\n\n\n<h3 class=\"wp-block-heading\" id=\"h-6-prepositions\">6. Prijedlozi:<\/h3>\n\n\n\n<p>Na korejskom se prijedlozi koriste za izra\u017eavanje odnosa izme\u0111u imenica u re\u010denici, kao \u0161to su mjesto, smjer ili posjedovanje. Za razliku od engleskog, <a href=\"https:\/\/talkpal.ai\/learn-korean\/\">korejski<\/a> prijedlozi obi\u010dno dolaze nakon imenice koju mijenjaju, tvore\u0107i jednu jedinicu <a href=\"https:\/\/talkpal.ai\/locations\/language-courses-in-koja\/\">koja<\/a> se naziva postpozicijska fraza. Razumijevanje ispravne uporabe tih \u010destica klju\u010dno je za konstruiranje koherentnih korejskih re\u010denica.<\/p>\n\n\n\n<h3 class=\"wp-block-heading\" id=\"h-7-sentence-structure\">7. Struktura re\u010denice:<\/h3>\n\n\n\n<p>Osnovna struktura korejske re\u010denice je subjekt-objekt-glagol (SOV). To zna\u010di da glagol obi\u010dno dolazi posljednji u re\u010denici, \u0161to mo\u017ee biti zna\u010dajna promjena za govornike engleskog jezika. U\u010denje pravilnog redoslijeda rije\u010di i strukture re\u010denica omogu\u0107it \u0107e vam u\u010dinkovitiju komunikaciju na korejskom jeziku.<\/p>\n\n\n\n<h3 class=\"wp-block-heading\" id=\"h-8-tenses-indicative-and-subjunctive\">8. Indikativna i konjunktivna vremena:<\/h3>\n\n\n\n<p>Korejski ima razli\u010dite glagolske oblike za izra\u017eavanje pro\u0161lih, sada\u0161njih i budu\u0107ih radnji ili stanja. Indikativno raspolo\u017eenje koristi se za izjave o \u010dinjenicama, dok konjunktivno raspolo\u017eenje prenosi nesigurnost, mogu\u0107nost ili hipotetske situacije. Ispravno prepoznavanje i kori\u0161tenje ovih glagolskih oblika klju\u010dno je za jasnu komunikaciju na korejskom jeziku.<\/p>\n\n\n\n<h3 class=\"wp-block-heading\" id=\"h-9-tense-comparison\">9. Napeta usporedba:<\/h3>\n\n\n\n<p>Usporedba doga\u0111aja u razli\u010ditim vremenskim okvirima zahtijeva razumijevanje nijansi korejske konjugacije glagola. U\u010de\u0107i kako usporediti pro\u0161le, sada\u0161nje i budu\u0107e doga\u0111aje pomo\u0107u odgovaraju\u0107ih glagolskih oblika, mo\u017eete prenijeti slo\u017eene ideje i odnose na korejskom jeziku.<\/p>\n\n\n\n<h3 class=\"wp-block-heading\" id=\"h-10-articles\">10. \u010clanci:<\/h3>\n\n\n\n<p>Za razliku od engleskog, korejski nema definitivne ili neodre\u0111ene \u010dlanke. Umjesto toga, jezik se oslanja na kontekst i upotrebu odre\u0111enih \u010destica za preno\u0161enje definitivnosti ili neodre\u0111enosti imenice. Ovladavanje tim \u010desticama omogu\u0107it \u0107e vam da se to\u010dnije izrazite na korejskom jeziku.<\/p>\n<\/div><\/div>\n\r\n<section class=\"learnNavigationSection\">\r\n            \r\n        <a href=\"https:\/\/talkpal.ai\/hr\/ucenje-korejskog-jezika\/\">\r\n            <div class=\"learnNavigationWrapper\">\r\n                <div class=\"learnNavigationContent\">\r\n                    <img decoding=\"async\" src=\"https:\/\/talkpal.ai\/wp-content\/uploads\/2024\/08\/Korean.jpg\" alt=\"Korean Flag\">\r\n                    <div>\r\n                        <h4>O korejskom u\u010denju<\/h4>\r\n                        <p>Saznajte sve o korejskoj gramatici.<\/p>\r\n                    <\/div>\r\n                <\/div>\r\n            <\/div>\r\n        <\/a>\r\n\r\n        \r\n        <a href=\"https:\/\/talkpal.ai\/hr\/korejska-gramatika\/\">\r\n            <div class=\"learnNavigationWrapper\">\r\n                <div class=\"learnNavigationContent\">\r\n                    <img decoding=\"async\" src=\"https:\/\/talkpal.ai\/wp-content\/uploads\/2024\/08\/Korean.jpg\" alt=\"Korean Flag\">\r\n                    <div>\r\n                        <h4>Lekcije korejske gramatike<\/h4>\r\n                        <p>Vje\u017ebajte korejsku gramatiku.<\/p>\r\n                    <\/div>\r\n                <\/div>\r\n            <\/div>\r\n        <\/a>\r\n\r\n        \r\n        <a href=\"https:\/\/talkpal.ai\/vocabulary_language\/korean\/\">\r\n            <div class=\"learnNavigationWrapper\">\r\n                <div class=\"learnNavigationContent\">\r\n                    <img decoding=\"async\" src=\"https:\/\/talkpal.ai\/wp-content\/uploads\/2024\/08\/Korean.jpg\" alt=\"Korean Flag\">\r\n                    <div>\r\n                        <h4>Korejski rje\u010dnik<\/h4>\r\n                        <p>Pro\u0161irite svoj korejski vokabular.<\/p>\r\n                    <\/div>\r\n                <\/div>\r\n            <\/div>\r\n        <\/a>\r\n\r\n            <\/section>","protected":false},"excerpt":{"rendered":"<p>Korejske gramati\u010dke teme U\u010denje korejskog jezika mo\u017ee biti uzbudljivo i korisno iskustvo jer otvara nove kulturne i profesionalne mogu\u0107nosti. Korejski jezik ima bogatu povijest i govore ga milijuni ljudi \u0161irom svijeta. Jedan od klju\u010dnih aspekata u\u010denja bilo kojeg jezika je razumijevanje njegove gramatike. U slu\u010daju korejskog, gramatika se prili\u010dno razlikuje od mnogih zapadnih jezika, ali [&hellip;]<\/p>\n","protected":false},"author":6,"featured_media":107511,"parent":0,"menu_order":0,"comment_status":"closed","ping_status":"closed","template":"LearningContentPage.php","meta":{"_acf_changed":false,"footnotes":""},"class_list":["post-135097","page","type-page","status-publish","has-post-thumbnail","hentry"],"acf":[],"yoast_head":"<!-- This site is optimized with the Yoast SEO Premium plugin v27.2 (Yoast SEO v27.2) - https:\/\/yoast.com\/product\/yoast-seo-premium-wordpress\/ -->\n<title>Korejske gramati\u010dke vje\u017ebe - Talkpal<\/title>\n<meta name=\"description\" content=\"Jednostavno pobolj\u0161ajte svoju korejsku gramatiku - vje\u017ebajte s interaktivnim vje\u017ebama, ovladajte jezi\u010dnim obrascima i izgradite samopouzdanje\" \/>\n<meta name=\"robots\" content=\"index, follow, max-snippet:-1, max-image-preview:large, max-video-preview:-1\" \/>\n<link rel=\"canonical\" href=\"https:\/\/talkpal.ai\/hr\/korejske-gramaticke-vjezbe\/\" \/>\n<meta property=\"og:locale\" content=\"hr_HR\" \/>\n<meta property=\"og:type\" content=\"article\" \/>\n<meta property=\"og:title\" content=\"Korejske gramati\u010dke vje\u017ebe\" \/>\n<meta property=\"og:description\" content=\"Korejske gramati\u010dke teme U\u010denje korejskog jezika mo\u017ee biti uzbudljivo i korisno iskustvo jer otvara nove kulturne i profesionalne mogu\u0107nosti. Korejski\" \/>\n<meta property=\"og:url\" content=\"https:\/\/talkpal.ai\/hr\/korejske-gramaticke-vjezbe\/\" \/>\n<meta property=\"og:site_name\" content=\"Talkpal\" \/>\n<meta property=\"article:publisher\" content=\"https:\/\/www.facebook.com\/profile.php?id=100090733639311\" \/>\n<meta property=\"article:modified_time\" content=\"2025-12-17T16:50:01+00:00\" \/>\n<meta property=\"og:image\" content=\"https:\/\/talkpal.ai\/wp-content\/uploads\/2023\/04\/south-korea.png\" \/>\n\t<meta property=\"og:image:width\" content=\"512\" \/>\n\t<meta property=\"og:image:height\" content=\"512\" \/>\n\t<meta property=\"og:image:type\" content=\"image\/png\" \/>\n<meta name=\"twitter:card\" content=\"summary_large_image\" \/>\n<meta name=\"twitter:site\" content=\"@talkpalai\" \/>\n<meta name=\"twitter:label1\" content=\"Procijenjeno vrijeme \u010ditanja\" \/>\n\t<meta name=\"twitter:data1\" content=\"3 minute\" \/>\n<script type=\"application\/ld+json\" class=\"yoast-schema-graph\">{\"@context\":\"https:\/\/schema.org\",\"@graph\":[{\"@type\":\"WebPage\",\"@id\":\"https:\/\/talkpal.ai\/hr\/korejske-gramaticke-vjezbe\/\",\"url\":\"https:\/\/talkpal.ai\/hr\/korejske-gramaticke-vjezbe\/\",\"name\":\"Korejske gramati\u010dke vje\u017ebe - Talkpal\",\"isPartOf\":{\"@id\":\"https:\/\/talkpal.ai\/hr\/#website\"},\"primaryImageOfPage\":{\"@id\":\"https:\/\/talkpal.ai\/hr\/korejske-gramaticke-vjezbe\/#primaryimage\"},\"image\":{\"@id\":\"https:\/\/talkpal.ai\/hr\/korejske-gramaticke-vjezbe\/#primaryimage\"},\"thumbnailUrl\":\"https:\/\/talkpal.ai\/wp-content\/uploads\/2023\/04\/south-korea.png\",\"datePublished\":\"2023-06-16T10:27:33+00:00\",\"dateModified\":\"2025-12-17T16:50:01+00:00\",\"description\":\"Jednostavno pobolj\u0161ajte svoju korejsku gramatiku - vje\u017ebajte s interaktivnim vje\u017ebama, ovladajte jezi\u010dnim obrascima i izgradite samopouzdanje\",\"breadcrumb\":{\"@id\":\"https:\/\/talkpal.ai\/hr\/korejske-gramaticke-vjezbe\/#breadcrumb\"},\"inLanguage\":\"hr\",\"potentialAction\":[{\"@type\":\"ReadAction\",\"target\":[\"https:\/\/talkpal.ai\/hr\/korejske-gramaticke-vjezbe\/\"]}]},{\"@type\":\"ImageObject\",\"inLanguage\":\"hr\",\"@id\":\"https:\/\/talkpal.ai\/hr\/korejske-gramaticke-vjezbe\/#primaryimage\",\"url\":\"https:\/\/talkpal.ai\/wp-content\/uploads\/2023\/04\/south-korea.png\",\"contentUrl\":\"https:\/\/talkpal.ai\/wp-content\/uploads\/2023\/04\/south-korea.png\",\"width\":512,\"height\":512},{\"@type\":\"BreadcrumbList\",\"@id\":\"https:\/\/talkpal.ai\/hr\/korejske-gramaticke-vjezbe\/#breadcrumb\",\"itemListElement\":[{\"@type\":\"ListItem\",\"position\":1,\"name\":\"Homepage\",\"item\":\"https:\/\/talkpal.ai\/hr\/\"},{\"@type\":\"ListItem\",\"position\":2,\"name\":\"Korejske gramati\u010dke vje\u017ebe\"}]},{\"@type\":\"WebSite\",\"@id\":\"https:\/\/talkpal.ai\/hr\/#website\",\"url\":\"https:\/\/talkpal.ai\/hr\/\",\"name\":\"Talkpal\",\"description\":\"AI Language Learning\",\"publisher\":{\"@id\":\"https:\/\/talkpal.ai\/hr\/#organization\"},\"alternateName\":\"Talkpal AI\",\"potentialAction\":[{\"@type\":\"SearchAction\",\"target\":{\"@type\":\"EntryPoint\",\"urlTemplate\":\"https:\/\/talkpal.ai\/hr\/?s={search_term_string}\"},\"query-input\":{\"@type\":\"PropertyValueSpecification\",\"valueRequired\":true,\"valueName\":\"search_term_string\"}}],\"inLanguage\":\"hr\"},{\"@type\":\"Organization\",\"@id\":\"https:\/\/talkpal.ai\/hr\/#organization\",\"name\":\"Talkpal, Inc.\",\"alternateName\":\"Talkpal AI\",\"url\":\"https:\/\/talkpal.ai\/hr\/\",\"logo\":{\"@type\":\"ImageObject\",\"inLanguage\":\"hr\",\"@id\":\"https:\/\/talkpal.ai\/hr\/#\/schema\/logo\/image\/\",\"url\":\"https:\/\/talkpal.ai\/wp-content\/uploads\/2024\/03\/Talkpal-Logo-Icon.png\",\"contentUrl\":\"https:\/\/talkpal.ai\/wp-content\/uploads\/2024\/03\/Talkpal-Logo-Icon.png\",\"width\":2880,\"height\":2880,\"caption\":\"Talkpal, Inc.\"},\"image\":{\"@id\":\"https:\/\/talkpal.ai\/hr\/#\/schema\/logo\/image\/\"},\"sameAs\":[\"https:\/\/www.facebook.com\/profile.php?id=100090733639311\",\"https:\/\/x.com\/talkpalai\",\"https:\/\/www.linkedin.com\/company\/talkpal\/\",\"https:\/\/www.youtube.com\/@TalkPal\/\",\"https:\/\/www.tiktok.com\/@talkpal\",\"https:\/\/www.instagram.com\/talkpal_ai\/\",\"https:\/\/www.crunchbase.com\/organization\/talkpal-9cde\",\"https:\/\/www.g2.com\/products\/talkpal-for-business\/\",\"https:\/\/www.trustpilot.com\/review\/talkpal.ai\",\"https:\/\/www.capterra.com\/p\/10006800\/TalkPal\/\"],\"description\":\"Talkpal is a language learning web and mobile education app, powered by the latest AI technologies, that provides engaging experiences to its customers in many different languages to help them improve their language skills. Users can chat about unlimited amount of topics with the app and use other modes to practice their language learning.\",\"email\":\"support@talkpal.ai\",\"legalName\":\"Talkpal, Inc.\",\"foundingDate\":\"2023-04-03\",\"duns\":\"118989042\",\"numberOfEmployees\":{\"@type\":\"QuantitativeValue\",\"minValue\":\"11\",\"maxValue\":\"50\"},\"publishingPrinciples\":\"https:\/\/talkpal.ai\/publishing-principles\/\",\"actionableFeedbackPolicy\":\"https:\/\/talkpal.ai\/actionable-feedback-policy\/\",\"correctionsPolicy\":\"https:\/\/talkpal.ai\/corrections-policy\/\",\"ethicsPolicy\":\"https:\/\/talkpal.ai\/ethics-policy\/\",\"diversityPolicy\":\"https:\/\/talkpal.ai\/diversity-policy\/\",\"diversityStaffingReport\":\"https:\/\/talkpal.ai\/diversity-policy\/\"}]}<\/script>\n<!-- \/ Yoast SEO Premium plugin. -->","yoast_head_json":{"title":"Korejske gramati\u010dke vje\u017ebe - Talkpal","description":"Jednostavno pobolj\u0161ajte svoju korejsku gramatiku - vje\u017ebajte s interaktivnim vje\u017ebama, ovladajte jezi\u010dnim obrascima i izgradite samopouzdanje","robots":{"index":"index","follow":"follow","max-snippet":"max-snippet:-1","max-image-preview":"max-image-preview:large","max-video-preview":"max-video-preview:-1"},"canonical":"https:\/\/talkpal.ai\/hr\/korejske-gramaticke-vjezbe\/","og_locale":"hr_HR","og_type":"article","og_title":"Korejske gramati\u010dke vje\u017ebe","og_description":"Korejske gramati\u010dke teme U\u010denje korejskog jezika mo\u017ee biti uzbudljivo i korisno iskustvo jer otvara nove kulturne i profesionalne mogu\u0107nosti. Korejski","og_url":"https:\/\/talkpal.ai\/hr\/korejske-gramaticke-vjezbe\/","og_site_name":"Talkpal","article_publisher":"https:\/\/www.facebook.com\/profile.php?id=100090733639311","article_modified_time":"2025-12-17T16:50:01+00:00","og_image":[{"width":512,"height":512,"url":"https:\/\/talkpal.ai\/wp-content\/uploads\/2023\/04\/south-korea.png","type":"image\/png"}],"twitter_card":"summary_large_image","twitter_site":"@talkpalai","twitter_misc":{"Procijenjeno vrijeme \u010ditanja":"3 minute"},"schema":{"@context":"https:\/\/schema.org","@graph":[{"@type":"WebPage","@id":"https:\/\/talkpal.ai\/hr\/korejske-gramaticke-vjezbe\/","url":"https:\/\/talkpal.ai\/hr\/korejske-gramaticke-vjezbe\/","name":"Korejske gramati\u010dke vje\u017ebe - Talkpal","isPartOf":{"@id":"https:\/\/talkpal.ai\/hr\/#website"},"primaryImageOfPage":{"@id":"https:\/\/talkpal.ai\/hr\/korejske-gramaticke-vjezbe\/#primaryimage"},"image":{"@id":"https:\/\/talkpal.ai\/hr\/korejske-gramaticke-vjezbe\/#primaryimage"},"thumbnailUrl":"https:\/\/talkpal.ai\/wp-content\/uploads\/2023\/04\/south-korea.png","datePublished":"2023-06-16T10:27:33+00:00","dateModified":"2025-12-17T16:50:01+00:00","description":"Jednostavno pobolj\u0161ajte svoju korejsku gramatiku - vje\u017ebajte s interaktivnim vje\u017ebama, ovladajte jezi\u010dnim obrascima i izgradite samopouzdanje","breadcrumb":{"@id":"https:\/\/talkpal.ai\/hr\/korejske-gramaticke-vjezbe\/#breadcrumb"},"inLanguage":"hr","potentialAction":[{"@type":"ReadAction","target":["https:\/\/talkpal.ai\/hr\/korejske-gramaticke-vjezbe\/"]}]},{"@type":"ImageObject","inLanguage":"hr","@id":"https:\/\/talkpal.ai\/hr\/korejske-gramaticke-vjezbe\/#primaryimage","url":"https:\/\/talkpal.ai\/wp-content\/uploads\/2023\/04\/south-korea.png","contentUrl":"https:\/\/talkpal.ai\/wp-content\/uploads\/2023\/04\/south-korea.png","width":512,"height":512},{"@type":"BreadcrumbList","@id":"https:\/\/talkpal.ai\/hr\/korejske-gramaticke-vjezbe\/#breadcrumb","itemListElement":[{"@type":"ListItem","position":1,"name":"Homepage","item":"https:\/\/talkpal.ai\/hr\/"},{"@type":"ListItem","position":2,"name":"Korejske gramati\u010dke vje\u017ebe"}]},{"@type":"WebSite","@id":"https:\/\/talkpal.ai\/hr\/#website","url":"https:\/\/talkpal.ai\/hr\/","name":"Talkpal","description":"AI Language Learning","publisher":{"@id":"https:\/\/talkpal.ai\/hr\/#organization"},"alternateName":"Talkpal AI","potentialAction":[{"@type":"SearchAction","target":{"@type":"EntryPoint","urlTemplate":"https:\/\/talkpal.ai\/hr\/?s={search_term_string}"},"query-input":{"@type":"PropertyValueSpecification","valueRequired":true,"valueName":"search_term_string"}}],"inLanguage":"hr"},{"@type":"Organization","@id":"https:\/\/talkpal.ai\/hr\/#organization","name":"Talkpal, Inc.","alternateName":"Talkpal AI","url":"https:\/\/talkpal.ai\/hr\/","logo":{"@type":"ImageObject","inLanguage":"hr","@id":"https:\/\/talkpal.ai\/hr\/#\/schema\/logo\/image\/","url":"https:\/\/talkpal.ai\/wp-content\/uploads\/2024\/03\/Talkpal-Logo-Icon.png","contentUrl":"https:\/\/talkpal.ai\/wp-content\/uploads\/2024\/03\/Talkpal-Logo-Icon.png","width":2880,"height":2880,"caption":"Talkpal, Inc."},"image":{"@id":"https:\/\/talkpal.ai\/hr\/#\/schema\/logo\/image\/"},"sameAs":["https:\/\/www.facebook.com\/profile.php?id=100090733639311","https:\/\/x.com\/talkpalai","https:\/\/www.linkedin.com\/company\/talkpal\/","https:\/\/www.youtube.com\/@TalkPal\/","https:\/\/www.tiktok.com\/@talkpal","https:\/\/www.instagram.com\/talkpal_ai\/","https:\/\/www.crunchbase.com\/organization\/talkpal-9cde","https:\/\/www.g2.com\/products\/talkpal-for-business\/","https:\/\/www.trustpilot.com\/review\/talkpal.ai","https:\/\/www.capterra.com\/p\/10006800\/TalkPal\/"],"description":"Talkpal is a language learning web and mobile education app, powered by the latest AI technologies, that provides engaging experiences to its customers in many different languages to help them improve their language skills. Users can chat about unlimited amount of topics with the app and use other modes to practice their language learning.","email":"support@talkpal.ai","legalName":"Talkpal, Inc.","foundingDate":"2023-04-03","duns":"118989042","numberOfEmployees":{"@type":"QuantitativeValue","minValue":"11","maxValue":"50"},"publishingPrinciples":"https:\/\/talkpal.ai\/publishing-principles\/","actionableFeedbackPolicy":"https:\/\/talkpal.ai\/actionable-feedback-policy\/","correctionsPolicy":"https:\/\/talkpal.ai\/corrections-policy\/","ethicsPolicy":"https:\/\/talkpal.ai\/ethics-policy\/","diversityPolicy":"https:\/\/talkpal.ai\/diversity-policy\/","diversityStaffingReport":"https:\/\/talkpal.ai\/diversity-policy\/"}]}},"_links":{"self":[{"href":"https:\/\/talkpal.ai\/hr\/wp-json\/wp\/v2\/pages\/135097","targetHints":{"allow":["GET"]}}],"collection":[{"href":"https:\/\/talkpal.ai\/hr\/wp-json\/wp\/v2\/pages"}],"about":[{"href":"https:\/\/talkpal.ai\/hr\/wp-json\/wp\/v2\/types\/page"}],"author":[{"embeddable":true,"href":"https:\/\/talkpal.ai\/hr\/wp-json\/wp\/v2\/users\/6"}],"replies":[{"embeddable":true,"href":"https:\/\/talkpal.ai\/hr\/wp-json\/wp\/v2\/comments?post=135097"}],"version-history":[{"count":0,"href":"https:\/\/talkpal.ai\/hr\/wp-json\/wp\/v2\/pages\/135097\/revisions"}],"wp:featuredmedia":[{"embeddable":true,"href":"https:\/\/talkpal.ai\/hr\/wp-json\/wp\/v2\/media\/107511"}],"wp:attachment":[{"href":"https:\/\/talkpal.ai\/hr\/wp-json\/wp\/v2\/media?parent=135097"}],"curies":[{"name":"wp","href":"https:\/\/api.w.org\/{rel}","templated":true}]}}