{"id":134693,"date":"2023-06-16T10:21:59","date_gmt":"2023-06-16T10:21:59","guid":{"rendered":"http:\/\/talkpal.ai\/vjezbe-japanske-gramatike\/"},"modified":"2025-12-17T16:57:01","modified_gmt":"2025-12-17T16:57:01","slug":"vjezbe-japanske-gramatike","status":"publish","type":"page","link":"https:\/\/talkpal.ai\/hr\/vjezbe-japanske-gramatike\/","title":{"rendered":"Vje\u017ebe japanske gramatike"},"content":{"rendered":"\r\n\r\n\r\n<section class=\"languageChallengeSection\">\r\n    <div class=\"languageInfoWrapper\">\r\n        \r\n        <h1>Vje\u017ebe japanske gramatike<\/h1>\r\n        <p>Spremni ste podi\u0107i svoje znanje japanskog na vi\u0161u razinu? Vje\u017ebanje gramati\u010dkih vje\u017ebi fantasti\u010dan je na\u010din za razumijevanje re\u010deni\u010dnih obrazaca, pravilnu upotrebu \u010destica i osje\u0107aj ve\u0107eg ugo\u0111aja u jeziku. Usko\u010dite, isprobajte nove gramati\u010dke to\u010dke i vidite kako vas svaka vje\u017eba pribli\u017eava te\u010dnosti &#8211; po\u010dnite vje\u017ebati japansku gramatiku ve\u0107 danas!<\/p>\r\n\r\n                            <a class=\"getStartedHidden\" href=\"https:\/\/app.talkpal.ai\/hr\/signup?lng=\">Zapo\u010dni<\/a>\r\n        \r\n    <\/div>\r\n\r\n    <figure>\r\n    <img decoding=\"async\" width=\"768\" height=\"768\" src=\"https:\/\/talkpal.ai\/wp-content\/uploads\/2023\/06\/japanese-768x768.png\" class=\"languageImage no-lazy\" alt=\"Language learning for world travelers\" fetchpriority=\"high\" sizes=\"(max-width: 768px) 150px, 768px\" srcset=\"https:\/\/talkpal.ai\/wp-content\/uploads\/2023\/06\/japanese-768x768.png 768w, https:\/\/talkpal.ai\/wp-content\/uploads\/2023\/06\/japanese-300x300.png 300w\" \/>\r\n    \r\n\r\n    <\/figure>\r\n\r\n            <a class=\"getStartedVisible\" href=\"https:\/\/app.talkpal.ai\/hr\/signup?lng=\">Zapo\u010dni<\/a>\r\n    \r\n<\/section>\r\n\r\n\r\n<!-- <section class=\"grammarSection\">\r\n    <div class=\"grammarLinks\">\r\n            <\/div>\r\n<\/section> -->\r\n\r\n\r\n\r\n\r\n<section class=\"promotionalBanner\">\r\n    <p class=\"promotionalText\">Naju\u010dinkovitiji na\u010din u\u010denja jezika<\/p>\r\n    <a class=\"promotionalLink\" href=\"https:\/\/app.talkpal.ai\/hr\/signup?lng=\">Isprobajte Talkpal besplatno<\/a>\r\n<\/section>\n<div class=\"wp-block-group pageContainerStyle\"><div class=\"wp-block-group__inner-container is-layout-constrained wp-block-group-is-layout-constrained\">\n<h2 class=\"wp-block-heading\" id=\"h-japanese-grammar-topics\">Teme japanske gramatike<\/h2>\n\n\n\n<p>U\u010denje japanskog jezika mo\u017ee biti uzbudljivo i korisno iskustvo jer otvara potpuno <a href=\"https:\/\/talkpal.ai\/locations\/language-courses-in-novi\/\">novi<\/a> svijet kulture, komunikacije i osobnog rasta. <a href=\"https:\/\/talkpal.ai\/hr\/ucenje-japanskog-jezika\/\">Japanski jezik<\/a> ima jedinstvenu strukturu i gramati\u010dki sustav, koji se u po\u010detku mo\u017ee \u010diniti zastra\u0161uju\u0107im, ali se mo\u017ee savladati dosljednom praksom i dobro organiziranim planom u\u010denja. Kako bismo vam olak\u0161ali putovanje u <a href=\"https:\/\/talkpal.ai\/learn-japanese\/\">japanski<\/a> svijet, grupirali smo bitne gramati\u010dke teme u nizu koji \u0107e vam pomo\u0107i da izgradite sna\u017ene temelje i glatko napredujete. Usredoto\u010duju\u0107i se na ove gramati\u010dke elemente, bit \u0107ete na dobrom putu da postignete znanje japanskog jezika.<\/p>\n\n\n\n<h3 class=\"wp-block-heading\" id=\"h-1-particles\">1. \u010cestice:<\/h3>\n\n\n\n<p>\u010cestice su bitne na japanskom, jer ukazuju na odnos izme\u0111u rije\u010di u re\u010denici. Oni funkcioniraju kao prijedlozi i postpozicije na drugim jezicima. U\u010denje \u010destica kao \u0161to su \u306f (wa), \u304c (ga), \u3092 (wo), \u306b (ni), \u3067 (de) i \u3068 (to) pomo\u0107i \u0107e vam da formirate osnovne re\u010denice i razumijete funkciju svake rije\u010di.<\/p>\n\n\n\n<h3 class=\"wp-block-heading\" id=\"h-2-nouns\">2. Imenice:<\/h3>\n\n\n\n<p>Upoznavanje s uobi\u010dajenim imenicama omogu\u0107it \u0107e vam da po\u010dnete graditi svoj vokabular. Japanske imenice nemaju spol, broj ili \u010dlanke, \u0161to pojednostavljuje proces u\u010denja.<\/p>\n\n\n\n<h3 class=\"wp-block-heading\" id=\"h-3-pronouns\">3. Zamjenice:<\/h3>\n\n\n\n<p>Japanske zamjenice koriste se za upu\u0107ivanje na ljude i stvari. Neke uobi\u010dajene zamjenice uklju\u010duju \u79c1 (watashi \u2013 ja), \u3042\u306a\u305f (anata \u2013 ti), \u5f7c (kare \u2013 on), \u5f7c\u5973 (kanojo \u2013 ona) i \u305d\u308c (sore \u2013 to).<\/p>\n\n\n\n<h3 class=\"wp-block-heading\" id=\"h-4-verb-conjugation\">4. Konjugacija glagola:<\/h3>\n\n\n\n<p><a href=\"https:\/\/talkpal.ai\/learn-japanese\/\">Japanski<\/a> glagoli imaju razli\u010dite konjugacije na temelju vremena, pristojnosti i drugih \u010dimbenika. U\u010denje osnovnih glagolskih oblika, kao \u0161to su oblik rje\u010dnika, -masu oblik i -te oblik, pomo\u0107i \u0107e vam da izrazite razli\u010dite radnje i stanja.<\/p>\n\n\n\n<h3 class=\"wp-block-heading\" id=\"h-5-tenses\">5. Vrijeme:<\/h3>\n\n\n\n<p>Japanci imaju pro\u0161la i nepro\u0161la vremena, a potonji se koriste za sada\u0161nje i budu\u0107e akcije. Razumijevanje kako konjugirati glagole u tim vremenima pomo\u0107i \u0107e vam da to\u010dno izrazite vrijeme.<\/p>\n\n\n\n<h3 class=\"wp-block-heading\" id=\"h-6-adjectives\">6. Pridjevi:<\/h3>\n\n\n\n<p>Japanski pridjevi podijeljeni su u dvije skupine: i-pridjevi i na-pridjevi. U\u010denje njihovih pravila konjugacije i kako ih koristiti u re\u010denicama pomo\u0107i \u0107e vam da opi\u0161ete predmete, ljude i situacije.<\/p>\n\n\n\n<h3 class=\"wp-block-heading\" id=\"h-7-adverbs\">7. Prilozi:<\/h3>\n\n\n\n<p>Prilozi mijenjaju glagole, pridjeve i druge priloge, dodaju\u0107i nijansu va\u0161im re\u010denicama. Uobi\u010dajeni japanski prilozi uklju\u010duju \u901f\u304f (hayaku \u2013 brzo), \u3086\u3063\u304f\u308a (yukkuri \u2013 polako) i \u3068\u3066\u3082 (totemo \u2013 vrlo).<\/p>\n\n\n\n<h3 class=\"wp-block-heading\" id=\"h-8-prepositions\">8. Prijedlozi:<\/h3>\n\n\n\n<p>Iako japanski nema prijedloge na isti na\u010din kao <a href=\"https:\/\/talkpal.ai\/learn-english-with-ai\/\">engleski<\/a>, neke \u010destice funkcioniraju sli\u010dno. U\u010denje ovih \u010destica i njihove uporabe pomo\u0107i \u0107e vam u izra\u017eavanju prostornih i vremenskih odnosa.<\/p>\n\n\n\n<h3 class=\"wp-block-heading\" id=\"h-9-conjunctions\">9. Konjunkcije:<\/h3>\n\n\n\n<p>Veznici se koriste za povezivanje rije\u010di, fraza i re\u010denica. Uobi\u010dajeni japanski veznici uklju\u010duju \u305d\u3057\u3066 (soshite \u2013 i), \u3057\u304b\u3057 (shikashi \u2013 me\u0111utim) i \u3060\u304b\u3089 (dakara \u2013 dakle).<\/p>\n\n\n\n<h3 class=\"wp-block-heading\" id=\"h-10-sentence-structure\">10. Struktura re\u010denice:<\/h3>\n\n\n\n<p>Japanski slijedi strukturu re\u010denice subjekt-objekt-glagol (SOV). Razumijevanje ove strukture i drugih uzoraka re\u010denica pomo\u0107i \u0107e vam u stvaranju to\u010dnih i slo\u017eenih re\u010denica.<\/p>\n\n\n\n<h3 class=\"wp-block-heading\" id=\"h-11-honorifics\">11. Po\u010dasti:<\/h3>\n\n\n\n<p>Japanci imaju slo\u017een sustav \u010dasti koji izra\u017eavaju pristojnost i po\u0161tovanje. U\u010denje osnova po\u010dasnog govora, kao \u0161to je kori\u0161tenje \u3067\u3059 (desu) i \u307e\u3059 (masu), pomo\u0107i \u0107e vam u snala\u017eenju u dru\u0161tvenim situacijama.<\/p>\n\n\n\n<h3 class=\"wp-block-heading\" id=\"h-12-expressions\">12. Izrazi:<\/h3>\n\n\n\n<p>Upoznavanje s uobi\u010dajenim japanskim izrazima i idiomima pomo\u0107i \u0107e vam da zvu\u010dite prirodnije i te\u010dnije u razgovoru.<\/p>\n\n\n\n<h3 class=\"wp-block-heading\" id=\"h-13-numbers\">13. Brojevi:<\/h3>\n\n\n\n<p>Japanski ima jedinstveni brojevni sustav, s razli\u010ditim broja\u010dima za razli\u010dite objekte. U\u010denje brojanja i kori\u0161tenja brojeva u kontekstu klju\u010dno je za svakodnevnu komunikaciju.<\/p>\n\n\n\n<h3 class=\"wp-block-heading\" id=\"h-14-verbs\">14. Glagoli:<\/h3>\n\n\n\n<p>Kona\u010dno, pro\u0161irenje va\u0161eg glagolskog vokabulara omogu\u0107it \u0107e vam da izrazite \u0161irok raspon radnji i stanja, omogu\u0107uju\u0107i vam u\u010dinkovitiju komunikaciju na japanskom.<\/p>\n<\/div><\/div>\n\r\n<section class=\"learnNavigationSection\">\r\n            \r\n        <a href=\"https:\/\/talkpal.ai\/hr\/ucenje-japanskog-jezika\/\">\r\n            <div class=\"learnNavigationWrapper\">\r\n                <div class=\"learnNavigationContent\">\r\n                    <img decoding=\"async\" src=\"https:\/\/talkpal.ai\/wp-content\/uploads\/2024\/08\/Japanese.jpg\" alt=\"Japanese Flag\">\r\n                    <div>\r\n                        <h4>O u\u010denju japanskog<\/h4>\r\n                        <p>Saznajte sve o japanskoj gramatici.<\/p>\r\n                    <\/div>\r\n                <\/div>\r\n            <\/div>\r\n        <\/a>\r\n\r\n        \r\n        <a href=\"https:\/\/talkpal.ai\/hr\/japanska-gramatika\/\">\r\n            <div class=\"learnNavigationWrapper\">\r\n                <div class=\"learnNavigationContent\">\r\n                    <img decoding=\"async\" src=\"https:\/\/talkpal.ai\/wp-content\/uploads\/2024\/08\/Japanese.jpg\" alt=\"Japanese Flag\">\r\n                    <div>\r\n                        <h4>Lekcije japanske gramatike<\/h4>\r\n                        <p>Vje\u017ebajte japansku gramatiku.<\/p>\r\n                    <\/div>\r\n                <\/div>\r\n            <\/div>\r\n        <\/a>\r\n\r\n        \r\n        <a href=\"https:\/\/talkpal.ai\/vocabulary_language\/japanese\/\">\r\n            <div class=\"learnNavigationWrapper\">\r\n                <div class=\"learnNavigationContent\">\r\n                    <img decoding=\"async\" src=\"https:\/\/talkpal.ai\/wp-content\/uploads\/2024\/08\/Japanese.jpg\" alt=\"Japanese Flag\">\r\n                    <div>\r\n                        <h4>Japanski rje\u010dnik<\/h4>\r\n                        <p>Pro\u0161irite svoj japanski vokabular.<\/p>\r\n                    <\/div>\r\n                <\/div>\r\n            <\/div>\r\n        <\/a>\r\n\r\n            <\/section>","protected":false},"excerpt":{"rendered":"<p>Teme japanske gramatike U\u010denje japanskog jezika mo\u017ee biti uzbudljivo i korisno iskustvo jer otvara potpuno novi svijet kulture, komunikacije i osobnog rasta. Japanski jezik ima jedinstvenu strukturu i gramati\u010dki sustav, koji se u po\u010detku mo\u017ee \u010diniti zastra\u0161uju\u0107im, ali se mo\u017ee savladati dosljednom praksom i dobro organiziranim planom u\u010denja. Kako bismo vam olak\u0161ali putovanje u japanski [&hellip;]<\/p>\n","protected":false},"author":6,"featured_media":107192,"parent":0,"menu_order":0,"comment_status":"closed","ping_status":"closed","template":"LearningContentPage.php","meta":{"_acf_changed":false,"footnotes":""},"class_list":["post-134693","page","type-page","status-publish","has-post-thumbnail","hentry"],"acf":[],"yoast_head":"<!-- This site is optimized with the Yoast SEO Premium plugin v27.2 (Yoast SEO v27.2) - https:\/\/yoast.com\/product\/yoast-seo-premium-wordpress\/ -->\n<title>Vje\u017ebe japanske gramatike - Talkpal<\/title>\n<meta name=\"description\" content=\"Pobolj\u0161ajte svoje znanje japanske gramatike - savladajte re\u010deni\u010dne strukture, vje\u017ebajte interaktivne aktivnosti i pobolj\u0161ajte te\u010dnost govora\" \/>\n<meta name=\"robots\" content=\"index, follow, max-snippet:-1, max-image-preview:large, max-video-preview:-1\" \/>\n<link rel=\"canonical\" href=\"https:\/\/talkpal.ai\/hr\/vjezbe-japanske-gramatike\/\" \/>\n<meta property=\"og:locale\" content=\"hr_HR\" \/>\n<meta property=\"og:type\" content=\"article\" \/>\n<meta property=\"og:title\" content=\"Vje\u017ebe japanske gramatike\" \/>\n<meta property=\"og:description\" content=\"Teme japanske gramatike U\u010denje japanskog jezika mo\u017ee biti uzbudljivo i korisno iskustvo jer otvara potpuno novi svijet kulture, komunikacije i osobnog\" \/>\n<meta property=\"og:url\" content=\"https:\/\/talkpal.ai\/hr\/vjezbe-japanske-gramatike\/\" \/>\n<meta property=\"og:site_name\" content=\"Talkpal\" \/>\n<meta property=\"article:publisher\" content=\"https:\/\/www.facebook.com\/profile.php?id=100090733639311\" \/>\n<meta property=\"article:modified_time\" content=\"2025-12-17T16:57:01+00:00\" \/>\n<meta property=\"og:image\" content=\"https:\/\/talkpal.ai\/wp-content\/uploads\/2023\/04\/japan.png\" \/>\n\t<meta property=\"og:image:width\" content=\"512\" \/>\n\t<meta property=\"og:image:height\" content=\"512\" \/>\n\t<meta property=\"og:image:type\" content=\"image\/png\" \/>\n<meta name=\"twitter:card\" content=\"summary_large_image\" \/>\n<meta name=\"twitter:site\" content=\"@talkpalai\" \/>\n<meta name=\"twitter:label1\" content=\"Procijenjeno vrijeme \u010ditanja\" \/>\n\t<meta name=\"twitter:data1\" content=\"3 minute\" \/>\n<script type=\"application\/ld+json\" class=\"yoast-schema-graph\">{\"@context\":\"https:\/\/schema.org\",\"@graph\":[{\"@type\":\"WebPage\",\"@id\":\"https:\/\/talkpal.ai\/hr\/vjezbe-japanske-gramatike\/\",\"url\":\"https:\/\/talkpal.ai\/hr\/vjezbe-japanske-gramatike\/\",\"name\":\"Vje\u017ebe japanske gramatike - Talkpal\",\"isPartOf\":{\"@id\":\"https:\/\/talkpal.ai\/hr\/#website\"},\"primaryImageOfPage\":{\"@id\":\"https:\/\/talkpal.ai\/hr\/vjezbe-japanske-gramatike\/#primaryimage\"},\"image\":{\"@id\":\"https:\/\/talkpal.ai\/hr\/vjezbe-japanske-gramatike\/#primaryimage\"},\"thumbnailUrl\":\"https:\/\/talkpal.ai\/wp-content\/uploads\/2023\/04\/japan.png\",\"datePublished\":\"2023-06-16T10:21:59+00:00\",\"dateModified\":\"2025-12-17T16:57:01+00:00\",\"description\":\"Pobolj\u0161ajte svoje znanje japanske gramatike - savladajte re\u010deni\u010dne strukture, vje\u017ebajte interaktivne aktivnosti i pobolj\u0161ajte te\u010dnost govora\",\"breadcrumb\":{\"@id\":\"https:\/\/talkpal.ai\/hr\/vjezbe-japanske-gramatike\/#breadcrumb\"},\"inLanguage\":\"hr\",\"potentialAction\":[{\"@type\":\"ReadAction\",\"target\":[\"https:\/\/talkpal.ai\/hr\/vjezbe-japanske-gramatike\/\"]}]},{\"@type\":\"ImageObject\",\"inLanguage\":\"hr\",\"@id\":\"https:\/\/talkpal.ai\/hr\/vjezbe-japanske-gramatike\/#primaryimage\",\"url\":\"https:\/\/talkpal.ai\/wp-content\/uploads\/2023\/04\/japan.png\",\"contentUrl\":\"https:\/\/talkpal.ai\/wp-content\/uploads\/2023\/04\/japan.png\",\"width\":512,\"height\":512},{\"@type\":\"BreadcrumbList\",\"@id\":\"https:\/\/talkpal.ai\/hr\/vjezbe-japanske-gramatike\/#breadcrumb\",\"itemListElement\":[{\"@type\":\"ListItem\",\"position\":1,\"name\":\"Homepage\",\"item\":\"https:\/\/talkpal.ai\/hr\/\"},{\"@type\":\"ListItem\",\"position\":2,\"name\":\"Vje\u017ebe japanske gramatike\"}]},{\"@type\":\"WebSite\",\"@id\":\"https:\/\/talkpal.ai\/hr\/#website\",\"url\":\"https:\/\/talkpal.ai\/hr\/\",\"name\":\"Talkpal\",\"description\":\"AI Language Learning\",\"publisher\":{\"@id\":\"https:\/\/talkpal.ai\/hr\/#organization\"},\"alternateName\":\"Talkpal AI\",\"potentialAction\":[{\"@type\":\"SearchAction\",\"target\":{\"@type\":\"EntryPoint\",\"urlTemplate\":\"https:\/\/talkpal.ai\/hr\/?s={search_term_string}\"},\"query-input\":{\"@type\":\"PropertyValueSpecification\",\"valueRequired\":true,\"valueName\":\"search_term_string\"}}],\"inLanguage\":\"hr\"},{\"@type\":\"Organization\",\"@id\":\"https:\/\/talkpal.ai\/hr\/#organization\",\"name\":\"Talkpal, Inc.\",\"alternateName\":\"Talkpal AI\",\"url\":\"https:\/\/talkpal.ai\/hr\/\",\"logo\":{\"@type\":\"ImageObject\",\"inLanguage\":\"hr\",\"@id\":\"https:\/\/talkpal.ai\/hr\/#\/schema\/logo\/image\/\",\"url\":\"https:\/\/talkpal.ai\/wp-content\/uploads\/2024\/03\/Talkpal-Logo-Icon.png\",\"contentUrl\":\"https:\/\/talkpal.ai\/wp-content\/uploads\/2024\/03\/Talkpal-Logo-Icon.png\",\"width\":2880,\"height\":2880,\"caption\":\"Talkpal, Inc.\"},\"image\":{\"@id\":\"https:\/\/talkpal.ai\/hr\/#\/schema\/logo\/image\/\"},\"sameAs\":[\"https:\/\/www.facebook.com\/profile.php?id=100090733639311\",\"https:\/\/x.com\/talkpalai\",\"https:\/\/www.linkedin.com\/company\/talkpal\/\",\"https:\/\/www.youtube.com\/@TalkPal\/\",\"https:\/\/www.tiktok.com\/@talkpal\",\"https:\/\/www.instagram.com\/talkpal_ai\/\",\"https:\/\/www.crunchbase.com\/organization\/talkpal-9cde\",\"https:\/\/www.g2.com\/products\/talkpal-for-business\/\",\"https:\/\/www.trustpilot.com\/review\/talkpal.ai\",\"https:\/\/www.capterra.com\/p\/10006800\/TalkPal\/\"],\"description\":\"Talkpal is a language learning web and mobile education app, powered by the latest AI technologies, that provides engaging experiences to its customers in many different languages to help them improve their language skills. Users can chat about unlimited amount of topics with the app and use other modes to practice their language learning.\",\"email\":\"support@talkpal.ai\",\"legalName\":\"Talkpal, Inc.\",\"foundingDate\":\"2023-04-03\",\"duns\":\"118989042\",\"numberOfEmployees\":{\"@type\":\"QuantitativeValue\",\"minValue\":\"11\",\"maxValue\":\"50\"},\"publishingPrinciples\":\"https:\/\/talkpal.ai\/publishing-principles\/\",\"actionableFeedbackPolicy\":\"https:\/\/talkpal.ai\/actionable-feedback-policy\/\",\"correctionsPolicy\":\"https:\/\/talkpal.ai\/corrections-policy\/\",\"ethicsPolicy\":\"https:\/\/talkpal.ai\/ethics-policy\/\",\"diversityPolicy\":\"https:\/\/talkpal.ai\/diversity-policy\/\",\"diversityStaffingReport\":\"https:\/\/talkpal.ai\/diversity-policy\/\"}]}<\/script>\n<!-- \/ Yoast SEO Premium plugin. -->","yoast_head_json":{"title":"Vje\u017ebe japanske gramatike - Talkpal","description":"Pobolj\u0161ajte svoje znanje japanske gramatike - savladajte re\u010deni\u010dne strukture, vje\u017ebajte interaktivne aktivnosti i pobolj\u0161ajte te\u010dnost govora","robots":{"index":"index","follow":"follow","max-snippet":"max-snippet:-1","max-image-preview":"max-image-preview:large","max-video-preview":"max-video-preview:-1"},"canonical":"https:\/\/talkpal.ai\/hr\/vjezbe-japanske-gramatike\/","og_locale":"hr_HR","og_type":"article","og_title":"Vje\u017ebe japanske gramatike","og_description":"Teme japanske gramatike U\u010denje japanskog jezika mo\u017ee biti uzbudljivo i korisno iskustvo jer otvara potpuno novi svijet kulture, komunikacije i osobnog","og_url":"https:\/\/talkpal.ai\/hr\/vjezbe-japanske-gramatike\/","og_site_name":"Talkpal","article_publisher":"https:\/\/www.facebook.com\/profile.php?id=100090733639311","article_modified_time":"2025-12-17T16:57:01+00:00","og_image":[{"width":512,"height":512,"url":"https:\/\/talkpal.ai\/wp-content\/uploads\/2023\/04\/japan.png","type":"image\/png"}],"twitter_card":"summary_large_image","twitter_site":"@talkpalai","twitter_misc":{"Procijenjeno vrijeme \u010ditanja":"3 minute"},"schema":{"@context":"https:\/\/schema.org","@graph":[{"@type":"WebPage","@id":"https:\/\/talkpal.ai\/hr\/vjezbe-japanske-gramatike\/","url":"https:\/\/talkpal.ai\/hr\/vjezbe-japanske-gramatike\/","name":"Vje\u017ebe japanske gramatike - Talkpal","isPartOf":{"@id":"https:\/\/talkpal.ai\/hr\/#website"},"primaryImageOfPage":{"@id":"https:\/\/talkpal.ai\/hr\/vjezbe-japanske-gramatike\/#primaryimage"},"image":{"@id":"https:\/\/talkpal.ai\/hr\/vjezbe-japanske-gramatike\/#primaryimage"},"thumbnailUrl":"https:\/\/talkpal.ai\/wp-content\/uploads\/2023\/04\/japan.png","datePublished":"2023-06-16T10:21:59+00:00","dateModified":"2025-12-17T16:57:01+00:00","description":"Pobolj\u0161ajte svoje znanje japanske gramatike - savladajte re\u010deni\u010dne strukture, vje\u017ebajte interaktivne aktivnosti i pobolj\u0161ajte te\u010dnost govora","breadcrumb":{"@id":"https:\/\/talkpal.ai\/hr\/vjezbe-japanske-gramatike\/#breadcrumb"},"inLanguage":"hr","potentialAction":[{"@type":"ReadAction","target":["https:\/\/talkpal.ai\/hr\/vjezbe-japanske-gramatike\/"]}]},{"@type":"ImageObject","inLanguage":"hr","@id":"https:\/\/talkpal.ai\/hr\/vjezbe-japanske-gramatike\/#primaryimage","url":"https:\/\/talkpal.ai\/wp-content\/uploads\/2023\/04\/japan.png","contentUrl":"https:\/\/talkpal.ai\/wp-content\/uploads\/2023\/04\/japan.png","width":512,"height":512},{"@type":"BreadcrumbList","@id":"https:\/\/talkpal.ai\/hr\/vjezbe-japanske-gramatike\/#breadcrumb","itemListElement":[{"@type":"ListItem","position":1,"name":"Homepage","item":"https:\/\/talkpal.ai\/hr\/"},{"@type":"ListItem","position":2,"name":"Vje\u017ebe japanske gramatike"}]},{"@type":"WebSite","@id":"https:\/\/talkpal.ai\/hr\/#website","url":"https:\/\/talkpal.ai\/hr\/","name":"Talkpal","description":"AI Language Learning","publisher":{"@id":"https:\/\/talkpal.ai\/hr\/#organization"},"alternateName":"Talkpal AI","potentialAction":[{"@type":"SearchAction","target":{"@type":"EntryPoint","urlTemplate":"https:\/\/talkpal.ai\/hr\/?s={search_term_string}"},"query-input":{"@type":"PropertyValueSpecification","valueRequired":true,"valueName":"search_term_string"}}],"inLanguage":"hr"},{"@type":"Organization","@id":"https:\/\/talkpal.ai\/hr\/#organization","name":"Talkpal, Inc.","alternateName":"Talkpal AI","url":"https:\/\/talkpal.ai\/hr\/","logo":{"@type":"ImageObject","inLanguage":"hr","@id":"https:\/\/talkpal.ai\/hr\/#\/schema\/logo\/image\/","url":"https:\/\/talkpal.ai\/wp-content\/uploads\/2024\/03\/Talkpal-Logo-Icon.png","contentUrl":"https:\/\/talkpal.ai\/wp-content\/uploads\/2024\/03\/Talkpal-Logo-Icon.png","width":2880,"height":2880,"caption":"Talkpal, Inc."},"image":{"@id":"https:\/\/talkpal.ai\/hr\/#\/schema\/logo\/image\/"},"sameAs":["https:\/\/www.facebook.com\/profile.php?id=100090733639311","https:\/\/x.com\/talkpalai","https:\/\/www.linkedin.com\/company\/talkpal\/","https:\/\/www.youtube.com\/@TalkPal\/","https:\/\/www.tiktok.com\/@talkpal","https:\/\/www.instagram.com\/talkpal_ai\/","https:\/\/www.crunchbase.com\/organization\/talkpal-9cde","https:\/\/www.g2.com\/products\/talkpal-for-business\/","https:\/\/www.trustpilot.com\/review\/talkpal.ai","https:\/\/www.capterra.com\/p\/10006800\/TalkPal\/"],"description":"Talkpal is a language learning web and mobile education app, powered by the latest AI technologies, that provides engaging experiences to its customers in many different languages to help them improve their language skills. Users can chat about unlimited amount of topics with the app and use other modes to practice their language learning.","email":"support@talkpal.ai","legalName":"Talkpal, Inc.","foundingDate":"2023-04-03","duns":"118989042","numberOfEmployees":{"@type":"QuantitativeValue","minValue":"11","maxValue":"50"},"publishingPrinciples":"https:\/\/talkpal.ai\/publishing-principles\/","actionableFeedbackPolicy":"https:\/\/talkpal.ai\/actionable-feedback-policy\/","correctionsPolicy":"https:\/\/talkpal.ai\/corrections-policy\/","ethicsPolicy":"https:\/\/talkpal.ai\/ethics-policy\/","diversityPolicy":"https:\/\/talkpal.ai\/diversity-policy\/","diversityStaffingReport":"https:\/\/talkpal.ai\/diversity-policy\/"}]}},"_links":{"self":[{"href":"https:\/\/talkpal.ai\/hr\/wp-json\/wp\/v2\/pages\/134693","targetHints":{"allow":["GET"]}}],"collection":[{"href":"https:\/\/talkpal.ai\/hr\/wp-json\/wp\/v2\/pages"}],"about":[{"href":"https:\/\/talkpal.ai\/hr\/wp-json\/wp\/v2\/types\/page"}],"author":[{"embeddable":true,"href":"https:\/\/talkpal.ai\/hr\/wp-json\/wp\/v2\/users\/6"}],"replies":[{"embeddable":true,"href":"https:\/\/talkpal.ai\/hr\/wp-json\/wp\/v2\/comments?post=134693"}],"version-history":[{"count":0,"href":"https:\/\/talkpal.ai\/hr\/wp-json\/wp\/v2\/pages\/134693\/revisions"}],"wp:featuredmedia":[{"embeddable":true,"href":"https:\/\/talkpal.ai\/hr\/wp-json\/wp\/v2\/media\/107192"}],"wp:attachment":[{"href":"https:\/\/talkpal.ai\/hr\/wp-json\/wp\/v2\/media?parent=134693"}],"curies":[{"name":"wp","href":"https:\/\/api.w.org\/{rel}","templated":true}]}}