{"id":133961,"date":"2023-06-16T10:07:13","date_gmt":"2023-06-16T10:07:13","guid":{"rendered":"http:\/\/talkpal.ai\/finske-gramaticke-vjezbe\/"},"modified":"2025-12-17T15:33:05","modified_gmt":"2025-12-17T15:33:05","slug":"finske-gramaticke-vjezbe","status":"publish","type":"page","link":"https:\/\/talkpal.ai\/hr\/finske-gramaticke-vjezbe\/","title":{"rendered":"Finske gramati\u010dke vje\u017ebe"},"content":{"rendered":"\r\n\r\n\r\n<section class=\"languageChallengeSection\">\r\n    <div class=\"languageInfoWrapper\">\r\n        \r\n        <h1>Finske gramati\u010dke vje\u017ebe<\/h1>\r\n        <p>Spremni za suo\u010davanje s jedinstvenom strukturom finskog jezika? Vje\u017ebanje gramati\u010dkih vje\u017ebi odli\u010dan je na\u010din da se upoznate sa zavr\u0161ecima rije\u010di, pade\u017eima i re\u010deni\u010dnim obrascima koji <a href=\"https:\/\/talkpal.ai\/learn-finnish\/\">finski<\/a> jezik \u010dine posebnim. Zaronite u finsku gramatiku ve\u0107 danas i vidite kako vam vje\u0161tine i samopouzdanje rastu sa svakom vje\u017ebom!<\/p>\r\n\r\n                            <a class=\"getStartedHidden\" href=\"https:\/\/app.talkpal.ai\/hr\/signup?lng=\">Zapo\u010dni<\/a>\r\n        \r\n    <\/div>\r\n\r\n    <figure>\r\n    <img decoding=\"async\" width=\"768\" height=\"768\" src=\"https:\/\/talkpal.ai\/wp-content\/uploads\/2023\/06\/Finnish-768x768.png\" class=\"languageImage no-lazy\" alt=\"Develop your language aptitude learning\" fetchpriority=\"high\" sizes=\"(max-width: 768px) 150px, 768px\" srcset=\"https:\/\/talkpal.ai\/wp-content\/uploads\/2023\/06\/Finnish-768x768.png 768w, https:\/\/talkpal.ai\/wp-content\/uploads\/2023\/06\/Finnish-300x300.png 300w\" \/>\r\n    \r\n\r\n    <\/figure>\r\n\r\n            <a class=\"getStartedVisible\" href=\"https:\/\/app.talkpal.ai\/hr\/signup?lng=\">Zapo\u010dni<\/a>\r\n    \r\n<\/section>\r\n\r\n\r\n<!-- <section class=\"grammarSection\">\r\n    <div class=\"grammarLinks\">\r\n            <\/div>\r\n<\/section> -->\r\n\r\n\r\n\r\n\r\n<section class=\"promotionalBanner\">\r\n    <p class=\"promotionalText\">Naju\u010dinkovitiji na\u010din u\u010denja jezika<\/p>\r\n    <a class=\"promotionalLink\" href=\"https:\/\/app.talkpal.ai\/hr\/signup?lng=\">Isprobajte Talkpal besplatno<\/a>\r\n<\/section>\n<div class=\"wp-block-group pageContainerStyle\"><div class=\"wp-block-group__inner-container is-layout-constrained wp-block-group-is-layout-constrained\">\n<h2 class=\"wp-block-heading\" id=\"h-finnish-grammar-topics\">Finske gramati\u010dke teme<\/h2>\n\n\n\n<p>U\u010denje finskog jezika mo\u017ee biti korisno iskustvo za ljubitelje jezika, jer je to jedinstven i fascinantan jezik s bogatom kulturnom povije\u0161\u0107u. <a href=\"https:\/\/talkpal.ai\/finnish-grammar\/\">Finska gramatika<\/a> u po\u010detku se mo\u017ee \u010diniti izazovnom, ali sustavnim pristupom i fokusom na bitne teme mo\u017eete stalno napredovati i na kraju postati te\u010dno govori ovaj prekrasan jezik. U ovom \u0107emo vodi\u010du raspravljati o finskim gramati\u010dkim temama u nizu koji \u0107e vam pomo\u0107i da u\u010dinkovito nau\u010dite jezik, pokrivaju\u0107i vremena, glagole, imenice, \u010dlanke, pridjeve, priloge, postpozicije i strukturu re\u010denica.<\/p>\n\n\n\n<h3 class=\"wp-block-heading\" id=\"h-1-nouns\">1. Imenice:<\/h3>\n\n\n\n<p><a href=\"https:\/\/talkpal.ai\/ko\/ai-%ec%96%b8%ec%96%b4-%ea%b5%90%ec%82%ac\/\">Zapo\u010dnite<\/a> u\u010denjem finskih imenica, jer one \u010dine temelj za konstrukciju re\u010denica. Finske imenice imaju 15 pade\u017ea, koji su neophodni za razumijevanje strukture jezika. Upoznajte se s raznim imeni\u010dkim slu\u010dajevima i njihovim ulogama u re\u010denici.<\/p>\n\n\n\n<h3 class=\"wp-block-heading\" id=\"h-2-articles\">2. \u010clanci:<\/h3>\n\n\n\n<p>Finski nema \u010dlanove poput &#8220;the&#8221; ili &#8220;a&#8221; na engleskom, \u0161to olak\u0161ava u\u010denicima. Umjesto toga, zna\u010denje imenice odre\u0111eno je kontekstom i zavr\u0161etkom slu\u010daja.<\/p>\n\n\n\n<h3 class=\"wp-block-heading\" id=\"h-3-adjectives\">3. Pridjevi:<\/h3>\n\n\n\n<p>Pridjevi opisuju imenice i sla\u017eu se s njima u slu\u010daju i broju. Nau\u010dite kako oblikovati i koristiti pridjeve kako biste re\u010denice u\u010dinili opisnijima i izra\u017eajnijima.<\/p>\n\n\n\n<h3 class=\"wp-block-heading\" id=\"h-4-verbs\">4. Glagoli:<\/h3>\n\n\n\n<p>Finski glagoli klju\u010dni su za izra\u017eavanje djelovanja i dr\u017eava. Upoznajte se s osnovnim uzorcima konjugacije glagola i naj\u010de\u0161\u0107im nepravilnim glagolima.<\/p>\n\n\n\n<h3 class=\"wp-block-heading\" id=\"h-5-tenses-indicative\">5. Indikativna vremena:<\/h3>\n\n\n\n<p>Shvatite indikativno raspolo\u017eenje koje se koristi za izra\u017eavanje izjava, \u010dinjenica i mi\u0161ljenja. Finski ima \u010detiri glavna vremena u indikativnom raspolo\u017eenju: sada\u0161njost, pro\u0161lost (nesavr\u0161ena), savr\u0161ena i plusavr\u0161ena. Saznajte kako pravilno oblikovati i koristiti ta vremena.<\/p>\n\n\n\n<h3 class=\"wp-block-heading\" id=\"h-6-tenses-potential\">6. Potencijal vremena:<\/h3>\n\n\n\n<p>Potencijalno raspolo\u017eenje koristi se za izra\u017eavanje mogu\u0107nosti, vjerojatnosti ili sumnje. Ima dva vremena: sada\u0161nji potencijal i pro\u0161li potencijal. Nau\u010dite kako oblikovati i koristiti ova vremena za dodavanje nijansi svojim re\u010denicama.<\/p>\n\n\n\n<h3 class=\"wp-block-heading\" id=\"h-7-tenses-imperative\">7. Imperativ vremena:<\/h3>\n\n\n\n<p>Imperativno raspolo\u017eenje koristi se za davanje naredbi i podno\u0161enje zahtjeva. Nau\u010dite kako oblikovati <a href=\"https:\/\/talkpal.ai\/ja\/grammar_exercises\/imperatif-%e3%83%95%e3%83%a9%e3%83%b3%e3%82%b9%e3%81%ae%e6%96%87%e6%b3%95%e3%81%ae%e3%81%9f%e3%82%81%e3%81%ae%e6%bc%94%e7%bf%92\/\">imperativ<\/a> na finskom i koristiti ga na odgovaraju\u0107i na\u010din u razli\u010ditim situacijama.<\/p>\n\n\n\n<h3 class=\"wp-block-heading\" id=\"h-8-tense-comparison\">8. Usporedba vremena:<\/h3>\n\n\n\n<p>Shvatite kako usporediti razli\u010dita vremena i raspolo\u017eenja na finskom. Ova vje\u0161tina omogu\u0107it \u0107e vam da izrazite slo\u017eene ideje i odnose izme\u0111u doga\u0111aja.<\/p>\n\n\n\n<h3 class=\"wp-block-heading\" id=\"h-9-adverbs\">9. Prilozi:<\/h3>\n\n\n\n<p>Prilozi mijenjaju glagole, pridjeve ili druge priloge, pru\u017eaju\u0107i dodatne informacije o radnjama ili kvalitetama. Nau\u010dite razli\u010dite vrste priloga i kako ih u\u010dinkovito koristiti u svojim re\u010denicama.<\/p>\n\n\n\n<h3 class=\"wp-block-heading\" id=\"h-10-postpositions\">10. Postpozicije:<\/h3>\n\n\n\n<p>Finski koristi postpozicije umjesto prijedloga za ozna\u010davanje odnosa izme\u0111u rije\u010di. Nau\u010dite naj\u010de\u0161\u0107e postpozicije i kako funkcioniraju u re\u010denici.<\/p>\n\n\n\n<h3 class=\"wp-block-heading\" id=\"h-11-sentence-structure\">11. Struktura re\u010denice:<\/h3>\n\n\n\n<p>Kona\u010dno, prou\u010dite osnovnu strukturu re\u010denice finskog jezika, <a href=\"https:\/\/talkpal.ai\/locations\/language-courses-in-koja\/\">koja<\/a> slijedi uzorak subjekt-glagol-objekt (SVO). Nau\u010dite kako stvoriti jednostavne i slo\u017eene re\u010denice koriste\u0107i gramati\u010dke teme koje ste nau\u010dili i vje\u017ebajte kombiniraju\u0107i ih kako biste to\u010dno i te\u010dno izrazili svoje misli.<\/p>\n<\/div><\/div>\n\r\n<section class=\"learnNavigationSection\">\r\n            \r\n        <a href=\"https:\/\/talkpal.ai\/hr\/ucenje-finskog-jezika\/\">\r\n            <div class=\"learnNavigationWrapper\">\r\n                <div class=\"learnNavigationContent\">\r\n                    <img decoding=\"async\" src=\"https:\/\/talkpal.ai\/wp-content\/uploads\/2024\/08\/Finnish.jpg\" alt=\"Finnish Flag\">\r\n                    <div>\r\n                        <h4>O u\u010denju finskog jezika<\/h4>\r\n                        <p>Saznajte sve o finskoj gramatici.<\/p>\r\n                    <\/div>\r\n                <\/div>\r\n            <\/div>\r\n        <\/a>\r\n\r\n        \r\n        <a href=\"https:\/\/talkpal.ai\/hr\/finska-gramatika\/\">\r\n            <div class=\"learnNavigationWrapper\">\r\n                <div class=\"learnNavigationContent\">\r\n                    <img decoding=\"async\" src=\"https:\/\/talkpal.ai\/wp-content\/uploads\/2024\/08\/Finnish.jpg\" alt=\"Finnish Flag\">\r\n                    <div>\r\n                        <h4>Lekcije finske gramatike<\/h4>\r\n                        <p>Vje\u017ebajte finsku gramatiku.<\/p>\r\n                    <\/div>\r\n                <\/div>\r\n            <\/div>\r\n        <\/a>\r\n\r\n        \r\n        <a href=\"https:\/\/talkpal.ai\/vocabulary_language\/finnish\/\">\r\n            <div class=\"learnNavigationWrapper\">\r\n                <div class=\"learnNavigationContent\">\r\n                    <img decoding=\"async\" src=\"https:\/\/talkpal.ai\/wp-content\/uploads\/2024\/08\/Finnish.jpg\" alt=\"Finnish Flag\">\r\n                    <div>\r\n                        <h4>Finski rje\u010dnik<\/h4>\r\n                        <p>Pro\u0161irite svoj finski vokabular.<\/p>\r\n                    <\/div>\r\n                <\/div>\r\n            <\/div>\r\n        <\/a>\r\n\r\n            <\/section>\n<p><\/p>\n","protected":false},"excerpt":{"rendered":"<p>Finske gramati\u010dke teme U\u010denje finskog jezika mo\u017ee biti korisno iskustvo za ljubitelje jezika, jer je to jedinstven i fascinantan jezik s bogatom kulturnom povije\u0161\u0107u. Finska gramatika u po\u010detku se mo\u017ee \u010diniti izazovnom, ali sustavnim pristupom i fokusom na bitne teme mo\u017eete stalno napredovati i na kraju postati te\u010dno govori ovaj prekrasan jezik. U ovom \u0107emo [&hellip;]<\/p>\n","protected":false},"author":6,"featured_media":106594,"parent":0,"menu_order":0,"comment_status":"closed","ping_status":"closed","template":"LearningContentPage.php","meta":{"_acf_changed":false,"footnotes":""},"class_list":["post-133961","page","type-page","status-publish","has-post-thumbnail","hentry"],"acf":[],"yoast_head":"<!-- This site is optimized with the Yoast SEO Premium plugin v27.2 (Yoast SEO v27.2) - https:\/\/yoast.com\/product\/yoast-seo-premium-wordpress\/ -->\n<title>Finske gramati\u010dke vje\u017ebe - Talkpal<\/title>\n<meta name=\"description\" content=\"Vje\u017ebajte i pobolj\u0161ajte svoje znanje finske gramatike uz ove interaktivne i u\u010dinkovite vje\u017ebe. Prikladno za sve razine u\u010denja.\" \/>\n<meta name=\"robots\" content=\"index, follow, max-snippet:-1, max-image-preview:large, max-video-preview:-1\" \/>\n<link rel=\"canonical\" href=\"https:\/\/talkpal.ai\/hr\/finske-gramaticke-vjezbe\/\" \/>\n<meta property=\"og:locale\" content=\"hr_HR\" \/>\n<meta property=\"og:type\" content=\"article\" \/>\n<meta property=\"og:title\" content=\"Finske gramati\u010dke vje\u017ebe\" \/>\n<meta property=\"og:description\" content=\"Finske gramati\u010dke teme U\u010denje finskog jezika mo\u017ee biti korisno iskustvo za ljubitelje jezika, jer je to jedinstven i fascinantan jezik s bogatom kulturnom\" \/>\n<meta property=\"og:url\" content=\"https:\/\/talkpal.ai\/hr\/finske-gramaticke-vjezbe\/\" \/>\n<meta property=\"og:site_name\" content=\"Talkpal\" \/>\n<meta property=\"article:publisher\" content=\"https:\/\/www.facebook.com\/profile.php?id=100090733639311\" \/>\n<meta property=\"article:modified_time\" content=\"2025-12-17T15:33:05+00:00\" \/>\n<meta property=\"og:image\" content=\"https:\/\/talkpal.ai\/wp-content\/uploads\/2023\/04\/finland.png\" \/>\n\t<meta property=\"og:image:width\" content=\"512\" \/>\n\t<meta property=\"og:image:height\" content=\"512\" \/>\n\t<meta property=\"og:image:type\" content=\"image\/png\" \/>\n<meta name=\"twitter:card\" content=\"summary_large_image\" \/>\n<meta name=\"twitter:site\" content=\"@talkpalai\" \/>\n<meta name=\"twitter:label1\" content=\"Procijenjeno vrijeme \u010ditanja\" \/>\n\t<meta name=\"twitter:data1\" content=\"2 minute\" \/>\n<script type=\"application\/ld+json\" class=\"yoast-schema-graph\">{\"@context\":\"https:\/\/schema.org\",\"@graph\":[{\"@type\":\"WebPage\",\"@id\":\"https:\/\/talkpal.ai\/hr\/finske-gramaticke-vjezbe\/\",\"url\":\"https:\/\/talkpal.ai\/hr\/finske-gramaticke-vjezbe\/\",\"name\":\"Finske gramati\u010dke vje\u017ebe - Talkpal\",\"isPartOf\":{\"@id\":\"https:\/\/talkpal.ai\/hr\/#website\"},\"primaryImageOfPage\":{\"@id\":\"https:\/\/talkpal.ai\/hr\/finske-gramaticke-vjezbe\/#primaryimage\"},\"image\":{\"@id\":\"https:\/\/talkpal.ai\/hr\/finske-gramaticke-vjezbe\/#primaryimage\"},\"thumbnailUrl\":\"https:\/\/talkpal.ai\/wp-content\/uploads\/2023\/04\/finland.png\",\"datePublished\":\"2023-06-16T10:07:13+00:00\",\"dateModified\":\"2025-12-17T15:33:05+00:00\",\"description\":\"Vje\u017ebajte i pobolj\u0161ajte svoje znanje finske gramatike uz ove interaktivne i u\u010dinkovite vje\u017ebe. Prikladno za sve razine u\u010denja.\",\"breadcrumb\":{\"@id\":\"https:\/\/talkpal.ai\/hr\/finske-gramaticke-vjezbe\/#breadcrumb\"},\"inLanguage\":\"hr\",\"potentialAction\":[{\"@type\":\"ReadAction\",\"target\":[\"https:\/\/talkpal.ai\/hr\/finske-gramaticke-vjezbe\/\"]}]},{\"@type\":\"ImageObject\",\"inLanguage\":\"hr\",\"@id\":\"https:\/\/talkpal.ai\/hr\/finske-gramaticke-vjezbe\/#primaryimage\",\"url\":\"https:\/\/talkpal.ai\/wp-content\/uploads\/2023\/04\/finland.png\",\"contentUrl\":\"https:\/\/talkpal.ai\/wp-content\/uploads\/2023\/04\/finland.png\",\"width\":512,\"height\":512,\"caption\":\"TalkPal finland Flag\"},{\"@type\":\"BreadcrumbList\",\"@id\":\"https:\/\/talkpal.ai\/hr\/finske-gramaticke-vjezbe\/#breadcrumb\",\"itemListElement\":[{\"@type\":\"ListItem\",\"position\":1,\"name\":\"Homepage\",\"item\":\"https:\/\/talkpal.ai\/hr\/\"},{\"@type\":\"ListItem\",\"position\":2,\"name\":\"Finske gramati\u010dke vje\u017ebe\"}]},{\"@type\":\"WebSite\",\"@id\":\"https:\/\/talkpal.ai\/hr\/#website\",\"url\":\"https:\/\/talkpal.ai\/hr\/\",\"name\":\"Talkpal\",\"description\":\"AI Language Learning\",\"publisher\":{\"@id\":\"https:\/\/talkpal.ai\/hr\/#organization\"},\"alternateName\":\"Talkpal AI\",\"potentialAction\":[{\"@type\":\"SearchAction\",\"target\":{\"@type\":\"EntryPoint\",\"urlTemplate\":\"https:\/\/talkpal.ai\/hr\/?s={search_term_string}\"},\"query-input\":{\"@type\":\"PropertyValueSpecification\",\"valueRequired\":true,\"valueName\":\"search_term_string\"}}],\"inLanguage\":\"hr\"},{\"@type\":\"Organization\",\"@id\":\"https:\/\/talkpal.ai\/hr\/#organization\",\"name\":\"Talkpal, Inc.\",\"alternateName\":\"Talkpal AI\",\"url\":\"https:\/\/talkpal.ai\/hr\/\",\"logo\":{\"@type\":\"ImageObject\",\"inLanguage\":\"hr\",\"@id\":\"https:\/\/talkpal.ai\/hr\/#\/schema\/logo\/image\/\",\"url\":\"https:\/\/talkpal.ai\/wp-content\/uploads\/2024\/03\/Talkpal-Logo-Icon.png\",\"contentUrl\":\"https:\/\/talkpal.ai\/wp-content\/uploads\/2024\/03\/Talkpal-Logo-Icon.png\",\"width\":2880,\"height\":2880,\"caption\":\"Talkpal, Inc.\"},\"image\":{\"@id\":\"https:\/\/talkpal.ai\/hr\/#\/schema\/logo\/image\/\"},\"sameAs\":[\"https:\/\/www.facebook.com\/profile.php?id=100090733639311\",\"https:\/\/x.com\/talkpalai\",\"https:\/\/www.linkedin.com\/company\/talkpal\/\",\"https:\/\/www.youtube.com\/@TalkPal\/\",\"https:\/\/www.tiktok.com\/@talkpal\",\"https:\/\/www.instagram.com\/talkpal_ai\/\",\"https:\/\/www.crunchbase.com\/organization\/talkpal-9cde\",\"https:\/\/www.g2.com\/products\/talkpal-for-business\/\",\"https:\/\/www.trustpilot.com\/review\/talkpal.ai\",\"https:\/\/www.capterra.com\/p\/10006800\/TalkPal\/\"],\"description\":\"Talkpal is a language learning web and mobile education app, powered by the latest AI technologies, that provides engaging experiences to its customers in many different languages to help them improve their language skills. Users can chat about unlimited amount of topics with the app and use other modes to practice their language learning.\",\"email\":\"support@talkpal.ai\",\"legalName\":\"Talkpal, Inc.\",\"foundingDate\":\"2023-04-03\",\"duns\":\"118989042\",\"numberOfEmployees\":{\"@type\":\"QuantitativeValue\",\"minValue\":\"11\",\"maxValue\":\"50\"},\"publishingPrinciples\":\"https:\/\/talkpal.ai\/publishing-principles\/\",\"actionableFeedbackPolicy\":\"https:\/\/talkpal.ai\/actionable-feedback-policy\/\",\"correctionsPolicy\":\"https:\/\/talkpal.ai\/corrections-policy\/\",\"ethicsPolicy\":\"https:\/\/talkpal.ai\/ethics-policy\/\",\"diversityPolicy\":\"https:\/\/talkpal.ai\/diversity-policy\/\",\"diversityStaffingReport\":\"https:\/\/talkpal.ai\/diversity-policy\/\"}]}<\/script>\n<!-- \/ Yoast SEO Premium plugin. -->","yoast_head_json":{"title":"Finske gramati\u010dke vje\u017ebe - Talkpal","description":"Vje\u017ebajte i pobolj\u0161ajte svoje znanje finske gramatike uz ove interaktivne i u\u010dinkovite vje\u017ebe. Prikladno za sve razine u\u010denja.","robots":{"index":"index","follow":"follow","max-snippet":"max-snippet:-1","max-image-preview":"max-image-preview:large","max-video-preview":"max-video-preview:-1"},"canonical":"https:\/\/talkpal.ai\/hr\/finske-gramaticke-vjezbe\/","og_locale":"hr_HR","og_type":"article","og_title":"Finske gramati\u010dke vje\u017ebe","og_description":"Finske gramati\u010dke teme U\u010denje finskog jezika mo\u017ee biti korisno iskustvo za ljubitelje jezika, jer je to jedinstven i fascinantan jezik s bogatom kulturnom","og_url":"https:\/\/talkpal.ai\/hr\/finske-gramaticke-vjezbe\/","og_site_name":"Talkpal","article_publisher":"https:\/\/www.facebook.com\/profile.php?id=100090733639311","article_modified_time":"2025-12-17T15:33:05+00:00","og_image":[{"width":512,"height":512,"url":"https:\/\/talkpal.ai\/wp-content\/uploads\/2023\/04\/finland.png","type":"image\/png"}],"twitter_card":"summary_large_image","twitter_site":"@talkpalai","twitter_misc":{"Procijenjeno vrijeme \u010ditanja":"2 minute"},"schema":{"@context":"https:\/\/schema.org","@graph":[{"@type":"WebPage","@id":"https:\/\/talkpal.ai\/hr\/finske-gramaticke-vjezbe\/","url":"https:\/\/talkpal.ai\/hr\/finske-gramaticke-vjezbe\/","name":"Finske gramati\u010dke vje\u017ebe - Talkpal","isPartOf":{"@id":"https:\/\/talkpal.ai\/hr\/#website"},"primaryImageOfPage":{"@id":"https:\/\/talkpal.ai\/hr\/finske-gramaticke-vjezbe\/#primaryimage"},"image":{"@id":"https:\/\/talkpal.ai\/hr\/finske-gramaticke-vjezbe\/#primaryimage"},"thumbnailUrl":"https:\/\/talkpal.ai\/wp-content\/uploads\/2023\/04\/finland.png","datePublished":"2023-06-16T10:07:13+00:00","dateModified":"2025-12-17T15:33:05+00:00","description":"Vje\u017ebajte i pobolj\u0161ajte svoje znanje finske gramatike uz ove interaktivne i u\u010dinkovite vje\u017ebe. Prikladno za sve razine u\u010denja.","breadcrumb":{"@id":"https:\/\/talkpal.ai\/hr\/finske-gramaticke-vjezbe\/#breadcrumb"},"inLanguage":"hr","potentialAction":[{"@type":"ReadAction","target":["https:\/\/talkpal.ai\/hr\/finske-gramaticke-vjezbe\/"]}]},{"@type":"ImageObject","inLanguage":"hr","@id":"https:\/\/talkpal.ai\/hr\/finske-gramaticke-vjezbe\/#primaryimage","url":"https:\/\/talkpal.ai\/wp-content\/uploads\/2023\/04\/finland.png","contentUrl":"https:\/\/talkpal.ai\/wp-content\/uploads\/2023\/04\/finland.png","width":512,"height":512,"caption":"TalkPal finland Flag"},{"@type":"BreadcrumbList","@id":"https:\/\/talkpal.ai\/hr\/finske-gramaticke-vjezbe\/#breadcrumb","itemListElement":[{"@type":"ListItem","position":1,"name":"Homepage","item":"https:\/\/talkpal.ai\/hr\/"},{"@type":"ListItem","position":2,"name":"Finske gramati\u010dke vje\u017ebe"}]},{"@type":"WebSite","@id":"https:\/\/talkpal.ai\/hr\/#website","url":"https:\/\/talkpal.ai\/hr\/","name":"Talkpal","description":"AI Language Learning","publisher":{"@id":"https:\/\/talkpal.ai\/hr\/#organization"},"alternateName":"Talkpal AI","potentialAction":[{"@type":"SearchAction","target":{"@type":"EntryPoint","urlTemplate":"https:\/\/talkpal.ai\/hr\/?s={search_term_string}"},"query-input":{"@type":"PropertyValueSpecification","valueRequired":true,"valueName":"search_term_string"}}],"inLanguage":"hr"},{"@type":"Organization","@id":"https:\/\/talkpal.ai\/hr\/#organization","name":"Talkpal, Inc.","alternateName":"Talkpal AI","url":"https:\/\/talkpal.ai\/hr\/","logo":{"@type":"ImageObject","inLanguage":"hr","@id":"https:\/\/talkpal.ai\/hr\/#\/schema\/logo\/image\/","url":"https:\/\/talkpal.ai\/wp-content\/uploads\/2024\/03\/Talkpal-Logo-Icon.png","contentUrl":"https:\/\/talkpal.ai\/wp-content\/uploads\/2024\/03\/Talkpal-Logo-Icon.png","width":2880,"height":2880,"caption":"Talkpal, Inc."},"image":{"@id":"https:\/\/talkpal.ai\/hr\/#\/schema\/logo\/image\/"},"sameAs":["https:\/\/www.facebook.com\/profile.php?id=100090733639311","https:\/\/x.com\/talkpalai","https:\/\/www.linkedin.com\/company\/talkpal\/","https:\/\/www.youtube.com\/@TalkPal\/","https:\/\/www.tiktok.com\/@talkpal","https:\/\/www.instagram.com\/talkpal_ai\/","https:\/\/www.crunchbase.com\/organization\/talkpal-9cde","https:\/\/www.g2.com\/products\/talkpal-for-business\/","https:\/\/www.trustpilot.com\/review\/talkpal.ai","https:\/\/www.capterra.com\/p\/10006800\/TalkPal\/"],"description":"Talkpal is a language learning web and mobile education app, powered by the latest AI technologies, that provides engaging experiences to its customers in many different languages to help them improve their language skills. Users can chat about unlimited amount of topics with the app and use other modes to practice their language learning.","email":"support@talkpal.ai","legalName":"Talkpal, Inc.","foundingDate":"2023-04-03","duns":"118989042","numberOfEmployees":{"@type":"QuantitativeValue","minValue":"11","maxValue":"50"},"publishingPrinciples":"https:\/\/talkpal.ai\/publishing-principles\/","actionableFeedbackPolicy":"https:\/\/talkpal.ai\/actionable-feedback-policy\/","correctionsPolicy":"https:\/\/talkpal.ai\/corrections-policy\/","ethicsPolicy":"https:\/\/talkpal.ai\/ethics-policy\/","diversityPolicy":"https:\/\/talkpal.ai\/diversity-policy\/","diversityStaffingReport":"https:\/\/talkpal.ai\/diversity-policy\/"}]}},"_links":{"self":[{"href":"https:\/\/talkpal.ai\/hr\/wp-json\/wp\/v2\/pages\/133961","targetHints":{"allow":["GET"]}}],"collection":[{"href":"https:\/\/talkpal.ai\/hr\/wp-json\/wp\/v2\/pages"}],"about":[{"href":"https:\/\/talkpal.ai\/hr\/wp-json\/wp\/v2\/types\/page"}],"author":[{"embeddable":true,"href":"https:\/\/talkpal.ai\/hr\/wp-json\/wp\/v2\/users\/6"}],"replies":[{"embeddable":true,"href":"https:\/\/talkpal.ai\/hr\/wp-json\/wp\/v2\/comments?post=133961"}],"version-history":[{"count":0,"href":"https:\/\/talkpal.ai\/hr\/wp-json\/wp\/v2\/pages\/133961\/revisions"}],"wp:featuredmedia":[{"embeddable":true,"href":"https:\/\/talkpal.ai\/hr\/wp-json\/wp\/v2\/media\/106594"}],"wp:attachment":[{"href":"https:\/\/talkpal.ai\/hr\/wp-json\/wp\/v2\/media?parent=133961"}],"curies":[{"name":"wp","href":"https:\/\/api.w.org\/{rel}","templated":true}]}}