{"id":133189,"date":"2023-06-16T09:41:10","date_gmt":"2023-06-16T09:41:10","guid":{"rendered":"http:\/\/talkpal.ai\/vjezbe-nizozemske-gramatike\/"},"modified":"2025-12-17T15:28:40","modified_gmt":"2025-12-17T15:28:40","slug":"vjezbe-nizozemske-gramatike","status":"publish","type":"page","link":"https:\/\/talkpal.ai\/hr\/vjezbe-nizozemske-gramatike\/","title":{"rendered":"Vje\u017ebe nizozemske gramatike"},"content":{"rendered":"\r\n\r\n\r\n<section class=\"languageChallengeSection\">\r\n    <div class=\"languageInfoWrapper\">\r\n        \r\n        <h1>Vje\u017ebe nizozemske gramatike<\/h1>\r\n        <p>\u017delite li ste\u0107i vi\u0161e samopouzdanja u nizozemskom jeziku? Vje\u017ebanje gramati\u010dkih vje\u017ebi odli\u010dan je na\u010din za svladavanje re\u010deni\u010dne strukture, konjugacija glagola i jedinstvenih obrazaca nizozemskog jezika. Po\u010dnite raditi na nizozemskoj gramatici ve\u0107 danas i gledajte kako vam vje\u0161tine i te\u010dnost rastu sa svakom vje\u017ebom!\n\n<\/p>\r\n\r\n                            <a class=\"getStartedHidden\" href=\"https:\/\/app.talkpal.ai\/hr\/signup?lng=\">Zapo\u010dni<\/a>\r\n        \r\n    <\/div>\r\n\r\n    <figure>\r\n    <img decoding=\"async\" width=\"768\" height=\"768\" src=\"https:\/\/talkpal.ai\/wp-content\/uploads\/2023\/06\/Dutch-768x768.png\" class=\"languageImage no-lazy\" alt=\"Developing skills through language learning\" fetchpriority=\"high\" sizes=\"(max-width: 768px) 150px, 768px\" srcset=\"https:\/\/talkpal.ai\/wp-content\/uploads\/2023\/06\/Dutch-768x768.png 768w, https:\/\/talkpal.ai\/wp-content\/uploads\/2023\/06\/Dutch-300x300.png 300w\" \/>\r\n    \r\n\r\n    <\/figure>\r\n\r\n            <a class=\"getStartedVisible\" href=\"https:\/\/app.talkpal.ai\/hr\/signup?lng=\">Zapo\u010dni<\/a>\r\n    \r\n<\/section>\r\n\r\n\r\n<!-- <section class=\"grammarSection\">\r\n    <div class=\"grammarLinks\">\r\n            <\/div>\r\n<\/section> -->\r\n\r\n\r\n\r\n\r\n<section class=\"promotionalBanner\">\r\n    <p class=\"promotionalText\">Naju\u010dinkovitiji na\u010din u\u010denja jezika<\/p>\r\n    <a class=\"promotionalLink\" href=\"https:\/\/app.talkpal.ai\/hr\/signup?lng=\">Isprobajte Talkpal besplatno<\/a>\r\n<\/section>\n<div class=\"wp-block-group pageContainerStyle\"><div class=\"wp-block-group__inner-container is-layout-constrained wp-block-group-is-layout-constrained\">\n<h2 class=\"wp-block-heading\" id=\"h-dutch-grammar-topics\">Teme nizozemske gramatike<\/h2>\n\n\n\n<p>U\u010denje nizozemskog jezika mo\u017ee biti uzbudljivo i korisno iskustvo jer otvara vrata bogatoj kulturi, povijesti i mogu\u0107nostima za osobni i profesionalni rast. <a href=\"https:\/\/talkpal.ai\/learn-dutch\/\">Nizozemski<\/a> jezik, iako usko povezan s engleskim i njema\u010dkim, ima svoja jedinstvena gramati\u010dka pravila i strukturu, \u0161to se u po\u010detku mo\u017ee \u010diniti izazovnim. Me\u0111utim, predano\u0161\u0107u i pravim pristupom mo\u017eete ovladati nizozemskim jezikom i te\u010dno komunicirati s izvornim govornicima. U ovom \u0107emo vodi\u010du istra\u017eiti neke bitne nizozemske gramati\u010dke teme, grupirane u nizu koji \u0107e vam pomo\u0107i da sustavno i u\u010dinkovito nau\u010dite jezik.<\/p>\n\n\n\n<h3 class=\"wp-block-heading\" id=\"h-1-nouns-and-articles\">1. Imenice i \u010dlanci:<\/h3>\n\n\n\n<p><a href=\"https:\/\/talkpal.ai\/ko\/ai-%ec%96%b8%ec%96%b4-%ea%b5%90%ec%82%ac\/\">Zapo\u010dnite<\/a> upoznavanjem s nizozemskim imenicama i njihovom rodnom klasifikacijom (uobi\u010dajenom i srednjom). Nau\u010dite definitivne i neodre\u0111ene \u010dlanke koji ih prate, kao i oblike mno\u017eine i umanjene zavr\u0161etke.<\/p>\n\n\n\n<h3 class=\"wp-block-heading\" id=\"h-2-adjectives\">2. Pridjevi:<\/h3>\n\n\n\n<p>Zatim prou\u010dite pravila za pridjevski sporazum s imenicama u smislu spola, broja i prisutnosti odre\u0111enih \u010dlanaka. Saznajte kako se pridjevi unose na temelju tih \u010dimbenika i kako koristiti komparativne i superlativne oblike.<\/p>\n\n\n\n<h3 class=\"wp-block-heading\" id=\"h-3-pronouns\">3. Zamjenice:<\/h3>\n\n\n\n<p>Zaronite u svijet nizozemskih zamjenica, uklju\u010duju\u0107i osobne, posesivne, demonstrativne, refleksivne i relativne zamjenice. Shvatite kako zamjenjuju imenice i kako se sla\u017eu s njima u smislu spola i broja.<\/p>\n\n\n\n<h3 class=\"wp-block-heading\" id=\"h-4-verbs\">4. Glagoli:<\/h3>\n\n\n\n<p>Sada se usredoto\u010dite na nizozemske glagole i njihove obrasce konjugacije u sada\u0161njim, pro\u0161lim i budu\u0107im vremenima. Nau\u010dite razliku izme\u0111u jakih, slabih i nepravilnih glagola i upoznajte se s pravilima za formiranje savr\u0161enih i pluperfektnih vremena.<\/p>\n\n\n\n<h3 class=\"wp-block-heading\" id=\"h-5-tenses-indicative\">5. Indikativna vremena:<\/h3>\n\n\n\n<p>Prou\u010dite indikativno raspolo\u017eenje na nizozemskom, koje se koristi za izra\u017eavanje izjava o \u010dinjenicama i vjerojatnosti. Nau\u010dite kako konjugirati glagole u sada\u0161njem, pro\u0161lom i budu\u0107em vremenu u ovom raspolo\u017eenju, kao i uvjetne i imperativne oblike.<\/p>\n\n\n\n<h3 class=\"wp-block-heading\" id=\"h-6-tenses-subjunctive\">6. Vremena konjunktivna:<\/h3>\n\n\n\n<p>Iako rje\u0111e na suvremenom nizozemskom, konjunktivno raspolo\u017eenje klju\u010dno je za razumijevanje starijih tekstova i formalnog jezika. Nau\u010dite kako formirati konjunktivno raspolo\u017eenje na nizozemskom i kada ga koristiti.<\/p>\n\n\n\n<h3 class=\"wp-block-heading\" id=\"h-7-tense-comparison\">7. Napeta usporedba:<\/h3>\n\n\n\n<p>Nakon svladavanja razli\u010ditih vremena, usredoto\u010dite se na razumijevanje razlika i sli\u010dnosti izme\u0111u njih. Saznajte kako pravilno koristiti svako vrijeme u kontekstu i kako me\u0111usobno djeluju.<\/p>\n\n\n\n<h3 class=\"wp-block-heading\" id=\"h-8-adverbs\">8. Prilozi:<\/h3>\n\n\n\n<p>Prou\u010dite nizozemske priloge i njihove razli\u010dite funkcije u re\u010denicama. Nau\u010dite kako oblikovati priloge iz pridjeva i kako ih koristiti za izmjenu glagola, pridjeva i drugih priloga.<\/p>\n\n\n\n<h3 class=\"wp-block-heading\" id=\"h-9-prepositions\">9. Prijedlozi:<\/h3>\n\n\n\n<p>Razvijte sna\u017eno razumijevanje nizozemskih prijedloga i njihove uporabe s imenicama, zamjenicama i glagolima. Saznajte kako izra\u017eavaju odnose u vremenu, prostoru i drugim kontekstima.<\/p>\n\n\n\n<h3 class=\"wp-block-heading\" id=\"h-10-sentence-structure\">10. Struktura re\u010denice:<\/h3>\n\n\n\n<p>Kona\u010dno, sve to spojite prou\u010davanjem nizozemske strukture re\u010denica i redoslijeda rije\u010di. Nau\u010dite pravila za konstruiranje jednostavnih i slo\u017eenih re\u010denica, uklju\u010duju\u0107i deklarativne, upitne, imperativne i uskli\u010dnike.<\/p>\n\n\n\n<p>Slijede\u0107i ovaj slijed gramati\u010dkih tema i posve\u0107uju\u0107i vrijeme vje\u017ebanju i pregledu, bit \u0107ete na dobrom putu da savladate <a href=\"https:\/\/talkpal.ai\/learn-dutch\/\">nizozemski<\/a> jezik. Zapamtite, dosljednost i strpljenje klju\u010dni su u u\u010denju bilo kojeg novog jezika. Sretno i u\u017eivajte u putovanju!<\/p>\n<\/div><\/div>\n\r\n<section class=\"learnNavigationSection\">\r\n            \r\n        <a href=\"https:\/\/talkpal.ai\/hr\/ucenje-nizozemskog-jezika\/\">\r\n            <div class=\"learnNavigationWrapper\">\r\n                <div class=\"learnNavigationContent\">\r\n                    <img decoding=\"async\" src=\"https:\/\/talkpal.ai\/wp-content\/uploads\/2024\/08\/Dutch.jpg\" alt=\"Netherlands Flag\">\r\n                    <div>\r\n                        <h4>O u\u010denju nizozemskog<\/h4>\r\n                        <p>Saznajte sve o nizozemskoj gramatici.<\/p>\r\n                    <\/div>\r\n                <\/div>\r\n            <\/div>\r\n        <\/a>\r\n\r\n        \r\n        <a href=\"https:\/\/talkpal.ai\/hr\/nizozemska-gramatika\/\">\r\n            <div class=\"learnNavigationWrapper\">\r\n                <div class=\"learnNavigationContent\">\r\n                    <img decoding=\"async\" src=\"https:\/\/talkpal.ai\/wp-content\/uploads\/2024\/08\/Dutch.jpg\" alt=\"Netherlands Flag\">\r\n                    <div>\r\n                        <h4>Lekcije nizozemske gramatike<\/h4>\r\n                        <p>Vje\u017ebajte nizozemsku gramatiku.<\/p>\r\n                    <\/div>\r\n                <\/div>\r\n            <\/div>\r\n        <\/a>\r\n\r\n        \r\n        <a href=\"https:\/\/talkpal.ai\/vocabulary_language\/dutch\/\">\r\n            <div class=\"learnNavigationWrapper\">\r\n                <div class=\"learnNavigationContent\">\r\n                    <img decoding=\"async\" src=\"https:\/\/talkpal.ai\/wp-content\/uploads\/2024\/08\/Dutch.jpg\" alt=\"Netherlands Flag\">\r\n                    <div>\r\n                        <h4>nizozemski rje\u010dnik<\/h4>\r\n                        <p>Pro\u0161irite svoj vokabular nizozemskog.<\/p>\r\n                    <\/div>\r\n                <\/div>\r\n            <\/div>\r\n        <\/a>\r\n\r\n            <\/section>","protected":false},"excerpt":{"rendered":"<p>Teme nizozemske gramatike U\u010denje nizozemskog jezika mo\u017ee biti uzbudljivo i korisno iskustvo jer otvara vrata bogatoj kulturi, povijesti i mogu\u0107nostima za osobni i profesionalni rast. Nizozemski jezik, iako usko povezan s engleskim i njema\u010dkim, ima svoja jedinstvena gramati\u010dka pravila i strukturu, \u0161to se u po\u010detku mo\u017ee \u010diniti izazovnim. Me\u0111utim, predano\u0161\u0107u i pravim pristupom mo\u017eete ovladati [&hellip;]<\/p>\n","protected":false},"author":6,"featured_media":106279,"parent":0,"menu_order":0,"comment_status":"closed","ping_status":"closed","template":"LearningContentPage.php","meta":{"_acf_changed":false,"footnotes":""},"class_list":["post-133189","page","type-page","status-publish","has-post-thumbnail","hentry"],"acf":[],"yoast_head":"<!-- This site is optimized with the Yoast SEO Premium plugin v27.2 (Yoast SEO v27.2) - https:\/\/yoast.com\/product\/yoast-seo-premium-wordpress\/ -->\n<title>Vje\u017ebe nizozemske gramatike - Talkpal<\/title>\n<meta name=\"description\" content=\"Pobolj\u0161ajte svoje jezi\u010dne vje\u0161tine interaktivnim vje\u017ebama nizozemske gramatike od Talkpal , va\u0161eg jezi\u010dnog tutora s umjetnom inteligencijom.\" \/>\n<meta name=\"robots\" content=\"index, follow, max-snippet:-1, max-image-preview:large, max-video-preview:-1\" \/>\n<link rel=\"canonical\" href=\"https:\/\/talkpal.ai\/hr\/vjezbe-nizozemske-gramatike\/\" \/>\n<meta property=\"og:locale\" content=\"hr_HR\" \/>\n<meta property=\"og:type\" content=\"article\" \/>\n<meta property=\"og:title\" content=\"Vje\u017ebe nizozemske gramatike\" \/>\n<meta property=\"og:description\" content=\"Teme nizozemske gramatike U\u010denje nizozemskog jezika mo\u017ee biti uzbudljivo i korisno iskustvo jer otvara vrata bogatoj kulturi, povijesti i mogu\u0107nostima za\" \/>\n<meta property=\"og:url\" content=\"https:\/\/talkpal.ai\/hr\/vjezbe-nizozemske-gramatike\/\" \/>\n<meta property=\"og:site_name\" content=\"Talkpal\" \/>\n<meta property=\"article:publisher\" content=\"https:\/\/www.facebook.com\/profile.php?id=100090733639311\" \/>\n<meta property=\"article:modified_time\" content=\"2025-12-17T15:28:40+00:00\" \/>\n<meta property=\"og:image\" content=\"https:\/\/talkpal.ai\/wp-content\/uploads\/2023\/04\/netherlands-dutch.png\" \/>\n\t<meta property=\"og:image:width\" content=\"512\" \/>\n\t<meta property=\"og:image:height\" content=\"512\" \/>\n\t<meta property=\"og:image:type\" content=\"image\/png\" \/>\n<meta name=\"twitter:card\" content=\"summary_large_image\" \/>\n<meta name=\"twitter:site\" content=\"@talkpalai\" \/>\n<meta name=\"twitter:label1\" content=\"Procijenjeno vrijeme \u010ditanja\" \/>\n\t<meta name=\"twitter:data1\" content=\"2 minute\" \/>\n<script type=\"application\/ld+json\" class=\"yoast-schema-graph\">{\"@context\":\"https:\/\/schema.org\",\"@graph\":[{\"@type\":\"WebPage\",\"@id\":\"https:\/\/talkpal.ai\/hr\/vjezbe-nizozemske-gramatike\/\",\"url\":\"https:\/\/talkpal.ai\/hr\/vjezbe-nizozemske-gramatike\/\",\"name\":\"Vje\u017ebe nizozemske gramatike - Talkpal\",\"isPartOf\":{\"@id\":\"https:\/\/talkpal.ai\/hr\/#website\"},\"primaryImageOfPage\":{\"@id\":\"https:\/\/talkpal.ai\/hr\/vjezbe-nizozemske-gramatike\/#primaryimage\"},\"image\":{\"@id\":\"https:\/\/talkpal.ai\/hr\/vjezbe-nizozemske-gramatike\/#primaryimage\"},\"thumbnailUrl\":\"https:\/\/talkpal.ai\/wp-content\/uploads\/2023\/04\/netherlands-dutch.png\",\"datePublished\":\"2023-06-16T09:41:10+00:00\",\"dateModified\":\"2025-12-17T15:28:40+00:00\",\"description\":\"Pobolj\u0161ajte svoje jezi\u010dne vje\u0161tine interaktivnim vje\u017ebama nizozemske gramatike od Talkpal , va\u0161eg jezi\u010dnog tutora s umjetnom inteligencijom.\",\"breadcrumb\":{\"@id\":\"https:\/\/talkpal.ai\/hr\/vjezbe-nizozemske-gramatike\/#breadcrumb\"},\"inLanguage\":\"hr\",\"potentialAction\":[{\"@type\":\"ReadAction\",\"target\":[\"https:\/\/talkpal.ai\/hr\/vjezbe-nizozemske-gramatike\/\"]}]},{\"@type\":\"ImageObject\",\"inLanguage\":\"hr\",\"@id\":\"https:\/\/talkpal.ai\/hr\/vjezbe-nizozemske-gramatike\/#primaryimage\",\"url\":\"https:\/\/talkpal.ai\/wp-content\/uploads\/2023\/04\/netherlands-dutch.png\",\"contentUrl\":\"https:\/\/talkpal.ai\/wp-content\/uploads\/2023\/04\/netherlands-dutch.png\",\"width\":512,\"height\":512},{\"@type\":\"BreadcrumbList\",\"@id\":\"https:\/\/talkpal.ai\/hr\/vjezbe-nizozemske-gramatike\/#breadcrumb\",\"itemListElement\":[{\"@type\":\"ListItem\",\"position\":1,\"name\":\"Homepage\",\"item\":\"https:\/\/talkpal.ai\/hr\/\"},{\"@type\":\"ListItem\",\"position\":2,\"name\":\"Vje\u017ebe nizozemske gramatike\"}]},{\"@type\":\"WebSite\",\"@id\":\"https:\/\/talkpal.ai\/hr\/#website\",\"url\":\"https:\/\/talkpal.ai\/hr\/\",\"name\":\"Talkpal\",\"description\":\"AI Language Learning\",\"publisher\":{\"@id\":\"https:\/\/talkpal.ai\/hr\/#organization\"},\"alternateName\":\"Talkpal AI\",\"potentialAction\":[{\"@type\":\"SearchAction\",\"target\":{\"@type\":\"EntryPoint\",\"urlTemplate\":\"https:\/\/talkpal.ai\/hr\/?s={search_term_string}\"},\"query-input\":{\"@type\":\"PropertyValueSpecification\",\"valueRequired\":true,\"valueName\":\"search_term_string\"}}],\"inLanguage\":\"hr\"},{\"@type\":\"Organization\",\"@id\":\"https:\/\/talkpal.ai\/hr\/#organization\",\"name\":\"Talkpal, Inc.\",\"alternateName\":\"Talkpal AI\",\"url\":\"https:\/\/talkpal.ai\/hr\/\",\"logo\":{\"@type\":\"ImageObject\",\"inLanguage\":\"hr\",\"@id\":\"https:\/\/talkpal.ai\/hr\/#\/schema\/logo\/image\/\",\"url\":\"https:\/\/talkpal.ai\/wp-content\/uploads\/2024\/03\/Talkpal-Logo-Icon.png\",\"contentUrl\":\"https:\/\/talkpal.ai\/wp-content\/uploads\/2024\/03\/Talkpal-Logo-Icon.png\",\"width\":2880,\"height\":2880,\"caption\":\"Talkpal, Inc.\"},\"image\":{\"@id\":\"https:\/\/talkpal.ai\/hr\/#\/schema\/logo\/image\/\"},\"sameAs\":[\"https:\/\/www.facebook.com\/profile.php?id=100090733639311\",\"https:\/\/x.com\/talkpalai\",\"https:\/\/www.linkedin.com\/company\/talkpal\/\",\"https:\/\/www.youtube.com\/@TalkPal\/\",\"https:\/\/www.tiktok.com\/@talkpal\",\"https:\/\/www.instagram.com\/talkpal_ai\/\",\"https:\/\/www.crunchbase.com\/organization\/talkpal-9cde\",\"https:\/\/www.g2.com\/products\/talkpal-for-business\/\",\"https:\/\/www.trustpilot.com\/review\/talkpal.ai\",\"https:\/\/www.capterra.com\/p\/10006800\/TalkPal\/\"],\"description\":\"Talkpal is a language learning web and mobile education app, powered by the latest AI technologies, that provides engaging experiences to its customers in many different languages to help them improve their language skills. Users can chat about unlimited amount of topics with the app and use other modes to practice their language learning.\",\"email\":\"support@talkpal.ai\",\"legalName\":\"Talkpal, Inc.\",\"foundingDate\":\"2023-04-03\",\"duns\":\"118989042\",\"numberOfEmployees\":{\"@type\":\"QuantitativeValue\",\"minValue\":\"11\",\"maxValue\":\"50\"},\"publishingPrinciples\":\"https:\/\/talkpal.ai\/publishing-principles\/\",\"actionableFeedbackPolicy\":\"https:\/\/talkpal.ai\/actionable-feedback-policy\/\",\"correctionsPolicy\":\"https:\/\/talkpal.ai\/corrections-policy\/\",\"ethicsPolicy\":\"https:\/\/talkpal.ai\/ethics-policy\/\",\"diversityPolicy\":\"https:\/\/talkpal.ai\/diversity-policy\/\",\"diversityStaffingReport\":\"https:\/\/talkpal.ai\/diversity-policy\/\"}]}<\/script>\n<!-- \/ Yoast SEO Premium plugin. -->","yoast_head_json":{"title":"Vje\u017ebe nizozemske gramatike - Talkpal","description":"Pobolj\u0161ajte svoje jezi\u010dne vje\u0161tine interaktivnim vje\u017ebama nizozemske gramatike od Talkpal , va\u0161eg jezi\u010dnog tutora s umjetnom inteligencijom.","robots":{"index":"index","follow":"follow","max-snippet":"max-snippet:-1","max-image-preview":"max-image-preview:large","max-video-preview":"max-video-preview:-1"},"canonical":"https:\/\/talkpal.ai\/hr\/vjezbe-nizozemske-gramatike\/","og_locale":"hr_HR","og_type":"article","og_title":"Vje\u017ebe nizozemske gramatike","og_description":"Teme nizozemske gramatike U\u010denje nizozemskog jezika mo\u017ee biti uzbudljivo i korisno iskustvo jer otvara vrata bogatoj kulturi, povijesti i mogu\u0107nostima za","og_url":"https:\/\/talkpal.ai\/hr\/vjezbe-nizozemske-gramatike\/","og_site_name":"Talkpal","article_publisher":"https:\/\/www.facebook.com\/profile.php?id=100090733639311","article_modified_time":"2025-12-17T15:28:40+00:00","og_image":[{"width":512,"height":512,"url":"https:\/\/talkpal.ai\/wp-content\/uploads\/2023\/04\/netherlands-dutch.png","type":"image\/png"}],"twitter_card":"summary_large_image","twitter_site":"@talkpalai","twitter_misc":{"Procijenjeno vrijeme \u010ditanja":"2 minute"},"schema":{"@context":"https:\/\/schema.org","@graph":[{"@type":"WebPage","@id":"https:\/\/talkpal.ai\/hr\/vjezbe-nizozemske-gramatike\/","url":"https:\/\/talkpal.ai\/hr\/vjezbe-nizozemske-gramatike\/","name":"Vje\u017ebe nizozemske gramatike - Talkpal","isPartOf":{"@id":"https:\/\/talkpal.ai\/hr\/#website"},"primaryImageOfPage":{"@id":"https:\/\/talkpal.ai\/hr\/vjezbe-nizozemske-gramatike\/#primaryimage"},"image":{"@id":"https:\/\/talkpal.ai\/hr\/vjezbe-nizozemske-gramatike\/#primaryimage"},"thumbnailUrl":"https:\/\/talkpal.ai\/wp-content\/uploads\/2023\/04\/netherlands-dutch.png","datePublished":"2023-06-16T09:41:10+00:00","dateModified":"2025-12-17T15:28:40+00:00","description":"Pobolj\u0161ajte svoje jezi\u010dne vje\u0161tine interaktivnim vje\u017ebama nizozemske gramatike od Talkpal , va\u0161eg jezi\u010dnog tutora s umjetnom inteligencijom.","breadcrumb":{"@id":"https:\/\/talkpal.ai\/hr\/vjezbe-nizozemske-gramatike\/#breadcrumb"},"inLanguage":"hr","potentialAction":[{"@type":"ReadAction","target":["https:\/\/talkpal.ai\/hr\/vjezbe-nizozemske-gramatike\/"]}]},{"@type":"ImageObject","inLanguage":"hr","@id":"https:\/\/talkpal.ai\/hr\/vjezbe-nizozemske-gramatike\/#primaryimage","url":"https:\/\/talkpal.ai\/wp-content\/uploads\/2023\/04\/netherlands-dutch.png","contentUrl":"https:\/\/talkpal.ai\/wp-content\/uploads\/2023\/04\/netherlands-dutch.png","width":512,"height":512},{"@type":"BreadcrumbList","@id":"https:\/\/talkpal.ai\/hr\/vjezbe-nizozemske-gramatike\/#breadcrumb","itemListElement":[{"@type":"ListItem","position":1,"name":"Homepage","item":"https:\/\/talkpal.ai\/hr\/"},{"@type":"ListItem","position":2,"name":"Vje\u017ebe nizozemske gramatike"}]},{"@type":"WebSite","@id":"https:\/\/talkpal.ai\/hr\/#website","url":"https:\/\/talkpal.ai\/hr\/","name":"Talkpal","description":"AI Language Learning","publisher":{"@id":"https:\/\/talkpal.ai\/hr\/#organization"},"alternateName":"Talkpal AI","potentialAction":[{"@type":"SearchAction","target":{"@type":"EntryPoint","urlTemplate":"https:\/\/talkpal.ai\/hr\/?s={search_term_string}"},"query-input":{"@type":"PropertyValueSpecification","valueRequired":true,"valueName":"search_term_string"}}],"inLanguage":"hr"},{"@type":"Organization","@id":"https:\/\/talkpal.ai\/hr\/#organization","name":"Talkpal, Inc.","alternateName":"Talkpal AI","url":"https:\/\/talkpal.ai\/hr\/","logo":{"@type":"ImageObject","inLanguage":"hr","@id":"https:\/\/talkpal.ai\/hr\/#\/schema\/logo\/image\/","url":"https:\/\/talkpal.ai\/wp-content\/uploads\/2024\/03\/Talkpal-Logo-Icon.png","contentUrl":"https:\/\/talkpal.ai\/wp-content\/uploads\/2024\/03\/Talkpal-Logo-Icon.png","width":2880,"height":2880,"caption":"Talkpal, Inc."},"image":{"@id":"https:\/\/talkpal.ai\/hr\/#\/schema\/logo\/image\/"},"sameAs":["https:\/\/www.facebook.com\/profile.php?id=100090733639311","https:\/\/x.com\/talkpalai","https:\/\/www.linkedin.com\/company\/talkpal\/","https:\/\/www.youtube.com\/@TalkPal\/","https:\/\/www.tiktok.com\/@talkpal","https:\/\/www.instagram.com\/talkpal_ai\/","https:\/\/www.crunchbase.com\/organization\/talkpal-9cde","https:\/\/www.g2.com\/products\/talkpal-for-business\/","https:\/\/www.trustpilot.com\/review\/talkpal.ai","https:\/\/www.capterra.com\/p\/10006800\/TalkPal\/"],"description":"Talkpal is a language learning web and mobile education app, powered by the latest AI technologies, that provides engaging experiences to its customers in many different languages to help them improve their language skills. Users can chat about unlimited amount of topics with the app and use other modes to practice their language learning.","email":"support@talkpal.ai","legalName":"Talkpal, Inc.","foundingDate":"2023-04-03","duns":"118989042","numberOfEmployees":{"@type":"QuantitativeValue","minValue":"11","maxValue":"50"},"publishingPrinciples":"https:\/\/talkpal.ai\/publishing-principles\/","actionableFeedbackPolicy":"https:\/\/talkpal.ai\/actionable-feedback-policy\/","correctionsPolicy":"https:\/\/talkpal.ai\/corrections-policy\/","ethicsPolicy":"https:\/\/talkpal.ai\/ethics-policy\/","diversityPolicy":"https:\/\/talkpal.ai\/diversity-policy\/","diversityStaffingReport":"https:\/\/talkpal.ai\/diversity-policy\/"}]}},"_links":{"self":[{"href":"https:\/\/talkpal.ai\/hr\/wp-json\/wp\/v2\/pages\/133189","targetHints":{"allow":["GET"]}}],"collection":[{"href":"https:\/\/talkpal.ai\/hr\/wp-json\/wp\/v2\/pages"}],"about":[{"href":"https:\/\/talkpal.ai\/hr\/wp-json\/wp\/v2\/types\/page"}],"author":[{"embeddable":true,"href":"https:\/\/talkpal.ai\/hr\/wp-json\/wp\/v2\/users\/6"}],"replies":[{"embeddable":true,"href":"https:\/\/talkpal.ai\/hr\/wp-json\/wp\/v2\/comments?post=133189"}],"version-history":[{"count":0,"href":"https:\/\/talkpal.ai\/hr\/wp-json\/wp\/v2\/pages\/133189\/revisions"}],"wp:featuredmedia":[{"embeddable":true,"href":"https:\/\/talkpal.ai\/hr\/wp-json\/wp\/v2\/media\/106279"}],"wp:attachment":[{"href":"https:\/\/talkpal.ai\/hr\/wp-json\/wp\/v2\/media?parent=133189"}],"curies":[{"name":"wp","href":"https:\/\/api.w.org\/{rel}","templated":true}]}}