{"id":132859,"date":"2023-06-16T09:39:29","date_gmt":"2023-06-16T09:39:29","guid":{"rendered":"http:\/\/talkpal.ai\/vjezbe-kineske-gramatike\/"},"modified":"2025-05-22T21:25:36","modified_gmt":"2025-05-22T21:25:36","slug":"vjezbe-kineske-gramatike","status":"publish","type":"page","link":"https:\/\/talkpal.ai\/hr\/vjezbe-kineske-gramatike\/","title":{"rendered":"Vje\u017ebe kineske gramatike"},"content":{"rendered":"\r\n\r\n\r\n<section class=\"languageChallengeSection\">\r\n    <div class=\"languageInfoWrapper\">\r\n        \r\n        <h1>Vje\u017ebe kineske gramatike<\/h1>\r\n        <p>\u017delite li unaprijediti svoje znanje kineskog jezika? Fokusiranje na gramati\u010dke vje\u017ebe pomo\u0107i \u0107e vam da razumijete strukturu re\u010denica, savladate bitne obrasce i izgradite samopouzdanje u svakodnevnim razgovorima. Po\u010dnite vje\u017ebati kinesku gramatiku ve\u0107 danas i sa svakom vje\u017ebom postupno napredujte prema te\u010dnosti!<\/p>\r\n\r\n                            <a class=\"getStartedHidden\" href=\"https:\/\/app.talkpal.ai\/hr\/signup?lng=\">Zapo\u010dni<\/a>\r\n        \r\n    <\/div>\r\n\r\n    <figure>\r\n    <img decoding=\"async\" width=\"768\" height=\"768\" src=\"https:\/\/talkpal.ai\/wp-content\/uploads\/2023\/06\/chinese-768x768.png\" class=\"languageImage no-lazy\" alt=\"Language learning for flexible communication\" fetchpriority=\"high\" sizes=\"(max-width: 768px) 150px, 768px\" srcset=\"https:\/\/talkpal.ai\/wp-content\/uploads\/2023\/06\/chinese-768x768.png 768w, https:\/\/talkpal.ai\/wp-content\/uploads\/2023\/06\/chinese-300x300.png 300w\" \/>\r\n    \r\n\r\n    <\/figure>\r\n\r\n            <a class=\"getStartedVisible\" href=\"https:\/\/app.talkpal.ai\/hr\/signup?lng=\">Zapo\u010dni<\/a>\r\n    \r\n<\/section>\r\n\r\n\r\n<!-- <section class=\"grammarSection\">\r\n    <div class=\"grammarLinks\">\r\n            <\/div>\r\n<\/section> -->\r\n\r\n\r\n\r\n\r\n<section class=\"promotionalBanner\">\r\n    <p class=\"promotionalText\">Naju\u010dinkovitiji na\u010din u\u010denja jezika<\/p>\r\n    <a class=\"promotionalLink\" href=\"https:\/\/app.talkpal.ai\/hr\/signup?lng=\">Isprobajte Talkpal besplatno<\/a>\r\n<\/section>\n<div class=\"wp-block-group pageContainerStyle\"><div class=\"wp-block-group__inner-container is-layout-constrained wp-block-group-is-layout-constrained\">\n<h2 class=\"wp-block-heading\" id=\"h-chinese-grammar-topics\">Teme kineske gramatike<\/h2>\n\n\n\n<p><a href=\"https:\/\/talkpal.ai\/sq\/gramatika-kineze\/\">Kineska gramatika<\/a> u po\u010detku se mo\u017ee \u010diniti zastra\u0161uju\u0107om, ali je neophodna za ovladavanje jezikom. Sa svojim jedinstvenim sustavom znakova i tonskom prirodom, <a href=\"https:\/\/talkpal.ai\/sq\/gramatika-kineze\/\">kineska gramatika<\/a> slijedi druga\u010diji skup pravila od jezika poput engleskog. U\u010denje ovih pravila ispravnim redoslijedom pomo\u0107i \u0107e vam da u\u010dinkovitije napredujete u u\u010denju jezika. O sljede\u0107im temama raspravljat \u0107e se u preporu\u010denom redoslijedu u\u010denja: Vremena, Glagoli, Imenice, \u010clanci, Zamjenice, Pridjevi, Prilozi, Prijedlozi i Struktura re\u010denica. Ovaj \u0107e vodi\u010d pru\u017eiti kratka obja\u0161njenja svake teme kako bi vam pomogao da bolje razumijete njihove funkcije na kineskom jeziku.<\/p>\n\n\n\n<h3 class=\"wp-block-heading\" id=\"h-1-tenses\">1. Vrijeme:<\/h3>\n\n\n\n<p>Za razliku od engleskog, <a href=\"https:\/\/talkpal.ai\/learn-chinese\/\">kineski<\/a> nema slo\u017eene konjugacije glagola koje ukazuju na vrijeme. Umjesto toga, koristi vremenske rije\u010di ili \u010destice kako bi pokazao kada se radnja odvija. Da biste izrazili pro\u0161le, sada\u0161nje ili budu\u0107e radnje, prvo se trebate upoznati s uobi\u010dajenim vremenskim rije\u010dima kao \u0161to su &#8220;ju\u010der&#8221;, &#8220;danas&#8221; i &#8220;sutra&#8221;.<\/p>\n\n\n\n<h3 class=\"wp-block-heading\" id=\"h-2-verbs\">2. Glagoli:<\/h3>\n\n\n\n<p>Jednom kada razumijete vremena, bitno je nau\u010diti osnovne glagole na kineskom jeziku. Glagoli su presudni jer izra\u017eavaju djela i stanja, a \u010desto ostaju nepromijenjeni u razli\u010ditim vremenima. Usredoto\u010dite se na u\u010denje naj\u010de\u0161\u0107ih glagola i njihovu odgovaraju\u0107u uporabu.<\/p>\n\n\n\n<h3 class=\"wp-block-heading\" id=\"h-3-nouns\">3. Imenice:<\/h3>\n\n\n\n<p>Imenice su sastavni dijelovi jezika koji predstavljaju ljude, mjesta, stvari ili ideje. Na kineskom su imenice op\u0107enito jednostavne, a mo\u017eete po\u010deti u\u010denjem naj\u010de\u0161\u0107ih i najkorisnijih kako biste pro\u0161irili svoj vokabular.<\/p>\n\n\n\n<h3 class=\"wp-block-heading\" id=\"h-4-articles\">4. \u010clanci:<\/h3>\n\n\n\n<p><a href=\"https:\/\/talkpal.ai\/learn-chinese\/\">Kineski<\/a> nema \u010dlanove poput &#8220;a&#8221; ili &#8220;the&#8221; u engleskom jeziku. Me\u0111utim, postoje mjerne rije\u010di koje prate imenice kako bi nazna\u010dile koli\u010dinu. Ove mjerne rije\u010di bitne su za raspravu o iznosima ili brojevima odre\u0111enih stavki.<\/p>\n\n\n\n<h3 class=\"wp-block-heading\" id=\"h-5-pronouns\">5. Zamjenice:<\/h3>\n\n\n\n<p>Zamjenice se koriste za zamjenu imenica u re\u010denici i klju\u010dne su za izbjegavanje ponavljanja. Na kineskom se zamjenice mijenjaju na temelju njihove funkcije unutar re\u010denice, poput subjekta, objekta ili posesivnog. Nau\u010dite razne zamjenice i njihovu pravilnu uporabu kako biste pobolj\u0161ali konstrukciju re\u010denice.<\/p>\n\n\n\n<h3 class=\"wp-block-heading\" id=\"h-6-adjectives\">6. Pridjevi:<\/h3>\n\n\n\n<p>Pridjevi se koriste za opisivanje ili izmjenu imenica, a igraju zna\u010dajnu ulogu u tome da va\u0161e re\u010denice postanu izra\u017eajnije i zanimljivije. Nau\u010dite naj\u010de\u0161\u0107e pridjeve i njihov polo\u017eaj u odnosu na imenicu unutar re\u010denice.<\/p>\n\n\n\n<h3 class=\"wp-block-heading\" id=\"h-7-adverbs\">7. Prilozi:<\/h3>\n\n\n\n<p>Prilozi su neophodni za pru\u017eanje dodatnih informacija o glagolima, pridjevima ili drugim prilozima. Oni mogu opisati kako, kada ili gdje se radnja doga\u0111a. Upoznajte se s uobi\u010dajenim prilozima i njihovom upotrebom kako biste pobolj\u0161ali svoje opisne sposobnosti.<\/p>\n\n\n\n<h3 class=\"wp-block-heading\" id=\"h-8-prepositions\">8. Prijedlozi:<\/h3>\n\n\n\n<p>Prijedlozi se koriste za ozna\u010davanje odnosa izme\u0111u imenica ili zamjenica unutar re\u010denice. \u010cesto izra\u017eavaju prostorne ili vremenske odnose, kao \u0161to su &#8220;u&#8221;, &#8220;na&#8221; ili &#8220;na&#8221;. U\u010denje naj\u010de\u0161\u0107ih prijedloga i njihova ispravna upotreba uvelike \u0107e pobolj\u0161ati strukturu re\u010denice.<\/p>\n\n\n\n<h3 class=\"wp-block-heading\" id=\"h-9-sentence-structure\">9. Struktura re\u010denice:<\/h3>\n\n\n\n<p>Kona\u010dno, razumijevanje kineske strukture re\u010denica klju\u010d je za formiranje koherentnih i gramati\u010dki ispravnih re\u010denica. Kineski slijedi strukturu subjekt-glagol-objekt (SVO), sli\u010dnu engleskom. Me\u0111utim, postoje razlike u redoslijedu rije\u010di i smje\u0161taju razli\u010ditih gramati\u010dkih elemenata. Nau\u010dite osnovne obrasce re\u010denica i vje\u017ebajte konstruiranje re\u010denica s elementima koje ste nau\u010dili, kao \u0161to su vremena, glagoli, imenice, zamjenice, pridjevi, prilozi i prijedlozi.<\/p>\n\n\n\n<p>Slijede\u0107i ovaj slijed i usredoto\u010duju\u0107i se na svaku temu, razvit \u0107ete sna\u017ene temelje u kineskoj gramatici i biti na dobrom putu do te\u010dnosti jezika.<\/p>\n<\/div><\/div>\n\r\n<section class=\"learnNavigationSection\">\r\n            \r\n        <a href=\"https:\/\/talkpal.ai\/hr\/ucenje-kineskog-jezika\/\">\r\n            <div class=\"learnNavigationWrapper\">\r\n                <div class=\"learnNavigationContent\">\r\n                    <img decoding=\"async\" src=\"https:\/\/talkpal.ai\/wp-content\/uploads\/2024\/08\/Chinese.jpg\" alt=\"Chinese Flag\u00a0\">\r\n                    <div>\r\n                        <h4>O u\u010denju kineskog<\/h4>\r\n                        <p>Saznajte sve o kineskoj gramatici.<\/p>\r\n                    <\/div>\r\n                <\/div>\r\n            <\/div>\r\n        <\/a>\r\n\r\n        \r\n        <a href=\"https:\/\/talkpal.ai\/hr\/kineska-gramatika\/\">\r\n            <div class=\"learnNavigationWrapper\">\r\n                <div class=\"learnNavigationContent\">\r\n                    <img decoding=\"async\" src=\"https:\/\/talkpal.ai\/wp-content\/uploads\/2024\/08\/Chinese.jpg\" alt=\"Chinese Flag\u00a0\">\r\n                    <div>\r\n                        <h4>Lekcije iz kineske gramatike<\/h4>\r\n                        <p>Vje\u017ebajte kinesku gramatiku.<\/p>\r\n                    <\/div>\r\n                <\/div>\r\n            <\/div>\r\n        <\/a>\r\n\r\n        \r\n        <a href=\"https:\/\/talkpal.ai\/vocabulary_language\/chinese\/\">\r\n            <div class=\"learnNavigationWrapper\">\r\n                <div class=\"learnNavigationContent\">\r\n                    <img decoding=\"async\" src=\"https:\/\/talkpal.ai\/wp-content\/uploads\/2024\/08\/Chinese.jpg\" alt=\"Chinese Flag\u00a0\">\r\n                    <div>\r\n                        <h4>Kineski rje\u010dnik<\/h4>\r\n                        <p>Pro\u0161irite svoj kineski vokabular.<\/p>\r\n                    <\/div>\r\n                <\/div>\r\n            <\/div>\r\n        <\/a>\r\n\r\n            <\/section>","protected":false},"excerpt":{"rendered":"<p>Teme kineske gramatike Kineska gramatika u po\u010detku se mo\u017ee \u010diniti zastra\u0161uju\u0107om, ali je neophodna za ovladavanje jezikom. Sa svojim jedinstvenim sustavom znakova i tonskom prirodom, kineska gramatika slijedi druga\u010diji skup pravila od jezika poput engleskog. U\u010denje ovih pravila ispravnim redoslijedom pomo\u0107i \u0107e vam da u\u010dinkovitije napredujete u u\u010denju jezika. O sljede\u0107im temama raspravljat \u0107e se [&hellip;]<\/p>\n","protected":false},"author":6,"featured_media":106197,"parent":0,"menu_order":0,"comment_status":"closed","ping_status":"closed","template":"LearningContentPage.php","meta":{"_acf_changed":false,"footnotes":""},"class_list":["post-132859","page","type-page","status-publish","has-post-thumbnail","hentry"],"acf":[],"yoast_head":"<!-- This site is optimized with the Yoast SEO Premium plugin v27.2 (Yoast SEO v27.2) - https:\/\/yoast.com\/product\/yoast-seo-premium-wordpress\/ -->\n<title>Vje\u017ebe kineske gramatike - Talkpal<\/title>\n<meta name=\"description\" content=\"Savladajte kinesku gramatiku uz na\u0161 sveobuhvatni vodi\u010d koji pokriva vremena, glagole i jo\u0161 mnogo toga kako biste pobolj\u0161ali svoje jezi\u010dne vje\u0161tine.\" \/>\n<meta name=\"robots\" content=\"index, follow, max-snippet:-1, max-image-preview:large, max-video-preview:-1\" \/>\n<link rel=\"canonical\" href=\"https:\/\/talkpal.ai\/hr\/vjezbe-kineske-gramatike\/\" \/>\n<meta property=\"og:locale\" content=\"hr_HR\" \/>\n<meta property=\"og:type\" content=\"article\" \/>\n<meta property=\"og:title\" content=\"Vje\u017ebe kineske gramatike\" \/>\n<meta property=\"og:description\" content=\"Teme kineske gramatike Kineska gramatika u po\u010detku se mo\u017ee \u010diniti zastra\u0161uju\u0107om, ali je neophodna za ovladavanje jezikom. Sa svojim jedinstvenim sustavom\" \/>\n<meta property=\"og:url\" content=\"https:\/\/talkpal.ai\/hr\/vjezbe-kineske-gramatike\/\" \/>\n<meta property=\"og:site_name\" content=\"Talkpal\" \/>\n<meta property=\"article:publisher\" content=\"https:\/\/www.facebook.com\/profile.php?id=100090733639311\" \/>\n<meta property=\"article:modified_time\" content=\"2025-05-22T21:25:36+00:00\" \/>\n<meta property=\"og:image\" content=\"https:\/\/talkpal.ai\/wp-content\/uploads\/2023\/04\/china.png\" \/>\n\t<meta property=\"og:image:width\" content=\"512\" \/>\n\t<meta property=\"og:image:height\" content=\"512\" \/>\n\t<meta property=\"og:image:type\" content=\"image\/png\" \/>\n<meta name=\"twitter:card\" content=\"summary_large_image\" \/>\n<meta name=\"twitter:site\" content=\"@talkpalai\" \/>\n<meta name=\"twitter:label1\" content=\"Procijenjeno vrijeme \u010ditanja\" \/>\n\t<meta name=\"twitter:data1\" content=\"3 minute\" \/>\n<script type=\"application\/ld+json\" class=\"yoast-schema-graph\">{\"@context\":\"https:\/\/schema.org\",\"@graph\":[{\"@type\":\"WebPage\",\"@id\":\"https:\/\/talkpal.ai\/hr\/vjezbe-kineske-gramatike\/\",\"url\":\"https:\/\/talkpal.ai\/hr\/vjezbe-kineske-gramatike\/\",\"name\":\"Vje\u017ebe kineske gramatike - Talkpal\",\"isPartOf\":{\"@id\":\"https:\/\/talkpal.ai\/hr\/#website\"},\"primaryImageOfPage\":{\"@id\":\"https:\/\/talkpal.ai\/hr\/vjezbe-kineske-gramatike\/#primaryimage\"},\"image\":{\"@id\":\"https:\/\/talkpal.ai\/hr\/vjezbe-kineske-gramatike\/#primaryimage\"},\"thumbnailUrl\":\"https:\/\/talkpal.ai\/wp-content\/uploads\/2023\/04\/china.png\",\"datePublished\":\"2023-06-16T09:39:29+00:00\",\"dateModified\":\"2025-05-22T21:25:36+00:00\",\"description\":\"Savladajte kinesku gramatiku uz na\u0161 sveobuhvatni vodi\u010d koji pokriva vremena, glagole i jo\u0161 mnogo toga kako biste pobolj\u0161ali svoje jezi\u010dne vje\u0161tine.\",\"breadcrumb\":{\"@id\":\"https:\/\/talkpal.ai\/hr\/vjezbe-kineske-gramatike\/#breadcrumb\"},\"inLanguage\":\"hr\",\"potentialAction\":[{\"@type\":\"ReadAction\",\"target\":[\"https:\/\/talkpal.ai\/hr\/vjezbe-kineske-gramatike\/\"]}]},{\"@type\":\"ImageObject\",\"inLanguage\":\"hr\",\"@id\":\"https:\/\/talkpal.ai\/hr\/vjezbe-kineske-gramatike\/#primaryimage\",\"url\":\"https:\/\/talkpal.ai\/wp-content\/uploads\/2023\/04\/china.png\",\"contentUrl\":\"https:\/\/talkpal.ai\/wp-content\/uploads\/2023\/04\/china.png\",\"width\":512,\"height\":512},{\"@type\":\"BreadcrumbList\",\"@id\":\"https:\/\/talkpal.ai\/hr\/vjezbe-kineske-gramatike\/#breadcrumb\",\"itemListElement\":[{\"@type\":\"ListItem\",\"position\":1,\"name\":\"Homepage\",\"item\":\"https:\/\/talkpal.ai\/hr\/\"},{\"@type\":\"ListItem\",\"position\":2,\"name\":\"Vje\u017ebe kineske gramatike\"}]},{\"@type\":\"WebSite\",\"@id\":\"https:\/\/talkpal.ai\/hr\/#website\",\"url\":\"https:\/\/talkpal.ai\/hr\/\",\"name\":\"Talkpal\",\"description\":\"AI Language Learning\",\"publisher\":{\"@id\":\"https:\/\/talkpal.ai\/hr\/#organization\"},\"alternateName\":\"Talkpal AI\",\"potentialAction\":[{\"@type\":\"SearchAction\",\"target\":{\"@type\":\"EntryPoint\",\"urlTemplate\":\"https:\/\/talkpal.ai\/hr\/?s={search_term_string}\"},\"query-input\":{\"@type\":\"PropertyValueSpecification\",\"valueRequired\":true,\"valueName\":\"search_term_string\"}}],\"inLanguage\":\"hr\"},{\"@type\":\"Organization\",\"@id\":\"https:\/\/talkpal.ai\/hr\/#organization\",\"name\":\"Talkpal, Inc.\",\"alternateName\":\"Talkpal AI\",\"url\":\"https:\/\/talkpal.ai\/hr\/\",\"logo\":{\"@type\":\"ImageObject\",\"inLanguage\":\"hr\",\"@id\":\"https:\/\/talkpal.ai\/hr\/#\/schema\/logo\/image\/\",\"url\":\"https:\/\/talkpal.ai\/wp-content\/uploads\/2024\/03\/Talkpal-Logo-Icon.png\",\"contentUrl\":\"https:\/\/talkpal.ai\/wp-content\/uploads\/2024\/03\/Talkpal-Logo-Icon.png\",\"width\":2880,\"height\":2880,\"caption\":\"Talkpal, Inc.\"},\"image\":{\"@id\":\"https:\/\/talkpal.ai\/hr\/#\/schema\/logo\/image\/\"},\"sameAs\":[\"https:\/\/www.facebook.com\/profile.php?id=100090733639311\",\"https:\/\/x.com\/talkpalai\",\"https:\/\/www.linkedin.com\/company\/talkpal\/\",\"https:\/\/www.youtube.com\/@TalkPal\/\",\"https:\/\/www.tiktok.com\/@talkpal\",\"https:\/\/www.instagram.com\/talkpal_ai\/\",\"https:\/\/www.crunchbase.com\/organization\/talkpal-9cde\",\"https:\/\/www.g2.com\/products\/talkpal-for-business\/\",\"https:\/\/www.trustpilot.com\/review\/talkpal.ai\",\"https:\/\/www.capterra.com\/p\/10006800\/TalkPal\/\"],\"description\":\"Talkpal is a language learning web and mobile education app, powered by the latest AI technologies, that provides engaging experiences to its customers in many different languages to help them improve their language skills. Users can chat about unlimited amount of topics with the app and use other modes to practice their language learning.\",\"email\":\"support@talkpal.ai\",\"legalName\":\"Talkpal, Inc.\",\"foundingDate\":\"2023-04-03\",\"duns\":\"118989042\",\"numberOfEmployees\":{\"@type\":\"QuantitativeValue\",\"minValue\":\"11\",\"maxValue\":\"50\"},\"publishingPrinciples\":\"https:\/\/talkpal.ai\/publishing-principles\/\",\"actionableFeedbackPolicy\":\"https:\/\/talkpal.ai\/actionable-feedback-policy\/\",\"correctionsPolicy\":\"https:\/\/talkpal.ai\/corrections-policy\/\",\"ethicsPolicy\":\"https:\/\/talkpal.ai\/ethics-policy\/\",\"diversityPolicy\":\"https:\/\/talkpal.ai\/diversity-policy\/\",\"diversityStaffingReport\":\"https:\/\/talkpal.ai\/diversity-policy\/\"}]}<\/script>\n<!-- \/ Yoast SEO Premium plugin. -->","yoast_head_json":{"title":"Vje\u017ebe kineske gramatike - Talkpal","description":"Savladajte kinesku gramatiku uz na\u0161 sveobuhvatni vodi\u010d koji pokriva vremena, glagole i jo\u0161 mnogo toga kako biste pobolj\u0161ali svoje jezi\u010dne vje\u0161tine.","robots":{"index":"index","follow":"follow","max-snippet":"max-snippet:-1","max-image-preview":"max-image-preview:large","max-video-preview":"max-video-preview:-1"},"canonical":"https:\/\/talkpal.ai\/hr\/vjezbe-kineske-gramatike\/","og_locale":"hr_HR","og_type":"article","og_title":"Vje\u017ebe kineske gramatike","og_description":"Teme kineske gramatike Kineska gramatika u po\u010detku se mo\u017ee \u010diniti zastra\u0161uju\u0107om, ali je neophodna za ovladavanje jezikom. Sa svojim jedinstvenim sustavom","og_url":"https:\/\/talkpal.ai\/hr\/vjezbe-kineske-gramatike\/","og_site_name":"Talkpal","article_publisher":"https:\/\/www.facebook.com\/profile.php?id=100090733639311","article_modified_time":"2025-05-22T21:25:36+00:00","og_image":[{"width":512,"height":512,"url":"https:\/\/talkpal.ai\/wp-content\/uploads\/2023\/04\/china.png","type":"image\/png"}],"twitter_card":"summary_large_image","twitter_site":"@talkpalai","twitter_misc":{"Procijenjeno vrijeme \u010ditanja":"3 minute"},"schema":{"@context":"https:\/\/schema.org","@graph":[{"@type":"WebPage","@id":"https:\/\/talkpal.ai\/hr\/vjezbe-kineske-gramatike\/","url":"https:\/\/talkpal.ai\/hr\/vjezbe-kineske-gramatike\/","name":"Vje\u017ebe kineske gramatike - Talkpal","isPartOf":{"@id":"https:\/\/talkpal.ai\/hr\/#website"},"primaryImageOfPage":{"@id":"https:\/\/talkpal.ai\/hr\/vjezbe-kineske-gramatike\/#primaryimage"},"image":{"@id":"https:\/\/talkpal.ai\/hr\/vjezbe-kineske-gramatike\/#primaryimage"},"thumbnailUrl":"https:\/\/talkpal.ai\/wp-content\/uploads\/2023\/04\/china.png","datePublished":"2023-06-16T09:39:29+00:00","dateModified":"2025-05-22T21:25:36+00:00","description":"Savladajte kinesku gramatiku uz na\u0161 sveobuhvatni vodi\u010d koji pokriva vremena, glagole i jo\u0161 mnogo toga kako biste pobolj\u0161ali svoje jezi\u010dne vje\u0161tine.","breadcrumb":{"@id":"https:\/\/talkpal.ai\/hr\/vjezbe-kineske-gramatike\/#breadcrumb"},"inLanguage":"hr","potentialAction":[{"@type":"ReadAction","target":["https:\/\/talkpal.ai\/hr\/vjezbe-kineske-gramatike\/"]}]},{"@type":"ImageObject","inLanguage":"hr","@id":"https:\/\/talkpal.ai\/hr\/vjezbe-kineske-gramatike\/#primaryimage","url":"https:\/\/talkpal.ai\/wp-content\/uploads\/2023\/04\/china.png","contentUrl":"https:\/\/talkpal.ai\/wp-content\/uploads\/2023\/04\/china.png","width":512,"height":512},{"@type":"BreadcrumbList","@id":"https:\/\/talkpal.ai\/hr\/vjezbe-kineske-gramatike\/#breadcrumb","itemListElement":[{"@type":"ListItem","position":1,"name":"Homepage","item":"https:\/\/talkpal.ai\/hr\/"},{"@type":"ListItem","position":2,"name":"Vje\u017ebe kineske gramatike"}]},{"@type":"WebSite","@id":"https:\/\/talkpal.ai\/hr\/#website","url":"https:\/\/talkpal.ai\/hr\/","name":"Talkpal","description":"AI Language Learning","publisher":{"@id":"https:\/\/talkpal.ai\/hr\/#organization"},"alternateName":"Talkpal AI","potentialAction":[{"@type":"SearchAction","target":{"@type":"EntryPoint","urlTemplate":"https:\/\/talkpal.ai\/hr\/?s={search_term_string}"},"query-input":{"@type":"PropertyValueSpecification","valueRequired":true,"valueName":"search_term_string"}}],"inLanguage":"hr"},{"@type":"Organization","@id":"https:\/\/talkpal.ai\/hr\/#organization","name":"Talkpal, Inc.","alternateName":"Talkpal AI","url":"https:\/\/talkpal.ai\/hr\/","logo":{"@type":"ImageObject","inLanguage":"hr","@id":"https:\/\/talkpal.ai\/hr\/#\/schema\/logo\/image\/","url":"https:\/\/talkpal.ai\/wp-content\/uploads\/2024\/03\/Talkpal-Logo-Icon.png","contentUrl":"https:\/\/talkpal.ai\/wp-content\/uploads\/2024\/03\/Talkpal-Logo-Icon.png","width":2880,"height":2880,"caption":"Talkpal, Inc."},"image":{"@id":"https:\/\/talkpal.ai\/hr\/#\/schema\/logo\/image\/"},"sameAs":["https:\/\/www.facebook.com\/profile.php?id=100090733639311","https:\/\/x.com\/talkpalai","https:\/\/www.linkedin.com\/company\/talkpal\/","https:\/\/www.youtube.com\/@TalkPal\/","https:\/\/www.tiktok.com\/@talkpal","https:\/\/www.instagram.com\/talkpal_ai\/","https:\/\/www.crunchbase.com\/organization\/talkpal-9cde","https:\/\/www.g2.com\/products\/talkpal-for-business\/","https:\/\/www.trustpilot.com\/review\/talkpal.ai","https:\/\/www.capterra.com\/p\/10006800\/TalkPal\/"],"description":"Talkpal is a language learning web and mobile education app, powered by the latest AI technologies, that provides engaging experiences to its customers in many different languages to help them improve their language skills. Users can chat about unlimited amount of topics with the app and use other modes to practice their language learning.","email":"support@talkpal.ai","legalName":"Talkpal, Inc.","foundingDate":"2023-04-03","duns":"118989042","numberOfEmployees":{"@type":"QuantitativeValue","minValue":"11","maxValue":"50"},"publishingPrinciples":"https:\/\/talkpal.ai\/publishing-principles\/","actionableFeedbackPolicy":"https:\/\/talkpal.ai\/actionable-feedback-policy\/","correctionsPolicy":"https:\/\/talkpal.ai\/corrections-policy\/","ethicsPolicy":"https:\/\/talkpal.ai\/ethics-policy\/","diversityPolicy":"https:\/\/talkpal.ai\/diversity-policy\/","diversityStaffingReport":"https:\/\/talkpal.ai\/diversity-policy\/"}]}},"_links":{"self":[{"href":"https:\/\/talkpal.ai\/hr\/wp-json\/wp\/v2\/pages\/132859","targetHints":{"allow":["GET"]}}],"collection":[{"href":"https:\/\/talkpal.ai\/hr\/wp-json\/wp\/v2\/pages"}],"about":[{"href":"https:\/\/talkpal.ai\/hr\/wp-json\/wp\/v2\/types\/page"}],"author":[{"embeddable":true,"href":"https:\/\/talkpal.ai\/hr\/wp-json\/wp\/v2\/users\/6"}],"replies":[{"embeddable":true,"href":"https:\/\/talkpal.ai\/hr\/wp-json\/wp\/v2\/comments?post=132859"}],"version-history":[{"count":0,"href":"https:\/\/talkpal.ai\/hr\/wp-json\/wp\/v2\/pages\/132859\/revisions"}],"wp:featuredmedia":[{"embeddable":true,"href":"https:\/\/talkpal.ai\/hr\/wp-json\/wp\/v2\/media\/106197"}],"wp:attachment":[{"href":"https:\/\/talkpal.ai\/hr\/wp-json\/wp\/v2\/media?parent=132859"}],"curies":[{"name":"wp","href":"https:\/\/api.w.org\/{rel}","templated":true}]}}