{"id":132514,"date":"2023-06-16T09:31:38","date_gmt":"2023-06-16T09:31:38","guid":{"rendered":"http:\/\/talkpal.ai\/vjezbe-arapske-gramatike\/"},"modified":"2025-05-22T20:17:07","modified_gmt":"2025-05-22T20:17:07","slug":"vjezbe-arapske-gramatike","status":"publish","type":"page","link":"https:\/\/talkpal.ai\/hr\/vjezbe-arapske-gramatike\/","title":{"rendered":"Vje\u017ebe arapske gramatike"},"content":{"rendered":"\r\n\r\n\r\n<section class=\"languageChallengeSection\">\r\n    <div class=\"languageInfoWrapper\">\r\n        \r\n        <h1>Vje\u017ebe arapske gramatike<\/h1>\r\n        <p>Spremni ste unaprijediti svoje znanje arapskog jezika? Vje\u017ebanje gramati\u010dkih vje\u017ebi klju\u010dno je za savladavanje re\u010deni\u010dne strukture, glagolskih oblika i jedinstvenih obrazaca arapskog jezika. Usredoto\u010dite se na ove vje\u017ebe kako biste pove\u0107ali samopouzdanje, pro\u0161irili vokabular i olak\u0161ali izra\u017eavanje na arapskom. Po\u010dnite vje\u017ebati ve\u0107 danas i gledajte kako vam se jezi\u010dne vje\u0161tine pobolj\u0161avaju!<\/p>\r\n\r\n                            <a class=\"getStartedHidden\" href=\"https:\/\/app.talkpal.ai\/hr\/signup?lng=\">Zapo\u010dni<\/a>\r\n        \r\n    <\/div>\r\n\r\n    <figure>\r\n    <img decoding=\"async\" width=\"768\" height=\"768\" src=\"https:\/\/talkpal.ai\/wp-content\/uploads\/2023\/06\/arabic-768x768.png\" class=\"languageImage no-lazy\" alt=\"Language learning for linguistic diversity\" fetchpriority=\"high\" sizes=\"(max-width: 768px) 150px, 768px\" srcset=\"https:\/\/talkpal.ai\/wp-content\/uploads\/2023\/06\/arabic-768x768.png 768w, https:\/\/talkpal.ai\/wp-content\/uploads\/2023\/06\/arabic-300x300.png 300w\" \/>\r\n    \r\n\r\n    <\/figure>\r\n\r\n            <a class=\"getStartedVisible\" href=\"https:\/\/app.talkpal.ai\/hr\/signup?lng=\">Zapo\u010dni<\/a>\r\n    \r\n<\/section>\r\n\r\n\r\n<!-- <section class=\"grammarSection\">\r\n    <div class=\"grammarLinks\">\r\n            <\/div>\r\n<\/section> -->\r\n\r\n\r\n\r\n\r\n<section class=\"promotionalBanner\">\r\n    <p class=\"promotionalText\">Naju\u010dinkovitiji na\u010din u\u010denja jezika<\/p>\r\n    <a class=\"promotionalLink\" href=\"https:\/\/app.talkpal.ai\/hr\/signup?lng=\">Isprobajte Talkpal besplatno<\/a>\r\n<\/section>\n<div class=\"wp-block-group pageContainerStyle\"><div class=\"wp-block-group__inner-container is-layout-constrained wp-block-group-is-layout-constrained\">\n<h2 class=\"wp-block-heading\" id=\"h-arabic-grammar-topics\">Teme arapske gramatike<\/h2>\n\n\n\n<p><a href=\"https:\/\/talkpal.ai\/hr\/ucenje-arapskog-jezika\/\">Arapski jezik<\/a>, sa svojom bogatom povije\u0161\u0107u i kulturnim zna\u010dajem, fascinantan je i koristan pothvat za u\u010denike jezika. Kao jedan od \u0161est slu\u017ebenih jezika Ujedinjenih naroda i kojim govori vi\u0161e od 420 milijuna ljudi \u0161irom svijeta, u\u010denje arapskog jezika otvara mogu\u0107nosti za globalnu komunikaciju i razumijevanje. Me\u0111utim, ovladavanje jezikom zahtijeva temeljito razumijevanje njegovih jedinstvenih gramati\u010dkih pravila i struktura. U ovom \u0107emo \u010dlanku istra\u017eiti bitne arapske gramati\u010dke teme koje \u0107e vam pomo\u0107i u izgradnji sna\u017enih temelja u jeziku, od osnovnih vremena i konjugacija glagola do slo\u017eenijih nominalnih i verbalnih struktura re\u010denica.<\/p>\n\n\n\n<h3 class=\"wp-block-heading\" id=\"h-1-tenses-indicative\">1. Indikativna vremena:<\/h3>\n\n\n\n<p>Indikativno vrijeme koristi se za izra\u017eavanje radnji ili stanja u sada\u0161njosti, pro\u0161losti ili budu\u0107nosti. Na arapskom se konjugacija glagola mijenja na temelju vremena. <a href=\"https:\/\/talkpal.ai\/ko\/ai-%ec%96%b8%ec%96%b4-%ea%b5%90%ec%82%ac\/\">Zapo\u010dnite<\/a> u\u010denjem osnovnih konjugacija za redovite glagole i upoznajte se s razli\u010ditim obrascima za sada\u0161njost, pro\u0161lo i budu\u0107e vrijeme.<\/p>\n\n\n\n<h3 class=\"wp-block-heading\" id=\"h-2-tenses-subjunctive\">2. Vremena konjunktivna:<\/h3>\n\n\n\n<p>Konjunktivno vrijeme koristi se za izra\u017eavanje nesigurnosti, sumnje ili \u017eelje. Klju\u010dno je nau\u010diti specifi\u010dne glagolske konjugacije i kako se one razlikuju od indikativnog vremena. To \u0107e vam pomo\u0107i da prenesete nijansiranije misli i osje\u0107aje u svojoj komunikaciji.<\/p>\n\n\n\n<h3 class=\"wp-block-heading\" id=\"h-3-tense-comparison\">3. Usporedba vremena:<\/h3>\n\n\n\n<p>Razumijevanje razlika izme\u0111u indikativnog i konjunktivnog vremena je od vitalnog zna\u010daja. Usredoto\u010dite se na na\u010din izmjene konjugacija glagola i kontekst u kojem se svako vrijeme koristi.<\/p>\n\n\n\n<h3 class=\"wp-block-heading\" id=\"h-4-verbs\">4. Glagoli:<\/h3>\n\n\n\n<p>Arapski glagoli kategorizirani su u razli\u010dite oblike na temelju njihovih korijenskih slova i uzoraka. Nau\u010dite deset osnovnih oblika glagola i njihova pravila konjugacije, <a href=\"https:\/\/talkpal.ai\/locations\/language-courses-in-koja\/\">koja<\/a> \u0107e vam pomo\u0107i da ispravno prepoznate i koristite glagole u razli\u010ditim situacijama.<\/p>\n\n\n\n<h3 class=\"wp-block-heading\" id=\"h-5-nouns\">5. Imenice:<\/h3>\n\n\n\n<p>Arapske imenice su ili mu\u0161ke ili \u017eenske, a njihovi se zavr\u0161etci mijenjaju na temelju njihove gramati\u010dke uloge u re\u010denici. Nau\u010dite razli\u010dite uzorke imenica i kako na njih utje\u010du oznake ku\u0107i\u0161ta i drugi gramati\u010dki elementi.<\/p>\n\n\n\n<h3 class=\"wp-block-heading\" id=\"h-6-articles\">6. \u010clanci:<\/h3>\n\n\n\n<p>Arapski ima definitivne i neodre\u0111ene \u010dlanke koji igraju klju\u010dnu ulogu u identificiranju imenica. Nau\u010dite pravila i upotrebu odre\u0111enog \u010dlana \u201cal-\u201d i nepostojanje neodre\u0111enog \u010dlana u arapskom jeziku.<\/p>\n\n\n\n<h3 class=\"wp-block-heading\" id=\"h-7-definite-and-indefinite-articles\">7. Odre\u0111eni i neodre\u0111eni \u010dlanci:<\/h3>\n\n\n\n<p>Kao \u0161to je ranije spomenuto, razumijevanje upotrebe odre\u0111enih i neodre\u0111enih \u010dlanaka na arapskom jeziku je klju\u010dno. Vje\u017ebajte ih koristiti u re\u010denicama s razli\u010ditim imenicama kako biste oja\u010dali svoje razumijevanje koncepta.<\/p>\n\n\n\n<h3 class=\"wp-block-heading\" id=\"h-8-pronouns\">8. Zamjenice:<\/h3>\n\n\n\n<p>Arapske zamjenice dijele se na osobne, demonstrativne i relativne zamjenice. Nau\u010dite njihove oblike i upotrebu, kao i pravila za njihovo pri\u010dvr\u0161\u0107ivanje glagolima, imenicama i prijedlozima.<\/p>\n\n\n\n<h3 class=\"wp-block-heading\" id=\"h-9-adjectives\">9. Pridjevi:<\/h3>\n\n\n\n<p>Pridjevi na arapskom jeziku sla\u017eu se s imenicama koje mijenjaju po spolu i broju. Nau\u010dite pravila za pridjevski sporazum i osnovne obrasce pridjeva.<\/p>\n\n\n\n<h3 class=\"wp-block-heading\" id=\"h-10-adverbs\">10. Prilozi:<\/h3>\n\n\n\n<p>Upoznajte se s uobi\u010dajenim arapskim prilozima i njihovim smje\u0161tajem u re\u010denice. Razumijevanje funkcije priloga pomo\u0107i \u0107e vam da prenesete detaljnije informacije u svojoj komunikaciji.<\/p>\n\n\n\n<h3 class=\"wp-block-heading\" id=\"h-11-prepositions\">11. Prijedlozi:<\/h3>\n\n\n\n<p>Arapski prijedlozi klju\u010dni su za povezivanje rije\u010di i fraza i izra\u017eavanje odnosa izme\u0111u njih. Nau\u010dite razli\u010dite prijedloge i njihovu upotrebu u re\u010denicama.<\/p>\n\n\n\n<h3 class=\"wp-block-heading\" id=\"h-12-idaafa-genitive-construction\">12. Idaafa (Genitive Construction):<\/h3>\n\n\n\n<p>Idaafa konstrukcija koristi se za izra\u017eavanje posjedovanja ili odnosa izme\u0111u imenica. Nau\u010dite pravila i obrasce za oblikovanje Idaafa konstrukcija, koje su sastavni dio arapske gramatike.<\/p>\n\n\n\n<h3 class=\"wp-block-heading\" id=\"h-13-sentence-structure\">13. Struktura re\u010denice:<\/h3>\n\n\n\n<p>Arapske re\u010denice mogu biti nominalne ili verbalne. Nau\u010dite osnovnu strukturu obje vrste re\u010denica i vje\u017ebajte oblikovanje re\u010denica s razli\u010ditim komponentama.<\/p>\n\n\n\n<h3 class=\"wp-block-heading\" id=\"h-14-nominal-and-verbal-sentences\">14. Nominalne i usmene re\u010denice:<\/h3>\n\n\n\n<p>Zaronite dublje u razlike izme\u0111u nominalnih i verbalnih re\u010denica i nau\u010dite kako ih u\u010dinkovito koristiti u razli\u010ditim kontekstima.<\/p>\n\n\n\n<h3 class=\"wp-block-heading\" id=\"h-15-subject-and-predicate-in-arabic\">15. Subjekt i predikat na arapskom jeziku:<\/h3>\n\n\n\n<p>Razumijevanje uloga subjekta i predikata u arapskim re\u010denicama temeljno je za u\u010dinkovitu komunikaciju. Nau\u010dite pravila za prepoznavanje i kori\u0161tenje predmeta i predikata u razli\u010ditim vrstama re\u010denica.<\/p>\n<\/div><\/div>\n\r\n<section class=\"learnNavigationSection\">\r\n            \r\n        <a href=\"https:\/\/talkpal.ai\/hr\/ucenje-arapskog-jezika\/\">\r\n            <div class=\"learnNavigationWrapper\">\r\n                <div class=\"learnNavigationContent\">\r\n                    <img decoding=\"async\" src=\"https:\/\/talkpal.ai\/wp-content\/uploads\/2024\/08\/Arabic.jpg\" alt=\"Arabic Flag\">\r\n                    <div>\r\n                        <h4>O u\u010denju arapskog jezika<\/h4>\r\n                        <p>Saznajte sve o arapskoj gramatici.<\/p>\r\n                    <\/div>\r\n                <\/div>\r\n            <\/div>\r\n        <\/a>\r\n\r\n        \r\n        <a href=\"https:\/\/talkpal.ai\/hr\/arapska-gramatika\/\">\r\n            <div class=\"learnNavigationWrapper\">\r\n                <div class=\"learnNavigationContent\">\r\n                    <img decoding=\"async\" src=\"https:\/\/talkpal.ai\/wp-content\/uploads\/2024\/08\/Arabic.jpg\" alt=\"Arabic Flag\">\r\n                    <div>\r\n                        <h4>Lekcije iz arapske gramatike<\/h4>\r\n                        <p>Vje\u017ebajte arapsku gramatiku.<\/p>\r\n                    <\/div>\r\n                <\/div>\r\n            <\/div>\r\n        <\/a>\r\n\r\n        \r\n        <a href=\"https:\/\/talkpal.ai\/vocabulary_language\/arabic\/\">\r\n            <div class=\"learnNavigationWrapper\">\r\n                <div class=\"learnNavigationContent\">\r\n                    <img decoding=\"async\" src=\"https:\/\/talkpal.ai\/wp-content\/uploads\/2024\/08\/Arabic.jpg\" alt=\"Arabic Flag\">\r\n                    <div>\r\n                        <h4>Arapski rje\u010dnik<\/h4>\r\n                        <p>Pro\u0161irite svoj arapski vokabular.<\/p>\r\n                    <\/div>\r\n                <\/div>\r\n            <\/div>\r\n        <\/a>\r\n\r\n            <\/section>","protected":false},"excerpt":{"rendered":"<p>Teme arapske gramatike Arapski jezik, sa svojom bogatom povije\u0161\u0107u i kulturnim zna\u010dajem, fascinantan je i koristan pothvat za u\u010denike jezika. Kao jedan od \u0161est slu\u017ebenih jezika Ujedinjenih naroda i kojim govori vi\u0161e od 420 milijuna ljudi \u0161irom svijeta, u\u010denje arapskog jezika otvara mogu\u0107nosti za globalnu komunikaciju i razumijevanje. Me\u0111utim, ovladavanje jezikom zahtijeva temeljito razumijevanje njegovih [&hellip;]<\/p>\n","protected":false},"author":6,"featured_media":105791,"parent":0,"menu_order":0,"comment_status":"closed","ping_status":"closed","template":"LearningContentPage.php","meta":{"_acf_changed":false,"footnotes":""},"class_list":["post-132514","page","type-page","status-publish","has-post-thumbnail","hentry"],"acf":[],"yoast_head":"<!-- This site is optimized with the Yoast SEO Premium plugin v27.2 (Yoast SEO v27.2) - https:\/\/yoast.com\/product\/yoast-seo-premium-wordpress\/ -->\n<title>Vje\u017ebe arapske gramatike - Talkpal<\/title>\n<meta name=\"description\" content=\"Pobolj\u0161ajte svoje razumijevanje vje\u017ebama arapske gramatike koje pokrivaju bitna pravila i strukture za savladavanje jezika.\" \/>\n<meta name=\"robots\" content=\"index, follow, max-snippet:-1, max-image-preview:large, max-video-preview:-1\" \/>\n<link rel=\"canonical\" href=\"https:\/\/talkpal.ai\/hr\/vjezbe-arapske-gramatike\/\" \/>\n<meta property=\"og:locale\" content=\"hr_HR\" \/>\n<meta property=\"og:type\" content=\"article\" \/>\n<meta property=\"og:title\" content=\"Vje\u017ebe arapske gramatike\" \/>\n<meta property=\"og:description\" content=\"Teme arapske gramatike Arapski jezik, sa svojom bogatom povije\u0161\u0107u i kulturnim zna\u010dajem, fascinantan je i koristan pothvat za u\u010denike jezika. Kao jedan od\" \/>\n<meta property=\"og:url\" content=\"https:\/\/talkpal.ai\/hr\/vjezbe-arapske-gramatike\/\" \/>\n<meta property=\"og:site_name\" content=\"Talkpal\" \/>\n<meta property=\"article:publisher\" content=\"https:\/\/www.facebook.com\/profile.php?id=100090733639311\" \/>\n<meta property=\"article:modified_time\" content=\"2025-05-22T20:17:07+00:00\" \/>\n<meta property=\"og:image\" content=\"https:\/\/talkpal.ai\/wp-content\/uploads\/2023\/04\/arabic-united-arab-emirates.png\" \/>\n\t<meta property=\"og:image:width\" content=\"512\" \/>\n\t<meta property=\"og:image:height\" content=\"512\" \/>\n\t<meta property=\"og:image:type\" content=\"image\/png\" \/>\n<meta name=\"twitter:card\" content=\"summary_large_image\" \/>\n<meta name=\"twitter:site\" content=\"@talkpalai\" \/>\n<meta name=\"twitter:label1\" content=\"Procijenjeno vrijeme \u010ditanja\" \/>\n\t<meta name=\"twitter:data1\" content=\"3 minute\" \/>\n<script type=\"application\/ld+json\" class=\"yoast-schema-graph\">{\"@context\":\"https:\/\/schema.org\",\"@graph\":[{\"@type\":\"WebPage\",\"@id\":\"https:\/\/talkpal.ai\/hr\/vjezbe-arapske-gramatike\/\",\"url\":\"https:\/\/talkpal.ai\/hr\/vjezbe-arapske-gramatike\/\",\"name\":\"Vje\u017ebe arapske gramatike - Talkpal\",\"isPartOf\":{\"@id\":\"https:\/\/talkpal.ai\/hr\/#website\"},\"primaryImageOfPage\":{\"@id\":\"https:\/\/talkpal.ai\/hr\/vjezbe-arapske-gramatike\/#primaryimage\"},\"image\":{\"@id\":\"https:\/\/talkpal.ai\/hr\/vjezbe-arapske-gramatike\/#primaryimage\"},\"thumbnailUrl\":\"https:\/\/talkpal.ai\/wp-content\/uploads\/2023\/04\/arabic-united-arab-emirates.png\",\"datePublished\":\"2023-06-16T09:31:38+00:00\",\"dateModified\":\"2025-05-22T20:17:07+00:00\",\"description\":\"Pobolj\u0161ajte svoje razumijevanje vje\u017ebama arapske gramatike koje pokrivaju bitna pravila i strukture za savladavanje jezika.\",\"breadcrumb\":{\"@id\":\"https:\/\/talkpal.ai\/hr\/vjezbe-arapske-gramatike\/#breadcrumb\"},\"inLanguage\":\"hr\",\"potentialAction\":[{\"@type\":\"ReadAction\",\"target\":[\"https:\/\/talkpal.ai\/hr\/vjezbe-arapske-gramatike\/\"]}]},{\"@type\":\"ImageObject\",\"inLanguage\":\"hr\",\"@id\":\"https:\/\/talkpal.ai\/hr\/vjezbe-arapske-gramatike\/#primaryimage\",\"url\":\"https:\/\/talkpal.ai\/wp-content\/uploads\/2023\/04\/arabic-united-arab-emirates.png\",\"contentUrl\":\"https:\/\/talkpal.ai\/wp-content\/uploads\/2023\/04\/arabic-united-arab-emirates.png\",\"width\":512,\"height\":512},{\"@type\":\"BreadcrumbList\",\"@id\":\"https:\/\/talkpal.ai\/hr\/vjezbe-arapske-gramatike\/#breadcrumb\",\"itemListElement\":[{\"@type\":\"ListItem\",\"position\":1,\"name\":\"Homepage\",\"item\":\"https:\/\/talkpal.ai\/hr\/\"},{\"@type\":\"ListItem\",\"position\":2,\"name\":\"Vje\u017ebe arapske gramatike\"}]},{\"@type\":\"WebSite\",\"@id\":\"https:\/\/talkpal.ai\/hr\/#website\",\"url\":\"https:\/\/talkpal.ai\/hr\/\",\"name\":\"Talkpal\",\"description\":\"AI Language Learning\",\"publisher\":{\"@id\":\"https:\/\/talkpal.ai\/hr\/#organization\"},\"alternateName\":\"Talkpal AI\",\"potentialAction\":[{\"@type\":\"SearchAction\",\"target\":{\"@type\":\"EntryPoint\",\"urlTemplate\":\"https:\/\/talkpal.ai\/hr\/?s={search_term_string}\"},\"query-input\":{\"@type\":\"PropertyValueSpecification\",\"valueRequired\":true,\"valueName\":\"search_term_string\"}}],\"inLanguage\":\"hr\"},{\"@type\":\"Organization\",\"@id\":\"https:\/\/talkpal.ai\/hr\/#organization\",\"name\":\"Talkpal, Inc.\",\"alternateName\":\"Talkpal AI\",\"url\":\"https:\/\/talkpal.ai\/hr\/\",\"logo\":{\"@type\":\"ImageObject\",\"inLanguage\":\"hr\",\"@id\":\"https:\/\/talkpal.ai\/hr\/#\/schema\/logo\/image\/\",\"url\":\"https:\/\/talkpal.ai\/wp-content\/uploads\/2024\/03\/Talkpal-Logo-Icon.png\",\"contentUrl\":\"https:\/\/talkpal.ai\/wp-content\/uploads\/2024\/03\/Talkpal-Logo-Icon.png\",\"width\":2880,\"height\":2880,\"caption\":\"Talkpal, Inc.\"},\"image\":{\"@id\":\"https:\/\/talkpal.ai\/hr\/#\/schema\/logo\/image\/\"},\"sameAs\":[\"https:\/\/www.facebook.com\/profile.php?id=100090733639311\",\"https:\/\/x.com\/talkpalai\",\"https:\/\/www.linkedin.com\/company\/talkpal\/\",\"https:\/\/www.youtube.com\/@TalkPal\/\",\"https:\/\/www.tiktok.com\/@talkpal\",\"https:\/\/www.instagram.com\/talkpal_ai\/\",\"https:\/\/www.crunchbase.com\/organization\/talkpal-9cde\",\"https:\/\/www.g2.com\/products\/talkpal-for-business\/\",\"https:\/\/www.trustpilot.com\/review\/talkpal.ai\",\"https:\/\/www.capterra.com\/p\/10006800\/TalkPal\/\"],\"description\":\"Talkpal is a language learning web and mobile education app, powered by the latest AI technologies, that provides engaging experiences to its customers in many different languages to help them improve their language skills. Users can chat about unlimited amount of topics with the app and use other modes to practice their language learning.\",\"email\":\"support@talkpal.ai\",\"legalName\":\"Talkpal, Inc.\",\"foundingDate\":\"2023-04-03\",\"duns\":\"118989042\",\"numberOfEmployees\":{\"@type\":\"QuantitativeValue\",\"minValue\":\"11\",\"maxValue\":\"50\"},\"publishingPrinciples\":\"https:\/\/talkpal.ai\/publishing-principles\/\",\"actionableFeedbackPolicy\":\"https:\/\/talkpal.ai\/actionable-feedback-policy\/\",\"correctionsPolicy\":\"https:\/\/talkpal.ai\/corrections-policy\/\",\"ethicsPolicy\":\"https:\/\/talkpal.ai\/ethics-policy\/\",\"diversityPolicy\":\"https:\/\/talkpal.ai\/diversity-policy\/\",\"diversityStaffingReport\":\"https:\/\/talkpal.ai\/diversity-policy\/\"}]}<\/script>\n<!-- \/ Yoast SEO Premium plugin. -->","yoast_head_json":{"title":"Vje\u017ebe arapske gramatike - Talkpal","description":"Pobolj\u0161ajte svoje razumijevanje vje\u017ebama arapske gramatike koje pokrivaju bitna pravila i strukture za savladavanje jezika.","robots":{"index":"index","follow":"follow","max-snippet":"max-snippet:-1","max-image-preview":"max-image-preview:large","max-video-preview":"max-video-preview:-1"},"canonical":"https:\/\/talkpal.ai\/hr\/vjezbe-arapske-gramatike\/","og_locale":"hr_HR","og_type":"article","og_title":"Vje\u017ebe arapske gramatike","og_description":"Teme arapske gramatike Arapski jezik, sa svojom bogatom povije\u0161\u0107u i kulturnim zna\u010dajem, fascinantan je i koristan pothvat za u\u010denike jezika. Kao jedan od","og_url":"https:\/\/talkpal.ai\/hr\/vjezbe-arapske-gramatike\/","og_site_name":"Talkpal","article_publisher":"https:\/\/www.facebook.com\/profile.php?id=100090733639311","article_modified_time":"2025-05-22T20:17:07+00:00","og_image":[{"width":512,"height":512,"url":"https:\/\/talkpal.ai\/wp-content\/uploads\/2023\/04\/arabic-united-arab-emirates.png","type":"image\/png"}],"twitter_card":"summary_large_image","twitter_site":"@talkpalai","twitter_misc":{"Procijenjeno vrijeme \u010ditanja":"3 minute"},"schema":{"@context":"https:\/\/schema.org","@graph":[{"@type":"WebPage","@id":"https:\/\/talkpal.ai\/hr\/vjezbe-arapske-gramatike\/","url":"https:\/\/talkpal.ai\/hr\/vjezbe-arapske-gramatike\/","name":"Vje\u017ebe arapske gramatike - Talkpal","isPartOf":{"@id":"https:\/\/talkpal.ai\/hr\/#website"},"primaryImageOfPage":{"@id":"https:\/\/talkpal.ai\/hr\/vjezbe-arapske-gramatike\/#primaryimage"},"image":{"@id":"https:\/\/talkpal.ai\/hr\/vjezbe-arapske-gramatike\/#primaryimage"},"thumbnailUrl":"https:\/\/talkpal.ai\/wp-content\/uploads\/2023\/04\/arabic-united-arab-emirates.png","datePublished":"2023-06-16T09:31:38+00:00","dateModified":"2025-05-22T20:17:07+00:00","description":"Pobolj\u0161ajte svoje razumijevanje vje\u017ebama arapske gramatike koje pokrivaju bitna pravila i strukture za savladavanje jezika.","breadcrumb":{"@id":"https:\/\/talkpal.ai\/hr\/vjezbe-arapske-gramatike\/#breadcrumb"},"inLanguage":"hr","potentialAction":[{"@type":"ReadAction","target":["https:\/\/talkpal.ai\/hr\/vjezbe-arapske-gramatike\/"]}]},{"@type":"ImageObject","inLanguage":"hr","@id":"https:\/\/talkpal.ai\/hr\/vjezbe-arapske-gramatike\/#primaryimage","url":"https:\/\/talkpal.ai\/wp-content\/uploads\/2023\/04\/arabic-united-arab-emirates.png","contentUrl":"https:\/\/talkpal.ai\/wp-content\/uploads\/2023\/04\/arabic-united-arab-emirates.png","width":512,"height":512},{"@type":"BreadcrumbList","@id":"https:\/\/talkpal.ai\/hr\/vjezbe-arapske-gramatike\/#breadcrumb","itemListElement":[{"@type":"ListItem","position":1,"name":"Homepage","item":"https:\/\/talkpal.ai\/hr\/"},{"@type":"ListItem","position":2,"name":"Vje\u017ebe arapske gramatike"}]},{"@type":"WebSite","@id":"https:\/\/talkpal.ai\/hr\/#website","url":"https:\/\/talkpal.ai\/hr\/","name":"Talkpal","description":"AI Language Learning","publisher":{"@id":"https:\/\/talkpal.ai\/hr\/#organization"},"alternateName":"Talkpal AI","potentialAction":[{"@type":"SearchAction","target":{"@type":"EntryPoint","urlTemplate":"https:\/\/talkpal.ai\/hr\/?s={search_term_string}"},"query-input":{"@type":"PropertyValueSpecification","valueRequired":true,"valueName":"search_term_string"}}],"inLanguage":"hr"},{"@type":"Organization","@id":"https:\/\/talkpal.ai\/hr\/#organization","name":"Talkpal, Inc.","alternateName":"Talkpal AI","url":"https:\/\/talkpal.ai\/hr\/","logo":{"@type":"ImageObject","inLanguage":"hr","@id":"https:\/\/talkpal.ai\/hr\/#\/schema\/logo\/image\/","url":"https:\/\/talkpal.ai\/wp-content\/uploads\/2024\/03\/Talkpal-Logo-Icon.png","contentUrl":"https:\/\/talkpal.ai\/wp-content\/uploads\/2024\/03\/Talkpal-Logo-Icon.png","width":2880,"height":2880,"caption":"Talkpal, Inc."},"image":{"@id":"https:\/\/talkpal.ai\/hr\/#\/schema\/logo\/image\/"},"sameAs":["https:\/\/www.facebook.com\/profile.php?id=100090733639311","https:\/\/x.com\/talkpalai","https:\/\/www.linkedin.com\/company\/talkpal\/","https:\/\/www.youtube.com\/@TalkPal\/","https:\/\/www.tiktok.com\/@talkpal","https:\/\/www.instagram.com\/talkpal_ai\/","https:\/\/www.crunchbase.com\/organization\/talkpal-9cde","https:\/\/www.g2.com\/products\/talkpal-for-business\/","https:\/\/www.trustpilot.com\/review\/talkpal.ai","https:\/\/www.capterra.com\/p\/10006800\/TalkPal\/"],"description":"Talkpal is a language learning web and mobile education app, powered by the latest AI technologies, that provides engaging experiences to its customers in many different languages to help them improve their language skills. Users can chat about unlimited amount of topics with the app and use other modes to practice their language learning.","email":"support@talkpal.ai","legalName":"Talkpal, Inc.","foundingDate":"2023-04-03","duns":"118989042","numberOfEmployees":{"@type":"QuantitativeValue","minValue":"11","maxValue":"50"},"publishingPrinciples":"https:\/\/talkpal.ai\/publishing-principles\/","actionableFeedbackPolicy":"https:\/\/talkpal.ai\/actionable-feedback-policy\/","correctionsPolicy":"https:\/\/talkpal.ai\/corrections-policy\/","ethicsPolicy":"https:\/\/talkpal.ai\/ethics-policy\/","diversityPolicy":"https:\/\/talkpal.ai\/diversity-policy\/","diversityStaffingReport":"https:\/\/talkpal.ai\/diversity-policy\/"}]}},"_links":{"self":[{"href":"https:\/\/talkpal.ai\/hr\/wp-json\/wp\/v2\/pages\/132514","targetHints":{"allow":["GET"]}}],"collection":[{"href":"https:\/\/talkpal.ai\/hr\/wp-json\/wp\/v2\/pages"}],"about":[{"href":"https:\/\/talkpal.ai\/hr\/wp-json\/wp\/v2\/types\/page"}],"author":[{"embeddable":true,"href":"https:\/\/talkpal.ai\/hr\/wp-json\/wp\/v2\/users\/6"}],"replies":[{"embeddable":true,"href":"https:\/\/talkpal.ai\/hr\/wp-json\/wp\/v2\/comments?post=132514"}],"version-history":[{"count":0,"href":"https:\/\/talkpal.ai\/hr\/wp-json\/wp\/v2\/pages\/132514\/revisions"}],"wp:featuredmedia":[{"embeddable":true,"href":"https:\/\/talkpal.ai\/hr\/wp-json\/wp\/v2\/media\/105791"}],"wp:attachment":[{"href":"https:\/\/talkpal.ai\/hr\/wp-json\/wp\/v2\/media?parent=132514"}],"curies":[{"name":"wp","href":"https:\/\/api.w.org\/{rel}","templated":true}]}}