{"id":132232,"date":"2023-06-16T09:22:36","date_gmt":"2023-06-16T09:22:36","guid":{"rendered":"http:\/\/talkpal.ai\/vjezbe-talijanske-gramatike\/"},"modified":"2025-12-17T16:15:09","modified_gmt":"2025-12-17T16:15:09","slug":"vjezbe-talijanske-gramatike","status":"publish","type":"page","link":"https:\/\/talkpal.ai\/hr\/vjezbe-talijanske-gramatike\/","title":{"rendered":"Vje\u017ebe talijanske gramatike"},"content":{"rendered":"\r\n\r\n\r\n<section class=\"languageChallengeSection\">\r\n    <div class=\"languageInfoWrapper\">\r\n        \r\n        <h1>Vje\u017ebe talijanske gramatike<\/h1>\r\n        <p>Spremni ste izgraditi samopouzdanje u talijanskom jeziku? Vje\u017ebanje gramatike najbolji je na\u010din za svladavanje re\u010deni\u010dne strukture, konjugacija glagola i jedinstvenih zna\u010dajki <a href=\"https:\/\/talkpal.ai\/hr\/najbolji-tecaj-talijanskog-jezika-u-zadru-pridruzi-se-vec-danas\/\">talijanskog jezika<\/a>. Po\u010dnite raditi na svojoj talijanskoj gramatici ve\u0107 danas i primje\u0107ujte da se va\u0161e vje\u0161tine i te\u010dnost pobolj\u0161avaju sa svakim korakom!\n\n<\/p>\r\n\r\n                            <a class=\"getStartedHidden\" href=\"https:\/\/app.talkpal.ai\/hr\/signup?lng=\">Zapo\u010dni<\/a>\r\n        \r\n    <\/div>\r\n\r\n    <figure>\r\n    <img decoding=\"async\" width=\"768\" height=\"768\" src=\"https:\/\/talkpal.ai\/wp-content\/uploads\/2023\/06\/italian-768x768.png\" class=\"languageImage no-lazy\" alt=\"Language learning for increased memory capacity\" fetchpriority=\"high\" sizes=\"(max-width: 768px) 150px, 768px\" srcset=\"https:\/\/talkpal.ai\/wp-content\/uploads\/2023\/06\/italian-768x768.png 768w, https:\/\/talkpal.ai\/wp-content\/uploads\/2023\/06\/italian-300x300.png 300w\" \/>\r\n    \r\n\r\n    <\/figure>\r\n\r\n            <a class=\"getStartedVisible\" href=\"https:\/\/app.talkpal.ai\/hr\/signup?lng=\">Zapo\u010dni<\/a>\r\n    \r\n<\/section>\r\n\r\n\r\n<!-- <section class=\"grammarSection\">\r\n    <div class=\"grammarLinks\">\r\n        <a href=\"https:\/\/talkpal.ai\/hr\/exercise_language\/clanci-talijanska-gramatika\/\">\u010clanci <\/a><a href=\"https:\/\/talkpal.ai\/hr\/exercise_language\/glagoli-talijanska-gramatika\/\">Glagoli <\/a><a href=\"https:\/\/talkpal.ai\/hr\/exercise_language\/imenice-talijanska-gramatika\/\">Imenice <\/a><a href=\"https:\/\/talkpal.ai\/hr\/exercise_language\/indikativna-vremena-talijanska-gramatika\/\">Indikativna vremena <\/a><a href=\"https:\/\/talkpal.ai\/hr\/exercise_language\/pridjevi-talijanska-gramatika\/\">Pridjevi <\/a><a href=\"https:\/\/talkpal.ai\/hr\/exercise_language\/prijedlozi-talijanska-gramatika\/\">Prijedlozi <\/a><a href=\"https:\/\/talkpal.ai\/hr\/exercise_language\/prilozi-talijanska-gramatika\/\">Prilozi <\/a><a href=\"https:\/\/talkpal.ai\/hr\/exercise_language\/struktura-recenice-talijanska-gramatika\/\">Struktura re\u010denice <\/a><a href=\"https:\/\/talkpal.ai\/hr\/exercise_language\/usporedba-vremena-talijanska-gramatika\/\">Usporedba vremena <\/a><a href=\"https:\/\/talkpal.ai\/hr\/exercise_language\/vremena-konjunktiv-talijanska-gramatika\/\">Vremena konjunktiv <\/a><a href=\"https:\/\/talkpal.ai\/hr\/exercise_language\/zamjenice-talijanska-gramatika\/\">Zamjenice <\/a>    <\/div>\r\n<\/section> -->\r\n\r\n\r\n\r\n\r\n        <section class=\"grammarSection\">\r\n            <div class=\"grammarLinks\">\r\n                <a href=\"https:\/\/talkpal.ai\/hr\/exercise_language\/clanci-talijanska-gramatika\/\">\u010clanci <\/a><a href=\"https:\/\/talkpal.ai\/hr\/exercise_language\/glagoli-talijanska-gramatika\/\">Glagoli <\/a><a href=\"https:\/\/talkpal.ai\/hr\/exercise_language\/imenice-talijanska-gramatika\/\">Imenice <\/a><a href=\"https:\/\/talkpal.ai\/hr\/exercise_language\/indikativna-vremena-talijanska-gramatika\/\">Indikativna vremena <\/a><a href=\"https:\/\/talkpal.ai\/hr\/exercise_language\/pridjevi-talijanska-gramatika\/\">Pridjevi <\/a><a href=\"https:\/\/talkpal.ai\/hr\/exercise_language\/prijedlozi-talijanska-gramatika\/\">Prijedlozi <\/a><a href=\"https:\/\/talkpal.ai\/hr\/exercise_language\/prilozi-talijanska-gramatika\/\">Prilozi <\/a><a href=\"https:\/\/talkpal.ai\/hr\/exercise_language\/struktura-recenice-talijanska-gramatika\/\">Struktura re\u010denice <\/a><a href=\"https:\/\/talkpal.ai\/hr\/exercise_language\/usporedba-vremena-talijanska-gramatika\/\">Usporedba vremena <\/a><a href=\"https:\/\/talkpal.ai\/hr\/exercise_language\/vremena-konjunktiv-talijanska-gramatika\/\">Vremena konjunktiv <\/a><a href=\"https:\/\/talkpal.ai\/hr\/exercise_language\/zamjenice-talijanska-gramatika\/\">Zamjenice <\/a>            <\/div>\r\n        <\/section>\r\n<section class=\"promotionalBanner\">\r\n    <p class=\"promotionalText\">Naju\u010dinkovitiji na\u010din u\u010denja jezika<\/p>\r\n    <a class=\"promotionalLink\" href=\"https:\/\/app.talkpal.ai\/hr\/signup?lng=\">Isprobajte Talkpal besplatno<\/a>\r\n<\/section>\n<div class=\"wp-block-group pageContainerStyle\"><div class=\"wp-block-group__inner-container is-layout-constrained wp-block-group-is-layout-constrained\">\n<h2 class=\"wp-block-heading\" id=\"h-italian-grammar-topics\">Teme talijanske gramatike<\/h2>\n\n\n\n<p>U\u010denje novog jezika uzbudljivo je putovanje koje otvara nove mogu\u0107nosti i kulturna iskustva. Jedan od najljep\u0161ih i najra\u0161irenijih jezika je <a href=\"https:\/\/talkpal.ai\/learn-italian\/\">talijanski<\/a>, poznat po svojoj muzikalnosti, izra\u017eajnosti i bogatoj povijesti. Da biste u\u010dinkovito nau\u010dili <a href=\"https:\/\/talkpal.ai\/hr\/naucite-talijanski\/\">talijanski jezik<\/a>, klju\u010dno je imati jasno razumijevanje njegove gramatike, <a href=\"https:\/\/talkpal.ai\/locations\/language-courses-in-koja\/\">koja<\/a> slu\u017ei kao temelj za izgradnju jezi\u010dnih vje\u0161tina. To uklju\u010duje ovladavanje razli\u010ditim aspektima, kao \u0161to su vremena, glagoli, imenice, \u010dlanci i jo\u0161 mnogo toga. U ovom \u0107emo vodi\u010du istra\u017eiti niz gramati\u010dkih tema koje \u0107e vam pomo\u0107i da organizirano i u\u010dinkovito <a href=\"https:\/\/talkpal.ai\/fr\/comment-apprendre-litalien\/\">nau\u010dite talijanski<\/a> jezik.<\/p>\n\n\n\n<h3 class=\"wp-block-heading\" id=\"h-1-nouns-and-articles\">1. Imenice i \u010dlanci:<\/h3>\n\n\n\n<p><a href=\"https:\/\/talkpal.ai\/ko\/ai-%ec%96%b8%ec%96%b4-%ea%b5%90%ec%82%ac\/\">Zapo\u010dnite<\/a> svoje putovanje u\u010denja talijanskog jezika imenicama i \u010dlancima, jer su oni osnovni sastavni blokovi svake re\u010denice. Imenice su rije\u010di koje predstavljaju ljude, mjesta, stvari ili ideje. Na talijanskom jeziku imenice imaju spol (mu\u0161ki i \u017eenski) i brojeve (jednine i mno\u017eine). \u010clanci su rije\u010di koje prate imenice, a imaju i spol i broj. Upoznajte se s odre\u0111enim (il, la itd.) i neodre\u0111enim \u010dlancima (un, una, itd.) kako biste oblikovali jednostavne fraze.<\/p>\n\n\n\n<h3 class=\"wp-block-heading\" id=\"h-2-adjectives\">2. Pridjevi:<\/h3>\n\n\n\n<p>Pridjevi pru\u017eaju informacije o imenicama, kao \u0161to su boja, veli\u010dina ili kvaliteta. Na talijanskom se pridjevi sla\u017eu po spolu i broju s imenicom koju opisuju. Nau\u010dite pravila za postavljanje pridjeva i slo\u017eite se da pobolj\u0161ate svoje opisne jezi\u010dne vje\u0161tine.<\/p>\n\n\n\n<h3 class=\"wp-block-heading\" id=\"h-3-pronouns\">3. Zamjenice:<\/h3>\n\n\n\n<p>Zamjenice zamjenjuju imenice u re\u010denicama kako bi se izbjeglo ponavljanje. Prou\u010dite zamjenice predmeta (io, tu, lui, itd.), Izravne i neizravne zamjenice predmeta (lo, la, gli, itd.) i posvojne zamjenice (mio, tuo, suo, itd.) kako biste dodali vi\u0161e raznolikosti svom govoru.<\/p>\n\n\n\n<h3 class=\"wp-block-heading\" id=\"h-4-verbs-and-tenses-indicative\">4. Glagoli i vremena indikativni:<\/h3>\n\n\n\n<p>Glagoli izra\u017eavaju akcije, stanja ili pojavljivanja. <a href=\"https:\/\/talkpal.ai\/sr\/grammar\/%d0%b2%d0%be%d0%b8-%d1%83-%d0%b8%d1%82%d0%b0%d0%bb%d0%b8%d1%98%d0%b0%d0%bd%d1%81%d0%ba%d0%be%d1%98-%d0%b3%d1%80%d0%b0%d0%bc%d0%b0%d1%82%d0%b8%d1%86%d0%b8\/\">Talijanski glagoli<\/a> imaju razli\u010dite konjugacije na temelju subjekta, vremena i raspolo\u017eenja. Po\u010dnite s redovitim glagolima u sada\u0161njem indikativnom vremenu, kao \u0161to je salon (govoriti), i postupno u\u010dite druga vremena, poput pro\u0161losti (<a href=\"https:\/\/talkpal.ai\/ar\/grammar_exercises\/passato-prossimo-%d8%aa%d9%85%d8%a7%d8%b1%d9%8a%d9%86-%d9%84%d9%84%d9%82%d9%88%d8%a7%d8%b9%d8%af-%d8%a7%d9%84%d8%a5%d9%8a%d8%b7%d8%a7%d9%84%d9%8a%d8%a9\/\">passato prossimo<\/a>) i budu\u0107nosti (<a href=\"https:\/\/talkpal.ai\/ar\/grammar_exercises\/futuro-semplice-%d8%aa%d9%85%d8%a7%d8%b1%d9%8a%d9%86-%d9%84%d9%84%d9%82%d9%88%d8%a7%d8%b9%d8%af-%d8%a7%d9%84%d8%a5%d9%8a%d8%b7%d8%a7%d9%84%d9%8a%d8%a9\/\">futuro semplice<\/a>).<\/p>\n\n\n\n<h3 class=\"wp-block-heading\" id=\"h-5-tenses-subjunctive\">5. Vremena konjunktivna:<\/h3>\n\n\n\n<p>Konjunktivno raspolo\u017eenje izra\u017eava sumnju, nesigurnost ili osobna mi\u0161ljenja. Nau\u010dite \u010detiri konjunktivna vremena (sada\u0161njost, pro\u0161lost, nesavr\u0161ena i pro\u0161la savr\u0161ena) i njihovu uporabu u izra\u017eavanju \u017eelja, \u017eelja i hipotetskih situacija.<\/p>\n\n\n\n<h3 class=\"wp-block-heading\" id=\"h-6-tense-comparison\">6. Napeta usporedba:<\/h3>\n\n\n\n<p>Razvijte svoju sposobnost usporedbe radnji u razli\u010ditim vremenskim okvirima u\u010de\u0107i kako koristiti komparativne i superlativne oblike pridjeva i priloga. To \u0107e vam omogu\u0107iti usporedbu izme\u0111u ljudi, objekata ili situacija.<\/p>\n\n\n\n<h3 class=\"wp-block-heading\" id=\"h-7-adverbs\">7. Prilozi:<\/h3>\n\n\n\n<p>Prilozi mijenjaju glagole, pridjeve ili druge priloge pru\u017eaju\u0107i dodatne informacije o vremenu, na\u010dinu ili stupnju. Nau\u010dite uobi\u010dajene talijanske priloge i njihovo postavljanje u re\u010denice kako biste pobolj\u0161ali svoju te\u010dnost.<\/p>\n\n\n\n<h3 class=\"wp-block-heading\" id=\"h-8-prepositions\">8. Prijedlozi:<\/h3>\n\n\n\n<p>Prijedlozi su neophodni za povezivanje rije\u010di i fraza, ukazuju\u0107i na odnose kao \u0161to su mjesto, vrijeme ili uzrok. Ovladajte uobi\u010dajenim talijanskim prijedlozima (di, a, da itd.) i njihovom uporabom u razli\u010ditim kontekstima.<\/p>\n\n\n\n<h3 class=\"wp-block-heading\" id=\"h-9-sentence-structure\">9. Struktura re\u010denice:<\/h3>\n\n\n\n<p>Kona\u010dno, spojite sve gramati\u010dke komponente prou\u010davanjem talijanske strukture re\u010denica. Saznajte vi\u0161e o redoslijedu subjekt-glagol-objekt, negaciji i oblikovanju pitanja za stvaranje to\u010dnih i smislenih re\u010denica.<\/p>\n\n\n\n<p>Slijede\u0107i ovaj slijed gramati\u010dkih tema i posve\u0107uju\u0107i vrijeme vje\u017ebanju i pregledu, bit \u0107ete na dobrom putu da savladate talijanski jezik i u\u017eivate u bogatim jezi\u010dnim i kulturnim iskustvima koja nudi.<\/p>\n<\/div><\/div>\n\r\n<section class=\"learnNavigationSection\">\r\n            \r\n        <a href=\"https:\/\/talkpal.ai\/hr\/naucite-talijanski\/\">\r\n            <div class=\"learnNavigationWrapper\">\r\n                <div class=\"learnNavigationContent\">\r\n                    <img decoding=\"async\" src=\"https:\/\/talkpal.ai\/wp-content\/uploads\/2024\/08\/Italian.jpg\" alt=\"Italian Flag\">\r\n                    <div>\r\n                        <h4>O u\u010denju talijanskog<\/h4>\r\n                        <p>Saznajte sve o talijanskoj gramatici.<\/p>\r\n                    <\/div>\r\n                <\/div>\r\n            <\/div>\r\n        <\/a>\r\n\r\n        \r\n        <a href=\"https:\/\/talkpal.ai\/hr\/talijanska-gramatika\/\">\r\n            <div class=\"learnNavigationWrapper\">\r\n                <div class=\"learnNavigationContent\">\r\n                    <img decoding=\"async\" src=\"https:\/\/talkpal.ai\/wp-content\/uploads\/2024\/08\/Italian.jpg\" alt=\"Italian Flag\">\r\n                    <div>\r\n                        <h4>Lekcije iz talijanske gramatike<\/h4>\r\n                        <p>Vje\u017ebajte talijansku gramatiku.<\/p>\r\n                    <\/div>\r\n                <\/div>\r\n            <\/div>\r\n        <\/a>\r\n\r\n        \r\n        <a href=\"https:\/\/talkpal.ai\/vocabulary_language\/italian\/\">\r\n            <div class=\"learnNavigationWrapper\">\r\n                <div class=\"learnNavigationContent\">\r\n                    <img decoding=\"async\" src=\"https:\/\/talkpal.ai\/wp-content\/uploads\/2024\/08\/Italian.jpg\" alt=\"Italian Flag\">\r\n                    <div>\r\n                        <h4>Talijanski rje\u010dnik<\/h4>\r\n                        <p>Pro\u0161irite svoj vokabular talijanskog jezika.<\/p>\r\n                    <\/div>\r\n                <\/div>\r\n            <\/div>\r\n        <\/a>\r\n\r\n            <\/section>","protected":false},"excerpt":{"rendered":"<p>Teme talijanske gramatike U\u010denje novog jezika uzbudljivo je putovanje koje otvara nove mogu\u0107nosti i kulturna iskustva. Jedan od najljep\u0161ih i najra\u0161irenijih jezika je talijanski, poznat po svojoj muzikalnosti, izra\u017eajnosti i bogatoj povijesti. Da biste u\u010dinkovito nau\u010dili talijanski jezik, klju\u010dno je imati jasno razumijevanje njegove gramatike, koja slu\u017ei kao temelj za izgradnju jezi\u010dnih vje\u0161tina. To uklju\u010duje [&hellip;]<\/p>\n","protected":false},"author":6,"featured_media":76117,"parent":0,"menu_order":0,"comment_status":"closed","ping_status":"closed","template":"LearningContentPage.php","meta":{"_acf_changed":false,"footnotes":""},"class_list":["post-132232","page","type-page","status-publish","has-post-thumbnail","hentry"],"acf":[],"yoast_head":"<!-- This site is optimized with the Yoast SEO Premium plugin v27.2 (Yoast SEO v27.2) - https:\/\/yoast.com\/product\/yoast-seo-premium-wordpress\/ -->\n<title>Vje\u017ebe talijanske gramatike - Talkpal<\/title>\n<meta name=\"description\" content=\"U\u010dinkovito oja\u010dajte svoju talijansku gramatiku - pobolj\u0161ajte svoje vje\u0161tine prakti\u010dnim vje\u017ebama, interaktivnom praksom i trenutnim povratnim informacijama\" \/>\n<meta name=\"robots\" content=\"index, follow, max-snippet:-1, max-image-preview:large, max-video-preview:-1\" \/>\n<link rel=\"canonical\" href=\"https:\/\/talkpal.ai\/hr\/vjezbe-talijanske-gramatike\/\" \/>\n<meta property=\"og:locale\" content=\"hr_HR\" \/>\n<meta property=\"og:type\" content=\"article\" \/>\n<meta property=\"og:title\" content=\"Vje\u017ebe talijanske gramatike\" \/>\n<meta property=\"og:description\" content=\"Teme talijanske gramatike U\u010denje novog jezika uzbudljivo je putovanje koje otvara nove mogu\u0107nosti i kulturna iskustva. Jedan od najljep\u0161ih i\" \/>\n<meta property=\"og:url\" content=\"https:\/\/talkpal.ai\/hr\/vjezbe-talijanske-gramatike\/\" \/>\n<meta property=\"og:site_name\" content=\"Talkpal\" \/>\n<meta property=\"article:publisher\" content=\"https:\/\/www.facebook.com\/profile.php?id=100090733639311\" \/>\n<meta property=\"article:modified_time\" content=\"2025-12-17T16:15:09+00:00\" \/>\n<meta property=\"og:image\" content=\"https:\/\/talkpal.ai\/wp-content\/uploads\/2023\/03\/italy.png\" \/>\n\t<meta property=\"og:image:width\" content=\"512\" \/>\n\t<meta property=\"og:image:height\" content=\"512\" \/>\n\t<meta property=\"og:image:type\" content=\"image\/png\" \/>\n<meta name=\"twitter:card\" content=\"summary_large_image\" \/>\n<meta name=\"twitter:site\" content=\"@talkpalai\" \/>\n<meta name=\"twitter:label1\" content=\"Procijenjeno vrijeme \u010ditanja\" \/>\n\t<meta name=\"twitter:data1\" content=\"3 minute\" \/>\n<script type=\"application\/ld+json\" class=\"yoast-schema-graph\">{\"@context\":\"https:\/\/schema.org\",\"@graph\":[{\"@type\":\"WebPage\",\"@id\":\"https:\/\/talkpal.ai\/hr\/vjezbe-talijanske-gramatike\/\",\"url\":\"https:\/\/talkpal.ai\/hr\/vjezbe-talijanske-gramatike\/\",\"name\":\"Vje\u017ebe talijanske gramatike - Talkpal\",\"isPartOf\":{\"@id\":\"https:\/\/talkpal.ai\/hr\/#website\"},\"primaryImageOfPage\":{\"@id\":\"https:\/\/talkpal.ai\/hr\/vjezbe-talijanske-gramatike\/#primaryimage\"},\"image\":{\"@id\":\"https:\/\/talkpal.ai\/hr\/vjezbe-talijanske-gramatike\/#primaryimage\"},\"thumbnailUrl\":\"https:\/\/talkpal.ai\/wp-content\/uploads\/2023\/03\/italy.png\",\"datePublished\":\"2023-06-16T09:22:36+00:00\",\"dateModified\":\"2025-12-17T16:15:09+00:00\",\"description\":\"U\u010dinkovito oja\u010dajte svoju talijansku gramatiku - pobolj\u0161ajte svoje vje\u0161tine prakti\u010dnim vje\u017ebama, interaktivnom praksom i trenutnim povratnim informacijama\",\"breadcrumb\":{\"@id\":\"https:\/\/talkpal.ai\/hr\/vjezbe-talijanske-gramatike\/#breadcrumb\"},\"inLanguage\":\"hr\",\"potentialAction\":[{\"@type\":\"ReadAction\",\"target\":[\"https:\/\/talkpal.ai\/hr\/vjezbe-talijanske-gramatike\/\"]}]},{\"@type\":\"ImageObject\",\"inLanguage\":\"hr\",\"@id\":\"https:\/\/talkpal.ai\/hr\/vjezbe-talijanske-gramatike\/#primaryimage\",\"url\":\"https:\/\/talkpal.ai\/wp-content\/uploads\/2023\/03\/italy.png\",\"contentUrl\":\"https:\/\/talkpal.ai\/wp-content\/uploads\/2023\/03\/italy.png\",\"width\":512,\"height\":512,\"caption\":\"TalkPal AI learn Italian\"},{\"@type\":\"BreadcrumbList\",\"@id\":\"https:\/\/talkpal.ai\/hr\/vjezbe-talijanske-gramatike\/#breadcrumb\",\"itemListElement\":[{\"@type\":\"ListItem\",\"position\":1,\"name\":\"Homepage\",\"item\":\"https:\/\/talkpal.ai\/hr\/\"},{\"@type\":\"ListItem\",\"position\":2,\"name\":\"Vje\u017ebe talijanske gramatike\"}]},{\"@type\":\"WebSite\",\"@id\":\"https:\/\/talkpal.ai\/hr\/#website\",\"url\":\"https:\/\/talkpal.ai\/hr\/\",\"name\":\"Talkpal\",\"description\":\"AI Language Learning\",\"publisher\":{\"@id\":\"https:\/\/talkpal.ai\/hr\/#organization\"},\"alternateName\":\"Talkpal AI\",\"potentialAction\":[{\"@type\":\"SearchAction\",\"target\":{\"@type\":\"EntryPoint\",\"urlTemplate\":\"https:\/\/talkpal.ai\/hr\/?s={search_term_string}\"},\"query-input\":{\"@type\":\"PropertyValueSpecification\",\"valueRequired\":true,\"valueName\":\"search_term_string\"}}],\"inLanguage\":\"hr\"},{\"@type\":\"Organization\",\"@id\":\"https:\/\/talkpal.ai\/hr\/#organization\",\"name\":\"Talkpal, Inc.\",\"alternateName\":\"Talkpal AI\",\"url\":\"https:\/\/talkpal.ai\/hr\/\",\"logo\":{\"@type\":\"ImageObject\",\"inLanguage\":\"hr\",\"@id\":\"https:\/\/talkpal.ai\/hr\/#\/schema\/logo\/image\/\",\"url\":\"https:\/\/talkpal.ai\/wp-content\/uploads\/2024\/03\/Talkpal-Logo-Icon.png\",\"contentUrl\":\"https:\/\/talkpal.ai\/wp-content\/uploads\/2024\/03\/Talkpal-Logo-Icon.png\",\"width\":2880,\"height\":2880,\"caption\":\"Talkpal, Inc.\"},\"image\":{\"@id\":\"https:\/\/talkpal.ai\/hr\/#\/schema\/logo\/image\/\"},\"sameAs\":[\"https:\/\/www.facebook.com\/profile.php?id=100090733639311\",\"https:\/\/x.com\/talkpalai\",\"https:\/\/www.linkedin.com\/company\/talkpal\/\",\"https:\/\/www.youtube.com\/@TalkPal\/\",\"https:\/\/www.tiktok.com\/@talkpal\",\"https:\/\/www.instagram.com\/talkpal_ai\/\",\"https:\/\/www.crunchbase.com\/organization\/talkpal-9cde\",\"https:\/\/www.g2.com\/products\/talkpal-for-business\/\",\"https:\/\/www.trustpilot.com\/review\/talkpal.ai\",\"https:\/\/www.capterra.com\/p\/10006800\/TalkPal\/\"],\"description\":\"Talkpal is a language learning web and mobile education app, powered by the latest AI technologies, that provides engaging experiences to its customers in many different languages to help them improve their language skills. Users can chat about unlimited amount of topics with the app and use other modes to practice their language learning.\",\"email\":\"support@talkpal.ai\",\"legalName\":\"Talkpal, Inc.\",\"foundingDate\":\"2023-04-03\",\"duns\":\"118989042\",\"numberOfEmployees\":{\"@type\":\"QuantitativeValue\",\"minValue\":\"11\",\"maxValue\":\"50\"},\"publishingPrinciples\":\"https:\/\/talkpal.ai\/publishing-principles\/\",\"actionableFeedbackPolicy\":\"https:\/\/talkpal.ai\/actionable-feedback-policy\/\",\"correctionsPolicy\":\"https:\/\/talkpal.ai\/corrections-policy\/\",\"ethicsPolicy\":\"https:\/\/talkpal.ai\/ethics-policy\/\",\"diversityPolicy\":\"https:\/\/talkpal.ai\/diversity-policy\/\",\"diversityStaffingReport\":\"https:\/\/talkpal.ai\/diversity-policy\/\"}]}<\/script>\n<!-- \/ Yoast SEO Premium plugin. -->","yoast_head_json":{"title":"Vje\u017ebe talijanske gramatike - Talkpal","description":"U\u010dinkovito oja\u010dajte svoju talijansku gramatiku - pobolj\u0161ajte svoje vje\u0161tine prakti\u010dnim vje\u017ebama, interaktivnom praksom i trenutnim povratnim informacijama","robots":{"index":"index","follow":"follow","max-snippet":"max-snippet:-1","max-image-preview":"max-image-preview:large","max-video-preview":"max-video-preview:-1"},"canonical":"https:\/\/talkpal.ai\/hr\/vjezbe-talijanske-gramatike\/","og_locale":"hr_HR","og_type":"article","og_title":"Vje\u017ebe talijanske gramatike","og_description":"Teme talijanske gramatike U\u010denje novog jezika uzbudljivo je putovanje koje otvara nove mogu\u0107nosti i kulturna iskustva. Jedan od najljep\u0161ih i","og_url":"https:\/\/talkpal.ai\/hr\/vjezbe-talijanske-gramatike\/","og_site_name":"Talkpal","article_publisher":"https:\/\/www.facebook.com\/profile.php?id=100090733639311","article_modified_time":"2025-12-17T16:15:09+00:00","og_image":[{"width":512,"height":512,"url":"https:\/\/talkpal.ai\/wp-content\/uploads\/2023\/03\/italy.png","type":"image\/png"}],"twitter_card":"summary_large_image","twitter_site":"@talkpalai","twitter_misc":{"Procijenjeno vrijeme \u010ditanja":"3 minute"},"schema":{"@context":"https:\/\/schema.org","@graph":[{"@type":"WebPage","@id":"https:\/\/talkpal.ai\/hr\/vjezbe-talijanske-gramatike\/","url":"https:\/\/talkpal.ai\/hr\/vjezbe-talijanske-gramatike\/","name":"Vje\u017ebe talijanske gramatike - Talkpal","isPartOf":{"@id":"https:\/\/talkpal.ai\/hr\/#website"},"primaryImageOfPage":{"@id":"https:\/\/talkpal.ai\/hr\/vjezbe-talijanske-gramatike\/#primaryimage"},"image":{"@id":"https:\/\/talkpal.ai\/hr\/vjezbe-talijanske-gramatike\/#primaryimage"},"thumbnailUrl":"https:\/\/talkpal.ai\/wp-content\/uploads\/2023\/03\/italy.png","datePublished":"2023-06-16T09:22:36+00:00","dateModified":"2025-12-17T16:15:09+00:00","description":"U\u010dinkovito oja\u010dajte svoju talijansku gramatiku - pobolj\u0161ajte svoje vje\u0161tine prakti\u010dnim vje\u017ebama, interaktivnom praksom i trenutnim povratnim informacijama","breadcrumb":{"@id":"https:\/\/talkpal.ai\/hr\/vjezbe-talijanske-gramatike\/#breadcrumb"},"inLanguage":"hr","potentialAction":[{"@type":"ReadAction","target":["https:\/\/talkpal.ai\/hr\/vjezbe-talijanske-gramatike\/"]}]},{"@type":"ImageObject","inLanguage":"hr","@id":"https:\/\/talkpal.ai\/hr\/vjezbe-talijanske-gramatike\/#primaryimage","url":"https:\/\/talkpal.ai\/wp-content\/uploads\/2023\/03\/italy.png","contentUrl":"https:\/\/talkpal.ai\/wp-content\/uploads\/2023\/03\/italy.png","width":512,"height":512,"caption":"TalkPal AI learn Italian"},{"@type":"BreadcrumbList","@id":"https:\/\/talkpal.ai\/hr\/vjezbe-talijanske-gramatike\/#breadcrumb","itemListElement":[{"@type":"ListItem","position":1,"name":"Homepage","item":"https:\/\/talkpal.ai\/hr\/"},{"@type":"ListItem","position":2,"name":"Vje\u017ebe talijanske gramatike"}]},{"@type":"WebSite","@id":"https:\/\/talkpal.ai\/hr\/#website","url":"https:\/\/talkpal.ai\/hr\/","name":"Talkpal","description":"AI Language Learning","publisher":{"@id":"https:\/\/talkpal.ai\/hr\/#organization"},"alternateName":"Talkpal AI","potentialAction":[{"@type":"SearchAction","target":{"@type":"EntryPoint","urlTemplate":"https:\/\/talkpal.ai\/hr\/?s={search_term_string}"},"query-input":{"@type":"PropertyValueSpecification","valueRequired":true,"valueName":"search_term_string"}}],"inLanguage":"hr"},{"@type":"Organization","@id":"https:\/\/talkpal.ai\/hr\/#organization","name":"Talkpal, Inc.","alternateName":"Talkpal AI","url":"https:\/\/talkpal.ai\/hr\/","logo":{"@type":"ImageObject","inLanguage":"hr","@id":"https:\/\/talkpal.ai\/hr\/#\/schema\/logo\/image\/","url":"https:\/\/talkpal.ai\/wp-content\/uploads\/2024\/03\/Talkpal-Logo-Icon.png","contentUrl":"https:\/\/talkpal.ai\/wp-content\/uploads\/2024\/03\/Talkpal-Logo-Icon.png","width":2880,"height":2880,"caption":"Talkpal, Inc."},"image":{"@id":"https:\/\/talkpal.ai\/hr\/#\/schema\/logo\/image\/"},"sameAs":["https:\/\/www.facebook.com\/profile.php?id=100090733639311","https:\/\/x.com\/talkpalai","https:\/\/www.linkedin.com\/company\/talkpal\/","https:\/\/www.youtube.com\/@TalkPal\/","https:\/\/www.tiktok.com\/@talkpal","https:\/\/www.instagram.com\/talkpal_ai\/","https:\/\/www.crunchbase.com\/organization\/talkpal-9cde","https:\/\/www.g2.com\/products\/talkpal-for-business\/","https:\/\/www.trustpilot.com\/review\/talkpal.ai","https:\/\/www.capterra.com\/p\/10006800\/TalkPal\/"],"description":"Talkpal is a language learning web and mobile education app, powered by the latest AI technologies, that provides engaging experiences to its customers in many different languages to help them improve their language skills. Users can chat about unlimited amount of topics with the app and use other modes to practice their language learning.","email":"support@talkpal.ai","legalName":"Talkpal, Inc.","foundingDate":"2023-04-03","duns":"118989042","numberOfEmployees":{"@type":"QuantitativeValue","minValue":"11","maxValue":"50"},"publishingPrinciples":"https:\/\/talkpal.ai\/publishing-principles\/","actionableFeedbackPolicy":"https:\/\/talkpal.ai\/actionable-feedback-policy\/","correctionsPolicy":"https:\/\/talkpal.ai\/corrections-policy\/","ethicsPolicy":"https:\/\/talkpal.ai\/ethics-policy\/","diversityPolicy":"https:\/\/talkpal.ai\/diversity-policy\/","diversityStaffingReport":"https:\/\/talkpal.ai\/diversity-policy\/"}]}},"_links":{"self":[{"href":"https:\/\/talkpal.ai\/hr\/wp-json\/wp\/v2\/pages\/132232","targetHints":{"allow":["GET"]}}],"collection":[{"href":"https:\/\/talkpal.ai\/hr\/wp-json\/wp\/v2\/pages"}],"about":[{"href":"https:\/\/talkpal.ai\/hr\/wp-json\/wp\/v2\/types\/page"}],"author":[{"embeddable":true,"href":"https:\/\/talkpal.ai\/hr\/wp-json\/wp\/v2\/users\/6"}],"replies":[{"embeddable":true,"href":"https:\/\/talkpal.ai\/hr\/wp-json\/wp\/v2\/comments?post=132232"}],"version-history":[{"count":0,"href":"https:\/\/talkpal.ai\/hr\/wp-json\/wp\/v2\/pages\/132232\/revisions"}],"wp:featuredmedia":[{"embeddable":true,"href":"https:\/\/talkpal.ai\/hr\/wp-json\/wp\/v2\/media\/76117"}],"wp:attachment":[{"href":"https:\/\/talkpal.ai\/hr\/wp-json\/wp\/v2\/media?parent=132232"}],"curies":[{"name":"wp","href":"https:\/\/api.w.org\/{rel}","templated":true}]}}