{"id":132014,"date":"2023-06-16T09:14:18","date_gmt":"2023-06-16T09:14:18","guid":{"rendered":"http:\/\/talkpal.ai\/vjezbe-njemacke-gramatike\/"},"modified":"2025-12-17T16:12:49","modified_gmt":"2025-12-17T16:12:49","slug":"vjezbe-njemacke-gramatike","status":"publish","type":"page","link":"https:\/\/talkpal.ai\/hr\/vjezbe-njemacke-gramatike\/","title":{"rendered":"Vje\u017ebe njema\u010dke gramatike"},"content":{"rendered":"\r\n\r\n\r\n<section class=\"languageChallengeSection\">\r\n    <div class=\"languageInfoWrapper\">\r\n        \r\n        <h1>Vje\u017ebe njema\u010dke gramatike<\/h1>\r\n        <p>Spremni za usavr\u0161avanje njema\u010dke gramatike? Vje\u017ebanje gramati\u010dkih vje\u017ebi savr\u0161en je na\u010din za svladavanje njema\u010dkog jezika. Po\u010dnite raditi na tome ve\u0107 danas i vidjet \u0107ete kako vam samopouzdanje i te\u010dnost rastu sa svakom vje\u017ebom!\n\n<\/p>\r\n\r\n                            <a class=\"getStartedHidden\" href=\"https:\/\/app.talkpal.ai\/hr\/signup?lng=\">Zapo\u010dni<\/a>\r\n        \r\n    <\/div>\r\n\r\n    <figure>\r\n    <img decoding=\"async\" width=\"768\" height=\"768\" src=\"https:\/\/talkpal.ai\/wp-content\/uploads\/2023\/06\/german-768x768.png\" class=\"languageImage no-lazy\" alt=\"Language learning for global networking\" fetchpriority=\"high\" sizes=\"(max-width: 768px) 150px, 768px\" srcset=\"https:\/\/talkpal.ai\/wp-content\/uploads\/2023\/06\/german-768x768.png 768w, https:\/\/talkpal.ai\/wp-content\/uploads\/2023\/06\/german-300x300.png 300w\" \/>\r\n    \r\n\r\n    <\/figure>\r\n\r\n            <a class=\"getStartedVisible\" href=\"https:\/\/app.talkpal.ai\/hr\/signup?lng=\">Zapo\u010dni<\/a>\r\n    \r\n<\/section>\r\n\r\n\r\n<!-- <section class=\"grammarSection\">\r\n    <div class=\"grammarLinks\">\r\n        <a href=\"https:\/\/talkpal.ai\/hr\/exercise_language\/deklinacija-njemacka-gramatika\/\">Deklinacija <\/a><a href=\"https:\/\/talkpal.ai\/hr\/exercise_language\/glagoli-njemacka-gramatika\/\">Glagoli <\/a><a href=\"https:\/\/talkpal.ai\/hr\/exercise_language\/imenice-i-clanci-njemacka-gramatika\/\">Imenice i \u010dlanci <\/a><a href=\"https:\/\/talkpal.ai\/hr\/exercise_language\/pridjevi-njemacka-gramatika\/\">Pridjevi <\/a><a href=\"https:\/\/talkpal.ai\/hr\/exercise_language\/prijedlozi-njemacka-gramatika\/\">Prijedlozi <\/a><a href=\"https:\/\/talkpal.ai\/hr\/exercise_language\/prilozi-njemacka-gramatika\/\">Prilozi <\/a><a href=\"https:\/\/talkpal.ai\/hr\/exercise_language\/struktura-recenice-njemacka-gramatika\/\">Struktura re\u010denice <\/a><a href=\"https:\/\/talkpal.ai\/hr\/exercise_language\/vremena-njemacka-gramatika\/\">Vremena <\/a><a href=\"https:\/\/talkpal.ai\/hr\/exercise_language\/zamjenice-njemacka-gramatika\/\">Zamjenice <\/a>    <\/div>\r\n<\/section> -->\r\n\r\n\r\n\r\n\r\n        <section class=\"grammarSection\">\r\n            <div class=\"grammarLinks\">\r\n                <a href=\"https:\/\/talkpal.ai\/hr\/exercise_language\/deklinacija-njemacka-gramatika\/\">Deklinacija <\/a><a href=\"https:\/\/talkpal.ai\/hr\/exercise_language\/glagoli-njemacka-gramatika\/\">Glagoli <\/a><a href=\"https:\/\/talkpal.ai\/hr\/exercise_language\/imenice-i-clanci-njemacka-gramatika\/\">Imenice i \u010dlanci <\/a><a href=\"https:\/\/talkpal.ai\/hr\/exercise_language\/pridjevi-njemacka-gramatika\/\">Pridjevi <\/a><a href=\"https:\/\/talkpal.ai\/hr\/exercise_language\/prijedlozi-njemacka-gramatika\/\">Prijedlozi <\/a><a href=\"https:\/\/talkpal.ai\/hr\/exercise_language\/prilozi-njemacka-gramatika\/\">Prilozi <\/a><a href=\"https:\/\/talkpal.ai\/hr\/exercise_language\/struktura-recenice-njemacka-gramatika\/\">Struktura re\u010denice <\/a><a href=\"https:\/\/talkpal.ai\/hr\/exercise_language\/vremena-njemacka-gramatika\/\">Vremena <\/a><a href=\"https:\/\/talkpal.ai\/hr\/exercise_language\/zamjenice-njemacka-gramatika\/\">Zamjenice <\/a>            <\/div>\r\n        <\/section>\r\n<section class=\"promotionalBanner\">\r\n    <p class=\"promotionalText\">Naju\u010dinkovitiji na\u010din u\u010denja jezika<\/p>\r\n    <a class=\"promotionalLink\" href=\"https:\/\/app.talkpal.ai\/hr\/signup?lng=\">Isprobajte Talkpal besplatno<\/a>\r\n<\/section>\n<div class=\"wp-block-group pageContainerStyle\"><div class=\"wp-block-group__inner-container is-layout-constrained wp-block-group-is-layout-constrained\">\n<h2 class=\"wp-block-heading\" id=\"h-german-grammar-topics\">Teme njema\u010dke gramatike<\/h2>\n\n\n\n<p>U\u010denje novog jezika mo\u017ee biti zastra\u0161uju\u0107i zadatak, ali uz pravi pristup, to mo\u017ee biti uzbudljivo i korisno iskustvo. <a href=\"https:\/\/talkpal.ai\/learn-german\/\">Njema\u010dki<\/a> je visoko strukturiran i logi\u010dan jezik, \u0161to olak\u0161ava u\u010denje ako imate jasno razumijevanje njegovih gramati\u010dkih pravila. Ovaj vodi\u010d pomo\u0107i \u0107e vam razumjeti klju\u010dne aspekte njema\u010dke gramatike, kao \u0161to su vremena, glagoli, imenice i \u010dlanci, zamjenice, pridjevi, deklinacija, prilozi, prijedlozi i struktura re\u010denica. Slijede\u0107i ovaj slijed, mo\u0107i \u0107ete u\u010dinkovito i u\u010dinkovito napredovati u svom putu u\u010denja njema\u010dkog jezika.<\/p>\n\n\n\n<h3 class=\"wp-block-heading\" id=\"h-1-nouns-and-articles\">1. Imenice i \u010dlanci:<\/h3>\n\n\n\n<p><a href=\"https:\/\/talkpal.ai\/ko\/ai-%ec%96%b8%ec%96%b4-%ea%b5%90%ec%82%ac\/\">Zapo\u010dnite<\/a> u\u010denjem osnova njema\u010dkih imenica i njihovih prate\u0107ih \u010dlanaka. Njema\u010dki ima tri spola (mu\u0161ki, \u017eenski i kastrirani) i \u010detiri slu\u010daja (nominativni, akuzativni, dativni i genitivni). Razumijevanje ovih pravila pomo\u0107i \u0107e vam da odredite ispravan \u010dlanak za svaku imenicu i postavite temelje za svoje znanje njema\u010dke gramatike.<\/p>\n\n\n\n<h3 class=\"wp-block-heading\" id=\"h-2-pronouns\">2. Zamjenice:<\/h3>\n\n\n\n<p>Zamjenice zamjenjuju imenice u re\u010denici i imaju razli\u010dite oblike ovisno o spolu, broju i slu\u010daju. Upoznajte se s njema\u010dkim zamjenicama, kao \u0161to su osobne, posesivne, refleksivne i relativne zamjenice, kako biste stvorili slo\u017eenije re\u010denice i preciznije izrazili svoje misli.<\/p>\n\n\n\n<h3 class=\"wp-block-heading\" id=\"h-3-verbs\">3. Glagoli:<\/h3>\n\n\n\n<p>Glagoli su klju\u010dni u oblikovanju re\u010denica, jer izra\u017eavaju postupke i stanja. Nau\u010dite razli\u010dite vrste njema\u010dkih glagola, kao \u0161to su pravilni, nepravilni, modalni i refleksivni glagoli, zajedno s njihovim konjugacijama u sada\u0161njem, pro\u0161lom i budu\u0107em vremenu. To \u0107e vam omogu\u0107iti u\u010dinkovitu komunikaciju u razli\u010ditim situacijama.<\/p>\n\n\n\n<h3 class=\"wp-block-heading\" id=\"h-4-tenses\">4. Vrijeme:<\/h3>\n\n\n\n<p>Vremena ozna\u010davaju vrijeme u kojem se radnja doga\u0111a. Na njema\u010dkom jeziku postoji \u0161est vremena: sada\u0161njost, jednostavna pro\u0161lost, sada\u0161njost savr\u0161ena, pro\u0161la savr\u0161ena, budu\u0107nost i budu\u0107a savr\u0161ena vremena. Razumijevanje pravila i kori\u0161tenja ovih vremena pomo\u0107i \u0107e vam da se jasno i to\u010dno izrazite.<\/p>\n\n\n\n<h3 class=\"wp-block-heading\" id=\"h-5-adjectives\">5. Pridjevi:<\/h3>\n\n\n\n<p>Pridjevi opisuju kvalitete imenica i zamjenica i sla\u017eu se po spolu, broju i slu\u010daju s imenicom koju mijenjaju. Nau\u010dite pravila pridjevske deklinacije, kao i usporedne i superlativne oblike, kako biste pobolj\u0161ali svoje opise i u\u010dinili svoj govor \u0161arenijim.<\/p>\n\n\n\n<h3 class=\"wp-block-heading\" id=\"h-6-declension\">6. Deklinacija:<\/h3>\n\n\n\n<p>Deklinacija je proces mijenjanja imenica, zamjenica i pridjeva kako bi se nazna\u010dila njihova gramati\u010dka funkcija u re\u010denici. Upoznajte se s \u010detiri njema\u010dka slu\u010daja i kako oni utje\u010du na zavr\u0161etke rije\u010di, \u0161to \u0107e vam omogu\u0107iti da konstruirate gramati\u010dki ispravne re\u010denice.<\/p>\n\n\n\n<h3 class=\"wp-block-heading\" id=\"h-7-adverbs\">7. Prilozi:<\/h3>\n\n\n\n<p>Prilozi pru\u017eaju dodatne informacije o glagolima, pridjevima ili drugim prilozima. Nau\u010dite razli\u010dite vrste njema\u010dkih priloga, poput onih koji ukazuju na vrijeme, na\u010din i mjesto, te kako ih u\u010dinkovito koristiti za dodavanje nijansi i preciznosti va\u0161em govoru.<\/p>\n\n\n\n<h3 class=\"wp-block-heading\" id=\"h-8-prepositions\">8. Prijedlozi:<\/h3>\n\n\n\n<p>Prijedlozi se koriste za ozna\u010davanje odnosa izme\u0111u imenica ili zamjenica i drugih elemenata u re\u010denici. Prou\u010dite razli\u010dite njema\u010dke prijedloge i njihovu upotrebu u razli\u010ditim slu\u010dajevima kako biste razvili bolje razumijevanje na\u010dina na koji se re\u010denice konstruiraju.<\/p>\n\n\n\n<h3 class=\"wp-block-heading\" id=\"h-9-sentence-structure\">9. Struktura re\u010denice:<\/h3>\n\n\n\n<p>Kona\u010dno, upoznajte se s njema\u010dkom strukturom re\u010denica, uklju\u010duju\u0107i redoslijed rije\u010di, podre\u0111ene re\u010denice i veznike. Razumijevanje ovih pravila pomo\u0107i \u0107e vam u stvaranju koherentnih i dobro strukturiranih re\u010denica, omogu\u0107uju\u0107i vam da jasno i u\u010dinkovito izrazite svoje misli na njema\u010dkom jeziku.<\/p>\n<\/div><\/div>\n\r\n<section class=\"learnNavigationSection\">\r\n            \r\n        <a href=\"https:\/\/talkpal.ai\/hr\/naucite-njemacki\/\">\r\n            <div class=\"learnNavigationWrapper\">\r\n                <div class=\"learnNavigationContent\">\r\n                    <img decoding=\"async\" src=\"https:\/\/talkpal.ai\/wp-content\/uploads\/2024\/08\/German.jpg\" alt=\"German Flag\">\r\n                    <div>\r\n                        <h4>O u\u010denju njema\u010dkog jezika<\/h4>\r\n                        <p>Saznajte sve o njema\u010dkoj gramatici.<\/p>\r\n                    <\/div>\r\n                <\/div>\r\n            <\/div>\r\n        <\/a>\r\n\r\n        \r\n        <a href=\"https:\/\/talkpal.ai\/hr\/njemacka-gramatika\/\">\r\n            <div class=\"learnNavigationWrapper\">\r\n                <div class=\"learnNavigationContent\">\r\n                    <img decoding=\"async\" src=\"https:\/\/talkpal.ai\/wp-content\/uploads\/2024\/08\/German.jpg\" alt=\"German Flag\">\r\n                    <div>\r\n                        <h4>Lekcije njema\u010dkog gramatike<\/h4>\r\n                        <p>Vje\u017ebajte njema\u010dku gramatiku.<\/p>\r\n                    <\/div>\r\n                <\/div>\r\n            <\/div>\r\n        <\/a>\r\n\r\n        \r\n        <a href=\"https:\/\/talkpal.ai\/vocabulary_language\/german\/\">\r\n            <div class=\"learnNavigationWrapper\">\r\n                <div class=\"learnNavigationContent\">\r\n                    <img decoding=\"async\" src=\"https:\/\/talkpal.ai\/wp-content\/uploads\/2024\/08\/German.jpg\" alt=\"German Flag\">\r\n                    <div>\r\n                        <h4>Njema\u010dki rje\u010dnik<\/h4>\r\n                        <p>Pro\u0161irite svoj njema\u010dki vokabular.<\/p>\r\n                    <\/div>\r\n                <\/div>\r\n            <\/div>\r\n        <\/a>\r\n\r\n            <\/section>","protected":false},"excerpt":{"rendered":"<p>Teme njema\u010dke gramatike U\u010denje novog jezika mo\u017ee biti zastra\u0161uju\u0107i zadatak, ali uz pravi pristup, to mo\u017ee biti uzbudljivo i korisno iskustvo. Njema\u010dki je visoko strukturiran i logi\u010dan jezik, \u0161to olak\u0161ava u\u010denje ako imate jasno razumijevanje njegovih gramati\u010dkih pravila. Ovaj vodi\u010d pomo\u0107i \u0107e vam razumjeti klju\u010dne aspekte njema\u010dke gramatike, kao \u0161to su vremena, glagoli, imenice i [&hellip;]<\/p>\n","protected":false},"author":6,"featured_media":75517,"parent":0,"menu_order":0,"comment_status":"closed","ping_status":"closed","template":"LearningContentPage.php","meta":{"_acf_changed":false,"footnotes":""},"class_list":["post-132014","page","type-page","status-publish","has-post-thumbnail","hentry"],"acf":[],"yoast_head":"<!-- This site is optimized with the Yoast SEO Premium plugin v27.2 (Yoast SEO v27.2) - https:\/\/yoast.com\/product\/yoast-seo-premium-wordpress\/ -->\n<title>Vje\u017ebe njema\u010dke gramatike - Talkpal<\/title>\n<meta name=\"description\" content=\"Pobolj\u0161ajte svoju njema\u010dku gramatiku prakti\u010dnim vje\u017ebama - brzo se pobolj\u0161ajte, vje\u017ebajte interaktivno i steknite jezi\u010dno samopouzdanje koriste\u0107i Talkpal AI.\" \/>\n<meta name=\"robots\" content=\"index, follow, max-snippet:-1, max-image-preview:large, max-video-preview:-1\" \/>\n<link rel=\"canonical\" href=\"https:\/\/talkpal.ai\/hr\/vjezbe-njemacke-gramatike\/\" \/>\n<meta property=\"og:locale\" content=\"hr_HR\" \/>\n<meta property=\"og:type\" content=\"article\" \/>\n<meta property=\"og:title\" content=\"Vje\u017ebe njema\u010dke gramatike\" \/>\n<meta property=\"og:description\" content=\"Teme njema\u010dke gramatike U\u010denje novog jezika mo\u017ee biti zastra\u0161uju\u0107i zadatak, ali uz pravi pristup, to mo\u017ee biti uzbudljivo i korisno iskustvo. Njema\u010dki je\" \/>\n<meta property=\"og:url\" content=\"https:\/\/talkpal.ai\/hr\/vjezbe-njemacke-gramatike\/\" \/>\n<meta property=\"og:site_name\" content=\"Talkpal\" \/>\n<meta property=\"article:publisher\" content=\"https:\/\/www.facebook.com\/profile.php?id=100090733639311\" \/>\n<meta property=\"article:modified_time\" content=\"2025-12-17T16:12:49+00:00\" \/>\n<meta property=\"og:image\" content=\"https:\/\/talkpal.ai\/wp-content\/uploads\/2023\/03\/germany.png\" \/>\n\t<meta property=\"og:image:width\" content=\"512\" \/>\n\t<meta property=\"og:image:height\" content=\"512\" \/>\n\t<meta property=\"og:image:type\" content=\"image\/png\" \/>\n<meta name=\"twitter:card\" content=\"summary_large_image\" \/>\n<meta name=\"twitter:site\" content=\"@talkpalai\" \/>\n<meta name=\"twitter:label1\" content=\"Procijenjeno vrijeme \u010ditanja\" \/>\n\t<meta name=\"twitter:data1\" content=\"3 minute\" \/>\n<script type=\"application\/ld+json\" class=\"yoast-schema-graph\">{\"@context\":\"https:\/\/schema.org\",\"@graph\":[{\"@type\":\"WebPage\",\"@id\":\"https:\/\/talkpal.ai\/hr\/vjezbe-njemacke-gramatike\/\",\"url\":\"https:\/\/talkpal.ai\/hr\/vjezbe-njemacke-gramatike\/\",\"name\":\"Vje\u017ebe njema\u010dke gramatike - Talkpal\",\"isPartOf\":{\"@id\":\"https:\/\/talkpal.ai\/hr\/#website\"},\"primaryImageOfPage\":{\"@id\":\"https:\/\/talkpal.ai\/hr\/vjezbe-njemacke-gramatike\/#primaryimage\"},\"image\":{\"@id\":\"https:\/\/talkpal.ai\/hr\/vjezbe-njemacke-gramatike\/#primaryimage\"},\"thumbnailUrl\":\"https:\/\/talkpal.ai\/wp-content\/uploads\/2023\/03\/germany.png\",\"datePublished\":\"2023-06-16T09:14:18+00:00\",\"dateModified\":\"2025-12-17T16:12:49+00:00\",\"description\":\"Pobolj\u0161ajte svoju njema\u010dku gramatiku prakti\u010dnim vje\u017ebama - brzo se pobolj\u0161ajte, vje\u017ebajte interaktivno i steknite jezi\u010dno samopouzdanje koriste\u0107i Talkpal AI.\",\"breadcrumb\":{\"@id\":\"https:\/\/talkpal.ai\/hr\/vjezbe-njemacke-gramatike\/#breadcrumb\"},\"inLanguage\":\"hr\",\"potentialAction\":[{\"@type\":\"ReadAction\",\"target\":[\"https:\/\/talkpal.ai\/hr\/vjezbe-njemacke-gramatike\/\"]}]},{\"@type\":\"ImageObject\",\"inLanguage\":\"hr\",\"@id\":\"https:\/\/talkpal.ai\/hr\/vjezbe-njemacke-gramatike\/#primaryimage\",\"url\":\"https:\/\/talkpal.ai\/wp-content\/uploads\/2023\/03\/germany.png\",\"contentUrl\":\"https:\/\/talkpal.ai\/wp-content\/uploads\/2023\/03\/germany.png\",\"width\":512,\"height\":512,\"caption\":\"TalkPal AI learn German\"},{\"@type\":\"BreadcrumbList\",\"@id\":\"https:\/\/talkpal.ai\/hr\/vjezbe-njemacke-gramatike\/#breadcrumb\",\"itemListElement\":[{\"@type\":\"ListItem\",\"position\":1,\"name\":\"Homepage\",\"item\":\"https:\/\/talkpal.ai\/hr\/\"},{\"@type\":\"ListItem\",\"position\":2,\"name\":\"Vje\u017ebe njema\u010dke gramatike\"}]},{\"@type\":\"WebSite\",\"@id\":\"https:\/\/talkpal.ai\/hr\/#website\",\"url\":\"https:\/\/talkpal.ai\/hr\/\",\"name\":\"Talkpal\",\"description\":\"AI Language Learning\",\"publisher\":{\"@id\":\"https:\/\/talkpal.ai\/hr\/#organization\"},\"alternateName\":\"Talkpal AI\",\"potentialAction\":[{\"@type\":\"SearchAction\",\"target\":{\"@type\":\"EntryPoint\",\"urlTemplate\":\"https:\/\/talkpal.ai\/hr\/?s={search_term_string}\"},\"query-input\":{\"@type\":\"PropertyValueSpecification\",\"valueRequired\":true,\"valueName\":\"search_term_string\"}}],\"inLanguage\":\"hr\"},{\"@type\":\"Organization\",\"@id\":\"https:\/\/talkpal.ai\/hr\/#organization\",\"name\":\"Talkpal, Inc.\",\"alternateName\":\"Talkpal AI\",\"url\":\"https:\/\/talkpal.ai\/hr\/\",\"logo\":{\"@type\":\"ImageObject\",\"inLanguage\":\"hr\",\"@id\":\"https:\/\/talkpal.ai\/hr\/#\/schema\/logo\/image\/\",\"url\":\"https:\/\/talkpal.ai\/wp-content\/uploads\/2024\/03\/Talkpal-Logo-Icon.png\",\"contentUrl\":\"https:\/\/talkpal.ai\/wp-content\/uploads\/2024\/03\/Talkpal-Logo-Icon.png\",\"width\":2880,\"height\":2880,\"caption\":\"Talkpal, Inc.\"},\"image\":{\"@id\":\"https:\/\/talkpal.ai\/hr\/#\/schema\/logo\/image\/\"},\"sameAs\":[\"https:\/\/www.facebook.com\/profile.php?id=100090733639311\",\"https:\/\/x.com\/talkpalai\",\"https:\/\/www.linkedin.com\/company\/talkpal\/\",\"https:\/\/www.youtube.com\/@TalkPal\/\",\"https:\/\/www.tiktok.com\/@talkpal\",\"https:\/\/www.instagram.com\/talkpal_ai\/\",\"https:\/\/www.crunchbase.com\/organization\/talkpal-9cde\",\"https:\/\/www.g2.com\/products\/talkpal-for-business\/\",\"https:\/\/www.trustpilot.com\/review\/talkpal.ai\",\"https:\/\/www.capterra.com\/p\/10006800\/TalkPal\/\"],\"description\":\"Talkpal is a language learning web and mobile education app, powered by the latest AI technologies, that provides engaging experiences to its customers in many different languages to help them improve their language skills. Users can chat about unlimited amount of topics with the app and use other modes to practice their language learning.\",\"email\":\"support@talkpal.ai\",\"legalName\":\"Talkpal, Inc.\",\"foundingDate\":\"2023-04-03\",\"duns\":\"118989042\",\"numberOfEmployees\":{\"@type\":\"QuantitativeValue\",\"minValue\":\"11\",\"maxValue\":\"50\"},\"publishingPrinciples\":\"https:\/\/talkpal.ai\/publishing-principles\/\",\"actionableFeedbackPolicy\":\"https:\/\/talkpal.ai\/actionable-feedback-policy\/\",\"correctionsPolicy\":\"https:\/\/talkpal.ai\/corrections-policy\/\",\"ethicsPolicy\":\"https:\/\/talkpal.ai\/ethics-policy\/\",\"diversityPolicy\":\"https:\/\/talkpal.ai\/diversity-policy\/\",\"diversityStaffingReport\":\"https:\/\/talkpal.ai\/diversity-policy\/\"}]}<\/script>\n<!-- \/ Yoast SEO Premium plugin. -->","yoast_head_json":{"title":"Vje\u017ebe njema\u010dke gramatike - Talkpal","description":"Pobolj\u0161ajte svoju njema\u010dku gramatiku prakti\u010dnim vje\u017ebama - brzo se pobolj\u0161ajte, vje\u017ebajte interaktivno i steknite jezi\u010dno samopouzdanje koriste\u0107i Talkpal AI.","robots":{"index":"index","follow":"follow","max-snippet":"max-snippet:-1","max-image-preview":"max-image-preview:large","max-video-preview":"max-video-preview:-1"},"canonical":"https:\/\/talkpal.ai\/hr\/vjezbe-njemacke-gramatike\/","og_locale":"hr_HR","og_type":"article","og_title":"Vje\u017ebe njema\u010dke gramatike","og_description":"Teme njema\u010dke gramatike U\u010denje novog jezika mo\u017ee biti zastra\u0161uju\u0107i zadatak, ali uz pravi pristup, to mo\u017ee biti uzbudljivo i korisno iskustvo. Njema\u010dki je","og_url":"https:\/\/talkpal.ai\/hr\/vjezbe-njemacke-gramatike\/","og_site_name":"Talkpal","article_publisher":"https:\/\/www.facebook.com\/profile.php?id=100090733639311","article_modified_time":"2025-12-17T16:12:49+00:00","og_image":[{"width":512,"height":512,"url":"https:\/\/talkpal.ai\/wp-content\/uploads\/2023\/03\/germany.png","type":"image\/png"}],"twitter_card":"summary_large_image","twitter_site":"@talkpalai","twitter_misc":{"Procijenjeno vrijeme \u010ditanja":"3 minute"},"schema":{"@context":"https:\/\/schema.org","@graph":[{"@type":"WebPage","@id":"https:\/\/talkpal.ai\/hr\/vjezbe-njemacke-gramatike\/","url":"https:\/\/talkpal.ai\/hr\/vjezbe-njemacke-gramatike\/","name":"Vje\u017ebe njema\u010dke gramatike - Talkpal","isPartOf":{"@id":"https:\/\/talkpal.ai\/hr\/#website"},"primaryImageOfPage":{"@id":"https:\/\/talkpal.ai\/hr\/vjezbe-njemacke-gramatike\/#primaryimage"},"image":{"@id":"https:\/\/talkpal.ai\/hr\/vjezbe-njemacke-gramatike\/#primaryimage"},"thumbnailUrl":"https:\/\/talkpal.ai\/wp-content\/uploads\/2023\/03\/germany.png","datePublished":"2023-06-16T09:14:18+00:00","dateModified":"2025-12-17T16:12:49+00:00","description":"Pobolj\u0161ajte svoju njema\u010dku gramatiku prakti\u010dnim vje\u017ebama - brzo se pobolj\u0161ajte, vje\u017ebajte interaktivno i steknite jezi\u010dno samopouzdanje koriste\u0107i Talkpal AI.","breadcrumb":{"@id":"https:\/\/talkpal.ai\/hr\/vjezbe-njemacke-gramatike\/#breadcrumb"},"inLanguage":"hr","potentialAction":[{"@type":"ReadAction","target":["https:\/\/talkpal.ai\/hr\/vjezbe-njemacke-gramatike\/"]}]},{"@type":"ImageObject","inLanguage":"hr","@id":"https:\/\/talkpal.ai\/hr\/vjezbe-njemacke-gramatike\/#primaryimage","url":"https:\/\/talkpal.ai\/wp-content\/uploads\/2023\/03\/germany.png","contentUrl":"https:\/\/talkpal.ai\/wp-content\/uploads\/2023\/03\/germany.png","width":512,"height":512,"caption":"TalkPal AI learn German"},{"@type":"BreadcrumbList","@id":"https:\/\/talkpal.ai\/hr\/vjezbe-njemacke-gramatike\/#breadcrumb","itemListElement":[{"@type":"ListItem","position":1,"name":"Homepage","item":"https:\/\/talkpal.ai\/hr\/"},{"@type":"ListItem","position":2,"name":"Vje\u017ebe njema\u010dke gramatike"}]},{"@type":"WebSite","@id":"https:\/\/talkpal.ai\/hr\/#website","url":"https:\/\/talkpal.ai\/hr\/","name":"Talkpal","description":"AI Language Learning","publisher":{"@id":"https:\/\/talkpal.ai\/hr\/#organization"},"alternateName":"Talkpal AI","potentialAction":[{"@type":"SearchAction","target":{"@type":"EntryPoint","urlTemplate":"https:\/\/talkpal.ai\/hr\/?s={search_term_string}"},"query-input":{"@type":"PropertyValueSpecification","valueRequired":true,"valueName":"search_term_string"}}],"inLanguage":"hr"},{"@type":"Organization","@id":"https:\/\/talkpal.ai\/hr\/#organization","name":"Talkpal, Inc.","alternateName":"Talkpal AI","url":"https:\/\/talkpal.ai\/hr\/","logo":{"@type":"ImageObject","inLanguage":"hr","@id":"https:\/\/talkpal.ai\/hr\/#\/schema\/logo\/image\/","url":"https:\/\/talkpal.ai\/wp-content\/uploads\/2024\/03\/Talkpal-Logo-Icon.png","contentUrl":"https:\/\/talkpal.ai\/wp-content\/uploads\/2024\/03\/Talkpal-Logo-Icon.png","width":2880,"height":2880,"caption":"Talkpal, Inc."},"image":{"@id":"https:\/\/talkpal.ai\/hr\/#\/schema\/logo\/image\/"},"sameAs":["https:\/\/www.facebook.com\/profile.php?id=100090733639311","https:\/\/x.com\/talkpalai","https:\/\/www.linkedin.com\/company\/talkpal\/","https:\/\/www.youtube.com\/@TalkPal\/","https:\/\/www.tiktok.com\/@talkpal","https:\/\/www.instagram.com\/talkpal_ai\/","https:\/\/www.crunchbase.com\/organization\/talkpal-9cde","https:\/\/www.g2.com\/products\/talkpal-for-business\/","https:\/\/www.trustpilot.com\/review\/talkpal.ai","https:\/\/www.capterra.com\/p\/10006800\/TalkPal\/"],"description":"Talkpal is a language learning web and mobile education app, powered by the latest AI technologies, that provides engaging experiences to its customers in many different languages to help them improve their language skills. Users can chat about unlimited amount of topics with the app and use other modes to practice their language learning.","email":"support@talkpal.ai","legalName":"Talkpal, Inc.","foundingDate":"2023-04-03","duns":"118989042","numberOfEmployees":{"@type":"QuantitativeValue","minValue":"11","maxValue":"50"},"publishingPrinciples":"https:\/\/talkpal.ai\/publishing-principles\/","actionableFeedbackPolicy":"https:\/\/talkpal.ai\/actionable-feedback-policy\/","correctionsPolicy":"https:\/\/talkpal.ai\/corrections-policy\/","ethicsPolicy":"https:\/\/talkpal.ai\/ethics-policy\/","diversityPolicy":"https:\/\/talkpal.ai\/diversity-policy\/","diversityStaffingReport":"https:\/\/talkpal.ai\/diversity-policy\/"}]}},"_links":{"self":[{"href":"https:\/\/talkpal.ai\/hr\/wp-json\/wp\/v2\/pages\/132014","targetHints":{"allow":["GET"]}}],"collection":[{"href":"https:\/\/talkpal.ai\/hr\/wp-json\/wp\/v2\/pages"}],"about":[{"href":"https:\/\/talkpal.ai\/hr\/wp-json\/wp\/v2\/types\/page"}],"author":[{"embeddable":true,"href":"https:\/\/talkpal.ai\/hr\/wp-json\/wp\/v2\/users\/6"}],"replies":[{"embeddable":true,"href":"https:\/\/talkpal.ai\/hr\/wp-json\/wp\/v2\/comments?post=132014"}],"version-history":[{"count":0,"href":"https:\/\/talkpal.ai\/hr\/wp-json\/wp\/v2\/pages\/132014\/revisions"}],"wp:featuredmedia":[{"embeddable":true,"href":"https:\/\/talkpal.ai\/hr\/wp-json\/wp\/v2\/media\/75517"}],"wp:attachment":[{"href":"https:\/\/talkpal.ai\/hr\/wp-json\/wp\/v2\/media?parent=132014"}],"curies":[{"name":"wp","href":"https:\/\/api.w.org\/{rel}","templated":true}]}}