{"id":131754,"date":"2023-06-16T08:35:52","date_gmt":"2023-06-16T08:35:52","guid":{"rendered":"http:\/\/talkpal.ai\/vjezbe-francuske-gramatike\/"},"modified":"2025-12-17T16:55:33","modified_gmt":"2025-12-17T16:55:33","slug":"vjezbe-francuske-gramatike","status":"publish","type":"page","link":"https:\/\/talkpal.ai\/hr\/vjezbe-francuske-gramatike\/","title":{"rendered":"Vje\u017ebe francuske gramatike"},"content":{"rendered":"\r\n\r\n\r\n<section class=\"languageChallengeSection\">\r\n    <div class=\"languageInfoWrapper\">\r\n        \r\n        <h1>Vje\u017ebe francuske gramatike<\/h1>\r\n        <p>\u017delite li savladati <a href=\"https:\/\/talkpal.ai\/learn-french\/\">francuski<\/a>? Vje\u017ebanje gramati\u010dkih vje\u017ebi fantasti\u010dan je na\u010din za razumijevanje re\u010deni\u010dne strukture, konjugacija glagola i jedinstvenih obrazaca francuskog jezika. Po\u010dnite raditi na francuskoj gramatici ve\u0107 danas i gledajte kako vam samopouzdanje i te\u010dnost rastu sa svakom vje\u017ebom!\n\n<\/p>\r\n\r\n                            <a class=\"getStartedHidden\" href=\"https:\/\/app.talkpal.ai\/hr\/signup?lng=\">Zapo\u010dni<\/a>\r\n        \r\n    <\/div>\r\n\r\n    <figure>\r\n    <img decoding=\"async\" width=\"768\" height=\"768\" src=\"https:\/\/talkpal.ai\/wp-content\/uploads\/2023\/06\/french-768x768.png\" class=\"languageImage no-lazy\" alt=\"Language learning strategies for professionals\" fetchpriority=\"high\" sizes=\"(max-width: 768px) 150px, 768px\" srcset=\"https:\/\/talkpal.ai\/wp-content\/uploads\/2023\/06\/french-768x768.png 768w, https:\/\/talkpal.ai\/wp-content\/uploads\/2023\/06\/french-300x300.png 300w\" \/>\r\n    \r\n\r\n    <\/figure>\r\n\r\n            <a class=\"getStartedVisible\" href=\"https:\/\/app.talkpal.ai\/hr\/signup?lng=\">Zapo\u010dni<\/a>\r\n    \r\n<\/section>\r\n\r\n\r\n<!-- <section class=\"grammarSection\">\r\n    <div class=\"grammarLinks\">\r\n        <a href=\"https:\/\/talkpal.ai\/hr\/exercise_language\/clanci-francuska-gramatika\/\">\u010clanci <\/a><a href=\"https:\/\/talkpal.ai\/hr\/exercise_language\/glagoli-francuska-gramatika\/\">Glagoli <\/a><a href=\"https:\/\/talkpal.ai\/hr\/exercise_language\/imenice-francuska-gramatika\/\">Imenice <\/a><a href=\"https:\/\/talkpal.ai\/hr\/exercise_language\/pridjevi-francuska-gramatika\/\">Pridjevi <\/a><a href=\"https:\/\/talkpal.ai\/hr\/exercise_language\/prijedlozi-francuska-gramatika\/\">Prijedlozi <\/a><a href=\"https:\/\/talkpal.ai\/hr\/exercise_language\/prilozi-francuska-gramatika\/\">Prilozi <\/a><a href=\"https:\/\/talkpal.ai\/hr\/exercise_language\/struktura-recenice-francuska-gramatika\/\">Struktura re\u010denice <\/a><a href=\"https:\/\/talkpal.ai\/hr\/exercise_language\/vremena-indikativna-francuska-gramatika\/\">Vremena \u2013 indikativna \u2013 francuska gramatika<\/a><a href=\"https:\/\/talkpal.ai\/hr\/exercise_language\/zamjenice-i-odrednice-francuska-gramatika\/\">Zamjenice i odrednice <\/a>    <\/div>\r\n<\/section> -->\r\n\r\n\r\n\r\n\r\n        <section class=\"grammarSection\">\r\n            <div class=\"grammarLinks\">\r\n                <a href=\"https:\/\/talkpal.ai\/hr\/exercise_language\/clanci-francuska-gramatika\/\">\u010clanci <\/a><a href=\"https:\/\/talkpal.ai\/hr\/exercise_language\/glagoli-francuska-gramatika\/\">Glagoli <\/a><a href=\"https:\/\/talkpal.ai\/hr\/exercise_language\/imenice-francuska-gramatika\/\">Imenice <\/a><a href=\"https:\/\/talkpal.ai\/hr\/exercise_language\/pridjevi-francuska-gramatika\/\">Pridjevi <\/a><a href=\"https:\/\/talkpal.ai\/hr\/exercise_language\/prijedlozi-francuska-gramatika\/\">Prijedlozi <\/a><a href=\"https:\/\/talkpal.ai\/hr\/exercise_language\/prilozi-francuska-gramatika\/\">Prilozi <\/a><a href=\"https:\/\/talkpal.ai\/hr\/exercise_language\/struktura-recenice-francuska-gramatika\/\">Struktura re\u010denice <\/a><a href=\"https:\/\/talkpal.ai\/hr\/exercise_language\/vremena-indikativna-francuska-gramatika\/\">Vremena \u2013 indikativna \u2013 francuska gramatika<\/a><a href=\"https:\/\/talkpal.ai\/hr\/exercise_language\/zamjenice-i-odrednice-francuska-gramatika\/\">Zamjenice i odrednice <\/a>            <\/div>\r\n        <\/section>\r\n<section class=\"promotionalBanner\">\r\n    <p class=\"promotionalText\">Naju\u010dinkovitiji na\u010din u\u010denja jezika<\/p>\r\n    <a class=\"promotionalLink\" href=\"https:\/\/app.talkpal.ai\/hr\/signup?lng=\">Isprobajte Talkpal besplatno<\/a>\r\n<\/section>\n<div class=\"wp-block-group pageContainerStyle\"><div class=\"wp-block-group__inner-container is-layout-constrained wp-block-group-is-layout-constrained\">\n<h2 class=\"wp-block-heading\" id=\"h-french-grammar-topics\">Teme francuske gramatike<\/h2>\n\n\n\n<p>U\u010denje francuskog jezika mo\u017ee biti uzbudljivo i korisno iskustvo. Kao jezik bogat povije\u0161\u0107u i kulturom, francuski nudi jedinstven pogled na svijet i bitan je komunikacijski alat u razli\u010ditim podru\u010djima. Da biste u\u010dinkovito nau\u010dili francuski, klju\u010dno je dobro razumjeti njegovu gramatiku, <a href=\"https:\/\/talkpal.ai\/locations\/language-courses-in-koja\/\">koja<\/a> je temelj bilo kojeg jezika. Sljede\u0107i slijed francuskih gramati\u010dkih tema, uklju\u010duju\u0107i pridjeve, priloge, \u010dlanke, imenice, prijedloge, zamjenice i odrediva\u010de, strukturu re\u010denica, vremena &#8211; indikativna i glagola, pomo\u0107i \u0107e vam da vas vodite na putu do svladavanja jezika.<\/p>\n\n\n\n<h3 class=\"wp-block-heading\" id=\"h-1-nouns\">1. Imenice:<\/h3>\n\n\n\n<p>Imenice su glavni sastavni blokovi bilo kojeg jezika, jer predstavljaju ljude, mjesta, stvari ili ideje. Na francuskom, imenice imaju spol (mu\u0161ki ili \u017eenski) i mogu biti jednine ili mno\u017eine. Razumijevanje spola i broja imenica je od vitalnog zna\u010daja, jer utje\u010de na oblike drugih rije\u010di u re\u010denici, kao \u0161to su pridjevi, \u010dlanci i zamjenice.<\/p>\n\n\n\n<h3 class=\"wp-block-heading\" id=\"h-2-articles\">2. \u010clanci:<\/h3>\n\n\n\n<p>\u010clanci su bitni u francuskoj gramatici, jer pru\u017eaju informacije o spolu i broju imenice. Postoje tri vrste \u010dlanaka na francuskom: definitivni (le, la, les), neodre\u0111eni (un, une, des) i partitivni (du, de la, des). Kori\u0161tenje odgovaraju\u0107eg \u010dlanka poma\u017ee u preno\u0161enju namjeravanog zna\u010denja re\u010denice.<\/p>\n\n\n\n<h3 class=\"wp-block-heading\" id=\"h-3-adjectives\">3. Pridjevi:<\/h3>\n\n\n\n<p>Pridjevi se koriste za opisivanje ili izmjenu imenica. Na francuskom se pridjevi moraju slo\u017eiti s imenicom koju mijenjaju po spolu i broju. Osim toga, polo\u017eaj pridjeva u re\u010denici mo\u017ee varirati, iako ve\u0107ina pridjeva slijedi imenicu koju opisuju.<\/p>\n\n\n\n<h3 class=\"wp-block-heading\" id=\"h-4-pronouns-and-determiners\">4. Zamjenice i odrediva\u010di:<\/h3>\n\n\n\n<p>Zamjenice zamjenjuju imenice kako bi se izbjeglo ponavljanje, dok odrediva\u010di odre\u0111uju ili kvantificiraju imenice. I zamjenice i odrednice moraju se slo\u017eiti s imenicom koju zamjenjuju ili prate po spolu i broju. Francuske zamjenice uklju\u010duju zamjenice predmeta (je, tu, il, itd.), Zamjenice predmeta (ja, te, lui, itd.) i refleksne zamjenice (ja, te, se, itd.). Odrediva\u010di uklju\u010duju posvojne pridjeve (mon, ma, ja itd.) i demonstrativne pridjeve (ce, cette, ces, itd.).<\/p>\n\n\n\n<h3 class=\"wp-block-heading\" id=\"h-5-verbs\">5. Glagoli:<\/h3>\n\n\n\n<p>Glagoli izra\u017eavaju akcije, stanja ili pojavljivanja. Na francuskom se glagoli konjugiraju kako bi se osobno i u broju slo\u017eili s subjektom i izrazili razli\u010dita vremena i raspolo\u017eenja. Redoviti glagoli slijede predvidljiv uzorak, dok <a href=\"https:\/\/talkpal.ai\/sl\/grammar\/nepravilni-glagoli-v-angleski-slovnici\/\">nepravilni glagoli<\/a> zahtijevaju pam\u0107enje.<\/p>\n\n\n\n<h3 class=\"wp-block-heading\" id=\"h-6-tenses-indicative\">6. Vremena \u2013 Indikativ:<\/h3>\n\n\n\n<p>Indikativno raspolo\u017eenje koristi se za izra\u017eavanje \u010dinjenica i objektivnih izjava. U francuskom indikativnom postoji osam vremena: sada\u0161njost, budu\u0107nost, nesavr\u0161ena, jednostavna pro\u0161lost, pluperfekt, budu\u0107nost savr\u0161ena, pro\u0161la uvjetna i pro\u0161la savr\u0161ena. Razumijevanje i ovladavanje tim vremenima klju\u010dno je za izra\u017eavanje vremena i slijeda na francuskom jeziku.<\/p>\n\n\n\n<h3 class=\"wp-block-heading\" id=\"h-7-adverbs\">7. Prilozi:<\/h3>\n\n\n\n<p>Prilozi mijenjaju glagole, pridjeve ili druge priloge, pru\u017eaju\u0107i dodatne informacije o akciji, stanju ili kvaliteti. Na francuskom se ve\u0107ina priloga formira dodavanjem -ment \u017eenskom obliku pridjeva. Prilozi op\u0107enito slijede glagol koji mijenjaju.<\/p>\n\n\n\n<h3 class=\"wp-block-heading\" id=\"h-8-prepositions\">8. Prijedlozi:<\/h3>\n\n\n\n<p>Prijedlozi povezuju rije\u010di ili grupe rije\u010di, ukazuju\u0107i na odnose kao \u0161to su mjesto, smjer, vrijeme ili uzrok. Uobi\u010dajeni francuski prijedlozi uklju\u010duju \u00e0 (at, to), de (od, from), en (in, on) i pour (for). U\u010denje prijedloga i njihova upotreba klju\u010dni su za konstruiranje koherentnih re\u010denica.<\/p>\n\n\n\n<h3 class=\"wp-block-heading\" id=\"h-9-sentence-structure\">9. Struktura re\u010denice:<\/h3>\n\n\n\n<p>Francuske re\u010denice slijede strukturu subjekt-glagol-objekt (SVO), sli\u010dnu engleskom. Me\u0111utim, redoslijed rije\u010di mo\u017ee varirati ovisno o upotrebi zamjenica, negaciji i naglasku. Razumijevanje strukture re\u010denica klju\u010dno je za formiranje jasnih i to\u010dnih izjava i pitanja na francuskom jeziku.<\/p>\n<\/div><\/div>\n\r\n<section class=\"learnNavigationSection\">\r\n            \r\n        <a href=\"https:\/\/talkpal.ai\/hr\/uciti-francuski\/\">\r\n            <div class=\"learnNavigationWrapper\">\r\n                <div class=\"learnNavigationContent\">\r\n                    <img decoding=\"async\" src=\"https:\/\/talkpal.ai\/wp-content\/uploads\/2024\/08\/French.jpg\" alt=\"French Flag\">\r\n                    <div>\r\n                        <h4>O u\u010denju francuskog<\/h4>\r\n                        <p>Saznajte sve o francuskoj gramatici.<\/p>\r\n                    <\/div>\r\n                <\/div>\r\n            <\/div>\r\n        <\/a>\r\n\r\n        \r\n        <a href=\"https:\/\/talkpal.ai\/hr\/francuska-gramatika\/\">\r\n            <div class=\"learnNavigationWrapper\">\r\n                <div class=\"learnNavigationContent\">\r\n                    <img decoding=\"async\" src=\"https:\/\/talkpal.ai\/wp-content\/uploads\/2024\/08\/French.jpg\" alt=\"French Flag\">\r\n                    <div>\r\n                        <h4>Lekcije iz gramatike francuskog jezika<\/h4>\r\n                        <p>Vje\u017ebajte francusku gramatiku.<\/p>\r\n                    <\/div>\r\n                <\/div>\r\n            <\/div>\r\n        <\/a>\r\n\r\n        \r\n        <a href=\"https:\/\/talkpal.ai\/vocabulary_language\/french\/\">\r\n            <div class=\"learnNavigationWrapper\">\r\n                <div class=\"learnNavigationContent\">\r\n                    <img decoding=\"async\" src=\"https:\/\/talkpal.ai\/wp-content\/uploads\/2024\/08\/French.jpg\" alt=\"French Flag\">\r\n                    <div>\r\n                        <h4>Francuski rje\u010dnik<\/h4>\r\n                        <p>Pro\u0161irite svoj francuski vokabular.<\/p>\r\n                    <\/div>\r\n                <\/div>\r\n            <\/div>\r\n        <\/a>\r\n\r\n            <\/section>","protected":false},"excerpt":{"rendered":"<p>Teme francuske gramatike U\u010denje francuskog jezika mo\u017ee biti uzbudljivo i korisno iskustvo. Kao jezik bogat povije\u0161\u0107u i kulturom, francuski nudi jedinstven pogled na svijet i bitan je komunikacijski alat u razli\u010ditim podru\u010djima. Da biste u\u010dinkovito nau\u010dili francuski, klju\u010dno je dobro razumjeti njegovu gramatiku, koja je temelj bilo kojeg jezika. Sljede\u0107i slijed francuskih gramati\u010dkih tema, uklju\u010duju\u0107i [&hellip;]<\/p>\n","protected":false},"author":6,"featured_media":75816,"parent":0,"menu_order":0,"comment_status":"closed","ping_status":"closed","template":"LearningContentPage.php","meta":{"_acf_changed":false,"footnotes":""},"class_list":["post-131754","page","type-page","status-publish","has-post-thumbnail","hentry"],"acf":[],"yoast_head":"<!-- This site is optimized with the Yoast SEO Premium plugin v27.2 (Yoast SEO v27.2) - https:\/\/yoast.com\/product\/yoast-seo-premium-wordpress\/ -->\n<title>Vje\u017ebe francuske gramatike - Talkpal<\/title>\n<meta name=\"description\" content=\"Vje\u017ebajte i pobolj\u0161ajte svoje vje\u0161tine francuske gramatike interaktivnim vje\u017ebama osmi\u0161ljenim za sve razine. Unaprijedite svoje jezi\u010dno znanje!\" \/>\n<meta name=\"robots\" content=\"index, follow, max-snippet:-1, max-image-preview:large, max-video-preview:-1\" \/>\n<link rel=\"canonical\" href=\"https:\/\/talkpal.ai\/hr\/vjezbe-francuske-gramatike\/\" \/>\n<meta property=\"og:locale\" content=\"hr_HR\" \/>\n<meta property=\"og:type\" content=\"article\" \/>\n<meta property=\"og:title\" content=\"Vje\u017ebe francuske gramatike\" \/>\n<meta property=\"og:description\" content=\"Teme francuske gramatike U\u010denje francuskog jezika mo\u017ee biti uzbudljivo i korisno iskustvo. Kao jezik bogat povije\u0161\u0107u i kulturom, francuski nudi jedinstven\" \/>\n<meta property=\"og:url\" content=\"https:\/\/talkpal.ai\/hr\/vjezbe-francuske-gramatike\/\" \/>\n<meta property=\"og:site_name\" content=\"Talkpal\" \/>\n<meta property=\"article:publisher\" content=\"https:\/\/www.facebook.com\/profile.php?id=100090733639311\" \/>\n<meta property=\"article:modified_time\" content=\"2025-12-17T16:55:33+00:00\" \/>\n<meta property=\"og:image\" content=\"https:\/\/talkpal.ai\/wp-content\/uploads\/2023\/03\/france.png\" \/>\n\t<meta property=\"og:image:width\" content=\"512\" \/>\n\t<meta property=\"og:image:height\" content=\"512\" \/>\n\t<meta property=\"og:image:type\" content=\"image\/png\" \/>\n<meta name=\"twitter:card\" content=\"summary_large_image\" \/>\n<meta name=\"twitter:site\" content=\"@talkpalai\" \/>\n<meta name=\"twitter:label1\" content=\"Procijenjeno vrijeme \u010ditanja\" \/>\n\t<meta name=\"twitter:data1\" content=\"3 minute\" \/>\n<script type=\"application\/ld+json\" class=\"yoast-schema-graph\">{\"@context\":\"https:\/\/schema.org\",\"@graph\":[{\"@type\":\"WebPage\",\"@id\":\"https:\/\/talkpal.ai\/hr\/vjezbe-francuske-gramatike\/\",\"url\":\"https:\/\/talkpal.ai\/hr\/vjezbe-francuske-gramatike\/\",\"name\":\"Vje\u017ebe francuske gramatike - Talkpal\",\"isPartOf\":{\"@id\":\"https:\/\/talkpal.ai\/hr\/#website\"},\"primaryImageOfPage\":{\"@id\":\"https:\/\/talkpal.ai\/hr\/vjezbe-francuske-gramatike\/#primaryimage\"},\"image\":{\"@id\":\"https:\/\/talkpal.ai\/hr\/vjezbe-francuske-gramatike\/#primaryimage\"},\"thumbnailUrl\":\"https:\/\/talkpal.ai\/wp-content\/uploads\/2023\/03\/france.png\",\"datePublished\":\"2023-06-16T08:35:52+00:00\",\"dateModified\":\"2025-12-17T16:55:33+00:00\",\"description\":\"Vje\u017ebajte i pobolj\u0161ajte svoje vje\u0161tine francuske gramatike interaktivnim vje\u017ebama osmi\u0161ljenim za sve razine. Unaprijedite svoje jezi\u010dno znanje!\",\"breadcrumb\":{\"@id\":\"https:\/\/talkpal.ai\/hr\/vjezbe-francuske-gramatike\/#breadcrumb\"},\"inLanguage\":\"hr\",\"potentialAction\":[{\"@type\":\"ReadAction\",\"target\":[\"https:\/\/talkpal.ai\/hr\/vjezbe-francuske-gramatike\/\"]}]},{\"@type\":\"ImageObject\",\"inLanguage\":\"hr\",\"@id\":\"https:\/\/talkpal.ai\/hr\/vjezbe-francuske-gramatike\/#primaryimage\",\"url\":\"https:\/\/talkpal.ai\/wp-content\/uploads\/2023\/03\/france.png\",\"contentUrl\":\"https:\/\/talkpal.ai\/wp-content\/uploads\/2023\/03\/france.png\",\"width\":512,\"height\":512,\"caption\":\"TalkPal AI learn French\"},{\"@type\":\"BreadcrumbList\",\"@id\":\"https:\/\/talkpal.ai\/hr\/vjezbe-francuske-gramatike\/#breadcrumb\",\"itemListElement\":[{\"@type\":\"ListItem\",\"position\":1,\"name\":\"Homepage\",\"item\":\"https:\/\/talkpal.ai\/hr\/\"},{\"@type\":\"ListItem\",\"position\":2,\"name\":\"Vje\u017ebe francuske gramatike\"}]},{\"@type\":\"WebSite\",\"@id\":\"https:\/\/talkpal.ai\/hr\/#website\",\"url\":\"https:\/\/talkpal.ai\/hr\/\",\"name\":\"Talkpal\",\"description\":\"AI Language Learning\",\"publisher\":{\"@id\":\"https:\/\/talkpal.ai\/hr\/#organization\"},\"alternateName\":\"Talkpal AI\",\"potentialAction\":[{\"@type\":\"SearchAction\",\"target\":{\"@type\":\"EntryPoint\",\"urlTemplate\":\"https:\/\/talkpal.ai\/hr\/?s={search_term_string}\"},\"query-input\":{\"@type\":\"PropertyValueSpecification\",\"valueRequired\":true,\"valueName\":\"search_term_string\"}}],\"inLanguage\":\"hr\"},{\"@type\":\"Organization\",\"@id\":\"https:\/\/talkpal.ai\/hr\/#organization\",\"name\":\"Talkpal, Inc.\",\"alternateName\":\"Talkpal AI\",\"url\":\"https:\/\/talkpal.ai\/hr\/\",\"logo\":{\"@type\":\"ImageObject\",\"inLanguage\":\"hr\",\"@id\":\"https:\/\/talkpal.ai\/hr\/#\/schema\/logo\/image\/\",\"url\":\"https:\/\/talkpal.ai\/wp-content\/uploads\/2024\/03\/Talkpal-Logo-Icon.png\",\"contentUrl\":\"https:\/\/talkpal.ai\/wp-content\/uploads\/2024\/03\/Talkpal-Logo-Icon.png\",\"width\":2880,\"height\":2880,\"caption\":\"Talkpal, Inc.\"},\"image\":{\"@id\":\"https:\/\/talkpal.ai\/hr\/#\/schema\/logo\/image\/\"},\"sameAs\":[\"https:\/\/www.facebook.com\/profile.php?id=100090733639311\",\"https:\/\/x.com\/talkpalai\",\"https:\/\/www.linkedin.com\/company\/talkpal\/\",\"https:\/\/www.youtube.com\/@TalkPal\/\",\"https:\/\/www.tiktok.com\/@talkpal\",\"https:\/\/www.instagram.com\/talkpal_ai\/\",\"https:\/\/www.crunchbase.com\/organization\/talkpal-9cde\",\"https:\/\/www.g2.com\/products\/talkpal-for-business\/\",\"https:\/\/www.trustpilot.com\/review\/talkpal.ai\",\"https:\/\/www.capterra.com\/p\/10006800\/TalkPal\/\"],\"description\":\"Talkpal is a language learning web and mobile education app, powered by the latest AI technologies, that provides engaging experiences to its customers in many different languages to help them improve their language skills. Users can chat about unlimited amount of topics with the app and use other modes to practice their language learning.\",\"email\":\"support@talkpal.ai\",\"legalName\":\"Talkpal, Inc.\",\"foundingDate\":\"2023-04-03\",\"duns\":\"118989042\",\"numberOfEmployees\":{\"@type\":\"QuantitativeValue\",\"minValue\":\"11\",\"maxValue\":\"50\"},\"publishingPrinciples\":\"https:\/\/talkpal.ai\/publishing-principles\/\",\"actionableFeedbackPolicy\":\"https:\/\/talkpal.ai\/actionable-feedback-policy\/\",\"correctionsPolicy\":\"https:\/\/talkpal.ai\/corrections-policy\/\",\"ethicsPolicy\":\"https:\/\/talkpal.ai\/ethics-policy\/\",\"diversityPolicy\":\"https:\/\/talkpal.ai\/diversity-policy\/\",\"diversityStaffingReport\":\"https:\/\/talkpal.ai\/diversity-policy\/\"}]}<\/script>\n<!-- \/ Yoast SEO Premium plugin. -->","yoast_head_json":{"title":"Vje\u017ebe francuske gramatike - Talkpal","description":"Vje\u017ebajte i pobolj\u0161ajte svoje vje\u0161tine francuske gramatike interaktivnim vje\u017ebama osmi\u0161ljenim za sve razine. Unaprijedite svoje jezi\u010dno znanje!","robots":{"index":"index","follow":"follow","max-snippet":"max-snippet:-1","max-image-preview":"max-image-preview:large","max-video-preview":"max-video-preview:-1"},"canonical":"https:\/\/talkpal.ai\/hr\/vjezbe-francuske-gramatike\/","og_locale":"hr_HR","og_type":"article","og_title":"Vje\u017ebe francuske gramatike","og_description":"Teme francuske gramatike U\u010denje francuskog jezika mo\u017ee biti uzbudljivo i korisno iskustvo. Kao jezik bogat povije\u0161\u0107u i kulturom, francuski nudi jedinstven","og_url":"https:\/\/talkpal.ai\/hr\/vjezbe-francuske-gramatike\/","og_site_name":"Talkpal","article_publisher":"https:\/\/www.facebook.com\/profile.php?id=100090733639311","article_modified_time":"2025-12-17T16:55:33+00:00","og_image":[{"width":512,"height":512,"url":"https:\/\/talkpal.ai\/wp-content\/uploads\/2023\/03\/france.png","type":"image\/png"}],"twitter_card":"summary_large_image","twitter_site":"@talkpalai","twitter_misc":{"Procijenjeno vrijeme \u010ditanja":"3 minute"},"schema":{"@context":"https:\/\/schema.org","@graph":[{"@type":"WebPage","@id":"https:\/\/talkpal.ai\/hr\/vjezbe-francuske-gramatike\/","url":"https:\/\/talkpal.ai\/hr\/vjezbe-francuske-gramatike\/","name":"Vje\u017ebe francuske gramatike - Talkpal","isPartOf":{"@id":"https:\/\/talkpal.ai\/hr\/#website"},"primaryImageOfPage":{"@id":"https:\/\/talkpal.ai\/hr\/vjezbe-francuske-gramatike\/#primaryimage"},"image":{"@id":"https:\/\/talkpal.ai\/hr\/vjezbe-francuske-gramatike\/#primaryimage"},"thumbnailUrl":"https:\/\/talkpal.ai\/wp-content\/uploads\/2023\/03\/france.png","datePublished":"2023-06-16T08:35:52+00:00","dateModified":"2025-12-17T16:55:33+00:00","description":"Vje\u017ebajte i pobolj\u0161ajte svoje vje\u0161tine francuske gramatike interaktivnim vje\u017ebama osmi\u0161ljenim za sve razine. Unaprijedite svoje jezi\u010dno znanje!","breadcrumb":{"@id":"https:\/\/talkpal.ai\/hr\/vjezbe-francuske-gramatike\/#breadcrumb"},"inLanguage":"hr","potentialAction":[{"@type":"ReadAction","target":["https:\/\/talkpal.ai\/hr\/vjezbe-francuske-gramatike\/"]}]},{"@type":"ImageObject","inLanguage":"hr","@id":"https:\/\/talkpal.ai\/hr\/vjezbe-francuske-gramatike\/#primaryimage","url":"https:\/\/talkpal.ai\/wp-content\/uploads\/2023\/03\/france.png","contentUrl":"https:\/\/talkpal.ai\/wp-content\/uploads\/2023\/03\/france.png","width":512,"height":512,"caption":"TalkPal AI learn French"},{"@type":"BreadcrumbList","@id":"https:\/\/talkpal.ai\/hr\/vjezbe-francuske-gramatike\/#breadcrumb","itemListElement":[{"@type":"ListItem","position":1,"name":"Homepage","item":"https:\/\/talkpal.ai\/hr\/"},{"@type":"ListItem","position":2,"name":"Vje\u017ebe francuske gramatike"}]},{"@type":"WebSite","@id":"https:\/\/talkpal.ai\/hr\/#website","url":"https:\/\/talkpal.ai\/hr\/","name":"Talkpal","description":"AI Language Learning","publisher":{"@id":"https:\/\/talkpal.ai\/hr\/#organization"},"alternateName":"Talkpal AI","potentialAction":[{"@type":"SearchAction","target":{"@type":"EntryPoint","urlTemplate":"https:\/\/talkpal.ai\/hr\/?s={search_term_string}"},"query-input":{"@type":"PropertyValueSpecification","valueRequired":true,"valueName":"search_term_string"}}],"inLanguage":"hr"},{"@type":"Organization","@id":"https:\/\/talkpal.ai\/hr\/#organization","name":"Talkpal, Inc.","alternateName":"Talkpal AI","url":"https:\/\/talkpal.ai\/hr\/","logo":{"@type":"ImageObject","inLanguage":"hr","@id":"https:\/\/talkpal.ai\/hr\/#\/schema\/logo\/image\/","url":"https:\/\/talkpal.ai\/wp-content\/uploads\/2024\/03\/Talkpal-Logo-Icon.png","contentUrl":"https:\/\/talkpal.ai\/wp-content\/uploads\/2024\/03\/Talkpal-Logo-Icon.png","width":2880,"height":2880,"caption":"Talkpal, Inc."},"image":{"@id":"https:\/\/talkpal.ai\/hr\/#\/schema\/logo\/image\/"},"sameAs":["https:\/\/www.facebook.com\/profile.php?id=100090733639311","https:\/\/x.com\/talkpalai","https:\/\/www.linkedin.com\/company\/talkpal\/","https:\/\/www.youtube.com\/@TalkPal\/","https:\/\/www.tiktok.com\/@talkpal","https:\/\/www.instagram.com\/talkpal_ai\/","https:\/\/www.crunchbase.com\/organization\/talkpal-9cde","https:\/\/www.g2.com\/products\/talkpal-for-business\/","https:\/\/www.trustpilot.com\/review\/talkpal.ai","https:\/\/www.capterra.com\/p\/10006800\/TalkPal\/"],"description":"Talkpal is a language learning web and mobile education app, powered by the latest AI technologies, that provides engaging experiences to its customers in many different languages to help them improve their language skills. Users can chat about unlimited amount of topics with the app and use other modes to practice their language learning.","email":"support@talkpal.ai","legalName":"Talkpal, Inc.","foundingDate":"2023-04-03","duns":"118989042","numberOfEmployees":{"@type":"QuantitativeValue","minValue":"11","maxValue":"50"},"publishingPrinciples":"https:\/\/talkpal.ai\/publishing-principles\/","actionableFeedbackPolicy":"https:\/\/talkpal.ai\/actionable-feedback-policy\/","correctionsPolicy":"https:\/\/talkpal.ai\/corrections-policy\/","ethicsPolicy":"https:\/\/talkpal.ai\/ethics-policy\/","diversityPolicy":"https:\/\/talkpal.ai\/diversity-policy\/","diversityStaffingReport":"https:\/\/talkpal.ai\/diversity-policy\/"}]}},"_links":{"self":[{"href":"https:\/\/talkpal.ai\/hr\/wp-json\/wp\/v2\/pages\/131754","targetHints":{"allow":["GET"]}}],"collection":[{"href":"https:\/\/talkpal.ai\/hr\/wp-json\/wp\/v2\/pages"}],"about":[{"href":"https:\/\/talkpal.ai\/hr\/wp-json\/wp\/v2\/types\/page"}],"author":[{"embeddable":true,"href":"https:\/\/talkpal.ai\/hr\/wp-json\/wp\/v2\/users\/6"}],"replies":[{"embeddable":true,"href":"https:\/\/talkpal.ai\/hr\/wp-json\/wp\/v2\/comments?post=131754"}],"version-history":[{"count":0,"href":"https:\/\/talkpal.ai\/hr\/wp-json\/wp\/v2\/pages\/131754\/revisions"}],"wp:featuredmedia":[{"embeddable":true,"href":"https:\/\/talkpal.ai\/hr\/wp-json\/wp\/v2\/media\/75816"}],"wp:attachment":[{"href":"https:\/\/talkpal.ai\/hr\/wp-json\/wp\/v2\/media?parent=131754"}],"curies":[{"name":"wp","href":"https:\/\/api.w.org\/{rel}","templated":true}]}}