{"id":131464,"date":"2023-06-15T07:00:21","date_gmt":"2023-06-15T07:00:21","guid":{"rendered":"http:\/\/talkpal.ai\/vjezbe-gramatike-spanjolskog-jezika\/"},"modified":"2025-12-17T16:38:23","modified_gmt":"2025-12-17T16:38:23","slug":"vjezbe-gramatike-spanjolskog-jezika","status":"publish","type":"page","link":"https:\/\/talkpal.ai\/hr\/vjezbe-gramatike-spanjolskog-jezika\/","title":{"rendered":"Vje\u017ebe gramatike \u0161panjolskog jezika"},"content":{"rendered":"\r\n\r\n\r\n<section class=\"languageChallengeSection\">\r\n    <div class=\"languageInfoWrapper\">\r\n        \r\n        <h1>Vje\u017ebe gramatike \u0161panjolskog jezika<\/h1>\r\n        <p>Spremni za pobolj\u0161anje svog \u0161panjolskog? Vje\u017ebanje gramati\u010dkih vje\u017ebi odli\u010dan je na\u010din za svladavanje re\u010deni\u010dne strukture, konjugacija glagola i jedinstvenih obrazaca \u0161panjolskog jezika. Po\u010dnite raditi na \u0161panjolskoj gramatici ve\u0107 danas i vidjet \u0107ete kako vam samopouzdanje i te\u010dnost rastu sa svakom vje\u017ebom!\n\n<\/p>\r\n\r\n                            <a class=\"getStartedHidden\" href=\"https:\/\/app.talkpal.ai\/hr\/signup?lng=\">Zapo\u010dni<\/a>\r\n        \r\n    <\/div>\r\n\r\n    <figure>\r\n    <img decoding=\"async\" width=\"768\" height=\"768\" src=\"https:\/\/talkpal.ai\/wp-content\/uploads\/2023\/06\/Spanish-768x768.png\" class=\"languageImage no-lazy\" alt=\"Practical application of language learning\" fetchpriority=\"high\" sizes=\"(max-width: 768px) 150px, 768px\" srcset=\"https:\/\/talkpal.ai\/wp-content\/uploads\/2023\/06\/Spanish-768x768.png 768w, https:\/\/talkpal.ai\/wp-content\/uploads\/2023\/06\/Spanish-300x300.png 300w\" \/>\r\n    \r\n\r\n    <\/figure>\r\n\r\n            <a class=\"getStartedVisible\" href=\"https:\/\/app.talkpal.ai\/hr\/signup?lng=\">Zapo\u010dni<\/a>\r\n    \r\n<\/section>\r\n\r\n\r\n<!-- <section class=\"grammarSection\">\r\n    <div class=\"grammarLinks\">\r\n        <a href=\"https:\/\/talkpal.ai\/hr\/exercise_language\/clanci-spanjolska-gramatika\/\">\u010clanci <\/a><a href=\"https:\/\/talkpal.ai\/hr\/exercise_language\/glagoli-spanjolska-gramatika\/\">Glagoli <\/a><a href=\"https:\/\/talkpal.ai\/hr\/exercise_language\/imenice-spanjolska-gramatika\/\">Imenice <\/a><a href=\"https:\/\/talkpal.ai\/hr\/exercise_language\/indikativna-vremena-spanjolska-gramatika\/\">Indikativna vremena <\/a><a href=\"https:\/\/talkpal.ai\/hr\/exercise_language\/pridjevi-spanjolska-gramatika\/\">Pridjevi <\/a><a href=\"https:\/\/talkpal.ai\/hr\/exercise_language\/prijedlozi-spanjolska-gramatika\/\">Prijedlozi <\/a><a href=\"https:\/\/talkpal.ai\/hr\/exercise_language\/prilozi-spanjolska-gramatika\/\">Prilozi <\/a><a href=\"https:\/\/talkpal.ai\/hr\/exercise_language\/struktura-recenice-spanjolska-gramatika\/\">Struktura re\u010denice <\/a><a href=\"https:\/\/talkpal.ai\/hr\/exercise_language\/usporedba-vremena-spanjolska-gramatika\/\">Usporedba vremena <\/a><a href=\"https:\/\/talkpal.ai\/hr\/exercise_language\/vremena-konjunktiv-spanjolska-gramatika\/\">Vremena konjunktiv <\/a><a href=\"https:\/\/talkpal.ai\/hr\/exercise_language\/zamjenice-spanjolska-gramatika\/\">Zamjenice <\/a>    <\/div>\r\n<\/section> -->\r\n\r\n\r\n\r\n\r\n        <section class=\"grammarSection\">\r\n            <div class=\"grammarLinks\">\r\n                <a href=\"https:\/\/talkpal.ai\/hr\/exercise_language\/clanci-spanjolska-gramatika\/\">\u010clanci <\/a><a href=\"https:\/\/talkpal.ai\/hr\/exercise_language\/glagoli-spanjolska-gramatika\/\">Glagoli <\/a><a href=\"https:\/\/talkpal.ai\/hr\/exercise_language\/imenice-spanjolska-gramatika\/\">Imenice <\/a><a href=\"https:\/\/talkpal.ai\/hr\/exercise_language\/indikativna-vremena-spanjolska-gramatika\/\">Indikativna vremena <\/a><a href=\"https:\/\/talkpal.ai\/hr\/exercise_language\/pridjevi-spanjolska-gramatika\/\">Pridjevi <\/a><a href=\"https:\/\/talkpal.ai\/hr\/exercise_language\/prijedlozi-spanjolska-gramatika\/\">Prijedlozi <\/a><a href=\"https:\/\/talkpal.ai\/hr\/exercise_language\/prilozi-spanjolska-gramatika\/\">Prilozi <\/a><a href=\"https:\/\/talkpal.ai\/hr\/exercise_language\/struktura-recenice-spanjolska-gramatika\/\">Struktura re\u010denice <\/a><a href=\"https:\/\/talkpal.ai\/hr\/exercise_language\/usporedba-vremena-spanjolska-gramatika\/\">Usporedba vremena <\/a><a href=\"https:\/\/talkpal.ai\/hr\/exercise_language\/vremena-konjunktiv-spanjolska-gramatika\/\">Vremena konjunktiv <\/a><a href=\"https:\/\/talkpal.ai\/hr\/exercise_language\/zamjenice-spanjolska-gramatika\/\">Zamjenice <\/a>            <\/div>\r\n        <\/section>\r\n<section class=\"promotionalBanner\">\r\n    <p class=\"promotionalText\">Naju\u010dinkovitiji na\u010din u\u010denja jezika<\/p>\r\n    <a class=\"promotionalLink\" href=\"https:\/\/app.talkpal.ai\/hr\/signup?lng=\">Isprobajte Talkpal besplatno<\/a>\r\n<\/section>\n<div class=\"wp-block-group pageContainerStyle\"><div class=\"wp-block-group__inner-container is-layout-constrained wp-block-group-is-layout-constrained\">\n<h2 class=\"wp-block-heading\" id=\"h-spanish-grammar-topics\">Teme \u0161panjolske gramatike<\/h2>\n\n\n\n<p>U\u010denje novog jezika mo\u017ee biti uzbudljiv i koristan pothvat, a <a href=\"https:\/\/talkpal.ai\/learn-spanish\/\">\u0161panjolski<\/a> nije iznimka. Kao drugi jezik koji se najvi\u0161e govori na svijetu, mo\u017ee otvoriti nove mogu\u0107nosti za putovanja, posao i kulturnu razmjenu. Bilo da ste potpuni po\u010detnik ili \u017eelite pobolj\u0161ati svoje postoje\u0107e vje\u0161tine, razumijevanje i ovladavanje \u0161panjolskom gramatikom je neophodno. Od vremena i glagola do strukture re\u010denica i prijedloga, svaki aspekt jezika igra klju\u010dnu ulogu u va\u0161oj sposobnosti u\u010dinkovite komunikacije. U ovom \u0107emo vodi\u010du istra\u017eiti va\u017ene teme \u0161panjolske gramatike, predstavljaju\u0107i ih logi\u010dnim redoslijedom kako bismo vam pomogli da s lako\u0107om nau\u010dite jezik.<\/p>\n\n\n\n<h3 class=\"wp-block-heading\" id=\"h-1-nouns-and-articles\">1. Imenice i \u010dlanci:<\/h3>\n\n\n\n<p><a href=\"https:\/\/talkpal.ai\/ko\/ai-%ec%96%b8%ec%96%b4-%ea%b5%90%ec%82%ac\/\">Zapo\u010dnite<\/a> upoznavanjem sa \u0161panjolskim imenicama i njihovim spolom, kao i definitivnim i neodre\u0111enim \u010dlancima. Ovi osnovni sastavni blokovi pomo\u0107i \u0107e vam da razumijete i oblikujete jednostavne fraze i re\u010denice.<\/p>\n\n\n\n<h3 class=\"wp-block-heading\" id=\"h-2-adjectives\">2. Pridjevi:<\/h3>\n\n\n\n<p>Pridjevi su neophodni za opisivanje imenica, a na \u0161panjolskom se moraju slo\u017eiti po spolu i broju s imenicom koju mijenjaju. U\u010denje pravila za postavljanje pridjeva i dogovor uvelike \u0107e pobolj\u0161ati va\u0161u sposobnost izra\u017eavanja na \u0161panjolskom jeziku.<\/p>\n\n\n\n<h3 class=\"wp-block-heading\" id=\"h-3-pronouns\">3. Zamjenice:<\/h3>\n\n\n\n<p>Zamjenice zamjenjuju imenice i vitalne su za to da razgovor bude fluidniji i prirodniji. Usredoto\u010dite se na zamjenice predmeta, izravne i neizravne zamjenice objekta i refleksne zamjenice, osiguravaju\u0107i da razumijete njihovu upotrebu i smje\u0161taj u re\u010denicama.<\/p>\n\n\n\n<h3 class=\"wp-block-heading\" id=\"h-4-verbs\">4. Glagoli:<\/h3>\n\n\n\n<p>Glagoli su okosnica bilo kojeg jezika, a \u0161panjolski se ne razlikuje. Zapo\u010dnite u\u010denjem naj\u010de\u0161\u0107ih pravilnih i nepravilnih glagola, kao i njihovih konjugacija u sada\u0161njem napetom indikativnom raspolo\u017eenju.<\/p>\n\n\n\n<h3 class=\"wp-block-heading\" id=\"h-5-tenses-indicative\">5. Indikativna vremena:<\/h3>\n\n\n\n<p>Nakon \u0161to shvatite osnovnu konjugaciju glagola, pro\u0161irite svoje znanje tako da uklju\u010duje i druga indikativna vremena, poput preterita, nesavr\u0161enog, budu\u0107eg i uvjetnog vremena. To \u0107e vam omogu\u0107iti da izrazite radnje i doga\u0111aje u razli\u010ditim vremenskim okvirima.<\/p>\n\n\n\n<h3 class=\"wp-block-heading\" id=\"h-6-adverbs\">6. Prilozi:<\/h3>\n\n\n\n<p>Prilozi pru\u017eaju dodatne informacije o glagolima, pridjevima ili drugim prilozima. Nau\u010dite razli\u010dite vrste priloga i njihovo postavljanje u re\u010denice kako biste svom govoru dodali vi\u0161e detalja i nijansi.<\/p>\n\n\n\n<h3 class=\"wp-block-heading\" id=\"h-7-prepositions\">7. Prijedlozi:<\/h3>\n\n\n\n<p>Prijedlozi su klju\u010dni za izra\u017eavanje odnosa izme\u0111u rije\u010di, kao \u0161to su mjesto, smjer ili vrijeme. Upoznajte se s naj\u010de\u0161\u0107im \u0161panjolskim prijedlozima i njihovom uporabom u razli\u010ditim kontekstima.<\/p>\n\n\n\n<h3 class=\"wp-block-heading\" id=\"h-8-tenses-subjunctive\">8. Vremena konjunktivna:<\/h3>\n\n\n\n<p>Konjunktivno raspolo\u017eenje koristi se za izra\u017eavanje sumnje, nesigurnosti ili hipotetskih situacija. Prou\u010dite pravila konjugacije za redovite i nepravilne glagole u sada\u0161njim, pro\u0161lim i budu\u0107im konjunktivnim vremenima kako biste pro\u0161irili svoje izra\u017eajne sposobnosti.<\/p>\n\n\n\n<h3 class=\"wp-block-heading\" id=\"h-9-tense-comparison\">9. Napeta usporedba:<\/h3>\n\n\n\n<p>Razumijevanje nijansi izme\u0111u razli\u010ditih vremena i raspolo\u017eenja pomo\u0107i \u0107e vam da odaberete odgovaraju\u0107i oblik za preno\u0161enje \u017eeljenog zna\u010denja. Vje\u017ebajte uspore\u0111ivanje i kontrastiranje indikativnih i konjunktivnih vremena, kao i razli\u010ditih pro\u0161lih vremena, kako biste stekli ve\u0107e znanje jezika.<\/p>\n\n\n\n<h3 class=\"wp-block-heading\" id=\"h-10-sentence-structure\">10. Struktura re\u010denice:<\/h3>\n\n\n\n<p>Kona\u010dno, istra\u017eite razli\u010dite strukture re\u010denica, uklju\u010duju\u0107i jednostavne, slo\u017eene i slo\u017eene re\u010denice. Nau\u010dite kako koristiti koordinaciju i podre\u0111ene konjunkcije kako biste stvorili slo\u017eenije ideje i razvili svoju sposobnost u\u010dinkovite komunikacije na \u0161panjolskom jeziku.<\/p>\n<\/div><\/div>\n\r\n<section class=\"learnNavigationSection\">\r\n            \r\n        <a href=\"https:\/\/talkpal.ai\/hr\/uciti-spanjolski\/\">\r\n            <div class=\"learnNavigationWrapper\">\r\n                <div class=\"learnNavigationContent\">\r\n                    <img decoding=\"async\" src=\"https:\/\/talkpal.ai\/wp-content\/uploads\/2024\/08\/Spanish.jpg\" alt=\"Spanish Flag\">\r\n                    <div>\r\n                        <h4>O u\u010denju \u0161panjolskog<\/h4>\r\n                        <p>Saznajte sve o \u0161panjolskoj gramatici.<\/p>\r\n                    <\/div>\r\n                <\/div>\r\n            <\/div>\r\n        <\/a>\r\n\r\n        \r\n        <a href=\"https:\/\/talkpal.ai\/hr\/spanjolska-gramatika\/\">\r\n            <div class=\"learnNavigationWrapper\">\r\n                <div class=\"learnNavigationContent\">\r\n                    <img decoding=\"async\" src=\"https:\/\/talkpal.ai\/wp-content\/uploads\/2024\/08\/Spanish.jpg\" alt=\"Spanish Flag\">\r\n                    <div>\r\n                        <h4>Lekcije iz \u0161panjolske gramatike<\/h4>\r\n                        <p>Vje\u017ebajte \u0161panjolsku gramatiku.<\/p>\r\n                    <\/div>\r\n                <\/div>\r\n            <\/div>\r\n        <\/a>\r\n\r\n        \r\n        <a href=\"https:\/\/talkpal.ai\/vocabulary_language\/spanish\/\">\r\n            <div class=\"learnNavigationWrapper\">\r\n                <div class=\"learnNavigationContent\">\r\n                    <img decoding=\"async\" src=\"https:\/\/talkpal.ai\/wp-content\/uploads\/2024\/08\/Spanish.jpg\" alt=\"Spanish Flag\">\r\n                    <div>\r\n                        <h4>\u0160panjolski rje\u010dnik<\/h4>\r\n                        <p>Pro\u0161irite svoj \u0161panjolski vokabular.<\/p>\r\n                    <\/div>\r\n                <\/div>\r\n            <\/div>\r\n        <\/a>\r\n\r\n            <\/section>","protected":false},"excerpt":{"rendered":"<p>Teme \u0161panjolske gramatike U\u010denje novog jezika mo\u017ee biti uzbudljiv i koristan pothvat, a \u0161panjolski nije iznimka. Kao drugi jezik koji se najvi\u0161e govori na svijetu, mo\u017ee otvoriti nove mogu\u0107nosti za putovanja, posao i kulturnu razmjenu. Bilo da ste potpuni po\u010detnik ili \u017eelite pobolj\u0161ati svoje postoje\u0107e vje\u0161tine, razumijevanje i ovladavanje \u0161panjolskom gramatikom je neophodno. Od vremena [&hellip;]<\/p>\n","protected":false},"author":1,"featured_media":75284,"parent":0,"menu_order":0,"comment_status":"closed","ping_status":"closed","template":"LearningContentPage.php","meta":{"_acf_changed":false,"footnotes":""},"class_list":["post-131464","page","type-page","status-publish","has-post-thumbnail","hentry"],"acf":[],"yoast_head":"<!-- This site is optimized with the Yoast SEO Premium plugin v27.2 (Yoast SEO v27.2) - https:\/\/yoast.com\/product\/yoast-seo-premium-wordpress\/ -->\n<title>Vje\u017ebe gramatike \u0161panjolskog jezika - Talkpal<\/title>\n<meta name=\"description\" content=\"Pobolj\u0161ajte svoju \u0161panjolsku gramatiku interaktivnim vje\u017ebama osmi\u0161ljenim za sve razine vje\u0161tina. Vje\u017ebajte glagole, strukturu re\u010denica, vokabular i jo\u0161 mnogo toga!\" \/>\n<meta name=\"robots\" content=\"index, follow, max-snippet:-1, max-image-preview:large, max-video-preview:-1\" \/>\n<link rel=\"canonical\" href=\"https:\/\/talkpal.ai\/hr\/vjezbe-gramatike-spanjolskog-jezika\/\" \/>\n<meta property=\"og:locale\" content=\"hr_HR\" \/>\n<meta property=\"og:type\" content=\"article\" \/>\n<meta property=\"og:title\" content=\"Vje\u017ebe gramatike \u0161panjolskog jezika\" \/>\n<meta property=\"og:description\" content=\"Teme \u0161panjolske gramatike U\u010denje novog jezika mo\u017ee biti uzbudljiv i koristan pothvat, a \u0161panjolski nije iznimka. Kao drugi jezik koji se najvi\u0161e govori na\" \/>\n<meta property=\"og:url\" content=\"https:\/\/talkpal.ai\/hr\/vjezbe-gramatike-spanjolskog-jezika\/\" \/>\n<meta property=\"og:site_name\" content=\"Talkpal\" \/>\n<meta property=\"article:publisher\" content=\"https:\/\/www.facebook.com\/profile.php?id=100090733639311\" \/>\n<meta property=\"article:modified_time\" content=\"2025-12-17T16:38:23+00:00\" \/>\n<meta property=\"og:image\" content=\"https:\/\/talkpal.ai\/wp-content\/uploads\/2023\/03\/spain.png\" \/>\n\t<meta property=\"og:image:width\" content=\"512\" \/>\n\t<meta property=\"og:image:height\" content=\"512\" \/>\n\t<meta property=\"og:image:type\" content=\"image\/png\" \/>\n<meta name=\"twitter:card\" content=\"summary_large_image\" \/>\n<meta name=\"twitter:site\" content=\"@talkpalai\" \/>\n<meta name=\"twitter:label1\" content=\"Procijenjeno vrijeme \u010ditanja\" \/>\n\t<meta name=\"twitter:data1\" content=\"3 minute\" \/>\n<script type=\"application\/ld+json\" class=\"yoast-schema-graph\">{\"@context\":\"https:\/\/schema.org\",\"@graph\":[{\"@type\":\"WebPage\",\"@id\":\"https:\/\/talkpal.ai\/hr\/vjezbe-gramatike-spanjolskog-jezika\/\",\"url\":\"https:\/\/talkpal.ai\/hr\/vjezbe-gramatike-spanjolskog-jezika\/\",\"name\":\"Vje\u017ebe gramatike \u0161panjolskog jezika - Talkpal\",\"isPartOf\":{\"@id\":\"https:\/\/talkpal.ai\/hr\/#website\"},\"primaryImageOfPage\":{\"@id\":\"https:\/\/talkpal.ai\/hr\/vjezbe-gramatike-spanjolskog-jezika\/#primaryimage\"},\"image\":{\"@id\":\"https:\/\/talkpal.ai\/hr\/vjezbe-gramatike-spanjolskog-jezika\/#primaryimage\"},\"thumbnailUrl\":\"https:\/\/talkpal.ai\/wp-content\/uploads\/2023\/03\/spain.png\",\"datePublished\":\"2023-06-15T07:00:21+00:00\",\"dateModified\":\"2025-12-17T16:38:23+00:00\",\"description\":\"Pobolj\u0161ajte svoju \u0161panjolsku gramatiku interaktivnim vje\u017ebama osmi\u0161ljenim za sve razine vje\u0161tina. Vje\u017ebajte glagole, strukturu re\u010denica, vokabular i jo\u0161 mnogo toga!\",\"breadcrumb\":{\"@id\":\"https:\/\/talkpal.ai\/hr\/vjezbe-gramatike-spanjolskog-jezika\/#breadcrumb\"},\"inLanguage\":\"hr\",\"potentialAction\":[{\"@type\":\"ReadAction\",\"target\":[\"https:\/\/talkpal.ai\/hr\/vjezbe-gramatike-spanjolskog-jezika\/\"]}]},{\"@type\":\"ImageObject\",\"inLanguage\":\"hr\",\"@id\":\"https:\/\/talkpal.ai\/hr\/vjezbe-gramatike-spanjolskog-jezika\/#primaryimage\",\"url\":\"https:\/\/talkpal.ai\/wp-content\/uploads\/2023\/03\/spain.png\",\"contentUrl\":\"https:\/\/talkpal.ai\/wp-content\/uploads\/2023\/03\/spain.png\",\"width\":512,\"height\":512,\"caption\":\"TalkPal AI learn Spanish\"},{\"@type\":\"BreadcrumbList\",\"@id\":\"https:\/\/talkpal.ai\/hr\/vjezbe-gramatike-spanjolskog-jezika\/#breadcrumb\",\"itemListElement\":[{\"@type\":\"ListItem\",\"position\":1,\"name\":\"Homepage\",\"item\":\"https:\/\/talkpal.ai\/hr\/\"},{\"@type\":\"ListItem\",\"position\":2,\"name\":\"Vje\u017ebe gramatike \u0161panjolskog jezika\"}]},{\"@type\":\"WebSite\",\"@id\":\"https:\/\/talkpal.ai\/hr\/#website\",\"url\":\"https:\/\/talkpal.ai\/hr\/\",\"name\":\"Talkpal\",\"description\":\"AI Language Learning\",\"publisher\":{\"@id\":\"https:\/\/talkpal.ai\/hr\/#organization\"},\"alternateName\":\"Talkpal AI\",\"potentialAction\":[{\"@type\":\"SearchAction\",\"target\":{\"@type\":\"EntryPoint\",\"urlTemplate\":\"https:\/\/talkpal.ai\/hr\/?s={search_term_string}\"},\"query-input\":{\"@type\":\"PropertyValueSpecification\",\"valueRequired\":true,\"valueName\":\"search_term_string\"}}],\"inLanguage\":\"hr\"},{\"@type\":\"Organization\",\"@id\":\"https:\/\/talkpal.ai\/hr\/#organization\",\"name\":\"Talkpal, Inc.\",\"alternateName\":\"Talkpal AI\",\"url\":\"https:\/\/talkpal.ai\/hr\/\",\"logo\":{\"@type\":\"ImageObject\",\"inLanguage\":\"hr\",\"@id\":\"https:\/\/talkpal.ai\/hr\/#\/schema\/logo\/image\/\",\"url\":\"https:\/\/talkpal.ai\/wp-content\/uploads\/2024\/03\/Talkpal-Logo-Icon.png\",\"contentUrl\":\"https:\/\/talkpal.ai\/wp-content\/uploads\/2024\/03\/Talkpal-Logo-Icon.png\",\"width\":2880,\"height\":2880,\"caption\":\"Talkpal, Inc.\"},\"image\":{\"@id\":\"https:\/\/talkpal.ai\/hr\/#\/schema\/logo\/image\/\"},\"sameAs\":[\"https:\/\/www.facebook.com\/profile.php?id=100090733639311\",\"https:\/\/x.com\/talkpalai\",\"https:\/\/www.linkedin.com\/company\/talkpal\/\",\"https:\/\/www.youtube.com\/@TalkPal\/\",\"https:\/\/www.tiktok.com\/@talkpal\",\"https:\/\/www.instagram.com\/talkpal_ai\/\",\"https:\/\/www.crunchbase.com\/organization\/talkpal-9cde\",\"https:\/\/www.g2.com\/products\/talkpal-for-business\/\",\"https:\/\/www.trustpilot.com\/review\/talkpal.ai\",\"https:\/\/www.capterra.com\/p\/10006800\/TalkPal\/\"],\"description\":\"Talkpal is a language learning web and mobile education app, powered by the latest AI technologies, that provides engaging experiences to its customers in many different languages to help them improve their language skills. Users can chat about unlimited amount of topics with the app and use other modes to practice their language learning.\",\"email\":\"support@talkpal.ai\",\"legalName\":\"Talkpal, Inc.\",\"foundingDate\":\"2023-04-03\",\"duns\":\"118989042\",\"numberOfEmployees\":{\"@type\":\"QuantitativeValue\",\"minValue\":\"11\",\"maxValue\":\"50\"},\"publishingPrinciples\":\"https:\/\/talkpal.ai\/publishing-principles\/\",\"actionableFeedbackPolicy\":\"https:\/\/talkpal.ai\/actionable-feedback-policy\/\",\"correctionsPolicy\":\"https:\/\/talkpal.ai\/corrections-policy\/\",\"ethicsPolicy\":\"https:\/\/talkpal.ai\/ethics-policy\/\",\"diversityPolicy\":\"https:\/\/talkpal.ai\/diversity-policy\/\",\"diversityStaffingReport\":\"https:\/\/talkpal.ai\/diversity-policy\/\"}]}<\/script>\n<!-- \/ Yoast SEO Premium plugin. -->","yoast_head_json":{"title":"Vje\u017ebe gramatike \u0161panjolskog jezika - Talkpal","description":"Pobolj\u0161ajte svoju \u0161panjolsku gramatiku interaktivnim vje\u017ebama osmi\u0161ljenim za sve razine vje\u0161tina. Vje\u017ebajte glagole, strukturu re\u010denica, vokabular i jo\u0161 mnogo toga!","robots":{"index":"index","follow":"follow","max-snippet":"max-snippet:-1","max-image-preview":"max-image-preview:large","max-video-preview":"max-video-preview:-1"},"canonical":"https:\/\/talkpal.ai\/hr\/vjezbe-gramatike-spanjolskog-jezika\/","og_locale":"hr_HR","og_type":"article","og_title":"Vje\u017ebe gramatike \u0161panjolskog jezika","og_description":"Teme \u0161panjolske gramatike U\u010denje novog jezika mo\u017ee biti uzbudljiv i koristan pothvat, a \u0161panjolski nije iznimka. Kao drugi jezik koji se najvi\u0161e govori na","og_url":"https:\/\/talkpal.ai\/hr\/vjezbe-gramatike-spanjolskog-jezika\/","og_site_name":"Talkpal","article_publisher":"https:\/\/www.facebook.com\/profile.php?id=100090733639311","article_modified_time":"2025-12-17T16:38:23+00:00","og_image":[{"width":512,"height":512,"url":"https:\/\/talkpal.ai\/wp-content\/uploads\/2023\/03\/spain.png","type":"image\/png"}],"twitter_card":"summary_large_image","twitter_site":"@talkpalai","twitter_misc":{"Procijenjeno vrijeme \u010ditanja":"3 minute"},"schema":{"@context":"https:\/\/schema.org","@graph":[{"@type":"WebPage","@id":"https:\/\/talkpal.ai\/hr\/vjezbe-gramatike-spanjolskog-jezika\/","url":"https:\/\/talkpal.ai\/hr\/vjezbe-gramatike-spanjolskog-jezika\/","name":"Vje\u017ebe gramatike \u0161panjolskog jezika - Talkpal","isPartOf":{"@id":"https:\/\/talkpal.ai\/hr\/#website"},"primaryImageOfPage":{"@id":"https:\/\/talkpal.ai\/hr\/vjezbe-gramatike-spanjolskog-jezika\/#primaryimage"},"image":{"@id":"https:\/\/talkpal.ai\/hr\/vjezbe-gramatike-spanjolskog-jezika\/#primaryimage"},"thumbnailUrl":"https:\/\/talkpal.ai\/wp-content\/uploads\/2023\/03\/spain.png","datePublished":"2023-06-15T07:00:21+00:00","dateModified":"2025-12-17T16:38:23+00:00","description":"Pobolj\u0161ajte svoju \u0161panjolsku gramatiku interaktivnim vje\u017ebama osmi\u0161ljenim za sve razine vje\u0161tina. Vje\u017ebajte glagole, strukturu re\u010denica, vokabular i jo\u0161 mnogo toga!","breadcrumb":{"@id":"https:\/\/talkpal.ai\/hr\/vjezbe-gramatike-spanjolskog-jezika\/#breadcrumb"},"inLanguage":"hr","potentialAction":[{"@type":"ReadAction","target":["https:\/\/talkpal.ai\/hr\/vjezbe-gramatike-spanjolskog-jezika\/"]}]},{"@type":"ImageObject","inLanguage":"hr","@id":"https:\/\/talkpal.ai\/hr\/vjezbe-gramatike-spanjolskog-jezika\/#primaryimage","url":"https:\/\/talkpal.ai\/wp-content\/uploads\/2023\/03\/spain.png","contentUrl":"https:\/\/talkpal.ai\/wp-content\/uploads\/2023\/03\/spain.png","width":512,"height":512,"caption":"TalkPal AI learn Spanish"},{"@type":"BreadcrumbList","@id":"https:\/\/talkpal.ai\/hr\/vjezbe-gramatike-spanjolskog-jezika\/#breadcrumb","itemListElement":[{"@type":"ListItem","position":1,"name":"Homepage","item":"https:\/\/talkpal.ai\/hr\/"},{"@type":"ListItem","position":2,"name":"Vje\u017ebe gramatike \u0161panjolskog jezika"}]},{"@type":"WebSite","@id":"https:\/\/talkpal.ai\/hr\/#website","url":"https:\/\/talkpal.ai\/hr\/","name":"Talkpal","description":"AI Language Learning","publisher":{"@id":"https:\/\/talkpal.ai\/hr\/#organization"},"alternateName":"Talkpal AI","potentialAction":[{"@type":"SearchAction","target":{"@type":"EntryPoint","urlTemplate":"https:\/\/talkpal.ai\/hr\/?s={search_term_string}"},"query-input":{"@type":"PropertyValueSpecification","valueRequired":true,"valueName":"search_term_string"}}],"inLanguage":"hr"},{"@type":"Organization","@id":"https:\/\/talkpal.ai\/hr\/#organization","name":"Talkpal, Inc.","alternateName":"Talkpal AI","url":"https:\/\/talkpal.ai\/hr\/","logo":{"@type":"ImageObject","inLanguage":"hr","@id":"https:\/\/talkpal.ai\/hr\/#\/schema\/logo\/image\/","url":"https:\/\/talkpal.ai\/wp-content\/uploads\/2024\/03\/Talkpal-Logo-Icon.png","contentUrl":"https:\/\/talkpal.ai\/wp-content\/uploads\/2024\/03\/Talkpal-Logo-Icon.png","width":2880,"height":2880,"caption":"Talkpal, Inc."},"image":{"@id":"https:\/\/talkpal.ai\/hr\/#\/schema\/logo\/image\/"},"sameAs":["https:\/\/www.facebook.com\/profile.php?id=100090733639311","https:\/\/x.com\/talkpalai","https:\/\/www.linkedin.com\/company\/talkpal\/","https:\/\/www.youtube.com\/@TalkPal\/","https:\/\/www.tiktok.com\/@talkpal","https:\/\/www.instagram.com\/talkpal_ai\/","https:\/\/www.crunchbase.com\/organization\/talkpal-9cde","https:\/\/www.g2.com\/products\/talkpal-for-business\/","https:\/\/www.trustpilot.com\/review\/talkpal.ai","https:\/\/www.capterra.com\/p\/10006800\/TalkPal\/"],"description":"Talkpal is a language learning web and mobile education app, powered by the latest AI technologies, that provides engaging experiences to its customers in many different languages to help them improve their language skills. Users can chat about unlimited amount of topics with the app and use other modes to practice their language learning.","email":"support@talkpal.ai","legalName":"Talkpal, Inc.","foundingDate":"2023-04-03","duns":"118989042","numberOfEmployees":{"@type":"QuantitativeValue","minValue":"11","maxValue":"50"},"publishingPrinciples":"https:\/\/talkpal.ai\/publishing-principles\/","actionableFeedbackPolicy":"https:\/\/talkpal.ai\/actionable-feedback-policy\/","correctionsPolicy":"https:\/\/talkpal.ai\/corrections-policy\/","ethicsPolicy":"https:\/\/talkpal.ai\/ethics-policy\/","diversityPolicy":"https:\/\/talkpal.ai\/diversity-policy\/","diversityStaffingReport":"https:\/\/talkpal.ai\/diversity-policy\/"}]}},"_links":{"self":[{"href":"https:\/\/talkpal.ai\/hr\/wp-json\/wp\/v2\/pages\/131464","targetHints":{"allow":["GET"]}}],"collection":[{"href":"https:\/\/talkpal.ai\/hr\/wp-json\/wp\/v2\/pages"}],"about":[{"href":"https:\/\/talkpal.ai\/hr\/wp-json\/wp\/v2\/types\/page"}],"author":[{"embeddable":true,"href":"https:\/\/talkpal.ai\/hr\/wp-json\/wp\/v2\/users\/1"}],"replies":[{"embeddable":true,"href":"https:\/\/talkpal.ai\/hr\/wp-json\/wp\/v2\/comments?post=131464"}],"version-history":[{"count":0,"href":"https:\/\/talkpal.ai\/hr\/wp-json\/wp\/v2\/pages\/131464\/revisions"}],"wp:featuredmedia":[{"embeddable":true,"href":"https:\/\/talkpal.ai\/hr\/wp-json\/wp\/v2\/media\/75284"}],"wp:attachment":[{"href":"https:\/\/talkpal.ai\/hr\/wp-json\/wp\/v2\/media?parent=131464"}],"curies":[{"name":"wp","href":"https:\/\/api.w.org\/{rel}","templated":true}]}}