{"id":131113,"date":"2023-05-14T13:53:24","date_gmt":"2023-05-14T13:53:24","guid":{"rendered":"http:\/\/talkpal.ai\/ukrajinska-gramatika\/"},"modified":"2025-12-11T16:38:12","modified_gmt":"2025-12-11T16:38:12","slug":"ukrajinska-gramatika","status":"publish","type":"page","link":"https:\/\/talkpal.ai\/hr\/ukrajinska-gramatika\/","title":{"rendered":"Ukrajinska gramatika"},"content":{"rendered":"\r\n\r\n\r\n<section class=\"languageChallengeSection\">\r\n    <div class=\"languageInfoWrapper\">\r\n        \r\n        <h1>Ukrajinska gramatika<\/h1>\r\n        <p>Istra\u017eite strukturu ukrajinskog jezika u\u010de\u0107i njegova osnovna gramati\u010dka pravila. Savladavanje ukrajinske gramatike pomo\u0107i \u0107e vam da samouvjereno komunicirate i dublje se pove\u017eete s ukrajinskom kulturom i ba\u0161tinom. Zapo\u010dnite svoje putovanje ukrajinske gramatike ve\u0107 danas i napravite prvi korak prema te\u010dnosti!<\/p>\r\n\r\n                            <a class=\"getStartedHidden\" href=\"https:\/\/app.talkpal.ai\/hr\/signup?lng=\">Zapo\u010dni<\/a>\r\n        \r\n    <\/div>\r\n\r\n    <figure>\r\n    <img decoding=\"async\" width=\"768\" height=\"768\" src=\"https:\/\/talkpal.ai\/wp-content\/uploads\/2023\/06\/Ukrainian-768x768.png\" class=\"languageImage no-lazy\" alt=\"Language learning - Your doorway to the world\" fetchpriority=\"high\" sizes=\"(max-width: 768px) 150px, 768px\" srcset=\"https:\/\/talkpal.ai\/wp-content\/uploads\/2023\/06\/Ukrainian-768x768.png 768w, https:\/\/talkpal.ai\/wp-content\/uploads\/2023\/06\/Ukrainian-300x300.png 300w\" \/>\r\n    \r\n\r\n    <\/figure>\r\n\r\n            <a class=\"getStartedVisible\" href=\"https:\/\/app.talkpal.ai\/hr\/signup?lng=\">Zapo\u010dni<\/a>\r\n    \r\n<\/section>\r\n<section class=\"promotionalBanner\">\r\n    <p class=\"promotionalText\">Naju\u010dinkovitiji na\u010din u\u010denja jezika<\/p>\r\n    <a class=\"promotionalLink\" href=\"https:\/\/app.talkpal.ai\/hr\/signup?lng=\">Isprobajte Talkpal besplatno<\/a>\r\n<\/section>\n<div class=\"wp-block-group pageContainerStyle\"><div class=\"wp-block-group__inner-container is-layout-constrained wp-block-group-is-layout-constrained\">\n<h2 class=\"wp-block-heading\" id=\"h-a-comprehensive-guide-to-mastering-ukrainian-grammar\">Sveobuhvatan vodi\u010d za ovladavanje ukrajinskom gramatikom<\/h2>\n\n\n\n<p><a href=\"https:\/\/talkpal.ai\/learn-ukrainian\/\">Ukrajinski<\/a>, lijep i melodi\u010dan jezik, izazvao je sve ve\u0107i interes ljubitelja jezika \u0161irom svijeta. U\u010denje ukrajinskog jezika omogu\u0107uje vam pristup bogatoj kulturnoj ba\u0161tini i omogu\u0107uje vam komunikaciju s milijunima ljudi u Ukrajini i susjednim zemljama. Dok ronjenje u ukrajinskoj gramatici mo\u017ee osje\u0107ati zastra\u0161uju\u0107e u po\u010detku, imaju\u0107i sna\u017ene temelje u njemu \u0107e vam omogu\u0107iti da istra\u017eite nijanse jezika i u potpunosti cijenite njegovu ljepotu. Ovaj \u0107e vas \u010dlanak voditi korak po korak kroz osnove ukrajinske gramatike, opremaju\u0107i vas pouzdanim zapo\u010dinjanjem va\u0161eg jezi\u010dnog putovanja.<\/p>\n\n\n\n<h3 class=\"wp-block-heading\" id=\"h-1-mastering-ukrainian-nouns-and-cases\">1. Ovladavanje ukrajinskim imenicama i slu\u010dajevima<\/h3>\n\n\n\n<p>Sredi\u0161nja zna\u010dajka ukrajinske gramatike je njezin sustav slu\u010dajeva. Kada koristite imenice, morate znati njihov spol (mu\u0161ki, \u017eenski ili kastrirani) i biti svjesni konteksta koji mo\u017ee zahtijevati promjenu njihovih zavr\u0161etaka. <a href=\"https:\/\/talkpal.ai\/hr\/ucenje-ukrajinskog-jezika\/\">Ukrajinski jezik<\/a> ima sedam slu\u010dajeva:<\/p>\n\n\n\n<p>\u2013 Nominativ: subjekt re\u010denice<\/p>\n\n\n\n<p>\u2013 Genitiv: ozna\u010dava posjedovanje, koli\u010dinu i negaciju<\/p>\n\n\n\n<p>\u2013 Dativ: neizravni objekt ili kretanje prema cilju<\/p>\n\n\n\n<p>\u2013 Akuzativ: izravni objekt ili pokret usmjeren na ne\u0161to<\/p>\n\n\n\n<p>\u2013 Instrumental: ozna\u010dava sredstvo ili instrument radnje<\/p>\n\n\n\n<p>\u2013 Lokativ: ozna\u010dava mjesto<\/p>\n\n\n\n<p>\u2013 Vokativ: koristi se za obra\u0107anje ili dozivanje nekoga<\/p>\n\n\n\n<p>Morat \u0107ete obratiti pozornost na zavr\u0161etke i deklinacije imenica, jer se oni mijenjaju ovisno o pade\u017eu te rodu i broju imenice.<\/p>\n\n\n\n<h3 class=\"wp-block-heading\" id=\"h-2-navigating-the-ukrainian-verb-system\">2. Navigacija ukrajinskim glagolskim sustavom<\/h3>\n\n\n\n<p>Ukrajinski glagoli konjugiraju se na temelju osobe, broja, vremena, raspolo\u017eenja i glasa. Na ukrajinskom jeziku postoje \u010detiri aspekta glagola &#8211; savr\u0161eni, nesavr\u0161eni, iterativni i inventivni:<\/p>\n\n\n\n<p>\u2013 Perfekat: ozna\u010dava dovr\u0161ene radnje<\/p>\n\n\n\n<p>\u2013 Nesvr\u0161eni: opisuje stalne, uobi\u010dajene ili ponavljane radnje<\/p>\n\n\n\n<p>\u2013 Iterativno: prenosi radnje koje se ponavljaju u odre\u0111enom intervalu<\/p>\n\n\n\n<p>\u2013 Inceptivno: ozna\u010dava po\u010detak radnje<\/p>\n\n\n\n<p>Da biste se kretali ukrajinskim glagolskim sustavom, trebali biste se upoznati s tri osnovne konjugacije glagola. Proces konjugacije uklju\u010duje promjenu zavr\u0161etaka korijena glagola prema vremenu, raspolo\u017eenju i predmetu.<\/p>\n\n\n\n<h3 class=\"wp-block-heading\" id=\"h-3-perfecting-ukrainian-adjectives-and-pronouns\">3. Usavr\u0161avanje ukrajinskih pridjeva i zamjenica<\/h3>\n\n\n\n<p>Pridjevi na ukrajinskom moraju se slo\u017eiti s imenicom koju opisuju, u spolu, broju i slu\u010daju. To zna\u010di da kada koristite pridjev, morate biti pa\u017eljivi na njegove zavr\u0161etke, jer \u0107e se oni promijeniti kako bi se uskladili s imenicom. Osim toga, pridjevi na ukrajinskom mogu biti dugi ili kratki oblici, pri \u010demu svaki ima svoju uporabu ovisno o kontekstu.<\/p>\n\n\n\n<p>Zamjenice se koriste umjesto imenica i tako\u0111er se moraju slo\u017eiti s imenicom koju zamjenjuju, u spolu, broju i slu\u010daju. Osobne zamjenice u ukrajinskom uklju\u010duju \u201c\u00e2\u201d (ja), \u201cti\u201d (ti, jednina), \u201cvin\/vona\/vono\u201d (on\/ona\/ono), \u201cmi\u201d (mi), \u201cvi\u201d (ti, mno\u017eina) ili formalno), i &#8220;voni&#8221; (oni). Na ukrajinskom jeziku postoje i posesivne, demonstrativne i relativne zamjenice.<\/p>\n\n\n\n<h3 class=\"wp-block-heading\" id=\"h-4-putting-it-all-together-sentence-structure\">4. Sastavljanje svega: struktura re\u010denice<\/h3>\n\n\n\n<p>Ukrajinski slijedi strukturu re\u010denice subjekt-glagol-objekt (SVO), sli\u010dnu engleskom. Me\u0111utim, za razliku od engleskog, ukrajinski ima ve\u0107u fleksibilnost u redoslijedu rije\u010di zbog svog sustava slu\u010dajeva. Ova fleksibilnost omogu\u0107uje govornicima da naglase odre\u0111ene rije\u010di ili ideje stavljaju\u0107i ih na razli\u010dite polo\u017eaje unutar re\u010denice. Iako svladavanje ove svestranosti mo\u017ee potrajati, omogu\u0107uje vam da se umjetni\u010dki i fluidnije izrazite na ukrajinskom jeziku.<\/p>\n\n\n\n<h3 class=\"wp-block-heading\" id=\"h-conclusion\">Zaklju\u010dak<\/h3>\n\n\n\n<p>Dok kre\u0107ete na svoje putovanje ukrajinskim jezikom, zapamtite da te\u010dno poznavanje gramatike zahtijeva praksu i upornost. Postupno se upoznajte s razli\u010ditim aspektima ukrajinske gramatike, od imenica i slu\u010dajeva do glagola i strukture re\u010denica. U\u017eivajte u procesu u\u010denja i u\u017eivajte u ljepoti i izra\u017eajnosti ukrajinskog jezika. \u0412\u0434\u0430\u0447\u0456! (Sretno!)<\/p>\n<\/div><\/div>\n\r\n<section class=\"learnNavigationSection\">\r\n            \r\n        <a href=\"https:\/\/talkpal.ai\/hr\/ucenje-ukrajinskog-jezika\/\">\r\n            <div class=\"learnNavigationWrapper\">\r\n                <div class=\"learnNavigationContent\">\r\n                    <img decoding=\"async\" src=\"https:\/\/talkpal.ai\/wp-content\/uploads\/2024\/08\/Ukrainian.jpg\" alt=\"Ukrainian Flag\">\r\n                    <div>\r\n                        <h4>O u\u010denju ukrajinskog<\/h4>\r\n                        <p>Saznajte sve o ukrajinskoj gramatici.<\/p>\r\n                    <\/div>\r\n                <\/div>\r\n            <\/div>\r\n        <\/a>\r\n\r\n        \r\n        <a href=\"https:\/\/talkpal.ai\/hr\/ukrajinske-gramaticke-vjezbe\/\">\r\n            <div class=\"learnNavigationWrapper\">\r\n                <div class=\"learnNavigationContent\">\r\n                    <img decoding=\"async\" src=\"https:\/\/talkpal.ai\/wp-content\/uploads\/2024\/08\/Ukrainian.jpg\" alt=\"Ukrainian Flag\">\r\n                    <div>\r\n                        <h4>Vje\u017eba iz ukrajinske gramatike<\/h4>\r\n                        <p>Vje\u017ebajte ukrajinsku gramatiku.<\/p>\r\n                    <\/div>\r\n                <\/div>\r\n            <\/div>\r\n        <\/a>\r\n\r\n        \r\n        <a href=\"https:\/\/talkpal.ai\/vocabulary_language\/ukrainian\/\">\r\n            <div class=\"learnNavigationWrapper\">\r\n                <div class=\"learnNavigationContent\">\r\n                    <img decoding=\"async\" src=\"https:\/\/talkpal.ai\/wp-content\/uploads\/2024\/08\/Ukrainian.jpg\" alt=\"Ukrainian Flag\">\r\n                    <div>\r\n                        <h4>Ukrajinski rje\u010dnik<\/h4>\r\n                        <p>Pro\u0161irite svoj ukrajinski vokabular.<\/p>\r\n                    <\/div>\r\n                <\/div>\r\n            <\/div>\r\n        <\/a>\r\n\r\n            <\/section>","protected":false},"excerpt":{"rendered":"<p>Sveobuhvatan vodi\u010d za ovladavanje ukrajinskom gramatikom Ukrajinski, lijep i melodi\u010dan jezik, izazvao je sve ve\u0107i interes ljubitelja jezika \u0161irom svijeta. U\u010denje ukrajinskog jezika omogu\u0107uje vam pristup bogatoj kulturnoj ba\u0161tini i omogu\u0107uje vam komunikaciju s milijunima ljudi u Ukrajini i susjednim zemljama. Dok ronjenje u ukrajinskoj gramatici mo\u017ee osje\u0107ati zastra\u0161uju\u0107e u po\u010detku, imaju\u0107i sna\u017ene temelje u [&hellip;]<\/p>\n","protected":false},"author":1,"featured_media":108521,"parent":0,"menu_order":0,"comment_status":"closed","ping_status":"closed","template":"LearningContentPage.php","meta":{"_acf_changed":false,"footnotes":""},"class_list":["post-131113","page","type-page","status-publish","has-post-thumbnail","hentry"],"acf":[],"yoast_head":"<!-- This site is optimized with the Yoast SEO Premium plugin v27.2 (Yoast SEO v27.2) - https:\/\/yoast.com\/product\/yoast-seo-premium-wordpress\/ -->\n<title>Ukrajinska gramatika - Talkpal<\/title>\n<meta name=\"description\" content=\"Otkrijte ljepotu ukrajinske gramatike uz esencijalne savjete i uvide koji \u0107e vam pomo\u0107i da obogatite svoje u\u010denje jezika.\" \/>\n<meta name=\"robots\" content=\"index, follow, max-snippet:-1, max-image-preview:large, max-video-preview:-1\" \/>\n<link rel=\"canonical\" href=\"https:\/\/talkpal.ai\/hr\/ukrajinska-gramatika\/\" \/>\n<meta property=\"og:locale\" content=\"hr_HR\" \/>\n<meta property=\"og:type\" content=\"article\" \/>\n<meta property=\"og:title\" content=\"Ukrajinska gramatika\" \/>\n<meta property=\"og:description\" content=\"Sveobuhvatan vodi\u010d za ovladavanje ukrajinskom gramatikom Ukrajinski, lijep i melodi\u010dan jezik, izazvao je sve ve\u0107i interes ljubitelja jezika \u0161irom svijeta.\" \/>\n<meta property=\"og:url\" content=\"https:\/\/talkpal.ai\/hr\/ukrajinska-gramatika\/\" \/>\n<meta property=\"og:site_name\" content=\"Talkpal\" \/>\n<meta property=\"article:publisher\" content=\"https:\/\/www.facebook.com\/profile.php?id=100090733639311\" \/>\n<meta property=\"article:modified_time\" content=\"2025-12-11T16:38:12+00:00\" \/>\n<meta property=\"og:image\" content=\"https:\/\/talkpal.ai\/wp-content\/uploads\/2023\/04\/ukraine.png\" \/>\n\t<meta property=\"og:image:width\" content=\"512\" \/>\n\t<meta property=\"og:image:height\" content=\"512\" \/>\n\t<meta property=\"og:image:type\" content=\"image\/png\" \/>\n<meta name=\"twitter:card\" content=\"summary_large_image\" \/>\n<meta name=\"twitter:site\" content=\"@talkpalai\" \/>\n<meta name=\"twitter:label1\" content=\"Procijenjeno vrijeme \u010ditanja\" \/>\n\t<meta name=\"twitter:data1\" content=\"3 minute\" \/>\n<script type=\"application\/ld+json\" class=\"yoast-schema-graph\">{\"@context\":\"https:\/\/schema.org\",\"@graph\":[{\"@type\":\"WebPage\",\"@id\":\"https:\/\/talkpal.ai\/hr\/ukrajinska-gramatika\/\",\"url\":\"https:\/\/talkpal.ai\/hr\/ukrajinska-gramatika\/\",\"name\":\"Ukrajinska gramatika - Talkpal\",\"isPartOf\":{\"@id\":\"https:\/\/talkpal.ai\/hr\/#website\"},\"primaryImageOfPage\":{\"@id\":\"https:\/\/talkpal.ai\/hr\/ukrajinska-gramatika\/#primaryimage\"},\"image\":{\"@id\":\"https:\/\/talkpal.ai\/hr\/ukrajinska-gramatika\/#primaryimage\"},\"thumbnailUrl\":\"https:\/\/talkpal.ai\/wp-content\/uploads\/2023\/04\/ukraine.png\",\"datePublished\":\"2023-05-14T13:53:24+00:00\",\"dateModified\":\"2025-12-11T16:38:12+00:00\",\"description\":\"Otkrijte ljepotu ukrajinske gramatike uz esencijalne savjete i uvide koji \u0107e vam pomo\u0107i da obogatite svoje u\u010denje jezika.\",\"breadcrumb\":{\"@id\":\"https:\/\/talkpal.ai\/hr\/ukrajinska-gramatika\/#breadcrumb\"},\"inLanguage\":\"hr\",\"potentialAction\":[{\"@type\":\"ReadAction\",\"target\":[\"https:\/\/talkpal.ai\/hr\/ukrajinska-gramatika\/\"]}]},{\"@type\":\"ImageObject\",\"inLanguage\":\"hr\",\"@id\":\"https:\/\/talkpal.ai\/hr\/ukrajinska-gramatika\/#primaryimage\",\"url\":\"https:\/\/talkpal.ai\/wp-content\/uploads\/2023\/04\/ukraine.png\",\"contentUrl\":\"https:\/\/talkpal.ai\/wp-content\/uploads\/2023\/04\/ukraine.png\",\"width\":512,\"height\":512,\"caption\":\"TalkPal Ukrainian Flag\"},{\"@type\":\"BreadcrumbList\",\"@id\":\"https:\/\/talkpal.ai\/hr\/ukrajinska-gramatika\/#breadcrumb\",\"itemListElement\":[{\"@type\":\"ListItem\",\"position\":1,\"name\":\"Homepage\",\"item\":\"https:\/\/talkpal.ai\/hr\/\"},{\"@type\":\"ListItem\",\"position\":2,\"name\":\"Ukrajinska gramatika\"}]},{\"@type\":\"WebSite\",\"@id\":\"https:\/\/talkpal.ai\/hr\/#website\",\"url\":\"https:\/\/talkpal.ai\/hr\/\",\"name\":\"Talkpal\",\"description\":\"AI Language Learning\",\"publisher\":{\"@id\":\"https:\/\/talkpal.ai\/hr\/#organization\"},\"alternateName\":\"Talkpal AI\",\"potentialAction\":[{\"@type\":\"SearchAction\",\"target\":{\"@type\":\"EntryPoint\",\"urlTemplate\":\"https:\/\/talkpal.ai\/hr\/?s={search_term_string}\"},\"query-input\":{\"@type\":\"PropertyValueSpecification\",\"valueRequired\":true,\"valueName\":\"search_term_string\"}}],\"inLanguage\":\"hr\"},{\"@type\":\"Organization\",\"@id\":\"https:\/\/talkpal.ai\/hr\/#organization\",\"name\":\"Talkpal, Inc.\",\"alternateName\":\"Talkpal AI\",\"url\":\"https:\/\/talkpal.ai\/hr\/\",\"logo\":{\"@type\":\"ImageObject\",\"inLanguage\":\"hr\",\"@id\":\"https:\/\/talkpal.ai\/hr\/#\/schema\/logo\/image\/\",\"url\":\"https:\/\/talkpal.ai\/wp-content\/uploads\/2024\/03\/Talkpal-Logo-Icon.png\",\"contentUrl\":\"https:\/\/talkpal.ai\/wp-content\/uploads\/2024\/03\/Talkpal-Logo-Icon.png\",\"width\":2880,\"height\":2880,\"caption\":\"Talkpal, Inc.\"},\"image\":{\"@id\":\"https:\/\/talkpal.ai\/hr\/#\/schema\/logo\/image\/\"},\"sameAs\":[\"https:\/\/www.facebook.com\/profile.php?id=100090733639311\",\"https:\/\/x.com\/talkpalai\",\"https:\/\/www.linkedin.com\/company\/talkpal\/\",\"https:\/\/www.youtube.com\/@TalkPal\/\",\"https:\/\/www.tiktok.com\/@talkpal\",\"https:\/\/www.instagram.com\/talkpal_ai\/\",\"https:\/\/www.crunchbase.com\/organization\/talkpal-9cde\",\"https:\/\/www.g2.com\/products\/talkpal-for-business\/\",\"https:\/\/www.trustpilot.com\/review\/talkpal.ai\",\"https:\/\/www.capterra.com\/p\/10006800\/TalkPal\/\"],\"description\":\"Talkpal is a language learning web and mobile education app, powered by the latest AI technologies, that provides engaging experiences to its customers in many different languages to help them improve their language skills. Users can chat about unlimited amount of topics with the app and use other modes to practice their language learning.\",\"email\":\"support@talkpal.ai\",\"legalName\":\"Talkpal, Inc.\",\"foundingDate\":\"2023-04-03\",\"duns\":\"118989042\",\"numberOfEmployees\":{\"@type\":\"QuantitativeValue\",\"minValue\":\"11\",\"maxValue\":\"50\"},\"publishingPrinciples\":\"https:\/\/talkpal.ai\/publishing-principles\/\",\"actionableFeedbackPolicy\":\"https:\/\/talkpal.ai\/actionable-feedback-policy\/\",\"correctionsPolicy\":\"https:\/\/talkpal.ai\/corrections-policy\/\",\"ethicsPolicy\":\"https:\/\/talkpal.ai\/ethics-policy\/\",\"diversityPolicy\":\"https:\/\/talkpal.ai\/diversity-policy\/\",\"diversityStaffingReport\":\"https:\/\/talkpal.ai\/diversity-policy\/\"}]}<\/script>\n<!-- \/ Yoast SEO Premium plugin. -->","yoast_head_json":{"title":"Ukrajinska gramatika - Talkpal","description":"Otkrijte ljepotu ukrajinske gramatike uz esencijalne savjete i uvide koji \u0107e vam pomo\u0107i da obogatite svoje u\u010denje jezika.","robots":{"index":"index","follow":"follow","max-snippet":"max-snippet:-1","max-image-preview":"max-image-preview:large","max-video-preview":"max-video-preview:-1"},"canonical":"https:\/\/talkpal.ai\/hr\/ukrajinska-gramatika\/","og_locale":"hr_HR","og_type":"article","og_title":"Ukrajinska gramatika","og_description":"Sveobuhvatan vodi\u010d za ovladavanje ukrajinskom gramatikom Ukrajinski, lijep i melodi\u010dan jezik, izazvao je sve ve\u0107i interes ljubitelja jezika \u0161irom svijeta.","og_url":"https:\/\/talkpal.ai\/hr\/ukrajinska-gramatika\/","og_site_name":"Talkpal","article_publisher":"https:\/\/www.facebook.com\/profile.php?id=100090733639311","article_modified_time":"2025-12-11T16:38:12+00:00","og_image":[{"width":512,"height":512,"url":"https:\/\/talkpal.ai\/wp-content\/uploads\/2023\/04\/ukraine.png","type":"image\/png"}],"twitter_card":"summary_large_image","twitter_site":"@talkpalai","twitter_misc":{"Procijenjeno vrijeme \u010ditanja":"3 minute"},"schema":{"@context":"https:\/\/schema.org","@graph":[{"@type":"WebPage","@id":"https:\/\/talkpal.ai\/hr\/ukrajinska-gramatika\/","url":"https:\/\/talkpal.ai\/hr\/ukrajinska-gramatika\/","name":"Ukrajinska gramatika - Talkpal","isPartOf":{"@id":"https:\/\/talkpal.ai\/hr\/#website"},"primaryImageOfPage":{"@id":"https:\/\/talkpal.ai\/hr\/ukrajinska-gramatika\/#primaryimage"},"image":{"@id":"https:\/\/talkpal.ai\/hr\/ukrajinska-gramatika\/#primaryimage"},"thumbnailUrl":"https:\/\/talkpal.ai\/wp-content\/uploads\/2023\/04\/ukraine.png","datePublished":"2023-05-14T13:53:24+00:00","dateModified":"2025-12-11T16:38:12+00:00","description":"Otkrijte ljepotu ukrajinske gramatike uz esencijalne savjete i uvide koji \u0107e vam pomo\u0107i da obogatite svoje u\u010denje jezika.","breadcrumb":{"@id":"https:\/\/talkpal.ai\/hr\/ukrajinska-gramatika\/#breadcrumb"},"inLanguage":"hr","potentialAction":[{"@type":"ReadAction","target":["https:\/\/talkpal.ai\/hr\/ukrajinska-gramatika\/"]}]},{"@type":"ImageObject","inLanguage":"hr","@id":"https:\/\/talkpal.ai\/hr\/ukrajinska-gramatika\/#primaryimage","url":"https:\/\/talkpal.ai\/wp-content\/uploads\/2023\/04\/ukraine.png","contentUrl":"https:\/\/talkpal.ai\/wp-content\/uploads\/2023\/04\/ukraine.png","width":512,"height":512,"caption":"TalkPal Ukrainian Flag"},{"@type":"BreadcrumbList","@id":"https:\/\/talkpal.ai\/hr\/ukrajinska-gramatika\/#breadcrumb","itemListElement":[{"@type":"ListItem","position":1,"name":"Homepage","item":"https:\/\/talkpal.ai\/hr\/"},{"@type":"ListItem","position":2,"name":"Ukrajinska gramatika"}]},{"@type":"WebSite","@id":"https:\/\/talkpal.ai\/hr\/#website","url":"https:\/\/talkpal.ai\/hr\/","name":"Talkpal","description":"AI Language Learning","publisher":{"@id":"https:\/\/talkpal.ai\/hr\/#organization"},"alternateName":"Talkpal AI","potentialAction":[{"@type":"SearchAction","target":{"@type":"EntryPoint","urlTemplate":"https:\/\/talkpal.ai\/hr\/?s={search_term_string}"},"query-input":{"@type":"PropertyValueSpecification","valueRequired":true,"valueName":"search_term_string"}}],"inLanguage":"hr"},{"@type":"Organization","@id":"https:\/\/talkpal.ai\/hr\/#organization","name":"Talkpal, Inc.","alternateName":"Talkpal AI","url":"https:\/\/talkpal.ai\/hr\/","logo":{"@type":"ImageObject","inLanguage":"hr","@id":"https:\/\/talkpal.ai\/hr\/#\/schema\/logo\/image\/","url":"https:\/\/talkpal.ai\/wp-content\/uploads\/2024\/03\/Talkpal-Logo-Icon.png","contentUrl":"https:\/\/talkpal.ai\/wp-content\/uploads\/2024\/03\/Talkpal-Logo-Icon.png","width":2880,"height":2880,"caption":"Talkpal, Inc."},"image":{"@id":"https:\/\/talkpal.ai\/hr\/#\/schema\/logo\/image\/"},"sameAs":["https:\/\/www.facebook.com\/profile.php?id=100090733639311","https:\/\/x.com\/talkpalai","https:\/\/www.linkedin.com\/company\/talkpal\/","https:\/\/www.youtube.com\/@TalkPal\/","https:\/\/www.tiktok.com\/@talkpal","https:\/\/www.instagram.com\/talkpal_ai\/","https:\/\/www.crunchbase.com\/organization\/talkpal-9cde","https:\/\/www.g2.com\/products\/talkpal-for-business\/","https:\/\/www.trustpilot.com\/review\/talkpal.ai","https:\/\/www.capterra.com\/p\/10006800\/TalkPal\/"],"description":"Talkpal is a language learning web and mobile education app, powered by the latest AI technologies, that provides engaging experiences to its customers in many different languages to help them improve their language skills. Users can chat about unlimited amount of topics with the app and use other modes to practice their language learning.","email":"support@talkpal.ai","legalName":"Talkpal, Inc.","foundingDate":"2023-04-03","duns":"118989042","numberOfEmployees":{"@type":"QuantitativeValue","minValue":"11","maxValue":"50"},"publishingPrinciples":"https:\/\/talkpal.ai\/publishing-principles\/","actionableFeedbackPolicy":"https:\/\/talkpal.ai\/actionable-feedback-policy\/","correctionsPolicy":"https:\/\/talkpal.ai\/corrections-policy\/","ethicsPolicy":"https:\/\/talkpal.ai\/ethics-policy\/","diversityPolicy":"https:\/\/talkpal.ai\/diversity-policy\/","diversityStaffingReport":"https:\/\/talkpal.ai\/diversity-policy\/"}]}},"_links":{"self":[{"href":"https:\/\/talkpal.ai\/hr\/wp-json\/wp\/v2\/pages\/131113","targetHints":{"allow":["GET"]}}],"collection":[{"href":"https:\/\/talkpal.ai\/hr\/wp-json\/wp\/v2\/pages"}],"about":[{"href":"https:\/\/talkpal.ai\/hr\/wp-json\/wp\/v2\/types\/page"}],"author":[{"embeddable":true,"href":"https:\/\/talkpal.ai\/hr\/wp-json\/wp\/v2\/users\/1"}],"replies":[{"embeddable":true,"href":"https:\/\/talkpal.ai\/hr\/wp-json\/wp\/v2\/comments?post=131113"}],"version-history":[{"count":0,"href":"https:\/\/talkpal.ai\/hr\/wp-json\/wp\/v2\/pages\/131113\/revisions"}],"wp:featuredmedia":[{"embeddable":true,"href":"https:\/\/talkpal.ai\/hr\/wp-json\/wp\/v2\/media\/108521"}],"wp:attachment":[{"href":"https:\/\/talkpal.ai\/hr\/wp-json\/wp\/v2\/media?parent=131113"}],"curies":[{"name":"wp","href":"https:\/\/api.w.org\/{rel}","templated":true}]}}