{"id":130422,"date":"2023-05-14T13:52:27","date_gmt":"2023-05-14T13:52:27","guid":{"rendered":"http:\/\/talkpal.ai\/korejska-gramatika\/"},"modified":"2025-12-11T16:29:46","modified_gmt":"2025-12-11T16:29:46","slug":"korejska-gramatika","status":"publish","type":"page","link":"https:\/\/talkpal.ai\/hr\/korejska-gramatika\/","title":{"rendered":"Korejska gramatika"},"content":{"rendered":"\r\n\r\n\r\n<section class=\"languageChallengeSection\">\r\n    <div class=\"languageInfoWrapper\">\r\n        \r\n        <h1>Korejska gramatika<\/h1>\r\n        <p>Zapo\u010dnite svladavati korejsku gramatiku uz jednostavne vodi\u010de i prakti\u010dne primjere. Nau\u010dite kako oblikovati re\u010denice, koristiti \u010destice i konjugirati glagole kako biste se to\u010dno izrazili. Vje\u017ebajte svoje vje\u0161tine interaktivnim vje\u017ebama osmi\u0161ljenim za izgradnju samopouzdanja. Napravite sljede\u0107i korak na svom putovanju u korejskom jeziku i pobolj\u0161ajte svoje znanje ve\u0107 danas!<\/p>\r\n\r\n                            <a class=\"getStartedHidden\" href=\"https:\/\/app.talkpal.ai\/hr\/signup?lng=\">Zapo\u010dni<\/a>\r\n        \r\n    <\/div>\r\n\r\n    <figure>\r\n    <img decoding=\"async\" width=\"768\" height=\"768\" src=\"https:\/\/talkpal.ai\/wp-content\/uploads\/2023\/06\/korean-768x768.png\" class=\"languageImage no-lazy\" alt=\"Line-by-line learning for language acquisition\" fetchpriority=\"high\" sizes=\"(max-width: 768px) 150px, 768px\" srcset=\"https:\/\/talkpal.ai\/wp-content\/uploads\/2023\/06\/korean-768x768.png 768w, https:\/\/talkpal.ai\/wp-content\/uploads\/2023\/06\/korean-300x300.png 300w\" \/>\r\n    \r\n\r\n    <\/figure>\r\n\r\n            <a class=\"getStartedVisible\" href=\"https:\/\/app.talkpal.ai\/hr\/signup?lng=\">Zapo\u010dni<\/a>\r\n    \r\n<\/section>\r\n<section class=\"promotionalBanner\">\r\n    <p class=\"promotionalText\">Naju\u010dinkovitiji na\u010din u\u010denja jezika<\/p>\r\n    <a class=\"promotionalLink\" href=\"https:\/\/app.talkpal.ai\/hr\/signup?lng=\">Isprobajte Talkpal besplatno<\/a>\r\n<\/section>\n<div class=\"wp-block-group pageContainerStyle\"><div class=\"wp-block-group__inner-container is-layout-constrained wp-block-group-is-layout-constrained\">\n<h2 class=\"wp-block-heading\" id=\"h-demystifying-korean-grammar-a-beginner-s-guide\">Demistificiranje korejske gramatike: Vodi\u010d za po\u010detnike<\/h2>\n\n\n\n<p>U\u010denje korejskog mo\u017ee otvoriti svijet mogu\u0107nosti, bilo da se radi o istra\u017eivanju korejske kuhinje, gledanju najnovijih K-drama ili radu s jednom od brojnih ju\u017enokorejskih inovativnih tvrtki. Kao govornik koji nije izvorni govornik koji zaranja u ovaj fascinantan jezik, jedan od najizazovnijih aspekata mo\u017ee biti svladavanje njegove gramatike. <a href=\"https:\/\/talkpal.ai\/korean-grammar\/\">Korejska gramatika<\/a> na prvi pogled mo\u017ee izgledati slo\u017eeno, ali ima logiku i dosljednost <a href=\"https:\/\/talkpal.ai\/locations\/language-courses-in-koja\/\">koja<\/a> mo\u017ee biti pristupa\u010dnija nego \u0161to mislite. U ovom \u0107emo \u010dlanku ra\u0161\u010dlaniti klju\u010dne zna\u010dajke <a href=\"https:\/\/talkpal.ai\/sq\/gramatika-koreane\/\">korejske gramatike<\/a> i pru\u017eiti vrijedne uvide kako bi va\u0161 put do te\u010dnog govora bio lak i ugodan.<\/p>\n\n\n\n<h3 class=\"wp-block-heading\" id=\"h-1-word-nbsp-order-nbsp-get-in-the-flow\"><b>1. Redoslijed rije\u010di<\/b><b> &#8211; U\u0111ite u tok!<\/b><\/h3>\n\n\n\n<p>Prvo \u0161to trebate znati o korejskoj gramatici je njegov osnovni redoslijed rije\u010di: <a href=\"https:\/\/talkpal.ai\/culture\/how-do-you-structure-a-sentence-using-subject-object-verb-order-in-uzbek\/\">Subject-Object-Verb<\/a> (SOV). To zna\u010di da glagoli dolaze na kraju re\u010denice, za razliku od engleskog <a href=\"https:\/\/talkpal.ai\/locations\/learn-english-in-reda\/\">reda<\/a> subjekt-glagol-objekt (SVO). Na to se mo\u017eda treba naviknuti, ali klju\u010d te\u010dnosti je ugodno s ovom novom strukturom.<\/p>\n\n\n\n<p>Savjet: Vje\u017ebajte formiranje jednostavnih korejskih re\u010denica prevo\u0111enjem engleskih fraza i preure\u0111ivanjem redoslijeda rije\u010di. Usredoto\u010dite se na razumijevanje logike koja stoji iza strukture SOV-a kako biste postali ugodniji s njom.<\/p>\n\n\n\n<h3 class=\"wp-block-heading\" id=\"h-2-particles-attach-and-connect\">2. \u010cestice &#8211; Pri\u010dvrstite i spojite!<\/h3>\n\n\n\n<p>Korejske re\u010denice koriste sitne komadi\u0107e gramati\u010dkih informacija koje se nazivaju \u010destice kako bi pomogle u odre\u0111ivanju funkcije rije\u010di u re\u010denici. Na primjer, \uc774\/\uac00 i \uc740\/\ub294 ozna\u010davaju subjekt, dok \uc744\/\ub97c ozna\u010davaju objekt. \u010cestice su bitna komponenta korejske gramatike, ali njihova uporaba mo\u017ee se u po\u010detku osje\u0107ati neodoljivo.<\/p>\n\n\n\n<p>Savjet: Uhvatite se u ko\u0161tac s jednom po jednom \u010desticom, ugodno se osje\u0107aju\u0107i s njezinom uporabom i zna\u010denjem. Izradite popis primjera re\u010denica pomo\u0107u svake \u010destice za stvaranje zbirke referentnog materijala.<\/p>\n\n\n\n<h3 class=\"wp-block-heading\" id=\"h-3-verb-conjugation-keep-it-simple\">3. Konjugacija glagola &#8211; Neka bude jednostavno!<\/h3>\n\n\n\n<p><a href=\"https:\/\/talkpal.ai\/learn-korean\/\">Korejski<\/a> glagoli su izuzetno dosljedni, \u0161to ih mo\u017ee u\u010diniti lak\u0161im za u\u010denje od glagola u drugim jezicima. Svi <a href=\"https:\/\/talkpal.ai\/learn-korean\/\">korejski<\/a> glagoli zavr\u0161avaju na \ub2e4 (da) u svom osnovnom obliku, a za stvaranje razli\u010ditih vremena ili razina uljudnosti jednostavno \u0107ete dodati razli\u010dite zavr\u0161etke. Naj\u010de\u0161\u0107i su \u2013\uc694 (jo) za neformalnu uljudnost i \u2013\uc2b5\ub2c8\ub2e4 (seumnida) za formalnije situacije.<\/p>\n\n\n\n<p>Savjet: Nau\u010dite konjugirati nekoliko bitnih glagola u razli\u010ditim razinama pristojnosti, kao \u0161to su \ud558\ub2e4 (raditi), \uba39\ub2e4 (jesti), \uc790\ub2e4 (spavati) i \uac00\ub2e4 (i\u0107i). Zatim ih po\u010dnite uklju\u010divati u re\u010denice kako biste postali poznatiji i ugodniji s kori\u0161tenjem razli\u010ditih konjugacija.<\/p>\n\n\n\n<h3 class=\"wp-block-heading\" id=\"h-4-adjectives-treat-them-like-verbs\">4. Pridjevi &#8211; Tretirajte ih kao glagole!<\/h3>\n\n\n\n<p>U korejskoj gramatici pridjevi funkcioniraju sli\u010dno glagolima i konjugiraju se pomo\u0107u <a href=\"https:\/\/talkpal.ai\/locations\/learn-english-in-istog\/\">istog<\/a> sustava. Mnogi pridjevi zavr\u0161avaju na ~\ud558\ub2e4 (-hada) i mogu se konjugirati na isti na\u010din kao \u0161to biste konjugirali glagole.<\/p>\n\n\n\n<p>Savjet: Vje\u017ebajte konjugaciju uobi\u010dajenih pridjeva kao \u0161to su \uc88b\ub2e4 (biti dobar), \uc608\uc058\ub2e4 (biti lijep), \ub192\ub2e4 (biti visok), \ub0ae\ub2e4 (biti nizak) i \ud06c\ub2e4 (biti velik). Uklju\u010divanje u re\u010denice pomo\u0107i \u0107e u\u010dvrstiti va\u0161e razumijevanje.<\/p>\n\n\n\n<h3 class=\"wp-block-heading\" id=\"h-5-honorifics-show-your-respect\">5. Po\u010dasni &#8211; Poka\u017eite svoje po\u0161tovanje!<\/h3>\n\n\n\n<p>Korejska kultura nagla\u0161ava iskazivanje po\u0161tovanja prema starje\u0161inama i onima na polo\u017eajima autoriteta. To se odra\u017eava u njegovom jeziku kroz po\u010dasne osobine, koje su posebni oblici rije\u010di i gramati\u010dkih struktura koje se koriste za pokazivanje pristojnosti. Neki klju\u010dni primjeri uklju\u010duju kori\u0161tenje \u010destice -\uaed8\uc11c (-kkeseo) umjesto -\uc774\/\uac00 kada se nekome obra\u0107a s po\u0161tovanjem ili dodavanje -\uc2dc (-si) glagolima kao oznaka pristojnosti.<\/p>\n\n\n\n<p>Savjet: nau\u010dite osnove kori\u0161tenja po\u010dasnih oznaka, ali nemojte se previ\u0161e brinuti ho\u0107ete li odmah postati stru\u010dnjak. Kao govornik engleskog jezika, Korejci \u0107e vjerojatno razumjeti ako pogrije\u0161ite, ali pokazivanje napora da budete puni po\u0161tovanja bit \u0107e cijenjeno.<\/p>\n\n\n\n<h3 class=\"wp-block-heading\" id=\"h-conclusion\">Zaklju\u010dak:<\/h3>\n\n\n\n<p>Korejska gramatika mo\u017ee se isprva \u010diniti izazovnom, ali kako stje\u010dete iskustvo i razumijevanje, prona\u0107i \u0107ete logi\u010dan i dosljedan okvir. Usredoto\u010duju\u0107i se na klju\u010dne koncepte kao \u0161to su red rije\u010di, \u010destice i konjugacija glagola, uskoro \u0107ete graditi re\u010denice kao profesionalac. Prigrlite ljubav prema ovom ekspresivnom jeziku i gledajte kako vas va\u0161e savladavanje korejske gramatike vodi u svijet bezbroj mogu\u0107nosti. \ud654\uc774\ud305 (\u010deka) \u2013 neka<\/p>\n<\/div><\/div>\n\r\n<section class=\"learnNavigationSection\">\r\n            \r\n        <a href=\"https:\/\/talkpal.ai\/hr\/ucenje-korejskog-jezika\/\">\r\n            <div class=\"learnNavigationWrapper\">\r\n                <div class=\"learnNavigationContent\">\r\n                    <img decoding=\"async\" src=\"https:\/\/talkpal.ai\/wp-content\/uploads\/2024\/08\/Korean.jpg\" alt=\"Korean Flag\">\r\n                    <div>\r\n                        <h4>O korejskom u\u010denju<\/h4>\r\n                        <p>Saznajte sve o korejskoj gramatici.<\/p>\r\n                    <\/div>\r\n                <\/div>\r\n            <\/div>\r\n        <\/a>\r\n\r\n        \r\n        <a href=\"https:\/\/talkpal.ai\/hr\/korejske-gramaticke-vjezbe\/\">\r\n            <div class=\"learnNavigationWrapper\">\r\n                <div class=\"learnNavigationContent\">\r\n                    <img decoding=\"async\" src=\"https:\/\/talkpal.ai\/wp-content\/uploads\/2024\/08\/Korean.jpg\" alt=\"Korean Flag\">\r\n                    <div>\r\n                        <h4>Vje\u017eba korejske gramatike<\/h4>\r\n                        <p>Vje\u017ebajte korejsku gramatiku.<\/p>\r\n                    <\/div>\r\n                <\/div>\r\n            <\/div>\r\n        <\/a>\r\n\r\n        \r\n        <a href=\"https:\/\/talkpal.ai\/vocabulary_language\/korean\/\">\r\n            <div class=\"learnNavigationWrapper\">\r\n                <div class=\"learnNavigationContent\">\r\n                    <img decoding=\"async\" src=\"https:\/\/talkpal.ai\/wp-content\/uploads\/2024\/08\/Korean.jpg\" alt=\"Korean Flag\">\r\n                    <div>\r\n                        <h4>Korejski rje\u010dnik<\/h4>\r\n                        <p>Pro\u0161irite svoj korejski vokabular.<\/p>\r\n                    <\/div>\r\n                <\/div>\r\n            <\/div>\r\n        <\/a>\r\n\r\n            <\/section>","protected":false},"excerpt":{"rendered":"<p>Demistificiranje korejske gramatike: Vodi\u010d za po\u010detnike U\u010denje korejskog mo\u017ee otvoriti svijet mogu\u0107nosti, bilo da se radi o istra\u017eivanju korejske kuhinje, gledanju najnovijih K-drama ili radu s jednom od brojnih ju\u017enokorejskih inovativnih tvrtki. Kao govornik koji nije izvorni govornik koji zaranja u ovaj fascinantan jezik, jedan od najizazovnijih aspekata mo\u017ee biti svladavanje njegove gramatike. Korejska gramatika [&hellip;]<\/p>\n","protected":false},"author":1,"featured_media":107511,"parent":0,"menu_order":0,"comment_status":"closed","ping_status":"closed","template":"LearningContentPage.php","meta":{"_acf_changed":false,"footnotes":""},"class_list":["post-130422","page","type-page","status-publish","has-post-thumbnail","hentry"],"acf":[],"yoast_head":"<!-- This site is optimized with the Yoast SEO Premium plugin v27.2 (Yoast SEO v27.2) - https:\/\/yoast.com\/product\/yoast-seo-premium-wordpress\/ -->\n<title>Korejska gramatika - Talkpal<\/title>\n<meta name=\"description\" content=\"Samouvjereno savladajte korejsku gramatiku - oja\u010dajte strukturu re\u010denica, razjasnite pravila i lako pobolj\u0161ajte te\u010dnost\" \/>\n<meta name=\"robots\" content=\"index, follow, max-snippet:-1, max-image-preview:large, max-video-preview:-1\" \/>\n<link rel=\"canonical\" href=\"https:\/\/talkpal.ai\/hr\/korejska-gramatika\/\" \/>\n<meta property=\"og:locale\" content=\"hr_HR\" \/>\n<meta property=\"og:type\" content=\"article\" \/>\n<meta property=\"og:title\" content=\"Korejska gramatika\" \/>\n<meta property=\"og:description\" content=\"Demistificiranje korejske gramatike: Vodi\u010d za po\u010detnike U\u010denje korejskog mo\u017ee otvoriti svijet mogu\u0107nosti, bilo da se radi o istra\u017eivanju korejske kuhinje,\" \/>\n<meta property=\"og:url\" content=\"https:\/\/talkpal.ai\/hr\/korejska-gramatika\/\" \/>\n<meta property=\"og:site_name\" content=\"Talkpal\" \/>\n<meta property=\"article:publisher\" content=\"https:\/\/www.facebook.com\/profile.php?id=100090733639311\" \/>\n<meta property=\"article:modified_time\" content=\"2025-12-11T16:29:46+00:00\" \/>\n<meta property=\"og:image\" content=\"https:\/\/talkpal.ai\/wp-content\/uploads\/2023\/04\/south-korea.png\" \/>\n\t<meta property=\"og:image:width\" content=\"512\" \/>\n\t<meta property=\"og:image:height\" content=\"512\" \/>\n\t<meta property=\"og:image:type\" content=\"image\/png\" \/>\n<meta name=\"twitter:card\" content=\"summary_large_image\" \/>\n<meta name=\"twitter:site\" content=\"@talkpalai\" \/>\n<meta name=\"twitter:label1\" content=\"Procijenjeno vrijeme \u010ditanja\" \/>\n\t<meta name=\"twitter:data1\" content=\"3 minute\" \/>\n<script type=\"application\/ld+json\" class=\"yoast-schema-graph\">{\"@context\":\"https:\/\/schema.org\",\"@graph\":[{\"@type\":\"WebPage\",\"@id\":\"https:\/\/talkpal.ai\/hr\/korejska-gramatika\/\",\"url\":\"https:\/\/talkpal.ai\/hr\/korejska-gramatika\/\",\"name\":\"Korejska gramatika - Talkpal\",\"isPartOf\":{\"@id\":\"https:\/\/talkpal.ai\/hr\/#website\"},\"primaryImageOfPage\":{\"@id\":\"https:\/\/talkpal.ai\/hr\/korejska-gramatika\/#primaryimage\"},\"image\":{\"@id\":\"https:\/\/talkpal.ai\/hr\/korejska-gramatika\/#primaryimage\"},\"thumbnailUrl\":\"https:\/\/talkpal.ai\/wp-content\/uploads\/2023\/04\/south-korea.png\",\"datePublished\":\"2023-05-14T13:52:27+00:00\",\"dateModified\":\"2025-12-11T16:29:46+00:00\",\"description\":\"Samouvjereno savladajte korejsku gramatiku - oja\u010dajte strukturu re\u010denica, razjasnite pravila i lako pobolj\u0161ajte te\u010dnost\",\"breadcrumb\":{\"@id\":\"https:\/\/talkpal.ai\/hr\/korejska-gramatika\/#breadcrumb\"},\"inLanguage\":\"hr\",\"potentialAction\":[{\"@type\":\"ReadAction\",\"target\":[\"https:\/\/talkpal.ai\/hr\/korejska-gramatika\/\"]}]},{\"@type\":\"ImageObject\",\"inLanguage\":\"hr\",\"@id\":\"https:\/\/talkpal.ai\/hr\/korejska-gramatika\/#primaryimage\",\"url\":\"https:\/\/talkpal.ai\/wp-content\/uploads\/2023\/04\/south-korea.png\",\"contentUrl\":\"https:\/\/talkpal.ai\/wp-content\/uploads\/2023\/04\/south-korea.png\",\"width\":512,\"height\":512},{\"@type\":\"BreadcrumbList\",\"@id\":\"https:\/\/talkpal.ai\/hr\/korejska-gramatika\/#breadcrumb\",\"itemListElement\":[{\"@type\":\"ListItem\",\"position\":1,\"name\":\"Homepage\",\"item\":\"https:\/\/talkpal.ai\/hr\/\"},{\"@type\":\"ListItem\",\"position\":2,\"name\":\"Korejska gramatika\"}]},{\"@type\":\"WebSite\",\"@id\":\"https:\/\/talkpal.ai\/hr\/#website\",\"url\":\"https:\/\/talkpal.ai\/hr\/\",\"name\":\"Talkpal\",\"description\":\"AI Language Learning\",\"publisher\":{\"@id\":\"https:\/\/talkpal.ai\/hr\/#organization\"},\"alternateName\":\"Talkpal AI\",\"potentialAction\":[{\"@type\":\"SearchAction\",\"target\":{\"@type\":\"EntryPoint\",\"urlTemplate\":\"https:\/\/talkpal.ai\/hr\/?s={search_term_string}\"},\"query-input\":{\"@type\":\"PropertyValueSpecification\",\"valueRequired\":true,\"valueName\":\"search_term_string\"}}],\"inLanguage\":\"hr\"},{\"@type\":\"Organization\",\"@id\":\"https:\/\/talkpal.ai\/hr\/#organization\",\"name\":\"Talkpal, Inc.\",\"alternateName\":\"Talkpal AI\",\"url\":\"https:\/\/talkpal.ai\/hr\/\",\"logo\":{\"@type\":\"ImageObject\",\"inLanguage\":\"hr\",\"@id\":\"https:\/\/talkpal.ai\/hr\/#\/schema\/logo\/image\/\",\"url\":\"https:\/\/talkpal.ai\/wp-content\/uploads\/2024\/03\/Talkpal-Logo-Icon.png\",\"contentUrl\":\"https:\/\/talkpal.ai\/wp-content\/uploads\/2024\/03\/Talkpal-Logo-Icon.png\",\"width\":2880,\"height\":2880,\"caption\":\"Talkpal, Inc.\"},\"image\":{\"@id\":\"https:\/\/talkpal.ai\/hr\/#\/schema\/logo\/image\/\"},\"sameAs\":[\"https:\/\/www.facebook.com\/profile.php?id=100090733639311\",\"https:\/\/x.com\/talkpalai\",\"https:\/\/www.linkedin.com\/company\/talkpal\/\",\"https:\/\/www.youtube.com\/@TalkPal\/\",\"https:\/\/www.tiktok.com\/@talkpal\",\"https:\/\/www.instagram.com\/talkpal_ai\/\",\"https:\/\/www.crunchbase.com\/organization\/talkpal-9cde\",\"https:\/\/www.g2.com\/products\/talkpal-for-business\/\",\"https:\/\/www.trustpilot.com\/review\/talkpal.ai\",\"https:\/\/www.capterra.com\/p\/10006800\/TalkPal\/\"],\"description\":\"Talkpal is a language learning web and mobile education app, powered by the latest AI technologies, that provides engaging experiences to its customers in many different languages to help them improve their language skills. Users can chat about unlimited amount of topics with the app and use other modes to practice their language learning.\",\"email\":\"support@talkpal.ai\",\"legalName\":\"Talkpal, Inc.\",\"foundingDate\":\"2023-04-03\",\"duns\":\"118989042\",\"numberOfEmployees\":{\"@type\":\"QuantitativeValue\",\"minValue\":\"11\",\"maxValue\":\"50\"},\"publishingPrinciples\":\"https:\/\/talkpal.ai\/publishing-principles\/\",\"actionableFeedbackPolicy\":\"https:\/\/talkpal.ai\/actionable-feedback-policy\/\",\"correctionsPolicy\":\"https:\/\/talkpal.ai\/corrections-policy\/\",\"ethicsPolicy\":\"https:\/\/talkpal.ai\/ethics-policy\/\",\"diversityPolicy\":\"https:\/\/talkpal.ai\/diversity-policy\/\",\"diversityStaffingReport\":\"https:\/\/talkpal.ai\/diversity-policy\/\"}]}<\/script>\n<!-- \/ Yoast SEO Premium plugin. -->","yoast_head_json":{"title":"Korejska gramatika - Talkpal","description":"Samouvjereno savladajte korejsku gramatiku - oja\u010dajte strukturu re\u010denica, razjasnite pravila i lako pobolj\u0161ajte te\u010dnost","robots":{"index":"index","follow":"follow","max-snippet":"max-snippet:-1","max-image-preview":"max-image-preview:large","max-video-preview":"max-video-preview:-1"},"canonical":"https:\/\/talkpal.ai\/hr\/korejska-gramatika\/","og_locale":"hr_HR","og_type":"article","og_title":"Korejska gramatika","og_description":"Demistificiranje korejske gramatike: Vodi\u010d za po\u010detnike U\u010denje korejskog mo\u017ee otvoriti svijet mogu\u0107nosti, bilo da se radi o istra\u017eivanju korejske kuhinje,","og_url":"https:\/\/talkpal.ai\/hr\/korejska-gramatika\/","og_site_name":"Talkpal","article_publisher":"https:\/\/www.facebook.com\/profile.php?id=100090733639311","article_modified_time":"2025-12-11T16:29:46+00:00","og_image":[{"width":512,"height":512,"url":"https:\/\/talkpal.ai\/wp-content\/uploads\/2023\/04\/south-korea.png","type":"image\/png"}],"twitter_card":"summary_large_image","twitter_site":"@talkpalai","twitter_misc":{"Procijenjeno vrijeme \u010ditanja":"3 minute"},"schema":{"@context":"https:\/\/schema.org","@graph":[{"@type":"WebPage","@id":"https:\/\/talkpal.ai\/hr\/korejska-gramatika\/","url":"https:\/\/talkpal.ai\/hr\/korejska-gramatika\/","name":"Korejska gramatika - Talkpal","isPartOf":{"@id":"https:\/\/talkpal.ai\/hr\/#website"},"primaryImageOfPage":{"@id":"https:\/\/talkpal.ai\/hr\/korejska-gramatika\/#primaryimage"},"image":{"@id":"https:\/\/talkpal.ai\/hr\/korejska-gramatika\/#primaryimage"},"thumbnailUrl":"https:\/\/talkpal.ai\/wp-content\/uploads\/2023\/04\/south-korea.png","datePublished":"2023-05-14T13:52:27+00:00","dateModified":"2025-12-11T16:29:46+00:00","description":"Samouvjereno savladajte korejsku gramatiku - oja\u010dajte strukturu re\u010denica, razjasnite pravila i lako pobolj\u0161ajte te\u010dnost","breadcrumb":{"@id":"https:\/\/talkpal.ai\/hr\/korejska-gramatika\/#breadcrumb"},"inLanguage":"hr","potentialAction":[{"@type":"ReadAction","target":["https:\/\/talkpal.ai\/hr\/korejska-gramatika\/"]}]},{"@type":"ImageObject","inLanguage":"hr","@id":"https:\/\/talkpal.ai\/hr\/korejska-gramatika\/#primaryimage","url":"https:\/\/talkpal.ai\/wp-content\/uploads\/2023\/04\/south-korea.png","contentUrl":"https:\/\/talkpal.ai\/wp-content\/uploads\/2023\/04\/south-korea.png","width":512,"height":512},{"@type":"BreadcrumbList","@id":"https:\/\/talkpal.ai\/hr\/korejska-gramatika\/#breadcrumb","itemListElement":[{"@type":"ListItem","position":1,"name":"Homepage","item":"https:\/\/talkpal.ai\/hr\/"},{"@type":"ListItem","position":2,"name":"Korejska gramatika"}]},{"@type":"WebSite","@id":"https:\/\/talkpal.ai\/hr\/#website","url":"https:\/\/talkpal.ai\/hr\/","name":"Talkpal","description":"AI Language Learning","publisher":{"@id":"https:\/\/talkpal.ai\/hr\/#organization"},"alternateName":"Talkpal AI","potentialAction":[{"@type":"SearchAction","target":{"@type":"EntryPoint","urlTemplate":"https:\/\/talkpal.ai\/hr\/?s={search_term_string}"},"query-input":{"@type":"PropertyValueSpecification","valueRequired":true,"valueName":"search_term_string"}}],"inLanguage":"hr"},{"@type":"Organization","@id":"https:\/\/talkpal.ai\/hr\/#organization","name":"Talkpal, Inc.","alternateName":"Talkpal AI","url":"https:\/\/talkpal.ai\/hr\/","logo":{"@type":"ImageObject","inLanguage":"hr","@id":"https:\/\/talkpal.ai\/hr\/#\/schema\/logo\/image\/","url":"https:\/\/talkpal.ai\/wp-content\/uploads\/2024\/03\/Talkpal-Logo-Icon.png","contentUrl":"https:\/\/talkpal.ai\/wp-content\/uploads\/2024\/03\/Talkpal-Logo-Icon.png","width":2880,"height":2880,"caption":"Talkpal, Inc."},"image":{"@id":"https:\/\/talkpal.ai\/hr\/#\/schema\/logo\/image\/"},"sameAs":["https:\/\/www.facebook.com\/profile.php?id=100090733639311","https:\/\/x.com\/talkpalai","https:\/\/www.linkedin.com\/company\/talkpal\/","https:\/\/www.youtube.com\/@TalkPal\/","https:\/\/www.tiktok.com\/@talkpal","https:\/\/www.instagram.com\/talkpal_ai\/","https:\/\/www.crunchbase.com\/organization\/talkpal-9cde","https:\/\/www.g2.com\/products\/talkpal-for-business\/","https:\/\/www.trustpilot.com\/review\/talkpal.ai","https:\/\/www.capterra.com\/p\/10006800\/TalkPal\/"],"description":"Talkpal is a language learning web and mobile education app, powered by the latest AI technologies, that provides engaging experiences to its customers in many different languages to help them improve their language skills. Users can chat about unlimited amount of topics with the app and use other modes to practice their language learning.","email":"support@talkpal.ai","legalName":"Talkpal, Inc.","foundingDate":"2023-04-03","duns":"118989042","numberOfEmployees":{"@type":"QuantitativeValue","minValue":"11","maxValue":"50"},"publishingPrinciples":"https:\/\/talkpal.ai\/publishing-principles\/","actionableFeedbackPolicy":"https:\/\/talkpal.ai\/actionable-feedback-policy\/","correctionsPolicy":"https:\/\/talkpal.ai\/corrections-policy\/","ethicsPolicy":"https:\/\/talkpal.ai\/ethics-policy\/","diversityPolicy":"https:\/\/talkpal.ai\/diversity-policy\/","diversityStaffingReport":"https:\/\/talkpal.ai\/diversity-policy\/"}]}},"_links":{"self":[{"href":"https:\/\/talkpal.ai\/hr\/wp-json\/wp\/v2\/pages\/130422","targetHints":{"allow":["GET"]}}],"collection":[{"href":"https:\/\/talkpal.ai\/hr\/wp-json\/wp\/v2\/pages"}],"about":[{"href":"https:\/\/talkpal.ai\/hr\/wp-json\/wp\/v2\/types\/page"}],"author":[{"embeddable":true,"href":"https:\/\/talkpal.ai\/hr\/wp-json\/wp\/v2\/users\/1"}],"replies":[{"embeddable":true,"href":"https:\/\/talkpal.ai\/hr\/wp-json\/wp\/v2\/comments?post=130422"}],"version-history":[{"count":0,"href":"https:\/\/talkpal.ai\/hr\/wp-json\/wp\/v2\/pages\/130422\/revisions"}],"wp:featuredmedia":[{"embeddable":true,"href":"https:\/\/talkpal.ai\/hr\/wp-json\/wp\/v2\/media\/107511"}],"wp:attachment":[{"href":"https:\/\/talkpal.ai\/hr\/wp-json\/wp\/v2\/media?parent=130422"}],"curies":[{"name":"wp","href":"https:\/\/api.w.org\/{rel}","templated":true}]}}