{"id":130061,"date":"2023-05-14T13:51:46","date_gmt":"2023-05-14T13:51:46","guid":{"rendered":"http:\/\/talkpal.ai\/portugalska-gramatika\/"},"modified":"2025-12-11T16:48:47","modified_gmt":"2025-12-11T16:48:47","slug":"portugalska-gramatika","status":"publish","type":"page","link":"https:\/\/talkpal.ai\/hr\/portugalska-gramatika\/","title":{"rendered":"Portugalska gramatika"},"content":{"rendered":"\r\n\r\n\r\n<section class=\"languageChallengeSection\">\r\n    <div class=\"languageInfoWrapper\">\r\n        \r\n        <h1>Portugalska gramatika<\/h1>\r\n        <p>Istra\u017eite osnove portugalske gramatike i otklju\u010dajte svijet mogu\u0107nosti za povezivanje s milijunima govornika diljem svijeta. Savladavanjem klju\u010dnih pravila i struktura, bit \u0107ete spremni komunicirati s povjerenjem i u potpunosti u\u017eivati \u200b\u200bu portugalskoj kulturi. Po\u010dnite u\u010diti portugalsku gramatiku ve\u0107 danas i napravite prvi korak prema te\u010dnosti!<\/p>\r\n\r\n                            <a class=\"getStartedHidden\" href=\"https:\/\/app.talkpal.ai\/hr\/signup?lng=\">Zapo\u010dni<\/a>\r\n        \r\n    <\/div>\r\n\r\n    <figure>\r\n    <img decoding=\"async\" width=\"768\" height=\"768\" src=\"https:\/\/talkpal.ai\/wp-content\/uploads\/2023\/06\/portuguese-768x768.png\" class=\"languageImage no-lazy\" alt=\"Language learning for broader world view\" fetchpriority=\"high\" sizes=\"(max-width: 768px) 150px, 768px\" srcset=\"https:\/\/talkpal.ai\/wp-content\/uploads\/2023\/06\/portuguese-768x768.png 768w, https:\/\/talkpal.ai\/wp-content\/uploads\/2023\/06\/portuguese-300x300.png 300w\" \/>\r\n    \r\n\r\n    <\/figure>\r\n\r\n            <a class=\"getStartedVisible\" href=\"https:\/\/app.talkpal.ai\/hr\/signup?lng=\">Zapo\u010dni<\/a>\r\n    \r\n<\/section>\r\n<section class=\"promotionalBanner\">\r\n    <p class=\"promotionalText\">Naju\u010dinkovitiji na\u010din u\u010denja jezika<\/p>\r\n    <a class=\"promotionalLink\" href=\"https:\/\/app.talkpal.ai\/hr\/signup?lng=\">Isprobajte Talkpal besplatno<\/a>\r\n<\/section>\n<div class=\"wp-block-group pageContainerStyle\"><div class=\"wp-block-group__inner-container is-layout-constrained wp-block-group-is-layout-constrained\">\n<h2 class=\"wp-block-heading\" id=\"h-a-beginner-s-guide-to-understanding-portuguese-grammar\">Vodi\u010d za po\u010detnike za razumijevanje gramatike portugalskog jezika<\/h2>\n\n\n\n<p>Bilo da planirate putovanje u <a href=\"https:\/\/talkpal.ai\/locations\/language-courses-in-portugal\/\">Portugal<\/a> ili ste jednostavno zainteresirani za svladavanje novog jezika, u\u010denje portugalskog mo\u017ee biti uzbudljivo i korisno iskustvo. Jedan od bitnih aspekata u\u010denja portugalskog jezika, kao i svaki drugi, je razumijevanje njegove gramatike. Ovaj \u0107e vas \u010dlanak voditi kroz osnove portugalske gramatike, pru\u017eaju\u0107i vam bitne savjete i uvide koji \u0107e vam pomo\u0107i u navigaciji i komunikaciji bez napora. Dakle, ako ste \u010dekali da uronite u svijet portugalskog, po\u010dnimo s nama!<\/p>\n\n\n\n<h3 class=\"wp-block-heading\" id=\"h-1-the-basics-nouns-pronouns-and-articles\">1. Osnove: imenice, zamjenice i \u010dlanci<\/h3>\n\n\n\n<p>Kao i na engleskom, <a href=\"https:\/\/talkpal.ai\/portuguese-grammar\/\">portugalska gramatika<\/a> izgra\u0111ena je oko imenica, zamjenica i \u010dlanaka. Imenice u portugalskom mogu biti mu\u0161kog ili \u017eenskog roda, a va\u017eno je odrediti rod za ispravnu tvorbu re\u010denice. Na primjer, &#8220;o menino&#8221; se prevodi kao &#8220;dje\u010dak&#8221;, dok se &#8220;a menina&#8221; prevodi kao &#8220;djevoj\u010dica&#8221;.<\/p>\n\n\n\n<p>Zamjenice na portugalskom, poput engleskog, djeluju kao zamjene za imenice. I oni imaju spol. Osobne zamjenice uklju\u010duju eu (I), voc\u00ea\/tu (vi), ele\/ela (on\/ona), n\u00f3s (mi) i eles\/elas (oni).<\/p>\n\n\n\n<p>Odre\u0111eni \u010dlanci i neodre\u0111eni \u010dlanci (a\/an) tako\u0111er su specifi\u010dni za spol i neophodni su za pravilnu konstrukciju re\u010denica. U portugalskom su odre\u0111eni \u010dlanovi &#8220;o&#8221; (mu\u0161ki rod) i &#8220;a&#8221; (\u017eenski rod), a neodre\u0111eni \u010dlanovi su &#8220;um&#8221; (mu\u0161ki rod) i &#8220;uma&#8221; (\u017eenski rod).<\/p>\n\n\n\n<h3 class=\"wp-block-heading\" id=\"h-2-adjectives-and-adverbs-add-spice-to-your-sentences\">2. Pridjevi i prilozi: Dodajte za\u010din svojim re\u010denicama<\/h3>\n\n\n\n<p>Pridjevi su rije\u010di koje opisuju ili mijenjaju imenice, a poput imenica imaju spol. Obi\u010dno su pridjevi koji zavr\u0161avaju na \u201co\u201d mu\u0161kog roda, dok su oni koji zavr\u0161avaju na \u201ca\u201d \u017eenskog roda. Bitno je uskladiti rod pridjeva s imenicom koju opisuje. Na primjer, &#8220;homem alto&#8221; zna\u010di &#8220;visok mu\u0161karac&#8221;, dok &#8220;mulher alta&#8221; zna\u010di &#8220;visoka \u017eena&#8221;.<\/p>\n\n\n\n<p>Prilozi, s druge strane, mijenjaju glagole, pridjeve ili druge priloge. U portugalskom prilozi obi\u010dno nemaju rodno specifi\u010dne oblike. Neki uobi\u010dajeni prilozi uklju\u010duju \u201crapidamente\u201d (brzo), \u201clentamente\u201d (polako) i \u201csempre\u201d (uvijek).<\/p>\n\n\n\n<h3 class=\"wp-block-heading\" id=\"h-3-verbs-the-action-words\">3. Glagoli: Akcijske rije\u010di<\/h3>\n\n\n\n<p><a href=\"https:\/\/talkpal.ai\/learn-portuguese\/\">Portugalski<\/a> glagoli razvrstani su u tri konjugacijske skupine (-ar, -er, -ir), a njihovi se oblici mijenjaju ovisno o vremenu i subjektu. Ovo su neka bitna vremena <a href=\"https:\/\/talkpal.ai\/locations\/language-courses-in-koja\/\">koja<\/a> trebate znati:<\/p>\n\n\n\n<p>\u2013 Sada\u0161nje vrijeme (<a href=\"https:\/\/talkpal.ai\/zh-hans\/grammar_exercises\/presente-%e8%a5%bf%e7%8f%ad%e7%89%99%e8%af%ad%e6%b3%95%e7%bb%83%e4%b9%a0\/\">Presente<\/a>): opisuje radnje koje se doga\u0111aju sada ili uobi\u010dajene radnje.<br\/>\u2013 Pro\u0161lo vrijeme (Pret\u00e9rito): opisuje radnje koje su se dogodile u pro\u0161losti. Postoje dvije vrste: <a href=\"https:\/\/talkpal.ai\/grammar\/preterite-perfect-in-portuguese-grammar\/\">Pret\u00e9rito Perfeito<\/a> (jednostavna pro\u0161lost) i <a href=\"https:\/\/talkpal.ai\/grammar\/preterito-imperfeito-in-portuguese-grammar\/\">Pret\u00e9rito Imperfeito<\/a> (pro\u0161lost kontinuirana).<br\/>\u2013 Budu\u0107e vrijeme (<a href=\"https:\/\/talkpal.ai\/ja\/grammar_exercises\/futuro-%e3%82%b9%e3%83%9a%e3%82%a4%e3%83%b3%e8%aa%9e%e3%81%ae%e6%96%87%e6%b3%95%e3%81%ae%e6%bc%94%e7%bf%92\/\">Futuro<\/a>): opisuje radnje koje \u0107e se dogoditi u budu\u0107nosti.<\/p>\n\n\n\n<p>Ovladavanje konjugacijom glagola mo\u017ee biti izazov na portugalskom, ali praksa i dosljednost pomo\u0107i \u0107e vam da ga u\u010dinkovitije shvatite.<\/p>\n\n\n\n<h3 class=\"wp-block-heading\" id=\"h-4-word-order-building-understandable-sentences\">4. Redoslijed rije\u010di: Izgradnja razumljivih re\u010denica<\/h3>\n\n\n\n<p>Tipi\u010dna portugalska struktura re\u010denice slijedi redoslijed Subject-Verb-Object (SVO). Na primjer, re\u010denica &#8220;Eu amo pizza&#8221; (&#8220;Volim pizzu&#8221;) slijedi ovaj obrazac. Me\u0111utim, portugalska gramatika mo\u017ee biti prili\u010dno fleksibilna i mogli biste nai\u0107i na varijacije u redoslijedu rije\u010di, posebno u knji\u017eevnosti ili neformalnim razgovorima. Kontekst i zdrav razum klju\u010dni su za razumijevanje ovih varijacija.<\/p>\n\n\n\n<h3 class=\"wp-block-heading\" id=\"h-5-negation-and-interrogation-say-no-and-ask-questions\">5. Negacija i ispitivanje: Recite ne i postavljajte pitanja<\/h3>\n\n\n\n<p>Kako biste negirali re\u010denicu na portugalskom, jednostavno stavite rije\u010d &#8220;n\u00e3o&#8221; ispred glagola. Na primjer, &#8220;Eu n\u00e3o falo <a href=\"https:\/\/talkpal.ai\/learn-portuguese\/\">portugu\u00eas<\/a>&#8221; zna\u010di &#8220;ne govorim portugalski.&#8221;<\/p>\n\n\n\n<p>Da biste izjavu pretvorili u pitanje na portugalskom, mo\u017eete promijeniti redoslijed rije\u010di ili upotrijebiti upitnu rije\u010d (kao \u0161to je &#8220;quem&#8221; za &#8220;tko&#8221;, &#8220;o que&#8221; za &#8220;\u0161to&#8221; ili &#8220;onde&#8221; za &#8220;gdje&#8221;) . Na primjer, &#8220;Voc\u00ea fala ingl\u00eas?&#8221; prevodi na &#8220;Govorite li engleski?&#8221;<\/p>\n\n\n\n<h3 class=\"wp-block-heading\" id=\"h-conclusion\">Zaklju\u010dak<\/h3>\n\n\n\n<p>U\u010denje gramatike portugalskog mo\u017ee izgledati zastra\u0161uju\u0107e, ali nemojte biti obeshrabreni! Svaki jezik ima svoje slo\u017eenosti, ali uz dosljednost, vje\u017ebu i malo strpljenja, mo\u0107i \u0107ete komunicirati pouzdano i u\u010dinkovito. Imajte na umu da je u\u010denje gramatike samo jedan dio usvajanja jezika, a trebali biste vje\u017ebati i slu\u0161anje, govor i \u010ditanje na portugalskom jeziku. Boa sorte! (Sretno!)<\/p>\n<\/div><\/div>\n\r\n<section class=\"learnNavigationSection\">\r\n            \r\n        <a href=\"https:\/\/talkpal.ai\/hr\/ucenje-portugalskog-jezika\/\">\r\n            <div class=\"learnNavigationWrapper\">\r\n                <div class=\"learnNavigationContent\">\r\n                    <img decoding=\"async\" src=\"https:\/\/talkpal.ai\/wp-content\/uploads\/2024\/08\/Portuguese.jpg\" alt=\"Portuguese Flag\">\r\n                    <div>\r\n                        <h4>O u\u010denju Portugala<\/h4>\r\n                        <p>Saznajte sve o portugalskoj gramatici.<\/p>\r\n                    <\/div>\r\n                <\/div>\r\n            <\/div>\r\n        <\/a>\r\n\r\n        \r\n        <a href=\"https:\/\/talkpal.ai\/hr\/portugalske-gramaticke-vjezbe\/\">\r\n            <div class=\"learnNavigationWrapper\">\r\n                <div class=\"learnNavigationContent\">\r\n                    <img decoding=\"async\" src=\"https:\/\/talkpal.ai\/wp-content\/uploads\/2024\/08\/Portuguese.jpg\" alt=\"Portuguese Flag\">\r\n                    <div>\r\n                        <h4>Vje\u017eba iz gramatike portugalskog<\/h4>\r\n                        <p>Vje\u017ebajte portugalsku gramatiku.<\/p>\r\n                    <\/div>\r\n                <\/div>\r\n            <\/div>\r\n        <\/a>\r\n\r\n        \r\n        <a href=\"https:\/\/talkpal.ai\/vocabulary_language\/portuguese\/\">\r\n            <div class=\"learnNavigationWrapper\">\r\n                <div class=\"learnNavigationContent\">\r\n                    <img decoding=\"async\" src=\"https:\/\/talkpal.ai\/wp-content\/uploads\/2024\/08\/Portuguese.jpg\" alt=\"Portuguese Flag\">\r\n                    <div>\r\n                        <h4>Portugalski rje\u010dnik<\/h4>\r\n                        <p>Pro\u0161irite svoj portugalski vokabular.<\/p>\r\n                    <\/div>\r\n                <\/div>\r\n            <\/div>\r\n        <\/a>\r\n\r\n            <\/section>","protected":false},"excerpt":{"rendered":"<p>Vodi\u010d za po\u010detnike za razumijevanje gramatike portugalskog jezika Bilo da planirate putovanje u Portugal ili ste jednostavno zainteresirani za svladavanje novog jezika, u\u010denje portugalskog mo\u017ee biti uzbudljivo i korisno iskustvo. Jedan od bitnih aspekata u\u010denja portugalskog jezika, kao i svaki drugi, je razumijevanje njegove gramatike. Ovaj \u0107e vas \u010dlanak voditi kroz osnove portugalske gramatike, pru\u017eaju\u0107i [&hellip;]<\/p>\n","protected":false},"author":1,"featured_media":107739,"parent":0,"menu_order":0,"comment_status":"closed","ping_status":"closed","template":"LearningContentPage.php","meta":{"_acf_changed":false,"footnotes":""},"class_list":["post-130061","page","type-page","status-publish","has-post-thumbnail","hentry"],"acf":[],"yoast_head":"<!-- This site is optimized with the Yoast SEO Premium plugin v27.2 (Yoast SEO v27.2) - https:\/\/yoast.com\/product\/yoast-seo-premium-wordpress\/ -->\n<title>Portugalska gramatika - Talkpal<\/title>\n<meta name=\"description\" content=\"Savladajte portugalsku gramatiku interaktivnim vje\u017ebama osmi\u0161ljenim za sve razine vje\u0161tina. Unaprijedite svoje jezi\u010dno znanje!\" \/>\n<meta name=\"robots\" content=\"index, follow, max-snippet:-1, max-image-preview:large, max-video-preview:-1\" \/>\n<link rel=\"canonical\" href=\"https:\/\/talkpal.ai\/hr\/portugalska-gramatika\/\" \/>\n<meta property=\"og:locale\" content=\"hr_HR\" \/>\n<meta property=\"og:type\" content=\"article\" \/>\n<meta property=\"og:title\" content=\"Portugalska gramatika\" \/>\n<meta property=\"og:description\" content=\"Vodi\u010d za po\u010detnike za razumijevanje gramatike portugalskog jezika Bilo da planirate putovanje u Portugal ili ste jednostavno zainteresirani za svladavanje\" \/>\n<meta property=\"og:url\" content=\"https:\/\/talkpal.ai\/hr\/portugalska-gramatika\/\" \/>\n<meta property=\"og:site_name\" content=\"Talkpal\" \/>\n<meta property=\"article:publisher\" content=\"https:\/\/www.facebook.com\/profile.php?id=100090733639311\" \/>\n<meta property=\"article:modified_time\" content=\"2025-12-11T16:48:47+00:00\" \/>\n<meta property=\"og:image\" content=\"https:\/\/talkpal.ai\/wp-content\/uploads\/2023\/04\/portugal.png\" \/>\n\t<meta property=\"og:image:width\" content=\"512\" \/>\n\t<meta property=\"og:image:height\" content=\"512\" \/>\n\t<meta property=\"og:image:type\" content=\"image\/png\" \/>\n<meta name=\"twitter:card\" content=\"summary_large_image\" \/>\n<meta name=\"twitter:site\" content=\"@talkpalai\" \/>\n<meta name=\"twitter:label1\" content=\"Procijenjeno vrijeme \u010ditanja\" \/>\n\t<meta name=\"twitter:data1\" content=\"3 minute\" \/>\n<script type=\"application\/ld+json\" class=\"yoast-schema-graph\">{\"@context\":\"https:\/\/schema.org\",\"@graph\":[{\"@type\":\"WebPage\",\"@id\":\"https:\/\/talkpal.ai\/hr\/portugalska-gramatika\/\",\"url\":\"https:\/\/talkpal.ai\/hr\/portugalska-gramatika\/\",\"name\":\"Portugalska gramatika - Talkpal\",\"isPartOf\":{\"@id\":\"https:\/\/talkpal.ai\/hr\/#website\"},\"primaryImageOfPage\":{\"@id\":\"https:\/\/talkpal.ai\/hr\/portugalska-gramatika\/#primaryimage\"},\"image\":{\"@id\":\"https:\/\/talkpal.ai\/hr\/portugalska-gramatika\/#primaryimage\"},\"thumbnailUrl\":\"https:\/\/talkpal.ai\/wp-content\/uploads\/2023\/04\/portugal.png\",\"datePublished\":\"2023-05-14T13:51:46+00:00\",\"dateModified\":\"2025-12-11T16:48:47+00:00\",\"description\":\"Savladajte portugalsku gramatiku interaktivnim vje\u017ebama osmi\u0161ljenim za sve razine vje\u0161tina. Unaprijedite svoje jezi\u010dno znanje!\",\"breadcrumb\":{\"@id\":\"https:\/\/talkpal.ai\/hr\/portugalska-gramatika\/#breadcrumb\"},\"inLanguage\":\"hr\",\"potentialAction\":[{\"@type\":\"ReadAction\",\"target\":[\"https:\/\/talkpal.ai\/hr\/portugalska-gramatika\/\"]}]},{\"@type\":\"ImageObject\",\"inLanguage\":\"hr\",\"@id\":\"https:\/\/talkpal.ai\/hr\/portugalska-gramatika\/#primaryimage\",\"url\":\"https:\/\/talkpal.ai\/wp-content\/uploads\/2023\/04\/portugal.png\",\"contentUrl\":\"https:\/\/talkpal.ai\/wp-content\/uploads\/2023\/04\/portugal.png\",\"width\":512,\"height\":512},{\"@type\":\"BreadcrumbList\",\"@id\":\"https:\/\/talkpal.ai\/hr\/portugalska-gramatika\/#breadcrumb\",\"itemListElement\":[{\"@type\":\"ListItem\",\"position\":1,\"name\":\"Homepage\",\"item\":\"https:\/\/talkpal.ai\/hr\/\"},{\"@type\":\"ListItem\",\"position\":2,\"name\":\"Portugalska gramatika\"}]},{\"@type\":\"WebSite\",\"@id\":\"https:\/\/talkpal.ai\/hr\/#website\",\"url\":\"https:\/\/talkpal.ai\/hr\/\",\"name\":\"Talkpal\",\"description\":\"AI Language Learning\",\"publisher\":{\"@id\":\"https:\/\/talkpal.ai\/hr\/#organization\"},\"alternateName\":\"Talkpal AI\",\"potentialAction\":[{\"@type\":\"SearchAction\",\"target\":{\"@type\":\"EntryPoint\",\"urlTemplate\":\"https:\/\/talkpal.ai\/hr\/?s={search_term_string}\"},\"query-input\":{\"@type\":\"PropertyValueSpecification\",\"valueRequired\":true,\"valueName\":\"search_term_string\"}}],\"inLanguage\":\"hr\"},{\"@type\":\"Organization\",\"@id\":\"https:\/\/talkpal.ai\/hr\/#organization\",\"name\":\"Talkpal, Inc.\",\"alternateName\":\"Talkpal AI\",\"url\":\"https:\/\/talkpal.ai\/hr\/\",\"logo\":{\"@type\":\"ImageObject\",\"inLanguage\":\"hr\",\"@id\":\"https:\/\/talkpal.ai\/hr\/#\/schema\/logo\/image\/\",\"url\":\"https:\/\/talkpal.ai\/wp-content\/uploads\/2024\/03\/Talkpal-Logo-Icon.png\",\"contentUrl\":\"https:\/\/talkpal.ai\/wp-content\/uploads\/2024\/03\/Talkpal-Logo-Icon.png\",\"width\":2880,\"height\":2880,\"caption\":\"Talkpal, Inc.\"},\"image\":{\"@id\":\"https:\/\/talkpal.ai\/hr\/#\/schema\/logo\/image\/\"},\"sameAs\":[\"https:\/\/www.facebook.com\/profile.php?id=100090733639311\",\"https:\/\/x.com\/talkpalai\",\"https:\/\/www.linkedin.com\/company\/talkpal\/\",\"https:\/\/www.youtube.com\/@TalkPal\/\",\"https:\/\/www.tiktok.com\/@talkpal\",\"https:\/\/www.instagram.com\/talkpal_ai\/\",\"https:\/\/www.crunchbase.com\/organization\/talkpal-9cde\",\"https:\/\/www.g2.com\/products\/talkpal-for-business\/\",\"https:\/\/www.trustpilot.com\/review\/talkpal.ai\",\"https:\/\/www.capterra.com\/p\/10006800\/TalkPal\/\"],\"description\":\"Talkpal is a language learning web and mobile education app, powered by the latest AI technologies, that provides engaging experiences to its customers in many different languages to help them improve their language skills. Users can chat about unlimited amount of topics with the app and use other modes to practice their language learning.\",\"email\":\"support@talkpal.ai\",\"legalName\":\"Talkpal, Inc.\",\"foundingDate\":\"2023-04-03\",\"duns\":\"118989042\",\"numberOfEmployees\":{\"@type\":\"QuantitativeValue\",\"minValue\":\"11\",\"maxValue\":\"50\"},\"publishingPrinciples\":\"https:\/\/talkpal.ai\/publishing-principles\/\",\"actionableFeedbackPolicy\":\"https:\/\/talkpal.ai\/actionable-feedback-policy\/\",\"correctionsPolicy\":\"https:\/\/talkpal.ai\/corrections-policy\/\",\"ethicsPolicy\":\"https:\/\/talkpal.ai\/ethics-policy\/\",\"diversityPolicy\":\"https:\/\/talkpal.ai\/diversity-policy\/\",\"diversityStaffingReport\":\"https:\/\/talkpal.ai\/diversity-policy\/\"}]}<\/script>\n<!-- \/ Yoast SEO Premium plugin. -->","yoast_head_json":{"title":"Portugalska gramatika - Talkpal","description":"Savladajte portugalsku gramatiku interaktivnim vje\u017ebama osmi\u0161ljenim za sve razine vje\u0161tina. Unaprijedite svoje jezi\u010dno znanje!","robots":{"index":"index","follow":"follow","max-snippet":"max-snippet:-1","max-image-preview":"max-image-preview:large","max-video-preview":"max-video-preview:-1"},"canonical":"https:\/\/talkpal.ai\/hr\/portugalska-gramatika\/","og_locale":"hr_HR","og_type":"article","og_title":"Portugalska gramatika","og_description":"Vodi\u010d za po\u010detnike za razumijevanje gramatike portugalskog jezika Bilo da planirate putovanje u Portugal ili ste jednostavno zainteresirani za svladavanje","og_url":"https:\/\/talkpal.ai\/hr\/portugalska-gramatika\/","og_site_name":"Talkpal","article_publisher":"https:\/\/www.facebook.com\/profile.php?id=100090733639311","article_modified_time":"2025-12-11T16:48:47+00:00","og_image":[{"width":512,"height":512,"url":"https:\/\/talkpal.ai\/wp-content\/uploads\/2023\/04\/portugal.png","type":"image\/png"}],"twitter_card":"summary_large_image","twitter_site":"@talkpalai","twitter_misc":{"Procijenjeno vrijeme \u010ditanja":"3 minute"},"schema":{"@context":"https:\/\/schema.org","@graph":[{"@type":"WebPage","@id":"https:\/\/talkpal.ai\/hr\/portugalska-gramatika\/","url":"https:\/\/talkpal.ai\/hr\/portugalska-gramatika\/","name":"Portugalska gramatika - Talkpal","isPartOf":{"@id":"https:\/\/talkpal.ai\/hr\/#website"},"primaryImageOfPage":{"@id":"https:\/\/talkpal.ai\/hr\/portugalska-gramatika\/#primaryimage"},"image":{"@id":"https:\/\/talkpal.ai\/hr\/portugalska-gramatika\/#primaryimage"},"thumbnailUrl":"https:\/\/talkpal.ai\/wp-content\/uploads\/2023\/04\/portugal.png","datePublished":"2023-05-14T13:51:46+00:00","dateModified":"2025-12-11T16:48:47+00:00","description":"Savladajte portugalsku gramatiku interaktivnim vje\u017ebama osmi\u0161ljenim za sve razine vje\u0161tina. Unaprijedite svoje jezi\u010dno znanje!","breadcrumb":{"@id":"https:\/\/talkpal.ai\/hr\/portugalska-gramatika\/#breadcrumb"},"inLanguage":"hr","potentialAction":[{"@type":"ReadAction","target":["https:\/\/talkpal.ai\/hr\/portugalska-gramatika\/"]}]},{"@type":"ImageObject","inLanguage":"hr","@id":"https:\/\/talkpal.ai\/hr\/portugalska-gramatika\/#primaryimage","url":"https:\/\/talkpal.ai\/wp-content\/uploads\/2023\/04\/portugal.png","contentUrl":"https:\/\/talkpal.ai\/wp-content\/uploads\/2023\/04\/portugal.png","width":512,"height":512},{"@type":"BreadcrumbList","@id":"https:\/\/talkpal.ai\/hr\/portugalska-gramatika\/#breadcrumb","itemListElement":[{"@type":"ListItem","position":1,"name":"Homepage","item":"https:\/\/talkpal.ai\/hr\/"},{"@type":"ListItem","position":2,"name":"Portugalska gramatika"}]},{"@type":"WebSite","@id":"https:\/\/talkpal.ai\/hr\/#website","url":"https:\/\/talkpal.ai\/hr\/","name":"Talkpal","description":"AI Language Learning","publisher":{"@id":"https:\/\/talkpal.ai\/hr\/#organization"},"alternateName":"Talkpal AI","potentialAction":[{"@type":"SearchAction","target":{"@type":"EntryPoint","urlTemplate":"https:\/\/talkpal.ai\/hr\/?s={search_term_string}"},"query-input":{"@type":"PropertyValueSpecification","valueRequired":true,"valueName":"search_term_string"}}],"inLanguage":"hr"},{"@type":"Organization","@id":"https:\/\/talkpal.ai\/hr\/#organization","name":"Talkpal, Inc.","alternateName":"Talkpal AI","url":"https:\/\/talkpal.ai\/hr\/","logo":{"@type":"ImageObject","inLanguage":"hr","@id":"https:\/\/talkpal.ai\/hr\/#\/schema\/logo\/image\/","url":"https:\/\/talkpal.ai\/wp-content\/uploads\/2024\/03\/Talkpal-Logo-Icon.png","contentUrl":"https:\/\/talkpal.ai\/wp-content\/uploads\/2024\/03\/Talkpal-Logo-Icon.png","width":2880,"height":2880,"caption":"Talkpal, Inc."},"image":{"@id":"https:\/\/talkpal.ai\/hr\/#\/schema\/logo\/image\/"},"sameAs":["https:\/\/www.facebook.com\/profile.php?id=100090733639311","https:\/\/x.com\/talkpalai","https:\/\/www.linkedin.com\/company\/talkpal\/","https:\/\/www.youtube.com\/@TalkPal\/","https:\/\/www.tiktok.com\/@talkpal","https:\/\/www.instagram.com\/talkpal_ai\/","https:\/\/www.crunchbase.com\/organization\/talkpal-9cde","https:\/\/www.g2.com\/products\/talkpal-for-business\/","https:\/\/www.trustpilot.com\/review\/talkpal.ai","https:\/\/www.capterra.com\/p\/10006800\/TalkPal\/"],"description":"Talkpal is a language learning web and mobile education app, powered by the latest AI technologies, that provides engaging experiences to its customers in many different languages to help them improve their language skills. Users can chat about unlimited amount of topics with the app and use other modes to practice their language learning.","email":"support@talkpal.ai","legalName":"Talkpal, Inc.","foundingDate":"2023-04-03","duns":"118989042","numberOfEmployees":{"@type":"QuantitativeValue","minValue":"11","maxValue":"50"},"publishingPrinciples":"https:\/\/talkpal.ai\/publishing-principles\/","actionableFeedbackPolicy":"https:\/\/talkpal.ai\/actionable-feedback-policy\/","correctionsPolicy":"https:\/\/talkpal.ai\/corrections-policy\/","ethicsPolicy":"https:\/\/talkpal.ai\/ethics-policy\/","diversityPolicy":"https:\/\/talkpal.ai\/diversity-policy\/","diversityStaffingReport":"https:\/\/talkpal.ai\/diversity-policy\/"}]}},"_links":{"self":[{"href":"https:\/\/talkpal.ai\/hr\/wp-json\/wp\/v2\/pages\/130061","targetHints":{"allow":["GET"]}}],"collection":[{"href":"https:\/\/talkpal.ai\/hr\/wp-json\/wp\/v2\/pages"}],"about":[{"href":"https:\/\/talkpal.ai\/hr\/wp-json\/wp\/v2\/types\/page"}],"author":[{"embeddable":true,"href":"https:\/\/talkpal.ai\/hr\/wp-json\/wp\/v2\/users\/1"}],"replies":[{"embeddable":true,"href":"https:\/\/talkpal.ai\/hr\/wp-json\/wp\/v2\/comments?post=130061"}],"version-history":[{"count":0,"href":"https:\/\/talkpal.ai\/hr\/wp-json\/wp\/v2\/pages\/130061\/revisions"}],"wp:featuredmedia":[{"embeddable":true,"href":"https:\/\/talkpal.ai\/hr\/wp-json\/wp\/v2\/media\/107739"}],"wp:attachment":[{"href":"https:\/\/talkpal.ai\/hr\/wp-json\/wp\/v2\/media?parent=130061"}],"curies":[{"name":"wp","href":"https:\/\/api.w.org\/{rel}","templated":true}]}}