{"id":129694,"date":"2023-05-14T13:51:09","date_gmt":"2023-05-14T13:51:09","guid":{"rendered":"http:\/\/talkpal.ai\/japanska-gramatika\/"},"modified":"2025-12-11T16:44:51","modified_gmt":"2025-12-11T16:44:51","slug":"japanska-gramatika","status":"publish","type":"page","link":"https:\/\/talkpal.ai\/hr\/japanska-gramatika\/","title":{"rendered":"Japanska gramatika"},"content":{"rendered":"\r\n\r\n\r\n<section class=\"languageChallengeSection\">\r\n    <div class=\"languageInfoWrapper\">\r\n        \r\n        <h1>Japanska gramatika<\/h1>\r\n        <p>Pobolj\u0161ajte svoje znanje japanskog jezika savladavanjem bitnih gramati\u010dkih to\u010daka uz jasna obja\u0161njenja i primjere. Zapo\u010dnite svoje putovanje do te\u010dnosti &#8211; zaronite u japansku gramatiku ve\u0107 danas!<\/p>\r\n\r\n                            <a class=\"getStartedHidden\" href=\"https:\/\/app.talkpal.ai\/hr\/signup?lng=\">Zapo\u010dni<\/a>\r\n        \r\n    <\/div>\r\n\r\n    <figure>\r\n    <img decoding=\"async\" width=\"768\" height=\"768\" src=\"https:\/\/talkpal.ai\/wp-content\/uploads\/2023\/06\/japanese-768x768.png\" class=\"languageImage no-lazy\" alt=\"Language learning for world travelers\" fetchpriority=\"high\" sizes=\"(max-width: 768px) 150px, 768px\" srcset=\"https:\/\/talkpal.ai\/wp-content\/uploads\/2023\/06\/japanese-768x768.png 768w, https:\/\/talkpal.ai\/wp-content\/uploads\/2023\/06\/japanese-300x300.png 300w\" \/>\r\n    \r\n\r\n    <\/figure>\r\n\r\n            <a class=\"getStartedVisible\" href=\"https:\/\/app.talkpal.ai\/hr\/signup?lng=\">Zapo\u010dni<\/a>\r\n    \r\n<\/section>\r\n<section class=\"promotionalBanner\">\r\n    <p class=\"promotionalText\">Naju\u010dinkovitiji na\u010din u\u010denja jezika<\/p>\r\n    <a class=\"promotionalLink\" href=\"https:\/\/app.talkpal.ai\/hr\/signup?lng=\">Isprobajte Talkpal besplatno<\/a>\r\n<\/section>\n<div class=\"wp-block-group pageContainerStyle\"><div class=\"wp-block-group__inner-container is-layout-constrained wp-block-group-is-layout-constrained\">\n<h2 class=\"wp-block-heading\" id=\"h-mastering-the-intricacies-of-japanese-grammar\">Ovladavanje zamr\u0161eno\u0161\u0107u japanske gramatike<\/h2>\n\n\n\n<p>Ljubitelji lingvistike \u010desto smatraju da je <a href=\"https:\/\/talkpal.ai\/learn-japanese\/\">japanski<\/a> fascinantan i izazovan jezik za u\u010denje, uglavnom zbog jedinstvenog gramati\u010dkog sustava. Unato\u010d tome, razumijevanje japanske gramatike mo\u017ee zna\u010dajno pobolj\u0161ati va\u0161e komunikacijske vje\u0161tine i kulturno razumijevanje. U ovom \u0107emo \u010dlanku raspravljati o nekoliko bitnih aspekata japanske gramatike koji \u0107e vam pomo\u0107i na va\u0161em putu u\u010denja jezika. Dakle, ve\u017eite se i zaronimo u zadivljuju\u0107i svijet japanske gramatike.<\/p>\n\n\n\n<h3 class=\"wp-block-heading\" id=\"h-1-sentence-structure-sov\">1. Struktura re\u010denice: SOV<\/h3>\n\n\n\n<p>Za razliku od engleskog (subjekt \u2013 glagol \u2013 objekt ili SVO), japanski slijedi re\u010deni\u010dnu strukturu subjekt \u2013 objekt \u2013 glagol (SOV). To zna\u010di da glagol op\u0107enito dolazi posljednji u re\u010denici. Navikavanje ovog jedinstvenog redoslijeda rije\u010di klju\u010dno je za formiranje razumljivih re\u010denica na japanskom jeziku.<\/p>\n\n\n\n<p>Primjer:  <\/p>\n\n\n\n<p>\u2013 \u308f\u305f\u3057\u306f\u308a\u3093\u3054\u3092\u305f\u3079\u307e\u3059\u3002 (Jedem jabuku)<\/p>\n\n\n\n<p>\u2013 Watashi wa ringo o tabemasu. (lit. Ja jedem jabuku)<\/p>\n\n\n\n<h3 class=\"wp-block-heading\" id=\"h-2-particles-the-sentence-connectors\">2. \u010cestice: Konektori re\u010denica<\/h3>\n\n\n\n<p>\u010cestice igraju klju\u010dnu ulogu u japanskoj gramatici ozna\u010davaju\u0107i funkciju rije\u010di unutar re\u010denice. Neke uobi\u010dajene \u010destice uklju\u010duju \u306f (wa), \u3092 (o), \u304c (ga), \u3067 (de) i \u306b (ni). Razumijevanjem na\u010dina na koji ove \u010destice funkcioniraju, otkrit \u0107ete da de\u0161ifriranje i konstruiranje japanskih re\u010denica postaje znatno lak\u0161e upravljivo.<\/p>\n\n\n\n<h3 class=\"wp-block-heading\" id=\"h-3-verbs-an-introduction-to-conjugation\">3. Glagoli: Uvod u konjugaciju<\/h3>\n\n\n\n<p>Japanski glagoli imaju tri glavne skupine, identificirane prema zavr\u0161etku njihovog osnovnog oblika. Te se skupine uzimaju u obzir pri konjugiranju za napetost, pristojnost i raspolo\u017eenje. Dobra vijest je da se japanski glagoli ne mijenjaju na temelju teme, \u0161to ih \u010dini manje slo\u017eenim od onih na nekim drugim jezicima.<\/p>\n\n\n\n<p>\u2013 1. grupa: U-glagoli<\/p>\n\n\n\n<p>\u2013 2. grupa: Ru-glagoli<\/p>\n\n\n\n<p>\u2013 Grupa 3: <a href=\"https:\/\/talkpal.ai\/sl\/grammar\/nepravilni-glagoli-v-angleski-slovnici\/\">Nepravilni glagoli<\/a> (samo dva glagola \u2013 \u3059\u308b (suru) i \u6765\u308b (kuru))<\/p>\n\n\n\n<h3 class=\"wp-block-heading\" id=\"h-4-politeness-levels\">4. Razine pristojnosti<\/h3>\n\n\n\n<p>Japanski je jezik bogat uljudno\u0161\u0107u, a <a href=\"https:\/\/talkpal.ai\/sq\/gramatika\/\">gramatika<\/a> jezika to odra\u017eava. Postoje tri primarne razine pristojnosti: le\u017eerna, pristojna i \u010dasna. Prepoznavanje i kori\u0161tenje istih na odgovaraju\u0107i na\u010din klju\u010dno je za prirodnu komunikaciju s po\u0161tovanjem.<\/p>\n\n\n\n<p>\u2013 Povremeni: jednostavni glagolski oblici (npr. \u98df\u3079\u308b \u2013 taberu \u2013 jesti)<\/p>\n\n\n\n<p>\u2013 Pristojno: \u307e\u3059 (masu) konjugacija (npr. \u98df\u3079\u307e\u3059 \u2013 tabemasu \u2013 jesti (uljudno))<\/p>\n\n\n\n<p>\u2013 Po\u010dasni: posebne konjugacije i prefiksi (npr. \u304a\u53ec\u3057\u4e0a\u304c\u308a\u306b\u306a\u308b \u2013 omeshiagari ni naru \u2013 jesti (po\u010dasni))<\/p>\n\n\n\n<h3 class=\"wp-block-heading\" id=\"h-5-japanese-adjectives\">5. Japanski pridjevi<\/h3>\n\n\n\n<p>Japanski pridjevi dolaze u dvije vrste: i-pridjevi i na-pridjevi. Obje vrste imaju jedinstvena pravila konjugacije i razli\u010dito komuniciraju s imenicama. Ovladavanje uporabom ove dvije vrste pridjeva klju\u010dno je za u\u010dinkovitu komunikaciju na japanskom jeziku.<\/p>\n\n\n\n<h3 class=\"wp-block-heading\" id=\"h-6-engaging-with-the-language\">6. Suradnja s jezikom<\/h3>\n\n\n\n<p>Jedan od naju\u010dinkovitijih na\u010dina u\u010denja japanske gramatike je dosljedno bavljenje jezikom. Od gledanja japanskih filmova i animea do sudjelovanja u razmjeni razgovora s izvornim govornicima, uranjanje u jezik pomo\u0107i \u0107e u\u010dvrstiti gramati\u010dke koncepte i pro\u0161iriti va\u0161 vokabular.<\/p>\n\n\n\n<h3 class=\"wp-block-heading\" id=\"h-conclusion\">Zaklju\u010dak<\/h3>\n\n\n\n<p>Dok se <a href=\"https:\/\/talkpal.ai\/japanese-grammar\/\">japanska gramatika<\/a> u po\u010detku mo\u017ee \u010diniti neodoljivom, uz predanost i vrijeme, shvatit \u0107ete da \u0107ete se s lako\u0107om sna\u0107i u njezinim slo\u017eenostima. Klju\u010dno je ostati znati\u017eeljan i redovito vje\u017ebati. Sretno na putu prema svladavanju japanske gramatike i u\u017eivajte u jezi\u010dnoj avanturi!<\/p>\n<\/div><\/div>\n\r\n<section class=\"learnNavigationSection\">\r\n            \r\n        <a href=\"https:\/\/talkpal.ai\/hr\/ucenje-japanskog-jezika\/\">\r\n            <div class=\"learnNavigationWrapper\">\r\n                <div class=\"learnNavigationContent\">\r\n                    <img decoding=\"async\" src=\"https:\/\/talkpal.ai\/wp-content\/uploads\/2024\/08\/Japanese.jpg\" alt=\"Japanese Flag\">\r\n                    <div>\r\n                        <h4>O u\u010denju japanskog<\/h4>\r\n                        <p>Saznajte sve o japanskoj gramatici.<\/p>\r\n                    <\/div>\r\n                <\/div>\r\n            <\/div>\r\n        <\/a>\r\n\r\n        \r\n        <a href=\"https:\/\/talkpal.ai\/hr\/vjezbe-japanske-gramatike\/\">\r\n            <div class=\"learnNavigationWrapper\">\r\n                <div class=\"learnNavigationContent\">\r\n                    <img decoding=\"async\" src=\"https:\/\/talkpal.ai\/wp-content\/uploads\/2024\/08\/Japanese.jpg\" alt=\"Japanese Flag\">\r\n                    <div>\r\n                        <h4>Vje\u017eba japanske gramatike<\/h4>\r\n                        <p>Vje\u017ebajte japansku gramatiku.<\/p>\r\n                    <\/div>\r\n                <\/div>\r\n            <\/div>\r\n        <\/a>\r\n\r\n        \r\n        <a href=\"https:\/\/talkpal.ai\/vocabulary_language\/japanese\/\">\r\n            <div class=\"learnNavigationWrapper\">\r\n                <div class=\"learnNavigationContent\">\r\n                    <img decoding=\"async\" src=\"https:\/\/talkpal.ai\/wp-content\/uploads\/2024\/08\/Japanese.jpg\" alt=\"Japanese Flag\">\r\n                    <div>\r\n                        <h4>Japanski rje\u010dnik<\/h4>\r\n                        <p>Pro\u0161irite svoj japanski vokabular.<\/p>\r\n                    <\/div>\r\n                <\/div>\r\n            <\/div>\r\n        <\/a>\r\n\r\n            <\/section>","protected":false},"excerpt":{"rendered":"<p>Ovladavanje zamr\u0161eno\u0161\u0107u japanske gramatike Ljubitelji lingvistike \u010desto smatraju da je japanski fascinantan i izazovan jezik za u\u010denje, uglavnom zbog jedinstvenog gramati\u010dkog sustava. Unato\u010d tome, razumijevanje japanske gramatike mo\u017ee zna\u010dajno pobolj\u0161ati va\u0161e komunikacijske vje\u0161tine i kulturno razumijevanje. U ovom \u0107emo \u010dlanku raspravljati o nekoliko bitnih aspekata japanske gramatike koji \u0107e vam pomo\u0107i na va\u0161em putu u\u010denja [&hellip;]<\/p>\n","protected":false},"author":1,"featured_media":107192,"parent":0,"menu_order":0,"comment_status":"closed","ping_status":"closed","template":"LearningContentPage.php","meta":{"_acf_changed":false,"footnotes":""},"class_list":["post-129694","page","type-page","status-publish","has-post-thumbnail","hentry"],"acf":[],"yoast_head":"<!-- This site is optimized with the Yoast SEO Premium plugin v27.2 (Yoast SEO v27.2) - https:\/\/yoast.com\/product\/yoast-seo-premium-wordpress\/ -->\n<title>Japanska gramatika - Talkpal<\/title>\n<meta name=\"description\" content=\"Savladajte japansku gramatiku uz na\u0161u aplikaciju za u\u010denje jezika s umjetnom inteligencijom. Jednostavno pobolj\u0161ajte svoje jezi\u010dne vje\u0161tine uz Talkpal -ovu podr\u0161ku za umjetnu inteligenciju.\" \/>\n<meta name=\"robots\" content=\"index, follow, max-snippet:-1, max-image-preview:large, max-video-preview:-1\" \/>\n<link rel=\"canonical\" href=\"https:\/\/talkpal.ai\/hr\/japanska-gramatika\/\" \/>\n<meta property=\"og:locale\" content=\"hr_HR\" \/>\n<meta property=\"og:type\" content=\"article\" \/>\n<meta property=\"og:title\" content=\"Japanska gramatika\" \/>\n<meta property=\"og:description\" content=\"Ovladavanje zamr\u0161eno\u0161\u0107u japanske gramatike Ljubitelji lingvistike \u010desto smatraju da je japanski fascinantan i izazovan jezik za u\u010denje, uglavnom zbog\" \/>\n<meta property=\"og:url\" content=\"https:\/\/talkpal.ai\/hr\/japanska-gramatika\/\" \/>\n<meta property=\"og:site_name\" content=\"Talkpal\" \/>\n<meta property=\"article:publisher\" content=\"https:\/\/www.facebook.com\/profile.php?id=100090733639311\" \/>\n<meta property=\"article:modified_time\" content=\"2025-12-11T16:44:51+00:00\" \/>\n<meta property=\"og:image\" content=\"https:\/\/talkpal.ai\/wp-content\/uploads\/2023\/04\/japan.png\" \/>\n\t<meta property=\"og:image:width\" content=\"512\" \/>\n\t<meta property=\"og:image:height\" content=\"512\" \/>\n\t<meta property=\"og:image:type\" content=\"image\/png\" \/>\n<meta name=\"twitter:card\" content=\"summary_large_image\" \/>\n<meta name=\"twitter:site\" content=\"@talkpalai\" \/>\n<meta name=\"twitter:label1\" content=\"Procijenjeno vrijeme \u010ditanja\" \/>\n\t<meta name=\"twitter:data1\" content=\"2 minute\" \/>\n<script type=\"application\/ld+json\" class=\"yoast-schema-graph\">{\"@context\":\"https:\/\/schema.org\",\"@graph\":[{\"@type\":\"WebPage\",\"@id\":\"https:\/\/talkpal.ai\/hr\/japanska-gramatika\/\",\"url\":\"https:\/\/talkpal.ai\/hr\/japanska-gramatika\/\",\"name\":\"Japanska gramatika - Talkpal\",\"isPartOf\":{\"@id\":\"https:\/\/talkpal.ai\/hr\/#website\"},\"primaryImageOfPage\":{\"@id\":\"https:\/\/talkpal.ai\/hr\/japanska-gramatika\/#primaryimage\"},\"image\":{\"@id\":\"https:\/\/talkpal.ai\/hr\/japanska-gramatika\/#primaryimage\"},\"thumbnailUrl\":\"https:\/\/talkpal.ai\/wp-content\/uploads\/2023\/04\/japan.png\",\"datePublished\":\"2023-05-14T13:51:09+00:00\",\"dateModified\":\"2025-12-11T16:44:51+00:00\",\"description\":\"Savladajte japansku gramatiku uz na\u0161u aplikaciju za u\u010denje jezika s umjetnom inteligencijom. Jednostavno pobolj\u0161ajte svoje jezi\u010dne vje\u0161tine uz Talkpal -ovu podr\u0161ku za umjetnu inteligenciju.\",\"breadcrumb\":{\"@id\":\"https:\/\/talkpal.ai\/hr\/japanska-gramatika\/#breadcrumb\"},\"inLanguage\":\"hr\",\"potentialAction\":[{\"@type\":\"ReadAction\",\"target\":[\"https:\/\/talkpal.ai\/hr\/japanska-gramatika\/\"]}]},{\"@type\":\"ImageObject\",\"inLanguage\":\"hr\",\"@id\":\"https:\/\/talkpal.ai\/hr\/japanska-gramatika\/#primaryimage\",\"url\":\"https:\/\/talkpal.ai\/wp-content\/uploads\/2023\/04\/japan.png\",\"contentUrl\":\"https:\/\/talkpal.ai\/wp-content\/uploads\/2023\/04\/japan.png\",\"width\":512,\"height\":512},{\"@type\":\"BreadcrumbList\",\"@id\":\"https:\/\/talkpal.ai\/hr\/japanska-gramatika\/#breadcrumb\",\"itemListElement\":[{\"@type\":\"ListItem\",\"position\":1,\"name\":\"Homepage\",\"item\":\"https:\/\/talkpal.ai\/hr\/\"},{\"@type\":\"ListItem\",\"position\":2,\"name\":\"Japanska gramatika\"}]},{\"@type\":\"WebSite\",\"@id\":\"https:\/\/talkpal.ai\/hr\/#website\",\"url\":\"https:\/\/talkpal.ai\/hr\/\",\"name\":\"Talkpal\",\"description\":\"AI Language Learning\",\"publisher\":{\"@id\":\"https:\/\/talkpal.ai\/hr\/#organization\"},\"alternateName\":\"Talkpal AI\",\"potentialAction\":[{\"@type\":\"SearchAction\",\"target\":{\"@type\":\"EntryPoint\",\"urlTemplate\":\"https:\/\/talkpal.ai\/hr\/?s={search_term_string}\"},\"query-input\":{\"@type\":\"PropertyValueSpecification\",\"valueRequired\":true,\"valueName\":\"search_term_string\"}}],\"inLanguage\":\"hr\"},{\"@type\":\"Organization\",\"@id\":\"https:\/\/talkpal.ai\/hr\/#organization\",\"name\":\"Talkpal, Inc.\",\"alternateName\":\"Talkpal AI\",\"url\":\"https:\/\/talkpal.ai\/hr\/\",\"logo\":{\"@type\":\"ImageObject\",\"inLanguage\":\"hr\",\"@id\":\"https:\/\/talkpal.ai\/hr\/#\/schema\/logo\/image\/\",\"url\":\"https:\/\/talkpal.ai\/wp-content\/uploads\/2024\/03\/Talkpal-Logo-Icon.png\",\"contentUrl\":\"https:\/\/talkpal.ai\/wp-content\/uploads\/2024\/03\/Talkpal-Logo-Icon.png\",\"width\":2880,\"height\":2880,\"caption\":\"Talkpal, Inc.\"},\"image\":{\"@id\":\"https:\/\/talkpal.ai\/hr\/#\/schema\/logo\/image\/\"},\"sameAs\":[\"https:\/\/www.facebook.com\/profile.php?id=100090733639311\",\"https:\/\/x.com\/talkpalai\",\"https:\/\/www.linkedin.com\/company\/talkpal\/\",\"https:\/\/www.youtube.com\/@TalkPal\/\",\"https:\/\/www.tiktok.com\/@talkpal\",\"https:\/\/www.instagram.com\/talkpal_ai\/\",\"https:\/\/www.crunchbase.com\/organization\/talkpal-9cde\",\"https:\/\/www.g2.com\/products\/talkpal-for-business\/\",\"https:\/\/www.trustpilot.com\/review\/talkpal.ai\",\"https:\/\/www.capterra.com\/p\/10006800\/TalkPal\/\"],\"description\":\"Talkpal is a language learning web and mobile education app, powered by the latest AI technologies, that provides engaging experiences to its customers in many different languages to help them improve their language skills. Users can chat about unlimited amount of topics with the app and use other modes to practice their language learning.\",\"email\":\"support@talkpal.ai\",\"legalName\":\"Talkpal, Inc.\",\"foundingDate\":\"2023-04-03\",\"duns\":\"118989042\",\"numberOfEmployees\":{\"@type\":\"QuantitativeValue\",\"minValue\":\"11\",\"maxValue\":\"50\"},\"publishingPrinciples\":\"https:\/\/talkpal.ai\/publishing-principles\/\",\"actionableFeedbackPolicy\":\"https:\/\/talkpal.ai\/actionable-feedback-policy\/\",\"correctionsPolicy\":\"https:\/\/talkpal.ai\/corrections-policy\/\",\"ethicsPolicy\":\"https:\/\/talkpal.ai\/ethics-policy\/\",\"diversityPolicy\":\"https:\/\/talkpal.ai\/diversity-policy\/\",\"diversityStaffingReport\":\"https:\/\/talkpal.ai\/diversity-policy\/\"}]}<\/script>\n<!-- \/ Yoast SEO Premium plugin. -->","yoast_head_json":{"title":"Japanska gramatika - Talkpal","description":"Savladajte japansku gramatiku uz na\u0161u aplikaciju za u\u010denje jezika s umjetnom inteligencijom. Jednostavno pobolj\u0161ajte svoje jezi\u010dne vje\u0161tine uz Talkpal -ovu podr\u0161ku za umjetnu inteligenciju.","robots":{"index":"index","follow":"follow","max-snippet":"max-snippet:-1","max-image-preview":"max-image-preview:large","max-video-preview":"max-video-preview:-1"},"canonical":"https:\/\/talkpal.ai\/hr\/japanska-gramatika\/","og_locale":"hr_HR","og_type":"article","og_title":"Japanska gramatika","og_description":"Ovladavanje zamr\u0161eno\u0161\u0107u japanske gramatike Ljubitelji lingvistike \u010desto smatraju da je japanski fascinantan i izazovan jezik za u\u010denje, uglavnom zbog","og_url":"https:\/\/talkpal.ai\/hr\/japanska-gramatika\/","og_site_name":"Talkpal","article_publisher":"https:\/\/www.facebook.com\/profile.php?id=100090733639311","article_modified_time":"2025-12-11T16:44:51+00:00","og_image":[{"width":512,"height":512,"url":"https:\/\/talkpal.ai\/wp-content\/uploads\/2023\/04\/japan.png","type":"image\/png"}],"twitter_card":"summary_large_image","twitter_site":"@talkpalai","twitter_misc":{"Procijenjeno vrijeme \u010ditanja":"2 minute"},"schema":{"@context":"https:\/\/schema.org","@graph":[{"@type":"WebPage","@id":"https:\/\/talkpal.ai\/hr\/japanska-gramatika\/","url":"https:\/\/talkpal.ai\/hr\/japanska-gramatika\/","name":"Japanska gramatika - Talkpal","isPartOf":{"@id":"https:\/\/talkpal.ai\/hr\/#website"},"primaryImageOfPage":{"@id":"https:\/\/talkpal.ai\/hr\/japanska-gramatika\/#primaryimage"},"image":{"@id":"https:\/\/talkpal.ai\/hr\/japanska-gramatika\/#primaryimage"},"thumbnailUrl":"https:\/\/talkpal.ai\/wp-content\/uploads\/2023\/04\/japan.png","datePublished":"2023-05-14T13:51:09+00:00","dateModified":"2025-12-11T16:44:51+00:00","description":"Savladajte japansku gramatiku uz na\u0161u aplikaciju za u\u010denje jezika s umjetnom inteligencijom. Jednostavno pobolj\u0161ajte svoje jezi\u010dne vje\u0161tine uz Talkpal -ovu podr\u0161ku za umjetnu inteligenciju.","breadcrumb":{"@id":"https:\/\/talkpal.ai\/hr\/japanska-gramatika\/#breadcrumb"},"inLanguage":"hr","potentialAction":[{"@type":"ReadAction","target":["https:\/\/talkpal.ai\/hr\/japanska-gramatika\/"]}]},{"@type":"ImageObject","inLanguage":"hr","@id":"https:\/\/talkpal.ai\/hr\/japanska-gramatika\/#primaryimage","url":"https:\/\/talkpal.ai\/wp-content\/uploads\/2023\/04\/japan.png","contentUrl":"https:\/\/talkpal.ai\/wp-content\/uploads\/2023\/04\/japan.png","width":512,"height":512},{"@type":"BreadcrumbList","@id":"https:\/\/talkpal.ai\/hr\/japanska-gramatika\/#breadcrumb","itemListElement":[{"@type":"ListItem","position":1,"name":"Homepage","item":"https:\/\/talkpal.ai\/hr\/"},{"@type":"ListItem","position":2,"name":"Japanska gramatika"}]},{"@type":"WebSite","@id":"https:\/\/talkpal.ai\/hr\/#website","url":"https:\/\/talkpal.ai\/hr\/","name":"Talkpal","description":"AI Language Learning","publisher":{"@id":"https:\/\/talkpal.ai\/hr\/#organization"},"alternateName":"Talkpal AI","potentialAction":[{"@type":"SearchAction","target":{"@type":"EntryPoint","urlTemplate":"https:\/\/talkpal.ai\/hr\/?s={search_term_string}"},"query-input":{"@type":"PropertyValueSpecification","valueRequired":true,"valueName":"search_term_string"}}],"inLanguage":"hr"},{"@type":"Organization","@id":"https:\/\/talkpal.ai\/hr\/#organization","name":"Talkpal, Inc.","alternateName":"Talkpal AI","url":"https:\/\/talkpal.ai\/hr\/","logo":{"@type":"ImageObject","inLanguage":"hr","@id":"https:\/\/talkpal.ai\/hr\/#\/schema\/logo\/image\/","url":"https:\/\/talkpal.ai\/wp-content\/uploads\/2024\/03\/Talkpal-Logo-Icon.png","contentUrl":"https:\/\/talkpal.ai\/wp-content\/uploads\/2024\/03\/Talkpal-Logo-Icon.png","width":2880,"height":2880,"caption":"Talkpal, Inc."},"image":{"@id":"https:\/\/talkpal.ai\/hr\/#\/schema\/logo\/image\/"},"sameAs":["https:\/\/www.facebook.com\/profile.php?id=100090733639311","https:\/\/x.com\/talkpalai","https:\/\/www.linkedin.com\/company\/talkpal\/","https:\/\/www.youtube.com\/@TalkPal\/","https:\/\/www.tiktok.com\/@talkpal","https:\/\/www.instagram.com\/talkpal_ai\/","https:\/\/www.crunchbase.com\/organization\/talkpal-9cde","https:\/\/www.g2.com\/products\/talkpal-for-business\/","https:\/\/www.trustpilot.com\/review\/talkpal.ai","https:\/\/www.capterra.com\/p\/10006800\/TalkPal\/"],"description":"Talkpal is a language learning web and mobile education app, powered by the latest AI technologies, that provides engaging experiences to its customers in many different languages to help them improve their language skills. Users can chat about unlimited amount of topics with the app and use other modes to practice their language learning.","email":"support@talkpal.ai","legalName":"Talkpal, Inc.","foundingDate":"2023-04-03","duns":"118989042","numberOfEmployees":{"@type":"QuantitativeValue","minValue":"11","maxValue":"50"},"publishingPrinciples":"https:\/\/talkpal.ai\/publishing-principles\/","actionableFeedbackPolicy":"https:\/\/talkpal.ai\/actionable-feedback-policy\/","correctionsPolicy":"https:\/\/talkpal.ai\/corrections-policy\/","ethicsPolicy":"https:\/\/talkpal.ai\/ethics-policy\/","diversityPolicy":"https:\/\/talkpal.ai\/diversity-policy\/","diversityStaffingReport":"https:\/\/talkpal.ai\/diversity-policy\/"}]}},"_links":{"self":[{"href":"https:\/\/talkpal.ai\/hr\/wp-json\/wp\/v2\/pages\/129694","targetHints":{"allow":["GET"]}}],"collection":[{"href":"https:\/\/talkpal.ai\/hr\/wp-json\/wp\/v2\/pages"}],"about":[{"href":"https:\/\/talkpal.ai\/hr\/wp-json\/wp\/v2\/types\/page"}],"author":[{"embeddable":true,"href":"https:\/\/talkpal.ai\/hr\/wp-json\/wp\/v2\/users\/1"}],"replies":[{"embeddable":true,"href":"https:\/\/talkpal.ai\/hr\/wp-json\/wp\/v2\/comments?post=129694"}],"version-history":[{"count":0,"href":"https:\/\/talkpal.ai\/hr\/wp-json\/wp\/v2\/pages\/129694\/revisions"}],"wp:featuredmedia":[{"embeddable":true,"href":"https:\/\/talkpal.ai\/hr\/wp-json\/wp\/v2\/media\/107192"}],"wp:attachment":[{"href":"https:\/\/talkpal.ai\/hr\/wp-json\/wp\/v2\/media?parent=129694"}],"curies":[{"name":"wp","href":"https:\/\/api.w.org\/{rel}","templated":true}]}}