{"id":129432,"date":"2023-05-14T13:50:44","date_gmt":"2023-05-14T13:50:44","guid":{"rendered":"http:\/\/talkpal.ai\/hindska-gramatika\/"},"modified":"2025-12-13T15:00:30","modified_gmt":"2025-12-13T15:00:30","slug":"hindska-gramatika","status":"publish","type":"page","link":"https:\/\/talkpal.ai\/hr\/hindska-gramatika\/","title":{"rendered":"Hindska gramatika"},"content":{"rendered":"\r\n\r\n\r\n<section class=\"languageChallengeSection\">\r\n    <div class=\"languageInfoWrapper\">\r\n        \r\n        <h1>Hindska gramatika<\/h1>\r\n        <p>Spremni za u\u010denje hindskog? Zaronite u gramatiku hindskog jezika, gdje imenice odre\u0111ene rodom, re\u010deni\u010dna struktura subjekt-objekt-glagol te ekspresivne glagolske konjugacije o\u017eivljavaju jezik. Zapo\u010dnite svoje putovanje hindskim jezikom ve\u0107 danas \u2013 savladavanje gramatike omogu\u0107it \u0107e vam da samouvjereno komunicirate i pove\u017eete se sa \u017eivopisnom kulturom i tradicijama Indije!<\/p>\r\n\r\n                            <a class=\"getStartedHidden\" href=\"https:\/\/app.talkpal.ai\/hr\/signup?lng=\">Zapo\u010dni<\/a>\r\n        \r\n    <\/div>\r\n\r\n    <figure>\r\n    <img decoding=\"async\" width=\"768\" height=\"768\" src=\"https:\/\/talkpal.ai\/wp-content\/uploads\/2023\/06\/hindi-768x768.png\" class=\"languageImage no-lazy\" alt=\"Language learning for mental agility\" fetchpriority=\"high\" sizes=\"(max-width: 768px) 150px, 768px\" srcset=\"https:\/\/talkpal.ai\/wp-content\/uploads\/2023\/06\/hindi-768x768.png 768w, https:\/\/talkpal.ai\/wp-content\/uploads\/2023\/06\/hindi-300x300.png 300w\" \/>\r\n    \r\n\r\n    <\/figure>\r\n\r\n            <a class=\"getStartedVisible\" href=\"https:\/\/app.talkpal.ai\/hr\/signup?lng=\">Zapo\u010dni<\/a>\r\n    \r\n<\/section>\r\n<section class=\"promotionalBanner\">\r\n    <p class=\"promotionalText\">Naju\u010dinkovitiji na\u010din u\u010denja jezika<\/p>\r\n    <a class=\"promotionalLink\" href=\"https:\/\/app.talkpal.ai\/hr\/signup?lng=\">Isprobajte Talkpal besplatno<\/a>\r\n<\/section>\n<div class=\"wp-block-group pageContainerStyle\"><div class=\"wp-block-group__inner-container is-layout-constrained wp-block-group-is-layout-constrained\">\n<h2 class=\"wp-block-heading\" id=\"h-mastering-hindi-grammar-your-ultimate-guide\">Ovladavanje hindskom gramatikom: Va\u0161 krajnji vodi\u010d<\/h2>\n\n\n\n<p>Namaste, ljubitelji jezika! Jeste li spremni istra\u017eiti svijet hindske gramatike? Do\u0161li ste na pravo mjesto. Ispunjen lako razumljivim informacijama i razgovornim tonom, ovaj \u0107e vas \u010dlanak voditi kroz fascinantno podru\u010dje hindske gramatike. Uskoro \u0107ete mo\u0107i sastavljati re\u010denice i voditi smislene razgovore s izvornim govornicima. Dakle, zaronimo odmah!<\/p>\n\n\n\n<p><strong>Ali prvo, za\u0161to hindska gramatika?<\/strong><\/p>\n\n\n\n<p>Ako <a href=\"https:\/\/talkpal.ai\/learn-hindi\/\">u\u010dite hindski<\/a>, jaka gramati\u010dka osnova klju\u010dna je za te\u010dan govor, \u010ditanje i pisanje. Iako se <a href=\"https:\/\/talkpal.ai\/hindi-grammar\/\">hindska gramatika<\/a> u po\u010detku mo\u017ee \u010diniti slo\u017eenom, ona postaje pristupa\u010dnija kada se podijeli na manje segmente kojima se mo\u017ee upravljati. Ovaj \u0107e \u010dlanak biti savr\u0161eno mjesto za po\u010detak va\u0161eg putovanja prema svladavanju hindske gramatike!<\/p>\n\n\n\n<h3 class=\"wp-block-heading\" id=\"h-1-nouns-gender-and-cases\">1. Imenice, spol i slu\u010dajevi<\/h3>\n\n\n\n<p>Hindske imenice dolaze u dva spola: mu\u0161kom i \u017eenskom. Va\u017eno je odrediti rod imenica jer to utje\u010de na druge vrste rije\u010di, poput pridjeva i glagola.  <\/p>\n\n\n\n<p>Jednostavno pravilo: ako imenica zavr\u0161ava na \u201e-aa\u201d (\u201e\u0906\u201d), obi\u010dno je mu\u0161kog roda, dok je imenica <a href=\"https:\/\/talkpal.ai\/locations\/language-courses-in-koja\/\">koja<\/a> zavr\u0161ava na \u201e-ii\u201d (\u201e\u0908\u201d) obi\u010dno \u017eenskog roda. Ali zapamtite &#8211; kao i uvijek, postoje iznimke!  <\/p>\n\n\n\n<p>Hindske imenice imaju razli\u010dite oblike ovisno o njihovoj ulozi u re\u010denici (subjekt, objekt, posesivni itd.). Ti se obrasci nazivaju slu\u010dajevima. Primarni pade\u017ei u hindskom su izravni (\u201c\u0906\u092e \u0915\u094d\u0930\u092e\u201c), kosi (\u201c\u0909\u092a \u0935\u093f\u0932\u094b\u092e\u201c) i vokativ (\u201c\u0938\u0902\u092c\u094b\u0927\u0928\u201c).<\/p>\n\n\n\n<h3 class=\"wp-block-heading\" id=\"h-2-pronouns-and-agreement\">2. Zamjenice i suglasnost<\/h3>\n\n\n\n<p>Hindske zamjenice (ja, ti, on, ona itd.) mijenjaju se prema spolu i hijerarhiji. Na primjer: \u092e\u0948\u0902 (glavno \u2013 ja), \u0924\u0941\u092e (tum \u2013 vi, neformalno), \u0906\u092a (aap \u2013 vi, formalno), \u0935\u0939 (vah \u2013 on\/ona), \u0939\u092e (hum \u2013 mi) i \u0935\u0947 (ve \u2013 oni).  <\/p>\n\n\n\n<p>Neophodno je biti svjestan hijerarhije pri kori\u0161tenju zamjenica. Na primjer, dok bi \u201e\u0924\u0941\u092e\u201d moglo biti prikladno me\u0111u prijateljima, kori\u0161tenje \u201e\u0906\u092a\u201d pokazuje po\u0161tovanje kada se obra\u0107ate starijima ili strancima.<\/p>\n\n\n\n<h3 class=\"wp-block-heading\" id=\"h-3-verbs-tense-and-conjugation\">3. Glagoli, vrijeme i konjugacija<\/h3>\n\n\n\n<p>Glagoli \u010dine okosnicu hindske gramatike, a njihovo razumijevanje od vitalnog je zna\u010daja za konstruiranje re\u010denica. <a href=\"https:\/\/talkpal.ai\/learn-hindi\/\">Hindski<\/a> glagoli se op\u0107enito kategoriziraju kao tranzitivni (\u201e\u0938\u0915\u0930\u094d\u092e\u0915\u201d) i neprelazni (\u201e\u0905\u0915\u0930\u094d\u092e\u0915\u201d), s razli\u010ditim pravilima konjugacije za svaki od njih.  <\/p>\n\n\n\n<p>Da bismo vam dali brzi pregled, raspravimo sada\u0161nju vremensku konjugaciju pravilnih glagola:<\/p>\n\n\n\n<p>\u2013 \u092e\u0948\u0902 \u092a\u0922\u093c\u0924\u093e \u0939\u0942\u0901 (glavni padhta hoon \u2013 \u010ditam, mu\u0161ki rod)<\/p>\n\n\n\n<p>\u2013 \u092e\u0948\u0902 \u092a\u0922\u093c\u0924\u0940 \u0939\u0942\u0901 (glavni padhti hoon \u2013 \u010ditam, \u017eenski rod)<\/p>\n\n\n\n<p>\u2013 \u0924\u0941\u092e \u092a\u0922\u093c\u0924\u0947 \u0939\u094b (tum padhte ho \u2013 \u010ditate, neformalno, mu\u0161ki)<\/p>\n\n\n\n<p>\u2013 \u0924\u0941\u092e \u092a\u0922\u093c\u0924\u0940 \u0939\u094b (tum padhti ho \u2013 \u010dita\u0161, neformalno, \u017eensko)<\/p>\n\n\n\n<p>Zapamtite, ovo je tek po\u010detak! Mnogo je vremena i nepravilnih glagola za svladavanje, ali svaki <a href=\"https:\/\/talkpal.ai\/locations\/language-courses-in-novi\/\">novi<\/a> korak pribli\u017eava vas te\u010dnosti.<\/p>\n\n\n\n<h3 class=\"wp-block-heading\" id=\"h-4-adjectives-adverbs-and-more\">4. Pridjevi, prilozi i jo\u0161 mnogo toga!<\/h3>\n\n\n\n<p>Hindska <a href=\"https:\/\/talkpal.ai\/sq\/gramatika\/\">gramatika<\/a> uklju\u010duje i druge komponente kao \u0161to su pridjevi (koji se moraju slo\u017eiti s imenicama u spolu i broju), prilozi, prijedlozi i idiomatski izrazi. Svaki je element klju\u010dan za te\u010dno govorenje hindskog, pa ih uhvatite korak po korak.<\/p>\n\n\n\n<p>Zaklju\u010dno, ne postoji pre\u010dac za svladavanje hindske gramatike. Zahtijeva upornost, praksu i strpljenje. Me\u0111utim, kada to shvatite, mo\u0107i \u0107ete cijeniti nijanse razgovora na hindskom, otkrivati \u200b\u200bbogatu kulturu i povijest te produbljivati \u200b\u200bsvoju ljubav prema jeziku. \u0936\u0941\u092d\u0915\u093e\u092e\u0928\u093e\u090f\u0901 (shubhkaamnaayein \u2013 najbolje \u017eelje)!<\/p>\n<\/div><\/div>\n\r\n<section class=\"learnNavigationSection\">\r\n            \r\n        <a href=\"https:\/\/talkpal.ai\/hr\/ucenje-hindskog-jezika\/\">\r\n            <div class=\"learnNavigationWrapper\">\r\n                <div class=\"learnNavigationContent\">\r\n                    <img decoding=\"async\" src=\"https:\/\/talkpal.ai\/wp-content\/uploads\/2024\/08\/Hindi.jpg\" alt=\"Indian Flag\">\r\n                    <div>\r\n                        <h4>O u\u010denju hindskog<\/h4>\r\n                        <p>Saznajte sve o hindskoj gramatici.<\/p>\r\n                    <\/div>\r\n                <\/div>\r\n            <\/div>\r\n        <\/a>\r\n\r\n        \r\n        <a href=\"https:\/\/talkpal.ai\/hr\/vjezbe-hindske-gramatike\/\">\r\n            <div class=\"learnNavigationWrapper\">\r\n                <div class=\"learnNavigationContent\">\r\n                    <img decoding=\"async\" src=\"https:\/\/talkpal.ai\/wp-content\/uploads\/2024\/08\/Hindi.jpg\" alt=\"Indian Flag\">\r\n                    <div>\r\n                        <h4>Vje\u017eba hindske gramatike<\/h4>\r\n                        <p>Vje\u017ebajte hindsku gramatiku.<\/p>\r\n                    <\/div>\r\n                <\/div>\r\n            <\/div>\r\n        <\/a>\r\n\r\n        \r\n        <a href=\"https:\/\/talkpal.ai\/vocabulary_language\/hindi\/\">\r\n            <div class=\"learnNavigationWrapper\">\r\n                <div class=\"learnNavigationContent\">\r\n                    <img decoding=\"async\" src=\"https:\/\/talkpal.ai\/wp-content\/uploads\/2024\/08\/Hindi.jpg\" alt=\"Indian Flag\">\r\n                    <div>\r\n                        <h4>Hindski rje\u010dnik<\/h4>\r\n                        <p>Pro\u0161irite svoj vokabular hindskog.<\/p>\r\n                    <\/div>\r\n                <\/div>\r\n            <\/div>\r\n        <\/a>\r\n\r\n            <\/section>","protected":false},"excerpt":{"rendered":"<p>Ovladavanje hindskom gramatikom: Va\u0161 krajnji vodi\u010d Namaste, ljubitelji jezika! Jeste li spremni istra\u017eiti svijet hindske gramatike? Do\u0161li ste na pravo mjesto. Ispunjen lako razumljivim informacijama i razgovornim tonom, ovaj \u0107e vas \u010dlanak voditi kroz fascinantno podru\u010dje hindske gramatike. Uskoro \u0107ete mo\u0107i sastavljati re\u010denice i voditi smislene razgovore s izvornim govornicima. Dakle, zaronimo odmah! Ali prvo, [&hellip;]<\/p>\n","protected":false},"author":1,"featured_media":188199,"parent":0,"menu_order":0,"comment_status":"closed","ping_status":"closed","template":"LearningContentPage.php","meta":{"_acf_changed":false,"footnotes":""},"class_list":["post-129432","page","type-page","status-publish","has-post-thumbnail","hentry"],"acf":[],"yoast_head":"<!-- This site is optimized with the Yoast SEO Premium plugin v27.2 (Yoast SEO v27.2) - https:\/\/yoast.com\/product\/yoast-seo-premium-wordpress\/ -->\n<title>Hindska gramatika - Talkpal<\/title>\n<meta name=\"description\" content=\"Samouvjereno savladajte gramatiku hindskog jezika - nau\u010dite jasna pravila, oblikujte ispravne re\u010denice i govorite bolje uz jednostavno vodstvo Talkpal AI-a.\" \/>\n<meta name=\"robots\" content=\"index, follow, max-snippet:-1, max-image-preview:large, max-video-preview:-1\" \/>\n<link rel=\"canonical\" href=\"https:\/\/talkpal.ai\/hr\/hindska-gramatika\/\" \/>\n<meta property=\"og:locale\" content=\"hr_HR\" \/>\n<meta property=\"og:type\" content=\"article\" \/>\n<meta property=\"og:title\" content=\"Hindska gramatika\" \/>\n<meta property=\"og:description\" content=\"Ovladavanje hindskom gramatikom: Va\u0161 krajnji vodi\u010d Namaste, ljubitelji jezika! Jeste li spremni istra\u017eiti svijet hindske gramatike? Do\u0161li ste na pravo\" \/>\n<meta property=\"og:url\" content=\"https:\/\/talkpal.ai\/hr\/hindska-gramatika\/\" \/>\n<meta property=\"og:site_name\" content=\"Talkpal\" \/>\n<meta property=\"article:publisher\" content=\"https:\/\/www.facebook.com\/profile.php?id=100090733639311\" \/>\n<meta property=\"article:modified_time\" content=\"2025-12-13T15:00:30+00:00\" \/>\n<meta property=\"og:image\" content=\"https:\/\/talkpal.ai\/wp-content\/uploads\/2024\/02\/india.png\" \/>\n\t<meta property=\"og:image:width\" content=\"517\" \/>\n\t<meta property=\"og:image:height\" content=\"517\" \/>\n\t<meta property=\"og:image:type\" content=\"image\/png\" \/>\n<meta name=\"twitter:card\" content=\"summary_large_image\" \/>\n<meta name=\"twitter:site\" content=\"@talkpalai\" \/>\n<meta name=\"twitter:label1\" content=\"Procijenjeno vrijeme \u010ditanja\" \/>\n\t<meta name=\"twitter:data1\" content=\"2 minute\" \/>\n<script type=\"application\/ld+json\" class=\"yoast-schema-graph\">{\"@context\":\"https:\/\/schema.org\",\"@graph\":[{\"@type\":\"WebPage\",\"@id\":\"https:\/\/talkpal.ai\/hr\/hindska-gramatika\/\",\"url\":\"https:\/\/talkpal.ai\/hr\/hindska-gramatika\/\",\"name\":\"Hindska gramatika - Talkpal\",\"isPartOf\":{\"@id\":\"https:\/\/talkpal.ai\/hr\/#website\"},\"primaryImageOfPage\":{\"@id\":\"https:\/\/talkpal.ai\/hr\/hindska-gramatika\/#primaryimage\"},\"image\":{\"@id\":\"https:\/\/talkpal.ai\/hr\/hindska-gramatika\/#primaryimage\"},\"thumbnailUrl\":\"https:\/\/talkpal.ai\/wp-content\/uploads\/2024\/02\/india.png\",\"datePublished\":\"2023-05-14T13:50:44+00:00\",\"dateModified\":\"2025-12-13T15:00:30+00:00\",\"description\":\"Samouvjereno savladajte gramatiku hindskog jezika - nau\u010dite jasna pravila, oblikujte ispravne re\u010denice i govorite bolje uz jednostavno vodstvo Talkpal AI-a.\",\"breadcrumb\":{\"@id\":\"https:\/\/talkpal.ai\/hr\/hindska-gramatika\/#breadcrumb\"},\"inLanguage\":\"hr\",\"potentialAction\":[{\"@type\":\"ReadAction\",\"target\":[\"https:\/\/talkpal.ai\/hr\/hindska-gramatika\/\"]}]},{\"@type\":\"ImageObject\",\"inLanguage\":\"hr\",\"@id\":\"https:\/\/talkpal.ai\/hr\/hindska-gramatika\/#primaryimage\",\"url\":\"https:\/\/talkpal.ai\/wp-content\/uploads\/2024\/02\/india.png\",\"contentUrl\":\"https:\/\/talkpal.ai\/wp-content\/uploads\/2024\/02\/india.png\",\"width\":517,\"height\":517,\"caption\":\"TalkPal Indian Flag\"},{\"@type\":\"BreadcrumbList\",\"@id\":\"https:\/\/talkpal.ai\/hr\/hindska-gramatika\/#breadcrumb\",\"itemListElement\":[{\"@type\":\"ListItem\",\"position\":1,\"name\":\"Homepage\",\"item\":\"https:\/\/talkpal.ai\/hr\/\"},{\"@type\":\"ListItem\",\"position\":2,\"name\":\"Hindska gramatika\"}]},{\"@type\":\"WebSite\",\"@id\":\"https:\/\/talkpal.ai\/hr\/#website\",\"url\":\"https:\/\/talkpal.ai\/hr\/\",\"name\":\"Talkpal\",\"description\":\"AI Language Learning\",\"publisher\":{\"@id\":\"https:\/\/talkpal.ai\/hr\/#organization\"},\"alternateName\":\"Talkpal AI\",\"potentialAction\":[{\"@type\":\"SearchAction\",\"target\":{\"@type\":\"EntryPoint\",\"urlTemplate\":\"https:\/\/talkpal.ai\/hr\/?s={search_term_string}\"},\"query-input\":{\"@type\":\"PropertyValueSpecification\",\"valueRequired\":true,\"valueName\":\"search_term_string\"}}],\"inLanguage\":\"hr\"},{\"@type\":\"Organization\",\"@id\":\"https:\/\/talkpal.ai\/hr\/#organization\",\"name\":\"Talkpal, Inc.\",\"alternateName\":\"Talkpal AI\",\"url\":\"https:\/\/talkpal.ai\/hr\/\",\"logo\":{\"@type\":\"ImageObject\",\"inLanguage\":\"hr\",\"@id\":\"https:\/\/talkpal.ai\/hr\/#\/schema\/logo\/image\/\",\"url\":\"https:\/\/talkpal.ai\/wp-content\/uploads\/2024\/03\/Talkpal-Logo-Icon.png\",\"contentUrl\":\"https:\/\/talkpal.ai\/wp-content\/uploads\/2024\/03\/Talkpal-Logo-Icon.png\",\"width\":2880,\"height\":2880,\"caption\":\"Talkpal, Inc.\"},\"image\":{\"@id\":\"https:\/\/talkpal.ai\/hr\/#\/schema\/logo\/image\/\"},\"sameAs\":[\"https:\/\/www.facebook.com\/profile.php?id=100090733639311\",\"https:\/\/x.com\/talkpalai\",\"https:\/\/www.linkedin.com\/company\/talkpal\/\",\"https:\/\/www.youtube.com\/@TalkPal\/\",\"https:\/\/www.tiktok.com\/@talkpal\",\"https:\/\/www.instagram.com\/talkpal_ai\/\",\"https:\/\/www.crunchbase.com\/organization\/talkpal-9cde\",\"https:\/\/www.g2.com\/products\/talkpal-for-business\/\",\"https:\/\/www.trustpilot.com\/review\/talkpal.ai\",\"https:\/\/www.capterra.com\/p\/10006800\/TalkPal\/\"],\"description\":\"Talkpal is a language learning web and mobile education app, powered by the latest AI technologies, that provides engaging experiences to its customers in many different languages to help them improve their language skills. Users can chat about unlimited amount of topics with the app and use other modes to practice their language learning.\",\"email\":\"support@talkpal.ai\",\"legalName\":\"Talkpal, Inc.\",\"foundingDate\":\"2023-04-03\",\"duns\":\"118989042\",\"numberOfEmployees\":{\"@type\":\"QuantitativeValue\",\"minValue\":\"11\",\"maxValue\":\"50\"},\"publishingPrinciples\":\"https:\/\/talkpal.ai\/publishing-principles\/\",\"actionableFeedbackPolicy\":\"https:\/\/talkpal.ai\/actionable-feedback-policy\/\",\"correctionsPolicy\":\"https:\/\/talkpal.ai\/corrections-policy\/\",\"ethicsPolicy\":\"https:\/\/talkpal.ai\/ethics-policy\/\",\"diversityPolicy\":\"https:\/\/talkpal.ai\/diversity-policy\/\",\"diversityStaffingReport\":\"https:\/\/talkpal.ai\/diversity-policy\/\"}]}<\/script>\n<!-- \/ Yoast SEO Premium plugin. -->","yoast_head_json":{"title":"Hindska gramatika - Talkpal","description":"Samouvjereno savladajte gramatiku hindskog jezika - nau\u010dite jasna pravila, oblikujte ispravne re\u010denice i govorite bolje uz jednostavno vodstvo Talkpal AI-a.","robots":{"index":"index","follow":"follow","max-snippet":"max-snippet:-1","max-image-preview":"max-image-preview:large","max-video-preview":"max-video-preview:-1"},"canonical":"https:\/\/talkpal.ai\/hr\/hindska-gramatika\/","og_locale":"hr_HR","og_type":"article","og_title":"Hindska gramatika","og_description":"Ovladavanje hindskom gramatikom: Va\u0161 krajnji vodi\u010d Namaste, ljubitelji jezika! Jeste li spremni istra\u017eiti svijet hindske gramatike? Do\u0161li ste na pravo","og_url":"https:\/\/talkpal.ai\/hr\/hindska-gramatika\/","og_site_name":"Talkpal","article_publisher":"https:\/\/www.facebook.com\/profile.php?id=100090733639311","article_modified_time":"2025-12-13T15:00:30+00:00","og_image":[{"width":517,"height":517,"url":"https:\/\/talkpal.ai\/wp-content\/uploads\/2024\/02\/india.png","type":"image\/png"}],"twitter_card":"summary_large_image","twitter_site":"@talkpalai","twitter_misc":{"Procijenjeno vrijeme \u010ditanja":"2 minute"},"schema":{"@context":"https:\/\/schema.org","@graph":[{"@type":"WebPage","@id":"https:\/\/talkpal.ai\/hr\/hindska-gramatika\/","url":"https:\/\/talkpal.ai\/hr\/hindska-gramatika\/","name":"Hindska gramatika - Talkpal","isPartOf":{"@id":"https:\/\/talkpal.ai\/hr\/#website"},"primaryImageOfPage":{"@id":"https:\/\/talkpal.ai\/hr\/hindska-gramatika\/#primaryimage"},"image":{"@id":"https:\/\/talkpal.ai\/hr\/hindska-gramatika\/#primaryimage"},"thumbnailUrl":"https:\/\/talkpal.ai\/wp-content\/uploads\/2024\/02\/india.png","datePublished":"2023-05-14T13:50:44+00:00","dateModified":"2025-12-13T15:00:30+00:00","description":"Samouvjereno savladajte gramatiku hindskog jezika - nau\u010dite jasna pravila, oblikujte ispravne re\u010denice i govorite bolje uz jednostavno vodstvo Talkpal AI-a.","breadcrumb":{"@id":"https:\/\/talkpal.ai\/hr\/hindska-gramatika\/#breadcrumb"},"inLanguage":"hr","potentialAction":[{"@type":"ReadAction","target":["https:\/\/talkpal.ai\/hr\/hindska-gramatika\/"]}]},{"@type":"ImageObject","inLanguage":"hr","@id":"https:\/\/talkpal.ai\/hr\/hindska-gramatika\/#primaryimage","url":"https:\/\/talkpal.ai\/wp-content\/uploads\/2024\/02\/india.png","contentUrl":"https:\/\/talkpal.ai\/wp-content\/uploads\/2024\/02\/india.png","width":517,"height":517,"caption":"TalkPal Indian Flag"},{"@type":"BreadcrumbList","@id":"https:\/\/talkpal.ai\/hr\/hindska-gramatika\/#breadcrumb","itemListElement":[{"@type":"ListItem","position":1,"name":"Homepage","item":"https:\/\/talkpal.ai\/hr\/"},{"@type":"ListItem","position":2,"name":"Hindska gramatika"}]},{"@type":"WebSite","@id":"https:\/\/talkpal.ai\/hr\/#website","url":"https:\/\/talkpal.ai\/hr\/","name":"Talkpal","description":"AI Language Learning","publisher":{"@id":"https:\/\/talkpal.ai\/hr\/#organization"},"alternateName":"Talkpal AI","potentialAction":[{"@type":"SearchAction","target":{"@type":"EntryPoint","urlTemplate":"https:\/\/talkpal.ai\/hr\/?s={search_term_string}"},"query-input":{"@type":"PropertyValueSpecification","valueRequired":true,"valueName":"search_term_string"}}],"inLanguage":"hr"},{"@type":"Organization","@id":"https:\/\/talkpal.ai\/hr\/#organization","name":"Talkpal, Inc.","alternateName":"Talkpal AI","url":"https:\/\/talkpal.ai\/hr\/","logo":{"@type":"ImageObject","inLanguage":"hr","@id":"https:\/\/talkpal.ai\/hr\/#\/schema\/logo\/image\/","url":"https:\/\/talkpal.ai\/wp-content\/uploads\/2024\/03\/Talkpal-Logo-Icon.png","contentUrl":"https:\/\/talkpal.ai\/wp-content\/uploads\/2024\/03\/Talkpal-Logo-Icon.png","width":2880,"height":2880,"caption":"Talkpal, Inc."},"image":{"@id":"https:\/\/talkpal.ai\/hr\/#\/schema\/logo\/image\/"},"sameAs":["https:\/\/www.facebook.com\/profile.php?id=100090733639311","https:\/\/x.com\/talkpalai","https:\/\/www.linkedin.com\/company\/talkpal\/","https:\/\/www.youtube.com\/@TalkPal\/","https:\/\/www.tiktok.com\/@talkpal","https:\/\/www.instagram.com\/talkpal_ai\/","https:\/\/www.crunchbase.com\/organization\/talkpal-9cde","https:\/\/www.g2.com\/products\/talkpal-for-business\/","https:\/\/www.trustpilot.com\/review\/talkpal.ai","https:\/\/www.capterra.com\/p\/10006800\/TalkPal\/"],"description":"Talkpal is a language learning web and mobile education app, powered by the latest AI technologies, that provides engaging experiences to its customers in many different languages to help them improve their language skills. Users can chat about unlimited amount of topics with the app and use other modes to practice their language learning.","email":"support@talkpal.ai","legalName":"Talkpal, Inc.","foundingDate":"2023-04-03","duns":"118989042","numberOfEmployees":{"@type":"QuantitativeValue","minValue":"11","maxValue":"50"},"publishingPrinciples":"https:\/\/talkpal.ai\/publishing-principles\/","actionableFeedbackPolicy":"https:\/\/talkpal.ai\/actionable-feedback-policy\/","correctionsPolicy":"https:\/\/talkpal.ai\/corrections-policy\/","ethicsPolicy":"https:\/\/talkpal.ai\/ethics-policy\/","diversityPolicy":"https:\/\/talkpal.ai\/diversity-policy\/","diversityStaffingReport":"https:\/\/talkpal.ai\/diversity-policy\/"}]}},"_links":{"self":[{"href":"https:\/\/talkpal.ai\/hr\/wp-json\/wp\/v2\/pages\/129432","targetHints":{"allow":["GET"]}}],"collection":[{"href":"https:\/\/talkpal.ai\/hr\/wp-json\/wp\/v2\/pages"}],"about":[{"href":"https:\/\/talkpal.ai\/hr\/wp-json\/wp\/v2\/types\/page"}],"author":[{"embeddable":true,"href":"https:\/\/talkpal.ai\/hr\/wp-json\/wp\/v2\/users\/1"}],"replies":[{"embeddable":true,"href":"https:\/\/talkpal.ai\/hr\/wp-json\/wp\/v2\/comments?post=129432"}],"version-history":[{"count":0,"href":"https:\/\/talkpal.ai\/hr\/wp-json\/wp\/v2\/pages\/129432\/revisions"}],"wp:featuredmedia":[{"embeddable":true,"href":"https:\/\/talkpal.ai\/hr\/wp-json\/wp\/v2\/media\/188199"}],"wp:attachment":[{"href":"https:\/\/talkpal.ai\/hr\/wp-json\/wp\/v2\/media?parent=129432"}],"curies":[{"name":"wp","href":"https:\/\/api.w.org\/{rel}","templated":true}]}}