{"id":128758,"date":"2023-05-14T13:49:38","date_gmt":"2023-05-14T13:49:38","guid":{"rendered":"http:\/\/talkpal.ai\/nizozemska-gramatika\/"},"modified":"2025-12-11T16:59:23","modified_gmt":"2025-12-11T16:59:23","slug":"nizozemska-gramatika","status":"publish","type":"page","link":"https:\/\/talkpal.ai\/hr\/nizozemska-gramatika\/","title":{"rendered":"Nizozemska gramatika"},"content":{"rendered":"\r\n\r\n\r\n<section class=\"languageChallengeSection\">\r\n    <div class=\"languageInfoWrapper\">\r\n        \r\n        <h1>Nizozemska gramatika<\/h1>\r\n        <p>Istra\u017eite temelje nizozemskog jezika u\u010de\u0107i njegova bitna gramati\u010dka pravila. Savladavanje nizozemske gramatike pomo\u0107i \u0107e vam da u\u010dinkovito komunicirate i steknete dublji uvid u nizozemsku kulturu. Po\u010dnite u\u010diti nizozemsku gramatiku ve\u0107 danas i napravite prvi korak prema te\u010dnom govoru!\n<\/p>\r\n\r\n                            <a class=\"getStartedHidden\" href=\"https:\/\/app.talkpal.ai\/hr\/signup?lng=\">Zapo\u010dni<\/a>\r\n        \r\n    <\/div>\r\n\r\n    <figure>\r\n    <img decoding=\"async\" width=\"768\" height=\"768\" src=\"https:\/\/talkpal.ai\/wp-content\/uploads\/2023\/06\/Dutch-768x768.png\" class=\"languageImage no-lazy\" alt=\"Developing skills through language learning\" fetchpriority=\"high\" sizes=\"(max-width: 768px) 150px, 768px\" srcset=\"https:\/\/talkpal.ai\/wp-content\/uploads\/2023\/06\/Dutch-768x768.png 768w, https:\/\/talkpal.ai\/wp-content\/uploads\/2023\/06\/Dutch-300x300.png 300w\" \/>\r\n    \r\n\r\n    <\/figure>\r\n\r\n            <a class=\"getStartedVisible\" href=\"https:\/\/app.talkpal.ai\/hr\/signup?lng=\">Zapo\u010dni<\/a>\r\n    \r\n<\/section>\r\n<section class=\"promotionalBanner\">\r\n    <p class=\"promotionalText\">Naju\u010dinkovitiji na\u010din u\u010denja jezika<\/p>\r\n    <a class=\"promotionalLink\" href=\"https:\/\/app.talkpal.ai\/hr\/signup?lng=\">Isprobajte Talkpal besplatno<\/a>\r\n<\/section>\n<div class=\"wp-block-group pageContainerStyle\"><div class=\"wp-block-group__inner-container is-layout-constrained wp-block-group-is-layout-constrained\">\n<h2 class=\"wp-block-heading\" id=\"h-dutch-grammar-master-the-mechanics-of-the-dutch-language\">Nizozemska gramatika: Majstor mehanike nizozemskog jezika<\/h2>\n\n\n\n<p>Ako ste se odva\u017eili nau\u010diti <a href=\"https:\/\/talkpal.ai\/learn-dutch\/\">nizozemski<\/a>, \u010deka vas uzbudljiva vo\u017enja! S vi\u0161e od 23 milijuna govornika \u0161irom svijeta, nizozemski je fantasti\u010dan jezik koji ja\u010da va\u0161e jezi\u010dno umije\u0107e i pro\u0161iruje vidike. Mo\u017eda ste \u010duli \u0161aputanja o slo\u017eenosti nizozemske gramatike, ali ne bojte se! Ovaj \u010dlanak slu\u017ei kao prijateljski vodi\u010d za po\u010detnike koji \u0107e ra\u0161\u010dlaniti nizozemsku gramatiku na zabavan, ali sveobuhvatan na\u010din.<\/p>\n\n\n\n<h3 class=\"wp-block-heading\" id=\"h-1-the-pillar-of-dutch-grammar-word-order\">1. Stup nizozemske gramatike: redoslijed rije\u010di<\/h3>\n\n\n\n<p><a href=\"https:\/\/talkpal.ai\/dutch-grammar\/\">Nizozemska gramatika<\/a> uvelike se oslanja na redoslijed rije\u010di. Op\u0107enito, slijedi strukturu &#8220;subjekt-glagol-objekt&#8221; sli\u010dnu engleskom jeziku. Me\u0111utim, nizozemski ima jedinstvenu zna\u010dajku: redoslijed rije\u010di Verb Second (V2). U re\u010denici s vi\u0161e glagola, drugi glagol se gura do kraja. Npr:<\/p>\n\n\n\n<p><a href=\"https:\/\/talkpal.ai\/learn-english-with-ai\/\">Engleski<\/a>: Danas moram raditi.<\/p>\n\n\n\n<p>Nizozemski: Ik moet vandaag werken. (doslovno: \u201cDanas moram raditi.\u201d)<\/p>\n\n\n\n<p>Ovladavanje redoslijedom rije\u010di V2 klju\u010dno je za u\u010denje nizozemske gramatike.<\/p>\n\n\n\n<h3 class=\"wp-block-heading\" id=\"h-2-get-to-know-your-articles\">2. Upoznajte svoje \u010dlanke<\/h3>\n\n\n\n<p>Nizozemski ima dva definitivna \u010dlanka (&#8220;de&#8221; i &#8220;het&#8221;) i neodre\u0111eni \u010dlanak (&#8220;een&#8221;). Odabir izme\u0111u dva odre\u0111ena \u010dlanka mo\u017ee biti lukav, bez definitivnog pravila koje treba slijediti. Kao po\u010detnik, najbolji na\u010din da ih nau\u010dite je kroz praksu i kontekst. Npr:<\/p>\n\n\n\n<p>De man \u2013 \u010covjek<\/p>\n\n\n\n<p>Het meisje \u2013 Djevojka<\/p>\n\n\n\n<p>Een hond \u2013 Pas<\/p>\n\n\n\n<h3 class=\"wp-block-heading\" id=\"h-3-the-dance-of-dutch-conjugations\">3. Ples nizozemskih konjugacija<\/h3>\n\n\n\n<p>Poput engleskog, nizozemski glagoli mijenjaju oblik kako bi prenijeli napetost i raspolo\u017eenje. Na nizozemskom jeziku postoje tri primarne skupine konjugacija glagola: slabi glagoli, jaki glagoli i <a href=\"https:\/\/talkpal.ai\/sl\/grammar\/nepravilni-glagoli-v-angleski-slovnici\/\">nepravilni glagoli<\/a>.<\/p>\n\n\n\n<p>Slabi glagoli slijede utvr\u0111ena pravila konjugacije, \u0161to ih \u010dini prili\u010dno lakim za u\u010denje.  <\/p>\n\n\n\n<p>Primjer (sada\u0161nje vrijeme): Ik werk, jij werkt, hij\/zij\/u werkt, wij\/jullie\/zij werken<\/p>\n\n\n\n<p>Sna\u017eni glagoli uklju\u010duju promjene samoglasnika, \u010desto navode\u0107i u\u010denike da ih pamte pojedina\u010dno.<\/p>\n\n\n\n<p>Primjer (sada\u0161nje vrijeme): Ik zing, jij zingt, hij\/zij\/u zingt, wij\/jullie\/zij zingen<\/p>\n\n\n\n<p><a href=\"https:\/\/talkpal.ai\/sl\/grammar\/nepravilni-glagoli-v-angleski-slovnici\/\">Nepravilni glagoli<\/a>, kao \u0161to im ime govori, ne slijede nikakav postavljeni obrazac za konjugaciju i moraju se nau\u010diti samostalno.<\/p>\n\n\n\n<p>Primjer (sada\u0161nje vrijeme): Ik ben, jij bent, hij\/zij\/u is, wij\/jullie\/zij zijn<\/p>\n\n\n\n<h3 class=\"wp-block-heading\" id=\"h-4-a-flair-for-pronouns\">4. Njuh za zamjenice<\/h3>\n\n\n\n<p>Zamjenice u nizozemskoj gramatici zamjenjuju imenice i neophodne su za pove\u0107anje dinami\u010dnosti i fluidnosti govora. Postoje osobne zamjenice, posvojne zamjenice, demonstrativne zamjenice i refleksne zamjenice. Kao po\u010detnik, razumijevanje osobnih i posesivnih zamjenica je klju\u010dno.<\/p>\n\n\n\n<p>Osobne zamjenice: ik (I), jij\/je (ti), hij\/zij\/ze (on\/ona), wij\/we (mi), jullie (svi), zij\/ze (oni)<\/p>\n\n\n\n<p>Posvojne zamjenice: mijn (moj), jouw\/je (va\u0161), zijn\/haar (njegovo\/njezina), ons\/onze (na\u0161a), jullie (ur), hun\/koko\u0161 (njihova)<\/p>\n\n\n\n<h3 class=\"wp-block-heading\" id=\"h-5-cases-no-more-mostly\">5. Slu\u010dajevi ne vi\u0161e (uglavnom)<\/h3>\n\n\n\n<p>Za razliku od njema\u010dkog, nizozemski vi\u0161e ne koristi sustav slu\u010dajeva u svakodnevnom \u017eivotu, pru\u017eaju\u0107i odre\u0111eno olak\u0161anje od jezi\u010dnih blokada. Jedina iznimka je kada se radi o nizozemskim varijantama izraza \u201etko\u201d i \u201ekoga\u201d (wie i wie, respektivno), te nekoliko ustaljenih izraza (kao \u0161to je te <a href=\"https:\/\/talkpal.ai\/locations\/learn-english-in-allen\/\">allen<\/a> tijde, \u0161to zna\u010di \u201eu svakom trenutku\u201d).  <\/p>\n\n\n\n<p>\u010cestitam! Poduzeli ste prve korake u svladavanju nizozemske gramatike. Upamtite da je praksa klju\u010dna, pa nemojte oklijevati dublje istra\u017eiti, komunicirati s izvornim govornicima i izgraditi sna\u017ene temelje. Veel uspijeva! (Sretno!)<\/p>\n<\/div><\/div>\n\r\n<section class=\"learnNavigationSection\">\r\n            \r\n        <a href=\"https:\/\/talkpal.ai\/hr\/ucenje-nizozemskog-jezika\/\">\r\n            <div class=\"learnNavigationWrapper\">\r\n                <div class=\"learnNavigationContent\">\r\n                    <img decoding=\"async\" src=\"https:\/\/talkpal.ai\/wp-content\/uploads\/2024\/08\/Dutch.jpg\" alt=\"Netherlands Flag\">\r\n                    <div>\r\n                        <h4>O u\u010denju nizozemskog<\/h4>\r\n                        <p>Saznajte sve o nizozemskoj gramatici.<\/p>\r\n                    <\/div>\r\n                <\/div>\r\n            <\/div>\r\n        <\/a>\r\n\r\n        \r\n        <a href=\"https:\/\/talkpal.ai\/hr\/vjezbe-nizozemske-gramatike\/\">\r\n            <div class=\"learnNavigationWrapper\">\r\n                <div class=\"learnNavigationContent\">\r\n                    <img decoding=\"async\" src=\"https:\/\/talkpal.ai\/wp-content\/uploads\/2024\/08\/Dutch.jpg\" alt=\"Netherlands Flag\">\r\n                    <div>\r\n                        <h4>Nizozemska gramati\u010dka vje\u017eba<\/h4>\r\n                        <p>Vje\u017ebajte nizozemsku gramatiku.<\/p>\r\n                    <\/div>\r\n                <\/div>\r\n            <\/div>\r\n        <\/a>\r\n\r\n        \r\n        <a href=\"https:\/\/talkpal.ai\/vocabulary_language\/dutch\/\">\r\n            <div class=\"learnNavigationWrapper\">\r\n                <div class=\"learnNavigationContent\">\r\n                    <img decoding=\"async\" src=\"https:\/\/talkpal.ai\/wp-content\/uploads\/2024\/08\/Dutch.jpg\" alt=\"Netherlands Flag\">\r\n                    <div>\r\n                        <h4>nizozemski rje\u010dnik<\/h4>\r\n                        <p>Pro\u0161irite svoj vokabular nizozemskog.<\/p>\r\n                    <\/div>\r\n                <\/div>\r\n            <\/div>\r\n        <\/a>\r\n\r\n            <\/section>","protected":false},"excerpt":{"rendered":"<p>Nizozemska gramatika: Majstor mehanike nizozemskog jezika Ako ste se odva\u017eili nau\u010diti nizozemski, \u010deka vas uzbudljiva vo\u017enja! S vi\u0161e od 23 milijuna govornika \u0161irom svijeta, nizozemski je fantasti\u010dan jezik koji ja\u010da va\u0161e jezi\u010dno umije\u0107e i pro\u0161iruje vidike. Mo\u017eda ste \u010duli \u0161aputanja o slo\u017eenosti nizozemske gramatike, ali ne bojte se! Ovaj \u010dlanak slu\u017ei kao prijateljski vodi\u010d za [&hellip;]<\/p>\n","protected":false},"author":1,"featured_media":106279,"parent":0,"menu_order":0,"comment_status":"closed","ping_status":"closed","template":"LearningContentPage.php","meta":{"_acf_changed":false,"footnotes":""},"class_list":["post-128758","page","type-page","status-publish","has-post-thumbnail","hentry"],"acf":[],"yoast_head":"<!-- This site is optimized with the Yoast SEO Premium plugin v27.2 (Yoast SEO v27.2) - https:\/\/yoast.com\/product\/yoast-seo-premium-wordpress\/ -->\n<title>Nizozemska gramatika - Talkpal<\/title>\n<meta name=\"description\" content=\"Savladajte nizozemsku gramatiku s Talkpal , va\u0161im jezi\u010dnim tutorom pokretanim umjetnom inteligencijom. Pristupite jasnim obja\u0161njenjima, prakti\u010dnim primjerima i interaktivnim vje\u017ebama!\" \/>\n<meta name=\"robots\" content=\"index, follow, max-snippet:-1, max-image-preview:large, max-video-preview:-1\" \/>\n<link rel=\"canonical\" href=\"https:\/\/talkpal.ai\/hr\/nizozemska-gramatika\/\" \/>\n<meta property=\"og:locale\" content=\"hr_HR\" \/>\n<meta property=\"og:type\" content=\"article\" \/>\n<meta property=\"og:title\" content=\"Nizozemska gramatika\" \/>\n<meta property=\"og:description\" content=\"Nizozemska gramatika: Majstor mehanike nizozemskog jezika Ako ste se odva\u017eili nau\u010diti nizozemski, \u010deka vas uzbudljiva vo\u017enja! S vi\u0161e od 23 milijuna\" \/>\n<meta property=\"og:url\" content=\"https:\/\/talkpal.ai\/hr\/nizozemska-gramatika\/\" \/>\n<meta property=\"og:site_name\" content=\"Talkpal\" \/>\n<meta property=\"article:publisher\" content=\"https:\/\/www.facebook.com\/profile.php?id=100090733639311\" \/>\n<meta property=\"article:modified_time\" content=\"2025-12-11T16:59:23+00:00\" \/>\n<meta property=\"og:image\" content=\"https:\/\/talkpal.ai\/wp-content\/uploads\/2023\/04\/netherlands-dutch.png\" \/>\n\t<meta property=\"og:image:width\" content=\"512\" \/>\n\t<meta property=\"og:image:height\" content=\"512\" \/>\n\t<meta property=\"og:image:type\" content=\"image\/png\" \/>\n<meta name=\"twitter:card\" content=\"summary_large_image\" \/>\n<meta name=\"twitter:site\" content=\"@talkpalai\" \/>\n<meta name=\"twitter:label1\" content=\"Procijenjeno vrijeme \u010ditanja\" \/>\n\t<meta name=\"twitter:data1\" content=\"3 minute\" \/>\n<script type=\"application\/ld+json\" class=\"yoast-schema-graph\">{\"@context\":\"https:\/\/schema.org\",\"@graph\":[{\"@type\":\"WebPage\",\"@id\":\"https:\/\/talkpal.ai\/hr\/nizozemska-gramatika\/\",\"url\":\"https:\/\/talkpal.ai\/hr\/nizozemska-gramatika\/\",\"name\":\"Nizozemska gramatika - Talkpal\",\"isPartOf\":{\"@id\":\"https:\/\/talkpal.ai\/hr\/#website\"},\"primaryImageOfPage\":{\"@id\":\"https:\/\/talkpal.ai\/hr\/nizozemska-gramatika\/#primaryimage\"},\"image\":{\"@id\":\"https:\/\/talkpal.ai\/hr\/nizozemska-gramatika\/#primaryimage\"},\"thumbnailUrl\":\"https:\/\/talkpal.ai\/wp-content\/uploads\/2023\/04\/netherlands-dutch.png\",\"datePublished\":\"2023-05-14T13:49:38+00:00\",\"dateModified\":\"2025-12-11T16:59:23+00:00\",\"description\":\"Savladajte nizozemsku gramatiku s Talkpal , va\u0161im jezi\u010dnim tutorom pokretanim umjetnom inteligencijom. Pristupite jasnim obja\u0161njenjima, prakti\u010dnim primjerima i interaktivnim vje\u017ebama!\",\"breadcrumb\":{\"@id\":\"https:\/\/talkpal.ai\/hr\/nizozemska-gramatika\/#breadcrumb\"},\"inLanguage\":\"hr\",\"potentialAction\":[{\"@type\":\"ReadAction\",\"target\":[\"https:\/\/talkpal.ai\/hr\/nizozemska-gramatika\/\"]}]},{\"@type\":\"ImageObject\",\"inLanguage\":\"hr\",\"@id\":\"https:\/\/talkpal.ai\/hr\/nizozemska-gramatika\/#primaryimage\",\"url\":\"https:\/\/talkpal.ai\/wp-content\/uploads\/2023\/04\/netherlands-dutch.png\",\"contentUrl\":\"https:\/\/talkpal.ai\/wp-content\/uploads\/2023\/04\/netherlands-dutch.png\",\"width\":512,\"height\":512},{\"@type\":\"BreadcrumbList\",\"@id\":\"https:\/\/talkpal.ai\/hr\/nizozemska-gramatika\/#breadcrumb\",\"itemListElement\":[{\"@type\":\"ListItem\",\"position\":1,\"name\":\"Homepage\",\"item\":\"https:\/\/talkpal.ai\/hr\/\"},{\"@type\":\"ListItem\",\"position\":2,\"name\":\"Nizozemska gramatika\"}]},{\"@type\":\"WebSite\",\"@id\":\"https:\/\/talkpal.ai\/hr\/#website\",\"url\":\"https:\/\/talkpal.ai\/hr\/\",\"name\":\"Talkpal\",\"description\":\"AI Language Learning\",\"publisher\":{\"@id\":\"https:\/\/talkpal.ai\/hr\/#organization\"},\"alternateName\":\"Talkpal AI\",\"potentialAction\":[{\"@type\":\"SearchAction\",\"target\":{\"@type\":\"EntryPoint\",\"urlTemplate\":\"https:\/\/talkpal.ai\/hr\/?s={search_term_string}\"},\"query-input\":{\"@type\":\"PropertyValueSpecification\",\"valueRequired\":true,\"valueName\":\"search_term_string\"}}],\"inLanguage\":\"hr\"},{\"@type\":\"Organization\",\"@id\":\"https:\/\/talkpal.ai\/hr\/#organization\",\"name\":\"Talkpal, Inc.\",\"alternateName\":\"Talkpal AI\",\"url\":\"https:\/\/talkpal.ai\/hr\/\",\"logo\":{\"@type\":\"ImageObject\",\"inLanguage\":\"hr\",\"@id\":\"https:\/\/talkpal.ai\/hr\/#\/schema\/logo\/image\/\",\"url\":\"https:\/\/talkpal.ai\/wp-content\/uploads\/2024\/03\/Talkpal-Logo-Icon.png\",\"contentUrl\":\"https:\/\/talkpal.ai\/wp-content\/uploads\/2024\/03\/Talkpal-Logo-Icon.png\",\"width\":2880,\"height\":2880,\"caption\":\"Talkpal, Inc.\"},\"image\":{\"@id\":\"https:\/\/talkpal.ai\/hr\/#\/schema\/logo\/image\/\"},\"sameAs\":[\"https:\/\/www.facebook.com\/profile.php?id=100090733639311\",\"https:\/\/x.com\/talkpalai\",\"https:\/\/www.linkedin.com\/company\/talkpal\/\",\"https:\/\/www.youtube.com\/@TalkPal\/\",\"https:\/\/www.tiktok.com\/@talkpal\",\"https:\/\/www.instagram.com\/talkpal_ai\/\",\"https:\/\/www.crunchbase.com\/organization\/talkpal-9cde\",\"https:\/\/www.g2.com\/products\/talkpal-for-business\/\",\"https:\/\/www.trustpilot.com\/review\/talkpal.ai\",\"https:\/\/www.capterra.com\/p\/10006800\/TalkPal\/\"],\"description\":\"Talkpal is a language learning web and mobile education app, powered by the latest AI technologies, that provides engaging experiences to its customers in many different languages to help them improve their language skills. Users can chat about unlimited amount of topics with the app and use other modes to practice their language learning.\",\"email\":\"support@talkpal.ai\",\"legalName\":\"Talkpal, Inc.\",\"foundingDate\":\"2023-04-03\",\"duns\":\"118989042\",\"numberOfEmployees\":{\"@type\":\"QuantitativeValue\",\"minValue\":\"11\",\"maxValue\":\"50\"},\"publishingPrinciples\":\"https:\/\/talkpal.ai\/publishing-principles\/\",\"actionableFeedbackPolicy\":\"https:\/\/talkpal.ai\/actionable-feedback-policy\/\",\"correctionsPolicy\":\"https:\/\/talkpal.ai\/corrections-policy\/\",\"ethicsPolicy\":\"https:\/\/talkpal.ai\/ethics-policy\/\",\"diversityPolicy\":\"https:\/\/talkpal.ai\/diversity-policy\/\",\"diversityStaffingReport\":\"https:\/\/talkpal.ai\/diversity-policy\/\"}]}<\/script>\n<!-- \/ Yoast SEO Premium plugin. -->","yoast_head_json":{"title":"Nizozemska gramatika - Talkpal","description":"Savladajte nizozemsku gramatiku s Talkpal , va\u0161im jezi\u010dnim tutorom pokretanim umjetnom inteligencijom. Pristupite jasnim obja\u0161njenjima, prakti\u010dnim primjerima i interaktivnim vje\u017ebama!","robots":{"index":"index","follow":"follow","max-snippet":"max-snippet:-1","max-image-preview":"max-image-preview:large","max-video-preview":"max-video-preview:-1"},"canonical":"https:\/\/talkpal.ai\/hr\/nizozemska-gramatika\/","og_locale":"hr_HR","og_type":"article","og_title":"Nizozemska gramatika","og_description":"Nizozemska gramatika: Majstor mehanike nizozemskog jezika Ako ste se odva\u017eili nau\u010diti nizozemski, \u010deka vas uzbudljiva vo\u017enja! S vi\u0161e od 23 milijuna","og_url":"https:\/\/talkpal.ai\/hr\/nizozemska-gramatika\/","og_site_name":"Talkpal","article_publisher":"https:\/\/www.facebook.com\/profile.php?id=100090733639311","article_modified_time":"2025-12-11T16:59:23+00:00","og_image":[{"width":512,"height":512,"url":"https:\/\/talkpal.ai\/wp-content\/uploads\/2023\/04\/netherlands-dutch.png","type":"image\/png"}],"twitter_card":"summary_large_image","twitter_site":"@talkpalai","twitter_misc":{"Procijenjeno vrijeme \u010ditanja":"3 minute"},"schema":{"@context":"https:\/\/schema.org","@graph":[{"@type":"WebPage","@id":"https:\/\/talkpal.ai\/hr\/nizozemska-gramatika\/","url":"https:\/\/talkpal.ai\/hr\/nizozemska-gramatika\/","name":"Nizozemska gramatika - Talkpal","isPartOf":{"@id":"https:\/\/talkpal.ai\/hr\/#website"},"primaryImageOfPage":{"@id":"https:\/\/talkpal.ai\/hr\/nizozemska-gramatika\/#primaryimage"},"image":{"@id":"https:\/\/talkpal.ai\/hr\/nizozemska-gramatika\/#primaryimage"},"thumbnailUrl":"https:\/\/talkpal.ai\/wp-content\/uploads\/2023\/04\/netherlands-dutch.png","datePublished":"2023-05-14T13:49:38+00:00","dateModified":"2025-12-11T16:59:23+00:00","description":"Savladajte nizozemsku gramatiku s Talkpal , va\u0161im jezi\u010dnim tutorom pokretanim umjetnom inteligencijom. Pristupite jasnim obja\u0161njenjima, prakti\u010dnim primjerima i interaktivnim vje\u017ebama!","breadcrumb":{"@id":"https:\/\/talkpal.ai\/hr\/nizozemska-gramatika\/#breadcrumb"},"inLanguage":"hr","potentialAction":[{"@type":"ReadAction","target":["https:\/\/talkpal.ai\/hr\/nizozemska-gramatika\/"]}]},{"@type":"ImageObject","inLanguage":"hr","@id":"https:\/\/talkpal.ai\/hr\/nizozemska-gramatika\/#primaryimage","url":"https:\/\/talkpal.ai\/wp-content\/uploads\/2023\/04\/netherlands-dutch.png","contentUrl":"https:\/\/talkpal.ai\/wp-content\/uploads\/2023\/04\/netherlands-dutch.png","width":512,"height":512},{"@type":"BreadcrumbList","@id":"https:\/\/talkpal.ai\/hr\/nizozemska-gramatika\/#breadcrumb","itemListElement":[{"@type":"ListItem","position":1,"name":"Homepage","item":"https:\/\/talkpal.ai\/hr\/"},{"@type":"ListItem","position":2,"name":"Nizozemska gramatika"}]},{"@type":"WebSite","@id":"https:\/\/talkpal.ai\/hr\/#website","url":"https:\/\/talkpal.ai\/hr\/","name":"Talkpal","description":"AI Language Learning","publisher":{"@id":"https:\/\/talkpal.ai\/hr\/#organization"},"alternateName":"Talkpal AI","potentialAction":[{"@type":"SearchAction","target":{"@type":"EntryPoint","urlTemplate":"https:\/\/talkpal.ai\/hr\/?s={search_term_string}"},"query-input":{"@type":"PropertyValueSpecification","valueRequired":true,"valueName":"search_term_string"}}],"inLanguage":"hr"},{"@type":"Organization","@id":"https:\/\/talkpal.ai\/hr\/#organization","name":"Talkpal, Inc.","alternateName":"Talkpal AI","url":"https:\/\/talkpal.ai\/hr\/","logo":{"@type":"ImageObject","inLanguage":"hr","@id":"https:\/\/talkpal.ai\/hr\/#\/schema\/logo\/image\/","url":"https:\/\/talkpal.ai\/wp-content\/uploads\/2024\/03\/Talkpal-Logo-Icon.png","contentUrl":"https:\/\/talkpal.ai\/wp-content\/uploads\/2024\/03\/Talkpal-Logo-Icon.png","width":2880,"height":2880,"caption":"Talkpal, Inc."},"image":{"@id":"https:\/\/talkpal.ai\/hr\/#\/schema\/logo\/image\/"},"sameAs":["https:\/\/www.facebook.com\/profile.php?id=100090733639311","https:\/\/x.com\/talkpalai","https:\/\/www.linkedin.com\/company\/talkpal\/","https:\/\/www.youtube.com\/@TalkPal\/","https:\/\/www.tiktok.com\/@talkpal","https:\/\/www.instagram.com\/talkpal_ai\/","https:\/\/www.crunchbase.com\/organization\/talkpal-9cde","https:\/\/www.g2.com\/products\/talkpal-for-business\/","https:\/\/www.trustpilot.com\/review\/talkpal.ai","https:\/\/www.capterra.com\/p\/10006800\/TalkPal\/"],"description":"Talkpal is a language learning web and mobile education app, powered by the latest AI technologies, that provides engaging experiences to its customers in many different languages to help them improve their language skills. Users can chat about unlimited amount of topics with the app and use other modes to practice their language learning.","email":"support@talkpal.ai","legalName":"Talkpal, Inc.","foundingDate":"2023-04-03","duns":"118989042","numberOfEmployees":{"@type":"QuantitativeValue","minValue":"11","maxValue":"50"},"publishingPrinciples":"https:\/\/talkpal.ai\/publishing-principles\/","actionableFeedbackPolicy":"https:\/\/talkpal.ai\/actionable-feedback-policy\/","correctionsPolicy":"https:\/\/talkpal.ai\/corrections-policy\/","ethicsPolicy":"https:\/\/talkpal.ai\/ethics-policy\/","diversityPolicy":"https:\/\/talkpal.ai\/diversity-policy\/","diversityStaffingReport":"https:\/\/talkpal.ai\/diversity-policy\/"}]}},"_links":{"self":[{"href":"https:\/\/talkpal.ai\/hr\/wp-json\/wp\/v2\/pages\/128758","targetHints":{"allow":["GET"]}}],"collection":[{"href":"https:\/\/talkpal.ai\/hr\/wp-json\/wp\/v2\/pages"}],"about":[{"href":"https:\/\/talkpal.ai\/hr\/wp-json\/wp\/v2\/types\/page"}],"author":[{"embeddable":true,"href":"https:\/\/talkpal.ai\/hr\/wp-json\/wp\/v2\/users\/1"}],"replies":[{"embeddable":true,"href":"https:\/\/talkpal.ai\/hr\/wp-json\/wp\/v2\/comments?post=128758"}],"version-history":[{"count":0,"href":"https:\/\/talkpal.ai\/hr\/wp-json\/wp\/v2\/pages\/128758\/revisions"}],"wp:featuredmedia":[{"embeddable":true,"href":"https:\/\/talkpal.ai\/hr\/wp-json\/wp\/v2\/media\/106279"}],"wp:attachment":[{"href":"https:\/\/talkpal.ai\/hr\/wp-json\/wp\/v2\/media?parent=128758"}],"curies":[{"name":"wp","href":"https:\/\/api.w.org\/{rel}","templated":true}]}}