{"id":128286,"date":"2023-05-14T13:48:36","date_gmt":"2023-05-14T13:48:36","guid":{"rendered":"http:\/\/talkpal.ai\/kineska-gramatika\/"},"modified":"2025-06-17T16:40:28","modified_gmt":"2025-06-17T16:40:28","slug":"kineska-gramatika","status":"publish","type":"page","link":"https:\/\/talkpal.ai\/hr\/kineska-gramatika\/","title":{"rendered":"Kineska gramatika"},"content":{"rendered":"\r\n\r\n\r\n<section class=\"languageChallengeSection\">\r\n    <div class=\"languageInfoWrapper\">\r\n        \r\n        <h1>Kineska gramatika<\/h1>\r\n        <p>Oja\u010dajte svoje vje\u0161tine kineskog jezika u\u010denjem klju\u010dnih gramati\u010dkih struktura i obrazaca upotrebe. Po\u010dnite pobolj\u0161avati svoju kinesku gramatiku ve\u0107 danas i komunicirajte s povjerenjem!<\/p>\r\n\r\n                            <a class=\"getStartedHidden\" href=\"https:\/\/app.talkpal.ai\/hr\/signup?lng=\">Zapo\u010dni<\/a>\r\n        \r\n    <\/div>\r\n\r\n    <figure>\r\n    <img decoding=\"async\" width=\"768\" height=\"768\" src=\"https:\/\/talkpal.ai\/wp-content\/uploads\/2023\/06\/chinese-768x768.png\" class=\"languageImage no-lazy\" alt=\"Language learning for flexible communication\" fetchpriority=\"high\" sizes=\"(max-width: 768px) 150px, 768px\" srcset=\"https:\/\/talkpal.ai\/wp-content\/uploads\/2023\/06\/chinese-768x768.png 768w, https:\/\/talkpal.ai\/wp-content\/uploads\/2023\/06\/chinese-300x300.png 300w\" \/>\r\n    \r\n\r\n    <\/figure>\r\n\r\n            <a class=\"getStartedVisible\" href=\"https:\/\/app.talkpal.ai\/hr\/signup?lng=\">Zapo\u010dni<\/a>\r\n    \r\n<\/section>\r\n<section class=\"promotionalBanner\">\r\n    <p class=\"promotionalText\">Naju\u010dinkovitiji na\u010din u\u010denja jezika<\/p>\r\n    <a class=\"promotionalLink\" href=\"https:\/\/app.talkpal.ai\/hr\/signup?lng=\">Isprobajte Talkpal besplatno<\/a>\r\n<\/section>\n<div class=\"wp-block-group pageContainerStyle\"><div class=\"wp-block-group__inner-container is-layout-constrained wp-block-group-is-layout-constrained\">\n<h2 class=\"wp-block-heading\" id=\"h-chinese-grammar-the-key-to-mastering-mandarin\">Kineska gramatika: klju\u010d za svladavanje mandarinskog jezika<\/h2>\n\n\n\n<p>Jeste li ambiciozni u\u010denik jezika koji je bacio oko na svladavanje mandarinskog jezika? Ako je tako, \u010destitam! Rje\u0161avanje kineskog fantasti\u010dan je na\u010din da pro\u0161irite svoj globalni na\u010din razmi\u0161ljanja, pove\u017eete se sa \u0161irokim rasponom govornika i intelektualno se izazovete. Me\u0111utim, s 1,2 milijarde izvornih govornika i jezi\u010dnim sustavom koji se uvelike razlikuje od zapadnih jezika, <a href=\"https:\/\/talkpal.ai\/sq\/gramatika-kineze\/\">kineska gramatika<\/a> mo\u017ee se \u010diniti prili\u010dno zastra\u0161uju\u0107om. Ne bojte se! \u010citajte dalje za ubrzani te\u010daj kineske gramatike prilago\u0111en po\u010detnicima koji je i privla\u010dan i informativan.<\/p>\n\n\n\n<p><strong>Prvo: zaboravite \u0161to znate o europskim jezicima!<\/strong><\/p>\n\n\n\n<p>Jedan od glavnih razloga za\u0161to se <a href=\"https:\/\/talkpal.ai\/talkpal-discount-for-students\/\">studenti<\/a> jezika pla\u0161e kineske gramatike je to \u0161to se radikalno razlikuje od strukture &#8220;subjekt-glagol-objekt&#8221; na koju smo navikli u jezicima poput engleskog, \u0161panjolskog ili francuskog. Zato duboko udahnite i zaronimo u potpuno <a href=\"https:\/\/talkpal.ai\/locations\/language-courses-in-novi\/\">novi<\/a> svemir lingvisti\u010dkih pravila i pojmova!<\/p>\n\n\n\n<h3 class=\"wp-block-heading\" id=\"h-1-word-order-is-king\">1. Redoslijed rije\u010di je kralj<\/h3>\n\n\n\n<p>Iako u kineskoj gramatici nema vremena, konjugacija glagola ili mno\u017eine, pravilna struktura re\u010denica je najva\u017enija. Pa kako se posti\u017ee ispravan redoslijed rije\u010di? U ve\u0107ini slu\u010dajeva jednostavno slijedite uzorak &#8220;subjekt-glagol-objekt&#8221; (sli\u010dno engleskom). Npr:<\/p>\n\n\n\n<p><a href=\"https:\/\/talkpal.ai\/learn-english-with-ai\/\">Engleski<\/a>: Volim te.<br\/><a href=\"https:\/\/talkpal.ai\/learn-chinese\/\">Kineski<\/a>: \u6211\u7231\u4f60\u3002 W\u01d2 \u00e0i n\u01d0.<\/p>\n\n\n\n<p>Postoje slo\u017eenije strukture, ali razvoj sna\u017enih temelja olak\u0161at \u0107e ih razumijevanju kada napredujete.<\/p>\n\n\n\n<h3 class=\"wp-block-heading\" id=\"h-2-particles-particles-everywhere\">2. \u010cestice, \u010destice posvuda!<\/h3>\n\n\n\n<p>U kineskoj gramatici \u010destice igraju klju\u010dnu ulogu u preno\u0161enju zna\u010denja. Jedna od naj\u010de\u0161\u0107ih \u010destica je &#8220;\u4e86 (le)&#8221;, <a href=\"https:\/\/talkpal.ai\/locations\/language-courses-in-koja\/\">koja<\/a> ozna\u010dava dovr\u0161enu radnju. Npr:<\/p>\n\n\n\n<p>\u6211\u5403\u4e86\u3002W\u01d2 ch\u012b le. &#8211; &#8220;Ja sam jeo.&#8221;<\/p>\n\n\n\n<p>Jo\u0161 jedna uobi\u010dajena \u010destica je &#8220;\u5427 (ba)&#8221;, koja izjavu pretvara u prijedlog ili pitanje:<\/p>\n\n\n\n<p>\u8d70\u5427\uff01Z\u01d2u ba! &#8211; &#8220;Idemo!&#8221;<\/p>\n\n\n\n<p>Razumijevanje funkcija razli\u010ditih \u010destica klju\u010dno je za ovladavanje nijansama kineske gramatike.<\/p>\n\n\n\n<h3 class=\"wp-block-heading\" id=\"h-3-measure-words-quality-not-quantity\">3. Izmjerite rije\u010di: kvaliteta, a ne koli\u010dina<\/h3>\n\n\n\n<p>U kineskom, imenice nemaju mno\u017einu. Umjesto toga, koriste mjerne rije\u010di (poznate i kao klasifikatori) za izra\u017eavanje koli\u010dine. Izme\u0111u broja i imenice dodaju se rije\u010di mjere. Npr:<\/p>\n\n\n\n<p>\u4e00\u672c\u4e66 \u2013 Y\u012b b\u011bn <a href=\"https:\/\/talkpal.ai\/locations\/language-courses-in-shu\/\">sh\u016b<\/a> \u2013 \u201cjedna knjiga\u201d<\/p>\n\n\n\n<p>Primijetite upotrebu \u672c (b\u011bn) kao mjerne rije\u010di za knjige. Razli\u010dite imenice zahtijevaju razli\u010dite rije\u010di za mjerenje, i dok se ovo u po\u010detku mo\u017ee \u010diniti zbunjuju\u0107im, s vje\u017ebom \u0107e postati druga priroda.<\/p>\n\n\n\n<h3 class=\"wp-block-heading\" id=\"h-4-the-magic-of-compound-words\">4. \u010carolija slo\u017eenih rije\u010di<\/h3>\n\n\n\n<p>Kineski je pun slo\u017eenih rije\u010di, koje nastaju kombiniranjem dva ili vi\u0161e znakova. To ne samo da pojednostavljuje u\u010denje vokabulara, ve\u0107 omogu\u0107uje i \u017eivopisne slike i kontekst. Npr:<\/p>\n\n\n\n<p>\u706b\u8f66 \u2013 Hu\u01d2ch\u0113 \u2013 \u201cvlak\u201d (doslovno: \u201cvatrogasno vozilo\u201d)<br\/>\u7535\u8bdd \u2013 Di\u00e0nhu\u00e0 \u2013 \u201ctelefon\u201d (doslovno: \u201celektri\u010dni govor\u201d)<\/p>\n\n\n\n<p>Razumijevanjem zna\u010denja pojedina\u010dnih znakova, lako mo\u017eete zaklju\u010diti zna\u010denje slo\u017eenica koje nikada prije niste susreli.<\/p>\n\n\n\n<h3 class=\"wp-block-heading\" id=\"h-5-no-tenses-no-problem\">5. Nema vremena? Nema frke!<\/h3>\n\n\n\n<p>Jedan od najsvje\u017eijih aspekata kineskog je nedostatak konjugacija glagola za razli\u010dita vremena. Ali kako izra\u017eavate vrijeme? Jednostavan! Samo uklju\u010dite rije\u010di koje ozna\u010davaju vremenski okvir, kao \u0161to su:<\/p>\n\n\n\n<p>\u6628\u5929 \u2013 Zu\u00f3ti\u0101n \u2013 \u201cju\u010der\u201d<br\/>\u660e\u5929 \u2013 M\u00edngti\u0101n \u2013 \u201csutra\u201d<\/p>\n\n\n\n<p><strong>Npr:<\/strong><\/p>\n\n\n\n<p>\u6211\u6628\u5929\u5403\u4e86\u996d\u3002W\u01d2 zu\u00f3ti\u0101n ch\u012b le fan. \u2013 \u201cJu\u010der sam jeo hranu.\u201d<br\/>\u6211\u660e\u5929\u5403\u996d\u3002W\u01d2 m\u00edngti\u0101n ch\u012b fan. \u2013 \u201cSutra \u0107u jesti hranu.\u201d<\/p>\n\n\n\n<p>\u010cestitam! Napravili ste prve korake prema svladavanju kineske gramatike. Zapamtite: praksa \u010dini savr\u0161enim. Dakle, nemojte bje\u017eati od istra\u017eivanja novih gramati\u010dkih struktura, razgovora s izvornim govornicima i ja\u010danja svojih temelja. Svijet mandarinskog \u010deka na vas \u2013 sretno u\u010denje!<\/p>\n<\/div><\/div>\n\r\n<section class=\"learnNavigationSection\">\r\n            \r\n        <a href=\"https:\/\/talkpal.ai\/hr\/ucenje-kineskog-jezika\/\">\r\n            <div class=\"learnNavigationWrapper\">\r\n                <div class=\"learnNavigationContent\">\r\n                    <img decoding=\"async\" src=\"https:\/\/talkpal.ai\/wp-content\/uploads\/2024\/08\/Chinese.jpg\" alt=\"Chinese Flag\u00a0\">\r\n                    <div>\r\n                        <h4>O u\u010denju kineskog<\/h4>\r\n                        <p>Saznajte sve o kineskoj gramatici.<\/p>\r\n                    <\/div>\r\n                <\/div>\r\n            <\/div>\r\n        <\/a>\r\n\r\n        \r\n        <a href=\"https:\/\/talkpal.ai\/hr\/vjezbe-kineske-gramatike\/\">\r\n            <div class=\"learnNavigationWrapper\">\r\n                <div class=\"learnNavigationContent\">\r\n                    <img decoding=\"async\" src=\"https:\/\/talkpal.ai\/wp-content\/uploads\/2024\/08\/Chinese.jpg\" alt=\"Chinese Flag\u00a0\">\r\n                    <div>\r\n                        <h4>Kineska gramati\u010dka vje\u017eba<\/h4>\r\n                        <p>Vje\u017ebajte kinesku gramatiku.<\/p>\r\n                    <\/div>\r\n                <\/div>\r\n            <\/div>\r\n        <\/a>\r\n\r\n        \r\n        <a href=\"https:\/\/talkpal.ai\/vocabulary_language\/chinese\/\">\r\n            <div class=\"learnNavigationWrapper\">\r\n                <div class=\"learnNavigationContent\">\r\n                    <img decoding=\"async\" src=\"https:\/\/talkpal.ai\/wp-content\/uploads\/2024\/08\/Chinese.jpg\" alt=\"Chinese Flag\u00a0\">\r\n                    <div>\r\n                        <h4>Kineski rje\u010dnik<\/h4>\r\n                        <p>Pro\u0161irite svoj kineski vokabular.<\/p>\r\n                    <\/div>\r\n                <\/div>\r\n            <\/div>\r\n        <\/a>\r\n\r\n            <\/section>","protected":false},"excerpt":{"rendered":"<p>Kineska gramatika: klju\u010d za svladavanje mandarinskog jezika Jeste li ambiciozni u\u010denik jezika koji je bacio oko na svladavanje mandarinskog jezika? Ako je tako, \u010destitam! Rje\u0161avanje kineskog fantasti\u010dan je na\u010din da pro\u0161irite svoj globalni na\u010din razmi\u0161ljanja, pove\u017eete se sa \u0161irokim rasponom govornika i intelektualno se izazovete. Me\u0111utim, s 1,2 milijarde izvornih govornika i jezi\u010dnim sustavom koji [&hellip;]<\/p>\n","protected":false},"author":1,"featured_media":106197,"parent":0,"menu_order":0,"comment_status":"closed","ping_status":"closed","template":"LearningContentPage.php","meta":{"_acf_changed":false,"footnotes":""},"class_list":["post-128286","page","type-page","status-publish","has-post-thumbnail","hentry"],"acf":[],"yoast_head":"<!-- This site is optimized with the Yoast SEO Premium plugin v27.2 (Yoast SEO v27.2) - https:\/\/yoast.com\/product\/yoast-seo-premium-wordpress\/ -->\n<title>Kineska gramatika - Talkpal<\/title>\n<meta name=\"description\" content=\"Otkrijte tajne kineske gramatike za bolje razumijevanje kineskog jezika i kulture.\" \/>\n<meta name=\"robots\" content=\"index, follow, max-snippet:-1, max-image-preview:large, max-video-preview:-1\" \/>\n<link rel=\"canonical\" href=\"https:\/\/talkpal.ai\/hr\/kineska-gramatika\/\" \/>\n<meta property=\"og:locale\" content=\"hr_HR\" \/>\n<meta property=\"og:type\" content=\"article\" \/>\n<meta property=\"og:title\" content=\"Kineska gramatika\" \/>\n<meta property=\"og:description\" content=\"Kineska gramatika: klju\u010d za svladavanje mandarinskog jezika Jeste li ambiciozni u\u010denik jezika koji je bacio oko na svladavanje mandarinskog jezika? Ako je\" \/>\n<meta property=\"og:url\" content=\"https:\/\/talkpal.ai\/hr\/kineska-gramatika\/\" \/>\n<meta property=\"og:site_name\" content=\"Talkpal\" \/>\n<meta property=\"article:publisher\" content=\"https:\/\/www.facebook.com\/profile.php?id=100090733639311\" \/>\n<meta property=\"article:modified_time\" content=\"2025-06-17T16:40:28+00:00\" \/>\n<meta property=\"og:image\" content=\"https:\/\/talkpal.ai\/wp-content\/uploads\/2023\/04\/china.png\" \/>\n\t<meta property=\"og:image:width\" content=\"512\" \/>\n\t<meta property=\"og:image:height\" content=\"512\" \/>\n\t<meta property=\"og:image:type\" content=\"image\/png\" \/>\n<meta name=\"twitter:card\" content=\"summary_large_image\" \/>\n<meta name=\"twitter:site\" content=\"@talkpalai\" \/>\n<meta name=\"twitter:label1\" content=\"Procijenjeno vrijeme \u010ditanja\" \/>\n\t<meta name=\"twitter:data1\" content=\"3 minute\" \/>\n<script type=\"application\/ld+json\" class=\"yoast-schema-graph\">{\"@context\":\"https:\/\/schema.org\",\"@graph\":[{\"@type\":\"WebPage\",\"@id\":\"https:\/\/talkpal.ai\/hr\/kineska-gramatika\/\",\"url\":\"https:\/\/talkpal.ai\/hr\/kineska-gramatika\/\",\"name\":\"Kineska gramatika - Talkpal\",\"isPartOf\":{\"@id\":\"https:\/\/talkpal.ai\/hr\/#website\"},\"primaryImageOfPage\":{\"@id\":\"https:\/\/talkpal.ai\/hr\/kineska-gramatika\/#primaryimage\"},\"image\":{\"@id\":\"https:\/\/talkpal.ai\/hr\/kineska-gramatika\/#primaryimage\"},\"thumbnailUrl\":\"https:\/\/talkpal.ai\/wp-content\/uploads\/2023\/04\/china.png\",\"datePublished\":\"2023-05-14T13:48:36+00:00\",\"dateModified\":\"2025-06-17T16:40:28+00:00\",\"description\":\"Otkrijte tajne kineske gramatike za bolje razumijevanje kineskog jezika i kulture.\",\"breadcrumb\":{\"@id\":\"https:\/\/talkpal.ai\/hr\/kineska-gramatika\/#breadcrumb\"},\"inLanguage\":\"hr\",\"potentialAction\":[{\"@type\":\"ReadAction\",\"target\":[\"https:\/\/talkpal.ai\/hr\/kineska-gramatika\/\"]}]},{\"@type\":\"ImageObject\",\"inLanguage\":\"hr\",\"@id\":\"https:\/\/talkpal.ai\/hr\/kineska-gramatika\/#primaryimage\",\"url\":\"https:\/\/talkpal.ai\/wp-content\/uploads\/2023\/04\/china.png\",\"contentUrl\":\"https:\/\/talkpal.ai\/wp-content\/uploads\/2023\/04\/china.png\",\"width\":512,\"height\":512},{\"@type\":\"BreadcrumbList\",\"@id\":\"https:\/\/talkpal.ai\/hr\/kineska-gramatika\/#breadcrumb\",\"itemListElement\":[{\"@type\":\"ListItem\",\"position\":1,\"name\":\"Homepage\",\"item\":\"https:\/\/talkpal.ai\/hr\/\"},{\"@type\":\"ListItem\",\"position\":2,\"name\":\"Kineska gramatika\"}]},{\"@type\":\"WebSite\",\"@id\":\"https:\/\/talkpal.ai\/hr\/#website\",\"url\":\"https:\/\/talkpal.ai\/hr\/\",\"name\":\"Talkpal\",\"description\":\"AI Language Learning\",\"publisher\":{\"@id\":\"https:\/\/talkpal.ai\/hr\/#organization\"},\"alternateName\":\"Talkpal AI\",\"potentialAction\":[{\"@type\":\"SearchAction\",\"target\":{\"@type\":\"EntryPoint\",\"urlTemplate\":\"https:\/\/talkpal.ai\/hr\/?s={search_term_string}\"},\"query-input\":{\"@type\":\"PropertyValueSpecification\",\"valueRequired\":true,\"valueName\":\"search_term_string\"}}],\"inLanguage\":\"hr\"},{\"@type\":\"Organization\",\"@id\":\"https:\/\/talkpal.ai\/hr\/#organization\",\"name\":\"Talkpal, Inc.\",\"alternateName\":\"Talkpal AI\",\"url\":\"https:\/\/talkpal.ai\/hr\/\",\"logo\":{\"@type\":\"ImageObject\",\"inLanguage\":\"hr\",\"@id\":\"https:\/\/talkpal.ai\/hr\/#\/schema\/logo\/image\/\",\"url\":\"https:\/\/talkpal.ai\/wp-content\/uploads\/2024\/03\/Talkpal-Logo-Icon.png\",\"contentUrl\":\"https:\/\/talkpal.ai\/wp-content\/uploads\/2024\/03\/Talkpal-Logo-Icon.png\",\"width\":2880,\"height\":2880,\"caption\":\"Talkpal, Inc.\"},\"image\":{\"@id\":\"https:\/\/talkpal.ai\/hr\/#\/schema\/logo\/image\/\"},\"sameAs\":[\"https:\/\/www.facebook.com\/profile.php?id=100090733639311\",\"https:\/\/x.com\/talkpalai\",\"https:\/\/www.linkedin.com\/company\/talkpal\/\",\"https:\/\/www.youtube.com\/@TalkPal\/\",\"https:\/\/www.tiktok.com\/@talkpal\",\"https:\/\/www.instagram.com\/talkpal_ai\/\",\"https:\/\/www.crunchbase.com\/organization\/talkpal-9cde\",\"https:\/\/www.g2.com\/products\/talkpal-for-business\/\",\"https:\/\/www.trustpilot.com\/review\/talkpal.ai\",\"https:\/\/www.capterra.com\/p\/10006800\/TalkPal\/\"],\"description\":\"Talkpal is a language learning web and mobile education app, powered by the latest AI technologies, that provides engaging experiences to its customers in many different languages to help them improve their language skills. Users can chat about unlimited amount of topics with the app and use other modes to practice their language learning.\",\"email\":\"support@talkpal.ai\",\"legalName\":\"Talkpal, Inc.\",\"foundingDate\":\"2023-04-03\",\"duns\":\"118989042\",\"numberOfEmployees\":{\"@type\":\"QuantitativeValue\",\"minValue\":\"11\",\"maxValue\":\"50\"},\"publishingPrinciples\":\"https:\/\/talkpal.ai\/publishing-principles\/\",\"actionableFeedbackPolicy\":\"https:\/\/talkpal.ai\/actionable-feedback-policy\/\",\"correctionsPolicy\":\"https:\/\/talkpal.ai\/corrections-policy\/\",\"ethicsPolicy\":\"https:\/\/talkpal.ai\/ethics-policy\/\",\"diversityPolicy\":\"https:\/\/talkpal.ai\/diversity-policy\/\",\"diversityStaffingReport\":\"https:\/\/talkpal.ai\/diversity-policy\/\"}]}<\/script>\n<!-- \/ Yoast SEO Premium plugin. -->","yoast_head_json":{"title":"Kineska gramatika - Talkpal","description":"Otkrijte tajne kineske gramatike za bolje razumijevanje kineskog jezika i kulture.","robots":{"index":"index","follow":"follow","max-snippet":"max-snippet:-1","max-image-preview":"max-image-preview:large","max-video-preview":"max-video-preview:-1"},"canonical":"https:\/\/talkpal.ai\/hr\/kineska-gramatika\/","og_locale":"hr_HR","og_type":"article","og_title":"Kineska gramatika","og_description":"Kineska gramatika: klju\u010d za svladavanje mandarinskog jezika Jeste li ambiciozni u\u010denik jezika koji je bacio oko na svladavanje mandarinskog jezika? Ako je","og_url":"https:\/\/talkpal.ai\/hr\/kineska-gramatika\/","og_site_name":"Talkpal","article_publisher":"https:\/\/www.facebook.com\/profile.php?id=100090733639311","article_modified_time":"2025-06-17T16:40:28+00:00","og_image":[{"width":512,"height":512,"url":"https:\/\/talkpal.ai\/wp-content\/uploads\/2023\/04\/china.png","type":"image\/png"}],"twitter_card":"summary_large_image","twitter_site":"@talkpalai","twitter_misc":{"Procijenjeno vrijeme \u010ditanja":"3 minute"},"schema":{"@context":"https:\/\/schema.org","@graph":[{"@type":"WebPage","@id":"https:\/\/talkpal.ai\/hr\/kineska-gramatika\/","url":"https:\/\/talkpal.ai\/hr\/kineska-gramatika\/","name":"Kineska gramatika - Talkpal","isPartOf":{"@id":"https:\/\/talkpal.ai\/hr\/#website"},"primaryImageOfPage":{"@id":"https:\/\/talkpal.ai\/hr\/kineska-gramatika\/#primaryimage"},"image":{"@id":"https:\/\/talkpal.ai\/hr\/kineska-gramatika\/#primaryimage"},"thumbnailUrl":"https:\/\/talkpal.ai\/wp-content\/uploads\/2023\/04\/china.png","datePublished":"2023-05-14T13:48:36+00:00","dateModified":"2025-06-17T16:40:28+00:00","description":"Otkrijte tajne kineske gramatike za bolje razumijevanje kineskog jezika i kulture.","breadcrumb":{"@id":"https:\/\/talkpal.ai\/hr\/kineska-gramatika\/#breadcrumb"},"inLanguage":"hr","potentialAction":[{"@type":"ReadAction","target":["https:\/\/talkpal.ai\/hr\/kineska-gramatika\/"]}]},{"@type":"ImageObject","inLanguage":"hr","@id":"https:\/\/talkpal.ai\/hr\/kineska-gramatika\/#primaryimage","url":"https:\/\/talkpal.ai\/wp-content\/uploads\/2023\/04\/china.png","contentUrl":"https:\/\/talkpal.ai\/wp-content\/uploads\/2023\/04\/china.png","width":512,"height":512},{"@type":"BreadcrumbList","@id":"https:\/\/talkpal.ai\/hr\/kineska-gramatika\/#breadcrumb","itemListElement":[{"@type":"ListItem","position":1,"name":"Homepage","item":"https:\/\/talkpal.ai\/hr\/"},{"@type":"ListItem","position":2,"name":"Kineska gramatika"}]},{"@type":"WebSite","@id":"https:\/\/talkpal.ai\/hr\/#website","url":"https:\/\/talkpal.ai\/hr\/","name":"Talkpal","description":"AI Language Learning","publisher":{"@id":"https:\/\/talkpal.ai\/hr\/#organization"},"alternateName":"Talkpal AI","potentialAction":[{"@type":"SearchAction","target":{"@type":"EntryPoint","urlTemplate":"https:\/\/talkpal.ai\/hr\/?s={search_term_string}"},"query-input":{"@type":"PropertyValueSpecification","valueRequired":true,"valueName":"search_term_string"}}],"inLanguage":"hr"},{"@type":"Organization","@id":"https:\/\/talkpal.ai\/hr\/#organization","name":"Talkpal, Inc.","alternateName":"Talkpal AI","url":"https:\/\/talkpal.ai\/hr\/","logo":{"@type":"ImageObject","inLanguage":"hr","@id":"https:\/\/talkpal.ai\/hr\/#\/schema\/logo\/image\/","url":"https:\/\/talkpal.ai\/wp-content\/uploads\/2024\/03\/Talkpal-Logo-Icon.png","contentUrl":"https:\/\/talkpal.ai\/wp-content\/uploads\/2024\/03\/Talkpal-Logo-Icon.png","width":2880,"height":2880,"caption":"Talkpal, Inc."},"image":{"@id":"https:\/\/talkpal.ai\/hr\/#\/schema\/logo\/image\/"},"sameAs":["https:\/\/www.facebook.com\/profile.php?id=100090733639311","https:\/\/x.com\/talkpalai","https:\/\/www.linkedin.com\/company\/talkpal\/","https:\/\/www.youtube.com\/@TalkPal\/","https:\/\/www.tiktok.com\/@talkpal","https:\/\/www.instagram.com\/talkpal_ai\/","https:\/\/www.crunchbase.com\/organization\/talkpal-9cde","https:\/\/www.g2.com\/products\/talkpal-for-business\/","https:\/\/www.trustpilot.com\/review\/talkpal.ai","https:\/\/www.capterra.com\/p\/10006800\/TalkPal\/"],"description":"Talkpal is a language learning web and mobile education app, powered by the latest AI technologies, that provides engaging experiences to its customers in many different languages to help them improve their language skills. Users can chat about unlimited amount of topics with the app and use other modes to practice their language learning.","email":"support@talkpal.ai","legalName":"Talkpal, Inc.","foundingDate":"2023-04-03","duns":"118989042","numberOfEmployees":{"@type":"QuantitativeValue","minValue":"11","maxValue":"50"},"publishingPrinciples":"https:\/\/talkpal.ai\/publishing-principles\/","actionableFeedbackPolicy":"https:\/\/talkpal.ai\/actionable-feedback-policy\/","correctionsPolicy":"https:\/\/talkpal.ai\/corrections-policy\/","ethicsPolicy":"https:\/\/talkpal.ai\/ethics-policy\/","diversityPolicy":"https:\/\/talkpal.ai\/diversity-policy\/","diversityStaffingReport":"https:\/\/talkpal.ai\/diversity-policy\/"}]}},"_links":{"self":[{"href":"https:\/\/talkpal.ai\/hr\/wp-json\/wp\/v2\/pages\/128286","targetHints":{"allow":["GET"]}}],"collection":[{"href":"https:\/\/talkpal.ai\/hr\/wp-json\/wp\/v2\/pages"}],"about":[{"href":"https:\/\/talkpal.ai\/hr\/wp-json\/wp\/v2\/types\/page"}],"author":[{"embeddable":true,"href":"https:\/\/talkpal.ai\/hr\/wp-json\/wp\/v2\/users\/1"}],"replies":[{"embeddable":true,"href":"https:\/\/talkpal.ai\/hr\/wp-json\/wp\/v2\/comments?post=128286"}],"version-history":[{"count":0,"href":"https:\/\/talkpal.ai\/hr\/wp-json\/wp\/v2\/pages\/128286\/revisions"}],"wp:featuredmedia":[{"embeddable":true,"href":"https:\/\/talkpal.ai\/hr\/wp-json\/wp\/v2\/media\/106197"}],"wp:attachment":[{"href":"https:\/\/talkpal.ai\/hr\/wp-json\/wp\/v2\/media?parent=128286"}],"curies":[{"name":"wp","href":"https:\/\/api.w.org\/{rel}","templated":true}]}}