{"id":127862,"date":"2023-05-14T13:43:38","date_gmt":"2023-05-14T13:43:38","guid":{"rendered":"http:\/\/talkpal.ai\/arapska-gramatika\/"},"modified":"2025-05-21T11:49:08","modified_gmt":"2025-05-21T11:49:08","slug":"arapska-gramatika","status":"publish","type":"page","link":"https:\/\/talkpal.ai\/hr\/arapska-gramatika\/","title":{"rendered":"Arapska gramatika"},"content":{"rendered":"\r\n\r\n\r\n<section class=\"languageChallengeSection\">\r\n    <div class=\"languageInfoWrapper\">\r\n        \r\n        <h1>Arapska gramatika<\/h1>\r\n        <p>Unaprijedite svoje znanje arapskog jezika istra\u017eivanjem bitnih gramati\u010dkih koncepata i jasnih, detaljnih obja\u0161njenja. Po\u010dnite svladavati arapsku gramatiku odmah i komunicirajte s ve\u0107om te\u010dno\u0161\u0107u i samopouzdanjem!<\/p>\r\n\r\n                            <a class=\"getStartedHidden\" href=\"https:\/\/app.talkpal.ai\/hr\/signup?lng=\">Zapo\u010dni<\/a>\r\n        \r\n    <\/div>\r\n\r\n    <figure>\r\n    <img decoding=\"async\" width=\"768\" height=\"768\" src=\"https:\/\/talkpal.ai\/wp-content\/uploads\/2023\/06\/arabic-768x768.png\" class=\"languageImage no-lazy\" alt=\"Language learning for linguistic diversity\" fetchpriority=\"high\" sizes=\"(max-width: 768px) 150px, 768px\" srcset=\"https:\/\/talkpal.ai\/wp-content\/uploads\/2023\/06\/arabic-768x768.png 768w, https:\/\/talkpal.ai\/wp-content\/uploads\/2023\/06\/arabic-300x300.png 300w\" \/>\r\n    \r\n\r\n    <\/figure>\r\n\r\n            <a class=\"getStartedVisible\" href=\"https:\/\/app.talkpal.ai\/hr\/signup?lng=\">Zapo\u010dni<\/a>\r\n    \r\n<\/section>\r\n<section class=\"promotionalBanner\">\r\n    <p class=\"promotionalText\">Naju\u010dinkovitiji na\u010din u\u010denja jezika<\/p>\r\n    <a class=\"promotionalLink\" href=\"https:\/\/app.talkpal.ai\/hr\/signup?lng=\">Isprobajte Talkpal besplatno<\/a>\r\n<\/section>\n<div class=\"wp-block-group pageContainerStyle\"><div class=\"wp-block-group__inner-container is-layout-constrained wp-block-group-is-layout-constrained\">\n<h2 class=\"wp-block-heading\" id=\"h-the-intricacies-of-arabic-grammar-a-journey-through-its-roots-and-beauty\">Zamr\u0161enost arapske gramatike: putovanje kroz korijene i ljepotu<\/h2>\n\n\n\n<p><strong>Sje\u0107ate li se kad ste po\u010deli u\u010diti englesku gramatiku?<\/strong>  Naizgled beskrajna pravila, iznimke i terminologije mo\u017eda su vas ponekad osje\u0107ali preoptere\u0107eno. Ako razmi\u0161ljate o u\u010denju arapskog jezika, budite uvjereni da on tako\u0111er ima jedinstven i zamr\u0161en gramati\u010dki sustav. Dakle, krenimo na kratko, ali prosvjetljuju\u0107e putovanje kroz korijene i ljepotu arapske gramatike.<\/p>\n\n\n\n<p>Za po\u010detak, utvrdimo neke <strong>klju\u010dne razlike izme\u0111u arapske i engleske gramatike.<\/strong> U arapskom su rije\u010di podijeljene u tri kategorije: imenice, glagoli i \u010destice. Za razliku od engleskog, arapske rije\u010di slijede korijenski sustav, \u0161to zna\u010di da mo\u017eete pratiti temeljno zna\u010denje rije\u010di identificiraju\u0107i njezin korijen. Ovaj korijenski sustav daje arapskom iznimnu razinu dubine i bogatstva. Nevjerojatna stvar kod arapske gramatike je oslanjanje na obrasce, \u0161to \u010desto omogu\u0107uje govornicima stvaranje novih rije\u010di slijede\u0107i odre\u0111ene strukture.<\/p>\n\n\n\n<p>Jo\u0161 jedan va\u017ean aspekt <strong>arapske gramatike je da je to rodno odre\u0111en jezik<\/strong> , \u0161to zna\u010di da imenice i pridjevi imaju rodno specifi\u010dne oblike. Jeste li znali da arapski \u010dak ima dvostruki oblik uz jedinstvene i mno\u017einske oblike? To je istina! Arapski dvostruki oblik koristi se za ozna\u010davanje parova, kao \u0161to su o\u010di, ruke ili roditelji. Dodaje dodatni sloj specifi\u010dnosti koji nedostaje engleskom jeziku.<\/p>\n\n\n\n<p>Sada razgovarajmo o <strong>konjugaciji glagola u arapskom jeziku<\/strong> , koji je sam po sebi potpuno <a href=\"https:\/\/talkpal.ai\/locations\/language-courses-in-novi\/\">novi<\/a> svijet. Arapski glagoli temelje se na sustavu korijena, koji se obi\u010dno sastoje od tri temeljna suglasnika. Korijen odre\u0111uje osnovno zna\u010denje glagola, a dodavanjem samoglasni\u010dkih uzoraka stvarate razli\u010dite oblike glagola koji izra\u017eava razli\u010dita zna\u010denja i vremena. Na primjer, promjena samoglasnika u korijenu mo\u017ee promijeniti vrijeme iz pro\u0161losti u sada\u0161njost ili pretvoriti aktivni glagol u pasivni. Prili\u010dno nevjerojatno, <a href=\"https:\/\/talkpal.ai\/culture\/how-do-you-use-the-phrase-zar-ne-at-the-end-of-a-sentence\/\">zar ne<\/a>?<\/p>\n\n\n\n<p>Jo\u0161 jedan fascinantan aspekt arapske gramatike o kojem moramo razgovarati je <strong>definitivnost<\/strong>. U engleskom jeziku koristimo rije\u010d &#8220;the&#8221; da ozna\u010dimo da je imenica definitivna. U arapskom je ovaj koncept ugra\u0111en u jezik kroz malu \u010desticu <a href=\"https:\/\/talkpal.ai\/locations\/language-courses-in-koja\/\">koja<\/a> se zove &#8220;Al-&#8221; koja se dodaje na po\u010detak rije\u010di. Kada imenici prethodi \u201cAl-\u201c, ona postaje odre\u0111ena bez ikakvih dodatnih kvalifikatora. Dakle, umjesto da ka\u017eete &#8220;ku\u0107a je velika&#8221; na arapskom, rekli biste &#8220;Al-baytu kabir&#8221;, gdje &#8220;Al-baytu&#8221; zna\u010di &#8220;ku\u0107a&#8221;.<\/p>\n\n\n\n<p><strong>Razgovorni arapski<\/strong> je dinami\u010dniji i fluidniji od formalnog arapskog, kao \u0161to je slu\u010daj s bilo kojim jezikom. Me\u0111utim, ovladavanje temeljnim na\u010delima arapske gramatike ostaje klju\u010dno za istinsko razumijevanje i uva\u017eavanje jezika. Jednom kada se naviknete na korijenske obrasce, rodne oblike i konjugacije glagola, postat \u0107e mnogo lak\u0161e prepoznati i nau\u010diti nove rije\u010di.<\/p>\n\n\n\n<p><strong>U\u010denje arapske gramatike<\/strong> mo\u017ee se isprva \u010diniti zastra\u0161uju\u0107im, ali uz upornost i predanost, mo\u0107i \u0107ete cijeniti ljepotu ovog zamr\u0161enog jezika. Ba\u0161 kao i rje\u0161avanje slo\u017eene zagonetke ili de\u0161ifriranje \u0161ifriranog koda, nagrada le\u017ei u zadovoljstvu otklju\u010davanja misterija arapskog jezika i uranjanja u njegovu bogatu kulturu, povijest i knji\u017eevnost. Pa \u0161to \u010deka\u0161? Zaronite u o\u010daravaju\u0107i svijet arapske gramatike i otkrijte njezinu pravu su\u0161tinu za sebe.<\/p>\n<\/div><\/div>\n\r\n<section class=\"learnNavigationSection\">\r\n            \r\n        <a href=\"https:\/\/talkpal.ai\/hr\/ucenje-arapskog-jezika\/\">\r\n            <div class=\"learnNavigationWrapper\">\r\n                <div class=\"learnNavigationContent\">\r\n                    <img decoding=\"async\" src=\"https:\/\/talkpal.ai\/wp-content\/uploads\/2024\/08\/Arabic.jpg\" alt=\"Arabic Flag\">\r\n                    <div>\r\n                        <h4>O u\u010denju arapskog jezika<\/h4>\r\n                        <p>Saznajte sve o arapskoj gramatici.<\/p>\r\n                    <\/div>\r\n                <\/div>\r\n            <\/div>\r\n        <\/a>\r\n\r\n        \r\n        <a href=\"https:\/\/talkpal.ai\/hr\/vjezbe-arapske-gramatike\/\">\r\n            <div class=\"learnNavigationWrapper\">\r\n                <div class=\"learnNavigationContent\">\r\n                    <img decoding=\"async\" src=\"https:\/\/talkpal.ai\/wp-content\/uploads\/2024\/08\/Arabic.jpg\" alt=\"Arabic Flag\">\r\n                    <div>\r\n                        <h4>Vje\u017eba arapske gramatike<\/h4>\r\n                        <p>Vje\u017ebajte arapsku gramatiku.<\/p>\r\n                    <\/div>\r\n                <\/div>\r\n            <\/div>\r\n        <\/a>\r\n\r\n        \r\n        <a href=\"https:\/\/talkpal.ai\/vocabulary_language\/arabic\/\">\r\n            <div class=\"learnNavigationWrapper\">\r\n                <div class=\"learnNavigationContent\">\r\n                    <img decoding=\"async\" src=\"https:\/\/talkpal.ai\/wp-content\/uploads\/2024\/08\/Arabic.jpg\" alt=\"Arabic Flag\">\r\n                    <div>\r\n                        <h4>Arapski rje\u010dnik<\/h4>\r\n                        <p>Pro\u0161irite svoj arapski vokabular.<\/p>\r\n                    <\/div>\r\n                <\/div>\r\n            <\/div>\r\n        <\/a>\r\n\r\n            <\/section>","protected":false},"excerpt":{"rendered":"<p>Zamr\u0161enost arapske gramatike: putovanje kroz korijene i ljepotu Sje\u0107ate li se kad ste po\u010deli u\u010diti englesku gramatiku? Naizgled beskrajna pravila, iznimke i terminologije mo\u017eda su vas ponekad osje\u0107ali preoptere\u0107eno. Ako razmi\u0161ljate o u\u010denju arapskog jezika, budite uvjereni da on tako\u0111er ima jedinstven i zamr\u0161en gramati\u010dki sustav. Dakle, krenimo na kratko, ali prosvjetljuju\u0107e putovanje kroz korijene [&hellip;]<\/p>\n","protected":false},"author":1,"featured_media":105791,"parent":0,"menu_order":0,"comment_status":"closed","ping_status":"closed","template":"LearningContentPage.php","meta":{"_acf_changed":false,"footnotes":""},"class_list":["post-127862","page","type-page","status-publish","has-post-thumbnail","hentry"],"acf":[],"yoast_head":"<!-- This site is optimized with the Yoast SEO Premium plugin v27.2 (Yoast SEO v27.2) - https:\/\/yoast.com\/product\/yoast-seo-premium-wordpress\/ -->\n<title>Arapska gramatika - Talkpal<\/title>\n<meta name=\"description\" content=\"Istra\u017eite zamr\u0161enosti arapske gramatike i otkrijte njezinu jedinstvenu strukturu u usporedbi s engleskom gramatikom.\" \/>\n<meta name=\"robots\" content=\"index, follow, max-snippet:-1, max-image-preview:large, max-video-preview:-1\" \/>\n<link rel=\"canonical\" href=\"https:\/\/talkpal.ai\/hr\/arapska-gramatika\/\" \/>\n<meta property=\"og:locale\" content=\"hr_HR\" \/>\n<meta property=\"og:type\" content=\"article\" \/>\n<meta property=\"og:title\" content=\"Arapska gramatika\" \/>\n<meta property=\"og:description\" content=\"Zamr\u0161enost arapske gramatike: putovanje kroz korijene i ljepotu Sje\u0107ate li se kad ste po\u010deli u\u010diti englesku gramatiku? Naizgled beskrajna pravila, iznimke\" \/>\n<meta property=\"og:url\" content=\"https:\/\/talkpal.ai\/hr\/arapska-gramatika\/\" \/>\n<meta property=\"og:site_name\" content=\"Talkpal\" \/>\n<meta property=\"article:publisher\" content=\"https:\/\/www.facebook.com\/profile.php?id=100090733639311\" \/>\n<meta property=\"article:modified_time\" content=\"2025-05-21T11:49:08+00:00\" \/>\n<meta property=\"og:image\" content=\"https:\/\/talkpal.ai\/wp-content\/uploads\/2023\/04\/arabic-united-arab-emirates.png\" \/>\n\t<meta property=\"og:image:width\" content=\"512\" \/>\n\t<meta property=\"og:image:height\" content=\"512\" \/>\n\t<meta property=\"og:image:type\" content=\"image\/png\" \/>\n<meta name=\"twitter:card\" content=\"summary_large_image\" \/>\n<meta name=\"twitter:site\" content=\"@talkpalai\" \/>\n<meta name=\"twitter:label1\" content=\"Procijenjeno vrijeme \u010ditanja\" \/>\n\t<meta name=\"twitter:data1\" content=\"3 minute\" \/>\n<script type=\"application\/ld+json\" class=\"yoast-schema-graph\">{\"@context\":\"https:\/\/schema.org\",\"@graph\":[{\"@type\":\"WebPage\",\"@id\":\"https:\/\/talkpal.ai\/hr\/arapska-gramatika\/\",\"url\":\"https:\/\/talkpal.ai\/hr\/arapska-gramatika\/\",\"name\":\"Arapska gramatika - Talkpal\",\"isPartOf\":{\"@id\":\"https:\/\/talkpal.ai\/hr\/#website\"},\"primaryImageOfPage\":{\"@id\":\"https:\/\/talkpal.ai\/hr\/arapska-gramatika\/#primaryimage\"},\"image\":{\"@id\":\"https:\/\/talkpal.ai\/hr\/arapska-gramatika\/#primaryimage\"},\"thumbnailUrl\":\"https:\/\/talkpal.ai\/wp-content\/uploads\/2023\/04\/arabic-united-arab-emirates.png\",\"datePublished\":\"2023-05-14T13:43:38+00:00\",\"dateModified\":\"2025-05-21T11:49:08+00:00\",\"description\":\"Istra\u017eite zamr\u0161enosti arapske gramatike i otkrijte njezinu jedinstvenu strukturu u usporedbi s engleskom gramatikom.\",\"breadcrumb\":{\"@id\":\"https:\/\/talkpal.ai\/hr\/arapska-gramatika\/#breadcrumb\"},\"inLanguage\":\"hr\",\"potentialAction\":[{\"@type\":\"ReadAction\",\"target\":[\"https:\/\/talkpal.ai\/hr\/arapska-gramatika\/\"]}]},{\"@type\":\"ImageObject\",\"inLanguage\":\"hr\",\"@id\":\"https:\/\/talkpal.ai\/hr\/arapska-gramatika\/#primaryimage\",\"url\":\"https:\/\/talkpal.ai\/wp-content\/uploads\/2023\/04\/arabic-united-arab-emirates.png\",\"contentUrl\":\"https:\/\/talkpal.ai\/wp-content\/uploads\/2023\/04\/arabic-united-arab-emirates.png\",\"width\":512,\"height\":512},{\"@type\":\"BreadcrumbList\",\"@id\":\"https:\/\/talkpal.ai\/hr\/arapska-gramatika\/#breadcrumb\",\"itemListElement\":[{\"@type\":\"ListItem\",\"position\":1,\"name\":\"Homepage\",\"item\":\"https:\/\/talkpal.ai\/hr\/\"},{\"@type\":\"ListItem\",\"position\":2,\"name\":\"Arapska gramatika\"}]},{\"@type\":\"WebSite\",\"@id\":\"https:\/\/talkpal.ai\/hr\/#website\",\"url\":\"https:\/\/talkpal.ai\/hr\/\",\"name\":\"Talkpal\",\"description\":\"AI Language Learning\",\"publisher\":{\"@id\":\"https:\/\/talkpal.ai\/hr\/#organization\"},\"alternateName\":\"Talkpal AI\",\"potentialAction\":[{\"@type\":\"SearchAction\",\"target\":{\"@type\":\"EntryPoint\",\"urlTemplate\":\"https:\/\/talkpal.ai\/hr\/?s={search_term_string}\"},\"query-input\":{\"@type\":\"PropertyValueSpecification\",\"valueRequired\":true,\"valueName\":\"search_term_string\"}}],\"inLanguage\":\"hr\"},{\"@type\":\"Organization\",\"@id\":\"https:\/\/talkpal.ai\/hr\/#organization\",\"name\":\"Talkpal, Inc.\",\"alternateName\":\"Talkpal AI\",\"url\":\"https:\/\/talkpal.ai\/hr\/\",\"logo\":{\"@type\":\"ImageObject\",\"inLanguage\":\"hr\",\"@id\":\"https:\/\/talkpal.ai\/hr\/#\/schema\/logo\/image\/\",\"url\":\"https:\/\/talkpal.ai\/wp-content\/uploads\/2024\/03\/Talkpal-Logo-Icon.png\",\"contentUrl\":\"https:\/\/talkpal.ai\/wp-content\/uploads\/2024\/03\/Talkpal-Logo-Icon.png\",\"width\":2880,\"height\":2880,\"caption\":\"Talkpal, Inc.\"},\"image\":{\"@id\":\"https:\/\/talkpal.ai\/hr\/#\/schema\/logo\/image\/\"},\"sameAs\":[\"https:\/\/www.facebook.com\/profile.php?id=100090733639311\",\"https:\/\/x.com\/talkpalai\",\"https:\/\/www.linkedin.com\/company\/talkpal\/\",\"https:\/\/www.youtube.com\/@TalkPal\/\",\"https:\/\/www.tiktok.com\/@talkpal\",\"https:\/\/www.instagram.com\/talkpal_ai\/\",\"https:\/\/www.crunchbase.com\/organization\/talkpal-9cde\",\"https:\/\/www.g2.com\/products\/talkpal-for-business\/\",\"https:\/\/www.trustpilot.com\/review\/talkpal.ai\",\"https:\/\/www.capterra.com\/p\/10006800\/TalkPal\/\"],\"description\":\"Talkpal is a language learning web and mobile education app, powered by the latest AI technologies, that provides engaging experiences to its customers in many different languages to help them improve their language skills. Users can chat about unlimited amount of topics with the app and use other modes to practice their language learning.\",\"email\":\"support@talkpal.ai\",\"legalName\":\"Talkpal, Inc.\",\"foundingDate\":\"2023-04-03\",\"duns\":\"118989042\",\"numberOfEmployees\":{\"@type\":\"QuantitativeValue\",\"minValue\":\"11\",\"maxValue\":\"50\"},\"publishingPrinciples\":\"https:\/\/talkpal.ai\/publishing-principles\/\",\"actionableFeedbackPolicy\":\"https:\/\/talkpal.ai\/actionable-feedback-policy\/\",\"correctionsPolicy\":\"https:\/\/talkpal.ai\/corrections-policy\/\",\"ethicsPolicy\":\"https:\/\/talkpal.ai\/ethics-policy\/\",\"diversityPolicy\":\"https:\/\/talkpal.ai\/diversity-policy\/\",\"diversityStaffingReport\":\"https:\/\/talkpal.ai\/diversity-policy\/\"}]}<\/script>\n<!-- \/ Yoast SEO Premium plugin. -->","yoast_head_json":{"title":"Arapska gramatika - Talkpal","description":"Istra\u017eite zamr\u0161enosti arapske gramatike i otkrijte njezinu jedinstvenu strukturu u usporedbi s engleskom gramatikom.","robots":{"index":"index","follow":"follow","max-snippet":"max-snippet:-1","max-image-preview":"max-image-preview:large","max-video-preview":"max-video-preview:-1"},"canonical":"https:\/\/talkpal.ai\/hr\/arapska-gramatika\/","og_locale":"hr_HR","og_type":"article","og_title":"Arapska gramatika","og_description":"Zamr\u0161enost arapske gramatike: putovanje kroz korijene i ljepotu Sje\u0107ate li se kad ste po\u010deli u\u010diti englesku gramatiku? Naizgled beskrajna pravila, iznimke","og_url":"https:\/\/talkpal.ai\/hr\/arapska-gramatika\/","og_site_name":"Talkpal","article_publisher":"https:\/\/www.facebook.com\/profile.php?id=100090733639311","article_modified_time":"2025-05-21T11:49:08+00:00","og_image":[{"width":512,"height":512,"url":"https:\/\/talkpal.ai\/wp-content\/uploads\/2023\/04\/arabic-united-arab-emirates.png","type":"image\/png"}],"twitter_card":"summary_large_image","twitter_site":"@talkpalai","twitter_misc":{"Procijenjeno vrijeme \u010ditanja":"3 minute"},"schema":{"@context":"https:\/\/schema.org","@graph":[{"@type":"WebPage","@id":"https:\/\/talkpal.ai\/hr\/arapska-gramatika\/","url":"https:\/\/talkpal.ai\/hr\/arapska-gramatika\/","name":"Arapska gramatika - Talkpal","isPartOf":{"@id":"https:\/\/talkpal.ai\/hr\/#website"},"primaryImageOfPage":{"@id":"https:\/\/talkpal.ai\/hr\/arapska-gramatika\/#primaryimage"},"image":{"@id":"https:\/\/talkpal.ai\/hr\/arapska-gramatika\/#primaryimage"},"thumbnailUrl":"https:\/\/talkpal.ai\/wp-content\/uploads\/2023\/04\/arabic-united-arab-emirates.png","datePublished":"2023-05-14T13:43:38+00:00","dateModified":"2025-05-21T11:49:08+00:00","description":"Istra\u017eite zamr\u0161enosti arapske gramatike i otkrijte njezinu jedinstvenu strukturu u usporedbi s engleskom gramatikom.","breadcrumb":{"@id":"https:\/\/talkpal.ai\/hr\/arapska-gramatika\/#breadcrumb"},"inLanguage":"hr","potentialAction":[{"@type":"ReadAction","target":["https:\/\/talkpal.ai\/hr\/arapska-gramatika\/"]}]},{"@type":"ImageObject","inLanguage":"hr","@id":"https:\/\/talkpal.ai\/hr\/arapska-gramatika\/#primaryimage","url":"https:\/\/talkpal.ai\/wp-content\/uploads\/2023\/04\/arabic-united-arab-emirates.png","contentUrl":"https:\/\/talkpal.ai\/wp-content\/uploads\/2023\/04\/arabic-united-arab-emirates.png","width":512,"height":512},{"@type":"BreadcrumbList","@id":"https:\/\/talkpal.ai\/hr\/arapska-gramatika\/#breadcrumb","itemListElement":[{"@type":"ListItem","position":1,"name":"Homepage","item":"https:\/\/talkpal.ai\/hr\/"},{"@type":"ListItem","position":2,"name":"Arapska gramatika"}]},{"@type":"WebSite","@id":"https:\/\/talkpal.ai\/hr\/#website","url":"https:\/\/talkpal.ai\/hr\/","name":"Talkpal","description":"AI Language Learning","publisher":{"@id":"https:\/\/talkpal.ai\/hr\/#organization"},"alternateName":"Talkpal AI","potentialAction":[{"@type":"SearchAction","target":{"@type":"EntryPoint","urlTemplate":"https:\/\/talkpal.ai\/hr\/?s={search_term_string}"},"query-input":{"@type":"PropertyValueSpecification","valueRequired":true,"valueName":"search_term_string"}}],"inLanguage":"hr"},{"@type":"Organization","@id":"https:\/\/talkpal.ai\/hr\/#organization","name":"Talkpal, Inc.","alternateName":"Talkpal AI","url":"https:\/\/talkpal.ai\/hr\/","logo":{"@type":"ImageObject","inLanguage":"hr","@id":"https:\/\/talkpal.ai\/hr\/#\/schema\/logo\/image\/","url":"https:\/\/talkpal.ai\/wp-content\/uploads\/2024\/03\/Talkpal-Logo-Icon.png","contentUrl":"https:\/\/talkpal.ai\/wp-content\/uploads\/2024\/03\/Talkpal-Logo-Icon.png","width":2880,"height":2880,"caption":"Talkpal, Inc."},"image":{"@id":"https:\/\/talkpal.ai\/hr\/#\/schema\/logo\/image\/"},"sameAs":["https:\/\/www.facebook.com\/profile.php?id=100090733639311","https:\/\/x.com\/talkpalai","https:\/\/www.linkedin.com\/company\/talkpal\/","https:\/\/www.youtube.com\/@TalkPal\/","https:\/\/www.tiktok.com\/@talkpal","https:\/\/www.instagram.com\/talkpal_ai\/","https:\/\/www.crunchbase.com\/organization\/talkpal-9cde","https:\/\/www.g2.com\/products\/talkpal-for-business\/","https:\/\/www.trustpilot.com\/review\/talkpal.ai","https:\/\/www.capterra.com\/p\/10006800\/TalkPal\/"],"description":"Talkpal is a language learning web and mobile education app, powered by the latest AI technologies, that provides engaging experiences to its customers in many different languages to help them improve their language skills. Users can chat about unlimited amount of topics with the app and use other modes to practice their language learning.","email":"support@talkpal.ai","legalName":"Talkpal, Inc.","foundingDate":"2023-04-03","duns":"118989042","numberOfEmployees":{"@type":"QuantitativeValue","minValue":"11","maxValue":"50"},"publishingPrinciples":"https:\/\/talkpal.ai\/publishing-principles\/","actionableFeedbackPolicy":"https:\/\/talkpal.ai\/actionable-feedback-policy\/","correctionsPolicy":"https:\/\/talkpal.ai\/corrections-policy\/","ethicsPolicy":"https:\/\/talkpal.ai\/ethics-policy\/","diversityPolicy":"https:\/\/talkpal.ai\/diversity-policy\/","diversityStaffingReport":"https:\/\/talkpal.ai\/diversity-policy\/"}]}},"_links":{"self":[{"href":"https:\/\/talkpal.ai\/hr\/wp-json\/wp\/v2\/pages\/127862","targetHints":{"allow":["GET"]}}],"collection":[{"href":"https:\/\/talkpal.ai\/hr\/wp-json\/wp\/v2\/pages"}],"about":[{"href":"https:\/\/talkpal.ai\/hr\/wp-json\/wp\/v2\/types\/page"}],"author":[{"embeddable":true,"href":"https:\/\/talkpal.ai\/hr\/wp-json\/wp\/v2\/users\/1"}],"replies":[{"embeddable":true,"href":"https:\/\/talkpal.ai\/hr\/wp-json\/wp\/v2\/comments?post=127862"}],"version-history":[{"count":0,"href":"https:\/\/talkpal.ai\/hr\/wp-json\/wp\/v2\/pages\/127862\/revisions"}],"wp:featuredmedia":[{"embeddable":true,"href":"https:\/\/talkpal.ai\/hr\/wp-json\/wp\/v2\/media\/105791"}],"wp:attachment":[{"href":"https:\/\/talkpal.ai\/hr\/wp-json\/wp\/v2\/media?parent=127862"}],"curies":[{"name":"wp","href":"https:\/\/api.w.org\/{rel}","templated":true}]}}