{"id":126742,"date":"2023-03-26T12:27:22","date_gmt":"2023-03-26T12:27:22","guid":{"rendered":"http:\/\/talkpal.ai\/talijanska-gramatika\/"},"modified":"2025-05-22T18:42:36","modified_gmt":"2025-05-22T18:42:36","slug":"talijanska-gramatika","status":"publish","type":"page","link":"https:\/\/talkpal.ai\/hr\/talijanska-gramatika\/","title":{"rendered":"Talijanska gramatika"},"content":{"rendered":"\r\n\r\n\r\n<section class=\"languageChallengeSection\">\r\n    <div class=\"languageInfoWrapper\">\r\n        \r\n        <h1>Talijanska gramatika<\/h1>\r\n        <p>Otkrijte osnove talijanskog jezika u\u010de\u0107i njegova bitna gramati\u010dka pravila. Savladavanje talijanske gramatike pomo\u0107i \u0107e vam da se izra\u017eavate s povjerenjem i dublje se pove\u017eete s bogatom talijanskom kulturom. Po\u010dnite u\u010diti talijansku gramatiku ve\u0107 danas i napravite prvi korak prema te\u010dnosti!<\/p>\r\n\r\n                            <a class=\"getStartedHidden\" href=\"https:\/\/app.talkpal.ai\/hr\/signup?lng=\">Zapo\u010dni<\/a>\r\n        \r\n    <\/div>\r\n\r\n    <figure>\r\n    <img decoding=\"async\" width=\"768\" height=\"768\" src=\"https:\/\/talkpal.ai\/wp-content\/uploads\/2023\/06\/italian-768x768.png\" class=\"languageImage no-lazy\" alt=\"Language learning for increased memory capacity\" fetchpriority=\"high\" sizes=\"(max-width: 768px) 150px, 768px\" srcset=\"https:\/\/talkpal.ai\/wp-content\/uploads\/2023\/06\/italian-768x768.png 768w, https:\/\/talkpal.ai\/wp-content\/uploads\/2023\/06\/italian-300x300.png 300w\" \/>\r\n    \r\n\r\n    <\/figure>\r\n\r\n            <a class=\"getStartedVisible\" href=\"https:\/\/app.talkpal.ai\/hr\/signup?lng=\">Zapo\u010dni<\/a>\r\n    \r\n<\/section>\r\n        <section class=\"grammarSection\">\r\n            <div class=\"grammarLinks\">\r\n                <a href=\"https:\/\/talkpal.ai\/hr\/language\/glagoli-talijanska-gramatika\/\">Glagoli <\/a><a href=\"https:\/\/talkpal.ai\/hr\/language\/imenice-talijanska-gramatika\/\">Imenice <\/a><a href=\"https:\/\/talkpal.ai\/hr\/language\/negacija-i-ispitivanje-talijanska-gramatika\/\">Negacija i ispitivanje <\/a><a href=\"https:\/\/talkpal.ai\/hr\/language\/pridjevi-talijanska-gramatika\/\">Pridjevi <\/a><a href=\"https:\/\/talkpal.ai\/hr\/language\/prijedlozi-talijanska-gramatika\/\">Prijedlozi <\/a><a href=\"https:\/\/talkpal.ai\/hr\/language\/prilozi-talijanska-gramatika\/\">Prilozi <\/a><a href=\"https:\/\/talkpal.ai\/hr\/language\/sintaksa-i-struktura-recenice-talijanska-gramatika\/\">Sintaksa i struktura re\u010denice <\/a><a href=\"https:\/\/talkpal.ai\/hr\/language\/veznici-talijanska-gramatika\/\">Veznici <\/a><a href=\"https:\/\/talkpal.ai\/hr\/language\/zamjenice-talijanska-gramatika\/\">Zamjenice <\/a>            <\/div>\r\n        <\/section>\r\n    <section class=\"promotionalBanner\">\r\n    <p class=\"promotionalText\">Naju\u010dinkovitiji na\u010din u\u010denja jezika<\/p>\r\n    <a class=\"promotionalLink\" href=\"https:\/\/app.talkpal.ai\/hr\/signup?lng=\">Isprobajte Talkpal besplatno<\/a>\r\n<\/section>\n<div class=\"wp-block-group pageContainerStyle\"><div class=\"wp-block-group__inner-container is-layout-constrained wp-block-group-is-layout-constrained\">\n<h2 class=\"wp-block-heading\" id=\"h-mastering-the-art-of-italian-grammar-your-ultimate-guide\">Ovladavanje umije\u0107em talijanske gramatike: Va\u0161 najbolji vodi\u010d<\/h2>\n\n\n\n<p>Cao, jezi\u010dni entuzijasti! Jeste li spremni zaroniti glavom bez obzira u svijet talijanske gramatike? Do\u0161li ste na pravo mjesto. Prepun informacija koje su lako probavljive i konverzacijskog su tona, ovaj \u0107e vas \u010dlanak voditi kroz fascinantan (a ponekad i lukav) svijet talijanske gramatike kako biste s pouzdanjem mogli sastavljati re\u010denice i voditi smislene razgovore s izvornim govornicima. Dakle, zakop\u010dajte se i po\u010dnimo!<\/p>\n\n\n\n<h3 class=\"wp-block-heading\" id=\"h-but-first-why-italian-grammar\">Ali prvo, za\u0161to talijanska gramatika?<\/h3>\n\n\n\n<p>Ako u\u010dite <a href=\"https:\/\/talkpal.ai\/learn-italian\/\">talijanski<\/a>, jaka osnova gramatike klju\u010dna je za te\u010dan govor, \u010ditanje i pisanje. <a href=\"https:\/\/talkpal.ai\/italian-grammar\/\">Talijanska gramatika<\/a> mo\u017ee se isprva \u010diniti slo\u017eenom, ali je relativno jednostavna kada je rastavite na manje dijelove kojima je lak\u0161e rukovati. Dakle, zapo\u010dnimo va\u0161e putovanje prema svladavanju talijanske gramatike!<\/p>\n\n\n\n<h3 class=\"wp-block-heading\" id=\"h-1-nouns-articles-and-gender\">1. Imenice, \u010dlanovi i rod<\/h3>\n\n\n\n<p>Talijanske imenice dolaze u dva roda: mu\u0161ki i \u017eenski. Za razliku od engleskog, gdje rod imenice nije bitan, talijanski zahtijeva to\u010dan rod za ispravnu konstrukciju re\u010denice. Mo\u017eete li pogoditi rod imenica poput \u201ctavolo\u201d (stol) ili \u201ccasa\u201d (ku\u0107a)? Ako ste pogodili mu\u0161ki za &#8220;tavolo&#8221; i \u017eenski za &#8220;casa&#8221;, bravo!<\/p>\n\n\n\n<p>U talijanskom jeziku imenice obi\u010dno zavr\u0161avaju s &#8220;-o&#8221; za mu\u0161ki i &#8220;-a&#8221; za \u017eenski rod. Postoje iznimke &#8211; neke rije\u010di zavr\u0161avaju s &#8220;-e&#8221; i mogu biti oba spola &#8211; ali za sada imajmo na umu ovo osnovno na\u010delo.<\/p>\n\n\n\n<p>Sada, razgovarajmo o \u010dlancima. Ba\u0161 kao u engleskom jeziku, potrebni su nam \u010dlanovi ispred imenica. Talijanski ima odre\u0111ene (il, lo, la, i, gli, le) i neodre\u0111ene \u010dlanove (un, uno, una).<\/p>\n\n\n\n<p>Dakle, kako \u0107emo odabrati koji \u0107emo odre\u0111eni \u010dlan koristiti?<\/p>\n\n\n\n<p>\u2013 \u201cil\u201d i \u201ci\u201d za imenice mu\u0161kog roda koje po\u010dinju na suglasnik, npr. il libro (knjiga), i libri (knjige)<br\/>\u2013 \u201clo\u201d i \u201cgli\u201d za imenice mu\u0161kog roda koje po\u010dinju sa \u201cs\u201d nakon \u010dega slijedi suglasnik, samoglasnik (osim \u201cu\u201d) ili \u201cz\u201d, npr. lo <a href=\"https:\/\/talkpal.ai\/talkpal-discount-for-students\/\">studente<\/a> (u\u010denik), gli <a href=\"https:\/\/talkpal.ai\/talkpal-discount-for-students\/\">studenti<\/a> ( studenti)<br\/>\u2013 \u201cla\u201d i \u201cle\u201d za imenice \u017eenskog roda, npr. la casa (ku\u0107a), le case (ku\u0107e)<\/p>\n\n\n\n<h3 class=\"wp-block-heading\" id=\"h-2-adjectives-and-agreement\">2. Pridjevi i slaganje<\/h3>\n\n\n\n<p>Pridjevi u talijanskom jeziku moraju se slagati s imenicom koju mijenjaju u rodu i broju. Na primjer, da biste opisali ukusnu pizzu, rekli biste &#8220;una pizza deliziosa&#8221;, a ne &#8220;delizioso&#8221;. Zapamtite, pridjev obi\u010dno slijedi iza imenice u talijanskom jeziku.<\/p>\n\n\n\n<h3 class=\"wp-block-heading\" id=\"h-3-verbs-tense-and-conjugation\">3. Glagoli, vrijeme i konjugacija<\/h3>\n\n\n\n<p><a href=\"https:\/\/talkpal.ai\/sr\/grammar\/%d0%b2%d0%be%d0%b8-%d1%83-%d0%b8%d1%82%d0%b0%d0%bb%d0%b8%d1%98%d0%b0%d0%bd%d1%81%d0%ba%d0%be%d1%98-%d0%b3%d1%80%d0%b0%d0%bc%d0%b0%d1%82%d0%b8%d1%86%d0%b8\/\">Talijanski glagoli<\/a> su glavni dio gramatike. Postoje tri kategorije glagola (-are, -ere i -ire) i mno\u0161tvo nepravilnih glagola, tako da imamo posla! Kako bismo vam dali brzi pregled, pokrijmo sada\u0161nje vrijeme pravilnih glagola.<\/p>\n\n\n\n<p>\u2013 \u201c-are\u201d glagoli: npr. parlare (govoriti): io parlo, tu parli, lui\/lei <a href=\"https:\/\/talkpal.ai\/locations\/language-courses-in-parla\/\">parla<\/a>, noi parliamo, voi parlate, loro parlano<br\/>\u2013 \u201c-ere\u201d glagoli: npr. leggere (\u010ditati): io leggo, tu leggi, lui\/lei legge, noi leggiamo, voi leggete, loro leggono<br\/>\u2013 \u201c-ire\u201d glagoli: npr. finire (zavr\u0161iti): io finisco, tu finisci, lui\/lei finisce, noi finiamo, voi finite, loro finiscono<\/p>\n\n\n\n<p>Imajte na umu, ovo je samo vrh ledenog brijega! Postoji mnogo drugih vremena i nepravilnih glagola koje treba nau\u010diti, ali svako putovanje po\u010dinje jednim korakom.<\/p>\n\n\n\n<h3 class=\"wp-block-heading\" id=\"h-4-prepositions-pronouns-and-more\">4. Prijedlozi, zamjenice i vi\u0161e!<\/h3>\n\n\n\n<p><a href=\"https:\/\/talkpal.ai\/italian-grammar\/\">Talijanska gramatika<\/a> ima mnoge druge komponente poput prijedloga (di, a, da, in, su itd.), zamjenica (io, tu, lui\/lei itd.), povratnih glagola i idiomatskih izraza. Svaka je komponenta klju\u010dna za otklju\u010davanje va\u0161e te\u010dnosti, stoga idite korak po korak.<\/p>\n\n\n\n<p>Zaklju\u010dno, ne postoji pre\u010dac za svladavanje talijanske gramatike. Zahtijeva upornost, praksu i strpljenje. Ali kad jednom to nau\u010dite, mo\u0107i \u0107ete iskusiti ljepotu razgovora na talijanskom, otkriti bogatu kulturu i povijest i produbiti svoju zahvalnost za jezik. Dobra sre\u0107a!<\/p>\n<\/div><\/div>\n\r\n<section class=\"learnNavigationSection\">\r\n            \r\n        <a href=\"https:\/\/talkpal.ai\/hr\/naucite-talijanski\/\">\r\n            <div class=\"learnNavigationWrapper\">\r\n                <div class=\"learnNavigationContent\">\r\n                    <img decoding=\"async\" src=\"https:\/\/talkpal.ai\/wp-content\/uploads\/2024\/08\/Italian.jpg\" alt=\"Italian Flag\">\r\n                    <div>\r\n                        <h4>O u\u010denju talijanskog<\/h4>\r\n                        <p>Saznajte sve o talijanskoj gramatici.<\/p>\r\n                    <\/div>\r\n                <\/div>\r\n            <\/div>\r\n        <\/a>\r\n\r\n        \r\n        <a href=\"https:\/\/talkpal.ai\/hr\/vjezbe-talijanske-gramatike\/\">\r\n            <div class=\"learnNavigationWrapper\">\r\n                <div class=\"learnNavigationContent\">\r\n                    <img decoding=\"async\" src=\"https:\/\/talkpal.ai\/wp-content\/uploads\/2024\/08\/Italian.jpg\" alt=\"Italian Flag\">\r\n                    <div>\r\n                        <h4>Vje\u017eba talijanske gramatike<\/h4>\r\n                        <p>Vje\u017ebajte talijansku gramatiku.<\/p>\r\n                    <\/div>\r\n                <\/div>\r\n            <\/div>\r\n        <\/a>\r\n\r\n        \r\n        <a href=\"https:\/\/talkpal.ai\/vocabulary_language\/italian\/\">\r\n            <div class=\"learnNavigationWrapper\">\r\n                <div class=\"learnNavigationContent\">\r\n                    <img decoding=\"async\" src=\"https:\/\/talkpal.ai\/wp-content\/uploads\/2024\/08\/Italian.jpg\" alt=\"Italian Flag\">\r\n                    <div>\r\n                        <h4>Talijanski rje\u010dnik<\/h4>\r\n                        <p>Pro\u0161irite svoj vokabular talijanskog jezika.<\/p>\r\n                    <\/div>\r\n                <\/div>\r\n            <\/div>\r\n        <\/a>\r\n\r\n            <\/section>","protected":false},"excerpt":{"rendered":"<p>Ovladavanje umije\u0107em talijanske gramatike: Va\u0161 najbolji vodi\u010d Cao, jezi\u010dni entuzijasti! Jeste li spremni zaroniti glavom bez obzira u svijet talijanske gramatike? Do\u0161li ste na pravo mjesto. Prepun informacija koje su lako probavljive i konverzacijskog su tona, ovaj \u0107e vas \u010dlanak voditi kroz fascinantan (a ponekad i lukav) svijet talijanske gramatike kako biste s pouzdanjem mogli [&hellip;]<\/p>\n","protected":false},"author":1,"featured_media":76117,"parent":0,"menu_order":0,"comment_status":"closed","ping_status":"closed","template":"LearningContentPage.php","meta":{"_acf_changed":false,"footnotes":""},"class_list":["post-126742","page","type-page","status-publish","has-post-thumbnail","hentry"],"acf":[],"yoast_head":"<!-- This site is optimized with the Yoast SEO Premium plugin v27.2 (Yoast SEO v27.2) - https:\/\/yoast.com\/product\/yoast-seo-premium-wordpress\/ -->\n<title>Talijanska gramatika - Talkpal<\/title>\n<meta name=\"description\" content=\"Nau\u010dite talijansku gramatiku lako - vje\u017ebajte jasno, razumite pravila i govorite bolje uz jednostavno vodstvo Talkpal AI-a.\" \/>\n<meta name=\"robots\" content=\"index, follow, max-snippet:-1, max-image-preview:large, max-video-preview:-1\" \/>\n<link rel=\"canonical\" href=\"https:\/\/talkpal.ai\/hr\/talijanska-gramatika\/\" \/>\n<meta property=\"og:locale\" content=\"hr_HR\" \/>\n<meta property=\"og:type\" content=\"article\" \/>\n<meta property=\"og:title\" content=\"Talijanska gramatika\" \/>\n<meta property=\"og:description\" content=\"Ovladavanje umije\u0107em talijanske gramatike: Va\u0161 najbolji vodi\u010d Cao, jezi\u010dni entuzijasti! Jeste li spremni zaroniti glavom bez obzira u svijet talijanske\" \/>\n<meta property=\"og:url\" content=\"https:\/\/talkpal.ai\/hr\/talijanska-gramatika\/\" \/>\n<meta property=\"og:site_name\" content=\"Talkpal\" \/>\n<meta property=\"article:publisher\" content=\"https:\/\/www.facebook.com\/profile.php?id=100090733639311\" \/>\n<meta property=\"article:modified_time\" content=\"2025-05-22T18:42:36+00:00\" \/>\n<meta property=\"og:image\" content=\"https:\/\/talkpal.ai\/wp-content\/uploads\/2023\/03\/italy.png\" \/>\n\t<meta property=\"og:image:width\" content=\"512\" \/>\n\t<meta property=\"og:image:height\" content=\"512\" \/>\n\t<meta property=\"og:image:type\" content=\"image\/png\" \/>\n<meta name=\"twitter:card\" content=\"summary_large_image\" \/>\n<meta name=\"twitter:site\" content=\"@talkpalai\" \/>\n<meta name=\"twitter:label1\" content=\"Procijenjeno vrijeme \u010ditanja\" \/>\n\t<meta name=\"twitter:data1\" content=\"3 minute\" \/>\n<script type=\"application\/ld+json\" class=\"yoast-schema-graph\">{\"@context\":\"https:\/\/schema.org\",\"@graph\":[{\"@type\":\"WebPage\",\"@id\":\"https:\/\/talkpal.ai\/hr\/talijanska-gramatika\/\",\"url\":\"https:\/\/talkpal.ai\/hr\/talijanska-gramatika\/\",\"name\":\"Talijanska gramatika - Talkpal\",\"isPartOf\":{\"@id\":\"https:\/\/talkpal.ai\/hr\/#website\"},\"primaryImageOfPage\":{\"@id\":\"https:\/\/talkpal.ai\/hr\/talijanska-gramatika\/#primaryimage\"},\"image\":{\"@id\":\"https:\/\/talkpal.ai\/hr\/talijanska-gramatika\/#primaryimage\"},\"thumbnailUrl\":\"https:\/\/talkpal.ai\/wp-content\/uploads\/2023\/03\/italy.png\",\"datePublished\":\"2023-03-26T12:27:22+00:00\",\"dateModified\":\"2025-05-22T18:42:36+00:00\",\"description\":\"Nau\u010dite talijansku gramatiku lako - vje\u017ebajte jasno, razumite pravila i govorite bolje uz jednostavno vodstvo Talkpal AI-a.\",\"breadcrumb\":{\"@id\":\"https:\/\/talkpal.ai\/hr\/talijanska-gramatika\/#breadcrumb\"},\"inLanguage\":\"hr\",\"potentialAction\":[{\"@type\":\"ReadAction\",\"target\":[\"https:\/\/talkpal.ai\/hr\/talijanska-gramatika\/\"]}]},{\"@type\":\"ImageObject\",\"inLanguage\":\"hr\",\"@id\":\"https:\/\/talkpal.ai\/hr\/talijanska-gramatika\/#primaryimage\",\"url\":\"https:\/\/talkpal.ai\/wp-content\/uploads\/2023\/03\/italy.png\",\"contentUrl\":\"https:\/\/talkpal.ai\/wp-content\/uploads\/2023\/03\/italy.png\",\"width\":512,\"height\":512,\"caption\":\"TalkPal AI learn Italian\"},{\"@type\":\"BreadcrumbList\",\"@id\":\"https:\/\/talkpal.ai\/hr\/talijanska-gramatika\/#breadcrumb\",\"itemListElement\":[{\"@type\":\"ListItem\",\"position\":1,\"name\":\"Homepage\",\"item\":\"https:\/\/talkpal.ai\/hr\/\"},{\"@type\":\"ListItem\",\"position\":2,\"name\":\"Talijanska gramatika\"}]},{\"@type\":\"WebSite\",\"@id\":\"https:\/\/talkpal.ai\/hr\/#website\",\"url\":\"https:\/\/talkpal.ai\/hr\/\",\"name\":\"Talkpal\",\"description\":\"AI Language Learning\",\"publisher\":{\"@id\":\"https:\/\/talkpal.ai\/hr\/#organization\"},\"alternateName\":\"Talkpal AI\",\"potentialAction\":[{\"@type\":\"SearchAction\",\"target\":{\"@type\":\"EntryPoint\",\"urlTemplate\":\"https:\/\/talkpal.ai\/hr\/?s={search_term_string}\"},\"query-input\":{\"@type\":\"PropertyValueSpecification\",\"valueRequired\":true,\"valueName\":\"search_term_string\"}}],\"inLanguage\":\"hr\"},{\"@type\":\"Organization\",\"@id\":\"https:\/\/talkpal.ai\/hr\/#organization\",\"name\":\"Talkpal, Inc.\",\"alternateName\":\"Talkpal AI\",\"url\":\"https:\/\/talkpal.ai\/hr\/\",\"logo\":{\"@type\":\"ImageObject\",\"inLanguage\":\"hr\",\"@id\":\"https:\/\/talkpal.ai\/hr\/#\/schema\/logo\/image\/\",\"url\":\"https:\/\/talkpal.ai\/wp-content\/uploads\/2024\/03\/Talkpal-Logo-Icon.png\",\"contentUrl\":\"https:\/\/talkpal.ai\/wp-content\/uploads\/2024\/03\/Talkpal-Logo-Icon.png\",\"width\":2880,\"height\":2880,\"caption\":\"Talkpal, Inc.\"},\"image\":{\"@id\":\"https:\/\/talkpal.ai\/hr\/#\/schema\/logo\/image\/\"},\"sameAs\":[\"https:\/\/www.facebook.com\/profile.php?id=100090733639311\",\"https:\/\/x.com\/talkpalai\",\"https:\/\/www.linkedin.com\/company\/talkpal\/\",\"https:\/\/www.youtube.com\/@TalkPal\/\",\"https:\/\/www.tiktok.com\/@talkpal\",\"https:\/\/www.instagram.com\/talkpal_ai\/\",\"https:\/\/www.crunchbase.com\/organization\/talkpal-9cde\",\"https:\/\/www.g2.com\/products\/talkpal-for-business\/\",\"https:\/\/www.trustpilot.com\/review\/talkpal.ai\",\"https:\/\/www.capterra.com\/p\/10006800\/TalkPal\/\"],\"description\":\"Talkpal is a language learning web and mobile education app, powered by the latest AI technologies, that provides engaging experiences to its customers in many different languages to help them improve their language skills. Users can chat about unlimited amount of topics with the app and use other modes to practice their language learning.\",\"email\":\"support@talkpal.ai\",\"legalName\":\"Talkpal, Inc.\",\"foundingDate\":\"2023-04-03\",\"duns\":\"118989042\",\"numberOfEmployees\":{\"@type\":\"QuantitativeValue\",\"minValue\":\"11\",\"maxValue\":\"50\"},\"publishingPrinciples\":\"https:\/\/talkpal.ai\/publishing-principles\/\",\"actionableFeedbackPolicy\":\"https:\/\/talkpal.ai\/actionable-feedback-policy\/\",\"correctionsPolicy\":\"https:\/\/talkpal.ai\/corrections-policy\/\",\"ethicsPolicy\":\"https:\/\/talkpal.ai\/ethics-policy\/\",\"diversityPolicy\":\"https:\/\/talkpal.ai\/diversity-policy\/\",\"diversityStaffingReport\":\"https:\/\/talkpal.ai\/diversity-policy\/\"}]}<\/script>\n<!-- \/ Yoast SEO Premium plugin. -->","yoast_head_json":{"title":"Talijanska gramatika - Talkpal","description":"Nau\u010dite talijansku gramatiku lako - vje\u017ebajte jasno, razumite pravila i govorite bolje uz jednostavno vodstvo Talkpal AI-a.","robots":{"index":"index","follow":"follow","max-snippet":"max-snippet:-1","max-image-preview":"max-image-preview:large","max-video-preview":"max-video-preview:-1"},"canonical":"https:\/\/talkpal.ai\/hr\/talijanska-gramatika\/","og_locale":"hr_HR","og_type":"article","og_title":"Talijanska gramatika","og_description":"Ovladavanje umije\u0107em talijanske gramatike: Va\u0161 najbolji vodi\u010d Cao, jezi\u010dni entuzijasti! Jeste li spremni zaroniti glavom bez obzira u svijet talijanske","og_url":"https:\/\/talkpal.ai\/hr\/talijanska-gramatika\/","og_site_name":"Talkpal","article_publisher":"https:\/\/www.facebook.com\/profile.php?id=100090733639311","article_modified_time":"2025-05-22T18:42:36+00:00","og_image":[{"width":512,"height":512,"url":"https:\/\/talkpal.ai\/wp-content\/uploads\/2023\/03\/italy.png","type":"image\/png"}],"twitter_card":"summary_large_image","twitter_site":"@talkpalai","twitter_misc":{"Procijenjeno vrijeme \u010ditanja":"3 minute"},"schema":{"@context":"https:\/\/schema.org","@graph":[{"@type":"WebPage","@id":"https:\/\/talkpal.ai\/hr\/talijanska-gramatika\/","url":"https:\/\/talkpal.ai\/hr\/talijanska-gramatika\/","name":"Talijanska gramatika - Talkpal","isPartOf":{"@id":"https:\/\/talkpal.ai\/hr\/#website"},"primaryImageOfPage":{"@id":"https:\/\/talkpal.ai\/hr\/talijanska-gramatika\/#primaryimage"},"image":{"@id":"https:\/\/talkpal.ai\/hr\/talijanska-gramatika\/#primaryimage"},"thumbnailUrl":"https:\/\/talkpal.ai\/wp-content\/uploads\/2023\/03\/italy.png","datePublished":"2023-03-26T12:27:22+00:00","dateModified":"2025-05-22T18:42:36+00:00","description":"Nau\u010dite talijansku gramatiku lako - vje\u017ebajte jasno, razumite pravila i govorite bolje uz jednostavno vodstvo Talkpal AI-a.","breadcrumb":{"@id":"https:\/\/talkpal.ai\/hr\/talijanska-gramatika\/#breadcrumb"},"inLanguage":"hr","potentialAction":[{"@type":"ReadAction","target":["https:\/\/talkpal.ai\/hr\/talijanska-gramatika\/"]}]},{"@type":"ImageObject","inLanguage":"hr","@id":"https:\/\/talkpal.ai\/hr\/talijanska-gramatika\/#primaryimage","url":"https:\/\/talkpal.ai\/wp-content\/uploads\/2023\/03\/italy.png","contentUrl":"https:\/\/talkpal.ai\/wp-content\/uploads\/2023\/03\/italy.png","width":512,"height":512,"caption":"TalkPal AI learn Italian"},{"@type":"BreadcrumbList","@id":"https:\/\/talkpal.ai\/hr\/talijanska-gramatika\/#breadcrumb","itemListElement":[{"@type":"ListItem","position":1,"name":"Homepage","item":"https:\/\/talkpal.ai\/hr\/"},{"@type":"ListItem","position":2,"name":"Talijanska gramatika"}]},{"@type":"WebSite","@id":"https:\/\/talkpal.ai\/hr\/#website","url":"https:\/\/talkpal.ai\/hr\/","name":"Talkpal","description":"AI Language Learning","publisher":{"@id":"https:\/\/talkpal.ai\/hr\/#organization"},"alternateName":"Talkpal AI","potentialAction":[{"@type":"SearchAction","target":{"@type":"EntryPoint","urlTemplate":"https:\/\/talkpal.ai\/hr\/?s={search_term_string}"},"query-input":{"@type":"PropertyValueSpecification","valueRequired":true,"valueName":"search_term_string"}}],"inLanguage":"hr"},{"@type":"Organization","@id":"https:\/\/talkpal.ai\/hr\/#organization","name":"Talkpal, Inc.","alternateName":"Talkpal AI","url":"https:\/\/talkpal.ai\/hr\/","logo":{"@type":"ImageObject","inLanguage":"hr","@id":"https:\/\/talkpal.ai\/hr\/#\/schema\/logo\/image\/","url":"https:\/\/talkpal.ai\/wp-content\/uploads\/2024\/03\/Talkpal-Logo-Icon.png","contentUrl":"https:\/\/talkpal.ai\/wp-content\/uploads\/2024\/03\/Talkpal-Logo-Icon.png","width":2880,"height":2880,"caption":"Talkpal, Inc."},"image":{"@id":"https:\/\/talkpal.ai\/hr\/#\/schema\/logo\/image\/"},"sameAs":["https:\/\/www.facebook.com\/profile.php?id=100090733639311","https:\/\/x.com\/talkpalai","https:\/\/www.linkedin.com\/company\/talkpal\/","https:\/\/www.youtube.com\/@TalkPal\/","https:\/\/www.tiktok.com\/@talkpal","https:\/\/www.instagram.com\/talkpal_ai\/","https:\/\/www.crunchbase.com\/organization\/talkpal-9cde","https:\/\/www.g2.com\/products\/talkpal-for-business\/","https:\/\/www.trustpilot.com\/review\/talkpal.ai","https:\/\/www.capterra.com\/p\/10006800\/TalkPal\/"],"description":"Talkpal is a language learning web and mobile education app, powered by the latest AI technologies, that provides engaging experiences to its customers in many different languages to help them improve their language skills. Users can chat about unlimited amount of topics with the app and use other modes to practice their language learning.","email":"support@talkpal.ai","legalName":"Talkpal, Inc.","foundingDate":"2023-04-03","duns":"118989042","numberOfEmployees":{"@type":"QuantitativeValue","minValue":"11","maxValue":"50"},"publishingPrinciples":"https:\/\/talkpal.ai\/publishing-principles\/","actionableFeedbackPolicy":"https:\/\/talkpal.ai\/actionable-feedback-policy\/","correctionsPolicy":"https:\/\/talkpal.ai\/corrections-policy\/","ethicsPolicy":"https:\/\/talkpal.ai\/ethics-policy\/","diversityPolicy":"https:\/\/talkpal.ai\/diversity-policy\/","diversityStaffingReport":"https:\/\/talkpal.ai\/diversity-policy\/"}]}},"_links":{"self":[{"href":"https:\/\/talkpal.ai\/hr\/wp-json\/wp\/v2\/pages\/126742","targetHints":{"allow":["GET"]}}],"collection":[{"href":"https:\/\/talkpal.ai\/hr\/wp-json\/wp\/v2\/pages"}],"about":[{"href":"https:\/\/talkpal.ai\/hr\/wp-json\/wp\/v2\/types\/page"}],"author":[{"embeddable":true,"href":"https:\/\/talkpal.ai\/hr\/wp-json\/wp\/v2\/users\/1"}],"replies":[{"embeddable":true,"href":"https:\/\/talkpal.ai\/hr\/wp-json\/wp\/v2\/comments?post=126742"}],"version-history":[{"count":0,"href":"https:\/\/talkpal.ai\/hr\/wp-json\/wp\/v2\/pages\/126742\/revisions"}],"wp:featuredmedia":[{"embeddable":true,"href":"https:\/\/talkpal.ai\/hr\/wp-json\/wp\/v2\/media\/76117"}],"wp:attachment":[{"href":"https:\/\/talkpal.ai\/hr\/wp-json\/wp\/v2\/media?parent=126742"}],"curies":[{"name":"wp","href":"https:\/\/api.w.org\/{rel}","templated":true}]}}