{"id":124428,"date":"2023-03-26T11:55:54","date_gmt":"2023-03-26T11:55:54","guid":{"rendered":"http:\/\/talkpal.ai\/spanjolska-gramatika\/"},"modified":"2025-05-22T18:51:50","modified_gmt":"2025-05-22T18:51:50","slug":"spanjolska-gramatika","status":"publish","type":"page","link":"https:\/\/talkpal.ai\/hr\/spanjolska-gramatika\/","title":{"rendered":"\u0161panjolska gramatika"},"content":{"rendered":"\r\n\r\n\r\n<section class=\"languageChallengeSection\">\r\n    <div class=\"languageInfoWrapper\">\r\n        \r\n        <h1>\u0161panjolska gramatika<\/h1>\r\n        <p>Zaronite u \u017eivopisni svijet \u0161panjolskog jezika savladavaju\u0107i njegova osnovna gramati\u010dka pravila. Razumijevanje \u0161panjolske gramatike pomo\u0107i \u0107e vam da samouvjereno komunicirate i otvorite nove veze s milijunima govornika diljem svijeta. Po\u010dnite u\u010diti \u0161panjolsku gramatiku ve\u0107 danas i napravite prvi korak prema te\u010dnosti!<\/p>\r\n\r\n                            <a class=\"getStartedHidden\" href=\"https:\/\/app.talkpal.ai\/hr\/signup?lng=\">Zapo\u010dni<\/a>\r\n        \r\n    <\/div>\r\n\r\n    <figure>\r\n    <img decoding=\"async\" width=\"768\" height=\"768\" src=\"https:\/\/talkpal.ai\/wp-content\/uploads\/2023\/06\/Spanish-768x768.png\" class=\"languageImage no-lazy\" alt=\"Practical application of language learning\" fetchpriority=\"high\" sizes=\"(max-width: 768px) 150px, 768px\" srcset=\"https:\/\/talkpal.ai\/wp-content\/uploads\/2023\/06\/Spanish-768x768.png 768w, https:\/\/talkpal.ai\/wp-content\/uploads\/2023\/06\/Spanish-300x300.png 300w\" \/>\r\n    \r\n\r\n    <\/figure>\r\n\r\n            <a class=\"getStartedVisible\" href=\"https:\/\/app.talkpal.ai\/hr\/signup?lng=\">Zapo\u010dni<\/a>\r\n    \r\n<\/section>\r\n        <section class=\"grammarSection\">\r\n            <div class=\"grammarLinks\">\r\n                <a href=\"https:\/\/talkpal.ai\/hr\/language\/clanci-spanjolska-gramatika\/\">\u010clanci <\/a><a href=\"https:\/\/talkpal.ai\/hr\/language\/glagoli-spanjolska-gramatika\/\">Glagoli <\/a><a href=\"https:\/\/talkpal.ai\/hr\/language\/imenice-spanjolska-gramatika\/\">Imenice <\/a><a href=\"https:\/\/talkpal.ai\/hr\/language\/indikativna-vremena-spanjolska-gramatika\/\">Indikativna vremena <\/a><a href=\"https:\/\/talkpal.ai\/hr\/language\/pridjevi-spanjolska-gramatika\/\">Pridjevi <\/a><a href=\"https:\/\/talkpal.ai\/hr\/language\/prijedlozi-spanjolska-gramatika\/\">Prijedlozi <\/a><a href=\"https:\/\/talkpal.ai\/hr\/language\/prilozi-spanjolska-gramatika\/\">Prilozi <\/a><a href=\"https:\/\/talkpal.ai\/hr\/language\/struktura-recenice-spanjolska-gramatika\/\">Struktura re\u010denice <\/a><a href=\"https:\/\/talkpal.ai\/hr\/language\/vremena-konjunktiv-spanjolska-gramatika\/\">Vremena konjunktiv <\/a><a href=\"https:\/\/talkpal.ai\/hr\/language\/zamjenice-spanjolska-gramatika\/\">Zamjenice <\/a>            <\/div>\r\n        <\/section>\r\n    <section class=\"promotionalBanner\">\r\n    <p class=\"promotionalText\"><\/p>\r\n    <a class=\"promotionalLink\" href=\"https:\/\/app.talkpal.ai\/hr\/signup?lng=\"><\/a>\r\n<\/section>\n<div class=\"wp-block-group pageContainerStyle\"><div class=\"wp-block-group__inner-container is-layout-constrained wp-block-group-is-layout-constrained\">\n<h2 class=\"wp-block-heading\" id=\"h-a-quick-guide-to-learning-spanish-grammar\">Brzi vodi\u010d za u\u010denje \u0161panjolske gramatike<\/h2>\n\n\n\n<p>Ako ste ikada razmi\u0161ljali o u\u010denju novog jezika, velike su \u0161anse da vam je <a href=\"https:\/\/talkpal.ai\/learn-spanish\/\">\u0161panjolski<\/a> pao na pamet. Kao jedan od jezika koji se najvi\u0161e govori u svijetu, \u0161panjolski nudi brojne prednosti za osobni i profesionalni rast. <a href=\"https:\/\/talkpal.ai\/hr\/najefikasniji-nacini-za-ucenje-spanjolskog-jezika-brzo-i-lako\/\">U\u010denje \u0161panjolskog jezika<\/a> ne samo da \u0107e vam omogu\u0107iti pristup novim kulturama, ve\u0107 \u0107e i pobolj\u0161ati va\u0161e komunikacijske vje\u0161tine. Iako se mnogi ljudi boje zapetljati u gramati\u010dka pravila, mo\u017eete odahnuti, jer je <a href=\"https:\/\/talkpal.ai\/spanish-grammar\/\">\u0161panjolska gramatika<\/a> relativno jednostavna. U ovom \u0107emo vam \u010dlanku pru\u017eiti brzi vodi\u010d koji \u0107e vam pomo\u0107i da se kao profesionalac sna\u0111ete u uzbudljivom svijetu \u0161panjolske gramatike!<\/p>\n\n\n\n<h3 class=\"wp-block-heading\" id=\"h-1-understanding-spanish-nouns-and-articles\">1. Razumijevanje \u0161panjolskih imenica i \u010dlanaka<\/h3>\n\n\n\n<p>\u0160panjolske imenice, kao na engleskom, koriste se za identifikaciju ljudi, mjesta, objekata, ideja i osje\u0107aja. Prvo pravilo koje treba zapamtiti o \u0161panjolskim imenicama je da imaju spol. \u0160panjolske imenice su ili mu\u0161ke ili \u017eenske. Na primjer, &#8216;libro&#8217; (knjiga) je mu\u0161kog roda, a &#8216;casa&#8217; (ku\u0107a) je \u017eenskog roda. Mnogo puta su imenice koje zavr\u0161avaju na &#8216;o&#8217; mu\u0161kog roda, dok su one koje zavr\u0161avaju na &#8216;a&#8217; \u017eenskog roda.<\/p>\n\n\n\n<p>\u0160panjolski \u010dlanci sli\u010dni su engleskim &#8216;the&#8217;, &#8216;a&#8217; ili &#8216;an&#8217;. Oni su klju\u010dni dio jezika jer se moraju slo\u017eiti s spolom i brojem imenice koju opisuju. Postoje \u010detiri vrste \u0161panjolskih \u010dlanaka:<\/p>\n\n\n\n<p><strong>\u2013 Odre\u0111eni \u010dlanovi:<\/strong> el (jednina mu\u0161kog roda), la (jednina \u017eenskog roda), los (mno\u017eina mu\u0161kog roda) i las (mno\u017eina \u017eenskog roda).<br\/><strong>\u2013 Neodre\u0111eni \u010dlanovi:<\/strong> un (mu\u0161ki rod jednine), una (\u017eenski rod jednine), unos (neki mu\u0161ki rod mno\u017eine) i unas (neki \u017eenski rod mno\u017eine).<\/p>\n\n\n\n<h3 class=\"wp-block-heading\" id=\"h-2-slaying-spanish-verbs-conjugation-and-tenses\">2. Ubijanje \u0161panjolskih glagola: konjugacija i vremena<\/h3>\n\n\n\n<p>Jedan od najva\u017enijih aspekata u\u010denja \u0161panjolske gramatike je razumijevanje konjugacije glagola. Konjugacija jednostavno zna\u010di mijenjanje oblika korijena glagola kako bi odgovarao subjektu i vremenu. Na primjer, na \u0161panjolskom ka\u017eete &#8216;Yo como&#8217; (ja jedem) i &#8216;\u00e9l come&#8217; (on jede). Primijetite da glagol comer (jesti) mijenja svoj oblik kada promijenite subjekt.<\/p>\n\n\n\n<p><strong>Neki uobi\u010dajeni redoviti glagoli na \u0161panjolskom uklju\u010duju:<\/strong><\/p>\n\n\n\n<p>\u2013 AR glagoli: hablar (govoriti), amar (voljeti) i bailar (plesati).<br\/>\u2013 ER glagoli: comer (jesti), aprender (u\u010diti) i vender (prodati).<br\/>\u2013 IR glagoli: vivir (\u017eivjeti), escribir (pisati) i descubrir (otkriti).<\/p>\n\n\n\n<p>Ba\u0161 kao i na engleskom, \u0161panjolski ima vi\u0161e glagolskih vremena za ozna\u010davanje vremena kada se radnja dogodi. Najosnovnije su:<\/p>\n\n\n\n<p><strong>&#8211; Predstaviti<\/strong><br\/><strong>\u2013 Preterit<\/strong><br\/><strong>\u2013 Nesavr\u0161eno<\/strong><br\/><strong>\u2013 Budu\u0107nost<\/strong><br\/><strong>&#8211; Uvjetna<\/strong><br\/><strong>\u2013 Konjunktiv prezenta<\/strong><br\/><strong>\u2013 Konjunktiv imperfekta<\/strong><\/p>\n\n\n\n<p>Nemojte se optere\u0107ivati \u200b\u200bu\u010denjem svih glagolskih vremena odjednom. Re\u0161ite ih jedan po jedan i vje\u017ebajte dok vam ne bude ugodno koristiti ih.<\/p>\n\n\n\n<h3 class=\"wp-block-heading\" id=\"h-3-creating-sentences-with-spanish-adjectives-and-adverbs\">3. Stvaranje re\u010denica sa \u0161panjolskim pridjevima i prilozima<\/h3>\n\n\n\n<p>Pridjevi i prilozi igraju bitnu ulogu u za\u010dinjavanju va\u0161ih \u0161panjolskih re\u010denica. Pridjevi opisuju kvalitete ili karakteristike imenica, dok prilozi opisuju radnje ili glagole. Na \u0161panjolskom se pridjevi moraju slo\u017eiti s imenicom koju opisuju, kako po spolu, tako i po broju.<\/p>\n\n\n\n<p>Jedna klju\u010dna razlika izme\u0111u \u0161panjolskog i engleskog je redoslijed pridjeva. \u0160panjolski pridjevi obi\u010dno dolaze iza imenice, npr. &#8216;un coche rojo&#8217; (crveni auto).<\/p>\n\n\n\n<p>\u0160panjolski prilozi, s druge strane, nikada se ne mijenjaju za spol ili broj. Ba\u0161 kao u engleskom jeziku, prilozi obi\u010dno dolaze nakon glagola koji mijenjaju, npr. &#8216;Ella habla r\u00e1pidamente&#8217; (Ona govori brzo).<\/p>\n\n\n\n<h3 class=\"wp-block-heading\" id=\"h-conclusion\">Zaklju\u010dak<\/h3>\n\n\n\n<p><a href=\"https:\/\/talkpal.ai\/sq\/gramatika\/\">Gramatika<\/a> \u0161panjolskog jezika ne bi vas trebala pla\u0161iti! Dodu\u0161e, to zahtijeva praksu, ali slijede\u0107i ove jednostavne smjernice, bit \u0107ete na putu da postanete izniman govornik \u0161panjolskog. Ne zaboravite se uvijek baviti jezikom na zabavan, razgovorni na\u010din, dok istra\u017eujete imenice, glagole, pridjeve i priloge. Nastavite vje\u017ebati, prigrlite kulturu i pustite da se va\u0161e \u0161panjolsko putovanje odvija. \u00a1Buena suerte!<\/p>\n<\/div><\/div>\n\r\n<section class=\"learnNavigationSection\">\r\n            \r\n        <a href=\"https:\/\/talkpal.ai\/hr\/uciti-spanjolski\/\">\r\n            <div class=\"learnNavigationWrapper\">\r\n                <div class=\"learnNavigationContent\">\r\n                    <img decoding=\"async\" src=\"https:\/\/talkpal.ai\/wp-content\/uploads\/2024\/08\/Spanish.jpg\" alt=\"Spanish Flag\">\r\n                    <div>\r\n                        <h4>O u\u010denju \u0161panjolskog<\/h4>\r\n                        <p>Saznajte sve o \u0161panjolskoj gramatici.<\/p>\r\n                    <\/div>\r\n                <\/div>\r\n            <\/div>\r\n        <\/a>\r\n\r\n        \r\n        <a href=\"https:\/\/talkpal.ai\/hr\/vjezbe-gramatike-spanjolskog-jezika\/\">\r\n            <div class=\"learnNavigationWrapper\">\r\n                <div class=\"learnNavigationContent\">\r\n                    <img decoding=\"async\" src=\"https:\/\/talkpal.ai\/wp-content\/uploads\/2024\/08\/Spanish.jpg\" alt=\"Spanish Flag\">\r\n                    <div>\r\n                        <h4>Vje\u017eba \u0161panjolske gramatike<\/h4>\r\n                        <p>Vje\u017ebajte \u0161panjolsku gramatiku.<\/p>\r\n                    <\/div>\r\n                <\/div>\r\n            <\/div>\r\n        <\/a>\r\n\r\n        \r\n        <a href=\"https:\/\/talkpal.ai\/vocabulary_language\/spanish\/\">\r\n            <div class=\"learnNavigationWrapper\">\r\n                <div class=\"learnNavigationContent\">\r\n                    <img decoding=\"async\" src=\"https:\/\/talkpal.ai\/wp-content\/uploads\/2024\/08\/Spanish.jpg\" alt=\"Spanish Flag\">\r\n                    <div>\r\n                        <h4>\u0160panjolski rje\u010dnik<\/h4>\r\n                        <p>Pro\u0161irite svoj \u0161panjolski vokabular.<\/p>\r\n                    <\/div>\r\n                <\/div>\r\n            <\/div>\r\n        <\/a>\r\n\r\n            <\/section>","protected":false},"excerpt":{"rendered":"<p>Brzi vodi\u010d za u\u010denje \u0161panjolske gramatike Ako ste ikada razmi\u0161ljali o u\u010denju novog jezika, velike su \u0161anse da vam je \u0161panjolski pao na pamet. Kao jedan od jezika koji se najvi\u0161e govori u svijetu, \u0161panjolski nudi brojne prednosti za osobni i profesionalni rast. U\u010denje \u0161panjolskog jezika ne samo da \u0107e vam omogu\u0107iti pristup novim kulturama, [&hellip;]<\/p>\n","protected":false},"author":1,"featured_media":75284,"parent":0,"menu_order":0,"comment_status":"closed","ping_status":"closed","template":"LearningContentPage.php","meta":{"_acf_changed":false,"footnotes":""},"class_list":["post-124428","page","type-page","status-publish","has-post-thumbnail","hentry"],"acf":[],"yoast_head":"<!-- This site is optimized with the Yoast SEO Premium plugin v27.2 (Yoast SEO v27.2) - https:\/\/yoast.com\/product\/yoast-seo-premium-wordpress\/ -->\n<title>\u0161panjolska gramatika - Talkpal<\/title>\n<meta name=\"description\" content=\"Pobolj\u0161ajte svoje \u0161panjolske gramati\u010dke vje\u0161tine interaktivnim vje\u017ebama osmi\u0161ljenim za sve razine znanja. U\u010dinkovito vje\u017ebajte \u0161panjolski!\" \/>\n<meta name=\"robots\" content=\"index, follow, max-snippet:-1, max-image-preview:large, max-video-preview:-1\" \/>\n<link rel=\"canonical\" href=\"https:\/\/talkpal.ai\/hr\/spanjolska-gramatika\/\" \/>\n<meta property=\"og:locale\" content=\"hr_HR\" \/>\n<meta property=\"og:type\" content=\"article\" \/>\n<meta property=\"og:title\" content=\"\u0161panjolska gramatika\" \/>\n<meta property=\"og:description\" content=\"Brzi vodi\u010d za u\u010denje \u0161panjolske gramatike Ako ste ikada razmi\u0161ljali o u\u010denju novog jezika, velike su \u0161anse da vam je \u0161panjolski pao na pamet. Kao jedan od\" \/>\n<meta property=\"og:url\" content=\"https:\/\/talkpal.ai\/hr\/spanjolska-gramatika\/\" \/>\n<meta property=\"og:site_name\" content=\"Talkpal\" \/>\n<meta property=\"article:publisher\" content=\"https:\/\/www.facebook.com\/profile.php?id=100090733639311\" \/>\n<meta property=\"article:modified_time\" content=\"2025-05-22T18:51:50+00:00\" \/>\n<meta property=\"og:image\" content=\"https:\/\/talkpal.ai\/wp-content\/uploads\/2023\/03\/spain.png\" \/>\n\t<meta property=\"og:image:width\" content=\"512\" \/>\n\t<meta property=\"og:image:height\" content=\"512\" \/>\n\t<meta property=\"og:image:type\" content=\"image\/png\" \/>\n<meta name=\"twitter:card\" content=\"summary_large_image\" \/>\n<meta name=\"twitter:site\" content=\"@talkpalai\" \/>\n<meta name=\"twitter:label1\" content=\"Procijenjeno vrijeme \u010ditanja\" \/>\n\t<meta name=\"twitter:data1\" content=\"3 minute\" \/>\n<script type=\"application\/ld+json\" class=\"yoast-schema-graph\">{\"@context\":\"https:\/\/schema.org\",\"@graph\":[{\"@type\":\"WebPage\",\"@id\":\"https:\/\/talkpal.ai\/hr\/spanjolska-gramatika\/\",\"url\":\"https:\/\/talkpal.ai\/hr\/spanjolska-gramatika\/\",\"name\":\"\u0161panjolska gramatika - Talkpal\",\"isPartOf\":{\"@id\":\"https:\/\/talkpal.ai\/hr\/#website\"},\"primaryImageOfPage\":{\"@id\":\"https:\/\/talkpal.ai\/hr\/spanjolska-gramatika\/#primaryimage\"},\"image\":{\"@id\":\"https:\/\/talkpal.ai\/hr\/spanjolska-gramatika\/#primaryimage\"},\"thumbnailUrl\":\"https:\/\/talkpal.ai\/wp-content\/uploads\/2023\/03\/spain.png\",\"datePublished\":\"2023-03-26T11:55:54+00:00\",\"dateModified\":\"2025-05-22T18:51:50+00:00\",\"description\":\"Pobolj\u0161ajte svoje \u0161panjolske gramati\u010dke vje\u0161tine interaktivnim vje\u017ebama osmi\u0161ljenim za sve razine znanja. U\u010dinkovito vje\u017ebajte \u0161panjolski!\",\"breadcrumb\":{\"@id\":\"https:\/\/talkpal.ai\/hr\/spanjolska-gramatika\/#breadcrumb\"},\"inLanguage\":\"hr\",\"potentialAction\":[{\"@type\":\"ReadAction\",\"target\":[\"https:\/\/talkpal.ai\/hr\/spanjolska-gramatika\/\"]}]},{\"@type\":\"ImageObject\",\"inLanguage\":\"hr\",\"@id\":\"https:\/\/talkpal.ai\/hr\/spanjolska-gramatika\/#primaryimage\",\"url\":\"https:\/\/talkpal.ai\/wp-content\/uploads\/2023\/03\/spain.png\",\"contentUrl\":\"https:\/\/talkpal.ai\/wp-content\/uploads\/2023\/03\/spain.png\",\"width\":512,\"height\":512,\"caption\":\"TalkPal AI learn Spanish\"},{\"@type\":\"BreadcrumbList\",\"@id\":\"https:\/\/talkpal.ai\/hr\/spanjolska-gramatika\/#breadcrumb\",\"itemListElement\":[{\"@type\":\"ListItem\",\"position\":1,\"name\":\"Homepage\",\"item\":\"https:\/\/talkpal.ai\/hr\/\"},{\"@type\":\"ListItem\",\"position\":2,\"name\":\"\u0161panjolska gramatika\"}]},{\"@type\":\"WebSite\",\"@id\":\"https:\/\/talkpal.ai\/hr\/#website\",\"url\":\"https:\/\/talkpal.ai\/hr\/\",\"name\":\"Talkpal\",\"description\":\"AI Language Learning\",\"publisher\":{\"@id\":\"https:\/\/talkpal.ai\/hr\/#organization\"},\"alternateName\":\"Talkpal AI\",\"potentialAction\":[{\"@type\":\"SearchAction\",\"target\":{\"@type\":\"EntryPoint\",\"urlTemplate\":\"https:\/\/talkpal.ai\/hr\/?s={search_term_string}\"},\"query-input\":{\"@type\":\"PropertyValueSpecification\",\"valueRequired\":true,\"valueName\":\"search_term_string\"}}],\"inLanguage\":\"hr\"},{\"@type\":\"Organization\",\"@id\":\"https:\/\/talkpal.ai\/hr\/#organization\",\"name\":\"Talkpal, Inc.\",\"alternateName\":\"Talkpal AI\",\"url\":\"https:\/\/talkpal.ai\/hr\/\",\"logo\":{\"@type\":\"ImageObject\",\"inLanguage\":\"hr\",\"@id\":\"https:\/\/talkpal.ai\/hr\/#\/schema\/logo\/image\/\",\"url\":\"https:\/\/talkpal.ai\/wp-content\/uploads\/2024\/03\/Talkpal-Logo-Icon.png\",\"contentUrl\":\"https:\/\/talkpal.ai\/wp-content\/uploads\/2024\/03\/Talkpal-Logo-Icon.png\",\"width\":2880,\"height\":2880,\"caption\":\"Talkpal, Inc.\"},\"image\":{\"@id\":\"https:\/\/talkpal.ai\/hr\/#\/schema\/logo\/image\/\"},\"sameAs\":[\"https:\/\/www.facebook.com\/profile.php?id=100090733639311\",\"https:\/\/x.com\/talkpalai\",\"https:\/\/www.linkedin.com\/company\/talkpal\/\",\"https:\/\/www.youtube.com\/@TalkPal\/\",\"https:\/\/www.tiktok.com\/@talkpal\",\"https:\/\/www.instagram.com\/talkpal_ai\/\",\"https:\/\/www.crunchbase.com\/organization\/talkpal-9cde\",\"https:\/\/www.g2.com\/products\/talkpal-for-business\/\",\"https:\/\/www.trustpilot.com\/review\/talkpal.ai\",\"https:\/\/www.capterra.com\/p\/10006800\/TalkPal\/\"],\"description\":\"Talkpal is a language learning web and mobile education app, powered by the latest AI technologies, that provides engaging experiences to its customers in many different languages to help them improve their language skills. Users can chat about unlimited amount of topics with the app and use other modes to practice their language learning.\",\"email\":\"support@talkpal.ai\",\"legalName\":\"Talkpal, Inc.\",\"foundingDate\":\"2023-04-03\",\"duns\":\"118989042\",\"numberOfEmployees\":{\"@type\":\"QuantitativeValue\",\"minValue\":\"11\",\"maxValue\":\"50\"},\"publishingPrinciples\":\"https:\/\/talkpal.ai\/publishing-principles\/\",\"actionableFeedbackPolicy\":\"https:\/\/talkpal.ai\/actionable-feedback-policy\/\",\"correctionsPolicy\":\"https:\/\/talkpal.ai\/corrections-policy\/\",\"ethicsPolicy\":\"https:\/\/talkpal.ai\/ethics-policy\/\",\"diversityPolicy\":\"https:\/\/talkpal.ai\/diversity-policy\/\",\"diversityStaffingReport\":\"https:\/\/talkpal.ai\/diversity-policy\/\"}]}<\/script>\n<!-- \/ Yoast SEO Premium plugin. -->","yoast_head_json":{"title":"\u0161panjolska gramatika - Talkpal","description":"Pobolj\u0161ajte svoje \u0161panjolske gramati\u010dke vje\u0161tine interaktivnim vje\u017ebama osmi\u0161ljenim za sve razine znanja. U\u010dinkovito vje\u017ebajte \u0161panjolski!","robots":{"index":"index","follow":"follow","max-snippet":"max-snippet:-1","max-image-preview":"max-image-preview:large","max-video-preview":"max-video-preview:-1"},"canonical":"https:\/\/talkpal.ai\/hr\/spanjolska-gramatika\/","og_locale":"hr_HR","og_type":"article","og_title":"\u0161panjolska gramatika","og_description":"Brzi vodi\u010d za u\u010denje \u0161panjolske gramatike Ako ste ikada razmi\u0161ljali o u\u010denju novog jezika, velike su \u0161anse da vam je \u0161panjolski pao na pamet. Kao jedan od","og_url":"https:\/\/talkpal.ai\/hr\/spanjolska-gramatika\/","og_site_name":"Talkpal","article_publisher":"https:\/\/www.facebook.com\/profile.php?id=100090733639311","article_modified_time":"2025-05-22T18:51:50+00:00","og_image":[{"width":512,"height":512,"url":"https:\/\/talkpal.ai\/wp-content\/uploads\/2023\/03\/spain.png","type":"image\/png"}],"twitter_card":"summary_large_image","twitter_site":"@talkpalai","twitter_misc":{"Procijenjeno vrijeme \u010ditanja":"3 minute"},"schema":{"@context":"https:\/\/schema.org","@graph":[{"@type":"WebPage","@id":"https:\/\/talkpal.ai\/hr\/spanjolska-gramatika\/","url":"https:\/\/talkpal.ai\/hr\/spanjolska-gramatika\/","name":"\u0161panjolska gramatika - Talkpal","isPartOf":{"@id":"https:\/\/talkpal.ai\/hr\/#website"},"primaryImageOfPage":{"@id":"https:\/\/talkpal.ai\/hr\/spanjolska-gramatika\/#primaryimage"},"image":{"@id":"https:\/\/talkpal.ai\/hr\/spanjolska-gramatika\/#primaryimage"},"thumbnailUrl":"https:\/\/talkpal.ai\/wp-content\/uploads\/2023\/03\/spain.png","datePublished":"2023-03-26T11:55:54+00:00","dateModified":"2025-05-22T18:51:50+00:00","description":"Pobolj\u0161ajte svoje \u0161panjolske gramati\u010dke vje\u0161tine interaktivnim vje\u017ebama osmi\u0161ljenim za sve razine znanja. U\u010dinkovito vje\u017ebajte \u0161panjolski!","breadcrumb":{"@id":"https:\/\/talkpal.ai\/hr\/spanjolska-gramatika\/#breadcrumb"},"inLanguage":"hr","potentialAction":[{"@type":"ReadAction","target":["https:\/\/talkpal.ai\/hr\/spanjolska-gramatika\/"]}]},{"@type":"ImageObject","inLanguage":"hr","@id":"https:\/\/talkpal.ai\/hr\/spanjolska-gramatika\/#primaryimage","url":"https:\/\/talkpal.ai\/wp-content\/uploads\/2023\/03\/spain.png","contentUrl":"https:\/\/talkpal.ai\/wp-content\/uploads\/2023\/03\/spain.png","width":512,"height":512,"caption":"TalkPal AI learn Spanish"},{"@type":"BreadcrumbList","@id":"https:\/\/talkpal.ai\/hr\/spanjolska-gramatika\/#breadcrumb","itemListElement":[{"@type":"ListItem","position":1,"name":"Homepage","item":"https:\/\/talkpal.ai\/hr\/"},{"@type":"ListItem","position":2,"name":"\u0161panjolska gramatika"}]},{"@type":"WebSite","@id":"https:\/\/talkpal.ai\/hr\/#website","url":"https:\/\/talkpal.ai\/hr\/","name":"Talkpal","description":"AI Language Learning","publisher":{"@id":"https:\/\/talkpal.ai\/hr\/#organization"},"alternateName":"Talkpal AI","potentialAction":[{"@type":"SearchAction","target":{"@type":"EntryPoint","urlTemplate":"https:\/\/talkpal.ai\/hr\/?s={search_term_string}"},"query-input":{"@type":"PropertyValueSpecification","valueRequired":true,"valueName":"search_term_string"}}],"inLanguage":"hr"},{"@type":"Organization","@id":"https:\/\/talkpal.ai\/hr\/#organization","name":"Talkpal, Inc.","alternateName":"Talkpal AI","url":"https:\/\/talkpal.ai\/hr\/","logo":{"@type":"ImageObject","inLanguage":"hr","@id":"https:\/\/talkpal.ai\/hr\/#\/schema\/logo\/image\/","url":"https:\/\/talkpal.ai\/wp-content\/uploads\/2024\/03\/Talkpal-Logo-Icon.png","contentUrl":"https:\/\/talkpal.ai\/wp-content\/uploads\/2024\/03\/Talkpal-Logo-Icon.png","width":2880,"height":2880,"caption":"Talkpal, Inc."},"image":{"@id":"https:\/\/talkpal.ai\/hr\/#\/schema\/logo\/image\/"},"sameAs":["https:\/\/www.facebook.com\/profile.php?id=100090733639311","https:\/\/x.com\/talkpalai","https:\/\/www.linkedin.com\/company\/talkpal\/","https:\/\/www.youtube.com\/@TalkPal\/","https:\/\/www.tiktok.com\/@talkpal","https:\/\/www.instagram.com\/talkpal_ai\/","https:\/\/www.crunchbase.com\/organization\/talkpal-9cde","https:\/\/www.g2.com\/products\/talkpal-for-business\/","https:\/\/www.trustpilot.com\/review\/talkpal.ai","https:\/\/www.capterra.com\/p\/10006800\/TalkPal\/"],"description":"Talkpal is a language learning web and mobile education app, powered by the latest AI technologies, that provides engaging experiences to its customers in many different languages to help them improve their language skills. Users can chat about unlimited amount of topics with the app and use other modes to practice their language learning.","email":"support@talkpal.ai","legalName":"Talkpal, Inc.","foundingDate":"2023-04-03","duns":"118989042","numberOfEmployees":{"@type":"QuantitativeValue","minValue":"11","maxValue":"50"},"publishingPrinciples":"https:\/\/talkpal.ai\/publishing-principles\/","actionableFeedbackPolicy":"https:\/\/talkpal.ai\/actionable-feedback-policy\/","correctionsPolicy":"https:\/\/talkpal.ai\/corrections-policy\/","ethicsPolicy":"https:\/\/talkpal.ai\/ethics-policy\/","diversityPolicy":"https:\/\/talkpal.ai\/diversity-policy\/","diversityStaffingReport":"https:\/\/talkpal.ai\/diversity-policy\/"}]}},"_links":{"self":[{"href":"https:\/\/talkpal.ai\/hr\/wp-json\/wp\/v2\/pages\/124428","targetHints":{"allow":["GET"]}}],"collection":[{"href":"https:\/\/talkpal.ai\/hr\/wp-json\/wp\/v2\/pages"}],"about":[{"href":"https:\/\/talkpal.ai\/hr\/wp-json\/wp\/v2\/types\/page"}],"author":[{"embeddable":true,"href":"https:\/\/talkpal.ai\/hr\/wp-json\/wp\/v2\/users\/1"}],"replies":[{"embeddable":true,"href":"https:\/\/talkpal.ai\/hr\/wp-json\/wp\/v2\/comments?post=124428"}],"version-history":[{"count":0,"href":"https:\/\/talkpal.ai\/hr\/wp-json\/wp\/v2\/pages\/124428\/revisions"}],"wp:featuredmedia":[{"embeddable":true,"href":"https:\/\/talkpal.ai\/hr\/wp-json\/wp\/v2\/media\/75284"}],"wp:attachment":[{"href":"https:\/\/talkpal.ai\/hr\/wp-json\/wp\/v2\/media?parent=124428"}],"curies":[{"name":"wp","href":"https:\/\/api.w.org\/{rel}","templated":true}]}}