{"id":124243,"date":"2023-03-26T11:45:19","date_gmt":"2023-03-26T11:45:19","guid":{"rendered":"http:\/\/talkpal.ai\/francuska-gramatika\/"},"modified":"2025-05-22T18:47:31","modified_gmt":"2025-05-22T18:47:31","slug":"francuska-gramatika","status":"publish","type":"page","link":"https:\/\/talkpal.ai\/hr\/francuska-gramatika\/","title":{"rendered":"Francuska gramatika"},"content":{"rendered":"\r\n\r\n\r\n<section class=\"languageChallengeSection\">\r\n    <div class=\"languageInfoWrapper\">\r\n        \r\n        <h1>Francuska gramatika<\/h1>\r\n        <p>Otkrijte eleganciju francuskog jezika savladavanjem njegovih osnovnih gramati\u010dkih pravila. Dobro razumijevanje francuske gramatike pomo\u0107i \u0107e vam da lako komunicirate i cijenite bogatstvo francuske kulture. Po\u010dnite u\u010diti francusku gramatiku ve\u0107 danas i zapo\u010dnite svoje putovanje prema te\u010dnosti!<\/p>\r\n\r\n                            <a class=\"getStartedHidden\" href=\"https:\/\/app.talkpal.ai\/hr\/signup?lng=\">Zapo\u010dni<\/a>\r\n        \r\n    <\/div>\r\n\r\n    <figure>\r\n    <img decoding=\"async\" width=\"768\" height=\"768\" src=\"https:\/\/talkpal.ai\/wp-content\/uploads\/2023\/06\/french-768x768.png\" class=\"languageImage no-lazy\" alt=\"Language learning strategies for professionals\" fetchpriority=\"high\" sizes=\"(max-width: 768px) 150px, 768px\" srcset=\"https:\/\/talkpal.ai\/wp-content\/uploads\/2023\/06\/french-768x768.png 768w, https:\/\/talkpal.ai\/wp-content\/uploads\/2023\/06\/french-300x300.png 300w\" \/>\r\n    \r\n\r\n    <\/figure>\r\n\r\n            <a class=\"getStartedVisible\" href=\"https:\/\/app.talkpal.ai\/hr\/signup?lng=\">Zapo\u010dni<\/a>\r\n    \r\n<\/section>\r\n        <section class=\"grammarSection\">\r\n            <div class=\"grammarLinks\">\r\n                <a href=\"https:\/\/talkpal.ai\/hr\/language\/clanci-francuska-gramatika\/\">\u010clanci <\/a><a href=\"https:\/\/talkpal.ai\/hr\/language\/glagoli-francuska-gramatika\/\">Glagoli <\/a><a href=\"https:\/\/talkpal.ai\/hr\/language\/imenice-francuska-gramatika\/\">Imenice <\/a><a href=\"https:\/\/talkpal.ai\/hr\/language\/indikativna-vremena-francuska-gramatika\/\">Indikativna vremena <\/a><a href=\"https:\/\/talkpal.ai\/hr\/language\/pridjevi-francuska-gramatika\/\">Pridjevi <\/a><a href=\"https:\/\/talkpal.ai\/hr\/language\/prijedlozi-francuska-gramatika\/\">Prijedlozi <\/a><a href=\"https:\/\/talkpal.ai\/hr\/language\/prilozi-francuska-gramatika\/\">Prilozi <\/a><a href=\"https:\/\/talkpal.ai\/hr\/language\/struktura-recenice-francuska-gramatika\/\">Struktura re\u010denice <\/a><a href=\"https:\/\/talkpal.ai\/hr\/language\/zamjenice-i-odrednice-francuska-gramatika\/\">Zamjenice i odrednice <\/a>            <\/div>\r\n        <\/section>\r\n    <section class=\"promotionalBanner\">\r\n    <p class=\"promotionalText\"><\/p>\r\n    <a class=\"promotionalLink\" href=\"https:\/\/app.talkpal.ai\/hr\/signup?lng=\"><\/a>\r\n<\/section>\n<div class=\"wp-block-group pageContainerStyle\"><div class=\"wp-block-group__inner-container is-layout-constrained wp-block-group-is-layout-constrained\">\n<h2 class=\"wp-block-heading\" id=\"h-a-beginner-s-guide-to-french-grammar\">Vodi\u010d za po\u010detnike u francuskoj gramatici<\/h2>\n\n\n\n<p>U\u010denje francuskog jezika mo\u017ee biti uzbudljivo i korisno iskustvo. Me\u0111utim, ovladavanje francuskom gramatikom mo\u017ee biti izazovno, \u010dak i za one koji znaju <a href=\"https:\/\/talkpal.ai\/learn-english-with-ai\/\">engleski<\/a> jezik. U ovom \u0107emo \u010dlanku raspravljati o nekim bitnim savjetima o francuskoj gramatici koji \u0107e vam pomo\u0107i da pobolj\u0161ate svoje jezi\u010dne vje\u0161tine. Ako se upoznate s ovim pravilima i redovito ih prakticirate, bit \u0107ete na dobrom putu da postanete stru\u010dnjak za francusku gramatiku.<\/p>\n\n\n\n<h3 class=\"wp-block-heading\" id=\"h-1-the-importance-of-gender-in-french-nouns\">1. Va\u017enost spola u francuskim imenicama<\/h3>\n\n\n\n<p>Jedna od najzna\u010dajnijih razlika izme\u0111u francuske i engleske gramatike je pojam spola. Sve francuske imenice su ili mu\u0161ke ili \u017eenske, \u0161to utje\u010de na \u010dlanke i pridjeve koji se koriste s njima. Na primjer, &#8220;le&#8221; i &#8220;la&#8221; su odre\u0111eni \u010dlanovi za imenice mu\u0161kog i \u017eenskog roda. Kada nai\u0111ete na novu imenicu, va\u017eno je zapamtiti njezin rod kako biste izbjegli gramati\u010dke pogre\u0161ke.<\/p>\n\n\n\n<h3 class=\"wp-block-heading\" id=\"h-2-mastering-verb-conjugations\">2. Ovladavanje konjugacijama glagola<\/h3>\n\n\n\n<p><a href=\"https:\/\/talkpal.ai\/learn-french\/\">Francuski<\/a> glagoli imaju brojne konjugacije temeljene na vremenu, raspolo\u017eenju i zamjenicama predmeta. To se mo\u017ee \u010diniti neodoljivim, ali postoje uzorci i pre\u010daci pomo\u0107u kojih mo\u017eete pojednostaviti postupak. Pravilni glagoli pripadaju jednoj od tri skupine na temelju njihovih infinitivnih zavr\u0161etaka (-er, -ir i -re), a svaka skupina ima svoj skup pravila konjugacije. Jednom kada nau\u010dite ova pravila, lako mo\u017eete konjugirati zna\u010dajan broj francuskih glagola.<\/p>\n\n\n\n<h3 class=\"wp-block-heading\" id=\"h-3-the-partitive-article-du-de-la-and-de-l\">3. Partitivni \u010dlan: du, de la i de l&#8217;<\/h3>\n\n\n\n<p>Kada govorimo o dijelu ili neodre\u0111enoj koli\u010dini ne\u010dega, morat \u0107ete koristiti partitivni \u010dlan. Razstavni se \u010dlan mijenja ovisno o rodu imenice i po\u010dinje li imenica samoglasnikom ili suglasnikom. Za imenice mu\u0161kog roda koristite &#8220;du&#8221;, za imenice \u017eenskog roda koristite &#8220;de la&#8221;, a za imenice koje po\u010dinju samoglasnikom ili tihim &#8216;h&#8217; koristite &#8220;de l&#8217;.&#8221;<\/p>\n\n\n\n<h3 class=\"wp-block-heading\" id=\"h-4-adjective-agreement-and-placement\">4. Pridjevski sporazum i plasman<\/h3>\n\n\n\n<p>U francuskoj gramatici pridjevi se moraju slo\u017eiti s imenicom koju mijenjaju u smislu spola i broja. To \u010desto zna\u010di da \u0107ete morati dodati &#8216;e&#8217; pridjevu da bi bio \u017eenski i &#8216;s&#8217; da bi bio mno\u017eina. Osim toga, pridjevi op\u0107enito slijede imenicu koju mijenjaju, uz neke iznimke za kratke i uobi\u010dajene pridjeve poput &#8220;beau&#8221;, &#8220;vieil&#8221; i &#8220;grand&#8221;.<\/p>\n\n\n\n<p>Primjerima:<br\/>\u2013 Un chat noir (Crna ma\u010dka)<br\/>\u2013 Une voiture noire (Crni auto)<br\/>\u2013 Deux chats noirs (Dvije crne ma\u010dke)<\/p>\n\n\n\n<h3 class=\"wp-block-heading\" id=\"h-5-passe-compose-past-tense-made-easy\">5. Passe Compose \u2013 Past Tense Made Easy<\/h3>\n\n\n\n<p>Iako postoji mnogo na\u010dina za izra\u017eavanje pro\u0161log vremena na francuskom, pass\u00e8 skladatelj jedan je od najkorisnijih i najlak\u0161ih za u\u010denje. Da biste formirali <a href=\"https:\/\/talkpal.ai\/ar\/grammar_exercises\/passe-compose-%d8%aa%d9%85%d8%a7%d8%b1%d9%8a%d9%86-%d9%84%d9%84%d9%82%d9%88%d8%a7%d8%b9%d8%af-%d8%a7%d9%84%d9%81%d8%b1%d9%86%d8%b3%d9%8a%d8%a9\/\">pass\u00e9 compos\u00e9<\/a>, trebat \u0107e vam sada\u0161nje vrijeme pomo\u0107nog glagola \u201cavoir\u201d ili \u201c\u00eatre,\u201d nakon kojeg slijedi particip pro\u0161li glavnog glagola. Ve\u0107ina glagola koristi &#8220;avoir&#8221; kao pomo\u0107ni, dok neki glagoli, koji se uglavnom odnose na kretanje i povratne glagole, koriste &#8220;\u00eatre&#8221;.<\/p>\n\n\n\n<p>Primjer:<br\/>\u2013 J&#8217;ai mang\u00e9 (jeo sam)<br\/>\u2013 Nous sommes all\u00e9s (I\u0161li smo)<\/p>\n\n\n\n<h3 class=\"wp-block-heading\" id=\"h-6-engaging-with-the-language\">6. Suradnja s jezikom<\/h3>\n\n\n\n<p>Jedan od najboljih na\u010dina za pobolj\u0161anje francuske gramatike je redovita interakcija s jezikom. Bilo da se radi o \u010ditanju francuskih novina, gledanju francuskih filmova ili razgovoru s izvornim govornikom, izlaganje jeziku u razli\u010ditim kontekstima pomo\u0107i \u0107e vam da oja\u010date svoje razumijevanje gramatike i pro\u0161irite svoj vokabular.<\/p>\n\n\n\n<h3 class=\"wp-block-heading\" id=\"h-conclusion\">Zaklju\u010dak<\/h3>\n\n\n\n<p>Ovladavanje francuskom gramatikom mo\u017ee se \u010diniti zastra\u0161uju\u0107im, ali uz dosljednu praksu i predanost, mo\u017eete postati te\u010dni u ovom prekrasnom jeziku. Usredoto\u010duju\u0107i se na gore navedena osnovna pravila i bave\u0107i se jezikom u razli\u010ditim kontekstima, va\u0161e francuske gramati\u010dke vje\u0161tine brzo \u0107e se pobolj\u0161ati. Bonne prilika na va\u0161em putu do svladavanja francuske gramatike!<\/p>\n<\/div><\/div>\n\r\n<section class=\"learnNavigationSection\">\r\n            \r\n        <a href=\"https:\/\/talkpal.ai\/hr\/uciti-francuski\/\">\r\n            <div class=\"learnNavigationWrapper\">\r\n                <div class=\"learnNavigationContent\">\r\n                    <img decoding=\"async\" src=\"https:\/\/talkpal.ai\/wp-content\/uploads\/2024\/08\/French.jpg\" alt=\"French Flag\">\r\n                    <div>\r\n                        <h4>O u\u010denju francuskog<\/h4>\r\n                        <p>Saznajte sve o francuskoj gramatici.<\/p>\r\n                    <\/div>\r\n                <\/div>\r\n            <\/div>\r\n        <\/a>\r\n\r\n        \r\n        <a href=\"https:\/\/talkpal.ai\/hr\/vjezbe-francuske-gramatike\/\">\r\n            <div class=\"learnNavigationWrapper\">\r\n                <div class=\"learnNavigationContent\">\r\n                    <img decoding=\"async\" src=\"https:\/\/talkpal.ai\/wp-content\/uploads\/2024\/08\/French.jpg\" alt=\"French Flag\">\r\n                    <div>\r\n                        <h4>Vje\u017eba francuske gramatike<\/h4>\r\n                        <p>Vje\u017ebajte francusku gramatiku.<\/p>\r\n                    <\/div>\r\n                <\/div>\r\n            <\/div>\r\n        <\/a>\r\n\r\n        \r\n        <a href=\"https:\/\/talkpal.ai\/vocabulary_language\/french\/\">\r\n            <div class=\"learnNavigationWrapper\">\r\n                <div class=\"learnNavigationContent\">\r\n                    <img decoding=\"async\" src=\"https:\/\/talkpal.ai\/wp-content\/uploads\/2024\/08\/French.jpg\" alt=\"French Flag\">\r\n                    <div>\r\n                        <h4>Francuski rje\u010dnik<\/h4>\r\n                        <p>Pro\u0161irite svoj francuski vokabular.<\/p>\r\n                    <\/div>\r\n                <\/div>\r\n            <\/div>\r\n        <\/a>\r\n\r\n            <\/section>","protected":false},"excerpt":{"rendered":"<p>Vodi\u010d za po\u010detnike u francuskoj gramatici U\u010denje francuskog jezika mo\u017ee biti uzbudljivo i korisno iskustvo. Me\u0111utim, ovladavanje francuskom gramatikom mo\u017ee biti izazovno, \u010dak i za one koji znaju engleski jezik. U ovom \u0107emo \u010dlanku raspravljati o nekim bitnim savjetima o francuskoj gramatici koji \u0107e vam pomo\u0107i da pobolj\u0161ate svoje jezi\u010dne vje\u0161tine. Ako se upoznate s [&hellip;]<\/p>\n","protected":false},"author":1,"featured_media":75816,"parent":0,"menu_order":0,"comment_status":"closed","ping_status":"closed","template":"LearningContentPage.php","meta":{"_acf_changed":false,"footnotes":""},"class_list":["post-124243","page","type-page","status-publish","has-post-thumbnail","hentry"],"acf":[],"yoast_head":"<!-- This site is optimized with the Yoast SEO Premium plugin v27.2 (Yoast SEO v27.2) - https:\/\/yoast.com\/product\/yoast-seo-premium-wordpress\/ -->\n<title>Francuska gramatika - Talkpal<\/title>\n<meta name=\"description\" content=\"Savladajte osnovne koncepte francuske gramatike - pokrivaju\u0107i glagole, konjugacije, glagolska vremena, imenice, \u010dlanove, pridjeve, zamjenice i re\u010deni\u010dnu strukturu.\" \/>\n<meta name=\"robots\" content=\"index, follow, max-snippet:-1, max-image-preview:large, max-video-preview:-1\" \/>\n<link rel=\"canonical\" href=\"https:\/\/talkpal.ai\/hr\/francuska-gramatika\/\" \/>\n<meta property=\"og:locale\" content=\"hr_HR\" \/>\n<meta property=\"og:type\" content=\"article\" \/>\n<meta property=\"og:title\" content=\"Francuska gramatika\" \/>\n<meta property=\"og:description\" content=\"Vodi\u010d za po\u010detnike u francuskoj gramatici U\u010denje francuskog jezika mo\u017ee biti uzbudljivo i korisno iskustvo. Me\u0111utim, ovladavanje francuskom gramatikom\" \/>\n<meta property=\"og:url\" content=\"https:\/\/talkpal.ai\/hr\/francuska-gramatika\/\" \/>\n<meta property=\"og:site_name\" content=\"Talkpal\" \/>\n<meta property=\"article:publisher\" content=\"https:\/\/www.facebook.com\/profile.php?id=100090733639311\" \/>\n<meta property=\"article:modified_time\" content=\"2025-05-22T18:47:31+00:00\" \/>\n<meta property=\"og:image\" content=\"https:\/\/talkpal.ai\/wp-content\/uploads\/2023\/03\/france.png\" \/>\n\t<meta property=\"og:image:width\" content=\"512\" \/>\n\t<meta property=\"og:image:height\" content=\"512\" \/>\n\t<meta property=\"og:image:type\" content=\"image\/png\" \/>\n<meta name=\"twitter:card\" content=\"summary_large_image\" \/>\n<meta name=\"twitter:site\" content=\"@talkpalai\" \/>\n<meta name=\"twitter:label1\" content=\"Procijenjeno vrijeme \u010ditanja\" \/>\n\t<meta name=\"twitter:data1\" content=\"3 minute\" \/>\n<script type=\"application\/ld+json\" class=\"yoast-schema-graph\">{\"@context\":\"https:\/\/schema.org\",\"@graph\":[{\"@type\":\"WebPage\",\"@id\":\"https:\/\/talkpal.ai\/hr\/francuska-gramatika\/\",\"url\":\"https:\/\/talkpal.ai\/hr\/francuska-gramatika\/\",\"name\":\"Francuska gramatika - Talkpal\",\"isPartOf\":{\"@id\":\"https:\/\/talkpal.ai\/hr\/#website\"},\"primaryImageOfPage\":{\"@id\":\"https:\/\/talkpal.ai\/hr\/francuska-gramatika\/#primaryimage\"},\"image\":{\"@id\":\"https:\/\/talkpal.ai\/hr\/francuska-gramatika\/#primaryimage\"},\"thumbnailUrl\":\"https:\/\/talkpal.ai\/wp-content\/uploads\/2023\/03\/france.png\",\"datePublished\":\"2023-03-26T11:45:19+00:00\",\"dateModified\":\"2025-05-22T18:47:31+00:00\",\"description\":\"Savladajte osnovne koncepte francuske gramatike - pokrivaju\u0107i glagole, konjugacije, glagolska vremena, imenice, \u010dlanove, pridjeve, zamjenice i re\u010deni\u010dnu strukturu.\",\"breadcrumb\":{\"@id\":\"https:\/\/talkpal.ai\/hr\/francuska-gramatika\/#breadcrumb\"},\"inLanguage\":\"hr\",\"potentialAction\":[{\"@type\":\"ReadAction\",\"target\":[\"https:\/\/talkpal.ai\/hr\/francuska-gramatika\/\"]}]},{\"@type\":\"ImageObject\",\"inLanguage\":\"hr\",\"@id\":\"https:\/\/talkpal.ai\/hr\/francuska-gramatika\/#primaryimage\",\"url\":\"https:\/\/talkpal.ai\/wp-content\/uploads\/2023\/03\/france.png\",\"contentUrl\":\"https:\/\/talkpal.ai\/wp-content\/uploads\/2023\/03\/france.png\",\"width\":512,\"height\":512,\"caption\":\"TalkPal AI learn French\"},{\"@type\":\"BreadcrumbList\",\"@id\":\"https:\/\/talkpal.ai\/hr\/francuska-gramatika\/#breadcrumb\",\"itemListElement\":[{\"@type\":\"ListItem\",\"position\":1,\"name\":\"Homepage\",\"item\":\"https:\/\/talkpal.ai\/hr\/\"},{\"@type\":\"ListItem\",\"position\":2,\"name\":\"Francuska gramatika\"}]},{\"@type\":\"WebSite\",\"@id\":\"https:\/\/talkpal.ai\/hr\/#website\",\"url\":\"https:\/\/talkpal.ai\/hr\/\",\"name\":\"Talkpal\",\"description\":\"AI Language Learning\",\"publisher\":{\"@id\":\"https:\/\/talkpal.ai\/hr\/#organization\"},\"alternateName\":\"Talkpal AI\",\"potentialAction\":[{\"@type\":\"SearchAction\",\"target\":{\"@type\":\"EntryPoint\",\"urlTemplate\":\"https:\/\/talkpal.ai\/hr\/?s={search_term_string}\"},\"query-input\":{\"@type\":\"PropertyValueSpecification\",\"valueRequired\":true,\"valueName\":\"search_term_string\"}}],\"inLanguage\":\"hr\"},{\"@type\":\"Organization\",\"@id\":\"https:\/\/talkpal.ai\/hr\/#organization\",\"name\":\"Talkpal, Inc.\",\"alternateName\":\"Talkpal AI\",\"url\":\"https:\/\/talkpal.ai\/hr\/\",\"logo\":{\"@type\":\"ImageObject\",\"inLanguage\":\"hr\",\"@id\":\"https:\/\/talkpal.ai\/hr\/#\/schema\/logo\/image\/\",\"url\":\"https:\/\/talkpal.ai\/wp-content\/uploads\/2024\/03\/Talkpal-Logo-Icon.png\",\"contentUrl\":\"https:\/\/talkpal.ai\/wp-content\/uploads\/2024\/03\/Talkpal-Logo-Icon.png\",\"width\":2880,\"height\":2880,\"caption\":\"Talkpal, Inc.\"},\"image\":{\"@id\":\"https:\/\/talkpal.ai\/hr\/#\/schema\/logo\/image\/\"},\"sameAs\":[\"https:\/\/www.facebook.com\/profile.php?id=100090733639311\",\"https:\/\/x.com\/talkpalai\",\"https:\/\/www.linkedin.com\/company\/talkpal\/\",\"https:\/\/www.youtube.com\/@TalkPal\/\",\"https:\/\/www.tiktok.com\/@talkpal\",\"https:\/\/www.instagram.com\/talkpal_ai\/\",\"https:\/\/www.crunchbase.com\/organization\/talkpal-9cde\",\"https:\/\/www.g2.com\/products\/talkpal-for-business\/\",\"https:\/\/www.trustpilot.com\/review\/talkpal.ai\",\"https:\/\/www.capterra.com\/p\/10006800\/TalkPal\/\"],\"description\":\"Talkpal is a language learning web and mobile education app, powered by the latest AI technologies, that provides engaging experiences to its customers in many different languages to help them improve their language skills. Users can chat about unlimited amount of topics with the app and use other modes to practice their language learning.\",\"email\":\"support@talkpal.ai\",\"legalName\":\"Talkpal, Inc.\",\"foundingDate\":\"2023-04-03\",\"duns\":\"118989042\",\"numberOfEmployees\":{\"@type\":\"QuantitativeValue\",\"minValue\":\"11\",\"maxValue\":\"50\"},\"publishingPrinciples\":\"https:\/\/talkpal.ai\/publishing-principles\/\",\"actionableFeedbackPolicy\":\"https:\/\/talkpal.ai\/actionable-feedback-policy\/\",\"correctionsPolicy\":\"https:\/\/talkpal.ai\/corrections-policy\/\",\"ethicsPolicy\":\"https:\/\/talkpal.ai\/ethics-policy\/\",\"diversityPolicy\":\"https:\/\/talkpal.ai\/diversity-policy\/\",\"diversityStaffingReport\":\"https:\/\/talkpal.ai\/diversity-policy\/\"}]}<\/script>\n<!-- \/ Yoast SEO Premium plugin. -->","yoast_head_json":{"title":"Francuska gramatika - Talkpal","description":"Savladajte osnovne koncepte francuske gramatike - pokrivaju\u0107i glagole, konjugacije, glagolska vremena, imenice, \u010dlanove, pridjeve, zamjenice i re\u010deni\u010dnu strukturu.","robots":{"index":"index","follow":"follow","max-snippet":"max-snippet:-1","max-image-preview":"max-image-preview:large","max-video-preview":"max-video-preview:-1"},"canonical":"https:\/\/talkpal.ai\/hr\/francuska-gramatika\/","og_locale":"hr_HR","og_type":"article","og_title":"Francuska gramatika","og_description":"Vodi\u010d za po\u010detnike u francuskoj gramatici U\u010denje francuskog jezika mo\u017ee biti uzbudljivo i korisno iskustvo. Me\u0111utim, ovladavanje francuskom gramatikom","og_url":"https:\/\/talkpal.ai\/hr\/francuska-gramatika\/","og_site_name":"Talkpal","article_publisher":"https:\/\/www.facebook.com\/profile.php?id=100090733639311","article_modified_time":"2025-05-22T18:47:31+00:00","og_image":[{"width":512,"height":512,"url":"https:\/\/talkpal.ai\/wp-content\/uploads\/2023\/03\/france.png","type":"image\/png"}],"twitter_card":"summary_large_image","twitter_site":"@talkpalai","twitter_misc":{"Procijenjeno vrijeme \u010ditanja":"3 minute"},"schema":{"@context":"https:\/\/schema.org","@graph":[{"@type":"WebPage","@id":"https:\/\/talkpal.ai\/hr\/francuska-gramatika\/","url":"https:\/\/talkpal.ai\/hr\/francuska-gramatika\/","name":"Francuska gramatika - Talkpal","isPartOf":{"@id":"https:\/\/talkpal.ai\/hr\/#website"},"primaryImageOfPage":{"@id":"https:\/\/talkpal.ai\/hr\/francuska-gramatika\/#primaryimage"},"image":{"@id":"https:\/\/talkpal.ai\/hr\/francuska-gramatika\/#primaryimage"},"thumbnailUrl":"https:\/\/talkpal.ai\/wp-content\/uploads\/2023\/03\/france.png","datePublished":"2023-03-26T11:45:19+00:00","dateModified":"2025-05-22T18:47:31+00:00","description":"Savladajte osnovne koncepte francuske gramatike - pokrivaju\u0107i glagole, konjugacije, glagolska vremena, imenice, \u010dlanove, pridjeve, zamjenice i re\u010deni\u010dnu strukturu.","breadcrumb":{"@id":"https:\/\/talkpal.ai\/hr\/francuska-gramatika\/#breadcrumb"},"inLanguage":"hr","potentialAction":[{"@type":"ReadAction","target":["https:\/\/talkpal.ai\/hr\/francuska-gramatika\/"]}]},{"@type":"ImageObject","inLanguage":"hr","@id":"https:\/\/talkpal.ai\/hr\/francuska-gramatika\/#primaryimage","url":"https:\/\/talkpal.ai\/wp-content\/uploads\/2023\/03\/france.png","contentUrl":"https:\/\/talkpal.ai\/wp-content\/uploads\/2023\/03\/france.png","width":512,"height":512,"caption":"TalkPal AI learn French"},{"@type":"BreadcrumbList","@id":"https:\/\/talkpal.ai\/hr\/francuska-gramatika\/#breadcrumb","itemListElement":[{"@type":"ListItem","position":1,"name":"Homepage","item":"https:\/\/talkpal.ai\/hr\/"},{"@type":"ListItem","position":2,"name":"Francuska gramatika"}]},{"@type":"WebSite","@id":"https:\/\/talkpal.ai\/hr\/#website","url":"https:\/\/talkpal.ai\/hr\/","name":"Talkpal","description":"AI Language Learning","publisher":{"@id":"https:\/\/talkpal.ai\/hr\/#organization"},"alternateName":"Talkpal AI","potentialAction":[{"@type":"SearchAction","target":{"@type":"EntryPoint","urlTemplate":"https:\/\/talkpal.ai\/hr\/?s={search_term_string}"},"query-input":{"@type":"PropertyValueSpecification","valueRequired":true,"valueName":"search_term_string"}}],"inLanguage":"hr"},{"@type":"Organization","@id":"https:\/\/talkpal.ai\/hr\/#organization","name":"Talkpal, Inc.","alternateName":"Talkpal AI","url":"https:\/\/talkpal.ai\/hr\/","logo":{"@type":"ImageObject","inLanguage":"hr","@id":"https:\/\/talkpal.ai\/hr\/#\/schema\/logo\/image\/","url":"https:\/\/talkpal.ai\/wp-content\/uploads\/2024\/03\/Talkpal-Logo-Icon.png","contentUrl":"https:\/\/talkpal.ai\/wp-content\/uploads\/2024\/03\/Talkpal-Logo-Icon.png","width":2880,"height":2880,"caption":"Talkpal, Inc."},"image":{"@id":"https:\/\/talkpal.ai\/hr\/#\/schema\/logo\/image\/"},"sameAs":["https:\/\/www.facebook.com\/profile.php?id=100090733639311","https:\/\/x.com\/talkpalai","https:\/\/www.linkedin.com\/company\/talkpal\/","https:\/\/www.youtube.com\/@TalkPal\/","https:\/\/www.tiktok.com\/@talkpal","https:\/\/www.instagram.com\/talkpal_ai\/","https:\/\/www.crunchbase.com\/organization\/talkpal-9cde","https:\/\/www.g2.com\/products\/talkpal-for-business\/","https:\/\/www.trustpilot.com\/review\/talkpal.ai","https:\/\/www.capterra.com\/p\/10006800\/TalkPal\/"],"description":"Talkpal is a language learning web and mobile education app, powered by the latest AI technologies, that provides engaging experiences to its customers in many different languages to help them improve their language skills. Users can chat about unlimited amount of topics with the app and use other modes to practice their language learning.","email":"support@talkpal.ai","legalName":"Talkpal, Inc.","foundingDate":"2023-04-03","duns":"118989042","numberOfEmployees":{"@type":"QuantitativeValue","minValue":"11","maxValue":"50"},"publishingPrinciples":"https:\/\/talkpal.ai\/publishing-principles\/","actionableFeedbackPolicy":"https:\/\/talkpal.ai\/actionable-feedback-policy\/","correctionsPolicy":"https:\/\/talkpal.ai\/corrections-policy\/","ethicsPolicy":"https:\/\/talkpal.ai\/ethics-policy\/","diversityPolicy":"https:\/\/talkpal.ai\/diversity-policy\/","diversityStaffingReport":"https:\/\/talkpal.ai\/diversity-policy\/"}]}},"_links":{"self":[{"href":"https:\/\/talkpal.ai\/hr\/wp-json\/wp\/v2\/pages\/124243","targetHints":{"allow":["GET"]}}],"collection":[{"href":"https:\/\/talkpal.ai\/hr\/wp-json\/wp\/v2\/pages"}],"about":[{"href":"https:\/\/talkpal.ai\/hr\/wp-json\/wp\/v2\/types\/page"}],"author":[{"embeddable":true,"href":"https:\/\/talkpal.ai\/hr\/wp-json\/wp\/v2\/users\/1"}],"replies":[{"embeddable":true,"href":"https:\/\/talkpal.ai\/hr\/wp-json\/wp\/v2\/comments?post=124243"}],"version-history":[{"count":0,"href":"https:\/\/talkpal.ai\/hr\/wp-json\/wp\/v2\/pages\/124243\/revisions"}],"wp:featuredmedia":[{"embeddable":true,"href":"https:\/\/talkpal.ai\/hr\/wp-json\/wp\/v2\/media\/75816"}],"wp:attachment":[{"href":"https:\/\/talkpal.ai\/hr\/wp-json\/wp\/v2\/media?parent=124243"}],"curies":[{"name":"wp","href":"https:\/\/api.w.org\/{rel}","templated":true}]}}