{"id":124072,"date":"2023-03-26T11:40:15","date_gmt":"2023-03-26T11:40:15","guid":{"rendered":"http:\/\/talkpal.ai\/njemacka-gramatika\/"},"modified":"2025-05-22T19:21:22","modified_gmt":"2025-05-22T19:21:22","slug":"njemacka-gramatika","status":"publish","type":"page","link":"https:\/\/talkpal.ai\/hr\/njemacka-gramatika\/","title":{"rendered":"Njema\u010dka gramatika"},"content":{"rendered":"\r\n\r\n\r\n<section class=\"languageChallengeSection\">\r\n    <div class=\"languageInfoWrapper\">\r\n        \r\n        <h1>Njema\u010dka gramatika<\/h1>\r\n        <p>Otkrijte strukturu njema\u010dkog jezika savladavanjem njegovih osnovnih gramati\u010dkih pravila. Razumijevanje njema\u010dke gramatike pomo\u0107i \u0107e vam da komunicirate s povjerenjem i u potpunosti cijenite bogatstvo kultura njema\u010dkog govornog podru\u010dja. Po\u010dnite u\u010diti njema\u010dku gramatiku ve\u0107 danas i napravite prvi korak prema te\u010dnosti!\n\n<\/p>\r\n\r\n                            <a class=\"getStartedHidden\" href=\"https:\/\/app.talkpal.ai\/hr\/signup?lng=\">Zapo\u010dni<\/a>\r\n        \r\n    <\/div>\r\n\r\n    <figure>\r\n    <img decoding=\"async\" width=\"768\" height=\"768\" src=\"https:\/\/talkpal.ai\/wp-content\/uploads\/2023\/06\/german-768x768.png\" class=\"languageImage no-lazy\" alt=\"Language learning for global networking\" fetchpriority=\"high\" sizes=\"(max-width: 768px) 150px, 768px\" srcset=\"https:\/\/talkpal.ai\/wp-content\/uploads\/2023\/06\/german-768x768.png 768w, https:\/\/talkpal.ai\/wp-content\/uploads\/2023\/06\/german-300x300.png 300w\" \/>\r\n    \r\n\r\n    <\/figure>\r\n\r\n            <a class=\"getStartedVisible\" href=\"https:\/\/app.talkpal.ai\/hr\/signup?lng=\">Zapo\u010dni<\/a>\r\n    \r\n<\/section>\r\n        <section class=\"grammarSection\">\r\n            <div class=\"grammarLinks\">\r\n                <a href=\"https:\/\/talkpal.ai\/hr\/language\/deklinacija-njemacka-gramatika\/\">Deklinacija <\/a><a href=\"https:\/\/talkpal.ai\/hr\/language\/glagoli-njemacka-gramatika\/\">Glagoli <\/a><a href=\"https:\/\/talkpal.ai\/hr\/language\/imenice-i-clanci-njemacka-gramatika\/\">Imenice i \u010dlanci <\/a><a href=\"https:\/\/talkpal.ai\/hr\/language\/pridjevi-njemacka-gramatika\/\">Pridjevi <\/a><a href=\"https:\/\/talkpal.ai\/hr\/language\/prijedlozi-njemacka-gramatika\/\">Prijedlozi <\/a><a href=\"https:\/\/talkpal.ai\/hr\/language\/prilozi-njemacka-gramatika\/\">Prilozi <\/a><a href=\"https:\/\/talkpal.ai\/hr\/language\/struktura-recenice-njemacka-gramatika\/\">Struktura re\u010denice <\/a><a href=\"https:\/\/talkpal.ai\/hr\/language\/vremena-njemacka-gramatika\/\">Vremena <\/a><a href=\"https:\/\/talkpal.ai\/hr\/language\/zamjenice-njemacka-gramatika\/\">Zamjenice <\/a>            <\/div>\r\n        <\/section>\r\n    <section class=\"promotionalBanner\">\r\n    <p class=\"promotionalText\">Naju\u010dinkovitiji na\u010din u\u010denja jezika<\/p>\r\n    <a class=\"promotionalLink\" href=\"https:\/\/app.talkpal.ai\/hr\/signup?lng=\">Isprobajte Talkpal besplatno<\/a>\r\n<\/section>\n<div class=\"wp-block-group pageContainerStyle\"><div class=\"wp-block-group__inner-container is-layout-constrained wp-block-group-is-layout-constrained\">\n<h2 class=\"wp-block-heading\" id=\"h-unraveling-the-intricacies-of-german-grammar\">Razotkrivanje zamr\u0161enosti njema\u010dke gramatike<\/h2>\n\n\n\n<p><a href=\"https:\/\/talkpal.ai\/hr\/najbolji-nacini-za-brzo-ucenje-njemackog-jezika-2025\/\">U\u010denje njema\u010dkog jezika<\/a> mo\u017ee biti uzbudljiv i koristan pothvat. Ne samo da \u0107ete mo\u0107i razgovarati s vi\u0161e od 130 milijuna ljudi \u0161irom svijeta, nego \u0107ete tako\u0111er imati pristup bogatstvu literature, glazbe i kulturne povijesti. Kao i kod svakog jezika, ovladavanje njema\u010dkim zahtijeva predanost i strpljenje &#8211; posebno kada je rije\u010d o gramatici. Dobra vijest je da su mnogi aspekti njema\u010dke gramatike prili\u010dno sli\u010dni engleskoj gramatici, \u0161to govornicima engleskog jezika olak\u0161ava da omotaju glavu. U ovom \u0107emo \u010dlanku istra\u017eiti neke od klju\u010dnih zna\u010dajki njema\u010dke gramatike, pru\u017eaju\u0107i korisne savjete i trikove koji \u0107e vam pomo\u0107i da svladate ovaj prekrasan i slo\u017een jezik.<\/p>\n\n\n\n<h3 class=\"wp-block-heading\" id=\"h-1-nouns-and-articles-get-your-cases-right\">1. Imenice i \u010dlanci &#8211; Ispravite svoje slu\u010dajeve!<\/h3>\n\n\n\n<p>Jedna od prvih prepreka govornicima engleskog jezika koji u\u010de <a href=\"https:\/\/talkpal.ai\/hr\/naucite-njemacki\/\">njema\u010dki jezik<\/a> je razumijevanje \u010detiri slu\u010daja: nominativna, akuzativna, dativna i genitivna. Svaki slu\u010daj signalizira druga\u010diju funkciju imenice u re\u010denici, kao \u0161to je predmet, izravni objekt ili neizravni objekt. Uz to, <a href=\"https:\/\/talkpal.ai\/learn-german\/\">njema\u010dki<\/a> ima tri gramati\u010dka spola (mu\u0161ki, \u017eenski i kastrirani), a \u010dlanci za svaki spol mijenjaju se ovisno o slu\u010daju. Zvu\u010di zbunjuju\u0107e? ne brini! Kako budete bolje upoznavali njema\u010dki, po\u010det \u0107ete prepoznavati obrasce i predvi\u0111ati koji pade\u017e i rod koristiti.<\/p>\n\n\n\n<p>Savjet: napravite grafikon odre\u0111enih \u010dlanaka (der, die, das) i neodre\u0111enih \u010dlanaka (ein, eine, ein) za svaki spol i slu\u010daj. Prvo zapamtite ove, jer \u0107e vam poslu\u017eiti kao temelj za razumijevanje njema\u010dke strukture re\u010denica.<\/p>\n\n\n\n<h3 class=\"wp-block-heading\" id=\"h-2-verbs-conjugate-and-dominate\">2. Glagoli \u2013 Konjugirajte i dominirajte!<\/h3>\n\n\n\n<p>Na njema\u010dkom jeziku glagoli su neophodni ne samo za izra\u017eavanje djelovanja, ve\u0107 i za ozna\u010davanje napetosti i raspolo\u017eenja. Ba\u0161 kao i <a href=\"https:\/\/talkpal.ai\/learn-english-with-ai\/\">engleski<\/a>, njema\u010dki glagoli moraju biti konjugirani kako bi odgovarali predmetu re\u010denice. Me\u0111utim, postoje neke klju\u010dne razlike, uklju\u010duju\u0107i uporabu pravilnih (slabih) i nepravilnih (jakih) glagola, kao i kori\u0161tenje glagola za pomo\u0107 odre\u0111enim vremenima. Dobra vijest je da su neki aspekti konjugacije njema\u010dkih glagola jednostavniji od engleskog, kao \u0161to je ne zahtijevanje upotrebe &#8220;do&#8221; za pitanja ili negacije.<\/p>\n\n\n\n<p>Savjet: <a href=\"https:\/\/talkpal.ai\/ko\/ai-%ec%96%b8%ec%96%b4-%ea%b5%90%ec%82%ac\/\">Zapo\u010dnite<\/a> svladavanjem redovite konjugacije glagola, a zatim se uhvatite u ko\u0161tac s naj\u010de\u0161\u0107im nepravilnim glagolima. Vje\u017ebajte pomo\u0107ne glagole s pro\u0161lim i budu\u0107im vremenima i uskoro \u0107ete mo\u0107i sastavljati slo\u017eenije re\u010denice.<\/p>\n\n\n\n<h3 class=\"wp-block-heading\" id=\"h-3-adjectives-show-your-agreement\">3. Pridjevi &#8211; Poka\u017eite svoj dogovor!<\/h3>\n\n\n\n<p>Kada koristite pridjeve za opisivanje imenica u njema\u010dkom jeziku, bitno je razumjeti slaganje pridjeva. To zna\u010di da se pridjevi moraju slagati s rodom i pade\u017eom imenice. U nekim slu\u010dajevima to \u0107e zahtijevati dodavanje zavr\u0161etka pridjevu na temelju \u010dlana i pade\u017ea imenice.<\/p>\n\n\n\n<p>Savjet: upotrijebite grafikon \u010dlanaka od ranije da biste se lak\u0161e sjetili ispravnih pridjevskih zavr\u0161etaka. Dok vje\u017ebate kori\u0161tenje pridjeva u re\u010denicama, napravite mentalnu bilje\u0161ku o zavr\u0161nim obrascima i kako se oni odnose na spol i slu\u010daj imenice.<\/p>\n\n\n\n<h3 class=\"wp-block-heading\" id=\"h-4-word-order-embrace-the-flexibility\">4. Redoslijed rije\u010di &#8211; Prigrlite fleksibilnost!<\/h3>\n\n\n\n<p>Jedna od mnogih radosti njema\u010dke gramatike je njezin fleksibilan redoslijed rije\u010di. Za razliku od engleskog, koji op\u0107enito slijedi strogi obrazac subjekt-glagol-objekt, njema\u010dke re\u010denice mogu varirati u svojoj strukturi. Klju\u010d je u razumijevanju va\u017enosti polo\u017eaja glagola, koji je obi\u010dno drugi u glavnoj re\u010denici i zadnji u podre\u0111enoj re\u010denici.<\/p>\n\n\n\n<p>Savjet: Da biste se udobno smjestili s razli\u010ditim obrascima redoslijeda rije\u010di, poku\u0161ajte prevesti jednostavne engleske re\u010denice na njema\u010dki, a zatim preuredite re\u010denicu dr\u017ee\u0107i glagol na svom mjestu. To \u0107e vam pomo\u0107i da postanete vje\u0161tiji u izradi nijansiranih i izra\u017eajnih re\u010denica na njema\u010dkom jeziku.<\/p>\n\n\n\n<h3 class=\"wp-block-heading\" id=\"h-5-prepositions-think-in-german\">5. Prijedlozi &#8211; Razmi\u0161ljajte na njema\u010dkom!<\/h3>\n\n\n\n<p>Vjerojatno najzahtjevniji dio u\u010denja njema\u010dke gramatike je svladavanje prijedloga. Dok prijedlozi postoje u engleskom jeziku i slu\u017ee sli\u010dnoj svrsi, njihova je upotreba u njema\u010dkom jeziku druga\u010dija i \u010desto zahtijeva da &#8220;razmi\u0161ljate na njema\u010dkom&#8221; kako biste odabrali pravi. Na primjer, engleski prijedlog &#8220;in&#8221; mo\u017ee se prevesti u &#8220;in&#8221;, &#8220;an&#8221; ili &#8220;auf&#8221; na njema\u010dkom, ovisno o kontekstu.<\/p>\n\n\n\n<p>Savjet: izradite flashcards sa zajedni\u010dkim prijedlozima i njihovim engleskim kolegama. Vje\u017ebajte ih koristiti u re\u010denicama i usredoto\u010dite se na specifi\u010dne kontekste u kojima se svaki prijedlog koristi.<\/p>\n\n\n\n<h3 class=\"wp-block-heading\" id=\"h-conclusion\">Zaklju\u010dak:<\/h3>\n\n\n\n<p><a href=\"https:\/\/talkpal.ai\/german-grammar\/\">Njema\u010dka gramatika<\/a> bi se u po\u010detku mogla \u010diniti zastra\u0161uju\u0107om, ali uz posve\u0107enu praksu, strpljenje i usredoto\u010denost na razumijevanje temeljnih pravila i obrazaca, uskoro \u0107ete s lako\u0107om konstruirati sofisticirane re\u010denice. Shva\u0107aju\u0107i zamr\u0161enost njema\u010dke gramatike, govornici engleskog jezika ne samo da \u0107e pobolj\u0161ati svoje jezi\u010dne vje\u0161tine, ve\u0107 \u0107e razviti i novootkrivenu zahvalnost za ovaj lijepi i slo\u017eeni jezik. Sada, auf geht&#8217;s! Vrijeme je da zaronite u svijet njema\u010dke gramatike i otklju\u010date svoj puni potencijal u\u010denja jezika.<\/p>\n<\/div><\/div>\n\r\n<section class=\"learnNavigationSection\">\r\n            \r\n        <a href=\"https:\/\/talkpal.ai\/hr\/naucite-njemacki\/\">\r\n            <div class=\"learnNavigationWrapper\">\r\n                <div class=\"learnNavigationContent\">\r\n                    <img decoding=\"async\" src=\"https:\/\/talkpal.ai\/wp-content\/uploads\/2024\/08\/German.jpg\" alt=\"German Flag\">\r\n                    <div>\r\n                        <h4>O u\u010denju njema\u010dkog jezika<\/h4>\r\n                        <p>Saznajte sve o njema\u010dkoj gramatici.<\/p>\r\n                    <\/div>\r\n                <\/div>\r\n            <\/div>\r\n        <\/a>\r\n\r\n        \r\n        <a href=\"https:\/\/talkpal.ai\/hr\/vjezbe-njemacke-gramatike\/\">\r\n            <div class=\"learnNavigationWrapper\">\r\n                <div class=\"learnNavigationContent\">\r\n                    <img decoding=\"async\" src=\"https:\/\/talkpal.ai\/wp-content\/uploads\/2024\/08\/German.jpg\" alt=\"German Flag\">\r\n                    <div>\r\n                        <h4>Vje\u017eba iz njema\u010dke gramatike<\/h4>\r\n                        <p>Vje\u017ebajte njema\u010dku gramatiku.<\/p>\r\n                    <\/div>\r\n                <\/div>\r\n            <\/div>\r\n        <\/a>\r\n\r\n        \r\n        <a href=\"https:\/\/talkpal.ai\/vocabulary_language\/german\/\">\r\n            <div class=\"learnNavigationWrapper\">\r\n                <div class=\"learnNavigationContent\">\r\n                    <img decoding=\"async\" src=\"https:\/\/talkpal.ai\/wp-content\/uploads\/2024\/08\/German.jpg\" alt=\"German Flag\">\r\n                    <div>\r\n                        <h4>Njema\u010dki rje\u010dnik<\/h4>\r\n                        <p>Pro\u0161irite svoj njema\u010dki vokabular.<\/p>\r\n                    <\/div>\r\n                <\/div>\r\n            <\/div>\r\n        <\/a>\r\n\r\n            <\/section>","protected":false},"excerpt":{"rendered":"<p>Razotkrivanje zamr\u0161enosti njema\u010dke gramatike U\u010denje njema\u010dkog jezika mo\u017ee biti uzbudljiv i koristan pothvat. Ne samo da \u0107ete mo\u0107i razgovarati s vi\u0161e od 130 milijuna ljudi \u0161irom svijeta, nego \u0107ete tako\u0111er imati pristup bogatstvu literature, glazbe i kulturne povijesti. Kao i kod svakog jezika, ovladavanje njema\u010dkim zahtijeva predanost i strpljenje &#8211; posebno kada je rije\u010d o [&hellip;]<\/p>\n","protected":false},"author":1,"featured_media":75517,"parent":0,"menu_order":0,"comment_status":"closed","ping_status":"closed","template":"LearningContentPage.php","meta":{"_acf_changed":false,"footnotes":""},"class_list":["post-124072","page","type-page","status-publish","has-post-thumbnail","hentry"],"acf":[],"yoast_head":"<!-- This site is optimized with the Yoast SEO Premium plugin v27.2 (Yoast SEO v27.2) - https:\/\/yoast.com\/product\/yoast-seo-premium-wordpress\/ -->\n<title>Njema\u010dka gramatika - Talkpal<\/title>\n<meta name=\"description\" content=\"Nau\u010dite njema\u010dku gramatiku s lako\u0107om - shvatite bitna pravila, vje\u017ebajte gra\u0111enje re\u010denica i govorite jasno uz Talkpal -ovu podr\u0161ku vo\u0111enu umjetnom inteligencijom.\" \/>\n<meta name=\"robots\" content=\"index, follow, max-snippet:-1, max-image-preview:large, max-video-preview:-1\" \/>\n<link rel=\"canonical\" href=\"https:\/\/talkpal.ai\/hr\/njemacka-gramatika\/\" \/>\n<meta property=\"og:locale\" content=\"hr_HR\" \/>\n<meta property=\"og:type\" content=\"article\" \/>\n<meta property=\"og:title\" content=\"Njema\u010dka gramatika\" \/>\n<meta property=\"og:description\" content=\"Razotkrivanje zamr\u0161enosti njema\u010dke gramatike U\u010denje njema\u010dkog jezika mo\u017ee biti uzbudljiv i koristan pothvat. Ne samo da \u0107ete mo\u0107i razgovarati s vi\u0161e od\" \/>\n<meta property=\"og:url\" content=\"https:\/\/talkpal.ai\/hr\/njemacka-gramatika\/\" \/>\n<meta property=\"og:site_name\" content=\"Talkpal\" \/>\n<meta property=\"article:publisher\" content=\"https:\/\/www.facebook.com\/profile.php?id=100090733639311\" \/>\n<meta property=\"article:modified_time\" content=\"2025-05-22T19:21:22+00:00\" \/>\n<meta property=\"og:image\" content=\"https:\/\/talkpal.ai\/wp-content\/uploads\/2023\/03\/germany.png\" \/>\n\t<meta property=\"og:image:width\" content=\"512\" \/>\n\t<meta property=\"og:image:height\" content=\"512\" \/>\n\t<meta property=\"og:image:type\" content=\"image\/png\" \/>\n<meta name=\"twitter:card\" content=\"summary_large_image\" \/>\n<meta name=\"twitter:site\" content=\"@talkpalai\" \/>\n<meta name=\"twitter:label1\" content=\"Procijenjeno vrijeme \u010ditanja\" \/>\n\t<meta name=\"twitter:data1\" content=\"4 minute\" \/>\n<script type=\"application\/ld+json\" class=\"yoast-schema-graph\">{\"@context\":\"https:\/\/schema.org\",\"@graph\":[{\"@type\":\"WebPage\",\"@id\":\"https:\/\/talkpal.ai\/hr\/njemacka-gramatika\/\",\"url\":\"https:\/\/talkpal.ai\/hr\/njemacka-gramatika\/\",\"name\":\"Njema\u010dka gramatika - Talkpal\",\"isPartOf\":{\"@id\":\"https:\/\/talkpal.ai\/hr\/#website\"},\"primaryImageOfPage\":{\"@id\":\"https:\/\/talkpal.ai\/hr\/njemacka-gramatika\/#primaryimage\"},\"image\":{\"@id\":\"https:\/\/talkpal.ai\/hr\/njemacka-gramatika\/#primaryimage\"},\"thumbnailUrl\":\"https:\/\/talkpal.ai\/wp-content\/uploads\/2023\/03\/germany.png\",\"datePublished\":\"2023-03-26T11:40:15+00:00\",\"dateModified\":\"2025-05-22T19:21:22+00:00\",\"description\":\"Nau\u010dite njema\u010dku gramatiku s lako\u0107om - shvatite bitna pravila, vje\u017ebajte gra\u0111enje re\u010denica i govorite jasno uz Talkpal -ovu podr\u0161ku vo\u0111enu umjetnom inteligencijom.\",\"breadcrumb\":{\"@id\":\"https:\/\/talkpal.ai\/hr\/njemacka-gramatika\/#breadcrumb\"},\"inLanguage\":\"hr\",\"potentialAction\":[{\"@type\":\"ReadAction\",\"target\":[\"https:\/\/talkpal.ai\/hr\/njemacka-gramatika\/\"]}]},{\"@type\":\"ImageObject\",\"inLanguage\":\"hr\",\"@id\":\"https:\/\/talkpal.ai\/hr\/njemacka-gramatika\/#primaryimage\",\"url\":\"https:\/\/talkpal.ai\/wp-content\/uploads\/2023\/03\/germany.png\",\"contentUrl\":\"https:\/\/talkpal.ai\/wp-content\/uploads\/2023\/03\/germany.png\",\"width\":512,\"height\":512,\"caption\":\"TalkPal AI learn German\"},{\"@type\":\"BreadcrumbList\",\"@id\":\"https:\/\/talkpal.ai\/hr\/njemacka-gramatika\/#breadcrumb\",\"itemListElement\":[{\"@type\":\"ListItem\",\"position\":1,\"name\":\"Homepage\",\"item\":\"https:\/\/talkpal.ai\/hr\/\"},{\"@type\":\"ListItem\",\"position\":2,\"name\":\"Njema\u010dka gramatika\"}]},{\"@type\":\"WebSite\",\"@id\":\"https:\/\/talkpal.ai\/hr\/#website\",\"url\":\"https:\/\/talkpal.ai\/hr\/\",\"name\":\"Talkpal\",\"description\":\"AI Language Learning\",\"publisher\":{\"@id\":\"https:\/\/talkpal.ai\/hr\/#organization\"},\"alternateName\":\"Talkpal AI\",\"potentialAction\":[{\"@type\":\"SearchAction\",\"target\":{\"@type\":\"EntryPoint\",\"urlTemplate\":\"https:\/\/talkpal.ai\/hr\/?s={search_term_string}\"},\"query-input\":{\"@type\":\"PropertyValueSpecification\",\"valueRequired\":true,\"valueName\":\"search_term_string\"}}],\"inLanguage\":\"hr\"},{\"@type\":\"Organization\",\"@id\":\"https:\/\/talkpal.ai\/hr\/#organization\",\"name\":\"Talkpal, Inc.\",\"alternateName\":\"Talkpal AI\",\"url\":\"https:\/\/talkpal.ai\/hr\/\",\"logo\":{\"@type\":\"ImageObject\",\"inLanguage\":\"hr\",\"@id\":\"https:\/\/talkpal.ai\/hr\/#\/schema\/logo\/image\/\",\"url\":\"https:\/\/talkpal.ai\/wp-content\/uploads\/2024\/03\/Talkpal-Logo-Icon.png\",\"contentUrl\":\"https:\/\/talkpal.ai\/wp-content\/uploads\/2024\/03\/Talkpal-Logo-Icon.png\",\"width\":2880,\"height\":2880,\"caption\":\"Talkpal, Inc.\"},\"image\":{\"@id\":\"https:\/\/talkpal.ai\/hr\/#\/schema\/logo\/image\/\"},\"sameAs\":[\"https:\/\/www.facebook.com\/profile.php?id=100090733639311\",\"https:\/\/x.com\/talkpalai\",\"https:\/\/www.linkedin.com\/company\/talkpal\/\",\"https:\/\/www.youtube.com\/@TalkPal\/\",\"https:\/\/www.tiktok.com\/@talkpal\",\"https:\/\/www.instagram.com\/talkpal_ai\/\",\"https:\/\/www.crunchbase.com\/organization\/talkpal-9cde\",\"https:\/\/www.g2.com\/products\/talkpal-for-business\/\",\"https:\/\/www.trustpilot.com\/review\/talkpal.ai\",\"https:\/\/www.capterra.com\/p\/10006800\/TalkPal\/\"],\"description\":\"Talkpal is a language learning web and mobile education app, powered by the latest AI technologies, that provides engaging experiences to its customers in many different languages to help them improve their language skills. Users can chat about unlimited amount of topics with the app and use other modes to practice their language learning.\",\"email\":\"support@talkpal.ai\",\"legalName\":\"Talkpal, Inc.\",\"foundingDate\":\"2023-04-03\",\"duns\":\"118989042\",\"numberOfEmployees\":{\"@type\":\"QuantitativeValue\",\"minValue\":\"11\",\"maxValue\":\"50\"},\"publishingPrinciples\":\"https:\/\/talkpal.ai\/publishing-principles\/\",\"actionableFeedbackPolicy\":\"https:\/\/talkpal.ai\/actionable-feedback-policy\/\",\"correctionsPolicy\":\"https:\/\/talkpal.ai\/corrections-policy\/\",\"ethicsPolicy\":\"https:\/\/talkpal.ai\/ethics-policy\/\",\"diversityPolicy\":\"https:\/\/talkpal.ai\/diversity-policy\/\",\"diversityStaffingReport\":\"https:\/\/talkpal.ai\/diversity-policy\/\"}]}<\/script>\n<!-- \/ Yoast SEO Premium plugin. -->","yoast_head_json":{"title":"Njema\u010dka gramatika - Talkpal","description":"Nau\u010dite njema\u010dku gramatiku s lako\u0107om - shvatite bitna pravila, vje\u017ebajte gra\u0111enje re\u010denica i govorite jasno uz Talkpal -ovu podr\u0161ku vo\u0111enu umjetnom inteligencijom.","robots":{"index":"index","follow":"follow","max-snippet":"max-snippet:-1","max-image-preview":"max-image-preview:large","max-video-preview":"max-video-preview:-1"},"canonical":"https:\/\/talkpal.ai\/hr\/njemacka-gramatika\/","og_locale":"hr_HR","og_type":"article","og_title":"Njema\u010dka gramatika","og_description":"Razotkrivanje zamr\u0161enosti njema\u010dke gramatike U\u010denje njema\u010dkog jezika mo\u017ee biti uzbudljiv i koristan pothvat. Ne samo da \u0107ete mo\u0107i razgovarati s vi\u0161e od","og_url":"https:\/\/talkpal.ai\/hr\/njemacka-gramatika\/","og_site_name":"Talkpal","article_publisher":"https:\/\/www.facebook.com\/profile.php?id=100090733639311","article_modified_time":"2025-05-22T19:21:22+00:00","og_image":[{"width":512,"height":512,"url":"https:\/\/talkpal.ai\/wp-content\/uploads\/2023\/03\/germany.png","type":"image\/png"}],"twitter_card":"summary_large_image","twitter_site":"@talkpalai","twitter_misc":{"Procijenjeno vrijeme \u010ditanja":"4 minute"},"schema":{"@context":"https:\/\/schema.org","@graph":[{"@type":"WebPage","@id":"https:\/\/talkpal.ai\/hr\/njemacka-gramatika\/","url":"https:\/\/talkpal.ai\/hr\/njemacka-gramatika\/","name":"Njema\u010dka gramatika - Talkpal","isPartOf":{"@id":"https:\/\/talkpal.ai\/hr\/#website"},"primaryImageOfPage":{"@id":"https:\/\/talkpal.ai\/hr\/njemacka-gramatika\/#primaryimage"},"image":{"@id":"https:\/\/talkpal.ai\/hr\/njemacka-gramatika\/#primaryimage"},"thumbnailUrl":"https:\/\/talkpal.ai\/wp-content\/uploads\/2023\/03\/germany.png","datePublished":"2023-03-26T11:40:15+00:00","dateModified":"2025-05-22T19:21:22+00:00","description":"Nau\u010dite njema\u010dku gramatiku s lako\u0107om - shvatite bitna pravila, vje\u017ebajte gra\u0111enje re\u010denica i govorite jasno uz Talkpal -ovu podr\u0161ku vo\u0111enu umjetnom inteligencijom.","breadcrumb":{"@id":"https:\/\/talkpal.ai\/hr\/njemacka-gramatika\/#breadcrumb"},"inLanguage":"hr","potentialAction":[{"@type":"ReadAction","target":["https:\/\/talkpal.ai\/hr\/njemacka-gramatika\/"]}]},{"@type":"ImageObject","inLanguage":"hr","@id":"https:\/\/talkpal.ai\/hr\/njemacka-gramatika\/#primaryimage","url":"https:\/\/talkpal.ai\/wp-content\/uploads\/2023\/03\/germany.png","contentUrl":"https:\/\/talkpal.ai\/wp-content\/uploads\/2023\/03\/germany.png","width":512,"height":512,"caption":"TalkPal AI learn German"},{"@type":"BreadcrumbList","@id":"https:\/\/talkpal.ai\/hr\/njemacka-gramatika\/#breadcrumb","itemListElement":[{"@type":"ListItem","position":1,"name":"Homepage","item":"https:\/\/talkpal.ai\/hr\/"},{"@type":"ListItem","position":2,"name":"Njema\u010dka gramatika"}]},{"@type":"WebSite","@id":"https:\/\/talkpal.ai\/hr\/#website","url":"https:\/\/talkpal.ai\/hr\/","name":"Talkpal","description":"AI Language Learning","publisher":{"@id":"https:\/\/talkpal.ai\/hr\/#organization"},"alternateName":"Talkpal AI","potentialAction":[{"@type":"SearchAction","target":{"@type":"EntryPoint","urlTemplate":"https:\/\/talkpal.ai\/hr\/?s={search_term_string}"},"query-input":{"@type":"PropertyValueSpecification","valueRequired":true,"valueName":"search_term_string"}}],"inLanguage":"hr"},{"@type":"Organization","@id":"https:\/\/talkpal.ai\/hr\/#organization","name":"Talkpal, Inc.","alternateName":"Talkpal AI","url":"https:\/\/talkpal.ai\/hr\/","logo":{"@type":"ImageObject","inLanguage":"hr","@id":"https:\/\/talkpal.ai\/hr\/#\/schema\/logo\/image\/","url":"https:\/\/talkpal.ai\/wp-content\/uploads\/2024\/03\/Talkpal-Logo-Icon.png","contentUrl":"https:\/\/talkpal.ai\/wp-content\/uploads\/2024\/03\/Talkpal-Logo-Icon.png","width":2880,"height":2880,"caption":"Talkpal, Inc."},"image":{"@id":"https:\/\/talkpal.ai\/hr\/#\/schema\/logo\/image\/"},"sameAs":["https:\/\/www.facebook.com\/profile.php?id=100090733639311","https:\/\/x.com\/talkpalai","https:\/\/www.linkedin.com\/company\/talkpal\/","https:\/\/www.youtube.com\/@TalkPal\/","https:\/\/www.tiktok.com\/@talkpal","https:\/\/www.instagram.com\/talkpal_ai\/","https:\/\/www.crunchbase.com\/organization\/talkpal-9cde","https:\/\/www.g2.com\/products\/talkpal-for-business\/","https:\/\/www.trustpilot.com\/review\/talkpal.ai","https:\/\/www.capterra.com\/p\/10006800\/TalkPal\/"],"description":"Talkpal is a language learning web and mobile education app, powered by the latest AI technologies, that provides engaging experiences to its customers in many different languages to help them improve their language skills. Users can chat about unlimited amount of topics with the app and use other modes to practice their language learning.","email":"support@talkpal.ai","legalName":"Talkpal, Inc.","foundingDate":"2023-04-03","duns":"118989042","numberOfEmployees":{"@type":"QuantitativeValue","minValue":"11","maxValue":"50"},"publishingPrinciples":"https:\/\/talkpal.ai\/publishing-principles\/","actionableFeedbackPolicy":"https:\/\/talkpal.ai\/actionable-feedback-policy\/","correctionsPolicy":"https:\/\/talkpal.ai\/corrections-policy\/","ethicsPolicy":"https:\/\/talkpal.ai\/ethics-policy\/","diversityPolicy":"https:\/\/talkpal.ai\/diversity-policy\/","diversityStaffingReport":"https:\/\/talkpal.ai\/diversity-policy\/"}]}},"_links":{"self":[{"href":"https:\/\/talkpal.ai\/hr\/wp-json\/wp\/v2\/pages\/124072","targetHints":{"allow":["GET"]}}],"collection":[{"href":"https:\/\/talkpal.ai\/hr\/wp-json\/wp\/v2\/pages"}],"about":[{"href":"https:\/\/talkpal.ai\/hr\/wp-json\/wp\/v2\/types\/page"}],"author":[{"embeddable":true,"href":"https:\/\/talkpal.ai\/hr\/wp-json\/wp\/v2\/users\/1"}],"replies":[{"embeddable":true,"href":"https:\/\/talkpal.ai\/hr\/wp-json\/wp\/v2\/comments?post=124072"}],"version-history":[{"count":0,"href":"https:\/\/talkpal.ai\/hr\/wp-json\/wp\/v2\/pages\/124072\/revisions"}],"wp:featuredmedia":[{"embeddable":true,"href":"https:\/\/talkpal.ai\/hr\/wp-json\/wp\/v2\/media\/75517"}],"wp:attachment":[{"href":"https:\/\/talkpal.ai\/hr\/wp-json\/wp\/v2\/media?parent=124072"}],"curies":[{"name":"wp","href":"https:\/\/api.w.org\/{rel}","templated":true}]}}