{"id":998125,"date":"2023-10-09T10:03:45","date_gmt":"2023-10-09T10:03:45","guid":{"rendered":"https:\/\/talkpal.ai\/instrucions-de-xestion-de-subscricions\/"},"modified":"2025-07-12T09:48:00","modified_gmt":"2025-07-12T09:48:00","slug":"instrucions-de-xestion-de-subscricions","status":"publish","type":"page","link":"https:\/\/talkpal.ai\/gl\/instrucions-de-xestion-de-subscricions\/","title":{"rendered":"Instruci\u00f3ns de xesti\u00f3n de subscrici\u00f3ns"},"content":{"rendered":"\n<p>Podes xestionar as t\u00faas subscrici\u00f3ns na nosa <a href=\"https:\/\/talkpal.ai\/es\/descargar-la-aplicacion-talkpal-para-android-e-ios\/\">App Store<\/a> (Apple <a href=\"https:\/\/talkpal.ai\/es\/descargar-la-aplicacion-talkpal-para-android-e-ios\/\">iOS<\/a>), Google Play (Android) ou nas aplicaci\u00f3ns do sitio web.<\/p>\n\n<h2 class=\"wp-block-heading\" id=\"h-app-store-apple-ios\">App Store (Apple iOS)<\/h2>\n\n<p>Nota: debes cancelar a t\u00faa subscrici\u00f3n ou proba de Apple polo menos 24 horas antes de que remate. Se o cancelas o \u00faltimo d\u00eda, renovarase automaticamente.<\/p>\n\n<p>Para cancelar a t\u00faa subscrici\u00f3n <a href=\"https:\/\/talkpal.ai\/ko\/ai-%ec%96%b8%ec%96%b4-%ea%b5%90%ec%82%ac\/\">Talkpal<\/a> a trav\u00e9s da App Store, sigue estes pasos no teu dispositivo iOS:<\/p>\n\n<p><strong>Paso 1<\/strong> : abra a aplicaci\u00f3n Configuraci\u00f3n.<\/p>\n\n<p><strong>Paso 2<\/strong> &#8211; Seleccione o seu ID de Apple situado na parte <a href=\"https:\/\/talkpal.ai\/locations\/learn-english-in-superior\/\">superior<\/a> da p\u00e1xina.<\/p>\n\n<p><strong>Paso 3<\/strong> &#8211; Escolla &#8220;Ver ID de Apple&#8221;<\/p>\n\n<p><strong>Paso 4<\/strong> : vai a &#8220;Subscrici\u00f3ns&#8221; e selecciona a que queres cancelar.<\/p>\n\n<p><strong>Paso 5<\/strong> : toque &#8220;Cancelar subscrici\u00f3n&#8221;.<\/p>\n\n<h2 class=\"wp-block-heading\" id=\"h-google-play-android\">Google Play (Android)<\/h2>\n\n<p><b>Paso 1<\/b> : no teu dispositivo Android, navega ata as t\u00faas subscrici\u00f3ns en Google Play.<\/p>\n\n<p><b>Paso 2<\/b> : escolla a subscrici\u00f3n que desexa cancelar.<\/p>\n\n<p><b>Paso 3<\/b> : preme Cancelar subscrici\u00f3n.<\/p>\n\n<h2 class=\"wp-block-heading\" id=\"h-website\">Sitio web<\/h2>\n\n<p><b>Paso 1<\/b> : vai \u00e1 p\u00e1xina da t\u00faa conta.<\/p>\n\n<p><b>Paso 2<\/b> &#8211; Despr\u00e1cese ata a secci\u00f3n &#8220;Subscrici\u00f3n&#8221;.<\/p>\n\n<p><b>Paso 3<\/b> &#8211; Fai clic en &#8220;Cancelar subscrici\u00f3n&#8221;.<\/p>\n","protected":false},"excerpt":{"rendered":"<p>Podes xestionar as t\u00faas subscrici\u00f3ns na nosa App Store (Apple iOS), Google Play (Android) ou nas aplicaci\u00f3ns do sitio web. App Store (Apple iOS) Nota: debes cancelar a t\u00faa subscrici\u00f3n ou proba de Apple polo menos 24 horas antes de que remate. Se o cancelas o \u00faltimo d\u00eda, renovarase automaticamente. Para cancelar a t\u00faa subscrici\u00f3n [&hellip;]<\/p>\n","protected":false},"author":10,"featured_media":197955,"parent":0,"menu_order":0,"comment_status":"closed","ping_status":"closed","template":"","meta":{"_acf_changed":false,"footnotes":""},"class_list":["post-998125","page","type-page","status-publish","has-post-thumbnail","hentry"],"acf":[],"yoast_head":"<!-- This site is optimized with the Yoast SEO Premium plugin v27.2 (Yoast SEO v27.2) - https:\/\/yoast.com\/product\/yoast-seo-premium-wordpress\/ -->\n<title>Instruci\u00f3ns de xesti\u00f3n de subscrici\u00f3ns - Talkpal<\/title>\n<meta name=\"description\" content=\"Siga estas instruci\u00f3ns de xesti\u00f3n de subscrici\u00f3ns para cancelar facilmente as t\u00faas subscrici\u00f3ns nas aplicaci\u00f3ns de Apple ou Google Play.\" \/>\n<meta name=\"robots\" content=\"index, follow, max-snippet:-1, max-image-preview:large, max-video-preview:-1\" \/>\n<link rel=\"canonical\" href=\"https:\/\/talkpal.ai\/gl\/instrucions-de-xestion-de-subscricions\/\" \/>\n<meta property=\"og:locale\" content=\"gl_ES\" \/>\n<meta property=\"og:type\" content=\"article\" \/>\n<meta property=\"og:title\" content=\"Instruci\u00f3ns de xesti\u00f3n de subscrici\u00f3ns\" \/>\n<meta property=\"og:description\" content=\"Podes xestionar as t\u00faas subscrici\u00f3ns na nosa App Store (Apple iOS), Google Play (Android) ou nas aplicaci\u00f3ns do sitio web. App Store (Apple iOS) Nota:\" \/>\n<meta property=\"og:url\" content=\"https:\/\/talkpal.ai\/gl\/instrucions-de-xestion-de-subscricions\/\" \/>\n<meta property=\"og:site_name\" content=\"Talkpal\" \/>\n<meta property=\"article:publisher\" content=\"https:\/\/www.facebook.com\/profile.php?id=100090733639311\" \/>\n<meta property=\"article:modified_time\" content=\"2025-07-12T09:48:00+00:00\" \/>\n<meta property=\"og:image\" content=\"https:\/\/talkpal.ai\/wp-content\/uploads\/2024\/03\/Talkpal-Logo-Icon.png\" \/>\n\t<meta property=\"og:image:width\" content=\"5000\" \/>\n\t<meta property=\"og:image:height\" content=\"5000\" \/>\n\t<meta property=\"og:image:type\" content=\"image\/png\" \/>\n<meta name=\"twitter:card\" content=\"summary_large_image\" \/>\n<meta name=\"twitter:site\" content=\"@talkpalai\" \/>\n<meta name=\"twitter:label1\" content=\"Tempo de lectura\" \/>\n\t<meta name=\"twitter:data1\" content=\"1 minuto\" \/>\n<script type=\"application\/ld+json\" class=\"yoast-schema-graph\">{\"@context\":\"https:\/\/schema.org\",\"@graph\":[{\"@type\":\"WebPage\",\"@id\":\"https:\/\/talkpal.ai\/gl\/instrucions-de-xestion-de-subscricions\/\",\"url\":\"https:\/\/talkpal.ai\/gl\/instrucions-de-xestion-de-subscricions\/\",\"name\":\"Instruci\u00f3ns de xesti\u00f3n de subscrici\u00f3ns - Talkpal\",\"isPartOf\":{\"@id\":\"https:\/\/talkpal.ai\/gl\/#website\"},\"primaryImageOfPage\":{\"@id\":\"https:\/\/talkpal.ai\/gl\/instrucions-de-xestion-de-subscricions\/#primaryimage\"},\"image\":{\"@id\":\"https:\/\/talkpal.ai\/gl\/instrucions-de-xestion-de-subscricions\/#primaryimage\"},\"thumbnailUrl\":\"https:\/\/talkpal.ai\/wp-content\/uploads\/2024\/03\/Talkpal-Logo-Icon.png\",\"datePublished\":\"2023-10-09T10:03:45+00:00\",\"dateModified\":\"2025-07-12T09:48:00+00:00\",\"description\":\"Siga estas instruci\u00f3ns de xesti\u00f3n de subscrici\u00f3ns para cancelar facilmente as t\u00faas subscrici\u00f3ns nas aplicaci\u00f3ns de Apple ou Google Play.\",\"breadcrumb\":{\"@id\":\"https:\/\/talkpal.ai\/gl\/instrucions-de-xestion-de-subscricions\/#breadcrumb\"},\"inLanguage\":\"gl-ES\",\"potentialAction\":[{\"@type\":\"ReadAction\",\"target\":[\"https:\/\/talkpal.ai\/gl\/instrucions-de-xestion-de-subscricions\/\"]}]},{\"@type\":\"ImageObject\",\"inLanguage\":\"gl-ES\",\"@id\":\"https:\/\/talkpal.ai\/gl\/instrucions-de-xestion-de-subscricions\/#primaryimage\",\"url\":\"https:\/\/talkpal.ai\/wp-content\/uploads\/2024\/03\/Talkpal-Logo-Icon.png\",\"contentUrl\":\"https:\/\/talkpal.ai\/wp-content\/uploads\/2024\/03\/Talkpal-Logo-Icon.png\",\"width\":5000,\"height\":5000,\"caption\":\"Logotipo de talkpal\"},{\"@type\":\"BreadcrumbList\",\"@id\":\"https:\/\/talkpal.ai\/gl\/instrucions-de-xestion-de-subscricions\/#breadcrumb\",\"itemListElement\":[{\"@type\":\"ListItem\",\"position\":1,\"name\":\"Homepage\",\"item\":\"https:\/\/talkpal.ai\/gl\/\"},{\"@type\":\"ListItem\",\"position\":2,\"name\":\"Instruci\u00f3ns de xesti\u00f3n de subscrici\u00f3ns\"}]},{\"@type\":\"WebSite\",\"@id\":\"https:\/\/talkpal.ai\/gl\/#website\",\"url\":\"https:\/\/talkpal.ai\/gl\/\",\"name\":\"Talkpal\",\"description\":\"AI Language Learning\",\"publisher\":{\"@id\":\"https:\/\/talkpal.ai\/gl\/#organization\"},\"alternateName\":\"Talkpal AI\",\"potentialAction\":[{\"@type\":\"SearchAction\",\"target\":{\"@type\":\"EntryPoint\",\"urlTemplate\":\"https:\/\/talkpal.ai\/gl\/?s={search_term_string}\"},\"query-input\":{\"@type\":\"PropertyValueSpecification\",\"valueRequired\":true,\"valueName\":\"search_term_string\"}}],\"inLanguage\":\"gl-ES\"},{\"@type\":\"Organization\",\"@id\":\"https:\/\/talkpal.ai\/gl\/#organization\",\"name\":\"Talkpal, Inc.\",\"alternateName\":\"Talkpal AI\",\"url\":\"https:\/\/talkpal.ai\/gl\/\",\"logo\":{\"@type\":\"ImageObject\",\"inLanguage\":\"gl-ES\",\"@id\":\"https:\/\/talkpal.ai\/gl\/#\/schema\/logo\/image\/\",\"url\":\"https:\/\/talkpal.ai\/wp-content\/uploads\/2024\/03\/Talkpal-Logo-Icon.png\",\"contentUrl\":\"https:\/\/talkpal.ai\/wp-content\/uploads\/2024\/03\/Talkpal-Logo-Icon.png\",\"width\":2880,\"height\":2880,\"caption\":\"Talkpal, Inc.\"},\"image\":{\"@id\":\"https:\/\/talkpal.ai\/gl\/#\/schema\/logo\/image\/\"},\"sameAs\":[\"https:\/\/www.facebook.com\/profile.php?id=100090733639311\",\"https:\/\/x.com\/talkpalai\",\"https:\/\/www.linkedin.com\/company\/talkpal\/\",\"https:\/\/www.youtube.com\/@TalkPal\/\",\"https:\/\/www.tiktok.com\/@talkpal\",\"https:\/\/www.instagram.com\/talkpal_ai\/\",\"https:\/\/www.crunchbase.com\/organization\/talkpal-9cde\",\"https:\/\/www.g2.com\/products\/talkpal-for-business\/\",\"https:\/\/www.trustpilot.com\/review\/talkpal.ai\",\"https:\/\/www.capterra.com\/p\/10006800\/TalkPal\/\"],\"description\":\"Talkpal is a language learning web and mobile education app, powered by the latest AI technologies, that provides engaging experiences to its customers in many different languages to help them improve their language skills. Users can chat about unlimited amount of topics with the app and use other modes to practice their language learning.\",\"email\":\"support@talkpal.ai\",\"legalName\":\"Talkpal, Inc.\",\"foundingDate\":\"2023-04-03\",\"duns\":\"118989042\",\"numberOfEmployees\":{\"@type\":\"QuantitativeValue\",\"minValue\":\"11\",\"maxValue\":\"50\"},\"publishingPrinciples\":\"https:\/\/talkpal.ai\/publishing-principles\/\",\"actionableFeedbackPolicy\":\"https:\/\/talkpal.ai\/actionable-feedback-policy\/\",\"correctionsPolicy\":\"https:\/\/talkpal.ai\/corrections-policy\/\",\"ethicsPolicy\":\"https:\/\/talkpal.ai\/ethics-policy\/\",\"diversityPolicy\":\"https:\/\/talkpal.ai\/diversity-policy\/\",\"diversityStaffingReport\":\"https:\/\/talkpal.ai\/diversity-policy\/\"}]}<\/script>\n<!-- \/ Yoast SEO Premium plugin. -->","yoast_head_json":{"title":"Instruci\u00f3ns de xesti\u00f3n de subscrici\u00f3ns - Talkpal","description":"Siga estas instruci\u00f3ns de xesti\u00f3n de subscrici\u00f3ns para cancelar facilmente as t\u00faas subscrici\u00f3ns nas aplicaci\u00f3ns de Apple ou Google Play.","robots":{"index":"index","follow":"follow","max-snippet":"max-snippet:-1","max-image-preview":"max-image-preview:large","max-video-preview":"max-video-preview:-1"},"canonical":"https:\/\/talkpal.ai\/gl\/instrucions-de-xestion-de-subscricions\/","og_locale":"gl_ES","og_type":"article","og_title":"Instruci\u00f3ns de xesti\u00f3n de subscrici\u00f3ns","og_description":"Podes xestionar as t\u00faas subscrici\u00f3ns na nosa App Store (Apple iOS), Google Play (Android) ou nas aplicaci\u00f3ns do sitio web. App Store (Apple iOS) Nota:","og_url":"https:\/\/talkpal.ai\/gl\/instrucions-de-xestion-de-subscricions\/","og_site_name":"Talkpal","article_publisher":"https:\/\/www.facebook.com\/profile.php?id=100090733639311","article_modified_time":"2025-07-12T09:48:00+00:00","og_image":[{"width":5000,"height":5000,"url":"https:\/\/talkpal.ai\/wp-content\/uploads\/2024\/03\/Talkpal-Logo-Icon.png","type":"image\/png"}],"twitter_card":"summary_large_image","twitter_site":"@talkpalai","twitter_misc":{"Tempo de lectura":"1 minuto"},"schema":{"@context":"https:\/\/schema.org","@graph":[{"@type":"WebPage","@id":"https:\/\/talkpal.ai\/gl\/instrucions-de-xestion-de-subscricions\/","url":"https:\/\/talkpal.ai\/gl\/instrucions-de-xestion-de-subscricions\/","name":"Instruci\u00f3ns de xesti\u00f3n de subscrici\u00f3ns - Talkpal","isPartOf":{"@id":"https:\/\/talkpal.ai\/gl\/#website"},"primaryImageOfPage":{"@id":"https:\/\/talkpal.ai\/gl\/instrucions-de-xestion-de-subscricions\/#primaryimage"},"image":{"@id":"https:\/\/talkpal.ai\/gl\/instrucions-de-xestion-de-subscricions\/#primaryimage"},"thumbnailUrl":"https:\/\/talkpal.ai\/wp-content\/uploads\/2024\/03\/Talkpal-Logo-Icon.png","datePublished":"2023-10-09T10:03:45+00:00","dateModified":"2025-07-12T09:48:00+00:00","description":"Siga estas instruci\u00f3ns de xesti\u00f3n de subscrici\u00f3ns para cancelar facilmente as t\u00faas subscrici\u00f3ns nas aplicaci\u00f3ns de Apple ou Google Play.","breadcrumb":{"@id":"https:\/\/talkpal.ai\/gl\/instrucions-de-xestion-de-subscricions\/#breadcrumb"},"inLanguage":"gl-ES","potentialAction":[{"@type":"ReadAction","target":["https:\/\/talkpal.ai\/gl\/instrucions-de-xestion-de-subscricions\/"]}]},{"@type":"ImageObject","inLanguage":"gl-ES","@id":"https:\/\/talkpal.ai\/gl\/instrucions-de-xestion-de-subscricions\/#primaryimage","url":"https:\/\/talkpal.ai\/wp-content\/uploads\/2024\/03\/Talkpal-Logo-Icon.png","contentUrl":"https:\/\/talkpal.ai\/wp-content\/uploads\/2024\/03\/Talkpal-Logo-Icon.png","width":5000,"height":5000,"caption":"Logotipo de talkpal"},{"@type":"BreadcrumbList","@id":"https:\/\/talkpal.ai\/gl\/instrucions-de-xestion-de-subscricions\/#breadcrumb","itemListElement":[{"@type":"ListItem","position":1,"name":"Homepage","item":"https:\/\/talkpal.ai\/gl\/"},{"@type":"ListItem","position":2,"name":"Instruci\u00f3ns de xesti\u00f3n de subscrici\u00f3ns"}]},{"@type":"WebSite","@id":"https:\/\/talkpal.ai\/gl\/#website","url":"https:\/\/talkpal.ai\/gl\/","name":"Talkpal","description":"AI Language Learning","publisher":{"@id":"https:\/\/talkpal.ai\/gl\/#organization"},"alternateName":"Talkpal AI","potentialAction":[{"@type":"SearchAction","target":{"@type":"EntryPoint","urlTemplate":"https:\/\/talkpal.ai\/gl\/?s={search_term_string}"},"query-input":{"@type":"PropertyValueSpecification","valueRequired":true,"valueName":"search_term_string"}}],"inLanguage":"gl-ES"},{"@type":"Organization","@id":"https:\/\/talkpal.ai\/gl\/#organization","name":"Talkpal, Inc.","alternateName":"Talkpal AI","url":"https:\/\/talkpal.ai\/gl\/","logo":{"@type":"ImageObject","inLanguage":"gl-ES","@id":"https:\/\/talkpal.ai\/gl\/#\/schema\/logo\/image\/","url":"https:\/\/talkpal.ai\/wp-content\/uploads\/2024\/03\/Talkpal-Logo-Icon.png","contentUrl":"https:\/\/talkpal.ai\/wp-content\/uploads\/2024\/03\/Talkpal-Logo-Icon.png","width":2880,"height":2880,"caption":"Talkpal, Inc."},"image":{"@id":"https:\/\/talkpal.ai\/gl\/#\/schema\/logo\/image\/"},"sameAs":["https:\/\/www.facebook.com\/profile.php?id=100090733639311","https:\/\/x.com\/talkpalai","https:\/\/www.linkedin.com\/company\/talkpal\/","https:\/\/www.youtube.com\/@TalkPal\/","https:\/\/www.tiktok.com\/@talkpal","https:\/\/www.instagram.com\/talkpal_ai\/","https:\/\/www.crunchbase.com\/organization\/talkpal-9cde","https:\/\/www.g2.com\/products\/talkpal-for-business\/","https:\/\/www.trustpilot.com\/review\/talkpal.ai","https:\/\/www.capterra.com\/p\/10006800\/TalkPal\/"],"description":"Talkpal is a language learning web and mobile education app, powered by the latest AI technologies, that provides engaging experiences to its customers in many different languages to help them improve their language skills. Users can chat about unlimited amount of topics with the app and use other modes to practice their language learning.","email":"support@talkpal.ai","legalName":"Talkpal, Inc.","foundingDate":"2023-04-03","duns":"118989042","numberOfEmployees":{"@type":"QuantitativeValue","minValue":"11","maxValue":"50"},"publishingPrinciples":"https:\/\/talkpal.ai\/publishing-principles\/","actionableFeedbackPolicy":"https:\/\/talkpal.ai\/actionable-feedback-policy\/","correctionsPolicy":"https:\/\/talkpal.ai\/corrections-policy\/","ethicsPolicy":"https:\/\/talkpal.ai\/ethics-policy\/","diversityPolicy":"https:\/\/talkpal.ai\/diversity-policy\/","diversityStaffingReport":"https:\/\/talkpal.ai\/diversity-policy\/"}]}},"_links":{"self":[{"href":"https:\/\/talkpal.ai\/gl\/wp-json\/wp\/v2\/pages\/998125","targetHints":{"allow":["GET"]}}],"collection":[{"href":"https:\/\/talkpal.ai\/gl\/wp-json\/wp\/v2\/pages"}],"about":[{"href":"https:\/\/talkpal.ai\/gl\/wp-json\/wp\/v2\/types\/page"}],"author":[{"embeddable":true,"href":"https:\/\/talkpal.ai\/gl\/wp-json\/wp\/v2\/users\/10"}],"replies":[{"embeddable":true,"href":"https:\/\/talkpal.ai\/gl\/wp-json\/wp\/v2\/comments?post=998125"}],"version-history":[{"count":0,"href":"https:\/\/talkpal.ai\/gl\/wp-json\/wp\/v2\/pages\/998125\/revisions"}],"wp:featuredmedia":[{"embeddable":true,"href":"https:\/\/talkpal.ai\/gl\/wp-json\/wp\/v2\/media\/197955"}],"wp:attachment":[{"href":"https:\/\/talkpal.ai\/gl\/wp-json\/wp\/v2\/media?parent=998125"}],"curies":[{"name":"wp","href":"https:\/\/api.w.org\/{rel}","templated":true}]}}