{"id":91915,"date":"2023-03-25T16:57:06","date_gmt":"2023-03-25T16:57:06","guid":{"rendered":"http:\/\/talkpal.ai\/gramatica-inglesa\/"},"modified":"2025-05-22T19:28:00","modified_gmt":"2025-05-22T19:28:00","slug":"gramatica-inglesa","status":"publish","type":"page","link":"https:\/\/talkpal.ai\/gl\/gramatica-inglesa\/","title":{"rendered":"Gram\u00e1tica inglesa"},"content":{"rendered":"\r\n\r\n\r\n<section class=\"languageChallengeSection\">\r\n    <div class=\"languageInfoWrapper\">\r\n        \r\n        <h1>Gram\u00e1tica inglesa<\/h1>\r\n        <p>Listo\/a para comezar a aprender <a href=\"https:\/\/talkpal.ai\/es\/locations\/aprende-ingles-en-orange\/\">ingl\u00e9s<\/a>? Con s\u00f3 un pouco de gram\u00e1tica e algunhas palabras novas, estar\u00e1s chateando e conectando con xente de todo o mundo en pouco tempo. Merg\u00fallate e fagamos que aprender ingl\u00e9s sexa divertido e sinxelo: a t\u00faa viaxe cara \u00e1 fluidez comeza hoxe!\n\n<\/p>\r\n\r\n                            <a class=\"getStartedHidden\" href=\"https:\/\/app.talkpal.ai\/signup?lng=\">Empeza<\/a>\r\n        \r\n    <\/div>\r\n\r\n    <figure>\r\n    <img decoding=\"async\" width=\"768\" height=\"768\" src=\"https:\/\/talkpal.ai\/wp-content\/uploads\/2023\/06\/English-768x768.png\" class=\"languageImage no-lazy\" alt=\"Language learning for improved multitasking\" fetchpriority=\"high\" sizes=\"(max-width: 768px) 150px, 768px\" srcset=\"https:\/\/talkpal.ai\/wp-content\/uploads\/2023\/06\/English-768x768.png 768w, https:\/\/talkpal.ai\/wp-content\/uploads\/2023\/06\/English-300x300.png 300w\" \/>\r\n    \r\n\r\n    <\/figure>\r\n\r\n            <a class=\"getStartedVisible\" href=\"https:\/\/app.talkpal.ai\/signup?lng=\">Empeza<\/a>\r\n    \r\n<\/section>\r\n<section class=\"promotionalBanner\">\r\n    <p class=\"promotionalText\">A forma m\u00e1is eficaz de aprender un idioma<\/p>\r\n    <a class=\"promotionalLink\" href=\"https:\/\/app.talkpal.ai\/signup?lng=\">Proba Talkpal de balde<\/a>\r\n<\/section>\n<div class=\"wp-block-group pageContainerStyle\"><div class=\"wp-block-group__inner-container is-layout-constrained wp-block-group-is-layout-constrained\">\n<h2 class=\"wp-block-heading\" id=\"h-the-importance-of-english-grammar-a-guide-to-mastering-the-rules-and-principles\">A importancia da gram\u00e1tica inglesa: unha gu\u00eda para dominar as regras e os principios<\/h2>\n\n\n\n<p>Dado que o ingl\u00e9s \u00e9 unha das linguas m\u00e1is destacadas que se falan en todo o mundo, non \u00e9 de estra\u00f1ar que a xente estea ansiosa por mellorar a s\u00faa fluidez e dominio del. Un aspecto crucial do dominio da lingua inglesa \u00e9 comprender a s\u00faa gram\u00e1tica. Pero por que \u00e9 tan importante a gram\u00e1tica e <a href=\"https:\/\/talkpal.ai\/locations\/language-courses-in-como\/\">como<\/a> podemos aprendela de forma eficaz? Neste artigo, mergullaremos no significado da <a href=\"https:\/\/talkpal.ai\/pt-pt\/o-que-ha-de-especial-na-gramatica-inglesa\/\">gram\u00e1tica inglesa<\/a>, comentaremos os seus principios fundamentais e compartiremos alg\u00fans consellos \u00fatiles para mellorar as t\u00faas habilidades.<\/p>\n\n\n\n<h3 class=\"wp-block-heading\" id=\"h-the-role-of-grammar-in-the-english-language\">O papel da gram\u00e1tica na lingua inglesa:<\/h3>\n\n\n\n<p>Ent\u00f3n, cal \u00e9 o gran problema da gram\u00e1tica? En esencia, a gram\u00e1tica serve como bloques de construci\u00f3n de calquera lingua: \u00e9 o conxunto de regras e principios que rexen como usamos as palabras para formar frases significativas. Ao cumprir estas normas, podemos garantir unha comunicaci\u00f3n clara e evitar malentendidos. Imaxina tentar coci\u00f1ar unha comida sen seguir unha receita: o resultado final pode ser desagradable. As\u00ed mesmo, descoidar a gram\u00e1tica na nosa fala e escrita diaria pode levar a confusi\u00f3n e interpretaci\u00f3n err\u00f3nea.<\/p>\n\n\n\n<h3 class=\"wp-block-heading\" id=\"h-key-principles-of-english-grammar\">Principios clave da gram\u00e1tica inglesa:<\/h3>\n\n\n\n<p>A\u00ednda que a gram\u00e1tica inglesa abarca unha gran variedade de regras, hai alg\u00fans principios clave que debes ter en conta:<\/p>\n\n\n\n<p><strong>1. Partes do discurso:<\/strong> son os papeis que desempe\u00f1an as palabras nunha oraci\u00f3n. Segundo a s\u00faa funci\u00f3n, as palabras p\u00f3dense clasificar como substantivos, pronomes, verbos, adxectivos, adverbios, preposici\u00f3ns, conxunci\u00f3ns ou interxecci\u00f3ns.<\/p>\n\n\n\n<p><strong>2. Tempos:<\/strong> os tempos indican o tempo das acci\u00f3ns ou estados do ser. Clasif\u00edcanse en pasado, <a href=\"https:\/\/talkpal.ai\/zh-hans\/grammar_exercises\/presente-%e8%a5%bf%e7%8f%ad%e7%89%99%e8%af%ad%e6%b3%95%e7%bb%83%e4%b9%a0\/\">presente<\/a> e <a href=\"https:\/\/talkpal.ai\/ja\/grammar_exercises\/futuro-%e3%82%b9%e3%83%9a%e3%82%a4%e3%83%b3%e8%aa%9e%e3%81%ae%e6%96%87%e6%b3%95%e3%81%ae%e6%bc%94%e7%bf%92\/\">futuro<\/a>, e cada tempo ten catro aspectos: simple, progresivo, perfecto e perfecto progresivo.<\/p>\n\n\n\n<p><strong>3. Acordo suxeito-verbo:<\/strong> esencialmente, o suxeito (substantivo ou pronome) e o verbo nunha oraci\u00f3n deben coincidir en n\u00famero \u2013 singular ou plural. Por exemplo, &#8220;Ela le un libro&#8221; e &#8220;Len libros&#8221; son ambas gramaticalmente correctas.<\/p>\n\n\n\n<p><strong>4. Estrutura da oraci\u00f3n:<\/strong> unha oraci\u00f3n ben estruturada consta dun suxeito, un verbo e, a mi\u00fado, un obxecto. As oraci\u00f3ns poden ser simples (unha cl\u00e1usula independente), compostas (d\u00faas ou m\u00e1is cl\u00e1usulas independentes) ou complexas (unha cl\u00e1usula independente e unha ou m\u00e1is cl\u00e1usulas dependentes).<\/p>\n\n\n\n<p><strong>5. Puntuaci\u00f3n:<\/strong> os signos de puntuaci\u00f3n, como comas, puntos e comas, son fundamentais para organizar e aclarar a linguaxe escrita. A puntuaci\u00f3n adecuada garante que as s\u00faas ideas se transmitan con precisi\u00f3n e coherencia.<\/p>\n\n\n\n<h3 class=\"wp-block-heading\" id=\"h-tips-to-improve-your-english-grammar\">Consellos para mellorar a s\u00faa gram\u00e1tica inglesa:<\/h3>\n\n\n\n<p>Agora que falamos dos fundamentos da gram\u00e1tica inglesa, exploremos algunhas formas eficaces de mellorar as t\u00faas habilidades:<\/p>\n\n\n\n<p><strong>1. Le con regularidade:<\/strong> a lectura \u00e9 unha excelente forma de interiorizar a gram\u00e1tica adecuada. Canto m\u00e1is te expo\u00f1as a artigos, libros ou ensaios ben escritos, mellor comprender\u00e1s as regras e estruturas.<\/p>\n\n\n\n<p><strong>2. Practica a escritura:<\/strong> escribir regularmente perm\u00edteche aplicar os teus co\u00f1ecementos gramaticais e identificar \u00e1reas nas que necesitas mellorar. Considera levar un diario ou crear un <a href=\"https:\/\/talkpal.ai\/blog\/\">blog<\/a> para desenvolver as t\u00faas habilidades de escritura.<\/p>\n\n\n\n<p><strong>3. Estudar recursos gramaticais:<\/strong> <a href=\"https:\/\/talkpal.ai\/talkpal-discount-for-test-takers-e-g-toefl-ielts\/\">tes<\/a> mans nalg\u00fans libros de gram\u00e1tica, sitios web ou aplicaci\u00f3ns de boa reputaci\u00f3n para afondar na t\u00faa comprensi\u00f3n das regras. Revisar regularmente estes materiais axudar\u00e1 a consolidar o teu co\u00f1ecemento.<\/p>\n\n\n\n<p><strong>4. Busca comentarios:<\/strong> interact\u00faa con outros para recibir cr\u00edticas construtivas sobre o teu ingl\u00e9s escrito e falado. Isto pode ser a trav\u00e9s de foros en li\u00f1a, grupos de intercambio ling\u00fc\u00edstico ou amigos e colegas que co\u00f1ezan o ingl\u00e9s.<\/p>\n\n\n\n<p><strong>5. Sexa paciente e persistente:<\/strong> a aprendizaxe da gram\u00e1tica \u00e9 un proceso gradual que require tempo e esforzo. Mantente comprometido, segue practicando e celebra o teu progreso.<\/p>\n\n\n\n<h3 class=\"wp-block-heading\" id=\"h-conclusion\">Conclusi\u00f3n:<\/h3>\n\n\n\n<p>Dominar a gram\u00e1tica inglesa \u00e9 un trampol\u00edn esencial no cami\u00f1o da fluidez. Ao comprender a s\u00faa importancia, familiarizarse cos principios clave e practicar activamente, pronto desenvolver\u00e1 un forte dominio da lingua. Lembra que Roma non se constru\u00edu nun d\u00eda, as\u00ed que ten paciencia, div\u00edrtete e disfruta da viaxe cara a unha gram\u00e1tica impecable.<\/p>\n<\/div><\/div>\n\r\n<section class=\"learnNavigationSection\">\r\n            \r\n        <a href=\"https:\/\/talkpal.ai\/gl\/aprender-ingles\/\">\r\n            <div class=\"learnNavigationWrapper\">\r\n                <div class=\"learnNavigationContent\">\r\n                    <img decoding=\"async\" src=\"https:\/\/talkpal.ai\/wp-content\/uploads\/2024\/08\/English.jpg\" alt=\"English Flag\">\r\n                    <div>\r\n                        <h4>Sobre a aprendizaxe do ingl\u00e9s<\/h4>\r\n                        <p>Descubra todo sobre a gram\u00e1tica inglesa.<\/p>\r\n                    <\/div>\r\n                <\/div>\r\n            <\/div>\r\n        <\/a>\r\n\r\n        \r\n        <a href=\"https:\/\/talkpal.ai\/gl\/exercicios-de-gramatica-inglesa\/\">\r\n            <div class=\"learnNavigationWrapper\">\r\n                <div class=\"learnNavigationContent\">\r\n                    <img decoding=\"async\" src=\"https:\/\/talkpal.ai\/wp-content\/uploads\/2024\/08\/English.jpg\" alt=\"English Flag\">\r\n                    <div>\r\n                        <h4>Exercicios de gram\u00e1tica inglesa<\/h4>\r\n                        <p>Practica a gram\u00e1tica inglesa.<\/p>\r\n                    <\/div>\r\n                <\/div>\r\n            <\/div>\r\n        <\/a>\r\n\r\n        \r\n        <a href=\"https:\/\/talkpal.ai\/vocabulary_language\/english\/\">\r\n            <div class=\"learnNavigationWrapper\">\r\n                <div class=\"learnNavigationContent\">\r\n                    <img decoding=\"async\" src=\"https:\/\/talkpal.ai\/wp-content\/uploads\/2024\/08\/English.jpg\" alt=\"English Flag\">\r\n                    <div>\r\n                        <h4>Vocabulario ingl\u00e9s<\/h4>\r\n                        <p>Ampl\u00eda o teu vocabulario en ingl\u00e9s.<\/p>\r\n                    <\/div>\r\n                <\/div>\r\n            <\/div>\r\n        <\/a>\r\n\r\n            <\/section>","protected":false},"excerpt":{"rendered":"<p>A importancia da gram\u00e1tica inglesa: unha gu\u00eda para dominar as regras e os principios Dado que o ingl\u00e9s \u00e9 unha das linguas m\u00e1is destacadas que se falan en todo o mundo, non \u00e9 de estra\u00f1ar que a xente estea ansiosa por mellorar a s\u00faa fluidez e dominio del. Un aspecto crucial do dominio da lingua [&hellip;]<\/p>\n","protected":false},"author":1,"featured_media":70819,"parent":0,"menu_order":0,"comment_status":"closed","ping_status":"closed","template":"LearningContentPage.php","meta":{"_acf_changed":false,"footnotes":""},"class_list":["post-91915","page","type-page","status-publish","has-post-thumbnail","hentry"],"acf":[],"yoast_head":"<!-- This site is optimized with the Yoast SEO Premium plugin v27.2 (Yoast SEO v27.2) - https:\/\/yoast.com\/product\/yoast-seo-premium-wordpress\/ -->\n<title>Gram\u00e1tica inglesa - Talkpal<\/title>\n<meta name=\"description\" content=\"Mellora as t\u00faas habilidades gramaticais en ingl\u00e9s sen esforzo coa aplicaci\u00f3n de aprendizaxe de idiomas con IA de Talkpal .\" \/>\n<meta name=\"robots\" content=\"index, follow, max-snippet:-1, max-image-preview:large, max-video-preview:-1\" \/>\n<link rel=\"canonical\" href=\"https:\/\/talkpal.ai\/gl\/gramatica-inglesa\/\" \/>\n<meta property=\"og:locale\" content=\"gl_ES\" \/>\n<meta property=\"og:type\" content=\"article\" \/>\n<meta property=\"og:title\" content=\"Gram\u00e1tica inglesa\" \/>\n<meta property=\"og:description\" content=\"A importancia da gram\u00e1tica inglesa: unha gu\u00eda para dominar as regras e os principios Dado que o ingl\u00e9s \u00e9 unha das linguas m\u00e1is destacadas que se falan en\" \/>\n<meta property=\"og:url\" content=\"https:\/\/talkpal.ai\/gl\/gramatica-inglesa\/\" \/>\n<meta property=\"og:site_name\" content=\"Talkpal\" \/>\n<meta property=\"article:publisher\" content=\"https:\/\/www.facebook.com\/profile.php?id=100090733639311\" \/>\n<meta property=\"article:modified_time\" content=\"2025-05-22T19:28:00+00:00\" \/>\n<meta property=\"og:image\" content=\"https:\/\/talkpal.ai\/wp-content\/uploads\/2023\/03\/united-kingdom.png\" \/>\n\t<meta property=\"og:image:width\" content=\"512\" \/>\n\t<meta property=\"og:image:height\" content=\"512\" \/>\n\t<meta property=\"og:image:type\" content=\"image\/png\" \/>\n<meta name=\"twitter:card\" content=\"summary_large_image\" \/>\n<meta name=\"twitter:site\" content=\"@talkpalai\" \/>\n<meta name=\"twitter:label1\" content=\"Tempo de lectura\" \/>\n\t<meta name=\"twitter:data1\" content=\"4 minutos\" \/>\n<script type=\"application\/ld+json\" class=\"yoast-schema-graph\">{\"@context\":\"https:\/\/schema.org\",\"@graph\":[{\"@type\":\"WebPage\",\"@id\":\"https:\/\/talkpal.ai\/gl\/gramatica-inglesa\/\",\"url\":\"https:\/\/talkpal.ai\/gl\/gramatica-inglesa\/\",\"name\":\"Gram\u00e1tica inglesa - Talkpal\",\"isPartOf\":{\"@id\":\"https:\/\/talkpal.ai\/gl\/#website\"},\"primaryImageOfPage\":{\"@id\":\"https:\/\/talkpal.ai\/gl\/gramatica-inglesa\/#primaryimage\"},\"image\":{\"@id\":\"https:\/\/talkpal.ai\/gl\/gramatica-inglesa\/#primaryimage\"},\"thumbnailUrl\":\"https:\/\/talkpal.ai\/wp-content\/uploads\/2023\/03\/united-kingdom.png\",\"datePublished\":\"2023-03-25T16:57:06+00:00\",\"dateModified\":\"2025-05-22T19:28:00+00:00\",\"description\":\"Mellora as t\u00faas habilidades gramaticais en ingl\u00e9s sen esforzo coa aplicaci\u00f3n de aprendizaxe de idiomas con IA de Talkpal .\",\"breadcrumb\":{\"@id\":\"https:\/\/talkpal.ai\/gl\/gramatica-inglesa\/#breadcrumb\"},\"inLanguage\":\"gl-ES\",\"potentialAction\":[{\"@type\":\"ReadAction\",\"target\":[\"https:\/\/talkpal.ai\/gl\/gramatica-inglesa\/\"]}]},{\"@type\":\"ImageObject\",\"inLanguage\":\"gl-ES\",\"@id\":\"https:\/\/talkpal.ai\/gl\/gramatica-inglesa\/#primaryimage\",\"url\":\"https:\/\/talkpal.ai\/wp-content\/uploads\/2023\/03\/united-kingdom.png\",\"contentUrl\":\"https:\/\/talkpal.ai\/wp-content\/uploads\/2023\/03\/united-kingdom.png\",\"width\":512,\"height\":512,\"caption\":\"TalkPal AI learn English\"},{\"@type\":\"BreadcrumbList\",\"@id\":\"https:\/\/talkpal.ai\/gl\/gramatica-inglesa\/#breadcrumb\",\"itemListElement\":[{\"@type\":\"ListItem\",\"position\":1,\"name\":\"Homepage\",\"item\":\"https:\/\/talkpal.ai\/gl\/\"},{\"@type\":\"ListItem\",\"position\":2,\"name\":\"Gram\u00e1tica inglesa\"}]},{\"@type\":\"WebSite\",\"@id\":\"https:\/\/talkpal.ai\/gl\/#website\",\"url\":\"https:\/\/talkpal.ai\/gl\/\",\"name\":\"Talkpal\",\"description\":\"AI Language Learning\",\"publisher\":{\"@id\":\"https:\/\/talkpal.ai\/gl\/#organization\"},\"alternateName\":\"Talkpal AI\",\"potentialAction\":[{\"@type\":\"SearchAction\",\"target\":{\"@type\":\"EntryPoint\",\"urlTemplate\":\"https:\/\/talkpal.ai\/gl\/?s={search_term_string}\"},\"query-input\":{\"@type\":\"PropertyValueSpecification\",\"valueRequired\":true,\"valueName\":\"search_term_string\"}}],\"inLanguage\":\"gl-ES\"},{\"@type\":\"Organization\",\"@id\":\"https:\/\/talkpal.ai\/gl\/#organization\",\"name\":\"Talkpal, Inc.\",\"alternateName\":\"Talkpal AI\",\"url\":\"https:\/\/talkpal.ai\/gl\/\",\"logo\":{\"@type\":\"ImageObject\",\"inLanguage\":\"gl-ES\",\"@id\":\"https:\/\/talkpal.ai\/gl\/#\/schema\/logo\/image\/\",\"url\":\"https:\/\/talkpal.ai\/wp-content\/uploads\/2024\/03\/Talkpal-Logo-Icon.png\",\"contentUrl\":\"https:\/\/talkpal.ai\/wp-content\/uploads\/2024\/03\/Talkpal-Logo-Icon.png\",\"width\":2880,\"height\":2880,\"caption\":\"Talkpal, Inc.\"},\"image\":{\"@id\":\"https:\/\/talkpal.ai\/gl\/#\/schema\/logo\/image\/\"},\"sameAs\":[\"https:\/\/www.facebook.com\/profile.php?id=100090733639311\",\"https:\/\/x.com\/talkpalai\",\"https:\/\/www.linkedin.com\/company\/talkpal\/\",\"https:\/\/www.youtube.com\/@TalkPal\/\",\"https:\/\/www.tiktok.com\/@talkpal\",\"https:\/\/www.instagram.com\/talkpal_ai\/\",\"https:\/\/www.crunchbase.com\/organization\/talkpal-9cde\",\"https:\/\/www.g2.com\/products\/talkpal-for-business\/\",\"https:\/\/www.trustpilot.com\/review\/talkpal.ai\",\"https:\/\/www.capterra.com\/p\/10006800\/TalkPal\/\"],\"description\":\"Talkpal is a language learning web and mobile education app, powered by the latest AI technologies, that provides engaging experiences to its customers in many different languages to help them improve their language skills. Users can chat about unlimited amount of topics with the app and use other modes to practice their language learning.\",\"email\":\"support@talkpal.ai\",\"legalName\":\"Talkpal, Inc.\",\"foundingDate\":\"2023-04-03\",\"duns\":\"118989042\",\"numberOfEmployees\":{\"@type\":\"QuantitativeValue\",\"minValue\":\"11\",\"maxValue\":\"50\"},\"publishingPrinciples\":\"https:\/\/talkpal.ai\/publishing-principles\/\",\"actionableFeedbackPolicy\":\"https:\/\/talkpal.ai\/actionable-feedback-policy\/\",\"correctionsPolicy\":\"https:\/\/talkpal.ai\/corrections-policy\/\",\"ethicsPolicy\":\"https:\/\/talkpal.ai\/ethics-policy\/\",\"diversityPolicy\":\"https:\/\/talkpal.ai\/diversity-policy\/\",\"diversityStaffingReport\":\"https:\/\/talkpal.ai\/diversity-policy\/\"}]}<\/script>\n<!-- \/ Yoast SEO Premium plugin. -->","yoast_head_json":{"title":"Gram\u00e1tica inglesa - Talkpal","description":"Mellora as t\u00faas habilidades gramaticais en ingl\u00e9s sen esforzo coa aplicaci\u00f3n de aprendizaxe de idiomas con IA de Talkpal .","robots":{"index":"index","follow":"follow","max-snippet":"max-snippet:-1","max-image-preview":"max-image-preview:large","max-video-preview":"max-video-preview:-1"},"canonical":"https:\/\/talkpal.ai\/gl\/gramatica-inglesa\/","og_locale":"gl_ES","og_type":"article","og_title":"Gram\u00e1tica inglesa","og_description":"A importancia da gram\u00e1tica inglesa: unha gu\u00eda para dominar as regras e os principios Dado que o ingl\u00e9s \u00e9 unha das linguas m\u00e1is destacadas que se falan en","og_url":"https:\/\/talkpal.ai\/gl\/gramatica-inglesa\/","og_site_name":"Talkpal","article_publisher":"https:\/\/www.facebook.com\/profile.php?id=100090733639311","article_modified_time":"2025-05-22T19:28:00+00:00","og_image":[{"width":512,"height":512,"url":"https:\/\/talkpal.ai\/wp-content\/uploads\/2023\/03\/united-kingdom.png","type":"image\/png"}],"twitter_card":"summary_large_image","twitter_site":"@talkpalai","twitter_misc":{"Tempo de lectura":"4 minutos"},"schema":{"@context":"https:\/\/schema.org","@graph":[{"@type":"WebPage","@id":"https:\/\/talkpal.ai\/gl\/gramatica-inglesa\/","url":"https:\/\/talkpal.ai\/gl\/gramatica-inglesa\/","name":"Gram\u00e1tica inglesa - Talkpal","isPartOf":{"@id":"https:\/\/talkpal.ai\/gl\/#website"},"primaryImageOfPage":{"@id":"https:\/\/talkpal.ai\/gl\/gramatica-inglesa\/#primaryimage"},"image":{"@id":"https:\/\/talkpal.ai\/gl\/gramatica-inglesa\/#primaryimage"},"thumbnailUrl":"https:\/\/talkpal.ai\/wp-content\/uploads\/2023\/03\/united-kingdom.png","datePublished":"2023-03-25T16:57:06+00:00","dateModified":"2025-05-22T19:28:00+00:00","description":"Mellora as t\u00faas habilidades gramaticais en ingl\u00e9s sen esforzo coa aplicaci\u00f3n de aprendizaxe de idiomas con IA de Talkpal .","breadcrumb":{"@id":"https:\/\/talkpal.ai\/gl\/gramatica-inglesa\/#breadcrumb"},"inLanguage":"gl-ES","potentialAction":[{"@type":"ReadAction","target":["https:\/\/talkpal.ai\/gl\/gramatica-inglesa\/"]}]},{"@type":"ImageObject","inLanguage":"gl-ES","@id":"https:\/\/talkpal.ai\/gl\/gramatica-inglesa\/#primaryimage","url":"https:\/\/talkpal.ai\/wp-content\/uploads\/2023\/03\/united-kingdom.png","contentUrl":"https:\/\/talkpal.ai\/wp-content\/uploads\/2023\/03\/united-kingdom.png","width":512,"height":512,"caption":"TalkPal AI learn English"},{"@type":"BreadcrumbList","@id":"https:\/\/talkpal.ai\/gl\/gramatica-inglesa\/#breadcrumb","itemListElement":[{"@type":"ListItem","position":1,"name":"Homepage","item":"https:\/\/talkpal.ai\/gl\/"},{"@type":"ListItem","position":2,"name":"Gram\u00e1tica inglesa"}]},{"@type":"WebSite","@id":"https:\/\/talkpal.ai\/gl\/#website","url":"https:\/\/talkpal.ai\/gl\/","name":"Talkpal","description":"AI Language Learning","publisher":{"@id":"https:\/\/talkpal.ai\/gl\/#organization"},"alternateName":"Talkpal AI","potentialAction":[{"@type":"SearchAction","target":{"@type":"EntryPoint","urlTemplate":"https:\/\/talkpal.ai\/gl\/?s={search_term_string}"},"query-input":{"@type":"PropertyValueSpecification","valueRequired":true,"valueName":"search_term_string"}}],"inLanguage":"gl-ES"},{"@type":"Organization","@id":"https:\/\/talkpal.ai\/gl\/#organization","name":"Talkpal, Inc.","alternateName":"Talkpal AI","url":"https:\/\/talkpal.ai\/gl\/","logo":{"@type":"ImageObject","inLanguage":"gl-ES","@id":"https:\/\/talkpal.ai\/gl\/#\/schema\/logo\/image\/","url":"https:\/\/talkpal.ai\/wp-content\/uploads\/2024\/03\/Talkpal-Logo-Icon.png","contentUrl":"https:\/\/talkpal.ai\/wp-content\/uploads\/2024\/03\/Talkpal-Logo-Icon.png","width":2880,"height":2880,"caption":"Talkpal, Inc."},"image":{"@id":"https:\/\/talkpal.ai\/gl\/#\/schema\/logo\/image\/"},"sameAs":["https:\/\/www.facebook.com\/profile.php?id=100090733639311","https:\/\/x.com\/talkpalai","https:\/\/www.linkedin.com\/company\/talkpal\/","https:\/\/www.youtube.com\/@TalkPal\/","https:\/\/www.tiktok.com\/@talkpal","https:\/\/www.instagram.com\/talkpal_ai\/","https:\/\/www.crunchbase.com\/organization\/talkpal-9cde","https:\/\/www.g2.com\/products\/talkpal-for-business\/","https:\/\/www.trustpilot.com\/review\/talkpal.ai","https:\/\/www.capterra.com\/p\/10006800\/TalkPal\/"],"description":"Talkpal is a language learning web and mobile education app, powered by the latest AI technologies, that provides engaging experiences to its customers in many different languages to help them improve their language skills. Users can chat about unlimited amount of topics with the app and use other modes to practice their language learning.","email":"support@talkpal.ai","legalName":"Talkpal, Inc.","foundingDate":"2023-04-03","duns":"118989042","numberOfEmployees":{"@type":"QuantitativeValue","minValue":"11","maxValue":"50"},"publishingPrinciples":"https:\/\/talkpal.ai\/publishing-principles\/","actionableFeedbackPolicy":"https:\/\/talkpal.ai\/actionable-feedback-policy\/","correctionsPolicy":"https:\/\/talkpal.ai\/corrections-policy\/","ethicsPolicy":"https:\/\/talkpal.ai\/ethics-policy\/","diversityPolicy":"https:\/\/talkpal.ai\/diversity-policy\/","diversityStaffingReport":"https:\/\/talkpal.ai\/diversity-policy\/"}]}},"_links":{"self":[{"href":"https:\/\/talkpal.ai\/gl\/wp-json\/wp\/v2\/pages\/91915","targetHints":{"allow":["GET"]}}],"collection":[{"href":"https:\/\/talkpal.ai\/gl\/wp-json\/wp\/v2\/pages"}],"about":[{"href":"https:\/\/talkpal.ai\/gl\/wp-json\/wp\/v2\/types\/page"}],"author":[{"embeddable":true,"href":"https:\/\/talkpal.ai\/gl\/wp-json\/wp\/v2\/users\/1"}],"replies":[{"embeddable":true,"href":"https:\/\/talkpal.ai\/gl\/wp-json\/wp\/v2\/comments?post=91915"}],"version-history":[{"count":0,"href":"https:\/\/talkpal.ai\/gl\/wp-json\/wp\/v2\/pages\/91915\/revisions"}],"wp:featuredmedia":[{"embeddable":true,"href":"https:\/\/talkpal.ai\/gl\/wp-json\/wp\/v2\/media\/70819"}],"wp:attachment":[{"href":"https:\/\/talkpal.ai\/gl\/wp-json\/wp\/v2\/media?parent=91915"}],"curies":[{"name":"wp","href":"https:\/\/api.w.org\/{rel}","templated":true}]}}