{"id":75004,"date":"2023-05-14T14:03:43","date_gmt":"2023-05-14T14:03:43","guid":{"rendered":"http:\/\/talkpal.ai\/gramatica-galega\/"},"modified":"2025-12-13T15:35:54","modified_gmt":"2025-12-13T15:35:54","slug":"gramatica-galega","status":"publish","type":"page","link":"https:\/\/talkpal.ai\/gl\/gramatica-galega\/","title":{"rendered":"Gram\u00e1tica Galega"},"content":{"rendered":"\r\n\r\n\r\n<section class=\"languageChallengeSection\">\r\n    <div class=\"languageInfoWrapper\">\r\n        \r\n        <h1>Gram\u00e1tica Galega<\/h1>\r\n        <p>Descubre o encanto da lingua gallega dominando as s\u00faas regras gramaticais fundamentais. Comprender a gram\u00e1tica gallega abrir\u00e1 as portas a unha comunicaci\u00f3n significativa e a unha apreciaci\u00f3n m\u00e1is profunda da vibrante cultura de Galicia. Comeza a aprender gram\u00e1tica do <a href=\"https:\/\/talkpal.ai\/learn-galician\/\">galego<\/a> hoxe mesmo e d\u00e1 o teu primeiro paso cara \u00e1 fluidez!<\/p>\r\n\r\n                            <a class=\"getStartedHidden\" href=\"https:\/\/app.talkpal.ai\/signup?lng=\">Empeza<\/a>\r\n        \r\n    <\/div>\r\n\r\n    <figure>\r\n    <img decoding=\"async\" width=\"768\" height=\"768\" src=\"https:\/\/talkpal.ai\/wp-content\/uploads\/2023\/06\/galician-768x768.png\" class=\"languageImage no-lazy\" alt=\"Language immersion powerful learning method\" fetchpriority=\"high\" sizes=\"(max-width: 768px) 150px, 768px\" srcset=\"https:\/\/talkpal.ai\/wp-content\/uploads\/2023\/06\/galician-768x768.png 768w, https:\/\/talkpal.ai\/wp-content\/uploads\/2023\/06\/galician-300x300.png 300w\" \/>\r\n    \r\n\r\n    <\/figure>\r\n\r\n            <a class=\"getStartedVisible\" href=\"https:\/\/app.talkpal.ai\/signup?lng=\">Empeza<\/a>\r\n    \r\n<\/section>\r\n<section class=\"promotionalBanner\">\r\n    <p class=\"promotionalText\">A forma m\u00e1is eficaz de aprender un idioma<\/p>\r\n    <a class=\"promotionalLink\" href=\"https:\/\/app.talkpal.ai\/signup?lng=\">Proba Talkpal de balde<\/a>\r\n<\/section>\n<div class=\"wp-block-group pageContainerStyle\"><div class=\"wp-block-group__inner-container is-layout-constrained wp-block-group-is-layout-constrained\">\n<h2 class=\"wp-block-heading\" id=\"h-galician-grammar-unlocking-the-beauty-of-a-romance-language\">Gram\u00e1tica Galega: Desbloqueando a Beleza dunha Lingua Rom\u00e1nica<\/h2>\n\n\n\n<p>O galego, lingua rom\u00e1nica que falan m\u00e1is de dous mill\u00f3ns de persoas no noroeste de Espa\u00f1a, \u00e9 un dialecto \u00fanico e cautivador que comparte semellanzas co <a href=\"https:\/\/talkpal.ai\/learn-portuguese\/\">portugu\u00e9s<\/a>. Ten unha fonolox\u00eda distintiva, unha historia fascinante e unha v\u00edvida tradici\u00f3n po\u00e9tica. Para dominar esta lingua encantadora, \u00e9 fundamental comprender a s\u00faa gram\u00e1tica. Neste artigo, exploraremos os aspectos esenciais da <a href=\"https:\/\/talkpal.ai\/es\/grammar\/caso-en-gramatica-gallega\/\">gram\u00e1tica galega<\/a> e proporcionaremos consellos para axudarche a destacar nesta viaxe ling\u00fc\u00edstica.<\/p>\n\n\n\n<h3 class=\"wp-block-heading\" id=\"h-key-components-of-galician-grammar\">Compo\u00f1entes clave da gram\u00e1tica galega:<\/h3>\n\n\n\n<p>A <a href=\"https:\/\/talkpal.ai\/es\/grammar\/caso-en-gramatica-gallega\/\">gram\u00e1tica galega<\/a>, <a href=\"https:\/\/talkpal.ai\/locations\/language-courses-in-como\/\">como<\/a> outras linguas rom\u00e1nicas, consta de diversas regras e estruturas que definen o seu uso axeitado. Aqu\u00ed <a href=\"https:\/\/talkpal.ai\/talkpal-discount-for-test-takers-e-g-toefl-ielts\/\">tes<\/a> alg\u00fans aspectos fundamentais da gram\u00e1tica galega que debes co\u00f1ecer:<\/p>\n\n\n\n<p><strong>1. Substantivos:<\/strong> os substantivos galegos pos\u00faen dous x\u00e9neros gramaticais (masculino e feminino) e flexionan o n\u00famero (singular e plural). O x\u00e9nero dun substantivo afecta \u00e1 forma dos artigos, adxectivos e pronomes que o acompa\u00f1an.<\/p>\n\n\n\n<p><strong>2. Artigos:<\/strong> o galego ten artigos determinados (o, os, a, as) e artigos indefinidos (un, uns, unha, unhas). Os <a href=\"https:\/\/talkpal.ai\/hi\/grammar_exercises\/articulos-%e0%a4%b8%e0%a5%8d%e0%a4%aa%e0%a5%87%e0%a4%a8%e0%a4%bf%e0%a4%b6-%e0%a4%b5%e0%a5%8d%e0%a4%af%e0%a4%be%e0%a4%95%e0%a4%b0%e0%a4%a3-%e0%a4%95%e0%a5%87-%e0%a4%b2%e0%a4%bf%e0%a4%8f-%e0%a4%b5\/\">artigos definidos<\/a> \u00fasanse para referirse a obxectos ou persoas espec\u00edficas, mentres que os artigos indefinidos \u00fasanse para referencias xerais ou non espec\u00edficas.<\/p>\n\n\n\n<p><strong>3. Adxectivos e adverbios:<\/strong> Os adxectivos en galego adoitan coincidir en x\u00e9nero e n\u00famero cos substantivos que modifican. Os adverbios, pola contra, son invariables e non cambian segundo o x\u00e9nero ou o n\u00famero do substantivo.<\/p>\n\n\n\n<p><strong>4. Verbos:<\/strong> os verbos galegos conx\u00faganse en tres patr\u00f3ns regulares (ar, er, ir) e varios patr\u00f3ns irregulares. Os verbos flexionan segundo o tempo (<a href=\"https:\/\/talkpal.ai\/zh-hans\/grammar_exercises\/presente-%e8%a5%bf%e7%8f%ad%e7%89%99%e8%af%ad%e6%b3%95%e7%bb%83%e4%b9%a0\/\">presente<\/a>, pasado, <a href=\"https:\/\/talkpal.ai\/ja\/grammar_exercises\/futuro-%e3%82%b9%e3%83%9a%e3%82%a4%e3%83%b3%e8%aa%9e%e3%81%ae%e6%96%87%e6%b3%95%e3%81%ae%e6%bc%94%e7%bf%92\/\">futuro<\/a>, etc.), o modo (indicativo, subxuntivo, imperativo), o aspecto (perfecto, imperfectivo) e a voz (activa, pasiva). Os pronomes adoitan omitirse na conxugaci\u00f3n verbal, xa que a forma verbal adoita indicar o suxeito.<\/p>\n\n\n\n<p><strong>5. Estrutura da oraci\u00f3n:<\/strong> o galego utiliza normalmente a orde de palabras Suxeito-Verbo-Obxecto (SVO) ou Verbo-Suxeito-Obxecto (VSO), dependendo da \u00e9nfase e do contexto. Non obstante, esta orde de palabras \u00e9 flexible.<\/p>\n\n\n\n<h3 class=\"wp-block-heading\" id=\"h-tips-for-learning-galician-grammar\">Consellos para aprender a gram\u00e1tica galega:<\/h3>\n\n\n\n<p>Para destacar na t\u00faa viaxe de aprendizaxe da gram\u00e1tica galega, considera estas estratexias \u00fatiles:<\/p>\n\n\n\n<p><strong>1. Pr\u00e1ctica regular:<\/strong> a coherencia \u00e9 fundamental. Dedica horas espec\u00edficas cada d\u00eda ou semana para practicar exercicios de gram\u00e1tica, lectura e escritura en galego.<\/p>\n\n\n\n<p><strong>2. Utiliza recursos nativos:<\/strong> Merg\u00fallate en materiais aut\u00e9nticos galegos como literatura, noticias e pel\u00edculas. Isto non s\u00f3 axuda a ver a gram\u00e1tica galega en contexto, sen\u00f3n que tam\u00e9n mellora as t\u00faas habilidades lectoras e auditivas.<\/p>\n\n\n\n<p><strong>3. Aprender x\u00e9neros nominais e artigos:<\/strong> Familiarizarse cos x\u00e9neros nominais galegos e o uso axeitado dos artigos. Isto \u00e9 fundamental para formar frases precisas e coherentes.<\/p>\n\n\n\n<p><strong>4. Conecta con falantes nativos:<\/strong> interact\u00faa con falantes nativos de galego a trav\u00e9s de programas de intercambio ling\u00fc\u00edstico, redes sociais ou foros en li\u00f1a. Isto ofrece oportunidades para practicar a gram\u00e1tica en conversas da vida real e recibir comentarios valiosos.<\/p>\n\n\n\n<p><strong>5. Paciencia e persistencia:<\/strong> aprender unha nova lingua leva tempo, determinaci\u00f3n e paciencia. Acepta os retos e celebra o teu progreso ao longo do cami\u00f1o.<\/p>\n\n\n\n<h2 class=\"wp-block-heading\" id=\"h-conclusion\">Conclusi\u00f3n:<\/h2>\n\n\n\n<p>A gram\u00e1tica galega, coas s\u00faas caracter\u00edsticas \u00fanicas e conexi\u00f3n coa familia da lingua rom\u00e1nica, \u00e9 a clave para dominar este cativador dialecto. Ao comprender os seus compo\u00f1entes clave e seguindo as nosas estratexias de aprendizaxe, estar\u00e1s no teu cami\u00f1o cara \u00e1 competencia ling\u00fc\u00edstica. Ent\u00f3n, emprende esta emocionante viaxe, e desbloquea as marabillas da lingua galega!<\/p>\n<\/div><\/div>\n\r\n<section class=\"learnNavigationSection\">\r\n            \r\n        <a href=\"https:\/\/talkpal.ai\/gl\/aprende-galego\/\">\r\n            <div class=\"learnNavigationWrapper\">\r\n                <div class=\"learnNavigationContent\">\r\n                    <img decoding=\"async\" src=\"https:\/\/talkpal.ai\/wp-content\/uploads\/2024\/08\/Galician.jpg\" alt=\"Galicia Flag\">\r\n                    <div>\r\n                        <h4>Sobre a aprendizaxe do galego<\/h4>\r\n                        <p>Descubre todo sobre a gram\u00e1tica galega.<\/p>\r\n                    <\/div>\r\n                <\/div>\r\n            <\/div>\r\n        <\/a>\r\n\r\n        \r\n        <a href=\"https:\/\/talkpal.ai\/gl\/exercicios-de-gramatica-galega\/\">\r\n            <div class=\"learnNavigationWrapper\">\r\n                <div class=\"learnNavigationContent\">\r\n                    <img decoding=\"async\" src=\"https:\/\/talkpal.ai\/wp-content\/uploads\/2024\/08\/Galician.jpg\" alt=\"Galicia Flag\">\r\n                    <div>\r\n                        <h4>Exercicio de Gram\u00e1tica Galega<\/h4>\r\n                        <p>Practica a gram\u00e1tica galega.<\/p>\r\n                    <\/div>\r\n                <\/div>\r\n            <\/div>\r\n        <\/a>\r\n\r\n        \r\n        <a href=\"https:\/\/talkpal.ai\/vocabulary_language\/galician\/\">\r\n            <div class=\"learnNavigationWrapper\">\r\n                <div class=\"learnNavigationContent\">\r\n                    <img decoding=\"async\" src=\"https:\/\/talkpal.ai\/wp-content\/uploads\/2024\/08\/Galician.jpg\" alt=\"Galicia Flag\">\r\n                    <div>\r\n                        <h4>Vocabulario Galego<\/h4>\r\n                        <p>Ampl\u00eda o teu vocabulario galego.<\/p>\r\n                    <\/div>\r\n                <\/div>\r\n            <\/div>\r\n        <\/a>\r\n\r\n            <\/section>","protected":false},"excerpt":{"rendered":"<p>Gram\u00e1tica Galega: Desbloqueando a Beleza dunha Lingua Rom\u00e1nica O galego, lingua rom\u00e1nica que falan m\u00e1is de dous mill\u00f3ns de persoas no noroeste de Espa\u00f1a, \u00e9 un dialecto \u00fanico e cautivador que comparte semellanzas co portugu\u00e9s. Ten unha fonolox\u00eda distintiva, unha historia fascinante e unha v\u00edvida tradici\u00f3n po\u00e9tica. Para dominar esta lingua encantadora, \u00e9 fundamental comprender [&hellip;]<\/p>\n","protected":false},"author":1,"featured_media":71566,"parent":0,"menu_order":0,"comment_status":"closed","ping_status":"closed","template":"LearningContentPage.php","meta":{"_acf_changed":false,"footnotes":""},"class_list":["post-75004","page","type-page","status-publish","has-post-thumbnail","hentry"],"acf":[],"yoast_head":"<!-- This site is optimized with the Yoast SEO Premium plugin v27.2 (Yoast SEO v27.2) - https:\/\/yoast.com\/product\/yoast-seo-premium-wordpress\/ -->\n<title>Gram\u00e1tica Galega - Talkpal<\/title>\n<meta name=\"description\" content=\"Domina a gram\u00e1tica gallega facilmente: aprende regras, constr\u00fae frases correctas e comun\u00edcate con claridade\" \/>\n<meta name=\"robots\" content=\"index, follow, max-snippet:-1, max-image-preview:large, max-video-preview:-1\" \/>\n<link rel=\"canonical\" href=\"https:\/\/talkpal.ai\/gl\/gramatica-galega\/\" \/>\n<meta property=\"og:locale\" content=\"gl_ES\" \/>\n<meta property=\"og:type\" content=\"article\" \/>\n<meta property=\"og:title\" content=\"Gram\u00e1tica Galega\" \/>\n<meta property=\"og:description\" content=\"Gram\u00e1tica Galega: Desbloqueando a Beleza dunha Lingua Rom\u00e1nica O galego, lingua rom\u00e1nica que falan m\u00e1is de dous mill\u00f3ns de persoas no noroeste de Espa\u00f1a,\" \/>\n<meta property=\"og:url\" content=\"https:\/\/talkpal.ai\/gl\/gramatica-galega\/\" \/>\n<meta property=\"og:site_name\" content=\"Talkpal\" \/>\n<meta property=\"article:publisher\" content=\"https:\/\/www.facebook.com\/profile.php?id=100090733639311\" \/>\n<meta property=\"article:modified_time\" content=\"2025-12-13T15:35:54+00:00\" \/>\n<meta property=\"og:image\" content=\"https:\/\/talkpal.ai\/wp-content\/uploads\/2023\/05\/Galician-spain.png\" \/>\n\t<meta property=\"og:image:width\" content=\"512\" \/>\n\t<meta property=\"og:image:height\" content=\"512\" \/>\n\t<meta property=\"og:image:type\" content=\"image\/png\" \/>\n<meta name=\"twitter:card\" content=\"summary_large_image\" \/>\n<meta name=\"twitter:site\" content=\"@talkpalai\" \/>\n<meta name=\"twitter:label1\" content=\"Tempo de lectura\" \/>\n\t<meta name=\"twitter:data1\" content=\"3 minutos\" \/>\n<script type=\"application\/ld+json\" class=\"yoast-schema-graph\">{\"@context\":\"https:\/\/schema.org\",\"@graph\":[{\"@type\":\"WebPage\",\"@id\":\"https:\/\/talkpal.ai\/gl\/gramatica-galega\/\",\"url\":\"https:\/\/talkpal.ai\/gl\/gramatica-galega\/\",\"name\":\"Gram\u00e1tica Galega - Talkpal\",\"isPartOf\":{\"@id\":\"https:\/\/talkpal.ai\/gl\/#website\"},\"primaryImageOfPage\":{\"@id\":\"https:\/\/talkpal.ai\/gl\/gramatica-galega\/#primaryimage\"},\"image\":{\"@id\":\"https:\/\/talkpal.ai\/gl\/gramatica-galega\/#primaryimage\"},\"thumbnailUrl\":\"https:\/\/talkpal.ai\/wp-content\/uploads\/2023\/05\/Galician-spain.png\",\"datePublished\":\"2023-05-14T14:03:43+00:00\",\"dateModified\":\"2025-12-13T15:35:54+00:00\",\"description\":\"Domina a gram\u00e1tica gallega facilmente: aprende regras, constr\u00fae frases correctas e comun\u00edcate con claridade\",\"breadcrumb\":{\"@id\":\"https:\/\/talkpal.ai\/gl\/gramatica-galega\/#breadcrumb\"},\"inLanguage\":\"gl-ES\",\"potentialAction\":[{\"@type\":\"ReadAction\",\"target\":[\"https:\/\/talkpal.ai\/gl\/gramatica-galega\/\"]}]},{\"@type\":\"ImageObject\",\"inLanguage\":\"gl-ES\",\"@id\":\"https:\/\/talkpal.ai\/gl\/gramatica-galega\/#primaryimage\",\"url\":\"https:\/\/talkpal.ai\/wp-content\/uploads\/2023\/05\/Galician-spain.png\",\"contentUrl\":\"https:\/\/talkpal.ai\/wp-content\/uploads\/2023\/05\/Galician-spain.png\",\"width\":512,\"height\":512},{\"@type\":\"BreadcrumbList\",\"@id\":\"https:\/\/talkpal.ai\/gl\/gramatica-galega\/#breadcrumb\",\"itemListElement\":[{\"@type\":\"ListItem\",\"position\":1,\"name\":\"Homepage\",\"item\":\"https:\/\/talkpal.ai\/gl\/\"},{\"@type\":\"ListItem\",\"position\":2,\"name\":\"Gram\u00e1tica Galega\"}]},{\"@type\":\"WebSite\",\"@id\":\"https:\/\/talkpal.ai\/gl\/#website\",\"url\":\"https:\/\/talkpal.ai\/gl\/\",\"name\":\"Talkpal\",\"description\":\"AI Language Learning\",\"publisher\":{\"@id\":\"https:\/\/talkpal.ai\/gl\/#organization\"},\"alternateName\":\"Talkpal AI\",\"potentialAction\":[{\"@type\":\"SearchAction\",\"target\":{\"@type\":\"EntryPoint\",\"urlTemplate\":\"https:\/\/talkpal.ai\/gl\/?s={search_term_string}\"},\"query-input\":{\"@type\":\"PropertyValueSpecification\",\"valueRequired\":true,\"valueName\":\"search_term_string\"}}],\"inLanguage\":\"gl-ES\"},{\"@type\":\"Organization\",\"@id\":\"https:\/\/talkpal.ai\/gl\/#organization\",\"name\":\"Talkpal, Inc.\",\"alternateName\":\"Talkpal AI\",\"url\":\"https:\/\/talkpal.ai\/gl\/\",\"logo\":{\"@type\":\"ImageObject\",\"inLanguage\":\"gl-ES\",\"@id\":\"https:\/\/talkpal.ai\/gl\/#\/schema\/logo\/image\/\",\"url\":\"https:\/\/talkpal.ai\/wp-content\/uploads\/2024\/03\/Talkpal-Logo-Icon.png\",\"contentUrl\":\"https:\/\/talkpal.ai\/wp-content\/uploads\/2024\/03\/Talkpal-Logo-Icon.png\",\"width\":2880,\"height\":2880,\"caption\":\"Talkpal, Inc.\"},\"image\":{\"@id\":\"https:\/\/talkpal.ai\/gl\/#\/schema\/logo\/image\/\"},\"sameAs\":[\"https:\/\/www.facebook.com\/profile.php?id=100090733639311\",\"https:\/\/x.com\/talkpalai\",\"https:\/\/www.linkedin.com\/company\/talkpal\/\",\"https:\/\/www.youtube.com\/@TalkPal\/\",\"https:\/\/www.tiktok.com\/@talkpal\",\"https:\/\/www.instagram.com\/talkpal_ai\/\",\"https:\/\/www.crunchbase.com\/organization\/talkpal-9cde\",\"https:\/\/www.g2.com\/products\/talkpal-for-business\/\",\"https:\/\/www.trustpilot.com\/review\/talkpal.ai\",\"https:\/\/www.capterra.com\/p\/10006800\/TalkPal\/\"],\"description\":\"Talkpal is a language learning web and mobile education app, powered by the latest AI technologies, that provides engaging experiences to its customers in many different languages to help them improve their language skills. Users can chat about unlimited amount of topics with the app and use other modes to practice their language learning.\",\"email\":\"support@talkpal.ai\",\"legalName\":\"Talkpal, Inc.\",\"foundingDate\":\"2023-04-03\",\"duns\":\"118989042\",\"numberOfEmployees\":{\"@type\":\"QuantitativeValue\",\"minValue\":\"11\",\"maxValue\":\"50\"},\"publishingPrinciples\":\"https:\/\/talkpal.ai\/publishing-principles\/\",\"actionableFeedbackPolicy\":\"https:\/\/talkpal.ai\/actionable-feedback-policy\/\",\"correctionsPolicy\":\"https:\/\/talkpal.ai\/corrections-policy\/\",\"ethicsPolicy\":\"https:\/\/talkpal.ai\/ethics-policy\/\",\"diversityPolicy\":\"https:\/\/talkpal.ai\/diversity-policy\/\",\"diversityStaffingReport\":\"https:\/\/talkpal.ai\/diversity-policy\/\"}]}<\/script>\n<!-- \/ Yoast SEO Premium plugin. -->","yoast_head_json":{"title":"Gram\u00e1tica Galega - Talkpal","description":"Domina a gram\u00e1tica gallega facilmente: aprende regras, constr\u00fae frases correctas e comun\u00edcate con claridade","robots":{"index":"index","follow":"follow","max-snippet":"max-snippet:-1","max-image-preview":"max-image-preview:large","max-video-preview":"max-video-preview:-1"},"canonical":"https:\/\/talkpal.ai\/gl\/gramatica-galega\/","og_locale":"gl_ES","og_type":"article","og_title":"Gram\u00e1tica Galega","og_description":"Gram\u00e1tica Galega: Desbloqueando a Beleza dunha Lingua Rom\u00e1nica O galego, lingua rom\u00e1nica que falan m\u00e1is de dous mill\u00f3ns de persoas no noroeste de Espa\u00f1a,","og_url":"https:\/\/talkpal.ai\/gl\/gramatica-galega\/","og_site_name":"Talkpal","article_publisher":"https:\/\/www.facebook.com\/profile.php?id=100090733639311","article_modified_time":"2025-12-13T15:35:54+00:00","og_image":[{"width":512,"height":512,"url":"https:\/\/talkpal.ai\/wp-content\/uploads\/2023\/05\/Galician-spain.png","type":"image\/png"}],"twitter_card":"summary_large_image","twitter_site":"@talkpalai","twitter_misc":{"Tempo de lectura":"3 minutos"},"schema":{"@context":"https:\/\/schema.org","@graph":[{"@type":"WebPage","@id":"https:\/\/talkpal.ai\/gl\/gramatica-galega\/","url":"https:\/\/talkpal.ai\/gl\/gramatica-galega\/","name":"Gram\u00e1tica Galega - Talkpal","isPartOf":{"@id":"https:\/\/talkpal.ai\/gl\/#website"},"primaryImageOfPage":{"@id":"https:\/\/talkpal.ai\/gl\/gramatica-galega\/#primaryimage"},"image":{"@id":"https:\/\/talkpal.ai\/gl\/gramatica-galega\/#primaryimage"},"thumbnailUrl":"https:\/\/talkpal.ai\/wp-content\/uploads\/2023\/05\/Galician-spain.png","datePublished":"2023-05-14T14:03:43+00:00","dateModified":"2025-12-13T15:35:54+00:00","description":"Domina a gram\u00e1tica gallega facilmente: aprende regras, constr\u00fae frases correctas e comun\u00edcate con claridade","breadcrumb":{"@id":"https:\/\/talkpal.ai\/gl\/gramatica-galega\/#breadcrumb"},"inLanguage":"gl-ES","potentialAction":[{"@type":"ReadAction","target":["https:\/\/talkpal.ai\/gl\/gramatica-galega\/"]}]},{"@type":"ImageObject","inLanguage":"gl-ES","@id":"https:\/\/talkpal.ai\/gl\/gramatica-galega\/#primaryimage","url":"https:\/\/talkpal.ai\/wp-content\/uploads\/2023\/05\/Galician-spain.png","contentUrl":"https:\/\/talkpal.ai\/wp-content\/uploads\/2023\/05\/Galician-spain.png","width":512,"height":512},{"@type":"BreadcrumbList","@id":"https:\/\/talkpal.ai\/gl\/gramatica-galega\/#breadcrumb","itemListElement":[{"@type":"ListItem","position":1,"name":"Homepage","item":"https:\/\/talkpal.ai\/gl\/"},{"@type":"ListItem","position":2,"name":"Gram\u00e1tica Galega"}]},{"@type":"WebSite","@id":"https:\/\/talkpal.ai\/gl\/#website","url":"https:\/\/talkpal.ai\/gl\/","name":"Talkpal","description":"AI Language Learning","publisher":{"@id":"https:\/\/talkpal.ai\/gl\/#organization"},"alternateName":"Talkpal AI","potentialAction":[{"@type":"SearchAction","target":{"@type":"EntryPoint","urlTemplate":"https:\/\/talkpal.ai\/gl\/?s={search_term_string}"},"query-input":{"@type":"PropertyValueSpecification","valueRequired":true,"valueName":"search_term_string"}}],"inLanguage":"gl-ES"},{"@type":"Organization","@id":"https:\/\/talkpal.ai\/gl\/#organization","name":"Talkpal, Inc.","alternateName":"Talkpal AI","url":"https:\/\/talkpal.ai\/gl\/","logo":{"@type":"ImageObject","inLanguage":"gl-ES","@id":"https:\/\/talkpal.ai\/gl\/#\/schema\/logo\/image\/","url":"https:\/\/talkpal.ai\/wp-content\/uploads\/2024\/03\/Talkpal-Logo-Icon.png","contentUrl":"https:\/\/talkpal.ai\/wp-content\/uploads\/2024\/03\/Talkpal-Logo-Icon.png","width":2880,"height":2880,"caption":"Talkpal, Inc."},"image":{"@id":"https:\/\/talkpal.ai\/gl\/#\/schema\/logo\/image\/"},"sameAs":["https:\/\/www.facebook.com\/profile.php?id=100090733639311","https:\/\/x.com\/talkpalai","https:\/\/www.linkedin.com\/company\/talkpal\/","https:\/\/www.youtube.com\/@TalkPal\/","https:\/\/www.tiktok.com\/@talkpal","https:\/\/www.instagram.com\/talkpal_ai\/","https:\/\/www.crunchbase.com\/organization\/talkpal-9cde","https:\/\/www.g2.com\/products\/talkpal-for-business\/","https:\/\/www.trustpilot.com\/review\/talkpal.ai","https:\/\/www.capterra.com\/p\/10006800\/TalkPal\/"],"description":"Talkpal is a language learning web and mobile education app, powered by the latest AI technologies, that provides engaging experiences to its customers in many different languages to help them improve their language skills. Users can chat about unlimited amount of topics with the app and use other modes to practice their language learning.","email":"support@talkpal.ai","legalName":"Talkpal, Inc.","foundingDate":"2023-04-03","duns":"118989042","numberOfEmployees":{"@type":"QuantitativeValue","minValue":"11","maxValue":"50"},"publishingPrinciples":"https:\/\/talkpal.ai\/publishing-principles\/","actionableFeedbackPolicy":"https:\/\/talkpal.ai\/actionable-feedback-policy\/","correctionsPolicy":"https:\/\/talkpal.ai\/corrections-policy\/","ethicsPolicy":"https:\/\/talkpal.ai\/ethics-policy\/","diversityPolicy":"https:\/\/talkpal.ai\/diversity-policy\/","diversityStaffingReport":"https:\/\/talkpal.ai\/diversity-policy\/"}]}},"_links":{"self":[{"href":"https:\/\/talkpal.ai\/gl\/wp-json\/wp\/v2\/pages\/75004","targetHints":{"allow":["GET"]}}],"collection":[{"href":"https:\/\/talkpal.ai\/gl\/wp-json\/wp\/v2\/pages"}],"about":[{"href":"https:\/\/talkpal.ai\/gl\/wp-json\/wp\/v2\/types\/page"}],"author":[{"embeddable":true,"href":"https:\/\/talkpal.ai\/gl\/wp-json\/wp\/v2\/users\/1"}],"replies":[{"embeddable":true,"href":"https:\/\/talkpal.ai\/gl\/wp-json\/wp\/v2\/comments?post=75004"}],"version-history":[{"count":0,"href":"https:\/\/talkpal.ai\/gl\/wp-json\/wp\/v2\/pages\/75004\/revisions"}],"wp:featuredmedia":[{"embeddable":true,"href":"https:\/\/talkpal.ai\/gl\/wp-json\/wp\/v2\/media\/71566"}],"wp:attachment":[{"href":"https:\/\/talkpal.ai\/gl\/wp-json\/wp\/v2\/media?parent=75004"}],"curies":[{"name":"wp","href":"https:\/\/api.w.org\/{rel}","templated":true}]}}