{"id":166879,"date":"2023-04-03T14:56:00","date_gmt":"2023-04-03T14:56:00","guid":{"rendered":"http:\/\/talkpal.ai\/sobre\/"},"modified":"2026-03-06T16:35:07","modified_gmt":"2026-03-06T16:35:07","slug":"sobre","status":"publish","type":"page","link":"https:\/\/talkpal.ai\/gl\/sobre\/","title":{"rendered":"Sobre"},"content":{"rendered":"\n<p id=\"h-\"><a href=\"https:\/\/talkpal.ai\/ko\/ai-%ec%96%b8%ec%96%b4-%ea%b5%90%ec%82%ac\/\">Talkpal<\/a>, Inc. \u00e9 unha empresa de <a href=\"https:\/\/talkpal.ai\/gl\/aprendizaxe\/\">aprendizaxe<\/a> de idiomas impulsada por IA coa misi\u00f3n de facer que falar calquera idioma sexa accesible para todos, en todas partes. Talkpal desenvolve unha das plataformas de titor\u00eda de idiomas con IA m\u00e1is avanzadas do mundo, axudando a mill\u00f3ns de <a href=\"https:\/\/talkpal.ai\/talkpal-discount-for-students\/\">estudantes<\/a> a practicar conversas reais con confianza.<\/p>\n\n<p>Fundada en 2023, Talkpal baseouse nunha crenza simple pero poderosa: a aprendizaxe de idiomas non deber\u00eda ser un privilexio e deber\u00eda ser accesible para todos. Ao combinar a intelixencia artificial de vangarda coa experiencia e a investigaci\u00f3n ling\u00fc\u00edsticas, Talkpal elimina as <a href=\"https:\/\/talkpal.ai\/locations\/language-courses-in-barreiras\/\">barreiras<\/a> tradicionais <a href=\"https:\/\/talkpal.ai\/locations\/language-courses-in-como\/\">como<\/a> o custo, o tempo e o medo a falar, substitu\u00edndoas por unha pr\u00e1ctica personalizada e sen presi\u00f3n dispo\u00f1ible en varias plataformas as 24 horas do d\u00eda, os 7 d\u00edas da semana.<\/p>\n\n<p>Hoxe, Talkpal admite m\u00e1is de 80 idiomas, presta servizo a mill\u00f3ns de estudantes en m\u00e1is de 180 pa\u00edses e est\u00e1 dispo\u00f1ible na web, <a href=\"https:\/\/talkpal.ai\/es\/descargar-la-aplicacion-talkpal-para-android-e-ios\/\">iOS<\/a> e <a href=\"https:\/\/talkpal.ai\/es\/descargar-la-aplicacion-talkpal-para-android-e-ios\/\">Android<\/a>.<\/p>\n\n<h2 class=\"wp-block-heading\" id=\"h-our-mission\">A nosa misi\u00f3n<\/h2>\n\n<p>A nosa misi\u00f3n \u00e9 revolucionar a aprendizaxe de idiomas proporcionando unha experiencia de titor\u00eda de idiomas impulsada por IA atractiva, interactiva e personalizada.<br\/><br\/>Esforz\u00e1monos por derrubar as barreiras ling\u00fc\u00edsticas, fomentar as conexi\u00f3ns globais e cultivar unha comunidade de estudantes apaixonados, d\u00e1ndolles poder para comunicarse con confianza e fluidez na lingua escollida.<\/p>\n\n<h2 class=\"wp-block-heading\" id=\"h-our-vision\">A nosa visi\u00f3n<\/h2>\n\n<p>A nosa visi\u00f3n \u00e9 converternos no titor de idiomas de IA l\u00edder do mundo, transformando a forma en que as persoas aprenden idiomas mediante conversas inmersivas e orientadas ao contexto e tecnolox\u00eda de aprendizaxe adaptativa.<br\/><br\/>Pretendemos inspirar e fomentar o amor pola aprendizaxe de idiomas, fomentando o intercambio cultural e superando a brecha de comunicaci\u00f3n entre as fronteiras, para dar forma, en \u00faltima instancia, a un mundo m\u00e1is conectado e comprensivo.<\/p>\n\n<h2 class=\"wp-block-heading\" id=\"h-our-story\">A Nosa Historia<\/h2>\n\n<p>Talkpal foi fundada por David Gegechkori (foto da esquerda) e Dimitri Dekanozishvili (foto da dereita), impulsados \u200b\u200bpor unha frustraci\u00f3n compartida cos m\u00e9todos tradicionais de aprendizaxe de idiomas que a mi\u00fado non preparan os estudantes para falar no mundo real.<\/p>\n\n<div class=\"wp-block-columns is-layout-flex wp-container-core-columns-is-layout-9d6595d7 wp-block-columns-is-layout-flex\">\n<div class=\"wp-block-column is-layout-flow wp-block-column-is-layout-flow\" style=\"flex-basis:50%\"><div class=\"wp-block-image\">\n<figure class=\"alignleft size-large\"><img decoding=\"async\" width=\"1024\" height=\"683\" src=\"https:\/\/talkpal.ai\/wp-content\/uploads\/2025\/12\/Talkpal-Entrepreneur-1024x683.jpg\" alt=\"\" class=\"wp-image-1557444\" style=\"aspect-ratio:1.4992888417882142\" srcset=\"https:\/\/talkpal.ai\/wp-content\/uploads\/2025\/12\/Talkpal-Entrepreneur-1024x683.jpg 1024w, https:\/\/talkpal.ai\/wp-content\/uploads\/2025\/12\/Talkpal-Entrepreneur-300x200.jpg 300w, https:\/\/talkpal.ai\/wp-content\/uploads\/2025\/12\/Talkpal-Entrepreneur-768x512.jpg 768w, https:\/\/talkpal.ai\/wp-content\/uploads\/2025\/12\/Talkpal-Entrepreneur.jpg 1344w\" sizes=\"(max-width: 1024px) 100vw, 1024px\" \/><\/figure>\n<\/div><\/div>\n\n\n\n<div class=\"wp-block-column is-layout-flow wp-block-column-is-layout-flow\" style=\"flex-basis:50%\">\n<p>Desde o principio, o obxectivo era claro: constru\u00edr un compa\u00f1eiro ling\u00fc\u00edstico de IA que se parecese menos a un libro de texto e m\u00e1is a un compa\u00f1eiro de conversa de apoio. O nome \u00abTalkpal\u00bb reflicte esta filosof\u00eda: un compa\u00f1eiro amigable e sempre dispo\u00f1ible que anima os alumnos a practicar a expresi\u00f3n oral sen medo a ser xulgados.<\/p>\n\n\n\n<p>Comezando como un produto baseado na web, Talkpal expandiuse rapidamente a plataformas m\u00f3biles, reunindo un equipo global de enxe\u00f1eiros de IA, ling\u00fcistas, educadores, comerciantes e dese\u00f1adores de produtos. Mediante a iteraci\u00f3n continua, a investigaci\u00f3n e os comentarios dos usuarios, Talkpal evolucionou ata converterse nunha plataforma integral de aprendizaxe de idiomas con IA na que conf\u00edan mill\u00f3ns de persoas en todo o mundo.<\/p>\n<\/div>\n<\/div>\n\n<h2 class=\"wp-block-heading\" id=\"h-what-we-do\">O que facemos<\/h2>\n\n<p>Talkpal ofrece experiencias de aprendizaxe de texto e voz impulsadas por IA dese\u00f1adas para simular a interacci\u00f3n humana real. A nosa plataforma ad\u00e1ptase dinamicamente ao nivel, obxectivos e estilo de aprendizaxe de cada alumno.<\/p>\n\n<p>As capacidades clave incl\u00faen:<\/p>\n\n<ul class=\"wp-block-list\">\n<li>Conversas naturais con IA para practicar a expresi\u00f3n oral<\/li>\n\n\n\n<li>Comentarios en tempo real sobre pronuncia, gram\u00e1tica e fluidez<\/li>\n\n\n\n<li>Apoio para principiantes e estudantes avanzados<\/li>\n\n\n\n<li>Lecci\u00f3ns en m\u00e1is de 80 idiomas de todo o mundo, inclu\u00edndo ingl\u00e9s, espa\u00f1ol, alem\u00e1n, franc\u00e9s, italiano, xapon\u00e9s, chin\u00e9s, coreano, \u00e1rabe, neerland\u00e9s, portugu\u00e9s, sueco, hebreo, grego, turco, fin\u00e9s e afrik\u00e1ans. Tam\u00e9n incl\u00fae: alban\u00e9s, armenio, asam\u00e9s, azerbaiyano, \u00e9uscaro, bielorruso, bengal\u00ed, bosn\u00edaco, b\u00falgaro, birmano, canton\u00e9s, catal\u00e1n, croata, checo, dinamarqu\u00e9s, estoniano, galego, xeorxiano, guxaratiano, hindi, h\u00fangaro, island\u00e9s, indonesio, irland\u00e9s, xavan\u00e9s, kannada, casaco, khmer, laosiano, let\u00f3n, lituano, macedonio, malaio, malayalam, malt\u00e9s, maor\u00ed, marathi, mongol, nepal\u00ed, noruegu\u00e9s, oriya, pashto, persa, polaco, punjabi, roman\u00e9s, ruso, serbio, cingalese, eslovaco, esloveno, somal\u00ed, suahili, tagalo, t\u00e1mil, telugu, tailand\u00e9s, ucra\u00edno, urdu, uzbeko, vietnamita, gal\u00e9s, zul\u00fa e moito m\u00e1is.<\/li>\n\n\n\n<li>Un modelo freemium con plans de subscrici\u00f3n flexibles<\/li>\n\n\n\n<li>Soluci\u00f3ns empresariais dedicadas para universidades, escolas de idiomas, empresas e outras organizaci\u00f3ns<\/li>\n<\/ul>\n\n<p>Os nosos contidos e sistemas desenv\u00f3lvense en colaboraci\u00f3n con expertos en linguaxes e investigadores de IA, garantindo tanto a solidez pedag\u00f3xica como a excelencia t\u00e9cnica.<\/p>\n\n<h2 class=\"wp-block-heading\" id=\"h-research-backed-learning\">Aprendizaxe apoiada pola investigaci\u00f3n<\/h2>\n\n<p>A efectividade de Talkpal foi examinada en m\u00faltiples estudos acad\u00e9micos, especialmente en contextos de ingl\u00e9s como segunda lingua (ESL) e ingl\u00e9s como lingua estranxeira (EFL). A investigaci\u00f3n mostrou melloras estatisticamente significativas na fluidez, pronuncia, gram\u00e1tica e confianza dos alumnos ao usar ferramentas de conversa baseadas en IA como Talkpal.<\/p>\n\n<p>Esta estratexia baseada na investigaci\u00f3n sustenta o noso compromiso de crear non s\u00f3 tecnolox\u00eda innovadora, sen\u00f3n tam\u00e9n experiencias de aprendizaxe de idiomas mensurablemente eficaces.<\/p>\n\n<h2 class=\"wp-block-heading\" id=\"h-trusted-by-learners-worldwide\">Confianza dos estudantes de todo o mundo<\/h2>\n\n<p>Mill\u00f3ns de usuarios de todo o mundo conf\u00edan en Talkpal e recibe constantemente boas cualificaci\u00f3ns en tendas de aplicaci\u00f3ns e plataformas de rese\u00f1as. O alumnado destaca con frecuencia:<\/p>\n\n<ul class=\"wp-block-list\">\n<li>O ambiente sen presi\u00f3n para a pr\u00e1ctica oral<\/li>\n\n\n\n<li>Comentarios inmediatos e pr\u00e1cticos<\/li>\n\n\n\n<li>Flexibilidade para aprender en calquera momento e en calquera lugar<\/li>\n\n\n\n<li>A capacidade de practicar sen necesidade dun compa\u00f1eiro ling\u00fc\u00edstico humano<\/li>\n<\/ul>\n\n<h2 class=\"wp-block-heading\" id=\"h-our-commitment\">O noso compromiso<\/h2>\n\n<p>En Talkpal, compromet\u00e9monos a:<\/p>\n\n<ul class=\"wp-block-list\">\n<li><strong>Innovaci\u00f3n<\/strong> : avance continuo na tecnolox\u00eda educativa e da IA<\/li>\n\n\n\n<li><strong>Calidade<\/strong> : experiencias de aprendizaxe respaldadas pola investigaci\u00f3n<\/li>\n\n\n\n<li><strong>Accesibilidade<\/strong> : aprendizaxe de idiomas accesible e inclusiva para todos<\/li>\n\n\n\n<li><strong>Impacto global<\/strong> : potenciando a comunicaci\u00f3n entre culturas<\/li>\n<\/ul>\n\n<p>Cremos que a linguaxe ten o poder de cambiar vidas e, coa IA, ese poder pode chegar a todo o mundo.<\/p>\n\n<p><\/p>\n","protected":false},"excerpt":{"rendered":"<p>Talkpal, Inc. \u00e9 unha empresa de aprendizaxe de idiomas impulsada por IA coa misi\u00f3n de facer que falar calquera idioma sexa accesible para todos, en todas partes. Talkpal desenvolve unha das plataformas de titor\u00eda de idiomas con IA m\u00e1is avanzadas do mundo, axudando a mill\u00f3ns de estudantes a practicar conversas reais con confianza. Fundada en [&hellip;]<\/p>\n","protected":false},"author":1,"featured_media":197955,"parent":0,"menu_order":0,"comment_status":"closed","ping_status":"closed","template":"","meta":{"_acf_changed":false,"footnotes":""},"class_list":["post-166879","page","type-page","status-publish","has-post-thumbnail","hentry"],"acf":[],"yoast_head":"<!-- This site is optimized with the Yoast SEO Premium plugin v27.2 (Yoast SEO v27.2) - https:\/\/yoast.com\/product\/yoast-seo-premium-wordpress\/ -->\n<title>Sobre - Talkpal<\/title>\n<meta name=\"description\" content=\"Talkpal \u00e9 un titor de idiomas con IA impulsado por GPT, fundado coa crenza de que o aprendizaxe de idiomas debe ser accesible para todos.\" \/>\n<meta name=\"robots\" content=\"index, follow, max-snippet:-1, max-image-preview:large, max-video-preview:-1\" \/>\n<link rel=\"canonical\" href=\"https:\/\/talkpal.ai\/gl\/sobre\/\" \/>\n<meta property=\"og:locale\" content=\"gl_ES\" \/>\n<meta property=\"og:type\" content=\"article\" \/>\n<meta property=\"og:title\" content=\"Sobre\" \/>\n<meta property=\"og:description\" content=\"Talkpal, Inc. \u00e9 unha empresa de aprendizaxe de idiomas impulsada por IA coa misi\u00f3n de facer que falar calquera idioma sexa accesible para todos, en todas\" \/>\n<meta property=\"og:url\" content=\"https:\/\/talkpal.ai\/gl\/sobre\/\" \/>\n<meta property=\"og:site_name\" content=\"Talkpal\" \/>\n<meta property=\"article:publisher\" content=\"https:\/\/www.facebook.com\/profile.php?id=100090733639311\" \/>\n<meta property=\"article:modified_time\" content=\"2026-03-06T16:35:07+00:00\" \/>\n<meta property=\"og:image\" content=\"https:\/\/talkpal.ai\/wp-content\/uploads\/2024\/03\/Talkpal-Logo-Icon.png\" \/>\n\t<meta property=\"og:image:width\" content=\"5000\" \/>\n\t<meta property=\"og:image:height\" content=\"5000\" \/>\n\t<meta property=\"og:image:type\" content=\"image\/png\" \/>\n<meta name=\"twitter:card\" content=\"summary_large_image\" \/>\n<meta name=\"twitter:site\" content=\"@talkpalai\" \/>\n<meta name=\"twitter:label1\" content=\"Tempo de lectura\" \/>\n\t<meta name=\"twitter:data1\" content=\"5 minutos\" \/>\n<script type=\"application\/ld+json\" class=\"yoast-schema-graph\">{\"@context\":\"https:\/\/schema.org\",\"@graph\":[{\"@type\":\"WebPage\",\"@id\":\"https:\/\/talkpal.ai\/gl\/sobre\/\",\"url\":\"https:\/\/talkpal.ai\/gl\/sobre\/\",\"name\":\"Sobre - Talkpal\",\"isPartOf\":{\"@id\":\"https:\/\/talkpal.ai\/gl\/#website\"},\"primaryImageOfPage\":{\"@id\":\"https:\/\/talkpal.ai\/gl\/sobre\/#primaryimage\"},\"image\":{\"@id\":\"https:\/\/talkpal.ai\/gl\/sobre\/#primaryimage\"},\"thumbnailUrl\":\"https:\/\/talkpal.ai\/wp-content\/uploads\/2024\/03\/Talkpal-Logo-Icon.png\",\"datePublished\":\"2023-04-03T14:56:00+00:00\",\"dateModified\":\"2026-03-06T16:35:07+00:00\",\"description\":\"Talkpal \u00e9 un titor de idiomas con IA impulsado por GPT, fundado coa crenza de que o aprendizaxe de idiomas debe ser accesible para todos.\",\"breadcrumb\":{\"@id\":\"https:\/\/talkpal.ai\/gl\/sobre\/#breadcrumb\"},\"inLanguage\":\"gl-ES\",\"potentialAction\":[{\"@type\":\"ReadAction\",\"target\":[\"https:\/\/talkpal.ai\/gl\/sobre\/\"]}]},{\"@type\":\"ImageObject\",\"inLanguage\":\"gl-ES\",\"@id\":\"https:\/\/talkpal.ai\/gl\/sobre\/#primaryimage\",\"url\":\"https:\/\/talkpal.ai\/wp-content\/uploads\/2024\/03\/Talkpal-Logo-Icon.png\",\"contentUrl\":\"https:\/\/talkpal.ai\/wp-content\/uploads\/2024\/03\/Talkpal-Logo-Icon.png\",\"width\":5000,\"height\":5000,\"caption\":\"Logotipo de talkpal\"},{\"@type\":\"BreadcrumbList\",\"@id\":\"https:\/\/talkpal.ai\/gl\/sobre\/#breadcrumb\",\"itemListElement\":[{\"@type\":\"ListItem\",\"position\":1,\"name\":\"Homepage\",\"item\":\"https:\/\/talkpal.ai\/gl\/\"},{\"@type\":\"ListItem\",\"position\":2,\"name\":\"Sobre\"}]},{\"@type\":\"WebSite\",\"@id\":\"https:\/\/talkpal.ai\/gl\/#website\",\"url\":\"https:\/\/talkpal.ai\/gl\/\",\"name\":\"Talkpal\",\"description\":\"AI Language Learning\",\"publisher\":{\"@id\":\"https:\/\/talkpal.ai\/gl\/#organization\"},\"alternateName\":\"Talkpal AI\",\"potentialAction\":[{\"@type\":\"SearchAction\",\"target\":{\"@type\":\"EntryPoint\",\"urlTemplate\":\"https:\/\/talkpal.ai\/gl\/?s={search_term_string}\"},\"query-input\":{\"@type\":\"PropertyValueSpecification\",\"valueRequired\":true,\"valueName\":\"search_term_string\"}}],\"inLanguage\":\"gl-ES\"},{\"@type\":\"Organization\",\"@id\":\"https:\/\/talkpal.ai\/gl\/#organization\",\"name\":\"Talkpal, Inc.\",\"alternateName\":\"Talkpal AI\",\"url\":\"https:\/\/talkpal.ai\/gl\/\",\"logo\":{\"@type\":\"ImageObject\",\"inLanguage\":\"gl-ES\",\"@id\":\"https:\/\/talkpal.ai\/gl\/#\/schema\/logo\/image\/\",\"url\":\"https:\/\/talkpal.ai\/wp-content\/uploads\/2024\/03\/Talkpal-Logo-Icon.png\",\"contentUrl\":\"https:\/\/talkpal.ai\/wp-content\/uploads\/2024\/03\/Talkpal-Logo-Icon.png\",\"width\":2880,\"height\":2880,\"caption\":\"Talkpal, Inc.\"},\"image\":{\"@id\":\"https:\/\/talkpal.ai\/gl\/#\/schema\/logo\/image\/\"},\"sameAs\":[\"https:\/\/www.facebook.com\/profile.php?id=100090733639311\",\"https:\/\/x.com\/talkpalai\",\"https:\/\/www.linkedin.com\/company\/talkpal\/\",\"https:\/\/www.youtube.com\/@TalkPal\/\",\"https:\/\/www.tiktok.com\/@talkpal\",\"https:\/\/www.instagram.com\/talkpal_ai\/\",\"https:\/\/www.crunchbase.com\/organization\/talkpal-9cde\",\"https:\/\/www.g2.com\/products\/talkpal-for-business\/\",\"https:\/\/www.trustpilot.com\/review\/talkpal.ai\",\"https:\/\/www.capterra.com\/p\/10006800\/TalkPal\/\"],\"description\":\"Talkpal is a language learning web and mobile education app, powered by the latest AI technologies, that provides engaging experiences to its customers in many different languages to help them improve their language skills. Users can chat about unlimited amount of topics with the app and use other modes to practice their language learning.\",\"email\":\"support@talkpal.ai\",\"legalName\":\"Talkpal, Inc.\",\"foundingDate\":\"2023-04-03\",\"duns\":\"118989042\",\"numberOfEmployees\":{\"@type\":\"QuantitativeValue\",\"minValue\":\"11\",\"maxValue\":\"50\"},\"publishingPrinciples\":\"https:\/\/talkpal.ai\/publishing-principles\/\",\"actionableFeedbackPolicy\":\"https:\/\/talkpal.ai\/actionable-feedback-policy\/\",\"correctionsPolicy\":\"https:\/\/talkpal.ai\/corrections-policy\/\",\"ethicsPolicy\":\"https:\/\/talkpal.ai\/ethics-policy\/\",\"diversityPolicy\":\"https:\/\/talkpal.ai\/diversity-policy\/\",\"diversityStaffingReport\":\"https:\/\/talkpal.ai\/diversity-policy\/\"}]}<\/script>\n<!-- \/ Yoast SEO Premium plugin. -->","yoast_head_json":{"title":"Sobre - Talkpal","description":"Talkpal \u00e9 un titor de idiomas con IA impulsado por GPT, fundado coa crenza de que o aprendizaxe de idiomas debe ser accesible para todos.","robots":{"index":"index","follow":"follow","max-snippet":"max-snippet:-1","max-image-preview":"max-image-preview:large","max-video-preview":"max-video-preview:-1"},"canonical":"https:\/\/talkpal.ai\/gl\/sobre\/","og_locale":"gl_ES","og_type":"article","og_title":"Sobre","og_description":"Talkpal, Inc. \u00e9 unha empresa de aprendizaxe de idiomas impulsada por IA coa misi\u00f3n de facer que falar calquera idioma sexa accesible para todos, en todas","og_url":"https:\/\/talkpal.ai\/gl\/sobre\/","og_site_name":"Talkpal","article_publisher":"https:\/\/www.facebook.com\/profile.php?id=100090733639311","article_modified_time":"2026-03-06T16:35:07+00:00","og_image":[{"width":5000,"height":5000,"url":"https:\/\/talkpal.ai\/wp-content\/uploads\/2024\/03\/Talkpal-Logo-Icon.png","type":"image\/png"}],"twitter_card":"summary_large_image","twitter_site":"@talkpalai","twitter_misc":{"Tempo de lectura":"5 minutos"},"schema":{"@context":"https:\/\/schema.org","@graph":[{"@type":"WebPage","@id":"https:\/\/talkpal.ai\/gl\/sobre\/","url":"https:\/\/talkpal.ai\/gl\/sobre\/","name":"Sobre - Talkpal","isPartOf":{"@id":"https:\/\/talkpal.ai\/gl\/#website"},"primaryImageOfPage":{"@id":"https:\/\/talkpal.ai\/gl\/sobre\/#primaryimage"},"image":{"@id":"https:\/\/talkpal.ai\/gl\/sobre\/#primaryimage"},"thumbnailUrl":"https:\/\/talkpal.ai\/wp-content\/uploads\/2024\/03\/Talkpal-Logo-Icon.png","datePublished":"2023-04-03T14:56:00+00:00","dateModified":"2026-03-06T16:35:07+00:00","description":"Talkpal \u00e9 un titor de idiomas con IA impulsado por GPT, fundado coa crenza de que o aprendizaxe de idiomas debe ser accesible para todos.","breadcrumb":{"@id":"https:\/\/talkpal.ai\/gl\/sobre\/#breadcrumb"},"inLanguage":"gl-ES","potentialAction":[{"@type":"ReadAction","target":["https:\/\/talkpal.ai\/gl\/sobre\/"]}]},{"@type":"ImageObject","inLanguage":"gl-ES","@id":"https:\/\/talkpal.ai\/gl\/sobre\/#primaryimage","url":"https:\/\/talkpal.ai\/wp-content\/uploads\/2024\/03\/Talkpal-Logo-Icon.png","contentUrl":"https:\/\/talkpal.ai\/wp-content\/uploads\/2024\/03\/Talkpal-Logo-Icon.png","width":5000,"height":5000,"caption":"Logotipo de talkpal"},{"@type":"BreadcrumbList","@id":"https:\/\/talkpal.ai\/gl\/sobre\/#breadcrumb","itemListElement":[{"@type":"ListItem","position":1,"name":"Homepage","item":"https:\/\/talkpal.ai\/gl\/"},{"@type":"ListItem","position":2,"name":"Sobre"}]},{"@type":"WebSite","@id":"https:\/\/talkpal.ai\/gl\/#website","url":"https:\/\/talkpal.ai\/gl\/","name":"Talkpal","description":"AI Language Learning","publisher":{"@id":"https:\/\/talkpal.ai\/gl\/#organization"},"alternateName":"Talkpal AI","potentialAction":[{"@type":"SearchAction","target":{"@type":"EntryPoint","urlTemplate":"https:\/\/talkpal.ai\/gl\/?s={search_term_string}"},"query-input":{"@type":"PropertyValueSpecification","valueRequired":true,"valueName":"search_term_string"}}],"inLanguage":"gl-ES"},{"@type":"Organization","@id":"https:\/\/talkpal.ai\/gl\/#organization","name":"Talkpal, Inc.","alternateName":"Talkpal AI","url":"https:\/\/talkpal.ai\/gl\/","logo":{"@type":"ImageObject","inLanguage":"gl-ES","@id":"https:\/\/talkpal.ai\/gl\/#\/schema\/logo\/image\/","url":"https:\/\/talkpal.ai\/wp-content\/uploads\/2024\/03\/Talkpal-Logo-Icon.png","contentUrl":"https:\/\/talkpal.ai\/wp-content\/uploads\/2024\/03\/Talkpal-Logo-Icon.png","width":2880,"height":2880,"caption":"Talkpal, Inc."},"image":{"@id":"https:\/\/talkpal.ai\/gl\/#\/schema\/logo\/image\/"},"sameAs":["https:\/\/www.facebook.com\/profile.php?id=100090733639311","https:\/\/x.com\/talkpalai","https:\/\/www.linkedin.com\/company\/talkpal\/","https:\/\/www.youtube.com\/@TalkPal\/","https:\/\/www.tiktok.com\/@talkpal","https:\/\/www.instagram.com\/talkpal_ai\/","https:\/\/www.crunchbase.com\/organization\/talkpal-9cde","https:\/\/www.g2.com\/products\/talkpal-for-business\/","https:\/\/www.trustpilot.com\/review\/talkpal.ai","https:\/\/www.capterra.com\/p\/10006800\/TalkPal\/"],"description":"Talkpal is a language learning web and mobile education app, powered by the latest AI technologies, that provides engaging experiences to its customers in many different languages to help them improve their language skills. Users can chat about unlimited amount of topics with the app and use other modes to practice their language learning.","email":"support@talkpal.ai","legalName":"Talkpal, Inc.","foundingDate":"2023-04-03","duns":"118989042","numberOfEmployees":{"@type":"QuantitativeValue","minValue":"11","maxValue":"50"},"publishingPrinciples":"https:\/\/talkpal.ai\/publishing-principles\/","actionableFeedbackPolicy":"https:\/\/talkpal.ai\/actionable-feedback-policy\/","correctionsPolicy":"https:\/\/talkpal.ai\/corrections-policy\/","ethicsPolicy":"https:\/\/talkpal.ai\/ethics-policy\/","diversityPolicy":"https:\/\/talkpal.ai\/diversity-policy\/","diversityStaffingReport":"https:\/\/talkpal.ai\/diversity-policy\/"}]}},"_links":{"self":[{"href":"https:\/\/talkpal.ai\/gl\/wp-json\/wp\/v2\/pages\/166879","targetHints":{"allow":["GET"]}}],"collection":[{"href":"https:\/\/talkpal.ai\/gl\/wp-json\/wp\/v2\/pages"}],"about":[{"href":"https:\/\/talkpal.ai\/gl\/wp-json\/wp\/v2\/types\/page"}],"author":[{"embeddable":true,"href":"https:\/\/talkpal.ai\/gl\/wp-json\/wp\/v2\/users\/1"}],"replies":[{"embeddable":true,"href":"https:\/\/talkpal.ai\/gl\/wp-json\/wp\/v2\/comments?post=166879"}],"version-history":[{"count":0,"href":"https:\/\/talkpal.ai\/gl\/wp-json\/wp\/v2\/pages\/166879\/revisions"}],"wp:featuredmedia":[{"embeddable":true,"href":"https:\/\/talkpal.ai\/gl\/wp-json\/wp\/v2\/media\/197955"}],"wp:attachment":[{"href":"https:\/\/talkpal.ai\/gl\/wp-json\/wp\/v2\/media?parent=166879"}],"curies":[{"name":"wp","href":"https:\/\/api.w.org\/{rel}","templated":true}]}}