{"id":166623,"date":"2023-06-16T10:58:35","date_gmt":"2023-06-16T10:58:35","guid":{"rendered":"http:\/\/talkpal.ai\/exercicios-de-gramatica-rusa\/"},"modified":"2025-12-17T16:24:48","modified_gmt":"2025-12-17T16:24:48","slug":"exercicios-de-gramatica-rusa","status":"publish","type":"page","link":"https:\/\/talkpal.ai\/gl\/exercicios-de-gramatica-rusa\/","title":{"rendered":"Exercicios de gram\u00e1tica rusa"},"content":{"rendered":"\r\n\r\n\r\n<section class=\"languageChallengeSection\">\r\n    <div class=\"languageInfoWrapper\">\r\n        \r\n        <h1>Exercicios de gram\u00e1tica rusa<\/h1>\r\n        <p>Listo\/a para mellorar as t\u00faas habilidades en ruso? Practicar exercicios de gram\u00e1tica \u00e9 unha das mellores maneiras de dominar a estrutura das frases, as conxugaci\u00f3ns dos verbos e as regras \u00fanicas da lingua rusa. Comeza a explorar a <a href=\"https:\/\/talkpal.ai\/russian-grammar\/\">gram\u00e1tica rusa<\/a> hoxe mesmo e observa <a href=\"https:\/\/talkpal.ai\/locations\/language-courses-in-como\/\">como<\/a> a t\u00faa comprensi\u00f3n e fluidez medran con cada exercicio!<\/p>\r\n\r\n                            <a class=\"getStartedHidden\" href=\"https:\/\/app.talkpal.ai\/signup?lng=\">Empeza<\/a>\r\n        \r\n    <\/div>\r\n\r\n    <figure>\r\n    <img decoding=\"async\" width=\"768\" height=\"768\" src=\"https:\/\/talkpal.ai\/wp-content\/uploads\/2023\/06\/russian-768x768.png\" class=\"languageImage no-lazy\" alt=\"Language learning for multicultural understanding\" fetchpriority=\"high\" sizes=\"(max-width: 768px) 150px, 768px\" srcset=\"https:\/\/talkpal.ai\/wp-content\/uploads\/2023\/06\/russian-768x768.png 768w, https:\/\/talkpal.ai\/wp-content\/uploads\/2023\/06\/russian-300x300.png 300w\" \/>\r\n    \r\n\r\n    <\/figure>\r\n\r\n            <a class=\"getStartedVisible\" href=\"https:\/\/app.talkpal.ai\/signup?lng=\">Empeza<\/a>\r\n    \r\n<\/section>\r\n\r\n\r\n<!-- <section class=\"grammarSection\">\r\n    <div class=\"grammarLinks\">\r\n            <\/div>\r\n<\/section> -->\r\n\r\n\r\n\r\n\r\n<section class=\"promotionalBanner\">\r\n    <p class=\"promotionalText\">A forma m\u00e1is eficaz de aprender un idioma<\/p>\r\n    <a class=\"promotionalLink\" href=\"https:\/\/app.talkpal.ai\/signup?lng=\">Proba Talkpal de balde<\/a>\r\n<\/section>\n<div class=\"wp-block-group pageContainerStyle\"><div class=\"wp-block-group__inner-container is-layout-constrained wp-block-group-is-layout-constrained\">\n<h2 class=\"wp-block-heading\" id=\"h-russian-grammar-topics\">Temas de gram\u00e1tica rusa<\/h2>\n\n\n\n<p><a href=\"https:\/\/talkpal.ai\/learn-russian\/\">Aprender ruso<\/a> pode ser unha experiencia incriblemente gratificante e estimulante intelectualmente. A lingua rusa non s\u00f3 \u00e9 rica en vocabulario e poder expresivo, sen\u00f3n que tam\u00e9n ofrece unha fiestra \u00e1 fascinante cultura, historia e literatura de <a href=\"https:\/\/talkpal.ai\/learn-russian\/\">Rusia<\/a> e da antiga Uni\u00f3n Sovi\u00e9tica. Cando te embarcas na t\u00faa viaxe para aprender ruso, \u00e9 importante familiarizarte cos distintos temas gramaticais que formar\u00e1n a base das t\u00faas habilidades ling\u00fc\u00edsticas. Nesta gu\u00eda, proporcionaremos unha visi\u00f3n xeral dos temas esenciais de gram\u00e1tica rusa, inclu\u00edndo tempos, verbos, substantivos, artigos, pronomes, adxectivos, adverbios, preposici\u00f3ns e estrutura da frase. Ao dominar estes conceptos fundamentais, estar\u00e1s no teu cami\u00f1o para acadar fluidez en ruso.<\/p>\n\n\n\n<h3 class=\"wp-block-heading\" id=\"h-1-nouns\">1. Substantivos:<\/h3>\n\n\n\n<p>Comeza aprendendo os substantivos rusos, xa que son os bloques b\u00e1sicos da lingua. Os substantivos rusos te\u00f1en tres x\u00e9neros (masculino, feminino e neutro) e seis casos (nominativo, xenitivo, dativo, acusativo, instrumental e preposicional). Comprender o sistema de x\u00e9nero e caso \u00e9 fundamental para o uso axeitado dos substantivos nas oraci\u00f3ns.<\/p>\n\n\n\n<h3 class=\"wp-block-heading\" id=\"h-2-pronouns\">2. Pronomes:<\/h3>\n\n\n\n<p>Unha vez que esteas familiarizado cos substantivos, pasa aos pronomes, que substit\u00faen os substantivos nas frases para evitar a repetici\u00f3n. Os pronomes tam\u00e9n te\u00f1en x\u00e9neros e casos, e \u00e9 importante co\u00f1ecer as s\u00faas formas e o seu uso.<\/p>\n\n\n\n<h3 class=\"wp-block-heading\" id=\"h-3-adjectives\">3. Adxectivos:<\/h3>\n\n\n\n<p>Os adxectivos describen ou modifican substantivos e pronomes. Concordan cos substantivos que modifican en x\u00e9nero, n\u00famero e caso. Aprender as diferentes formas e terminaci\u00f3ns dos adxectivos para utilizalos correctamente.<\/p>\n\n\n\n<h3 class=\"wp-block-heading\" id=\"h-4-verbs\">4. Verbos:<\/h3>\n\n\n\n<p>Os verbos son a columna vertebral de calquera oraci\u00f3n, xa que expresan acci\u00f3ns, estados ou ocorrencias. En ruso, os verbos te\u00f1en dous aspectos (perfecto e <a href=\"https:\/\/talkpal.ai\/zh-hans\/grammar_exercises\/imperfecto-%e8%a5%bf%e7%8f%ad%e7%89%99%e8%af%ad%e6%b3%95%e7%bb%83%e4%b9%a0\/\">imperfecto<\/a>) e conx\u00faganse segundo a persoa, o n\u00famero e o tempo. Familiarizarse cos patr\u00f3ns e aspectos de conxugaci\u00f3n para formar formas verbais precisas.<\/p>\n\n\n\n<h3 class=\"wp-block-heading\" id=\"h-5-tenses-indicative\">5. Tempos de indicativo:<\/h3>\n\n\n\n<p>O ruso ten tres tempos de indicativo: pasado, <a href=\"https:\/\/talkpal.ai\/zh-hans\/grammar_exercises\/presente-%e8%a5%bf%e7%8f%ad%e7%89%99%e8%af%ad%e6%b3%95%e7%bb%83%e4%b9%a0\/\">presente<\/a> e <a href=\"https:\/\/talkpal.ai\/ja\/grammar_exercises\/futuro-%e3%82%b9%e3%83%9a%e3%82%a4%e3%83%b3%e8%aa%9e%e3%81%ae%e6%96%87%e6%b3%95%e3%81%ae%e6%bc%94%e7%bf%92\/\">futuro<\/a>. Aprende a formar e utilizar estes tempos para expresar acci\u00f3ns e acontecementos en diferentes marcos de tempo.<\/p>\n\n\n\n<h3 class=\"wp-block-heading\" id=\"h-6-tenses-subjunctive\">6. Tempos Subxuntivo:<\/h3>\n\n\n\n<p>O modo subxuntivo expresa situaci\u00f3ns hipot\u00e9ticas, desexos ou condici\u00f3ns irreais. Aprende a formar o subxuntivo en ruso e cando usalo nas oraci\u00f3ns.<\/p>\n\n\n\n<h3 class=\"wp-block-heading\" id=\"h-7-tense-comparison\">7. Comparaci\u00f3n de tempo:<\/h3>\n\n\n\n<p>Comprender como comparar e contrastar acci\u00f3ns en diferentes tempos \u00e9 fundamental para unha comunicaci\u00f3n clara. Practica o uso de varios tempos para expresar pensamentos e ideas complexas.<\/p>\n\n\n\n<h3 class=\"wp-block-heading\" id=\"h-8-adverbs\">8. Adverbios:<\/h3>\n\n\n\n<p>Os adverbios modifican verbos, adxectivos ou outros adverbios, proporcionando informaci\u00f3n sobre como, cando, onde ou ata que punto ocorre unha acci\u00f3n. Aprende adverbios rusos com\u00fans e o seu uso para mellorar as t\u00faas frases.<\/p>\n\n\n\n<h3 class=\"wp-block-heading\" id=\"h-9-prepositions\">9. Preposici\u00f3ns:<\/h3>\n\n\n\n<p>As preposici\u00f3ns vinculan substantivos, pronomes ou frases con outras palabras dentro dunha oraci\u00f3n, indicando relaci\u00f3ns como localizaci\u00f3n, direcci\u00f3n, tempo ou prop\u00f3sito. Familiarizarse coas preposici\u00f3ns rusas e os seus correspondentes casos para constru\u00edr frases gramaticalmente correctas.<\/p>\n\n\n\n<h3 class=\"wp-block-heading\" id=\"h-10-sentence-structure\">10. Estrutura da oraci\u00f3n:<\/h3>\n\n\n\n<p>Finalmente, aprende os conceptos b\u00e1sicos da estrutura das frases rusas, inclu\u00edndo a orde das palabras, a <a href=\"https:\/\/talkpal.ai\/zh-hans\/grammar_exercises\/negacion-%e8%a5%bf%e7%8f%ad%e7%89%99%e8%af%ad%e6%b3%95%e7%bb%83%e4%b9%a0\/\">negaci\u00f3n<\/a> e a formaci\u00f3n de preguntas. Entender como constru\u00edr frases correctamente asegurar\u00e1 que o teu ruso falado e escrito sexa claro e comprensible.<\/p>\n\n\n\n<p>Seguindo esta secuencia e dedicando tempo a cada tema de gram\u00e1tica, desenvolver\u00e1s unha base s\u00f3lida en ruso, que che permitir\u00e1 comunicarte de forma eficaz e apreciar a beleza e profundidade da lingua.<\/p>\n<\/div><\/div>\n\r\n<section class=\"learnNavigationSection\">\r\n            \r\n        <a href=\"https:\/\/talkpal.ai\/gl\/aprende-ruso\/\">\r\n            <div class=\"learnNavigationWrapper\">\r\n                <div class=\"learnNavigationContent\">\r\n                    <img decoding=\"async\" src=\"https:\/\/talkpal.ai\/wp-content\/uploads\/2024\/08\/Russian.jpg\" alt=\"Russian Flag\">\r\n                    <div>\r\n                        <h4>Sobre a aprendizaxe do ruso<\/h4>\r\n                        <p>Descubre todo sobre a gram\u00e1tica rusa.<\/p>\r\n                    <\/div>\r\n                <\/div>\r\n            <\/div>\r\n        <\/a>\r\n\r\n        \r\n        <a href=\"https:\/\/talkpal.ai\/gl\/gramatica-rusa\/\">\r\n            <div class=\"learnNavigationWrapper\">\r\n                <div class=\"learnNavigationContent\">\r\n                    <img decoding=\"async\" src=\"https:\/\/talkpal.ai\/wp-content\/uploads\/2024\/08\/Russian.jpg\" alt=\"Russian Flag\">\r\n                    <div>\r\n                        <h4>Clases de gram\u00e1tica rusa<\/h4>\r\n                        <p>Practica a gram\u00e1tica rusa.<\/p>\r\n                    <\/div>\r\n                <\/div>\r\n            <\/div>\r\n        <\/a>\r\n\r\n        \r\n        <a href=\"https:\/\/talkpal.ai\/vocabulary_language\/russian\/\">\r\n            <div class=\"learnNavigationWrapper\">\r\n                <div class=\"learnNavigationContent\">\r\n                    <img decoding=\"async\" src=\"https:\/\/talkpal.ai\/wp-content\/uploads\/2024\/08\/Russian.jpg\" alt=\"Russian Flag\">\r\n                    <div>\r\n                        <h4>Vocabulario ruso<\/h4>\r\n                        <p>Ampl\u00eda o teu vocabulario ruso.<\/p>\r\n                    <\/div>\r\n                <\/div>\r\n            <\/div>\r\n        <\/a>\r\n\r\n            <\/section>","protected":false},"excerpt":{"rendered":"<p>Temas de gram\u00e1tica rusa Aprender ruso pode ser unha experiencia incriblemente gratificante e estimulante intelectualmente. A lingua rusa non s\u00f3 \u00e9 rica en vocabulario e poder expresivo, sen\u00f3n que tam\u00e9n ofrece unha fiestra \u00e1 fascinante cultura, historia e literatura de Rusia e da antiga Uni\u00f3n Sovi\u00e9tica. Cando te embarcas na t\u00faa viaxe para aprender ruso, [&hellip;]<\/p>\n","protected":false},"author":6,"featured_media":108151,"parent":0,"menu_order":0,"comment_status":"closed","ping_status":"closed","template":"LearningContentPage.php","meta":{"_acf_changed":false,"footnotes":""},"class_list":["post-166623","page","type-page","status-publish","has-post-thumbnail","hentry"],"acf":[],"yoast_head":"<!-- This site is optimized with the Yoast SEO Premium plugin v27.2 (Yoast SEO v27.2) - https:\/\/yoast.com\/product\/yoast-seo-premium-wordpress\/ -->\n<title>Exercicios de gram\u00e1tica rusa - Talkpal<\/title>\n<meta name=\"description\" content=\"Explora exercicios esenciais de gram\u00e1tica rusa para fortalecer as t\u00faas habilidades ling\u00fc\u00edsticas e acadar fluidez na lingua rusa.\" \/>\n<meta name=\"robots\" content=\"index, follow, max-snippet:-1, max-image-preview:large, max-video-preview:-1\" \/>\n<link rel=\"canonical\" href=\"https:\/\/talkpal.ai\/gl\/exercicios-de-gramatica-rusa\/\" \/>\n<meta property=\"og:locale\" content=\"gl_ES\" \/>\n<meta property=\"og:type\" content=\"article\" \/>\n<meta property=\"og:title\" content=\"Exercicios de gram\u00e1tica rusa\" \/>\n<meta property=\"og:description\" content=\"Temas de gram\u00e1tica rusa Aprender ruso pode ser unha experiencia incriblemente gratificante e estimulante intelectualmente. A lingua rusa non s\u00f3 \u00e9 rica en\" \/>\n<meta property=\"og:url\" content=\"https:\/\/talkpal.ai\/gl\/exercicios-de-gramatica-rusa\/\" \/>\n<meta property=\"og:site_name\" content=\"Talkpal\" \/>\n<meta property=\"article:publisher\" content=\"https:\/\/www.facebook.com\/profile.php?id=100090733639311\" \/>\n<meta property=\"article:modified_time\" content=\"2025-12-17T16:24:48+00:00\" \/>\n<meta property=\"og:image\" content=\"https:\/\/talkpal.ai\/wp-content\/uploads\/2023\/04\/rusia.png\" \/>\n\t<meta property=\"og:image:width\" content=\"512\" \/>\n\t<meta property=\"og:image:height\" content=\"512\" \/>\n\t<meta property=\"og:image:type\" content=\"image\/png\" \/>\n<meta name=\"twitter:card\" content=\"summary_large_image\" \/>\n<meta name=\"twitter:site\" content=\"@talkpalai\" \/>\n<meta name=\"twitter:label1\" content=\"Tempo de lectura\" \/>\n\t<meta name=\"twitter:data1\" content=\"3 minutos\" \/>\n<script type=\"application\/ld+json\" class=\"yoast-schema-graph\">{\"@context\":\"https:\/\/schema.org\",\"@graph\":[{\"@type\":\"WebPage\",\"@id\":\"https:\/\/talkpal.ai\/gl\/exercicios-de-gramatica-rusa\/\",\"url\":\"https:\/\/talkpal.ai\/gl\/exercicios-de-gramatica-rusa\/\",\"name\":\"Exercicios de gram\u00e1tica rusa - Talkpal\",\"isPartOf\":{\"@id\":\"https:\/\/talkpal.ai\/gl\/#website\"},\"primaryImageOfPage\":{\"@id\":\"https:\/\/talkpal.ai\/gl\/exercicios-de-gramatica-rusa\/#primaryimage\"},\"image\":{\"@id\":\"https:\/\/talkpal.ai\/gl\/exercicios-de-gramatica-rusa\/#primaryimage\"},\"thumbnailUrl\":\"https:\/\/talkpal.ai\/wp-content\/uploads\/2023\/04\/rusia.png\",\"datePublished\":\"2023-06-16T10:58:35+00:00\",\"dateModified\":\"2025-12-17T16:24:48+00:00\",\"description\":\"Explora exercicios esenciais de gram\u00e1tica rusa para fortalecer as t\u00faas habilidades ling\u00fc\u00edsticas e acadar fluidez na lingua rusa.\",\"breadcrumb\":{\"@id\":\"https:\/\/talkpal.ai\/gl\/exercicios-de-gramatica-rusa\/#breadcrumb\"},\"inLanguage\":\"gl-ES\",\"potentialAction\":[{\"@type\":\"ReadAction\",\"target\":[\"https:\/\/talkpal.ai\/gl\/exercicios-de-gramatica-rusa\/\"]}]},{\"@type\":\"ImageObject\",\"inLanguage\":\"gl-ES\",\"@id\":\"https:\/\/talkpal.ai\/gl\/exercicios-de-gramatica-rusa\/#primaryimage\",\"url\":\"https:\/\/talkpal.ai\/wp-content\/uploads\/2023\/04\/rusia.png\",\"contentUrl\":\"https:\/\/talkpal.ai\/wp-content\/uploads\/2023\/04\/rusia.png\",\"width\":512,\"height\":512},{\"@type\":\"BreadcrumbList\",\"@id\":\"https:\/\/talkpal.ai\/gl\/exercicios-de-gramatica-rusa\/#breadcrumb\",\"itemListElement\":[{\"@type\":\"ListItem\",\"position\":1,\"name\":\"Homepage\",\"item\":\"https:\/\/talkpal.ai\/gl\/\"},{\"@type\":\"ListItem\",\"position\":2,\"name\":\"Exercicios de gram\u00e1tica rusa\"}]},{\"@type\":\"WebSite\",\"@id\":\"https:\/\/talkpal.ai\/gl\/#website\",\"url\":\"https:\/\/talkpal.ai\/gl\/\",\"name\":\"Talkpal\",\"description\":\"AI Language Learning\",\"publisher\":{\"@id\":\"https:\/\/talkpal.ai\/gl\/#organization\"},\"alternateName\":\"Talkpal AI\",\"potentialAction\":[{\"@type\":\"SearchAction\",\"target\":{\"@type\":\"EntryPoint\",\"urlTemplate\":\"https:\/\/talkpal.ai\/gl\/?s={search_term_string}\"},\"query-input\":{\"@type\":\"PropertyValueSpecification\",\"valueRequired\":true,\"valueName\":\"search_term_string\"}}],\"inLanguage\":\"gl-ES\"},{\"@type\":\"Organization\",\"@id\":\"https:\/\/talkpal.ai\/gl\/#organization\",\"name\":\"Talkpal, Inc.\",\"alternateName\":\"Talkpal AI\",\"url\":\"https:\/\/talkpal.ai\/gl\/\",\"logo\":{\"@type\":\"ImageObject\",\"inLanguage\":\"gl-ES\",\"@id\":\"https:\/\/talkpal.ai\/gl\/#\/schema\/logo\/image\/\",\"url\":\"https:\/\/talkpal.ai\/wp-content\/uploads\/2024\/03\/Talkpal-Logo-Icon.png\",\"contentUrl\":\"https:\/\/talkpal.ai\/wp-content\/uploads\/2024\/03\/Talkpal-Logo-Icon.png\",\"width\":2880,\"height\":2880,\"caption\":\"Talkpal, Inc.\"},\"image\":{\"@id\":\"https:\/\/talkpal.ai\/gl\/#\/schema\/logo\/image\/\"},\"sameAs\":[\"https:\/\/www.facebook.com\/profile.php?id=100090733639311\",\"https:\/\/x.com\/talkpalai\",\"https:\/\/www.linkedin.com\/company\/talkpal\/\",\"https:\/\/www.youtube.com\/@TalkPal\/\",\"https:\/\/www.tiktok.com\/@talkpal\",\"https:\/\/www.instagram.com\/talkpal_ai\/\",\"https:\/\/www.crunchbase.com\/organization\/talkpal-9cde\",\"https:\/\/www.g2.com\/products\/talkpal-for-business\/\",\"https:\/\/www.trustpilot.com\/review\/talkpal.ai\",\"https:\/\/www.capterra.com\/p\/10006800\/TalkPal\/\"],\"description\":\"Talkpal is a language learning web and mobile education app, powered by the latest AI technologies, that provides engaging experiences to its customers in many different languages to help them improve their language skills. Users can chat about unlimited amount of topics with the app and use other modes to practice their language learning.\",\"email\":\"support@talkpal.ai\",\"legalName\":\"Talkpal, Inc.\",\"foundingDate\":\"2023-04-03\",\"duns\":\"118989042\",\"numberOfEmployees\":{\"@type\":\"QuantitativeValue\",\"minValue\":\"11\",\"maxValue\":\"50\"},\"publishingPrinciples\":\"https:\/\/talkpal.ai\/publishing-principles\/\",\"actionableFeedbackPolicy\":\"https:\/\/talkpal.ai\/actionable-feedback-policy\/\",\"correctionsPolicy\":\"https:\/\/talkpal.ai\/corrections-policy\/\",\"ethicsPolicy\":\"https:\/\/talkpal.ai\/ethics-policy\/\",\"diversityPolicy\":\"https:\/\/talkpal.ai\/diversity-policy\/\",\"diversityStaffingReport\":\"https:\/\/talkpal.ai\/diversity-policy\/\"}]}<\/script>\n<!-- \/ Yoast SEO Premium plugin. -->","yoast_head_json":{"title":"Exercicios de gram\u00e1tica rusa - Talkpal","description":"Explora exercicios esenciais de gram\u00e1tica rusa para fortalecer as t\u00faas habilidades ling\u00fc\u00edsticas e acadar fluidez na lingua rusa.","robots":{"index":"index","follow":"follow","max-snippet":"max-snippet:-1","max-image-preview":"max-image-preview:large","max-video-preview":"max-video-preview:-1"},"canonical":"https:\/\/talkpal.ai\/gl\/exercicios-de-gramatica-rusa\/","og_locale":"gl_ES","og_type":"article","og_title":"Exercicios de gram\u00e1tica rusa","og_description":"Temas de gram\u00e1tica rusa Aprender ruso pode ser unha experiencia incriblemente gratificante e estimulante intelectualmente. A lingua rusa non s\u00f3 \u00e9 rica en","og_url":"https:\/\/talkpal.ai\/gl\/exercicios-de-gramatica-rusa\/","og_site_name":"Talkpal","article_publisher":"https:\/\/www.facebook.com\/profile.php?id=100090733639311","article_modified_time":"2025-12-17T16:24:48+00:00","og_image":[{"width":512,"height":512,"url":"https:\/\/talkpal.ai\/wp-content\/uploads\/2023\/04\/rusia.png","type":"image\/png"}],"twitter_card":"summary_large_image","twitter_site":"@talkpalai","twitter_misc":{"Tempo de lectura":"3 minutos"},"schema":{"@context":"https:\/\/schema.org","@graph":[{"@type":"WebPage","@id":"https:\/\/talkpal.ai\/gl\/exercicios-de-gramatica-rusa\/","url":"https:\/\/talkpal.ai\/gl\/exercicios-de-gramatica-rusa\/","name":"Exercicios de gram\u00e1tica rusa - Talkpal","isPartOf":{"@id":"https:\/\/talkpal.ai\/gl\/#website"},"primaryImageOfPage":{"@id":"https:\/\/talkpal.ai\/gl\/exercicios-de-gramatica-rusa\/#primaryimage"},"image":{"@id":"https:\/\/talkpal.ai\/gl\/exercicios-de-gramatica-rusa\/#primaryimage"},"thumbnailUrl":"https:\/\/talkpal.ai\/wp-content\/uploads\/2023\/04\/rusia.png","datePublished":"2023-06-16T10:58:35+00:00","dateModified":"2025-12-17T16:24:48+00:00","description":"Explora exercicios esenciais de gram\u00e1tica rusa para fortalecer as t\u00faas habilidades ling\u00fc\u00edsticas e acadar fluidez na lingua rusa.","breadcrumb":{"@id":"https:\/\/talkpal.ai\/gl\/exercicios-de-gramatica-rusa\/#breadcrumb"},"inLanguage":"gl-ES","potentialAction":[{"@type":"ReadAction","target":["https:\/\/talkpal.ai\/gl\/exercicios-de-gramatica-rusa\/"]}]},{"@type":"ImageObject","inLanguage":"gl-ES","@id":"https:\/\/talkpal.ai\/gl\/exercicios-de-gramatica-rusa\/#primaryimage","url":"https:\/\/talkpal.ai\/wp-content\/uploads\/2023\/04\/rusia.png","contentUrl":"https:\/\/talkpal.ai\/wp-content\/uploads\/2023\/04\/rusia.png","width":512,"height":512},{"@type":"BreadcrumbList","@id":"https:\/\/talkpal.ai\/gl\/exercicios-de-gramatica-rusa\/#breadcrumb","itemListElement":[{"@type":"ListItem","position":1,"name":"Homepage","item":"https:\/\/talkpal.ai\/gl\/"},{"@type":"ListItem","position":2,"name":"Exercicios de gram\u00e1tica rusa"}]},{"@type":"WebSite","@id":"https:\/\/talkpal.ai\/gl\/#website","url":"https:\/\/talkpal.ai\/gl\/","name":"Talkpal","description":"AI Language Learning","publisher":{"@id":"https:\/\/talkpal.ai\/gl\/#organization"},"alternateName":"Talkpal AI","potentialAction":[{"@type":"SearchAction","target":{"@type":"EntryPoint","urlTemplate":"https:\/\/talkpal.ai\/gl\/?s={search_term_string}"},"query-input":{"@type":"PropertyValueSpecification","valueRequired":true,"valueName":"search_term_string"}}],"inLanguage":"gl-ES"},{"@type":"Organization","@id":"https:\/\/talkpal.ai\/gl\/#organization","name":"Talkpal, Inc.","alternateName":"Talkpal AI","url":"https:\/\/talkpal.ai\/gl\/","logo":{"@type":"ImageObject","inLanguage":"gl-ES","@id":"https:\/\/talkpal.ai\/gl\/#\/schema\/logo\/image\/","url":"https:\/\/talkpal.ai\/wp-content\/uploads\/2024\/03\/Talkpal-Logo-Icon.png","contentUrl":"https:\/\/talkpal.ai\/wp-content\/uploads\/2024\/03\/Talkpal-Logo-Icon.png","width":2880,"height":2880,"caption":"Talkpal, Inc."},"image":{"@id":"https:\/\/talkpal.ai\/gl\/#\/schema\/logo\/image\/"},"sameAs":["https:\/\/www.facebook.com\/profile.php?id=100090733639311","https:\/\/x.com\/talkpalai","https:\/\/www.linkedin.com\/company\/talkpal\/","https:\/\/www.youtube.com\/@TalkPal\/","https:\/\/www.tiktok.com\/@talkpal","https:\/\/www.instagram.com\/talkpal_ai\/","https:\/\/www.crunchbase.com\/organization\/talkpal-9cde","https:\/\/www.g2.com\/products\/talkpal-for-business\/","https:\/\/www.trustpilot.com\/review\/talkpal.ai","https:\/\/www.capterra.com\/p\/10006800\/TalkPal\/"],"description":"Talkpal is a language learning web and mobile education app, powered by the latest AI technologies, that provides engaging experiences to its customers in many different languages to help them improve their language skills. Users can chat about unlimited amount of topics with the app and use other modes to practice their language learning.","email":"support@talkpal.ai","legalName":"Talkpal, Inc.","foundingDate":"2023-04-03","duns":"118989042","numberOfEmployees":{"@type":"QuantitativeValue","minValue":"11","maxValue":"50"},"publishingPrinciples":"https:\/\/talkpal.ai\/publishing-principles\/","actionableFeedbackPolicy":"https:\/\/talkpal.ai\/actionable-feedback-policy\/","correctionsPolicy":"https:\/\/talkpal.ai\/corrections-policy\/","ethicsPolicy":"https:\/\/talkpal.ai\/ethics-policy\/","diversityPolicy":"https:\/\/talkpal.ai\/diversity-policy\/","diversityStaffingReport":"https:\/\/talkpal.ai\/diversity-policy\/"}]}},"_links":{"self":[{"href":"https:\/\/talkpal.ai\/gl\/wp-json\/wp\/v2\/pages\/166623","targetHints":{"allow":["GET"]}}],"collection":[{"href":"https:\/\/talkpal.ai\/gl\/wp-json\/wp\/v2\/pages"}],"about":[{"href":"https:\/\/talkpal.ai\/gl\/wp-json\/wp\/v2\/types\/page"}],"author":[{"embeddable":true,"href":"https:\/\/talkpal.ai\/gl\/wp-json\/wp\/v2\/users\/6"}],"replies":[{"embeddable":true,"href":"https:\/\/talkpal.ai\/gl\/wp-json\/wp\/v2\/comments?post=166623"}],"version-history":[{"count":0,"href":"https:\/\/talkpal.ai\/gl\/wp-json\/wp\/v2\/pages\/166623\/revisions"}],"wp:featuredmedia":[{"embeddable":true,"href":"https:\/\/talkpal.ai\/gl\/wp-json\/wp\/v2\/media\/108151"}],"wp:attachment":[{"href":"https:\/\/talkpal.ai\/gl\/wp-json\/wp\/v2\/media?parent=166623"}],"curies":[{"name":"wp","href":"https:\/\/api.w.org\/{rel}","templated":true}]}}