{"id":164698,"date":"2023-06-16T12:39:48","date_gmt":"2023-06-16T12:39:48","guid":{"rendered":"http:\/\/talkpal.ai\/exercicios-de-gramatica-bulgara\/"},"modified":"2025-05-23T12:00:26","modified_gmt":"2025-05-23T12:00:26","slug":"exercicios-de-gramatica-bulgara","status":"publish","type":"page","link":"https:\/\/talkpal.ai\/gl\/exercicios-de-gramatica-bulgara\/","title":{"rendered":"Exercicios de gram\u00e1tica b\u00falgara"},"content":{"rendered":"\r\n\r\n\r\n<section class=\"languageChallengeSection\">\r\n    <div class=\"languageInfoWrapper\">\r\n        \r\n        <h1>Exercicios de gram\u00e1tica b\u00falgara<\/h1>\r\n        <p>Queres mellorar as t\u00faas habilidades en b\u00falgaro? Practicar exercicios de gram\u00e1tica \u00e9 unha excelente maneira de dominar a estrutura das frases, as formas verbais e os patr\u00f3ns \u00fanicos da lingua b\u00falgara. Comeza a traballar a <a href=\"https:\/\/talkpal.ai\/bulgarian-grammar\/\">gram\u00e1tica b\u00falgara<\/a> hoxe mesmo e observa <a href=\"https:\/\/talkpal.ai\/locations\/language-courses-in-como\/\">como<\/a> a t\u00faa confianza e fluidez medran con cada exercicio!<\/p>\r\n\r\n                            <a class=\"getStartedHidden\" href=\"https:\/\/app.talkpal.ai\/signup?lng=\">Empeza<\/a>\r\n        \r\n    <\/div>\r\n\r\n    <figure>\r\n    <img decoding=\"async\" width=\"768\" height=\"768\" src=\"https:\/\/talkpal.ai\/wp-content\/uploads\/2023\/06\/bulgarian-768x768.png\" class=\"languageImage no-lazy\" alt=\"Language learning for deeper cultural understanding\" fetchpriority=\"high\" sizes=\"(max-width: 768px) 150px, 768px\" srcset=\"https:\/\/talkpal.ai\/wp-content\/uploads\/2023\/06\/bulgarian-768x768.png 768w, https:\/\/talkpal.ai\/wp-content\/uploads\/2023\/06\/bulgarian-300x300.png 300w\" \/>\r\n    \r\n\r\n    <\/figure>\r\n\r\n            <a class=\"getStartedVisible\" href=\"https:\/\/app.talkpal.ai\/signup?lng=\">Empeza<\/a>\r\n    \r\n<\/section>\r\n\r\n\r\n<!-- <section class=\"grammarSection\">\r\n    <div class=\"grammarLinks\">\r\n            <\/div>\r\n<\/section> -->\r\n\r\n\r\n\r\n\r\n<section class=\"promotionalBanner\">\r\n    <p class=\"promotionalText\">A forma m\u00e1is eficaz de aprender un idioma<\/p>\r\n    <a class=\"promotionalLink\" href=\"https:\/\/app.talkpal.ai\/signup?lng=\">Proba Talkpal de balde<\/a>\r\n<\/section>\n<div class=\"wp-block-group pageContainerStyle\"><div class=\"wp-block-group__inner-container is-layout-constrained wp-block-group-is-layout-constrained\">\n<h2 class=\"wp-block-heading\" id=\"h-bulgarian-grammar-topics\">Temas de gram\u00e1tica b\u00falgara<\/h2>\n\n\n\n<p>O b\u00falgaro \u00e9 unha lingua eslava do sur falada principalmente en <a href=\"https:\/\/talkpal.ai\/locations\/language-courses-in-bulgaria\/\">Bulgaria<\/a> e polas comunidades b\u00falgaras dos pa\u00edses veci\u00f1os. <a href=\"https:\/\/talkpal.ai\/locations\/language-courses-in-como\/\">Como<\/a> lingua oficial de Bulgaria, xoga un papel vital na cultura, historia e vida coti\u00e1 do pa\u00eds. <a href=\"https:\/\/talkpal.ai\/pt-pt\/aprender-bulgaro\/\">Aprender b\u00falgaro<\/a> pode ser unha experiencia gratificante, xa que che permite explorar a rica literatura, as fermosas paisaxes e a saborosa coci\u00f1a do pa\u00eds. Para dominar o b\u00falgaro, \u00e9 esencial comprender a s\u00faa gram\u00e1tica, que ten as s\u00faas caracter\u00edsticas e estruturas \u00fanicas. Nesta gu\u00eda, exploraremos temas cruciais de gram\u00e1tica b\u00falgara que debes aprender en secuencia para acadar unha base s\u00f3lida na lingua.<\/p>\n\n\n\n<h3 class=\"wp-block-heading\" id=\"h-1-nouns\">1. Substantivos:<\/h3>\n\n\n\n<p>Os substantivos b\u00falgaros te\u00f1en x\u00e9nero (masculino, feminino e neutro), o que \u00e9 importante saber xa que afecta a forma doutras palabras nunha oraci\u00f3n, como adxectivos e artigos. Tam\u00e9n te\u00f1en formas singular e plural, pero a diferenza do <a href=\"https:\/\/talkpal.ai\/es\/locations\/aprende-ingles-en-orange\/\">ingl\u00e9s<\/a>, non hai casos.<\/p>\n\n\n\n<h3 class=\"wp-block-heading\" id=\"h-2-articles\">2. Artigos:<\/h3>\n\n\n\n<p>En b\u00falgaro, os artigos <a href=\"https:\/\/talkpal.ai\/locations\/language-courses-in-van\/\">van<\/a> unidos ao final do substantivo que modifican. Hai artigos determinados e indefinidos, e cambian segundo o x\u00e9nero e o n\u00famero do substantivo.<\/p>\n\n\n\n<h3 class=\"wp-block-heading\" id=\"h-3-pronouns-determiners\">3. Pronomes\/Determinadores:<\/h3>\n\n\n\n<p>O b\u00falgaro ten pronomes persoais, posesivos, demostrativos, interrogativos e relativos. Concordan en x\u00e9nero e n\u00famero co substantivo que substit\u00faen ou modifican. Os determinantes \u00fasanse para especificar ou cuantificar substantivos.<\/p>\n\n\n\n<h3 class=\"wp-block-heading\" id=\"h-4-adjectives\">4. Adxectivos:<\/h3>\n\n\n\n<p>Os adxectivos en b\u00falgaro coinciden en x\u00e9nero, n\u00famero e definici\u00f3n co substantivo que modifican. Te\u00f1en tres graos de comparaci\u00f3n: positivo, <a href=\"https:\/\/talkpal.ai\/pt-pt\/grammar_exercises\/comparacao-de-adjetivos-comparativo-e-superlativo-exercicios-de-gramatica-croata\/\">comparativo e superlativo<\/a>.<\/p>\n\n\n\n<h3 class=\"wp-block-heading\" id=\"h-5-adverbs\">5. Adverbios:<\/h3>\n\n\n\n<p>Os adverbios modifican verbos, adxectivos ou outros adverbios. Non cambian de forma e son esenciais para expresar tempo, lugar, xeito e grao.<\/p>\n\n\n\n<h3 class=\"wp-block-heading\" id=\"h-6-verbs\">6. Verbos:<\/h3>\n\n\n\n<p>Os verbos b\u00falgaros te\u00f1en tres conxugaci\u00f3ns principais e est\u00e1n flexionados para a persoa, o n\u00famero, o tempo, o estado de \u00e1nimo e a voz. Aprender a conxugaci\u00f3n correcta e comprender os diferentes aspectos verbais \u00e9 fundamental para unha correcta comunicaci\u00f3n.<\/p>\n\n\n\n<h3 class=\"wp-block-heading\" id=\"h-7-tenses\">7. Tempos:<\/h3>\n\n\n\n<p>O b\u00falgaro ten tres tempos principais: pasado, presente e futuro. Aprender a formar e usar estes tempos \u00e9 esencial para comprender e expresar o tempo en b\u00falgaro.<\/p>\n\n\n\n<h3 class=\"wp-block-heading\" id=\"h-8-tense-comparison\">8. Comparaci\u00f3n de tempo:<\/h3>\n\n\n\n<p>Poder comparar diferentes tempos \u00e9 importante para comprender frases complexas e expresar varias relaci\u00f3ns temporais en b\u00falgaro.<\/p>\n\n\n\n<h3 class=\"wp-block-heading\" id=\"h-9-progressive\">9. Progresivo:<\/h3>\n\n\n\n<p>O aspecto progresivo en b\u00falgaro \u00fasase para describir as acci\u00f3ns en curso. P\u00f3dese formar con verbos auxiliares e o participio presente do verbo principal.<\/p>\n\n\n\n<h3 class=\"wp-block-heading\" id=\"h-10-perfect-progressive\">10. Perfecto progresivo:<\/h3>\n\n\n\n<p>O aspecto progresivo perfecto combina os aspectos perfectos e progresivos para expresar acci\u00f3ns que comezaron no pasado, contin\u00faan no presente e poden continuar no futuro.<\/p>\n\n\n\n<h3 class=\"wp-block-heading\" id=\"h-11-conditionals\">11. Condicionais:<\/h3>\n\n\n\n<p>O b\u00falgaro ten tres tipos de condicionais: reais, irreais e potenciais. Util\u00edzanse para expresar situaci\u00f3ns hipot\u00e9ticas ou contrarias aos feitos, as\u00ed como para facer predici\u00f3ns ou dar consellos.<\/p>\n\n\n\n<h3 class=\"wp-block-heading\" id=\"h-12-prepositions\">12. Preposici\u00f3ns:<\/h3>\n\n\n\n<p>As preposici\u00f3ns son esenciais para expresar as relaci\u00f3ns entre palabras nunha oraci\u00f3n. Util\u00edzanse para indicar localizaci\u00f3n, hora, direcci\u00f3n, causa e outras relaci\u00f3ns.<\/p>\n\n\n\n<h3 class=\"wp-block-heading\" id=\"h-13-sentences\">13. Oraci\u00f3ns:<\/h3>\n\n\n\n<p>Aprender a formar frases sinxelas e complexas en b\u00falgaro \u00e9 fundamental para unha comunicaci\u00f3n eficaz. Isto incl\u00fae comprender a orde correcta das palabras, o acordo suxeito-verbo e o uso de conxunci\u00f3ns e outras estruturas oracionais.<\/p>\n<\/div><\/div>\n\r\n<section class=\"learnNavigationSection\">\r\n            \r\n        <a href=\"https:\/\/talkpal.ai\/gl\/aprende-bulgaro\/\">\r\n            <div class=\"learnNavigationWrapper\">\r\n                <div class=\"learnNavigationContent\">\r\n                    <img decoding=\"async\" src=\"https:\/\/talkpal.ai\/wp-content\/uploads\/2024\/08\/Bulgarian.jpg\" alt=\"Bulgarian Flag\">\r\n                    <div>\r\n                        <h4>Sobre a aprendizaxe do b\u00falgaro<\/h4>\r\n                        <p>Descubre todo sobre a gram\u00e1tica b\u00falgara.<\/p>\r\n                    <\/div>\r\n                <\/div>\r\n            <\/div>\r\n        <\/a>\r\n\r\n        \r\n        <a href=\"https:\/\/talkpal.ai\/gl\/gramatica-bulgara\/\">\r\n            <div class=\"learnNavigationWrapper\">\r\n                <div class=\"learnNavigationContent\">\r\n                    <img decoding=\"async\" src=\"https:\/\/talkpal.ai\/wp-content\/uploads\/2024\/08\/Bulgarian.jpg\" alt=\"Bulgarian Flag\">\r\n                    <div>\r\n                        <h4>Clases de gram\u00e1tica b\u00falgara<\/h4>\r\n                        <p>Practica a gram\u00e1tica b\u00falgara.<\/p>\r\n                    <\/div>\r\n                <\/div>\r\n            <\/div>\r\n        <\/a>\r\n\r\n        \r\n        <a href=\"https:\/\/talkpal.ai\/vocabulary_language\/bulgarian\/\">\r\n            <div class=\"learnNavigationWrapper\">\r\n                <div class=\"learnNavigationContent\">\r\n                    <img decoding=\"async\" src=\"https:\/\/talkpal.ai\/wp-content\/uploads\/2024\/08\/Bulgarian.jpg\" alt=\"Bulgarian Flag\">\r\n                    <div>\r\n                        <h4>Vocabulario b\u00falgaro<\/h4>\r\n                        <p>Ampl\u00eda o teu vocabulario b\u00falgaro.<\/p>\r\n                    <\/div>\r\n                <\/div>\r\n            <\/div>\r\n        <\/a>\r\n\r\n            <\/section>","protected":false},"excerpt":{"rendered":"<p>Temas de gram\u00e1tica b\u00falgara O b\u00falgaro \u00e9 unha lingua eslava do sur falada principalmente en Bulgaria e polas comunidades b\u00falgaras dos pa\u00edses veci\u00f1os. Como lingua oficial de Bulgaria, xoga un papel vital na cultura, historia e vida coti\u00e1 do pa\u00eds. Aprender b\u00falgaro pode ser unha experiencia gratificante, xa que che permite explorar a rica literatura, [&hellip;]<\/p>\n","protected":false},"author":6,"featured_media":111287,"parent":0,"menu_order":0,"comment_status":"closed","ping_status":"closed","template":"LearningContentPage.php","meta":{"_acf_changed":false,"footnotes":""},"class_list":["post-164698","page","type-page","status-publish","has-post-thumbnail","hentry"],"acf":[],"yoast_head":"<!-- This site is optimized with the Yoast SEO Premium plugin v27.2 (Yoast SEO v27.2) - https:\/\/yoast.com\/product\/yoast-seo-premium-wordpress\/ -->\n<title>Exercicios de gram\u00e1tica b\u00falgara - Talkpal<\/title>\n<meta name=\"description\" content=\"Mellora as t\u00faas habilidades ling\u00fc\u00edsticas con exercicios de gram\u00e1tica b\u00falgara. Domina a gram\u00e1tica para unha base s\u00f3lida en b\u00falgaro.\" \/>\n<meta name=\"robots\" content=\"index, follow, max-snippet:-1, max-image-preview:large, max-video-preview:-1\" \/>\n<link rel=\"canonical\" href=\"https:\/\/talkpal.ai\/gl\/exercicios-de-gramatica-bulgara\/\" \/>\n<meta property=\"og:locale\" content=\"gl_ES\" \/>\n<meta property=\"og:type\" content=\"article\" \/>\n<meta property=\"og:title\" content=\"Exercicios de gram\u00e1tica b\u00falgara\" \/>\n<meta property=\"og:description\" content=\"Temas de gram\u00e1tica b\u00falgara O b\u00falgaro \u00e9 unha lingua eslava do sur falada principalmente en Bulgaria e polas comunidades b\u00falgaras dos pa\u00edses veci\u00f1os. Como\" \/>\n<meta property=\"og:url\" content=\"https:\/\/talkpal.ai\/gl\/exercicios-de-gramatica-bulgara\/\" \/>\n<meta property=\"og:site_name\" content=\"Talkpal\" \/>\n<meta property=\"article:publisher\" content=\"https:\/\/www.facebook.com\/profile.php?id=100090733639311\" \/>\n<meta property=\"article:modified_time\" content=\"2025-05-23T12:00:26+00:00\" \/>\n<meta property=\"og:image\" content=\"https:\/\/talkpal.ai\/wp-content\/uploads\/2023\/05\/bulgaria.png\" \/>\n\t<meta property=\"og:image:width\" content=\"512\" \/>\n\t<meta property=\"og:image:height\" content=\"512\" \/>\n\t<meta property=\"og:image:type\" content=\"image\/png\" \/>\n<meta name=\"twitter:card\" content=\"summary_large_image\" \/>\n<meta name=\"twitter:site\" content=\"@talkpalai\" \/>\n<meta name=\"twitter:label1\" content=\"Tempo de lectura\" \/>\n\t<meta name=\"twitter:data1\" content=\"3 minutos\" \/>\n<script type=\"application\/ld+json\" class=\"yoast-schema-graph\">{\"@context\":\"https:\/\/schema.org\",\"@graph\":[{\"@type\":\"WebPage\",\"@id\":\"https:\/\/talkpal.ai\/gl\/exercicios-de-gramatica-bulgara\/\",\"url\":\"https:\/\/talkpal.ai\/gl\/exercicios-de-gramatica-bulgara\/\",\"name\":\"Exercicios de gram\u00e1tica b\u00falgara - Talkpal\",\"isPartOf\":{\"@id\":\"https:\/\/talkpal.ai\/gl\/#website\"},\"primaryImageOfPage\":{\"@id\":\"https:\/\/talkpal.ai\/gl\/exercicios-de-gramatica-bulgara\/#primaryimage\"},\"image\":{\"@id\":\"https:\/\/talkpal.ai\/gl\/exercicios-de-gramatica-bulgara\/#primaryimage\"},\"thumbnailUrl\":\"https:\/\/talkpal.ai\/wp-content\/uploads\/2023\/05\/bulgaria.png\",\"datePublished\":\"2023-06-16T12:39:48+00:00\",\"dateModified\":\"2025-05-23T12:00:26+00:00\",\"description\":\"Mellora as t\u00faas habilidades ling\u00fc\u00edsticas con exercicios de gram\u00e1tica b\u00falgara. Domina a gram\u00e1tica para unha base s\u00f3lida en b\u00falgaro.\",\"breadcrumb\":{\"@id\":\"https:\/\/talkpal.ai\/gl\/exercicios-de-gramatica-bulgara\/#breadcrumb\"},\"inLanguage\":\"gl-ES\",\"potentialAction\":[{\"@type\":\"ReadAction\",\"target\":[\"https:\/\/talkpal.ai\/gl\/exercicios-de-gramatica-bulgara\/\"]}]},{\"@type\":\"ImageObject\",\"inLanguage\":\"gl-ES\",\"@id\":\"https:\/\/talkpal.ai\/gl\/exercicios-de-gramatica-bulgara\/#primaryimage\",\"url\":\"https:\/\/talkpal.ai\/wp-content\/uploads\/2023\/05\/bulgaria.png\",\"contentUrl\":\"https:\/\/talkpal.ai\/wp-content\/uploads\/2023\/05\/bulgaria.png\",\"width\":512,\"height\":512},{\"@type\":\"BreadcrumbList\",\"@id\":\"https:\/\/talkpal.ai\/gl\/exercicios-de-gramatica-bulgara\/#breadcrumb\",\"itemListElement\":[{\"@type\":\"ListItem\",\"position\":1,\"name\":\"Homepage\",\"item\":\"https:\/\/talkpal.ai\/gl\/\"},{\"@type\":\"ListItem\",\"position\":2,\"name\":\"Exercicios de gram\u00e1tica b\u00falgara\"}]},{\"@type\":\"WebSite\",\"@id\":\"https:\/\/talkpal.ai\/gl\/#website\",\"url\":\"https:\/\/talkpal.ai\/gl\/\",\"name\":\"Talkpal\",\"description\":\"AI Language Learning\",\"publisher\":{\"@id\":\"https:\/\/talkpal.ai\/gl\/#organization\"},\"alternateName\":\"Talkpal AI\",\"potentialAction\":[{\"@type\":\"SearchAction\",\"target\":{\"@type\":\"EntryPoint\",\"urlTemplate\":\"https:\/\/talkpal.ai\/gl\/?s={search_term_string}\"},\"query-input\":{\"@type\":\"PropertyValueSpecification\",\"valueRequired\":true,\"valueName\":\"search_term_string\"}}],\"inLanguage\":\"gl-ES\"},{\"@type\":\"Organization\",\"@id\":\"https:\/\/talkpal.ai\/gl\/#organization\",\"name\":\"Talkpal, Inc.\",\"alternateName\":\"Talkpal AI\",\"url\":\"https:\/\/talkpal.ai\/gl\/\",\"logo\":{\"@type\":\"ImageObject\",\"inLanguage\":\"gl-ES\",\"@id\":\"https:\/\/talkpal.ai\/gl\/#\/schema\/logo\/image\/\",\"url\":\"https:\/\/talkpal.ai\/wp-content\/uploads\/2024\/03\/Talkpal-Logo-Icon.png\",\"contentUrl\":\"https:\/\/talkpal.ai\/wp-content\/uploads\/2024\/03\/Talkpal-Logo-Icon.png\",\"width\":2880,\"height\":2880,\"caption\":\"Talkpal, Inc.\"},\"image\":{\"@id\":\"https:\/\/talkpal.ai\/gl\/#\/schema\/logo\/image\/\"},\"sameAs\":[\"https:\/\/www.facebook.com\/profile.php?id=100090733639311\",\"https:\/\/x.com\/talkpalai\",\"https:\/\/www.linkedin.com\/company\/talkpal\/\",\"https:\/\/www.youtube.com\/@TalkPal\/\",\"https:\/\/www.tiktok.com\/@talkpal\",\"https:\/\/www.instagram.com\/talkpal_ai\/\",\"https:\/\/www.crunchbase.com\/organization\/talkpal-9cde\",\"https:\/\/www.g2.com\/products\/talkpal-for-business\/\",\"https:\/\/www.trustpilot.com\/review\/talkpal.ai\",\"https:\/\/www.capterra.com\/p\/10006800\/TalkPal\/\"],\"description\":\"Talkpal is a language learning web and mobile education app, powered by the latest AI technologies, that provides engaging experiences to its customers in many different languages to help them improve their language skills. Users can chat about unlimited amount of topics with the app and use other modes to practice their language learning.\",\"email\":\"support@talkpal.ai\",\"legalName\":\"Talkpal, Inc.\",\"foundingDate\":\"2023-04-03\",\"duns\":\"118989042\",\"numberOfEmployees\":{\"@type\":\"QuantitativeValue\",\"minValue\":\"11\",\"maxValue\":\"50\"},\"publishingPrinciples\":\"https:\/\/talkpal.ai\/publishing-principles\/\",\"actionableFeedbackPolicy\":\"https:\/\/talkpal.ai\/actionable-feedback-policy\/\",\"correctionsPolicy\":\"https:\/\/talkpal.ai\/corrections-policy\/\",\"ethicsPolicy\":\"https:\/\/talkpal.ai\/ethics-policy\/\",\"diversityPolicy\":\"https:\/\/talkpal.ai\/diversity-policy\/\",\"diversityStaffingReport\":\"https:\/\/talkpal.ai\/diversity-policy\/\"}]}<\/script>\n<!-- \/ Yoast SEO Premium plugin. -->","yoast_head_json":{"title":"Exercicios de gram\u00e1tica b\u00falgara - Talkpal","description":"Mellora as t\u00faas habilidades ling\u00fc\u00edsticas con exercicios de gram\u00e1tica b\u00falgara. Domina a gram\u00e1tica para unha base s\u00f3lida en b\u00falgaro.","robots":{"index":"index","follow":"follow","max-snippet":"max-snippet:-1","max-image-preview":"max-image-preview:large","max-video-preview":"max-video-preview:-1"},"canonical":"https:\/\/talkpal.ai\/gl\/exercicios-de-gramatica-bulgara\/","og_locale":"gl_ES","og_type":"article","og_title":"Exercicios de gram\u00e1tica b\u00falgara","og_description":"Temas de gram\u00e1tica b\u00falgara O b\u00falgaro \u00e9 unha lingua eslava do sur falada principalmente en Bulgaria e polas comunidades b\u00falgaras dos pa\u00edses veci\u00f1os. Como","og_url":"https:\/\/talkpal.ai\/gl\/exercicios-de-gramatica-bulgara\/","og_site_name":"Talkpal","article_publisher":"https:\/\/www.facebook.com\/profile.php?id=100090733639311","article_modified_time":"2025-05-23T12:00:26+00:00","og_image":[{"width":512,"height":512,"url":"https:\/\/talkpal.ai\/wp-content\/uploads\/2023\/05\/bulgaria.png","type":"image\/png"}],"twitter_card":"summary_large_image","twitter_site":"@talkpalai","twitter_misc":{"Tempo de lectura":"3 minutos"},"schema":{"@context":"https:\/\/schema.org","@graph":[{"@type":"WebPage","@id":"https:\/\/talkpal.ai\/gl\/exercicios-de-gramatica-bulgara\/","url":"https:\/\/talkpal.ai\/gl\/exercicios-de-gramatica-bulgara\/","name":"Exercicios de gram\u00e1tica b\u00falgara - Talkpal","isPartOf":{"@id":"https:\/\/talkpal.ai\/gl\/#website"},"primaryImageOfPage":{"@id":"https:\/\/talkpal.ai\/gl\/exercicios-de-gramatica-bulgara\/#primaryimage"},"image":{"@id":"https:\/\/talkpal.ai\/gl\/exercicios-de-gramatica-bulgara\/#primaryimage"},"thumbnailUrl":"https:\/\/talkpal.ai\/wp-content\/uploads\/2023\/05\/bulgaria.png","datePublished":"2023-06-16T12:39:48+00:00","dateModified":"2025-05-23T12:00:26+00:00","description":"Mellora as t\u00faas habilidades ling\u00fc\u00edsticas con exercicios de gram\u00e1tica b\u00falgara. Domina a gram\u00e1tica para unha base s\u00f3lida en b\u00falgaro.","breadcrumb":{"@id":"https:\/\/talkpal.ai\/gl\/exercicios-de-gramatica-bulgara\/#breadcrumb"},"inLanguage":"gl-ES","potentialAction":[{"@type":"ReadAction","target":["https:\/\/talkpal.ai\/gl\/exercicios-de-gramatica-bulgara\/"]}]},{"@type":"ImageObject","inLanguage":"gl-ES","@id":"https:\/\/talkpal.ai\/gl\/exercicios-de-gramatica-bulgara\/#primaryimage","url":"https:\/\/talkpal.ai\/wp-content\/uploads\/2023\/05\/bulgaria.png","contentUrl":"https:\/\/talkpal.ai\/wp-content\/uploads\/2023\/05\/bulgaria.png","width":512,"height":512},{"@type":"BreadcrumbList","@id":"https:\/\/talkpal.ai\/gl\/exercicios-de-gramatica-bulgara\/#breadcrumb","itemListElement":[{"@type":"ListItem","position":1,"name":"Homepage","item":"https:\/\/talkpal.ai\/gl\/"},{"@type":"ListItem","position":2,"name":"Exercicios de gram\u00e1tica b\u00falgara"}]},{"@type":"WebSite","@id":"https:\/\/talkpal.ai\/gl\/#website","url":"https:\/\/talkpal.ai\/gl\/","name":"Talkpal","description":"AI Language Learning","publisher":{"@id":"https:\/\/talkpal.ai\/gl\/#organization"},"alternateName":"Talkpal AI","potentialAction":[{"@type":"SearchAction","target":{"@type":"EntryPoint","urlTemplate":"https:\/\/talkpal.ai\/gl\/?s={search_term_string}"},"query-input":{"@type":"PropertyValueSpecification","valueRequired":true,"valueName":"search_term_string"}}],"inLanguage":"gl-ES"},{"@type":"Organization","@id":"https:\/\/talkpal.ai\/gl\/#organization","name":"Talkpal, Inc.","alternateName":"Talkpal AI","url":"https:\/\/talkpal.ai\/gl\/","logo":{"@type":"ImageObject","inLanguage":"gl-ES","@id":"https:\/\/talkpal.ai\/gl\/#\/schema\/logo\/image\/","url":"https:\/\/talkpal.ai\/wp-content\/uploads\/2024\/03\/Talkpal-Logo-Icon.png","contentUrl":"https:\/\/talkpal.ai\/wp-content\/uploads\/2024\/03\/Talkpal-Logo-Icon.png","width":2880,"height":2880,"caption":"Talkpal, Inc."},"image":{"@id":"https:\/\/talkpal.ai\/gl\/#\/schema\/logo\/image\/"},"sameAs":["https:\/\/www.facebook.com\/profile.php?id=100090733639311","https:\/\/x.com\/talkpalai","https:\/\/www.linkedin.com\/company\/talkpal\/","https:\/\/www.youtube.com\/@TalkPal\/","https:\/\/www.tiktok.com\/@talkpal","https:\/\/www.instagram.com\/talkpal_ai\/","https:\/\/www.crunchbase.com\/organization\/talkpal-9cde","https:\/\/www.g2.com\/products\/talkpal-for-business\/","https:\/\/www.trustpilot.com\/review\/talkpal.ai","https:\/\/www.capterra.com\/p\/10006800\/TalkPal\/"],"description":"Talkpal is a language learning web and mobile education app, powered by the latest AI technologies, that provides engaging experiences to its customers in many different languages to help them improve their language skills. Users can chat about unlimited amount of topics with the app and use other modes to practice their language learning.","email":"support@talkpal.ai","legalName":"Talkpal, Inc.","foundingDate":"2023-04-03","duns":"118989042","numberOfEmployees":{"@type":"QuantitativeValue","minValue":"11","maxValue":"50"},"publishingPrinciples":"https:\/\/talkpal.ai\/publishing-principles\/","actionableFeedbackPolicy":"https:\/\/talkpal.ai\/actionable-feedback-policy\/","correctionsPolicy":"https:\/\/talkpal.ai\/corrections-policy\/","ethicsPolicy":"https:\/\/talkpal.ai\/ethics-policy\/","diversityPolicy":"https:\/\/talkpal.ai\/diversity-policy\/","diversityStaffingReport":"https:\/\/talkpal.ai\/diversity-policy\/"}]}},"_links":{"self":[{"href":"https:\/\/talkpal.ai\/gl\/wp-json\/wp\/v2\/pages\/164698","targetHints":{"allow":["GET"]}}],"collection":[{"href":"https:\/\/talkpal.ai\/gl\/wp-json\/wp\/v2\/pages"}],"about":[{"href":"https:\/\/talkpal.ai\/gl\/wp-json\/wp\/v2\/types\/page"}],"author":[{"embeddable":true,"href":"https:\/\/talkpal.ai\/gl\/wp-json\/wp\/v2\/users\/6"}],"replies":[{"embeddable":true,"href":"https:\/\/talkpal.ai\/gl\/wp-json\/wp\/v2\/comments?post=164698"}],"version-history":[{"count":0,"href":"https:\/\/talkpal.ai\/gl\/wp-json\/wp\/v2\/pages\/164698\/revisions"}],"wp:featuredmedia":[{"embeddable":true,"href":"https:\/\/talkpal.ai\/gl\/wp-json\/wp\/v2\/media\/111287"}],"wp:attachment":[{"href":"https:\/\/talkpal.ai\/gl\/wp-json\/wp\/v2\/media?parent=164698"}],"curies":[{"name":"wp","href":"https:\/\/api.w.org\/{rel}","templated":true}]}}