{"id":164040,"date":"2023-06-16T13:02:09","date_gmt":"2023-06-16T13:02:09","guid":{"rendered":"http:\/\/talkpal.ai\/exercicios-de-gramatica-croata\/"},"modified":"2025-12-17T16:26:42","modified_gmt":"2025-12-17T16:26:42","slug":"exercicios-de-gramatica-croata","status":"publish","type":"page","link":"https:\/\/talkpal.ai\/gl\/exercicios-de-gramatica-croata\/","title":{"rendered":"Exercicios de gram\u00e1tica croata"},"content":{"rendered":"\r\n\r\n\r\n<section class=\"languageChallengeSection\">\r\n    <div class=\"languageInfoWrapper\">\r\n        \r\n        <h1>Exercicios de gram\u00e1tica croata<\/h1>\r\n        <p>Queres ga\u00f1ar m\u00e1is confianza en <a href=\"https:\/\/talkpal.ai\/learn-croatian\/\">croata<\/a>? Practicar exercicios de gram\u00e1tica axudarache a dominar a estrutura das frases, as formas verbais e as caracter\u00edsticas \u00fanicas da lingua croata. Comeza a explorar a <a href=\"https:\/\/talkpal.ai\/es\/gramatica-croata\/\">gram\u00e1tica croata<\/a> hoxe mesmo e observa <a href=\"https:\/\/talkpal.ai\/locations\/language-courses-in-como\/\">como<\/a> melloran as t\u00faas habilidades e fluidez con cada novo exercicio!\n\n<\/p>\r\n\r\n                            <a class=\"getStartedHidden\" href=\"https:\/\/app.talkpal.ai\/signup?lng=\">Empeza<\/a>\r\n        \r\n    <\/div>\r\n\r\n    <figure>\r\n    <img decoding=\"async\" width=\"768\" height=\"768\" src=\"https:\/\/talkpal.ai\/wp-content\/uploads\/2023\/06\/croatian-768x768.png\" class=\"languageImage no-lazy\" alt=\"Language learning for successful interaction\" fetchpriority=\"high\" sizes=\"(max-width: 768px) 150px, 768px\" srcset=\"https:\/\/talkpal.ai\/wp-content\/uploads\/2023\/06\/croatian-768x768.png 768w, https:\/\/talkpal.ai\/wp-content\/uploads\/2023\/06\/croatian-300x300.png 300w\" \/>\r\n    \r\n\r\n    <\/figure>\r\n\r\n            <a class=\"getStartedVisible\" href=\"https:\/\/app.talkpal.ai\/signup?lng=\">Empeza<\/a>\r\n    \r\n<\/section>\r\n\r\n\r\n<!-- <section class=\"grammarSection\">\r\n    <div class=\"grammarLinks\">\r\n            <\/div>\r\n<\/section> -->\r\n\r\n\r\n\r\n\r\n<section class=\"promotionalBanner\">\r\n    <p class=\"promotionalText\">A forma m\u00e1is eficaz de aprender un idioma<\/p>\r\n    <a class=\"promotionalLink\" href=\"https:\/\/app.talkpal.ai\/signup?lng=\">Proba Talkpal de balde<\/a>\r\n<\/section>\n<div class=\"wp-block-group pageContainerStyle\"><div class=\"wp-block-group__inner-container is-layout-constrained wp-block-group-is-layout-constrained\">\n<h2 class=\"wp-block-heading\" id=\"h-croatian-grammar-topics\">Temas de gram\u00e1tica croata<\/h2>\n\n\n\n<p>O croata, unha lingua eslava do sur, \u00e9 a lingua oficial de Croacia e unha das linguas oficiais de <a href=\"https:\/\/talkpal.ai\/learn-bosnian\/\">Bosnia<\/a> e Hercegovina. \u00c9 unha lingua complexa e rica, cunha longa historia e un sistema gramatical \u00fanico. Para os <a href=\"https:\/\/talkpal.ai\/talkpal-discount-for-students\/\">estudantes<\/a>, \u00e9 esencial comprender os aspectos fundamentais da gram\u00e1tica croata para ser competentes na lingua. Esta gu\u00eda axudarache a navegar polos temas gramaticais clave, como tempos, verbos, substantivos e moito m\u00e1is, nunha secuencia que facilitar\u00e1 o teu proceso de <a href=\"https:\/\/talkpal.ai\/gl\/aprendizaxe\/\">aprendizaxe<\/a> e proporcionar\u00e1 unha base s\u00f3lida para dominar esta fermosa lingua.<\/p>\n\n\n\n<h3 class=\"wp-block-heading\" id=\"h-1-nouns\">1. Substantivos:<\/h3>\n\n\n\n<p>Os substantivos son o primeiro bloque de construci\u00f3n de calquera lingua, e os substantivos croatas te\u00f1en tres x\u00e9neros: masculino, feminino e neutro, que afectan a declinaci\u00f3n e a concordancia con adxectivos e pronomes. Familiarizarse cos distintos x\u00e9neros e as s\u00faas respectivas terminaci\u00f3ns.<\/p>\n\n\n\n<h3 class=\"wp-block-heading\" id=\"h-2-articles\">2. Artigos:<\/h3>\n\n\n\n<p>O croata non ten artigos como &#8220;o&#8221; ou &#8220;a&#8221; en <a href=\"https:\/\/talkpal.ai\/es\/locations\/aprende-ingles-en-orange\/\">ingl\u00e9s<\/a>, polo que \u00e9 m\u00e1is f\u00e1cil que os principiantes comecen a constru\u00edr frases sinxelas sen preocuparse polo uso do artigo.<\/p>\n\n\n\n<h3 class=\"wp-block-heading\" id=\"h-3-pronouns-determiners\">3. Pronomes\/Determinadores:<\/h3>\n\n\n\n<p>Os pronomes \u00fasanse para substitu\u00edr os substantivos nas oraci\u00f3ns, mentres que os determinantes indican a especificidade dun substantivo. Co\u00f1ecer os distintos tipos de pronomes (persoais, posesivos, demostrativos, etc.) e a s\u00faa declinaci\u00f3n segundo o x\u00e9nero, o n\u00famero e o caso.<\/p>\n\n\n\n<h3 class=\"wp-block-heading\" id=\"h-4-adjectives\">4. Adxectivos:<\/h3>\n\n\n\n<p>Os adxectivos describen as calidades dos substantivos e concordan co x\u00e9nero, n\u00famero e caso do substantivo que modifican. Co\u00f1ecer as formas b\u00e1sicas e os patr\u00f3ns de declinaci\u00f3n dos adxectivos.<\/p>\n\n\n\n<h3 class=\"wp-block-heading\" id=\"h-5-verbs\">5. Verbos:<\/h3>\n\n\n\n<p>Os verbos son o n\u00facleo de calquera oraci\u00f3n, expresando acci\u00f3ns ou estados. Os verbos croatas conx\u00faganse segundo o tempo, o estado de \u00e1nimo, a voz e a persoa. Comeza cos verbos regulares m\u00e1is com\u00fans e os seus patr\u00f3ns de conxugaci\u00f3n en tempo presente.<\/p>\n\n\n\n<h3 class=\"wp-block-heading\" id=\"h-6-tenses\">6. Tempos:<\/h3>\n\n\n\n<p>O croata ten sete tempos: presente, futuro I, futuro II, pasado, pluperfecto, aoristo e imperfecto. Comeza co tempo presente e despois pasa aos tempos pasados \u200b\u200be futuros, aprendendo os patr\u00f3ns de conxugaci\u00f3n para cada un.<\/p>\n\n\n\n<h3 class=\"wp-block-heading\" id=\"h-7-tense-comparison\">7. Comparaci\u00f3n de tempo:<\/h3>\n\n\n\n<p>Comprender as diferenzas e semellanzas entre os tempos \u00e9 fundamental para dominar o croata. Compara os tempos e practica o seu uso no contexto.<\/p>\n\n\n\n<h3 class=\"wp-block-heading\" id=\"h-8-progressive\">8. Progresivo:<\/h3>\n\n\n\n<p>O aspecto progresivo expresa acci\u00f3ns que son continuas ou continuas. O croata non ten unha forma progresiva separada como o ingl\u00e9s, pero pode transmitir o significado progresivo utilizando formas verbais, adverbios ou construci\u00f3ns espec\u00edficas.<\/p>\n\n\n\n<h3 class=\"wp-block-heading\" id=\"h-9-perfect-progressive\">9. Perfecto progresivo:<\/h3>\n\n\n\n<p>Este aspecto combina os significados perfecto e progresivo. En croata, expr\u00e9sase usando o tempo perfecto cunha forma verbal ou construci\u00f3n espec\u00edfica que indica acci\u00f3n continua.<\/p>\n\n\n\n<h3 class=\"wp-block-heading\" id=\"h-10-adverbs\">10. Adverbios:<\/h3>\n\n\n\n<p>Os adverbios modifican verbos, adxectivos ou outros adverbios, e normalmente indican xeito, lugar, tempo ou grao. Aprende os adverbios croatas m\u00e1is com\u00fans e a s\u00faa colocaci\u00f3n nas frases.<\/p>\n\n\n\n<h3 class=\"wp-block-heading\" id=\"h-11-prepositions\">11. Preposici\u00f3ns:<\/h3>\n\n\n\n<p>As preposici\u00f3ns \u00fasanse para indicar relaci\u00f3ns entre palabras, como localizaci\u00f3n, direcci\u00f3n, tempo ou posesi\u00f3n. Aprende as preposici\u00f3ns croatas m\u00e1is com\u00fans e os casos que rexen.<\/p>\n\n\n\n<h3 class=\"wp-block-heading\" id=\"h-12-conditionals\">12. Condicionais:<\/h3>\n\n\n\n<p>Os condicionais expresan situaci\u00f3ns ou condici\u00f3ns hipot\u00e9ticas e as s\u00faas consecuencias. O croata ten tres tipos de condicionais: reais, irreais e mixtos. Aprender a formaci\u00f3n e uso de cada tipo.<\/p>\n\n\n\n<h3 class=\"wp-block-heading\" id=\"h-13-sentences\">13. Oraci\u00f3ns:<\/h3>\n\n\n\n<p>Por \u00faltimo, practica a combinaci\u00f3n de todos os elementos gramaticais que aprendiches para constru\u00edr frases sinxelas e complexas en croata. Isto axudarache a desenvolver a t\u00faa fluidez ling\u00fc\u00edstica e a comprensi\u00f3n da gram\u00e1tica croata no seu conxunto.<\/p>\n<\/div><\/div>\n\r\n<section class=\"learnNavigationSection\">\r\n            \r\n        <a href=\"https:\/\/talkpal.ai\/gl\/aprende-croata\/\">\r\n            <div class=\"learnNavigationWrapper\">\r\n                <div class=\"learnNavigationContent\">\r\n                    <img decoding=\"async\" src=\"https:\/\/talkpal.ai\/wp-content\/uploads\/2024\/08\/Croatian.jpg\" alt=\"Croatian Flag\">\r\n                    <div>\r\n                        <h4>Sobre a aprendizaxe de croata<\/h4>\r\n                        <p>Descubre todo sobre a gram\u00e1tica croata.<\/p>\r\n                    <\/div>\r\n                <\/div>\r\n            <\/div>\r\n        <\/a>\r\n\r\n        \r\n        <a href=\"https:\/\/talkpal.ai\/gl\/gramatica-croata\/\">\r\n            <div class=\"learnNavigationWrapper\">\r\n                <div class=\"learnNavigationContent\">\r\n                    <img decoding=\"async\" src=\"https:\/\/talkpal.ai\/wp-content\/uploads\/2024\/08\/Croatian.jpg\" alt=\"Croatian Flag\">\r\n                    <div>\r\n                        <h4>Clases de gram\u00e1tica croata<\/h4>\r\n                        <p>Practica a gram\u00e1tica croata .<\/p>\r\n                    <\/div>\r\n                <\/div>\r\n            <\/div>\r\n        <\/a>\r\n\r\n        \r\n        <a href=\"https:\/\/talkpal.ai\/vocabulary_language\/croatian\/\">\r\n            <div class=\"learnNavigationWrapper\">\r\n                <div class=\"learnNavigationContent\">\r\n                    <img decoding=\"async\" src=\"https:\/\/talkpal.ai\/wp-content\/uploads\/2024\/08\/Croatian.jpg\" alt=\"Croatian Flag\">\r\n                    <div>\r\n                        <h4>Vocabulario croata<\/h4>\r\n                        <p>Ampl\u00eda o teu vocabulario croata.<\/p>\r\n                    <\/div>\r\n                <\/div>\r\n            <\/div>\r\n        <\/a>\r\n\r\n            <\/section>","protected":false},"excerpt":{"rendered":"<p>Temas de gram\u00e1tica croata O croata, unha lingua eslava do sur, \u00e9 a lingua oficial de Croacia e unha das linguas oficiais de Bosnia e Hercegovina. \u00c9 unha lingua complexa e rica, cunha longa historia e un sistema gramatical \u00fanico. Para os estudantes, \u00e9 esencial comprender os aspectos fundamentais da gram\u00e1tica croata para ser competentes [&hellip;]<\/p>\n","protected":false},"author":6,"featured_media":110259,"parent":0,"menu_order":0,"comment_status":"closed","ping_status":"closed","template":"LearningContentPage.php","meta":{"_acf_changed":false,"footnotes":""},"class_list":["post-164040","page","type-page","status-publish","has-post-thumbnail","hentry"],"acf":[],"yoast_head":"<!-- This site is optimized with the Yoast SEO Premium plugin v27.2 (Yoast SEO v27.2) - https:\/\/yoast.com\/product\/yoast-seo-premium-wordpress\/ -->\n<title>Exercicios de gram\u00e1tica croata - Talkpal<\/title>\n<meta name=\"description\" content=\"Domina o croata con exercicios de gram\u00e1tica croata eficaces que simplifican a aprendizaxe de tempos verbais, verbos e substantivos para os usuarios.\" \/>\n<meta name=\"robots\" content=\"index, follow, max-snippet:-1, max-image-preview:large, max-video-preview:-1\" \/>\n<link rel=\"canonical\" href=\"https:\/\/talkpal.ai\/gl\/exercicios-de-gramatica-croata\/\" \/>\n<meta property=\"og:locale\" content=\"gl_ES\" \/>\n<meta property=\"og:type\" content=\"article\" \/>\n<meta property=\"og:title\" content=\"Exercicios de gram\u00e1tica croata\" \/>\n<meta property=\"og:description\" content=\"Temas de gram\u00e1tica croata O croata, unha lingua eslava do sur, \u00e9 a lingua oficial de Croacia e unha das linguas oficiais de Bosnia e Hercegovina. \u00c9 unha\" \/>\n<meta property=\"og:url\" content=\"https:\/\/talkpal.ai\/gl\/exercicios-de-gramatica-croata\/\" \/>\n<meta property=\"og:site_name\" content=\"Talkpal\" \/>\n<meta property=\"article:publisher\" content=\"https:\/\/www.facebook.com\/profile.php?id=100090733639311\" \/>\n<meta property=\"article:modified_time\" content=\"2025-12-17T16:26:42+00:00\" \/>\n<meta property=\"og:image\" content=\"https:\/\/talkpal.ai\/wp-content\/uploads\/2023\/05\/croatia.png\" \/>\n\t<meta property=\"og:image:width\" content=\"512\" \/>\n\t<meta property=\"og:image:height\" content=\"512\" \/>\n\t<meta property=\"og:image:type\" content=\"image\/png\" \/>\n<meta name=\"twitter:card\" content=\"summary_large_image\" \/>\n<meta name=\"twitter:site\" content=\"@talkpalai\" \/>\n<meta name=\"twitter:label1\" content=\"Tempo de lectura\" \/>\n\t<meta name=\"twitter:data1\" content=\"3 minutos\" \/>\n<script type=\"application\/ld+json\" class=\"yoast-schema-graph\">{\"@context\":\"https:\/\/schema.org\",\"@graph\":[{\"@type\":\"WebPage\",\"@id\":\"https:\/\/talkpal.ai\/gl\/exercicios-de-gramatica-croata\/\",\"url\":\"https:\/\/talkpal.ai\/gl\/exercicios-de-gramatica-croata\/\",\"name\":\"Exercicios de gram\u00e1tica croata - Talkpal\",\"isPartOf\":{\"@id\":\"https:\/\/talkpal.ai\/gl\/#website\"},\"primaryImageOfPage\":{\"@id\":\"https:\/\/talkpal.ai\/gl\/exercicios-de-gramatica-croata\/#primaryimage\"},\"image\":{\"@id\":\"https:\/\/talkpal.ai\/gl\/exercicios-de-gramatica-croata\/#primaryimage\"},\"thumbnailUrl\":\"https:\/\/talkpal.ai\/wp-content\/uploads\/2023\/05\/croatia.png\",\"datePublished\":\"2023-06-16T13:02:09+00:00\",\"dateModified\":\"2025-12-17T16:26:42+00:00\",\"description\":\"Domina o croata con exercicios de gram\u00e1tica croata eficaces que simplifican a aprendizaxe de tempos verbais, verbos e substantivos para os usuarios.\",\"breadcrumb\":{\"@id\":\"https:\/\/talkpal.ai\/gl\/exercicios-de-gramatica-croata\/#breadcrumb\"},\"inLanguage\":\"gl-ES\",\"potentialAction\":[{\"@type\":\"ReadAction\",\"target\":[\"https:\/\/talkpal.ai\/gl\/exercicios-de-gramatica-croata\/\"]}]},{\"@type\":\"ImageObject\",\"inLanguage\":\"gl-ES\",\"@id\":\"https:\/\/talkpal.ai\/gl\/exercicios-de-gramatica-croata\/#primaryimage\",\"url\":\"https:\/\/talkpal.ai\/wp-content\/uploads\/2023\/05\/croatia.png\",\"contentUrl\":\"https:\/\/talkpal.ai\/wp-content\/uploads\/2023\/05\/croatia.png\",\"width\":512,\"height\":512},{\"@type\":\"BreadcrumbList\",\"@id\":\"https:\/\/talkpal.ai\/gl\/exercicios-de-gramatica-croata\/#breadcrumb\",\"itemListElement\":[{\"@type\":\"ListItem\",\"position\":1,\"name\":\"Homepage\",\"item\":\"https:\/\/talkpal.ai\/gl\/\"},{\"@type\":\"ListItem\",\"position\":2,\"name\":\"Exercicios de gram\u00e1tica croata\"}]},{\"@type\":\"WebSite\",\"@id\":\"https:\/\/talkpal.ai\/gl\/#website\",\"url\":\"https:\/\/talkpal.ai\/gl\/\",\"name\":\"Talkpal\",\"description\":\"AI Language Learning\",\"publisher\":{\"@id\":\"https:\/\/talkpal.ai\/gl\/#organization\"},\"alternateName\":\"Talkpal AI\",\"potentialAction\":[{\"@type\":\"SearchAction\",\"target\":{\"@type\":\"EntryPoint\",\"urlTemplate\":\"https:\/\/talkpal.ai\/gl\/?s={search_term_string}\"},\"query-input\":{\"@type\":\"PropertyValueSpecification\",\"valueRequired\":true,\"valueName\":\"search_term_string\"}}],\"inLanguage\":\"gl-ES\"},{\"@type\":\"Organization\",\"@id\":\"https:\/\/talkpal.ai\/gl\/#organization\",\"name\":\"Talkpal, Inc.\",\"alternateName\":\"Talkpal AI\",\"url\":\"https:\/\/talkpal.ai\/gl\/\",\"logo\":{\"@type\":\"ImageObject\",\"inLanguage\":\"gl-ES\",\"@id\":\"https:\/\/talkpal.ai\/gl\/#\/schema\/logo\/image\/\",\"url\":\"https:\/\/talkpal.ai\/wp-content\/uploads\/2024\/03\/Talkpal-Logo-Icon.png\",\"contentUrl\":\"https:\/\/talkpal.ai\/wp-content\/uploads\/2024\/03\/Talkpal-Logo-Icon.png\",\"width\":2880,\"height\":2880,\"caption\":\"Talkpal, Inc.\"},\"image\":{\"@id\":\"https:\/\/talkpal.ai\/gl\/#\/schema\/logo\/image\/\"},\"sameAs\":[\"https:\/\/www.facebook.com\/profile.php?id=100090733639311\",\"https:\/\/x.com\/talkpalai\",\"https:\/\/www.linkedin.com\/company\/talkpal\/\",\"https:\/\/www.youtube.com\/@TalkPal\/\",\"https:\/\/www.tiktok.com\/@talkpal\",\"https:\/\/www.instagram.com\/talkpal_ai\/\",\"https:\/\/www.crunchbase.com\/organization\/talkpal-9cde\",\"https:\/\/www.g2.com\/products\/talkpal-for-business\/\",\"https:\/\/www.trustpilot.com\/review\/talkpal.ai\",\"https:\/\/www.capterra.com\/p\/10006800\/TalkPal\/\"],\"description\":\"Talkpal is a language learning web and mobile education app, powered by the latest AI technologies, that provides engaging experiences to its customers in many different languages to help them improve their language skills. Users can chat about unlimited amount of topics with the app and use other modes to practice their language learning.\",\"email\":\"support@talkpal.ai\",\"legalName\":\"Talkpal, Inc.\",\"foundingDate\":\"2023-04-03\",\"duns\":\"118989042\",\"numberOfEmployees\":{\"@type\":\"QuantitativeValue\",\"minValue\":\"11\",\"maxValue\":\"50\"},\"publishingPrinciples\":\"https:\/\/talkpal.ai\/publishing-principles\/\",\"actionableFeedbackPolicy\":\"https:\/\/talkpal.ai\/actionable-feedback-policy\/\",\"correctionsPolicy\":\"https:\/\/talkpal.ai\/corrections-policy\/\",\"ethicsPolicy\":\"https:\/\/talkpal.ai\/ethics-policy\/\",\"diversityPolicy\":\"https:\/\/talkpal.ai\/diversity-policy\/\",\"diversityStaffingReport\":\"https:\/\/talkpal.ai\/diversity-policy\/\"}]}<\/script>\n<!-- \/ Yoast SEO Premium plugin. -->","yoast_head_json":{"title":"Exercicios de gram\u00e1tica croata - Talkpal","description":"Domina o croata con exercicios de gram\u00e1tica croata eficaces que simplifican a aprendizaxe de tempos verbais, verbos e substantivos para os usuarios.","robots":{"index":"index","follow":"follow","max-snippet":"max-snippet:-1","max-image-preview":"max-image-preview:large","max-video-preview":"max-video-preview:-1"},"canonical":"https:\/\/talkpal.ai\/gl\/exercicios-de-gramatica-croata\/","og_locale":"gl_ES","og_type":"article","og_title":"Exercicios de gram\u00e1tica croata","og_description":"Temas de gram\u00e1tica croata O croata, unha lingua eslava do sur, \u00e9 a lingua oficial de Croacia e unha das linguas oficiais de Bosnia e Hercegovina. \u00c9 unha","og_url":"https:\/\/talkpal.ai\/gl\/exercicios-de-gramatica-croata\/","og_site_name":"Talkpal","article_publisher":"https:\/\/www.facebook.com\/profile.php?id=100090733639311","article_modified_time":"2025-12-17T16:26:42+00:00","og_image":[{"width":512,"height":512,"url":"https:\/\/talkpal.ai\/wp-content\/uploads\/2023\/05\/croatia.png","type":"image\/png"}],"twitter_card":"summary_large_image","twitter_site":"@talkpalai","twitter_misc":{"Tempo de lectura":"3 minutos"},"schema":{"@context":"https:\/\/schema.org","@graph":[{"@type":"WebPage","@id":"https:\/\/talkpal.ai\/gl\/exercicios-de-gramatica-croata\/","url":"https:\/\/talkpal.ai\/gl\/exercicios-de-gramatica-croata\/","name":"Exercicios de gram\u00e1tica croata - Talkpal","isPartOf":{"@id":"https:\/\/talkpal.ai\/gl\/#website"},"primaryImageOfPage":{"@id":"https:\/\/talkpal.ai\/gl\/exercicios-de-gramatica-croata\/#primaryimage"},"image":{"@id":"https:\/\/talkpal.ai\/gl\/exercicios-de-gramatica-croata\/#primaryimage"},"thumbnailUrl":"https:\/\/talkpal.ai\/wp-content\/uploads\/2023\/05\/croatia.png","datePublished":"2023-06-16T13:02:09+00:00","dateModified":"2025-12-17T16:26:42+00:00","description":"Domina o croata con exercicios de gram\u00e1tica croata eficaces que simplifican a aprendizaxe de tempos verbais, verbos e substantivos para os usuarios.","breadcrumb":{"@id":"https:\/\/talkpal.ai\/gl\/exercicios-de-gramatica-croata\/#breadcrumb"},"inLanguage":"gl-ES","potentialAction":[{"@type":"ReadAction","target":["https:\/\/talkpal.ai\/gl\/exercicios-de-gramatica-croata\/"]}]},{"@type":"ImageObject","inLanguage":"gl-ES","@id":"https:\/\/talkpal.ai\/gl\/exercicios-de-gramatica-croata\/#primaryimage","url":"https:\/\/talkpal.ai\/wp-content\/uploads\/2023\/05\/croatia.png","contentUrl":"https:\/\/talkpal.ai\/wp-content\/uploads\/2023\/05\/croatia.png","width":512,"height":512},{"@type":"BreadcrumbList","@id":"https:\/\/talkpal.ai\/gl\/exercicios-de-gramatica-croata\/#breadcrumb","itemListElement":[{"@type":"ListItem","position":1,"name":"Homepage","item":"https:\/\/talkpal.ai\/gl\/"},{"@type":"ListItem","position":2,"name":"Exercicios de gram\u00e1tica croata"}]},{"@type":"WebSite","@id":"https:\/\/talkpal.ai\/gl\/#website","url":"https:\/\/talkpal.ai\/gl\/","name":"Talkpal","description":"AI Language Learning","publisher":{"@id":"https:\/\/talkpal.ai\/gl\/#organization"},"alternateName":"Talkpal AI","potentialAction":[{"@type":"SearchAction","target":{"@type":"EntryPoint","urlTemplate":"https:\/\/talkpal.ai\/gl\/?s={search_term_string}"},"query-input":{"@type":"PropertyValueSpecification","valueRequired":true,"valueName":"search_term_string"}}],"inLanguage":"gl-ES"},{"@type":"Organization","@id":"https:\/\/talkpal.ai\/gl\/#organization","name":"Talkpal, Inc.","alternateName":"Talkpal AI","url":"https:\/\/talkpal.ai\/gl\/","logo":{"@type":"ImageObject","inLanguage":"gl-ES","@id":"https:\/\/talkpal.ai\/gl\/#\/schema\/logo\/image\/","url":"https:\/\/talkpal.ai\/wp-content\/uploads\/2024\/03\/Talkpal-Logo-Icon.png","contentUrl":"https:\/\/talkpal.ai\/wp-content\/uploads\/2024\/03\/Talkpal-Logo-Icon.png","width":2880,"height":2880,"caption":"Talkpal, Inc."},"image":{"@id":"https:\/\/talkpal.ai\/gl\/#\/schema\/logo\/image\/"},"sameAs":["https:\/\/www.facebook.com\/profile.php?id=100090733639311","https:\/\/x.com\/talkpalai","https:\/\/www.linkedin.com\/company\/talkpal\/","https:\/\/www.youtube.com\/@TalkPal\/","https:\/\/www.tiktok.com\/@talkpal","https:\/\/www.instagram.com\/talkpal_ai\/","https:\/\/www.crunchbase.com\/organization\/talkpal-9cde","https:\/\/www.g2.com\/products\/talkpal-for-business\/","https:\/\/www.trustpilot.com\/review\/talkpal.ai","https:\/\/www.capterra.com\/p\/10006800\/TalkPal\/"],"description":"Talkpal is a language learning web and mobile education app, powered by the latest AI technologies, that provides engaging experiences to its customers in many different languages to help them improve their language skills. Users can chat about unlimited amount of topics with the app and use other modes to practice their language learning.","email":"support@talkpal.ai","legalName":"Talkpal, Inc.","foundingDate":"2023-04-03","duns":"118989042","numberOfEmployees":{"@type":"QuantitativeValue","minValue":"11","maxValue":"50"},"publishingPrinciples":"https:\/\/talkpal.ai\/publishing-principles\/","actionableFeedbackPolicy":"https:\/\/talkpal.ai\/actionable-feedback-policy\/","correctionsPolicy":"https:\/\/talkpal.ai\/corrections-policy\/","ethicsPolicy":"https:\/\/talkpal.ai\/ethics-policy\/","diversityPolicy":"https:\/\/talkpal.ai\/diversity-policy\/","diversityStaffingReport":"https:\/\/talkpal.ai\/diversity-policy\/"}]}},"_links":{"self":[{"href":"https:\/\/talkpal.ai\/gl\/wp-json\/wp\/v2\/pages\/164040","targetHints":{"allow":["GET"]}}],"collection":[{"href":"https:\/\/talkpal.ai\/gl\/wp-json\/wp\/v2\/pages"}],"about":[{"href":"https:\/\/talkpal.ai\/gl\/wp-json\/wp\/v2\/types\/page"}],"author":[{"embeddable":true,"href":"https:\/\/talkpal.ai\/gl\/wp-json\/wp\/v2\/users\/6"}],"replies":[{"embeddable":true,"href":"https:\/\/talkpal.ai\/gl\/wp-json\/wp\/v2\/comments?post=164040"}],"version-history":[{"count":0,"href":"https:\/\/talkpal.ai\/gl\/wp-json\/wp\/v2\/pages\/164040\/revisions"}],"wp:featuredmedia":[{"embeddable":true,"href":"https:\/\/talkpal.ai\/gl\/wp-json\/wp\/v2\/media\/110259"}],"wp:attachment":[{"href":"https:\/\/talkpal.ai\/gl\/wp-json\/wp\/v2\/media?parent=164040"}],"curies":[{"name":"wp","href":"https:\/\/api.w.org\/{rel}","templated":true}]}}