{"id":162278,"date":"2023-06-21T14:25:56","date_gmt":"2023-06-21T14:25:56","guid":{"rendered":"http:\/\/talkpal.ai\/exercicios-de-gramatica-hebrea\/"},"modified":"2025-12-17T15:49:04","modified_gmt":"2025-12-17T15:49:04","slug":"exercicios-de-gramatica-hebrea","status":"publish","type":"page","link":"https:\/\/talkpal.ai\/gl\/exercicios-de-gramatica-hebrea\/","title":{"rendered":"Exercicios de gram\u00e1tica hebrea"},"content":{"rendered":"\r\n\r\n\r\n<section class=\"languageChallengeSection\">\r\n    <div class=\"languageInfoWrapper\">\r\n        \r\n        <h1>Exercicios de gram\u00e1tica hebrea<\/h1>\r\n        <p>Listo\/a para mergullarte na <a href=\"https:\/\/talkpal.ai\/hebrew-grammar\/\">gram\u00e1tica hebrea<\/a>? Estes sinxelos exercicios axudarante a familiarizarte cos conceptos b\u00e1sicos e a ga\u00f1ar confianza mentres aprendes esta fermosa lingua.<\/p>\r\n\r\n                            <a class=\"getStartedHidden\" href=\"https:\/\/app.talkpal.ai\/signup?lng=\">Empeza<\/a>\r\n        \r\n    <\/div>\r\n\r\n    <figure>\r\n    <img decoding=\"async\" width=\"768\" height=\"768\" src=\"https:\/\/talkpal.ai\/wp-content\/uploads\/2023\/06\/hebrew-768x768.png\" class=\"languageImage no-lazy\" alt=\"Language learning for proficient communication\" fetchpriority=\"high\" sizes=\"(max-width: 768px) 150px, 768px\" srcset=\"https:\/\/talkpal.ai\/wp-content\/uploads\/2023\/06\/hebrew-768x768.png 768w, https:\/\/talkpal.ai\/wp-content\/uploads\/2023\/06\/hebrew-300x300.png 300w\" \/>\r\n    \r\n\r\n    <\/figure>\r\n\r\n            <a class=\"getStartedVisible\" href=\"https:\/\/app.talkpal.ai\/signup?lng=\">Empeza<\/a>\r\n    \r\n<\/section>\r\n\r\n\r\n<!-- <section class=\"grammarSection\">\r\n    <div class=\"grammarLinks\">\r\n            <\/div>\r\n<\/section> -->\r\n\r\n\r\n\r\n\r\n<section class=\"promotionalBanner\">\r\n    <p class=\"promotionalText\">A forma m\u00e1is eficaz de aprender un idioma<\/p>\r\n    <a class=\"promotionalLink\" href=\"https:\/\/app.talkpal.ai\/signup?lng=\">Proba Talkpal de balde<\/a>\r\n<\/section>\n<div class=\"wp-block-group pageContainerStyle\"><div class=\"wp-block-group__inner-container is-layout-constrained wp-block-group-is-layout-constrained\">\n<h2 class=\"wp-block-heading\" id=\"h-hebrew-grammar-topics\">Temas de gram\u00e1tica hebrea<\/h2>\n\n\n\n<p>O <a href=\"https:\/\/talkpal.ai\/learn-hebrew\/\">hebreo<\/a> \u00e9 unha lingua fascinante e antiga que ten un gran significado hist\u00f3rico e cultural. <a href=\"https:\/\/talkpal.ai\/locations\/language-courses-in-como\/\">Como<\/a> unha das linguas m\u00e1is antigas do mundo, evolucionou e adaptouse ao longo do tempo, convert\u00e9ndoa nun idioma desafiante e gratificante para aprender. Se est\u00e1s aprendendo hebreo por raz\u00f3ns relixiosas, para conectarte coa t\u00faa herdanza ou simplemente para crecer persoalmente, comprender a gram\u00e1tica \u00e9 esencial para unha comunicaci\u00f3n eficaz. Nesta gu\u00eda, exploraremos os principais temas de gram\u00e1tica hebrea que debes dominar nunha secuencia l\u00f3xica, proporcionando unha base s\u00f3lida para a t\u00faa viaxe de <a href=\"https:\/\/talkpal.ai\/gl\/aprendizaxe\/\">aprendizaxe<\/a> de idiomas.<\/p>\n\n\n\n<h3 class=\"wp-block-heading\" id=\"h-1-nouns\">1. Substantivos:<\/h3>\n\n\n\n<p>Como os bloques de construci\u00f3n de calquera lingua, comprender os substantivos hebreos \u00e9 fundamental. Os substantivos en hebreo te\u00f1en x\u00e9nero (masculino ou feminino) e n\u00famero (singular, plural e \u00e1s veces dual). Aprender os patr\u00f3ns de acordo de x\u00e9nero e n\u00famero axudarache a formar frases b\u00e1sicas e comprender a estrutura da linguaxe.<\/p>\n\n\n\n<h3 class=\"wp-block-heading\" id=\"h-2-articles\">2. Artigos:<\/h3>\n\n\n\n<p>O hebreo ten un artigo definido, &#8220;\u05d4&#8221; (ha), que se une ao principio dun substantivo para indicar que \u00e9 espec\u00edfico ou co\u00f1ecido. Non hai <a href=\"https:\/\/talkpal.ai\/pt-pt\/grammar\/artigo-indefinido-na-gramatica-galesa\/\">artigo indefinido<\/a> en hebreo, polo que aprender cando e como usar o artigo determinado \u00e9 esencial para unha comunicaci\u00f3n adecuada.<\/p>\n\n\n\n<h3 class=\"wp-block-heading\" id=\"h-3-adjectives\">3. Adxectivos:<\/h3>\n\n\n\n<p>Os adxectivos hebreos, como os substantivos, te\u00f1en acordo de x\u00e9nero e n\u00famero. Seguen o substantivo que modifican e deben concordar en x\u00e9nero e n\u00famero. Comprender os patr\u00f3ns e as regras para a concordancia dos adxectivos axudarache a describir con precisi\u00f3n obxectos e ideas en hebreo.<\/p>\n\n\n\n<h3 class=\"wp-block-heading\" id=\"h-4-pronouns-determiners\">4. Pronomes\/Determinadores:<\/h3>\n\n\n\n<p>Os pronomes substit\u00faen os substantivos nas oraci\u00f3ns, mentres que os determinantes os especifican ou cuantifican. Ambos xogan un papel crucial para facer que o teu hebreo sexa m\u00e1is flu\u00eddo e natural. Dominar os distintos pronomes (suxeito, obxecto, posesivo) e determinantes (demostrativo, interrogativo, indefinido) axudarache a crear oraci\u00f3ns m\u00e1is complexas e a transmitir as t\u00faas ideas de forma m\u00e1is eficaz.<\/p>\n\n\n\n<h3 class=\"wp-block-heading\" id=\"h-5-verbs\">5. Verbos:<\/h3>\n\n\n\n<p>Os verbos hebreos est\u00e1n no n\u00facleo da gram\u00e1tica da lingua. Est\u00e1n baseados nun sistema ra\u00edz formado por tres ou catro consoantes e conx\u00faganse segundo o tempo, a persoa, o x\u00e9nero e o n\u00famero. Familiarizarse coas distintas formas e tempos verbais permitirache expresar acci\u00f3ns e estados con eficacia.<\/p>\n\n\n\n<h3 class=\"wp-block-heading\" id=\"h-6-tenses\">6. Tempos:<\/h3>\n\n\n\n<p>O hebreo ten tres tempos principais: pasado, <a href=\"https:\/\/talkpal.ai\/zh-hans\/grammar_exercises\/presente-%e8%a5%bf%e7%8f%ad%e7%89%99%e8%af%ad%e6%b3%95%e7%bb%83%e4%b9%a0\/\">presente<\/a> e <a href=\"https:\/\/talkpal.ai\/ja\/grammar_exercises\/futuro-%e3%82%b9%e3%83%9a%e3%82%a4%e3%83%b3%e8%aa%9e%e3%81%ae%e6%96%87%e6%b3%95%e3%81%ae%e6%bc%94%e7%bf%92\/\">futuro<\/a>. Cada tempo ten regras de conxugaci\u00f3n espec\u00edficas que dependen da ra\u00edz do verbo e do x\u00e9nero e n\u00famero do suxeito. A comprensi\u00f3n destas regras permitirache transmitir o momento das acci\u00f3ns con precisi\u00f3n.<\/p>\n\n\n\n<h3 class=\"wp-block-heading\" id=\"h-7-tense-comparison\">7. Comparaci\u00f3n de tempo:<\/h3>\n\n\n\n<p>\u00c9 fundamental saber cando e como usar cada tempo hebreo para comunicarse de forma eficaz. Comparar e contrastar os distintos tempos axudarache a comprender os matices da lingua e permitirache expresarte con maior precisi\u00f3n.<\/p>\n\n\n\n<h3 class=\"wp-block-heading\" id=\"h-8-progressive-and-perfect-progressive\">8. Progresivo e Perfecto Progresivo:<\/h3>\n\n\n\n<p>Estas formas verbais \u00fasanse para indicar acci\u00f3ns en curso ou completadas. A forma progresiva \u00fasase para acci\u00f3ns que a\u00ednda est\u00e1n en curso, mentres que a progresiva perfecta enfatiza a finalizaci\u00f3n dunha acci\u00f3n. A comprensi\u00f3n destas formas mellorar\u00e1 a s\u00faa capacidade para expresar ideas e acci\u00f3ns complexas.<\/p>\n\n\n\n<h3 class=\"wp-block-heading\" id=\"h-9-adverbs\">9. Adverbios:<\/h3>\n\n\n\n<p>Os adverbios modifican verbos, adxectivos ou outros adverbios, proporcionando informaci\u00f3n adicional sobre a acci\u00f3n ou a calidade que se describe. Aprender os distintos tipos de adverbios hebreos e como utilizalos correctamente engadir\u00e1 variedade e profundidade \u00e1s t\u00faas habilidades ling\u00fc\u00edsticas.<\/p>\n\n\n\n<h3 class=\"wp-block-heading\" id=\"h-10-prepositions\">10. Preposici\u00f3ns:<\/h3>\n\n\n\n<p>As preposici\u00f3ns conectan substantivos, pronomes ou outras palabras para mostrar relaci\u00f3ns no tempo, localizaci\u00f3n ou outros contextos. Dominar as preposici\u00f3ns hebreas axudarache a crear frases m\u00e1is complexas e a expresar as relaci\u00f3ns entre as ideas con m\u00e1is claridade.<\/p>\n\n\n\n<h3 class=\"wp-block-heading\" id=\"h-11-conditionals\">11. Condicionais:<\/h3>\n\n\n\n<p>Os condicionais hebreos \u00fasanse para expresar situaci\u00f3ns hipot\u00e9ticas e as s\u00faas consecuencias. A aprendizaxe das diversas estruturas condicionais (enunciados if\/then) permitirache comunicarte de forma eficaz en situaci\u00f3ns hipot\u00e9ticas ou incertas.<\/p>\n\n\n\n<h3 class=\"wp-block-heading\" id=\"h-12-sentences\">12. Oraci\u00f3ns:<\/h3>\n\n\n\n<p>Finalmente, unir todos os compo\u00f1entes gramaticais para formar frases completas e coherentes \u00e9 o obxectivo final da aprendizaxe do hebreo. Practica a combinaci\u00f3n de substantivos, verbos, adxectivos e outros elementos para crear frases que transmitan con precisi\u00f3n os teus pensamentos e ideas en lingua hebrea.<\/p>\n<\/div><\/div>\n\r\n<section class=\"learnNavigationSection\">\r\n            \r\n        <a href=\"https:\/\/talkpal.ai\/gl\/aprende-hebreo\/\">\r\n            <div class=\"learnNavigationWrapper\">\r\n                <div class=\"learnNavigationContent\">\r\n                    <img decoding=\"async\" src=\"https:\/\/talkpal.ai\/wp-content\/uploads\/2024\/08\/Hebrew.jpg\" alt=\"Israel Flag\">\r\n                    <div>\r\n                        <h4>Sobre a aprendizaxe do hebreo<\/h4>\r\n                        <p>Descubre todo sobre a gram\u00e1tica hebrea.<\/p>\r\n                    <\/div>\r\n                <\/div>\r\n            <\/div>\r\n        <\/a>\r\n\r\n        \r\n        <a href=\"https:\/\/talkpal.ai\/gl\/gramatica-hebrea\/\">\r\n            <div class=\"learnNavigationWrapper\">\r\n                <div class=\"learnNavigationContent\">\r\n                    <img decoding=\"async\" src=\"https:\/\/talkpal.ai\/wp-content\/uploads\/2024\/08\/Hebrew.jpg\" alt=\"Israel Flag\">\r\n                    <div>\r\n                        <h4>Clases de gram\u00e1tica hebrea<\/h4>\r\n                        <p>Practica a gram\u00e1tica hebrea.<\/p>\r\n                    <\/div>\r\n                <\/div>\r\n            <\/div>\r\n        <\/a>\r\n\r\n        \r\n        <a href=\"https:\/\/talkpal.ai\/vocabulary_language\/hebrew\/\">\r\n            <div class=\"learnNavigationWrapper\">\r\n                <div class=\"learnNavigationContent\">\r\n                    <img decoding=\"async\" src=\"https:\/\/talkpal.ai\/wp-content\/uploads\/2024\/08\/Hebrew.jpg\" alt=\"Israel Flag\">\r\n                    <div>\r\n                        <h4>Vocabulario hebreo<\/h4>\r\n                        <p>Ampl\u00eda o teu vocabulario hebreo.<\/p>\r\n                    <\/div>\r\n                <\/div>\r\n            <\/div>\r\n        <\/a>\r\n\r\n            <\/section>","protected":false},"excerpt":{"rendered":"<p>Temas de gram\u00e1tica hebrea O hebreo \u00e9 unha lingua fascinante e antiga que ten un gran significado hist\u00f3rico e cultural. Como unha das linguas m\u00e1is antigas do mundo, evolucionou e adaptouse ao longo do tempo, convert\u00e9ndoa nun idioma desafiante e gratificante para aprender. Se est\u00e1s aprendendo hebreo por raz\u00f3ns relixiosas, para conectarte coa t\u00faa herdanza [&hellip;]<\/p>\n","protected":false},"author":6,"featured_media":113049,"parent":0,"menu_order":0,"comment_status":"closed","ping_status":"closed","template":"LearningContentPage.php","meta":{"_acf_changed":false,"footnotes":""},"class_list":["post-162278","page","type-page","status-publish","has-post-thumbnail","hentry"],"acf":[],"yoast_head":"<!-- This site is optimized with the Yoast SEO Premium plugin v27.2 (Yoast SEO v27.2) - https:\/\/yoast.com\/product\/yoast-seo-premium-wordpress\/ -->\n<title>Exercicios de gram\u00e1tica hebrea - Talkpal<\/title>\n<meta name=\"description\" content=\"Mellora a t\u00faa gram\u00e1tica hebrea: participa en exercicios claros e pr\u00e1cticos para fortalecer facilmente as t\u00faas habilidades ling\u00fc\u00edsticas con Talkpal AI.\" \/>\n<meta name=\"robots\" content=\"index, follow, max-snippet:-1, max-image-preview:large, max-video-preview:-1\" \/>\n<link rel=\"canonical\" href=\"https:\/\/talkpal.ai\/gl\/exercicios-de-gramatica-hebrea\/\" \/>\n<meta property=\"og:locale\" content=\"gl_ES\" \/>\n<meta property=\"og:type\" content=\"article\" \/>\n<meta property=\"og:title\" content=\"Exercicios de gram\u00e1tica hebrea\" \/>\n<meta property=\"og:description\" content=\"Temas de gram\u00e1tica hebrea O hebreo \u00e9 unha lingua fascinante e antiga que ten un gran significado hist\u00f3rico e cultural. Como unha das linguas m\u00e1is antigas\" \/>\n<meta property=\"og:url\" content=\"https:\/\/talkpal.ai\/gl\/exercicios-de-gramatica-hebrea\/\" \/>\n<meta property=\"og:site_name\" content=\"Talkpal\" \/>\n<meta property=\"article:publisher\" content=\"https:\/\/www.facebook.com\/profile.php?id=100090733639311\" \/>\n<meta property=\"article:modified_time\" content=\"2025-12-17T15:49:04+00:00\" \/>\n<meta property=\"og:image\" content=\"https:\/\/talkpal.ai\/wp-content\/uploads\/2023\/05\/israel.png\" \/>\n\t<meta property=\"og:image:width\" content=\"512\" \/>\n\t<meta property=\"og:image:height\" content=\"512\" \/>\n\t<meta property=\"og:image:type\" content=\"image\/png\" \/>\n<meta name=\"twitter:card\" content=\"summary_large_image\" \/>\n<meta name=\"twitter:site\" content=\"@talkpalai\" \/>\n<meta name=\"twitter:label1\" content=\"Tempo de lectura\" \/>\n\t<meta name=\"twitter:data1\" content=\"4 minutos\" \/>\n<script type=\"application\/ld+json\" class=\"yoast-schema-graph\">{\"@context\":\"https:\/\/schema.org\",\"@graph\":[{\"@type\":\"WebPage\",\"@id\":\"https:\/\/talkpal.ai\/gl\/exercicios-de-gramatica-hebrea\/\",\"url\":\"https:\/\/talkpal.ai\/gl\/exercicios-de-gramatica-hebrea\/\",\"name\":\"Exercicios de gram\u00e1tica hebrea - Talkpal\",\"isPartOf\":{\"@id\":\"https:\/\/talkpal.ai\/gl\/#website\"},\"primaryImageOfPage\":{\"@id\":\"https:\/\/talkpal.ai\/gl\/exercicios-de-gramatica-hebrea\/#primaryimage\"},\"image\":{\"@id\":\"https:\/\/talkpal.ai\/gl\/exercicios-de-gramatica-hebrea\/#primaryimage\"},\"thumbnailUrl\":\"https:\/\/talkpal.ai\/wp-content\/uploads\/2023\/05\/israel.png\",\"datePublished\":\"2023-06-21T14:25:56+00:00\",\"dateModified\":\"2025-12-17T15:49:04+00:00\",\"description\":\"Mellora a t\u00faa gram\u00e1tica hebrea: participa en exercicios claros e pr\u00e1cticos para fortalecer facilmente as t\u00faas habilidades ling\u00fc\u00edsticas con Talkpal AI.\",\"breadcrumb\":{\"@id\":\"https:\/\/talkpal.ai\/gl\/exercicios-de-gramatica-hebrea\/#breadcrumb\"},\"inLanguage\":\"gl-ES\",\"potentialAction\":[{\"@type\":\"ReadAction\",\"target\":[\"https:\/\/talkpal.ai\/gl\/exercicios-de-gramatica-hebrea\/\"]}]},{\"@type\":\"ImageObject\",\"inLanguage\":\"gl-ES\",\"@id\":\"https:\/\/talkpal.ai\/gl\/exercicios-de-gramatica-hebrea\/#primaryimage\",\"url\":\"https:\/\/talkpal.ai\/wp-content\/uploads\/2023\/05\/israel.png\",\"contentUrl\":\"https:\/\/talkpal.ai\/wp-content\/uploads\/2023\/05\/israel.png\",\"width\":512,\"height\":512},{\"@type\":\"BreadcrumbList\",\"@id\":\"https:\/\/talkpal.ai\/gl\/exercicios-de-gramatica-hebrea\/#breadcrumb\",\"itemListElement\":[{\"@type\":\"ListItem\",\"position\":1,\"name\":\"Homepage\",\"item\":\"https:\/\/talkpal.ai\/gl\/\"},{\"@type\":\"ListItem\",\"position\":2,\"name\":\"Exercicios de gram\u00e1tica hebrea\"}]},{\"@type\":\"WebSite\",\"@id\":\"https:\/\/talkpal.ai\/gl\/#website\",\"url\":\"https:\/\/talkpal.ai\/gl\/\",\"name\":\"Talkpal\",\"description\":\"AI Language Learning\",\"publisher\":{\"@id\":\"https:\/\/talkpal.ai\/gl\/#organization\"},\"alternateName\":\"Talkpal AI\",\"potentialAction\":[{\"@type\":\"SearchAction\",\"target\":{\"@type\":\"EntryPoint\",\"urlTemplate\":\"https:\/\/talkpal.ai\/gl\/?s={search_term_string}\"},\"query-input\":{\"@type\":\"PropertyValueSpecification\",\"valueRequired\":true,\"valueName\":\"search_term_string\"}}],\"inLanguage\":\"gl-ES\"},{\"@type\":\"Organization\",\"@id\":\"https:\/\/talkpal.ai\/gl\/#organization\",\"name\":\"Talkpal, Inc.\",\"alternateName\":\"Talkpal AI\",\"url\":\"https:\/\/talkpal.ai\/gl\/\",\"logo\":{\"@type\":\"ImageObject\",\"inLanguage\":\"gl-ES\",\"@id\":\"https:\/\/talkpal.ai\/gl\/#\/schema\/logo\/image\/\",\"url\":\"https:\/\/talkpal.ai\/wp-content\/uploads\/2024\/03\/Talkpal-Logo-Icon.png\",\"contentUrl\":\"https:\/\/talkpal.ai\/wp-content\/uploads\/2024\/03\/Talkpal-Logo-Icon.png\",\"width\":2880,\"height\":2880,\"caption\":\"Talkpal, Inc.\"},\"image\":{\"@id\":\"https:\/\/talkpal.ai\/gl\/#\/schema\/logo\/image\/\"},\"sameAs\":[\"https:\/\/www.facebook.com\/profile.php?id=100090733639311\",\"https:\/\/x.com\/talkpalai\",\"https:\/\/www.linkedin.com\/company\/talkpal\/\",\"https:\/\/www.youtube.com\/@TalkPal\/\",\"https:\/\/www.tiktok.com\/@talkpal\",\"https:\/\/www.instagram.com\/talkpal_ai\/\",\"https:\/\/www.crunchbase.com\/organization\/talkpal-9cde\",\"https:\/\/www.g2.com\/products\/talkpal-for-business\/\",\"https:\/\/www.trustpilot.com\/review\/talkpal.ai\",\"https:\/\/www.capterra.com\/p\/10006800\/TalkPal\/\"],\"description\":\"Talkpal is a language learning web and mobile education app, powered by the latest AI technologies, that provides engaging experiences to its customers in many different languages to help them improve their language skills. Users can chat about unlimited amount of topics with the app and use other modes to practice their language learning.\",\"email\":\"support@talkpal.ai\",\"legalName\":\"Talkpal, Inc.\",\"foundingDate\":\"2023-04-03\",\"duns\":\"118989042\",\"numberOfEmployees\":{\"@type\":\"QuantitativeValue\",\"minValue\":\"11\",\"maxValue\":\"50\"},\"publishingPrinciples\":\"https:\/\/talkpal.ai\/publishing-principles\/\",\"actionableFeedbackPolicy\":\"https:\/\/talkpal.ai\/actionable-feedback-policy\/\",\"correctionsPolicy\":\"https:\/\/talkpal.ai\/corrections-policy\/\",\"ethicsPolicy\":\"https:\/\/talkpal.ai\/ethics-policy\/\",\"diversityPolicy\":\"https:\/\/talkpal.ai\/diversity-policy\/\",\"diversityStaffingReport\":\"https:\/\/talkpal.ai\/diversity-policy\/\"}]}<\/script>\n<!-- \/ Yoast SEO Premium plugin. -->","yoast_head_json":{"title":"Exercicios de gram\u00e1tica hebrea - Talkpal","description":"Mellora a t\u00faa gram\u00e1tica hebrea: participa en exercicios claros e pr\u00e1cticos para fortalecer facilmente as t\u00faas habilidades ling\u00fc\u00edsticas con Talkpal AI.","robots":{"index":"index","follow":"follow","max-snippet":"max-snippet:-1","max-image-preview":"max-image-preview:large","max-video-preview":"max-video-preview:-1"},"canonical":"https:\/\/talkpal.ai\/gl\/exercicios-de-gramatica-hebrea\/","og_locale":"gl_ES","og_type":"article","og_title":"Exercicios de gram\u00e1tica hebrea","og_description":"Temas de gram\u00e1tica hebrea O hebreo \u00e9 unha lingua fascinante e antiga que ten un gran significado hist\u00f3rico e cultural. Como unha das linguas m\u00e1is antigas","og_url":"https:\/\/talkpal.ai\/gl\/exercicios-de-gramatica-hebrea\/","og_site_name":"Talkpal","article_publisher":"https:\/\/www.facebook.com\/profile.php?id=100090733639311","article_modified_time":"2025-12-17T15:49:04+00:00","og_image":[{"width":512,"height":512,"url":"https:\/\/talkpal.ai\/wp-content\/uploads\/2023\/05\/israel.png","type":"image\/png"}],"twitter_card":"summary_large_image","twitter_site":"@talkpalai","twitter_misc":{"Tempo de lectura":"4 minutos"},"schema":{"@context":"https:\/\/schema.org","@graph":[{"@type":"WebPage","@id":"https:\/\/talkpal.ai\/gl\/exercicios-de-gramatica-hebrea\/","url":"https:\/\/talkpal.ai\/gl\/exercicios-de-gramatica-hebrea\/","name":"Exercicios de gram\u00e1tica hebrea - Talkpal","isPartOf":{"@id":"https:\/\/talkpal.ai\/gl\/#website"},"primaryImageOfPage":{"@id":"https:\/\/talkpal.ai\/gl\/exercicios-de-gramatica-hebrea\/#primaryimage"},"image":{"@id":"https:\/\/talkpal.ai\/gl\/exercicios-de-gramatica-hebrea\/#primaryimage"},"thumbnailUrl":"https:\/\/talkpal.ai\/wp-content\/uploads\/2023\/05\/israel.png","datePublished":"2023-06-21T14:25:56+00:00","dateModified":"2025-12-17T15:49:04+00:00","description":"Mellora a t\u00faa gram\u00e1tica hebrea: participa en exercicios claros e pr\u00e1cticos para fortalecer facilmente as t\u00faas habilidades ling\u00fc\u00edsticas con Talkpal AI.","breadcrumb":{"@id":"https:\/\/talkpal.ai\/gl\/exercicios-de-gramatica-hebrea\/#breadcrumb"},"inLanguage":"gl-ES","potentialAction":[{"@type":"ReadAction","target":["https:\/\/talkpal.ai\/gl\/exercicios-de-gramatica-hebrea\/"]}]},{"@type":"ImageObject","inLanguage":"gl-ES","@id":"https:\/\/talkpal.ai\/gl\/exercicios-de-gramatica-hebrea\/#primaryimage","url":"https:\/\/talkpal.ai\/wp-content\/uploads\/2023\/05\/israel.png","contentUrl":"https:\/\/talkpal.ai\/wp-content\/uploads\/2023\/05\/israel.png","width":512,"height":512},{"@type":"BreadcrumbList","@id":"https:\/\/talkpal.ai\/gl\/exercicios-de-gramatica-hebrea\/#breadcrumb","itemListElement":[{"@type":"ListItem","position":1,"name":"Homepage","item":"https:\/\/talkpal.ai\/gl\/"},{"@type":"ListItem","position":2,"name":"Exercicios de gram\u00e1tica hebrea"}]},{"@type":"WebSite","@id":"https:\/\/talkpal.ai\/gl\/#website","url":"https:\/\/talkpal.ai\/gl\/","name":"Talkpal","description":"AI Language Learning","publisher":{"@id":"https:\/\/talkpal.ai\/gl\/#organization"},"alternateName":"Talkpal AI","potentialAction":[{"@type":"SearchAction","target":{"@type":"EntryPoint","urlTemplate":"https:\/\/talkpal.ai\/gl\/?s={search_term_string}"},"query-input":{"@type":"PropertyValueSpecification","valueRequired":true,"valueName":"search_term_string"}}],"inLanguage":"gl-ES"},{"@type":"Organization","@id":"https:\/\/talkpal.ai\/gl\/#organization","name":"Talkpal, Inc.","alternateName":"Talkpal AI","url":"https:\/\/talkpal.ai\/gl\/","logo":{"@type":"ImageObject","inLanguage":"gl-ES","@id":"https:\/\/talkpal.ai\/gl\/#\/schema\/logo\/image\/","url":"https:\/\/talkpal.ai\/wp-content\/uploads\/2024\/03\/Talkpal-Logo-Icon.png","contentUrl":"https:\/\/talkpal.ai\/wp-content\/uploads\/2024\/03\/Talkpal-Logo-Icon.png","width":2880,"height":2880,"caption":"Talkpal, Inc."},"image":{"@id":"https:\/\/talkpal.ai\/gl\/#\/schema\/logo\/image\/"},"sameAs":["https:\/\/www.facebook.com\/profile.php?id=100090733639311","https:\/\/x.com\/talkpalai","https:\/\/www.linkedin.com\/company\/talkpal\/","https:\/\/www.youtube.com\/@TalkPal\/","https:\/\/www.tiktok.com\/@talkpal","https:\/\/www.instagram.com\/talkpal_ai\/","https:\/\/www.crunchbase.com\/organization\/talkpal-9cde","https:\/\/www.g2.com\/products\/talkpal-for-business\/","https:\/\/www.trustpilot.com\/review\/talkpal.ai","https:\/\/www.capterra.com\/p\/10006800\/TalkPal\/"],"description":"Talkpal is a language learning web and mobile education app, powered by the latest AI technologies, that provides engaging experiences to its customers in many different languages to help them improve their language skills. Users can chat about unlimited amount of topics with the app and use other modes to practice their language learning.","email":"support@talkpal.ai","legalName":"Talkpal, Inc.","foundingDate":"2023-04-03","duns":"118989042","numberOfEmployees":{"@type":"QuantitativeValue","minValue":"11","maxValue":"50"},"publishingPrinciples":"https:\/\/talkpal.ai\/publishing-principles\/","actionableFeedbackPolicy":"https:\/\/talkpal.ai\/actionable-feedback-policy\/","correctionsPolicy":"https:\/\/talkpal.ai\/corrections-policy\/","ethicsPolicy":"https:\/\/talkpal.ai\/ethics-policy\/","diversityPolicy":"https:\/\/talkpal.ai\/diversity-policy\/","diversityStaffingReport":"https:\/\/talkpal.ai\/diversity-policy\/"}]}},"_links":{"self":[{"href":"https:\/\/talkpal.ai\/gl\/wp-json\/wp\/v2\/pages\/162278","targetHints":{"allow":["GET"]}}],"collection":[{"href":"https:\/\/talkpal.ai\/gl\/wp-json\/wp\/v2\/pages"}],"about":[{"href":"https:\/\/talkpal.ai\/gl\/wp-json\/wp\/v2\/types\/page"}],"author":[{"embeddable":true,"href":"https:\/\/talkpal.ai\/gl\/wp-json\/wp\/v2\/users\/6"}],"replies":[{"embeddable":true,"href":"https:\/\/talkpal.ai\/gl\/wp-json\/wp\/v2\/comments?post=162278"}],"version-history":[{"count":0,"href":"https:\/\/talkpal.ai\/gl\/wp-json\/wp\/v2\/pages\/162278\/revisions"}],"wp:featuredmedia":[{"embeddable":true,"href":"https:\/\/talkpal.ai\/gl\/wp-json\/wp\/v2\/media\/113049"}],"wp:attachment":[{"href":"https:\/\/talkpal.ai\/gl\/wp-json\/wp\/v2\/media?parent=162278"}],"curies":[{"name":"wp","href":"https:\/\/api.w.org\/{rel}","templated":true}]}}