{"id":160213,"date":"2023-06-22T08:12:52","date_gmt":"2023-06-22T08:12:52","guid":{"rendered":"http:\/\/talkpal.ai\/exercicios-de-gramatica-lituana\/"},"modified":"2025-12-17T15:54:36","modified_gmt":"2025-12-17T15:54:36","slug":"exercicios-de-gramatica-lituana","status":"publish","type":"page","link":"https:\/\/talkpal.ai\/gl\/exercicios-de-gramatica-lituana\/","title":{"rendered":"Exercicios de gram\u00e1tica lituana"},"content":{"rendered":"\r\n\r\n\r\n<section class=\"languageChallengeSection\">\r\n    <div class=\"languageInfoWrapper\">\r\n        \r\n        <h1>Exercicios de gram\u00e1tica lituana<\/h1>\r\n        <p>Listo\/a para levar o teu <a href=\"https:\/\/talkpal.ai\/learn-lithuanian\/\">lituano<\/a> ao seguinte nivel? Practicar exercicios de gram\u00e1tica \u00e9 unha excelente maneira de dominar a estrutura das frases, as formas verbais e os patr\u00f3ns \u00fanicos da lingua lituana. Comeza a explorar a <a href=\"https:\/\/talkpal.ai\/es\/gramatica-lituana\/\">gram\u00e1tica lituana<\/a> hoxe mesmo e observa <a href=\"https:\/\/talkpal.ai\/locations\/language-courses-in-como\/\">como<\/a> medran as t\u00faas habilidades e a t\u00faa confianza con cada exercicio!<\/p>\r\n\r\n                            <a class=\"getStartedHidden\" href=\"https:\/\/app.talkpal.ai\/signup?lng=\">Empeza<\/a>\r\n        \r\n    <\/div>\r\n\r\n    <figure>\r\n    <img decoding=\"async\" width=\"768\" height=\"768\" src=\"https:\/\/talkpal.ai\/wp-content\/uploads\/2023\/06\/lithuenian-768x768.png\" class=\"languageImage no-lazy\" alt=\"Language learning for boosting creativity\" fetchpriority=\"high\" sizes=\"(max-width: 768px) 150px, 768px\" srcset=\"https:\/\/talkpal.ai\/wp-content\/uploads\/2023\/06\/lithuenian-768x768.png 768w, https:\/\/talkpal.ai\/wp-content\/uploads\/2023\/06\/lithuenian-300x300.png 300w\" \/>\r\n    \r\n\r\n    <\/figure>\r\n\r\n            <a class=\"getStartedVisible\" href=\"https:\/\/app.talkpal.ai\/signup?lng=\">Empeza<\/a>\r\n    \r\n<\/section>\r\n\r\n\r\n<!-- <section class=\"grammarSection\">\r\n    <div class=\"grammarLinks\">\r\n            <\/div>\r\n<\/section> -->\r\n\r\n\r\n\r\n\r\n<section class=\"promotionalBanner\">\r\n    <p class=\"promotionalText\">A forma m\u00e1is eficaz de aprender un idioma<\/p>\r\n    <a class=\"promotionalLink\" href=\"https:\/\/app.talkpal.ai\/signup?lng=\">Proba Talkpal de balde<\/a>\r\n<\/section>\n<div class=\"wp-block-group pageContainerStyle\"><div class=\"wp-block-group__inner-container is-layout-constrained wp-block-group-is-layout-constrained\">\n<h2 class=\"wp-block-heading\" id=\"h-lithuanian-grammar-topics\">Temas de gram\u00e1tica lituana<\/h2>\n\n\n\n<p>Aprender a lingua lituana non s\u00f3 \u00e9 unha experiencia \u00fanica e gratificante, sen\u00f3n que tam\u00e9n abre un mundo totalmente <a href=\"https:\/\/talkpal.ai\/talkpal-new-years-discount\/\">novo<\/a> de exploraci\u00f3n cultural. O lituano, como lingua b\u00e1ltica, conservou moitas caracter\u00edsticas das antigas linguas indoeuropeas, polo que \u00e9 unha lingua importante para os estudos hist\u00f3ricos e ling\u00fc\u00edsticos. A gram\u00e1tica do lituano pode parecer complexa, pero dividila en temas m\u00e1is pequenos e aprendelas nunha secuencia l\u00f3xica far\u00e1 que a t\u00faa viaxe sexa m\u00e1is suave e agradable. Nesta gu\u00eda, presentaremos temas de gram\u00e1tica lituana na orde en que deber\u00edas aprendelos, proporcionando unha breve visi\u00f3n xeral de cada tema.<\/p>\n\n\n\n<h3 class=\"wp-block-heading\" id=\"h-1-nouns\">1. Substantivos:<\/h3>\n\n\n\n<p>Os substantivos forman a columna vertebral da maior\u00eda das oraci\u00f3ns, polo que comeza aprendendo o sistema de declinaci\u00f3n dos substantivos en lituano. Hai cinco declinaci\u00f3ns de nomes, cada unha co seu propio conxunto de desinencias para as formas singular e plural. F\u00edxate no x\u00e9nero dos substantivos, xa que isto influir\u00e1 nas terminaci\u00f3ns utilizadas na declinaci\u00f3n.<\/p>\n\n\n\n<h3 class=\"wp-block-heading\" id=\"h-2-articles\">2. Artigos:<\/h3>\n\n\n\n<p>A diferenza do <a href=\"https:\/\/talkpal.ai\/es\/locations\/aprende-ingles-en-orange\/\">ingl\u00e9s<\/a>, o lituano non ten <a href=\"https:\/\/talkpal.ai\/hi\/grammar_exercises\/articulos-%e0%a4%b8%e0%a5%8d%e0%a4%aa%e0%a5%87%e0%a4%a8%e0%a4%bf%e0%a4%b6-%e0%a4%b5%e0%a5%8d%e0%a4%af%e0%a4%be%e0%a4%95%e0%a4%b0%e0%a4%a3-%e0%a4%95%e0%a5%87-%e0%a4%b2%e0%a4%bf%e0%a4%8f-%e0%a4%b5\/\">artigos definidos<\/a> nin indefinidos, polo que ter\u00e1s un compo\u00f1ente gramatical menos do que preocuparte.<\/p>\n\n\n\n<h3 class=\"wp-block-heading\" id=\"h-3-adjectives\">3. Adxectivos:<\/h3>\n\n\n\n<p>Os adxectivos coinciden cos substantivos en x\u00e9nero, caso e n\u00famero. Co\u00f1ecer as diversas terminaci\u00f3ns dos adxectivos e como cambian dependendo do substantivo que modifiquen.<\/p>\n\n\n\n<h3 class=\"wp-block-heading\" id=\"h-4-pronouns-determiners\">4. Pronomes\/Determinadores:<\/h3>\n\n\n\n<p>Como noutras linguas, os pronomes e determinantes axudan a proporcionar claridade e especificidade nas frases. Co\u00f1ecer os distintos tipos de pronomes e determinantes, as\u00ed como as s\u00faas diversas formas e usos en lituano.<\/p>\n\n\n\n<h3 class=\"wp-block-heading\" id=\"h-5-verbs\">5. Verbos:<\/h3>\n\n\n\n<p>Os verbos son esenciais para transmitir acci\u00f3ns e estados de ser. Comeza co tempo <a href=\"https:\/\/talkpal.ai\/zh-hans\/grammar_exercises\/presente-%e8%a5%bf%e7%8f%ad%e7%89%99%e8%af%ad%e6%b3%95%e7%bb%83%e4%b9%a0\/\">presente<\/a>, e despois pasa aos tempos pasados \u200b\u200be futuros. Presta atenci\u00f3n aos patr\u00f3ns de conxugaci\u00f3n, as\u00ed como aos verbos irregulares.<\/p>\n\n\n\n<h3 class=\"wp-block-heading\" id=\"h-6-tense-comparison\">6. Comparaci\u00f3n de tempo:<\/h3>\n\n\n\n<p>Despois de dominar os tempos b\u00e1sicos, aprende a comparalos e comprende os matices do seu uso. Isto incl\u00fae comprender as diferenzas entre tempos simples e compostos, as\u00ed como o perfecto progresivo.<\/p>\n\n\n\n<h3 class=\"wp-block-heading\" id=\"h-7-progressive-and-perfect-progressive\">7. Progresivo e Perfecto Progresivo:<\/h3>\n\n\n\n<p>O lituano non ten formas progresivas espec\u00edficas como o ingl\u00e9s, pero podes expresar acci\u00f3ns en curso e completadas utilizando construci\u00f3ns espec\u00edficas. Aprende estas construci\u00f3ns e como utilizalas de forma eficaz.<\/p>\n\n\n\n<h3 class=\"wp-block-heading\" id=\"h-8-adverbs\">8. Adverbios:<\/h3>\n\n\n\n<p>Os adxectivos modifican os substantivos, mentres que os adverbios modifican os verbos, os adxectivos ou outros adverbios. Co\u00f1ecer os distintos tipos de adverbios e a s\u00faa colocaci\u00f3n nas oraci\u00f3ns.<\/p>\n\n\n\n<h3 class=\"wp-block-heading\" id=\"h-9-prepositions\">9. Preposici\u00f3ns:<\/h3>\n\n\n\n<p>As preposici\u00f3ns mostran a relaci\u00f3n entre as palabras nunha oraci\u00f3n. Co\u00f1ecer as distintas preposici\u00f3ns e o seu uso en diferentes contextos.<\/p>\n\n\n\n<h3 class=\"wp-block-heading\" id=\"h-10-conditionals\">10. Condicionais:<\/h3>\n\n\n\n<p>Os condicionais expresan situaci\u00f3ns hipot\u00e9ticas ou irreais. Co\u00f1ecer os distintos tipos de condicionais e as s\u00faas respectivas construci\u00f3ns en lituano.<\/p>\n\n\n\n<h3 class=\"wp-block-heading\" id=\"h-11-sentences\">11. Oraci\u00f3ns:<\/h3>\n\n\n\n<p>Por \u00faltimo, re\u00fane todo aprendendo sobre a estrutura da frase en lituano. Comprender a orde b\u00e1sica das palabras e como se pode adaptar para facer \u00e9nfase ou claridade. Practica a creaci\u00f3n de frases usando todos os compo\u00f1entes gramaticais que aprendiches ata agora.<\/p>\n\n\n\n<p>Ao seguir esta secuencia de temas, desenvolver\u00e1s unha s\u00f3lida comprensi\u00f3n da gram\u00e1tica lituana e estar\u00e1s no cami\u00f1o para dominar a lingua.<\/p>\n<\/div><\/div>\n\r\n<section class=\"learnNavigationSection\">\r\n            \r\n        <a href=\"https:\/\/talkpal.ai\/gl\/aprende-lituano\/\">\r\n            <div class=\"learnNavigationWrapper\">\r\n                <div class=\"learnNavigationContent\">\r\n                    <img decoding=\"async\" src=\"https:\/\/talkpal.ai\/wp-content\/uploads\/2024\/08\/Lithuanian.jpg\" alt=\"Lithuanian Flag\">\r\n                    <div>\r\n                        <h4>Sobre a aprendizaxe de lituano<\/h4>\r\n                        <p>Descubre todo sobre a gram\u00e1tica lituana.<\/p>\r\n                    <\/div>\r\n                <\/div>\r\n            <\/div>\r\n        <\/a>\r\n\r\n        \r\n        <a href=\"https:\/\/talkpal.ai\/gl\/gramatica-lituana\/\">\r\n            <div class=\"learnNavigationWrapper\">\r\n                <div class=\"learnNavigationContent\">\r\n                    <img decoding=\"async\" src=\"https:\/\/talkpal.ai\/wp-content\/uploads\/2024\/08\/Lithuanian.jpg\" alt=\"Lithuanian Flag\">\r\n                    <div>\r\n                        <h4>Lecci\u00f3ns de gram\u00e1tica lituana<\/h4>\r\n                        <p>Practica a gram\u00e1tica lituana.<\/p>\r\n                    <\/div>\r\n                <\/div>\r\n            <\/div>\r\n        <\/a>\r\n\r\n        \r\n        <a href=\"https:\/\/talkpal.ai\/vocabulary_language\/lithuanian\/\">\r\n            <div class=\"learnNavigationWrapper\">\r\n                <div class=\"learnNavigationContent\">\r\n                    <img decoding=\"async\" src=\"https:\/\/talkpal.ai\/wp-content\/uploads\/2024\/08\/Lithuanian.jpg\" alt=\"Lithuanian Flag\">\r\n                    <div>\r\n                        <h4>Vocabulario lituano<\/h4>\r\n                        <p>Ampl\u00eda o teu vocabulario lituano.<\/p>\r\n                    <\/div>\r\n                <\/div>\r\n            <\/div>\r\n        <\/a>\r\n\r\n            <\/section>","protected":false},"excerpt":{"rendered":"<p>Temas de gram\u00e1tica lituana Aprender a lingua lituana non s\u00f3 \u00e9 unha experiencia \u00fanica e gratificante, sen\u00f3n que tam\u00e9n abre un mundo totalmente novo de exploraci\u00f3n cultural. O lituano, como lingua b\u00e1ltica, conservou moitas caracter\u00edsticas das antigas linguas indoeuropeas, polo que \u00e9 unha lingua importante para os estudos hist\u00f3ricos e ling\u00fc\u00edsticos. A gram\u00e1tica do lituano [&hellip;]<\/p>\n","protected":false},"author":6,"featured_media":115158,"parent":0,"menu_order":0,"comment_status":"closed","ping_status":"closed","template":"LearningContentPage.php","meta":{"_acf_changed":false,"footnotes":""},"class_list":["post-160213","page","type-page","status-publish","has-post-thumbnail","hentry"],"acf":[],"yoast_head":"<!-- This site is optimized with the Yoast SEO Premium plugin v27.2 (Yoast SEO v27.2) - https:\/\/yoast.com\/product\/yoast-seo-premium-wordpress\/ -->\n<title>Exercicios de gram\u00e1tica lituana - Talkpal<\/title>\n<meta name=\"description\" content=\"Domina as complexidades da lingua con atractivos exercicios de gram\u00e1tica lituana que mellorar\u00e1n o teu co\u00f1ecemento.\" \/>\n<meta name=\"robots\" content=\"index, follow, max-snippet:-1, max-image-preview:large, max-video-preview:-1\" \/>\n<link rel=\"canonical\" href=\"https:\/\/talkpal.ai\/gl\/exercicios-de-gramatica-lituana\/\" \/>\n<meta property=\"og:locale\" content=\"gl_ES\" \/>\n<meta property=\"og:type\" content=\"article\" \/>\n<meta property=\"og:title\" content=\"Exercicios de gram\u00e1tica lituana\" \/>\n<meta property=\"og:description\" content=\"Temas de gram\u00e1tica lituana Aprender a lingua lituana non s\u00f3 \u00e9 unha experiencia \u00fanica e gratificante, sen\u00f3n que tam\u00e9n abre un mundo totalmente novo de\" \/>\n<meta property=\"og:url\" content=\"https:\/\/talkpal.ai\/gl\/exercicios-de-gramatica-lituana\/\" \/>\n<meta property=\"og:site_name\" content=\"Talkpal\" \/>\n<meta property=\"article:publisher\" content=\"https:\/\/www.facebook.com\/profile.php?id=100090733639311\" \/>\n<meta property=\"article:modified_time\" content=\"2025-12-17T15:54:36+00:00\" \/>\n<meta property=\"og:image\" content=\"https:\/\/talkpal.ai\/wp-content\/uploads\/2023\/05\/Lithuanian.png\" \/>\n\t<meta property=\"og:image:width\" content=\"512\" \/>\n\t<meta property=\"og:image:height\" content=\"512\" \/>\n\t<meta property=\"og:image:type\" content=\"image\/png\" \/>\n<meta name=\"twitter:card\" content=\"summary_large_image\" \/>\n<meta name=\"twitter:site\" content=\"@talkpalai\" \/>\n<meta name=\"twitter:label1\" content=\"Tempo de lectura\" \/>\n\t<meta name=\"twitter:data1\" content=\"3 minutos\" \/>\n<script type=\"application\/ld+json\" class=\"yoast-schema-graph\">{\"@context\":\"https:\/\/schema.org\",\"@graph\":[{\"@type\":\"WebPage\",\"@id\":\"https:\/\/talkpal.ai\/gl\/exercicios-de-gramatica-lituana\/\",\"url\":\"https:\/\/talkpal.ai\/gl\/exercicios-de-gramatica-lituana\/\",\"name\":\"Exercicios de gram\u00e1tica lituana - Talkpal\",\"isPartOf\":{\"@id\":\"https:\/\/talkpal.ai\/gl\/#website\"},\"primaryImageOfPage\":{\"@id\":\"https:\/\/talkpal.ai\/gl\/exercicios-de-gramatica-lituana\/#primaryimage\"},\"image\":{\"@id\":\"https:\/\/talkpal.ai\/gl\/exercicios-de-gramatica-lituana\/#primaryimage\"},\"thumbnailUrl\":\"https:\/\/talkpal.ai\/wp-content\/uploads\/2023\/05\/Lithuanian.png\",\"datePublished\":\"2023-06-22T08:12:52+00:00\",\"dateModified\":\"2025-12-17T15:54:36+00:00\",\"description\":\"Domina as complexidades da lingua con atractivos exercicios de gram\u00e1tica lituana que mellorar\u00e1n o teu co\u00f1ecemento.\",\"breadcrumb\":{\"@id\":\"https:\/\/talkpal.ai\/gl\/exercicios-de-gramatica-lituana\/#breadcrumb\"},\"inLanguage\":\"gl-ES\",\"potentialAction\":[{\"@type\":\"ReadAction\",\"target\":[\"https:\/\/talkpal.ai\/gl\/exercicios-de-gramatica-lituana\/\"]}]},{\"@type\":\"ImageObject\",\"inLanguage\":\"gl-ES\",\"@id\":\"https:\/\/talkpal.ai\/gl\/exercicios-de-gramatica-lituana\/#primaryimage\",\"url\":\"https:\/\/talkpal.ai\/wp-content\/uploads\/2023\/05\/Lithuanian.png\",\"contentUrl\":\"https:\/\/talkpal.ai\/wp-content\/uploads\/2023\/05\/Lithuanian.png\",\"width\":512,\"height\":512},{\"@type\":\"BreadcrumbList\",\"@id\":\"https:\/\/talkpal.ai\/gl\/exercicios-de-gramatica-lituana\/#breadcrumb\",\"itemListElement\":[{\"@type\":\"ListItem\",\"position\":1,\"name\":\"Homepage\",\"item\":\"https:\/\/talkpal.ai\/gl\/\"},{\"@type\":\"ListItem\",\"position\":2,\"name\":\"Exercicios de gram\u00e1tica lituana\"}]},{\"@type\":\"WebSite\",\"@id\":\"https:\/\/talkpal.ai\/gl\/#website\",\"url\":\"https:\/\/talkpal.ai\/gl\/\",\"name\":\"Talkpal\",\"description\":\"AI Language Learning\",\"publisher\":{\"@id\":\"https:\/\/talkpal.ai\/gl\/#organization\"},\"alternateName\":\"Talkpal AI\",\"potentialAction\":[{\"@type\":\"SearchAction\",\"target\":{\"@type\":\"EntryPoint\",\"urlTemplate\":\"https:\/\/talkpal.ai\/gl\/?s={search_term_string}\"},\"query-input\":{\"@type\":\"PropertyValueSpecification\",\"valueRequired\":true,\"valueName\":\"search_term_string\"}}],\"inLanguage\":\"gl-ES\"},{\"@type\":\"Organization\",\"@id\":\"https:\/\/talkpal.ai\/gl\/#organization\",\"name\":\"Talkpal, Inc.\",\"alternateName\":\"Talkpal AI\",\"url\":\"https:\/\/talkpal.ai\/gl\/\",\"logo\":{\"@type\":\"ImageObject\",\"inLanguage\":\"gl-ES\",\"@id\":\"https:\/\/talkpal.ai\/gl\/#\/schema\/logo\/image\/\",\"url\":\"https:\/\/talkpal.ai\/wp-content\/uploads\/2024\/03\/Talkpal-Logo-Icon.png\",\"contentUrl\":\"https:\/\/talkpal.ai\/wp-content\/uploads\/2024\/03\/Talkpal-Logo-Icon.png\",\"width\":2880,\"height\":2880,\"caption\":\"Talkpal, Inc.\"},\"image\":{\"@id\":\"https:\/\/talkpal.ai\/gl\/#\/schema\/logo\/image\/\"},\"sameAs\":[\"https:\/\/www.facebook.com\/profile.php?id=100090733639311\",\"https:\/\/x.com\/talkpalai\",\"https:\/\/www.linkedin.com\/company\/talkpal\/\",\"https:\/\/www.youtube.com\/@TalkPal\/\",\"https:\/\/www.tiktok.com\/@talkpal\",\"https:\/\/www.instagram.com\/talkpal_ai\/\",\"https:\/\/www.crunchbase.com\/organization\/talkpal-9cde\",\"https:\/\/www.g2.com\/products\/talkpal-for-business\/\",\"https:\/\/www.trustpilot.com\/review\/talkpal.ai\",\"https:\/\/www.capterra.com\/p\/10006800\/TalkPal\/\"],\"description\":\"Talkpal is a language learning web and mobile education app, powered by the latest AI technologies, that provides engaging experiences to its customers in many different languages to help them improve their language skills. Users can chat about unlimited amount of topics with the app and use other modes to practice their language learning.\",\"email\":\"support@talkpal.ai\",\"legalName\":\"Talkpal, Inc.\",\"foundingDate\":\"2023-04-03\",\"duns\":\"118989042\",\"numberOfEmployees\":{\"@type\":\"QuantitativeValue\",\"minValue\":\"11\",\"maxValue\":\"50\"},\"publishingPrinciples\":\"https:\/\/talkpal.ai\/publishing-principles\/\",\"actionableFeedbackPolicy\":\"https:\/\/talkpal.ai\/actionable-feedback-policy\/\",\"correctionsPolicy\":\"https:\/\/talkpal.ai\/corrections-policy\/\",\"ethicsPolicy\":\"https:\/\/talkpal.ai\/ethics-policy\/\",\"diversityPolicy\":\"https:\/\/talkpal.ai\/diversity-policy\/\",\"diversityStaffingReport\":\"https:\/\/talkpal.ai\/diversity-policy\/\"}]}<\/script>\n<!-- \/ Yoast SEO Premium plugin. -->","yoast_head_json":{"title":"Exercicios de gram\u00e1tica lituana - Talkpal","description":"Domina as complexidades da lingua con atractivos exercicios de gram\u00e1tica lituana que mellorar\u00e1n o teu co\u00f1ecemento.","robots":{"index":"index","follow":"follow","max-snippet":"max-snippet:-1","max-image-preview":"max-image-preview:large","max-video-preview":"max-video-preview:-1"},"canonical":"https:\/\/talkpal.ai\/gl\/exercicios-de-gramatica-lituana\/","og_locale":"gl_ES","og_type":"article","og_title":"Exercicios de gram\u00e1tica lituana","og_description":"Temas de gram\u00e1tica lituana Aprender a lingua lituana non s\u00f3 \u00e9 unha experiencia \u00fanica e gratificante, sen\u00f3n que tam\u00e9n abre un mundo totalmente novo de","og_url":"https:\/\/talkpal.ai\/gl\/exercicios-de-gramatica-lituana\/","og_site_name":"Talkpal","article_publisher":"https:\/\/www.facebook.com\/profile.php?id=100090733639311","article_modified_time":"2025-12-17T15:54:36+00:00","og_image":[{"width":512,"height":512,"url":"https:\/\/talkpal.ai\/wp-content\/uploads\/2023\/05\/Lithuanian.png","type":"image\/png"}],"twitter_card":"summary_large_image","twitter_site":"@talkpalai","twitter_misc":{"Tempo de lectura":"3 minutos"},"schema":{"@context":"https:\/\/schema.org","@graph":[{"@type":"WebPage","@id":"https:\/\/talkpal.ai\/gl\/exercicios-de-gramatica-lituana\/","url":"https:\/\/talkpal.ai\/gl\/exercicios-de-gramatica-lituana\/","name":"Exercicios de gram\u00e1tica lituana - Talkpal","isPartOf":{"@id":"https:\/\/talkpal.ai\/gl\/#website"},"primaryImageOfPage":{"@id":"https:\/\/talkpal.ai\/gl\/exercicios-de-gramatica-lituana\/#primaryimage"},"image":{"@id":"https:\/\/talkpal.ai\/gl\/exercicios-de-gramatica-lituana\/#primaryimage"},"thumbnailUrl":"https:\/\/talkpal.ai\/wp-content\/uploads\/2023\/05\/Lithuanian.png","datePublished":"2023-06-22T08:12:52+00:00","dateModified":"2025-12-17T15:54:36+00:00","description":"Domina as complexidades da lingua con atractivos exercicios de gram\u00e1tica lituana que mellorar\u00e1n o teu co\u00f1ecemento.","breadcrumb":{"@id":"https:\/\/talkpal.ai\/gl\/exercicios-de-gramatica-lituana\/#breadcrumb"},"inLanguage":"gl-ES","potentialAction":[{"@type":"ReadAction","target":["https:\/\/talkpal.ai\/gl\/exercicios-de-gramatica-lituana\/"]}]},{"@type":"ImageObject","inLanguage":"gl-ES","@id":"https:\/\/talkpal.ai\/gl\/exercicios-de-gramatica-lituana\/#primaryimage","url":"https:\/\/talkpal.ai\/wp-content\/uploads\/2023\/05\/Lithuanian.png","contentUrl":"https:\/\/talkpal.ai\/wp-content\/uploads\/2023\/05\/Lithuanian.png","width":512,"height":512},{"@type":"BreadcrumbList","@id":"https:\/\/talkpal.ai\/gl\/exercicios-de-gramatica-lituana\/#breadcrumb","itemListElement":[{"@type":"ListItem","position":1,"name":"Homepage","item":"https:\/\/talkpal.ai\/gl\/"},{"@type":"ListItem","position":2,"name":"Exercicios de gram\u00e1tica lituana"}]},{"@type":"WebSite","@id":"https:\/\/talkpal.ai\/gl\/#website","url":"https:\/\/talkpal.ai\/gl\/","name":"Talkpal","description":"AI Language Learning","publisher":{"@id":"https:\/\/talkpal.ai\/gl\/#organization"},"alternateName":"Talkpal AI","potentialAction":[{"@type":"SearchAction","target":{"@type":"EntryPoint","urlTemplate":"https:\/\/talkpal.ai\/gl\/?s={search_term_string}"},"query-input":{"@type":"PropertyValueSpecification","valueRequired":true,"valueName":"search_term_string"}}],"inLanguage":"gl-ES"},{"@type":"Organization","@id":"https:\/\/talkpal.ai\/gl\/#organization","name":"Talkpal, Inc.","alternateName":"Talkpal AI","url":"https:\/\/talkpal.ai\/gl\/","logo":{"@type":"ImageObject","inLanguage":"gl-ES","@id":"https:\/\/talkpal.ai\/gl\/#\/schema\/logo\/image\/","url":"https:\/\/talkpal.ai\/wp-content\/uploads\/2024\/03\/Talkpal-Logo-Icon.png","contentUrl":"https:\/\/talkpal.ai\/wp-content\/uploads\/2024\/03\/Talkpal-Logo-Icon.png","width":2880,"height":2880,"caption":"Talkpal, Inc."},"image":{"@id":"https:\/\/talkpal.ai\/gl\/#\/schema\/logo\/image\/"},"sameAs":["https:\/\/www.facebook.com\/profile.php?id=100090733639311","https:\/\/x.com\/talkpalai","https:\/\/www.linkedin.com\/company\/talkpal\/","https:\/\/www.youtube.com\/@TalkPal\/","https:\/\/www.tiktok.com\/@talkpal","https:\/\/www.instagram.com\/talkpal_ai\/","https:\/\/www.crunchbase.com\/organization\/talkpal-9cde","https:\/\/www.g2.com\/products\/talkpal-for-business\/","https:\/\/www.trustpilot.com\/review\/talkpal.ai","https:\/\/www.capterra.com\/p\/10006800\/TalkPal\/"],"description":"Talkpal is a language learning web and mobile education app, powered by the latest AI technologies, that provides engaging experiences to its customers in many different languages to help them improve their language skills. Users can chat about unlimited amount of topics with the app and use other modes to practice their language learning.","email":"support@talkpal.ai","legalName":"Talkpal, Inc.","foundingDate":"2023-04-03","duns":"118989042","numberOfEmployees":{"@type":"QuantitativeValue","minValue":"11","maxValue":"50"},"publishingPrinciples":"https:\/\/talkpal.ai\/publishing-principles\/","actionableFeedbackPolicy":"https:\/\/talkpal.ai\/actionable-feedback-policy\/","correctionsPolicy":"https:\/\/talkpal.ai\/corrections-policy\/","ethicsPolicy":"https:\/\/talkpal.ai\/ethics-policy\/","diversityPolicy":"https:\/\/talkpal.ai\/diversity-policy\/","diversityStaffingReport":"https:\/\/talkpal.ai\/diversity-policy\/"}]}},"_links":{"self":[{"href":"https:\/\/talkpal.ai\/gl\/wp-json\/wp\/v2\/pages\/160213","targetHints":{"allow":["GET"]}}],"collection":[{"href":"https:\/\/talkpal.ai\/gl\/wp-json\/wp\/v2\/pages"}],"about":[{"href":"https:\/\/talkpal.ai\/gl\/wp-json\/wp\/v2\/types\/page"}],"author":[{"embeddable":true,"href":"https:\/\/talkpal.ai\/gl\/wp-json\/wp\/v2\/users\/6"}],"replies":[{"embeddable":true,"href":"https:\/\/talkpal.ai\/gl\/wp-json\/wp\/v2\/comments?post=160213"}],"version-history":[{"count":0,"href":"https:\/\/talkpal.ai\/gl\/wp-json\/wp\/v2\/pages\/160213\/revisions"}],"wp:featuredmedia":[{"embeddable":true,"href":"https:\/\/talkpal.ai\/gl\/wp-json\/wp\/v2\/media\/115158"}],"wp:attachment":[{"href":"https:\/\/talkpal.ai\/gl\/wp-json\/wp\/v2\/media?parent=160213"}],"curies":[{"name":"wp","href":"https:\/\/api.w.org\/{rel}","templated":true}]}}