{"id":159642,"date":"2023-06-22T08:29:59","date_gmt":"2023-06-22T08:29:59","guid":{"rendered":"http:\/\/talkpal.ai\/exercicios-de-gramatica-malaia\/"},"modified":"2025-12-17T15:12:54","modified_gmt":"2025-12-17T15:12:54","slug":"exercicios-de-gramatica-malaia","status":"publish","type":"page","link":"https:\/\/talkpal.ai\/gl\/exercicios-de-gramatica-malaia\/","title":{"rendered":"Exercicios de gram\u00e1tica malaia"},"content":{"rendered":"\r\n\r\n\r\n<section class=\"languageChallengeSection\">\r\n    <div class=\"languageInfoWrapper\">\r\n        \r\n        <h1>Exercicios de gram\u00e1tica malaia<\/h1>\r\n        <p>Listo\/a para familiarizarte co <a href=\"https:\/\/talkpal.ai\/learn-malay\/\">malaio<\/a>? Practicar exercicios de gram\u00e1tica \u00e9 unha boa maneira de dominar a estrutura das frases, as formas verbais e as caracter\u00edsticas \u00fanicas da lingua. Comeza a explorar a <a href=\"https:\/\/talkpal.ai\/pt-pt\/o-que-ha-de-especial-na-gramatica-malaia\/\">gram\u00e1tica malaia<\/a> hoxe mesmo e ver\u00e1s <a href=\"https:\/\/talkpal.ai\/locations\/language-courses-in-como\/\">como<\/a> medran as t\u00faas habilidades e a t\u00faa confianza con cada exercicio!<\/p>\r\n\r\n                            <a class=\"getStartedHidden\" href=\"https:\/\/app.talkpal.ai\/signup?lng=\">Empeza<\/a>\r\n        \r\n    <\/div>\r\n\r\n    <figure>\r\n    <img decoding=\"async\" width=\"768\" height=\"768\" src=\"https:\/\/talkpal.ai\/wp-content\/uploads\/2023\/06\/malay-768x768.png\" class=\"languageImage no-lazy\" alt=\"Language learning for personal accomplishments\" fetchpriority=\"high\" sizes=\"(max-width: 768px) 150px, 768px\" srcset=\"https:\/\/talkpal.ai\/wp-content\/uploads\/2023\/06\/malay-768x768.png 768w, https:\/\/talkpal.ai\/wp-content\/uploads\/2023\/06\/malay-300x300.png 300w\" \/>\r\n    \r\n\r\n    <\/figure>\r\n\r\n            <a class=\"getStartedVisible\" href=\"https:\/\/app.talkpal.ai\/signup?lng=\">Empeza<\/a>\r\n    \r\n<\/section>\r\n\r\n\r\n<!-- <section class=\"grammarSection\">\r\n    <div class=\"grammarLinks\">\r\n            <\/div>\r\n<\/section> -->\r\n\r\n\r\n\r\n\r\n<section class=\"promotionalBanner\">\r\n    <p class=\"promotionalText\">A forma m\u00e1is eficaz de aprender un idioma<\/p>\r\n    <a class=\"promotionalLink\" href=\"https:\/\/app.talkpal.ai\/signup?lng=\">Proba Talkpal de balde<\/a>\r\n<\/section>\n<div class=\"wp-block-group pageContainerStyle\"><div class=\"wp-block-group__inner-container is-layout-constrained wp-block-group-is-layout-constrained\">\n<h2 class=\"wp-block-heading\" id=\"h-malay-grammar-topics\">Temas de gram\u00e1tica malaia<\/h2>\n\n\n\n<p>Aprender a lingua malaia pode ser unha experiencia enriquecedora, abrindo oportunidades para comprender o rico patrimonio cultural de Malaisia, <a href=\"https:\/\/talkpal.ai\/learn-indonesian\/\">Indonesia<\/a> e os pa\u00edses veci\u00f1os. A lingua pertence \u00e1 familia austronesia e \u00e9 falada por mill\u00f3ns de persoas en todo o sueste asi\u00e1tico. A s\u00faa gram\u00e1tica \u00e9 relativamente sinxela en comparaci\u00f3n con moitas linguas europeas, polo que \u00e9 unha opci\u00f3n atractiva para os <a href=\"https:\/\/talkpal.ai\/talkpal-discount-for-students\/\">estudantes<\/a> de idiomas. Antes de mergullarse nos diferentes aspectos da gram\u00e1tica malaia, \u00e9 esencial familiarizarse cos bloques b\u00e1sicos que constit\u00faen a lingua. Nesta gu\u00eda, exploraremos estes temas nunha secuencia que che axudar\u00e1 a aprender a lingua de forma eficaz.<\/p>\n\n\n\n<h3 class=\"wp-block-heading\" id=\"h-1-nouns\">1. Substantivos:<\/h3>\n\n\n\n<p>Comeza aprendendo substantivos malayos, as palabras que representan persoas, lugares, cousas e ideas. En <a href=\"https:\/\/talkpal.ai\/learn-malay\/\">malayo<\/a>, os substantivos non te\u00f1en x\u00e9nero ou plural como en moitas outras linguas, polo que son m\u00e1is sinxelos de aprender. Conc\u00e9ntrase en constru\u00edr o seu vocabulario memorizando substantivos com\u00fans e os seus significados.<\/p>\n\n\n\n<h3 class=\"wp-block-heading\" id=\"h-2-pronouns-determiners\">2. Pronomes\/Determinadores:<\/h3>\n\n\n\n<p>A continuaci\u00f3n, aprende os pronomes e determinantes malaios, que se usan para referirse aos substantivos. Os pronomes substit\u00faen os substantivos nas oraci\u00f3ns, mentres que os determinantes proporcionan informaci\u00f3n sobre o substantivo, como cantidade ou posesi\u00f3n. Familiar\u00edcese cos pronomes persoais (por exemplo, saya para &#8220;eu&#8221; e kamu para &#8220;ti&#8221;) e os determinantes posesivos (por exemplo, ini para &#8220;isto&#8221; e <a href=\"https:\/\/talkpal.ai\/locations\/language-courses-in-itu\/\">itu<\/a> para &#8220;iso&#8221;).<\/p>\n\n\n\n<h3 class=\"wp-block-heading\" id=\"h-3-articles\">3. Artigos:<\/h3>\n\n\n\n<p>A diferenza do <a href=\"https:\/\/talkpal.ai\/es\/locations\/aprende-ingles-en-orange\/\">ingl\u00e9s<\/a>, o malaio non ten artigos definidos ou indefinidos (por exemplo, &#8220;o&#8221; ou &#8220;a\/an&#8221;). Non obstante, a\u00ednda \u00e9 esencial comprender como a linguaxe indica especificidade e xeneralidade nas frases.<\/p>\n\n\n\n<h3 class=\"wp-block-heading\" id=\"h-4-verbs\">4. Verbos:<\/h3>\n\n\n\n<p>Os verbos son cruciais en malaio, xa que expresan acci\u00f3ns, estados ou ocorrencias. Aprende as formas verbais b\u00e1sicas e como conxugalas segundo o tempo, a persoa e o n\u00famero.<\/p>\n\n\n\n<h3 class=\"wp-block-heading\" id=\"h-5-tenses\">5. Tempos:<\/h3>\n\n\n\n<p>O malaio ten menos tempos que o ingl\u00e9s, con \u00e9nfase principal nas acci\u00f3ns pasadas, presentes e futuras. Aprende a expresar o tempo en malayo entendendo as diferenzas entre tempos simples, progresivos e perfectos.<\/p>\n\n\n\n<h3 class=\"wp-block-heading\" id=\"h-6-adjectives\">6. Adxectivos:<\/h3>\n\n\n\n<p>Os adxectivos describen ou modifican substantivos, achegando informaci\u00f3n adicional sobre as s\u00faas calidades ou caracter\u00edsticas. Aprende os adxectivos malaios com\u00fans e como cambian nas oraci\u00f3ns segundo o substantivo que modifican.<\/p>\n\n\n\n<h3 class=\"wp-block-heading\" id=\"h-7-adverbs\">7. Adverbios:<\/h3>\n\n\n\n<p>Os adverbios modifican verbos, adxectivos ou outros adverbios, proporcionando informaci\u00f3n sobre o tempo, o modo, o lugar ou o grao. Estudar os adverbios malaios com\u00fans e a s\u00faa colocaci\u00f3n nas oraci\u00f3ns.<\/p>\n\n\n\n<h3 class=\"wp-block-heading\" id=\"h-8-prepositions\">8. Preposici\u00f3ns:<\/h3>\n\n\n\n<p>As preposici\u00f3ns \u00fasanse para conectar substantivos, pronomes ou frases con outras palabras nunha oraci\u00f3n, mostrando relaci\u00f3ns como localizaci\u00f3n, direcci\u00f3n ou tempo. Aprende as preposici\u00f3ns malais com\u00fans e como funcionan nas oraci\u00f3ns.<\/p>\n\n\n\n<h3 class=\"wp-block-heading\" id=\"h-9-conditionals\">9. Condicionais:<\/h3>\n\n\n\n<p>As oraci\u00f3ns condicionais expresan situaci\u00f3ns ou condici\u00f3ns hipot\u00e9ticas e os seus posibles resultados. Aprende a formar oraci\u00f3ns condicionais en malaio usando as formas verbais e as conxunci\u00f3ns adecuadas.<\/p>\n\n\n\n<h3 class=\"wp-block-heading\" id=\"h-10-sentences\">10. Oraci\u00f3ns:<\/h3>\n\n\n\n<p>Por \u00faltimo, practique a construci\u00f3n de frases en malayo combinando substantivos, pronomes, verbos, adxectivos, adverbios e preposici\u00f3ns. Comprender a estrutura b\u00e1sica da oraci\u00f3n, como suxeito-verbo-obxecto, e practicar a creaci\u00f3n de oraci\u00f3ns complexas utilizando conxunci\u00f3ns e oraci\u00f3ns de relativo.<\/p>\n\n\n\n<p>Seguindo esta secuencia e dedicando tempo a practicar cada tema, crear\u00e1s unha base s\u00f3lida na gram\u00e1tica malaia e estar\u00e1s no cami\u00f1o de converterte nun falante competente da lingua.<\/p>\n<\/div><\/div>\n\r\n<section class=\"learnNavigationSection\">\r\n            \r\n        <a href=\"https:\/\/talkpal.ai\/gl\/aprende-malaio\/\">\r\n            <div class=\"learnNavigationWrapper\">\r\n                <div class=\"learnNavigationContent\">\r\n                    <img decoding=\"async\" src=\"https:\/\/talkpal.ai\/wp-content\/uploads\/2024\/08\/Malay.jpg\" alt=\"Malaysian Flag\">\r\n                    <div>\r\n                        <h4>Sobre a aprendizaxe do malayo<\/h4>\r\n                        <p>Descubre todo sobre a gram\u00e1tica malaia.<\/p>\r\n                    <\/div>\r\n                <\/div>\r\n            <\/div>\r\n        <\/a>\r\n\r\n        \r\n        <a href=\"https:\/\/talkpal.ai\/gl\/gramatica-malaia\/\">\r\n            <div class=\"learnNavigationWrapper\">\r\n                <div class=\"learnNavigationContent\">\r\n                    <img decoding=\"async\" src=\"https:\/\/talkpal.ai\/wp-content\/uploads\/2024\/08\/Malay.jpg\" alt=\"Malaysian Flag\">\r\n                    <div>\r\n                        <h4>Clases de gram\u00e1tica malaia<\/h4>\r\n                        <p>Practica a gram\u00e1tica malaia.<\/p>\r\n                    <\/div>\r\n                <\/div>\r\n            <\/div>\r\n        <\/a>\r\n\r\n        \r\n        <a href=\"https:\/\/talkpal.ai\/vocabulary_language\/malay\/\">\r\n            <div class=\"learnNavigationWrapper\">\r\n                <div class=\"learnNavigationContent\">\r\n                    <img decoding=\"async\" src=\"https:\/\/talkpal.ai\/wp-content\/uploads\/2024\/08\/Malay.jpg\" alt=\"Malaysian Flag\">\r\n                    <div>\r\n                        <h4>Vocabulario malaio<\/h4>\r\n                        <p>Ampl\u00eda o teu vocabulario malayo.<\/p>\r\n                    <\/div>\r\n                <\/div>\r\n            <\/div>\r\n        <\/a>\r\n\r\n            <\/section>","protected":false},"excerpt":{"rendered":"<p>Temas de gram\u00e1tica malaia Aprender a lingua malaia pode ser unha experiencia enriquecedora, abrindo oportunidades para comprender o rico patrimonio cultural de Malaisia, Indonesia e os pa\u00edses veci\u00f1os. A lingua pertence \u00e1 familia austronesia e \u00e9 falada por mill\u00f3ns de persoas en todo o sueste asi\u00e1tico. A s\u00faa gram\u00e1tica \u00e9 relativamente sinxela en comparaci\u00f3n con [&hellip;]<\/p>\n","protected":false},"author":6,"featured_media":115725,"parent":0,"menu_order":0,"comment_status":"closed","ping_status":"closed","template":"LearningContentPage.php","meta":{"_acf_changed":false,"footnotes":""},"class_list":["post-159642","page","type-page","status-publish","has-post-thumbnail","hentry"],"acf":[],"yoast_head":"<!-- This site is optimized with the Yoast SEO Premium plugin v27.2 (Yoast SEO v27.2) - https:\/\/yoast.com\/product\/yoast-seo-premium-wordpress\/ -->\n<title>Exercicios de gram\u00e1tica malaia - Talkpal<\/title>\n<meta name=\"description\" content=\"Mellora as t\u00faas habilidades ling\u00fc\u00edsticas con exercicios de gram\u00e1tica malaia. Aprende os conceptos b\u00e1sicos para unha mellor comprensi\u00f3n da lingua malaia.\" \/>\n<meta name=\"robots\" content=\"index, follow, max-snippet:-1, max-image-preview:large, max-video-preview:-1\" \/>\n<link rel=\"canonical\" href=\"https:\/\/talkpal.ai\/gl\/exercicios-de-gramatica-malaia\/\" \/>\n<meta property=\"og:locale\" content=\"gl_ES\" \/>\n<meta property=\"og:type\" content=\"article\" \/>\n<meta property=\"og:title\" content=\"Exercicios de gram\u00e1tica malaia\" \/>\n<meta property=\"og:description\" content=\"Temas de gram\u00e1tica malaia Aprender a lingua malaia pode ser unha experiencia enriquecedora, abrindo oportunidades para comprender o rico patrimonio\" \/>\n<meta property=\"og:url\" content=\"https:\/\/talkpal.ai\/gl\/exercicios-de-gramatica-malaia\/\" \/>\n<meta property=\"og:site_name\" content=\"Talkpal\" \/>\n<meta property=\"article:publisher\" content=\"https:\/\/www.facebook.com\/profile.php?id=100090733639311\" \/>\n<meta property=\"article:modified_time\" content=\"2025-12-17T15:12:54+00:00\" \/>\n<meta property=\"og:image\" content=\"https:\/\/talkpal.ai\/wp-content\/uploads\/2023\/05\/malaysia.png\" \/>\n\t<meta property=\"og:image:width\" content=\"512\" \/>\n\t<meta property=\"og:image:height\" content=\"512\" \/>\n\t<meta property=\"og:image:type\" content=\"image\/png\" \/>\n<meta name=\"twitter:card\" content=\"summary_large_image\" \/>\n<meta name=\"twitter:site\" content=\"@talkpalai\" \/>\n<meta name=\"twitter:label1\" content=\"Tempo de lectura\" \/>\n\t<meta name=\"twitter:data1\" content=\"3 minutos\" \/>\n<script type=\"application\/ld+json\" class=\"yoast-schema-graph\">{\"@context\":\"https:\/\/schema.org\",\"@graph\":[{\"@type\":\"WebPage\",\"@id\":\"https:\/\/talkpal.ai\/gl\/exercicios-de-gramatica-malaia\/\",\"url\":\"https:\/\/talkpal.ai\/gl\/exercicios-de-gramatica-malaia\/\",\"name\":\"Exercicios de gram\u00e1tica malaia - Talkpal\",\"isPartOf\":{\"@id\":\"https:\/\/talkpal.ai\/gl\/#website\"},\"primaryImageOfPage\":{\"@id\":\"https:\/\/talkpal.ai\/gl\/exercicios-de-gramatica-malaia\/#primaryimage\"},\"image\":{\"@id\":\"https:\/\/talkpal.ai\/gl\/exercicios-de-gramatica-malaia\/#primaryimage\"},\"thumbnailUrl\":\"https:\/\/talkpal.ai\/wp-content\/uploads\/2023\/05\/malaysia.png\",\"datePublished\":\"2023-06-22T08:29:59+00:00\",\"dateModified\":\"2025-12-17T15:12:54+00:00\",\"description\":\"Mellora as t\u00faas habilidades ling\u00fc\u00edsticas con exercicios de gram\u00e1tica malaia. Aprende os conceptos b\u00e1sicos para unha mellor comprensi\u00f3n da lingua malaia.\",\"breadcrumb\":{\"@id\":\"https:\/\/talkpal.ai\/gl\/exercicios-de-gramatica-malaia\/#breadcrumb\"},\"inLanguage\":\"gl-ES\",\"potentialAction\":[{\"@type\":\"ReadAction\",\"target\":[\"https:\/\/talkpal.ai\/gl\/exercicios-de-gramatica-malaia\/\"]}]},{\"@type\":\"ImageObject\",\"inLanguage\":\"gl-ES\",\"@id\":\"https:\/\/talkpal.ai\/gl\/exercicios-de-gramatica-malaia\/#primaryimage\",\"url\":\"https:\/\/talkpal.ai\/wp-content\/uploads\/2023\/05\/malaysia.png\",\"contentUrl\":\"https:\/\/talkpal.ai\/wp-content\/uploads\/2023\/05\/malaysia.png\",\"width\":512,\"height\":512},{\"@type\":\"BreadcrumbList\",\"@id\":\"https:\/\/talkpal.ai\/gl\/exercicios-de-gramatica-malaia\/#breadcrumb\",\"itemListElement\":[{\"@type\":\"ListItem\",\"position\":1,\"name\":\"Homepage\",\"item\":\"https:\/\/talkpal.ai\/gl\/\"},{\"@type\":\"ListItem\",\"position\":2,\"name\":\"Exercicios de gram\u00e1tica malaia\"}]},{\"@type\":\"WebSite\",\"@id\":\"https:\/\/talkpal.ai\/gl\/#website\",\"url\":\"https:\/\/talkpal.ai\/gl\/\",\"name\":\"Talkpal\",\"description\":\"AI Language Learning\",\"publisher\":{\"@id\":\"https:\/\/talkpal.ai\/gl\/#organization\"},\"alternateName\":\"Talkpal AI\",\"potentialAction\":[{\"@type\":\"SearchAction\",\"target\":{\"@type\":\"EntryPoint\",\"urlTemplate\":\"https:\/\/talkpal.ai\/gl\/?s={search_term_string}\"},\"query-input\":{\"@type\":\"PropertyValueSpecification\",\"valueRequired\":true,\"valueName\":\"search_term_string\"}}],\"inLanguage\":\"gl-ES\"},{\"@type\":\"Organization\",\"@id\":\"https:\/\/talkpal.ai\/gl\/#organization\",\"name\":\"Talkpal, Inc.\",\"alternateName\":\"Talkpal AI\",\"url\":\"https:\/\/talkpal.ai\/gl\/\",\"logo\":{\"@type\":\"ImageObject\",\"inLanguage\":\"gl-ES\",\"@id\":\"https:\/\/talkpal.ai\/gl\/#\/schema\/logo\/image\/\",\"url\":\"https:\/\/talkpal.ai\/wp-content\/uploads\/2024\/03\/Talkpal-Logo-Icon.png\",\"contentUrl\":\"https:\/\/talkpal.ai\/wp-content\/uploads\/2024\/03\/Talkpal-Logo-Icon.png\",\"width\":2880,\"height\":2880,\"caption\":\"Talkpal, Inc.\"},\"image\":{\"@id\":\"https:\/\/talkpal.ai\/gl\/#\/schema\/logo\/image\/\"},\"sameAs\":[\"https:\/\/www.facebook.com\/profile.php?id=100090733639311\",\"https:\/\/x.com\/talkpalai\",\"https:\/\/www.linkedin.com\/company\/talkpal\/\",\"https:\/\/www.youtube.com\/@TalkPal\/\",\"https:\/\/www.tiktok.com\/@talkpal\",\"https:\/\/www.instagram.com\/talkpal_ai\/\",\"https:\/\/www.crunchbase.com\/organization\/talkpal-9cde\",\"https:\/\/www.g2.com\/products\/talkpal-for-business\/\",\"https:\/\/www.trustpilot.com\/review\/talkpal.ai\",\"https:\/\/www.capterra.com\/p\/10006800\/TalkPal\/\"],\"description\":\"Talkpal is a language learning web and mobile education app, powered by the latest AI technologies, that provides engaging experiences to its customers in many different languages to help them improve their language skills. Users can chat about unlimited amount of topics with the app and use other modes to practice their language learning.\",\"email\":\"support@talkpal.ai\",\"legalName\":\"Talkpal, Inc.\",\"foundingDate\":\"2023-04-03\",\"duns\":\"118989042\",\"numberOfEmployees\":{\"@type\":\"QuantitativeValue\",\"minValue\":\"11\",\"maxValue\":\"50\"},\"publishingPrinciples\":\"https:\/\/talkpal.ai\/publishing-principles\/\",\"actionableFeedbackPolicy\":\"https:\/\/talkpal.ai\/actionable-feedback-policy\/\",\"correctionsPolicy\":\"https:\/\/talkpal.ai\/corrections-policy\/\",\"ethicsPolicy\":\"https:\/\/talkpal.ai\/ethics-policy\/\",\"diversityPolicy\":\"https:\/\/talkpal.ai\/diversity-policy\/\",\"diversityStaffingReport\":\"https:\/\/talkpal.ai\/diversity-policy\/\"}]}<\/script>\n<!-- \/ Yoast SEO Premium plugin. -->","yoast_head_json":{"title":"Exercicios de gram\u00e1tica malaia - Talkpal","description":"Mellora as t\u00faas habilidades ling\u00fc\u00edsticas con exercicios de gram\u00e1tica malaia. Aprende os conceptos b\u00e1sicos para unha mellor comprensi\u00f3n da lingua malaia.","robots":{"index":"index","follow":"follow","max-snippet":"max-snippet:-1","max-image-preview":"max-image-preview:large","max-video-preview":"max-video-preview:-1"},"canonical":"https:\/\/talkpal.ai\/gl\/exercicios-de-gramatica-malaia\/","og_locale":"gl_ES","og_type":"article","og_title":"Exercicios de gram\u00e1tica malaia","og_description":"Temas de gram\u00e1tica malaia Aprender a lingua malaia pode ser unha experiencia enriquecedora, abrindo oportunidades para comprender o rico patrimonio","og_url":"https:\/\/talkpal.ai\/gl\/exercicios-de-gramatica-malaia\/","og_site_name":"Talkpal","article_publisher":"https:\/\/www.facebook.com\/profile.php?id=100090733639311","article_modified_time":"2025-12-17T15:12:54+00:00","og_image":[{"width":512,"height":512,"url":"https:\/\/talkpal.ai\/wp-content\/uploads\/2023\/05\/malaysia.png","type":"image\/png"}],"twitter_card":"summary_large_image","twitter_site":"@talkpalai","twitter_misc":{"Tempo de lectura":"3 minutos"},"schema":{"@context":"https:\/\/schema.org","@graph":[{"@type":"WebPage","@id":"https:\/\/talkpal.ai\/gl\/exercicios-de-gramatica-malaia\/","url":"https:\/\/talkpal.ai\/gl\/exercicios-de-gramatica-malaia\/","name":"Exercicios de gram\u00e1tica malaia - Talkpal","isPartOf":{"@id":"https:\/\/talkpal.ai\/gl\/#website"},"primaryImageOfPage":{"@id":"https:\/\/talkpal.ai\/gl\/exercicios-de-gramatica-malaia\/#primaryimage"},"image":{"@id":"https:\/\/talkpal.ai\/gl\/exercicios-de-gramatica-malaia\/#primaryimage"},"thumbnailUrl":"https:\/\/talkpal.ai\/wp-content\/uploads\/2023\/05\/malaysia.png","datePublished":"2023-06-22T08:29:59+00:00","dateModified":"2025-12-17T15:12:54+00:00","description":"Mellora as t\u00faas habilidades ling\u00fc\u00edsticas con exercicios de gram\u00e1tica malaia. Aprende os conceptos b\u00e1sicos para unha mellor comprensi\u00f3n da lingua malaia.","breadcrumb":{"@id":"https:\/\/talkpal.ai\/gl\/exercicios-de-gramatica-malaia\/#breadcrumb"},"inLanguage":"gl-ES","potentialAction":[{"@type":"ReadAction","target":["https:\/\/talkpal.ai\/gl\/exercicios-de-gramatica-malaia\/"]}]},{"@type":"ImageObject","inLanguage":"gl-ES","@id":"https:\/\/talkpal.ai\/gl\/exercicios-de-gramatica-malaia\/#primaryimage","url":"https:\/\/talkpal.ai\/wp-content\/uploads\/2023\/05\/malaysia.png","contentUrl":"https:\/\/talkpal.ai\/wp-content\/uploads\/2023\/05\/malaysia.png","width":512,"height":512},{"@type":"BreadcrumbList","@id":"https:\/\/talkpal.ai\/gl\/exercicios-de-gramatica-malaia\/#breadcrumb","itemListElement":[{"@type":"ListItem","position":1,"name":"Homepage","item":"https:\/\/talkpal.ai\/gl\/"},{"@type":"ListItem","position":2,"name":"Exercicios de gram\u00e1tica malaia"}]},{"@type":"WebSite","@id":"https:\/\/talkpal.ai\/gl\/#website","url":"https:\/\/talkpal.ai\/gl\/","name":"Talkpal","description":"AI Language Learning","publisher":{"@id":"https:\/\/talkpal.ai\/gl\/#organization"},"alternateName":"Talkpal AI","potentialAction":[{"@type":"SearchAction","target":{"@type":"EntryPoint","urlTemplate":"https:\/\/talkpal.ai\/gl\/?s={search_term_string}"},"query-input":{"@type":"PropertyValueSpecification","valueRequired":true,"valueName":"search_term_string"}}],"inLanguage":"gl-ES"},{"@type":"Organization","@id":"https:\/\/talkpal.ai\/gl\/#organization","name":"Talkpal, Inc.","alternateName":"Talkpal AI","url":"https:\/\/talkpal.ai\/gl\/","logo":{"@type":"ImageObject","inLanguage":"gl-ES","@id":"https:\/\/talkpal.ai\/gl\/#\/schema\/logo\/image\/","url":"https:\/\/talkpal.ai\/wp-content\/uploads\/2024\/03\/Talkpal-Logo-Icon.png","contentUrl":"https:\/\/talkpal.ai\/wp-content\/uploads\/2024\/03\/Talkpal-Logo-Icon.png","width":2880,"height":2880,"caption":"Talkpal, Inc."},"image":{"@id":"https:\/\/talkpal.ai\/gl\/#\/schema\/logo\/image\/"},"sameAs":["https:\/\/www.facebook.com\/profile.php?id=100090733639311","https:\/\/x.com\/talkpalai","https:\/\/www.linkedin.com\/company\/talkpal\/","https:\/\/www.youtube.com\/@TalkPal\/","https:\/\/www.tiktok.com\/@talkpal","https:\/\/www.instagram.com\/talkpal_ai\/","https:\/\/www.crunchbase.com\/organization\/talkpal-9cde","https:\/\/www.g2.com\/products\/talkpal-for-business\/","https:\/\/www.trustpilot.com\/review\/talkpal.ai","https:\/\/www.capterra.com\/p\/10006800\/TalkPal\/"],"description":"Talkpal is a language learning web and mobile education app, powered by the latest AI technologies, that provides engaging experiences to its customers in many different languages to help them improve their language skills. Users can chat about unlimited amount of topics with the app and use other modes to practice their language learning.","email":"support@talkpal.ai","legalName":"Talkpal, Inc.","foundingDate":"2023-04-03","duns":"118989042","numberOfEmployees":{"@type":"QuantitativeValue","minValue":"11","maxValue":"50"},"publishingPrinciples":"https:\/\/talkpal.ai\/publishing-principles\/","actionableFeedbackPolicy":"https:\/\/talkpal.ai\/actionable-feedback-policy\/","correctionsPolicy":"https:\/\/talkpal.ai\/corrections-policy\/","ethicsPolicy":"https:\/\/talkpal.ai\/ethics-policy\/","diversityPolicy":"https:\/\/talkpal.ai\/diversity-policy\/","diversityStaffingReport":"https:\/\/talkpal.ai\/diversity-policy\/"}]}},"_links":{"self":[{"href":"https:\/\/talkpal.ai\/gl\/wp-json\/wp\/v2\/pages\/159642","targetHints":{"allow":["GET"]}}],"collection":[{"href":"https:\/\/talkpal.ai\/gl\/wp-json\/wp\/v2\/pages"}],"about":[{"href":"https:\/\/talkpal.ai\/gl\/wp-json\/wp\/v2\/types\/page"}],"author":[{"embeddable":true,"href":"https:\/\/talkpal.ai\/gl\/wp-json\/wp\/v2\/users\/6"}],"replies":[{"embeddable":true,"href":"https:\/\/talkpal.ai\/gl\/wp-json\/wp\/v2\/comments?post=159642"}],"version-history":[{"count":0,"href":"https:\/\/talkpal.ai\/gl\/wp-json\/wp\/v2\/pages\/159642\/revisions"}],"wp:featuredmedia":[{"embeddable":true,"href":"https:\/\/talkpal.ai\/gl\/wp-json\/wp\/v2\/media\/115725"}],"wp:attachment":[{"href":"https:\/\/talkpal.ai\/gl\/wp-json\/wp\/v2\/media?parent=159642"}],"curies":[{"name":"wp","href":"https:\/\/api.w.org\/{rel}","templated":true}]}}