{"id":159052,"date":"2023-06-22T08:43:13","date_gmt":"2023-06-22T08:43:13","guid":{"rendered":"http:\/\/talkpal.ai\/exercicios-de-gramatica-maori\/"},"modified":"2025-12-17T14:40:26","modified_gmt":"2025-12-17T14:40:26","slug":"exercicios-de-gramatica-maori","status":"publish","type":"page","link":"https:\/\/talkpal.ai\/gl\/exercicios-de-gramatica-maori\/","title":{"rendered":"Exercicios de gram\u00e1tica maor\u00ed"},"content":{"rendered":"\r\n\r\n\r\n<section class=\"languageChallengeSection\">\r\n    <div class=\"languageInfoWrapper\">\r\n        \r\n        <h1>Exercicios de gram\u00e1tica maor\u00ed<\/h1>\r\n        <p>Queres fortalecer as t\u00faas habilidades te reo <a href=\"https:\/\/talkpal.ai\/learn-maori\/\">maor\u00ed<\/a>? Practicar exercicios de gram\u00e1tica \u00e9 unha boa maneira de comprender a estrutura das frases, as formas verbais e os patr\u00f3ns clave da lingua. Comeza a explorar a <a href=\"https:\/\/talkpal.ai\/maori-grammar\/\">gram\u00e1tica maor\u00ed<\/a> hoxe mesmo e observa <a href=\"https:\/\/talkpal.ai\/locations\/language-courses-in-como\/\">como<\/a> medra a t\u00faa confianza e a t\u00faa habilidade con cada novo exercicio!<\/p>\r\n\r\n                            <a class=\"getStartedHidden\" href=\"https:\/\/app.talkpal.ai\/signup?lng=\">Empeza<\/a>\r\n        \r\n    <\/div>\r\n\r\n    <figure>\r\n    <img decoding=\"async\" width=\"768\" height=\"768\" src=\"https:\/\/talkpal.ai\/wp-content\/uploads\/2023\/06\/maori-768x768.png\" class=\"languageImage no-lazy\" alt=\"Language learning for social and professional settings\" fetchpriority=\"high\" sizes=\"(max-width: 768px) 150px, 768px\" srcset=\"https:\/\/talkpal.ai\/wp-content\/uploads\/2023\/06\/maori-768x768.png 768w, https:\/\/talkpal.ai\/wp-content\/uploads\/2023\/06\/maori-300x300.png 300w\" \/>\r\n    \r\n\r\n    <\/figure>\r\n\r\n            <a class=\"getStartedVisible\" href=\"https:\/\/app.talkpal.ai\/signup?lng=\">Empeza<\/a>\r\n    \r\n<\/section>\r\n\r\n\r\n<!-- <section class=\"grammarSection\">\r\n    <div class=\"grammarLinks\">\r\n            <\/div>\r\n<\/section> -->\r\n\r\n\r\n\r\n\r\n<section class=\"promotionalBanner\">\r\n    <p class=\"promotionalText\">A forma m\u00e1is eficaz de aprender un idioma<\/p>\r\n    <a class=\"promotionalLink\" href=\"https:\/\/app.talkpal.ai\/signup?lng=\">Proba Talkpal de balde<\/a>\r\n<\/section>\n<div class=\"wp-block-group pageContainerStyle\"><div class=\"wp-block-group__inner-container is-layout-constrained wp-block-group-is-layout-constrained\">\n<h2 class=\"wp-block-heading\" id=\"h-maori-grammar-topics\">Temas de gram\u00e1tica maor\u00ed<\/h2>\n\n\n\n<p>A lingua maor\u00ed, co\u00f1ecida <a href=\"https:\/\/talkpal.ai\/locations\/language-courses-in-como\/\">como<\/a> te reo maor\u00ed, \u00e9 unha lingua da Polinesia oriental orixinaria de Nova Zelanda. Como lingua oficial do pa\u00eds, ten un rico patrimonio cultural e caracter\u00edsticas ling\u00fc\u00edsticas \u00fanicas. Aprender a gram\u00e1tica maor\u00ed \u00e9 esencial para comprender e comunicarse con eficacia na lingua. Esta gu\u00eda ofrece unha visi\u00f3n xeral dos temas cruciais de gram\u00e1tica maor\u00ed, organizados nunha secuencia dese\u00f1ada para facilitar o seu proceso de <a href=\"https:\/\/talkpal.ai\/gl\/aprendizaxe\/\">aprendizaxe<\/a>. Desde tempos e verbos ata adxectivos e preposici\u00f3ns, esta gu\u00eda axudarache a comprender os elementos esenciais da gram\u00e1tica maor\u00ed e a emprender a t\u00faa viaxe de aprendizaxe de linguas.<\/p>\n\n\n\n<h3 class=\"wp-block-heading\" id=\"h-1-tenses\">1. Tempos:<\/h3>\n\n\n\n<p>En maor\u00ed, hai dous tempos primarios: pasado e non pasado. O tempo pasado indica acci\u00f3ns ou acontecementos que xa sucederon, mentres que o tempo non pret\u00e9rito engloba acci\u00f3ns presentes e futuras. Comprender estes tempos \u00e9 fundamental para formar oraci\u00f3ns e transmitir o significado con precisi\u00f3n.<\/p>\n\n\n\n<h3 class=\"wp-block-heading\" id=\"h-2-tense-comparison\">2. Comparaci\u00f3n de tempo:<\/h3>\n\n\n\n<p>Ao comparar tempos en maor\u00ed, \u00e9 esencial comprender como se forman oraci\u00f3ns utilizando os diferentes tempos e facer as comparaci\u00f3ns adecuadas entre eles. Este co\u00f1ecemento axudarache a expresar acci\u00f3ns e acontecementos en diversos contextos temporais.<\/p>\n\n\n\n<h3 class=\"wp-block-heading\" id=\"h-3-progressive\">3. Progresivo:<\/h3>\n\n\n\n<p>O aspecto progresivo en maor\u00ed indica acci\u00f3ns continuas ou continuas. Aprender a utilizar o aspecto progresivo permitirache describir acci\u00f3ns que est\u00e1n a suceder no momento, engadindo profundidade \u00e1 t\u00faa comunicaci\u00f3n.<\/p>\n\n\n\n<h3 class=\"wp-block-heading\" id=\"h-4-perfect-progressive\">4. Perfecto progresivo:<\/h3>\n\n\n\n<p>O aspecto progresivo perfecto combina elementos tanto do aspecto perfecto como do progresivo, indicando acci\u00f3ns que estiveron en curso pero que agora est\u00e1n completadas. Dominar este aspecto axudarache a transmitir ideas e situaci\u00f3ns m\u00e1is complexas.<\/p>\n\n\n\n<h3 class=\"wp-block-heading\" id=\"h-5-verbs\">5. Verbos:<\/h3>\n\n\n\n<p>Os verbos son fundamentais para constru\u00edr frases e expresar acci\u00f3ns ou estados de ser en maor\u00ed. Familiarizarse coa conxugaci\u00f3n dos verbos, os verbos com\u00fans e o seu uso \u00e9 esencial para unha comunicaci\u00f3n eficaz.<\/p>\n\n\n\n<h3 class=\"wp-block-heading\" id=\"h-6-nouns\">6. Substantivos:<\/h3>\n\n\n\n<p>Os substantivos son a base de calquera lingua, representando persoas, lugares, cousas ou ideas. Aprender substantivos maor\u00eds axudarache a constru\u00edr o teu vocabulario e mellorar a t\u00faa comprensi\u00f3n xeral da lingua.<\/p>\n\n\n\n<h3 class=\"wp-block-heading\" id=\"h-7-articles\">7. Artigos:<\/h3>\n\n\n\n<p>O maor\u00ed <a href=\"https:\/\/talkpal.ai\/locations\/learn-english-in-usa\/\">usa<\/a> artigos para especificar a definici\u00f3n ou indefinici\u00f3n dun substantivo. Comprender o uso dos artigos axudarache a constru\u00edr frases con claridade e precisi\u00f3n.<\/p>\n\n\n\n<h3 class=\"wp-block-heading\" id=\"h-8-pronouns-determiners\">8. Pronomes\/Determinadores:<\/h3>\n\n\n\n<p>Os pronomes e determinantes xogan un papel vital na gram\u00e1tica maor\u00ed, axudando a identificar ou especificar un substantivo. Familiar\u00edzate con varios pronomes e determinantes para mellorar as t\u00faas habilidades ling\u00fc\u00edsticas.<\/p>\n\n\n\n<h3 class=\"wp-block-heading\" id=\"h-9-adjectives\">9. Adxectivos:<\/h3>\n\n\n\n<p>Os adxectivos proporcionan descrici\u00f3ns, calidades ou atributos aos substantivos. Aprender adxectivos maor\u00eds permitirache expresar ideas m\u00e1is detalladas e matizadas.<\/p>\n\n\n\n<h3 class=\"wp-block-heading\" id=\"h-10-adverbs\">10. Adverbios:<\/h3>\n\n\n\n<p>Os adverbios modifican verbos, adxectivos ou outros adverbios, proporcionando informaci\u00f3n adicional sobre acci\u00f3ns ou calidades. Dominar os adverbios maor\u00eds axudarache a transmitir o significado de forma m\u00e1is eficaz e a engadir variedade \u00e1s t\u00faas frases.<\/p>\n\n\n\n<h3 class=\"wp-block-heading\" id=\"h-11-conditionals\">11. Condicionais:<\/h3>\n\n\n\n<p>Os condicionais \u00fasanse para expresar situaci\u00f3ns ou consecuencias hipot\u00e9ticas en maor\u00ed. Comprender as formas condicionais axudarache a comunicar ideas e posibilidades complexas.<\/p>\n\n\n\n<h3 class=\"wp-block-heading\" id=\"h-12-prepositions\">12. Preposici\u00f3ns:<\/h3>\n\n\n\n<p>As preposici\u00f3ns son esenciais para indicar relaci\u00f3ns entre palabras, como localizaci\u00f3n, direcci\u00f3n ou tempo. Aprender as preposici\u00f3ns maor\u00edes axudarache a constru\u00edr frases m\u00e1is complexas e significativas.<\/p>\n\n\n\n<h3 class=\"wp-block-heading\" id=\"h-13-sentences\">13. Oraci\u00f3ns:<\/h3>\n\n\n\n<p>Finalmente, comprender a estrutura das frases e a orde das palabras \u00e9 crucial para unha comunicaci\u00f3n eficaz en maor\u00ed. Familiar\u00edcese con varios patr\u00f3ns de oraci\u00f3ns e practique a construci\u00f3n de frases utilizando os temas gramaticais tratados nesta gu\u00eda.<\/p>\n<\/div><\/div>\n\r\n<section class=\"learnNavigationSection\">\r\n            \r\n        <a href=\"https:\/\/talkpal.ai\/gl\/aprende-maori\/\">\r\n            <div class=\"learnNavigationWrapper\">\r\n                <div class=\"learnNavigationContent\">\r\n                    <img decoding=\"async\" src=\"https:\/\/talkpal.ai\/wp-content\/uploads\/2024\/08\/Maori.jpg\" alt=\"New Zealand Flag\">\r\n                    <div>\r\n                        <h4>Clases de gram\u00e1tica maor\u00ed<\/h4>\r\n                        <p>Descubre todo sobre a gram\u00e1tica maor\u00ed.<\/p>\r\n                    <\/div>\r\n                <\/div>\r\n            <\/div>\r\n        <\/a>\r\n\r\n        \r\n        <a href=\"https:\/\/talkpal.ai\/gl\/gramatica-maori\/\">\r\n            <div class=\"learnNavigationWrapper\">\r\n                <div class=\"learnNavigationContent\">\r\n                    <img decoding=\"async\" src=\"https:\/\/talkpal.ai\/wp-content\/uploads\/2024\/08\/Maori.jpg\" alt=\"New Zealand Flag\">\r\n                    <div>\r\n                        <h4>Clases de gram\u00e1tica maor\u00ed<\/h4>\r\n                        <p>Practica a gram\u00e1tica maor\u00ed.<\/p>\r\n                    <\/div>\r\n                <\/div>\r\n            <\/div>\r\n        <\/a>\r\n\r\n        \r\n        <a href=\"https:\/\/talkpal.ai\/vocabulary_language\/maori\/\">\r\n            <div class=\"learnNavigationWrapper\">\r\n                <div class=\"learnNavigationContent\">\r\n                    <img decoding=\"async\" src=\"https:\/\/talkpal.ai\/wp-content\/uploads\/2024\/08\/Maori.jpg\" alt=\"New Zealand Flag\">\r\n                    <div>\r\n                        <h4>Vocabulario maor\u00ed<\/h4>\r\n                        <p>Ampl\u00eda o teu vocabulario maor\u00ed.<\/p>\r\n                    <\/div>\r\n                <\/div>\r\n            <\/div>\r\n        <\/a>\r\n\r\n            <\/section>","protected":false},"excerpt":{"rendered":"<p>Temas de gram\u00e1tica maor\u00ed A lingua maor\u00ed, co\u00f1ecida como te reo maor\u00ed, \u00e9 unha lingua da Polinesia oriental orixinaria de Nova Zelanda. Como lingua oficial do pa\u00eds, ten un rico patrimonio cultural e caracter\u00edsticas ling\u00fc\u00edsticas \u00fanicas. Aprender a gram\u00e1tica maor\u00ed \u00e9 esencial para comprender e comunicarse con eficacia na lingua. Esta gu\u00eda ofrece unha visi\u00f3n [&hellip;]<\/p>\n","protected":false},"author":6,"featured_media":116585,"parent":0,"menu_order":0,"comment_status":"closed","ping_status":"closed","template":"LearningContentPage.php","meta":{"_acf_changed":false,"footnotes":""},"class_list":["post-159052","page","type-page","status-publish","has-post-thumbnail","hentry"],"acf":[],"yoast_head":"<!-- This site is optimized with the Yoast SEO Premium plugin v27.2 (Yoast SEO v27.2) - https:\/\/yoast.com\/product\/yoast-seo-premium-wordpress\/ -->\n<title>Exercicios de gram\u00e1tica maor\u00ed - Talkpal<\/title>\n<meta name=\"description\" content=\"Mellora as t\u00faas habilidades ling\u00fc\u00edsticas con exercicios de gram\u00e1tica maor\u00ed dese\u00f1ados para aumentar a t\u00faa comprensi\u00f3n e fluidez en maor\u00ed.\" \/>\n<meta name=\"robots\" content=\"index, follow, max-snippet:-1, max-image-preview:large, max-video-preview:-1\" \/>\n<link rel=\"canonical\" href=\"https:\/\/talkpal.ai\/gl\/exercicios-de-gramatica-maori\/\" \/>\n<meta property=\"og:locale\" content=\"gl_ES\" \/>\n<meta property=\"og:type\" content=\"article\" \/>\n<meta property=\"og:title\" content=\"Exercicios de gram\u00e1tica maor\u00ed\" \/>\n<meta property=\"og:description\" content=\"Temas de gram\u00e1tica maor\u00ed A lingua maor\u00ed, co\u00f1ecida como te reo maor\u00ed, \u00e9 unha lingua da Polinesia oriental orixinaria de Nova Zelanda. Como lingua oficial\" \/>\n<meta property=\"og:url\" content=\"https:\/\/talkpal.ai\/gl\/exercicios-de-gramatica-maori\/\" \/>\n<meta property=\"og:site_name\" content=\"Talkpal\" \/>\n<meta property=\"article:publisher\" content=\"https:\/\/www.facebook.com\/profile.php?id=100090733639311\" \/>\n<meta property=\"article:modified_time\" content=\"2025-12-17T14:40:26+00:00\" \/>\n<meta property=\"og:image\" content=\"https:\/\/talkpal.ai\/wp-content\/uploads\/2023\/05\/Maori-new-zealand.png\" \/>\n\t<meta property=\"og:image:width\" content=\"512\" \/>\n\t<meta property=\"og:image:height\" content=\"512\" \/>\n\t<meta property=\"og:image:type\" content=\"image\/png\" \/>\n<meta name=\"twitter:card\" content=\"summary_large_image\" \/>\n<meta name=\"twitter:site\" content=\"@talkpalai\" \/>\n<meta name=\"twitter:label1\" content=\"Tempo de lectura\" \/>\n\t<meta name=\"twitter:data1\" content=\"3 minutos\" \/>\n<script type=\"application\/ld+json\" class=\"yoast-schema-graph\">{\"@context\":\"https:\/\/schema.org\",\"@graph\":[{\"@type\":\"WebPage\",\"@id\":\"https:\/\/talkpal.ai\/gl\/exercicios-de-gramatica-maori\/\",\"url\":\"https:\/\/talkpal.ai\/gl\/exercicios-de-gramatica-maori\/\",\"name\":\"Exercicios de gram\u00e1tica maor\u00ed - Talkpal\",\"isPartOf\":{\"@id\":\"https:\/\/talkpal.ai\/gl\/#website\"},\"primaryImageOfPage\":{\"@id\":\"https:\/\/talkpal.ai\/gl\/exercicios-de-gramatica-maori\/#primaryimage\"},\"image\":{\"@id\":\"https:\/\/talkpal.ai\/gl\/exercicios-de-gramatica-maori\/#primaryimage\"},\"thumbnailUrl\":\"https:\/\/talkpal.ai\/wp-content\/uploads\/2023\/05\/Maori-new-zealand.png\",\"datePublished\":\"2023-06-22T08:43:13+00:00\",\"dateModified\":\"2025-12-17T14:40:26+00:00\",\"description\":\"Mellora as t\u00faas habilidades ling\u00fc\u00edsticas con exercicios de gram\u00e1tica maor\u00ed dese\u00f1ados para aumentar a t\u00faa comprensi\u00f3n e fluidez en maor\u00ed.\",\"breadcrumb\":{\"@id\":\"https:\/\/talkpal.ai\/gl\/exercicios-de-gramatica-maori\/#breadcrumb\"},\"inLanguage\":\"gl-ES\",\"potentialAction\":[{\"@type\":\"ReadAction\",\"target\":[\"https:\/\/talkpal.ai\/gl\/exercicios-de-gramatica-maori\/\"]}]},{\"@type\":\"ImageObject\",\"inLanguage\":\"gl-ES\",\"@id\":\"https:\/\/talkpal.ai\/gl\/exercicios-de-gramatica-maori\/#primaryimage\",\"url\":\"https:\/\/talkpal.ai\/wp-content\/uploads\/2023\/05\/Maori-new-zealand.png\",\"contentUrl\":\"https:\/\/talkpal.ai\/wp-content\/uploads\/2023\/05\/Maori-new-zealand.png\",\"width\":512,\"height\":512},{\"@type\":\"BreadcrumbList\",\"@id\":\"https:\/\/talkpal.ai\/gl\/exercicios-de-gramatica-maori\/#breadcrumb\",\"itemListElement\":[{\"@type\":\"ListItem\",\"position\":1,\"name\":\"Homepage\",\"item\":\"https:\/\/talkpal.ai\/gl\/\"},{\"@type\":\"ListItem\",\"position\":2,\"name\":\"Exercicios de gram\u00e1tica maor\u00ed\"}]},{\"@type\":\"WebSite\",\"@id\":\"https:\/\/talkpal.ai\/gl\/#website\",\"url\":\"https:\/\/talkpal.ai\/gl\/\",\"name\":\"Talkpal\",\"description\":\"AI Language Learning\",\"publisher\":{\"@id\":\"https:\/\/talkpal.ai\/gl\/#organization\"},\"alternateName\":\"Talkpal AI\",\"potentialAction\":[{\"@type\":\"SearchAction\",\"target\":{\"@type\":\"EntryPoint\",\"urlTemplate\":\"https:\/\/talkpal.ai\/gl\/?s={search_term_string}\"},\"query-input\":{\"@type\":\"PropertyValueSpecification\",\"valueRequired\":true,\"valueName\":\"search_term_string\"}}],\"inLanguage\":\"gl-ES\"},{\"@type\":\"Organization\",\"@id\":\"https:\/\/talkpal.ai\/gl\/#organization\",\"name\":\"Talkpal, Inc.\",\"alternateName\":\"Talkpal AI\",\"url\":\"https:\/\/talkpal.ai\/gl\/\",\"logo\":{\"@type\":\"ImageObject\",\"inLanguage\":\"gl-ES\",\"@id\":\"https:\/\/talkpal.ai\/gl\/#\/schema\/logo\/image\/\",\"url\":\"https:\/\/talkpal.ai\/wp-content\/uploads\/2024\/03\/Talkpal-Logo-Icon.png\",\"contentUrl\":\"https:\/\/talkpal.ai\/wp-content\/uploads\/2024\/03\/Talkpal-Logo-Icon.png\",\"width\":2880,\"height\":2880,\"caption\":\"Talkpal, Inc.\"},\"image\":{\"@id\":\"https:\/\/talkpal.ai\/gl\/#\/schema\/logo\/image\/\"},\"sameAs\":[\"https:\/\/www.facebook.com\/profile.php?id=100090733639311\",\"https:\/\/x.com\/talkpalai\",\"https:\/\/www.linkedin.com\/company\/talkpal\/\",\"https:\/\/www.youtube.com\/@TalkPal\/\",\"https:\/\/www.tiktok.com\/@talkpal\",\"https:\/\/www.instagram.com\/talkpal_ai\/\",\"https:\/\/www.crunchbase.com\/organization\/talkpal-9cde\",\"https:\/\/www.g2.com\/products\/talkpal-for-business\/\",\"https:\/\/www.trustpilot.com\/review\/talkpal.ai\",\"https:\/\/www.capterra.com\/p\/10006800\/TalkPal\/\"],\"description\":\"Talkpal is a language learning web and mobile education app, powered by the latest AI technologies, that provides engaging experiences to its customers in many different languages to help them improve their language skills. Users can chat about unlimited amount of topics with the app and use other modes to practice their language learning.\",\"email\":\"support@talkpal.ai\",\"legalName\":\"Talkpal, Inc.\",\"foundingDate\":\"2023-04-03\",\"duns\":\"118989042\",\"numberOfEmployees\":{\"@type\":\"QuantitativeValue\",\"minValue\":\"11\",\"maxValue\":\"50\"},\"publishingPrinciples\":\"https:\/\/talkpal.ai\/publishing-principles\/\",\"actionableFeedbackPolicy\":\"https:\/\/talkpal.ai\/actionable-feedback-policy\/\",\"correctionsPolicy\":\"https:\/\/talkpal.ai\/corrections-policy\/\",\"ethicsPolicy\":\"https:\/\/talkpal.ai\/ethics-policy\/\",\"diversityPolicy\":\"https:\/\/talkpal.ai\/diversity-policy\/\",\"diversityStaffingReport\":\"https:\/\/talkpal.ai\/diversity-policy\/\"}]}<\/script>\n<!-- \/ Yoast SEO Premium plugin. -->","yoast_head_json":{"title":"Exercicios de gram\u00e1tica maor\u00ed - Talkpal","description":"Mellora as t\u00faas habilidades ling\u00fc\u00edsticas con exercicios de gram\u00e1tica maor\u00ed dese\u00f1ados para aumentar a t\u00faa comprensi\u00f3n e fluidez en maor\u00ed.","robots":{"index":"index","follow":"follow","max-snippet":"max-snippet:-1","max-image-preview":"max-image-preview:large","max-video-preview":"max-video-preview:-1"},"canonical":"https:\/\/talkpal.ai\/gl\/exercicios-de-gramatica-maori\/","og_locale":"gl_ES","og_type":"article","og_title":"Exercicios de gram\u00e1tica maor\u00ed","og_description":"Temas de gram\u00e1tica maor\u00ed A lingua maor\u00ed, co\u00f1ecida como te reo maor\u00ed, \u00e9 unha lingua da Polinesia oriental orixinaria de Nova Zelanda. Como lingua oficial","og_url":"https:\/\/talkpal.ai\/gl\/exercicios-de-gramatica-maori\/","og_site_name":"Talkpal","article_publisher":"https:\/\/www.facebook.com\/profile.php?id=100090733639311","article_modified_time":"2025-12-17T14:40:26+00:00","og_image":[{"width":512,"height":512,"url":"https:\/\/talkpal.ai\/wp-content\/uploads\/2023\/05\/Maori-new-zealand.png","type":"image\/png"}],"twitter_card":"summary_large_image","twitter_site":"@talkpalai","twitter_misc":{"Tempo de lectura":"3 minutos"},"schema":{"@context":"https:\/\/schema.org","@graph":[{"@type":"WebPage","@id":"https:\/\/talkpal.ai\/gl\/exercicios-de-gramatica-maori\/","url":"https:\/\/talkpal.ai\/gl\/exercicios-de-gramatica-maori\/","name":"Exercicios de gram\u00e1tica maor\u00ed - Talkpal","isPartOf":{"@id":"https:\/\/talkpal.ai\/gl\/#website"},"primaryImageOfPage":{"@id":"https:\/\/talkpal.ai\/gl\/exercicios-de-gramatica-maori\/#primaryimage"},"image":{"@id":"https:\/\/talkpal.ai\/gl\/exercicios-de-gramatica-maori\/#primaryimage"},"thumbnailUrl":"https:\/\/talkpal.ai\/wp-content\/uploads\/2023\/05\/Maori-new-zealand.png","datePublished":"2023-06-22T08:43:13+00:00","dateModified":"2025-12-17T14:40:26+00:00","description":"Mellora as t\u00faas habilidades ling\u00fc\u00edsticas con exercicios de gram\u00e1tica maor\u00ed dese\u00f1ados para aumentar a t\u00faa comprensi\u00f3n e fluidez en maor\u00ed.","breadcrumb":{"@id":"https:\/\/talkpal.ai\/gl\/exercicios-de-gramatica-maori\/#breadcrumb"},"inLanguage":"gl-ES","potentialAction":[{"@type":"ReadAction","target":["https:\/\/talkpal.ai\/gl\/exercicios-de-gramatica-maori\/"]}]},{"@type":"ImageObject","inLanguage":"gl-ES","@id":"https:\/\/talkpal.ai\/gl\/exercicios-de-gramatica-maori\/#primaryimage","url":"https:\/\/talkpal.ai\/wp-content\/uploads\/2023\/05\/Maori-new-zealand.png","contentUrl":"https:\/\/talkpal.ai\/wp-content\/uploads\/2023\/05\/Maori-new-zealand.png","width":512,"height":512},{"@type":"BreadcrumbList","@id":"https:\/\/talkpal.ai\/gl\/exercicios-de-gramatica-maori\/#breadcrumb","itemListElement":[{"@type":"ListItem","position":1,"name":"Homepage","item":"https:\/\/talkpal.ai\/gl\/"},{"@type":"ListItem","position":2,"name":"Exercicios de gram\u00e1tica maor\u00ed"}]},{"@type":"WebSite","@id":"https:\/\/talkpal.ai\/gl\/#website","url":"https:\/\/talkpal.ai\/gl\/","name":"Talkpal","description":"AI Language Learning","publisher":{"@id":"https:\/\/talkpal.ai\/gl\/#organization"},"alternateName":"Talkpal AI","potentialAction":[{"@type":"SearchAction","target":{"@type":"EntryPoint","urlTemplate":"https:\/\/talkpal.ai\/gl\/?s={search_term_string}"},"query-input":{"@type":"PropertyValueSpecification","valueRequired":true,"valueName":"search_term_string"}}],"inLanguage":"gl-ES"},{"@type":"Organization","@id":"https:\/\/talkpal.ai\/gl\/#organization","name":"Talkpal, Inc.","alternateName":"Talkpal AI","url":"https:\/\/talkpal.ai\/gl\/","logo":{"@type":"ImageObject","inLanguage":"gl-ES","@id":"https:\/\/talkpal.ai\/gl\/#\/schema\/logo\/image\/","url":"https:\/\/talkpal.ai\/wp-content\/uploads\/2024\/03\/Talkpal-Logo-Icon.png","contentUrl":"https:\/\/talkpal.ai\/wp-content\/uploads\/2024\/03\/Talkpal-Logo-Icon.png","width":2880,"height":2880,"caption":"Talkpal, Inc."},"image":{"@id":"https:\/\/talkpal.ai\/gl\/#\/schema\/logo\/image\/"},"sameAs":["https:\/\/www.facebook.com\/profile.php?id=100090733639311","https:\/\/x.com\/talkpalai","https:\/\/www.linkedin.com\/company\/talkpal\/","https:\/\/www.youtube.com\/@TalkPal\/","https:\/\/www.tiktok.com\/@talkpal","https:\/\/www.instagram.com\/talkpal_ai\/","https:\/\/www.crunchbase.com\/organization\/talkpal-9cde","https:\/\/www.g2.com\/products\/talkpal-for-business\/","https:\/\/www.trustpilot.com\/review\/talkpal.ai","https:\/\/www.capterra.com\/p\/10006800\/TalkPal\/"],"description":"Talkpal is a language learning web and mobile education app, powered by the latest AI technologies, that provides engaging experiences to its customers in many different languages to help them improve their language skills. Users can chat about unlimited amount of topics with the app and use other modes to practice their language learning.","email":"support@talkpal.ai","legalName":"Talkpal, Inc.","foundingDate":"2023-04-03","duns":"118989042","numberOfEmployees":{"@type":"QuantitativeValue","minValue":"11","maxValue":"50"},"publishingPrinciples":"https:\/\/talkpal.ai\/publishing-principles\/","actionableFeedbackPolicy":"https:\/\/talkpal.ai\/actionable-feedback-policy\/","correctionsPolicy":"https:\/\/talkpal.ai\/corrections-policy\/","ethicsPolicy":"https:\/\/talkpal.ai\/ethics-policy\/","diversityPolicy":"https:\/\/talkpal.ai\/diversity-policy\/","diversityStaffingReport":"https:\/\/talkpal.ai\/diversity-policy\/"}]}},"_links":{"self":[{"href":"https:\/\/talkpal.ai\/gl\/wp-json\/wp\/v2\/pages\/159052","targetHints":{"allow":["GET"]}}],"collection":[{"href":"https:\/\/talkpal.ai\/gl\/wp-json\/wp\/v2\/pages"}],"about":[{"href":"https:\/\/talkpal.ai\/gl\/wp-json\/wp\/v2\/types\/page"}],"author":[{"embeddable":true,"href":"https:\/\/talkpal.ai\/gl\/wp-json\/wp\/v2\/users\/6"}],"replies":[{"embeddable":true,"href":"https:\/\/talkpal.ai\/gl\/wp-json\/wp\/v2\/comments?post=159052"}],"version-history":[{"count":0,"href":"https:\/\/talkpal.ai\/gl\/wp-json\/wp\/v2\/pages\/159052\/revisions"}],"wp:featuredmedia":[{"embeddable":true,"href":"https:\/\/talkpal.ai\/gl\/wp-json\/wp\/v2\/media\/116585"}],"wp:attachment":[{"href":"https:\/\/talkpal.ai\/gl\/wp-json\/wp\/v2\/media?parent=159052"}],"curies":[{"name":"wp","href":"https:\/\/api.w.org\/{rel}","templated":true}]}}