{"id":153822,"date":"2023-05-14T14:25:05","date_gmt":"2023-05-14T14:25:05","guid":{"rendered":"http:\/\/talkpal.ai\/gramatica-suahili\/"},"modified":"2025-12-13T15:54:29","modified_gmt":"2025-12-13T15:54:29","slug":"gramatica-suahili","status":"publish","type":"page","link":"https:\/\/talkpal.ai\/gl\/gramatica-suahili\/","title":{"rendered":"Gram\u00e1tica suahili"},"content":{"rendered":"\r\n\r\n\r\n<section class=\"languageChallengeSection\">\r\n    <div class=\"languageInfoWrapper\">\r\n        \r\n        <h1>Gram\u00e1tica suahili<\/h1>\r\n        <p>Desvela os segredos da <a href=\"https:\/\/talkpal.ai\/swahili-grammar\/\">gram\u00e1tica suahili<\/a> e mellora as t\u00faas habilidades ling\u00fc\u00edsticas con lecci\u00f3ns interesantes e exemplos da vida real. Merg\u00fallate nos fundamentos da estrutura das frases, os patr\u00f3ns verbais e as regras gramaticais esenciais. Practica o que aprendes con exercicios interactivos dese\u00f1ados para reforzar a t\u00faa comprensi\u00f3n. Comeza a dominar a gram\u00e1tica <a href=\"https:\/\/talkpal.ai\/learn-swahili\/\">suahili<\/a> hoxe mesmo e comun\u00edcate con m\u00e1is confianza!<\/p>\r\n\r\n                            <a class=\"getStartedHidden\" href=\"https:\/\/app.talkpal.ai\/signup?lng=\">Empeza<\/a>\r\n        \r\n    <\/div>\r\n\r\n    <figure>\r\n    <img decoding=\"async\" width=\"768\" height=\"768\" src=\"https:\/\/talkpal.ai\/wp-content\/uploads\/2023\/06\/Swahili-768x768.png\" class=\"languageImage no-lazy\" alt=\"Secrets to master language learning\" fetchpriority=\"high\" sizes=\"(max-width: 768px) 150px, 768px\" srcset=\"https:\/\/talkpal.ai\/wp-content\/uploads\/2023\/06\/Swahili-768x768.png 768w, https:\/\/talkpal.ai\/wp-content\/uploads\/2023\/06\/Swahili-300x300.png 300w\" \/>\r\n    \r\n\r\n    <\/figure>\r\n\r\n            <a class=\"getStartedVisible\" href=\"https:\/\/app.talkpal.ai\/signup?lng=\">Empeza<\/a>\r\n    \r\n<\/section>\r\n<section class=\"promotionalBanner\">\r\n    <p class=\"promotionalText\">A forma m\u00e1is eficaz de aprender un idioma<\/p>\r\n    <a class=\"promotionalLink\" href=\"https:\/\/app.talkpal.ai\/signup?lng=\">Proba Talkpal de balde<\/a>\r\n<\/section>\n<div class=\"wp-block-group pageContainerStyle\"><div class=\"wp-block-group__inner-container is-layout-constrained wp-block-group-is-layout-constrained\">\n<h2 class=\"wp-block-heading\" id=\"h-swahili-grammar-demystifying-the-linguistic-adventure\">Gram\u00e1tica suahili: desmitificando a aventura ling\u00fc\u00edstica<\/h2>\n\n\n\n<p>Gram\u00e1tica suahili: atractiva pero enigm\u00e1tica, flu\u00edda pero intrigante, vibrante pero fascinante. Mentres te embarcas na t\u00faa viaxe ling\u00fc\u00edstica cara \u00e1 lingua suahili, podes atoparte cunha mestura de fascinaci\u00f3n e incerteza. Non vos preocupedes, compa\u00f1eiros fan\u00e1ticos da lingua! Estamos aqu\u00ed para axudarche a navegar por estas emocionantes augas ling\u00fc\u00edsticas!<\/p>\n\n\n\n<p>Neste artigo, proporcionaremos unha visi\u00f3n xeral da gram\u00e1tica suahili, explorando os compo\u00f1entes clave, ofrecendo explicaci\u00f3ns e exemplos e simplificando as complejidades. Ent\u00f3n, imos soltar a maxia da lingua suahili e descubrir os misterios da s\u00faa gram\u00e1tica!<\/p>\n\n\n\n<h3 class=\"wp-block-heading\" id=\"h-1-noun-classes-from-people-to-abstract-ideas\">1. Clases de substantivos: das persoas \u00e1s ideas abstractas<\/h3>\n\n\n\n<p>A gram\u00e1tica suahili xira arredor dun sistema de clasificaci\u00f3n de nomes distintivo pero esencial. Os substantivos organ\u00edzanse en diferentes clases en funci\u00f3n do seu significado ou caracter\u00edsticas, e cada clase ten un prefixo espec\u00edfico. A\u00ednda que isto pode parecer intimidante, \u00e9 crucial para formar un acordo entre substantivos, adxectivos e verbos.<\/p>\n\n\n\n<p>Para simplificar este proceso, comeza centr\u00e1ndose nas clases de substantivos m\u00e1is com\u00fans:<\/p>\n\n\n\n<p><strong>\u2013 Clase 1: Persoas (por exemplo, mtu \u2013 persoa)<\/strong><\/p>\n\n\n\n<p><strong>\u2013 Clase 2: Plurais dos substantivos da clase 1 (por exemplo, watu \u2013 persoas)<\/strong><\/p>\n\n\n\n<p><strong>\u2013 Clase 3: \u00e1rbores, plantas e substantivos abstractos (por exemplo, mti \u2013 \u00e1rbore)<\/strong><\/p>\n\n\n\n<p><strong>\u2013 Clase 4: obxectos inanimados e substantivos abstractos (por exemplo, kiti \u2013 chair)<\/strong><\/p>\n\n\n\n<p>Lembra que a pr\u00e1ctica fai a perfecci\u00f3n e comprender as clases de substantivos ser\u00e1 m\u00e1is f\u00e1cil co paso do tempo.<\/p>\n\n\n\n<h3 class=\"wp-block-heading\" id=\"h-2-adjectives-from-basic-to-intricate-agreement\">2. Adxectivos: do acordo b\u00e1sico ao intrincado<\/h3>\n\n\n\n<p>Os adxectivos en suahili concordan coa clase do substantivo e o n\u00famero que modifican. <a href=\"https:\/\/talkpal.ai\/locations\/language-courses-in-como\/\">Como<\/a> resultado, os adxectivos te\u00f1en m\u00faltiples prefixos para corresponder a diferentes clases de substantivos. A boa noticia \u00e9 que moitos adxectivos comparten a mesma palabra ra\u00edz, o que fai que a s\u00faa <a href=\"https:\/\/talkpal.ai\/gl\/aprendizaxe\/\">aprendizaxe<\/a> sexa m\u00e1is manexable.<\/p>\n\n\n\n<p>Por exemplo, a ra\u00edz &#8220;-refu&#8221; significa &#8220;longo&#8221;. Dependendo da s\u00faa clase nominal, pode aparecer <a href=\"https:\/\/talkpal.ai\/locations\/language-courses-in-como\/\">como<\/a> &#8220;mrefu&#8221; (clase 1), &#8220;wazuri&#8221; (clase 2), &#8220;jurefu&#8221; (clase 3), etc. Coa pr\u00e1ctica, conseguir un control sobre o acordo adxectivo-substantivo ser\u00e1 unha brisa!<\/p>\n\n\n\n<h3 class=\"wp-block-heading\" id=\"h-3-verbs-tense-subject-and-object\">3. Verbos: tempo, suxeito e obxecto<\/h3>\n\n\n\n<p>Os verbos suahili son como unhas eficientes navallas do ex\u00e9rcito su\u00edzo, que transmiten de forma compacta tempo, suxeito e obxecto, todo nun paquete ordenado. Os tempos f\u00f3rmanse unindo marcadores de tempo \u00e1 ra\u00edz do verbo, mentres que os marcadores de suxeito e obxecto expresan quen est\u00e1 implicado na acci\u00f3n.<\/p>\n\n\n\n<p>Por exemplo, a ra\u00edz &#8220;-soma&#8221; significa &#8220;ler&#8221;. Engadindo varios prefixos e sufixos, podes crear numerosas variaci\u00f3ns: &#8220;anasoma&#8221; (el\/ela est\u00e1 lendo), &#8220;alisoma&#8221; (el\/ela leu) ou &#8220;atasoma&#8221; (el\/ela ler\u00e1).<\/p>\n\n\n\n<h3 class=\"wp-block-heading\" id=\"h-4-word-order-subject-verb-object-for-clarity\">4. Orde das palabras: suxeito-verbo-obxecto para a claridade<\/h3>\n\n\n\n<p>O suahili segue unha orde de palabras Suxeito-Verbo-Obxecto (SVO) sinxela, pero clara, similar ao <a href=\"https:\/\/talkpal.ai\/es\/locations\/aprende-ingles-en-orange\/\">ingl\u00e9s<\/a>, o que fai que a construci\u00f3n das frases sexa menos desalentadora. Por exemplo, &#8220;Mwanafunzi anasoma kitabu&#8221; trad\u00facese directamente como &#8220;Estudante (suxeito) est\u00e1 lendo (verbo) libro (obxecto).&#8221;<\/p>\n\n\n\n<h3 class=\"wp-block-heading\" id=\"h-5-embrace-the-challenges-practice-is-key\">5. Acepta os retos: a pr\u00e1ctica \u00e9 a clave<\/h3>\n\n\n\n<p>Mergullo na gram\u00e1tica suahili pode parecer un pouco abrumador ao principio. Non obstante, ten en conta que a paciencia, a pr\u00e1ctica e a perseveranza son os segredos do \u00e9xito. Participa coa lingua a trav\u00e9s da lectura, a escritura, a escoita e a fala para mellorar a t\u00faa comprensi\u00f3n e confianza.<\/p>\n\n\n\n<p>Ent\u00f3n, est\u00e1s preparado para explorar as marabillas da gram\u00e1tica suahili? Acepta as s\u00faas complexidades, saborea os matices e lembra que con dedicaci\u00f3n e entusiasmo podes desbloquear a verdadeira beleza da lingua suahili. Bahati njema! (<a href=\"https:\/\/talkpal.ai\/culture\/how-do-i-say-good-luck-in-portuguese\/\">Boa sorte<\/a>!)<\/p>\n<\/div><\/div>\n\r\n<section class=\"learnNavigationSection\">\r\n            \r\n        <a href=\"https:\/\/talkpal.ai\/gl\/aprende-suahili\/\">\r\n            <div class=\"learnNavigationWrapper\">\r\n                <div class=\"learnNavigationContent\">\r\n                    <img decoding=\"async\" src=\"https:\/\/talkpal.ai\/wp-content\/uploads\/2024\/08\/Swahili.jpg\" alt=\"Kenya and Tanzania Flags\">\r\n                    <div>\r\n                        <h4>Sobre a aprendizaxe do suahili<\/h4>\r\n                        <p>Descubra todo sobre a gram\u00e1tica swahili.<\/p>\r\n                    <\/div>\r\n                <\/div>\r\n            <\/div>\r\n        <\/a>\r\n\r\n        \r\n        <a href=\"https:\/\/talkpal.ai\/gl\/exercicios-de-gramatica-suahili\/\">\r\n            <div class=\"learnNavigationWrapper\">\r\n                <div class=\"learnNavigationContent\">\r\n                    <img decoding=\"async\" src=\"https:\/\/talkpal.ai\/wp-content\/uploads\/2024\/08\/Swahili.jpg\" alt=\"Kenya and Tanzania Flags\">\r\n                    <div>\r\n                        <h4>Exercicio de gram\u00e1tica suahili<\/h4>\r\n                        <p>Practica a gram\u00e1tica suahili.<\/p>\r\n                    <\/div>\r\n                <\/div>\r\n            <\/div>\r\n        <\/a>\r\n\r\n        \r\n        <a href=\"https:\/\/talkpal.ai\/vocabulary_language\/swahili\/\">\r\n            <div class=\"learnNavigationWrapper\">\r\n                <div class=\"learnNavigationContent\">\r\n                    <img decoding=\"async\" src=\"https:\/\/talkpal.ai\/wp-content\/uploads\/2024\/08\/Swahili.jpg\" alt=\"Kenya and Tanzania Flags\">\r\n                    <div>\r\n                        <h4>Vocabulario suahili<\/h4>\r\n                        <p>Ampl\u00eda o teu vocabulario en suahili.<\/p>\r\n                    <\/div>\r\n                <\/div>\r\n            <\/div>\r\n        <\/a>\r\n\r\n            <\/section>","protected":false},"excerpt":{"rendered":"<p>Gram\u00e1tica suahili: desmitificando a aventura ling\u00fc\u00edstica Gram\u00e1tica suahili: atractiva pero enigm\u00e1tica, flu\u00edda pero intrigante, vibrante pero fascinante. Mentres te embarcas na t\u00faa viaxe ling\u00fc\u00edstica cara \u00e1 lingua suahili, podes atoparte cunha mestura de fascinaci\u00f3n e incerteza. Non vos preocupedes, compa\u00f1eiros fan\u00e1ticos da lingua! Estamos aqu\u00ed para axudarche a navegar por estas emocionantes augas ling\u00fc\u00edsticas! Neste [&hellip;]<\/p>\n","protected":false},"author":1,"featured_media":119097,"parent":0,"menu_order":0,"comment_status":"closed","ping_status":"closed","template":"LearningContentPage.php","meta":{"_acf_changed":false,"footnotes":""},"class_list":["post-153822","page","type-page","status-publish","has-post-thumbnail","hentry"],"acf":[],"yoast_head":"<!-- This site is optimized with the Yoast SEO Premium plugin v27.2 (Yoast SEO v27.2) - https:\/\/yoast.com\/product\/yoast-seo-premium-wordpress\/ -->\n<title>Gram\u00e1tica suahili - Talkpal<\/title>\n<meta name=\"description\" content=\"Desvela os segredos da gram\u00e1tica suahili coa nosa gu\u00eda completa! Descubre as s\u00faas clases nominais \u00fanicas e os seus compo\u00f1entes clave.\" \/>\n<meta name=\"robots\" content=\"index, follow, max-snippet:-1, max-image-preview:large, max-video-preview:-1\" \/>\n<link rel=\"canonical\" href=\"https:\/\/talkpal.ai\/gl\/gramatica-suahili\/\" \/>\n<meta property=\"og:locale\" content=\"gl_ES\" \/>\n<meta property=\"og:type\" content=\"article\" \/>\n<meta property=\"og:title\" content=\"Gram\u00e1tica suahili\" \/>\n<meta property=\"og:description\" content=\"Gram\u00e1tica suahili: desmitificando a aventura ling\u00fc\u00edstica Gram\u00e1tica suahili: atractiva pero enigm\u00e1tica, flu\u00edda pero intrigante, vibrante pero fascinante.\" \/>\n<meta property=\"og:url\" content=\"https:\/\/talkpal.ai\/gl\/gramatica-suahili\/\" \/>\n<meta property=\"og:site_name\" content=\"Talkpal\" \/>\n<meta property=\"article:publisher\" content=\"https:\/\/www.facebook.com\/profile.php?id=100090733639311\" \/>\n<meta property=\"article:modified_time\" content=\"2025-12-13T15:54:29+00:00\" \/>\n<meta property=\"og:image\" content=\"https:\/\/talkpal.ai\/wp-content\/uploads\/2023\/05\/Swahili-tanzania.png\" \/>\n\t<meta property=\"og:image:width\" content=\"512\" \/>\n\t<meta property=\"og:image:height\" content=\"512\" \/>\n\t<meta property=\"og:image:type\" content=\"image\/png\" \/>\n<meta name=\"twitter:card\" content=\"summary_large_image\" \/>\n<meta name=\"twitter:site\" content=\"@talkpalai\" \/>\n<meta name=\"twitter:label1\" content=\"Tempo de lectura\" \/>\n\t<meta name=\"twitter:data1\" content=\"3 minutos\" \/>\n<script type=\"application\/ld+json\" class=\"yoast-schema-graph\">{\"@context\":\"https:\/\/schema.org\",\"@graph\":[{\"@type\":\"WebPage\",\"@id\":\"https:\/\/talkpal.ai\/gl\/gramatica-suahili\/\",\"url\":\"https:\/\/talkpal.ai\/gl\/gramatica-suahili\/\",\"name\":\"Gram\u00e1tica suahili - Talkpal\",\"isPartOf\":{\"@id\":\"https:\/\/talkpal.ai\/gl\/#website\"},\"primaryImageOfPage\":{\"@id\":\"https:\/\/talkpal.ai\/gl\/gramatica-suahili\/#primaryimage\"},\"image\":{\"@id\":\"https:\/\/talkpal.ai\/gl\/gramatica-suahili\/#primaryimage\"},\"thumbnailUrl\":\"https:\/\/talkpal.ai\/wp-content\/uploads\/2023\/05\/Swahili-tanzania.png\",\"datePublished\":\"2023-05-14T14:25:05+00:00\",\"dateModified\":\"2025-12-13T15:54:29+00:00\",\"description\":\"Desvela os segredos da gram\u00e1tica suahili coa nosa gu\u00eda completa! Descubre as s\u00faas clases nominais \u00fanicas e os seus compo\u00f1entes clave.\",\"breadcrumb\":{\"@id\":\"https:\/\/talkpal.ai\/gl\/gramatica-suahili\/#breadcrumb\"},\"inLanguage\":\"gl-ES\",\"potentialAction\":[{\"@type\":\"ReadAction\",\"target\":[\"https:\/\/talkpal.ai\/gl\/gramatica-suahili\/\"]}]},{\"@type\":\"ImageObject\",\"inLanguage\":\"gl-ES\",\"@id\":\"https:\/\/talkpal.ai\/gl\/gramatica-suahili\/#primaryimage\",\"url\":\"https:\/\/talkpal.ai\/wp-content\/uploads\/2023\/05\/Swahili-tanzania.png\",\"contentUrl\":\"https:\/\/talkpal.ai\/wp-content\/uploads\/2023\/05\/Swahili-tanzania.png\",\"width\":512,\"height\":512},{\"@type\":\"BreadcrumbList\",\"@id\":\"https:\/\/talkpal.ai\/gl\/gramatica-suahili\/#breadcrumb\",\"itemListElement\":[{\"@type\":\"ListItem\",\"position\":1,\"name\":\"Homepage\",\"item\":\"https:\/\/talkpal.ai\/gl\/\"},{\"@type\":\"ListItem\",\"position\":2,\"name\":\"Gram\u00e1tica suahili\"}]},{\"@type\":\"WebSite\",\"@id\":\"https:\/\/talkpal.ai\/gl\/#website\",\"url\":\"https:\/\/talkpal.ai\/gl\/\",\"name\":\"Talkpal\",\"description\":\"AI Language Learning\",\"publisher\":{\"@id\":\"https:\/\/talkpal.ai\/gl\/#organization\"},\"alternateName\":\"Talkpal AI\",\"potentialAction\":[{\"@type\":\"SearchAction\",\"target\":{\"@type\":\"EntryPoint\",\"urlTemplate\":\"https:\/\/talkpal.ai\/gl\/?s={search_term_string}\"},\"query-input\":{\"@type\":\"PropertyValueSpecification\",\"valueRequired\":true,\"valueName\":\"search_term_string\"}}],\"inLanguage\":\"gl-ES\"},{\"@type\":\"Organization\",\"@id\":\"https:\/\/talkpal.ai\/gl\/#organization\",\"name\":\"Talkpal, Inc.\",\"alternateName\":\"Talkpal AI\",\"url\":\"https:\/\/talkpal.ai\/gl\/\",\"logo\":{\"@type\":\"ImageObject\",\"inLanguage\":\"gl-ES\",\"@id\":\"https:\/\/talkpal.ai\/gl\/#\/schema\/logo\/image\/\",\"url\":\"https:\/\/talkpal.ai\/wp-content\/uploads\/2024\/03\/Talkpal-Logo-Icon.png\",\"contentUrl\":\"https:\/\/talkpal.ai\/wp-content\/uploads\/2024\/03\/Talkpal-Logo-Icon.png\",\"width\":2880,\"height\":2880,\"caption\":\"Talkpal, Inc.\"},\"image\":{\"@id\":\"https:\/\/talkpal.ai\/gl\/#\/schema\/logo\/image\/\"},\"sameAs\":[\"https:\/\/www.facebook.com\/profile.php?id=100090733639311\",\"https:\/\/x.com\/talkpalai\",\"https:\/\/www.linkedin.com\/company\/talkpal\/\",\"https:\/\/www.youtube.com\/@TalkPal\/\",\"https:\/\/www.tiktok.com\/@talkpal\",\"https:\/\/www.instagram.com\/talkpal_ai\/\",\"https:\/\/www.crunchbase.com\/organization\/talkpal-9cde\",\"https:\/\/www.g2.com\/products\/talkpal-for-business\/\",\"https:\/\/www.trustpilot.com\/review\/talkpal.ai\",\"https:\/\/www.capterra.com\/p\/10006800\/TalkPal\/\"],\"description\":\"Talkpal is a language learning web and mobile education app, powered by the latest AI technologies, that provides engaging experiences to its customers in many different languages to help them improve their language skills. Users can chat about unlimited amount of topics with the app and use other modes to practice their language learning.\",\"email\":\"support@talkpal.ai\",\"legalName\":\"Talkpal, Inc.\",\"foundingDate\":\"2023-04-03\",\"duns\":\"118989042\",\"numberOfEmployees\":{\"@type\":\"QuantitativeValue\",\"minValue\":\"11\",\"maxValue\":\"50\"},\"publishingPrinciples\":\"https:\/\/talkpal.ai\/publishing-principles\/\",\"actionableFeedbackPolicy\":\"https:\/\/talkpal.ai\/actionable-feedback-policy\/\",\"correctionsPolicy\":\"https:\/\/talkpal.ai\/corrections-policy\/\",\"ethicsPolicy\":\"https:\/\/talkpal.ai\/ethics-policy\/\",\"diversityPolicy\":\"https:\/\/talkpal.ai\/diversity-policy\/\",\"diversityStaffingReport\":\"https:\/\/talkpal.ai\/diversity-policy\/\"}]}<\/script>\n<!-- \/ Yoast SEO Premium plugin. -->","yoast_head_json":{"title":"Gram\u00e1tica suahili - Talkpal","description":"Desvela os segredos da gram\u00e1tica suahili coa nosa gu\u00eda completa! Descubre as s\u00faas clases nominais \u00fanicas e os seus compo\u00f1entes clave.","robots":{"index":"index","follow":"follow","max-snippet":"max-snippet:-1","max-image-preview":"max-image-preview:large","max-video-preview":"max-video-preview:-1"},"canonical":"https:\/\/talkpal.ai\/gl\/gramatica-suahili\/","og_locale":"gl_ES","og_type":"article","og_title":"Gram\u00e1tica suahili","og_description":"Gram\u00e1tica suahili: desmitificando a aventura ling\u00fc\u00edstica Gram\u00e1tica suahili: atractiva pero enigm\u00e1tica, flu\u00edda pero intrigante, vibrante pero fascinante.","og_url":"https:\/\/talkpal.ai\/gl\/gramatica-suahili\/","og_site_name":"Talkpal","article_publisher":"https:\/\/www.facebook.com\/profile.php?id=100090733639311","article_modified_time":"2025-12-13T15:54:29+00:00","og_image":[{"width":512,"height":512,"url":"https:\/\/talkpal.ai\/wp-content\/uploads\/2023\/05\/Swahili-tanzania.png","type":"image\/png"}],"twitter_card":"summary_large_image","twitter_site":"@talkpalai","twitter_misc":{"Tempo de lectura":"3 minutos"},"schema":{"@context":"https:\/\/schema.org","@graph":[{"@type":"WebPage","@id":"https:\/\/talkpal.ai\/gl\/gramatica-suahili\/","url":"https:\/\/talkpal.ai\/gl\/gramatica-suahili\/","name":"Gram\u00e1tica suahili - Talkpal","isPartOf":{"@id":"https:\/\/talkpal.ai\/gl\/#website"},"primaryImageOfPage":{"@id":"https:\/\/talkpal.ai\/gl\/gramatica-suahili\/#primaryimage"},"image":{"@id":"https:\/\/talkpal.ai\/gl\/gramatica-suahili\/#primaryimage"},"thumbnailUrl":"https:\/\/talkpal.ai\/wp-content\/uploads\/2023\/05\/Swahili-tanzania.png","datePublished":"2023-05-14T14:25:05+00:00","dateModified":"2025-12-13T15:54:29+00:00","description":"Desvela os segredos da gram\u00e1tica suahili coa nosa gu\u00eda completa! Descubre as s\u00faas clases nominais \u00fanicas e os seus compo\u00f1entes clave.","breadcrumb":{"@id":"https:\/\/talkpal.ai\/gl\/gramatica-suahili\/#breadcrumb"},"inLanguage":"gl-ES","potentialAction":[{"@type":"ReadAction","target":["https:\/\/talkpal.ai\/gl\/gramatica-suahili\/"]}]},{"@type":"ImageObject","inLanguage":"gl-ES","@id":"https:\/\/talkpal.ai\/gl\/gramatica-suahili\/#primaryimage","url":"https:\/\/talkpal.ai\/wp-content\/uploads\/2023\/05\/Swahili-tanzania.png","contentUrl":"https:\/\/talkpal.ai\/wp-content\/uploads\/2023\/05\/Swahili-tanzania.png","width":512,"height":512},{"@type":"BreadcrumbList","@id":"https:\/\/talkpal.ai\/gl\/gramatica-suahili\/#breadcrumb","itemListElement":[{"@type":"ListItem","position":1,"name":"Homepage","item":"https:\/\/talkpal.ai\/gl\/"},{"@type":"ListItem","position":2,"name":"Gram\u00e1tica suahili"}]},{"@type":"WebSite","@id":"https:\/\/talkpal.ai\/gl\/#website","url":"https:\/\/talkpal.ai\/gl\/","name":"Talkpal","description":"AI Language Learning","publisher":{"@id":"https:\/\/talkpal.ai\/gl\/#organization"},"alternateName":"Talkpal AI","potentialAction":[{"@type":"SearchAction","target":{"@type":"EntryPoint","urlTemplate":"https:\/\/talkpal.ai\/gl\/?s={search_term_string}"},"query-input":{"@type":"PropertyValueSpecification","valueRequired":true,"valueName":"search_term_string"}}],"inLanguage":"gl-ES"},{"@type":"Organization","@id":"https:\/\/talkpal.ai\/gl\/#organization","name":"Talkpal, Inc.","alternateName":"Talkpal AI","url":"https:\/\/talkpal.ai\/gl\/","logo":{"@type":"ImageObject","inLanguage":"gl-ES","@id":"https:\/\/talkpal.ai\/gl\/#\/schema\/logo\/image\/","url":"https:\/\/talkpal.ai\/wp-content\/uploads\/2024\/03\/Talkpal-Logo-Icon.png","contentUrl":"https:\/\/talkpal.ai\/wp-content\/uploads\/2024\/03\/Talkpal-Logo-Icon.png","width":2880,"height":2880,"caption":"Talkpal, Inc."},"image":{"@id":"https:\/\/talkpal.ai\/gl\/#\/schema\/logo\/image\/"},"sameAs":["https:\/\/www.facebook.com\/profile.php?id=100090733639311","https:\/\/x.com\/talkpalai","https:\/\/www.linkedin.com\/company\/talkpal\/","https:\/\/www.youtube.com\/@TalkPal\/","https:\/\/www.tiktok.com\/@talkpal","https:\/\/www.instagram.com\/talkpal_ai\/","https:\/\/www.crunchbase.com\/organization\/talkpal-9cde","https:\/\/www.g2.com\/products\/talkpal-for-business\/","https:\/\/www.trustpilot.com\/review\/talkpal.ai","https:\/\/www.capterra.com\/p\/10006800\/TalkPal\/"],"description":"Talkpal is a language learning web and mobile education app, powered by the latest AI technologies, that provides engaging experiences to its customers in many different languages to help them improve their language skills. Users can chat about unlimited amount of topics with the app and use other modes to practice their language learning.","email":"support@talkpal.ai","legalName":"Talkpal, Inc.","foundingDate":"2023-04-03","duns":"118989042","numberOfEmployees":{"@type":"QuantitativeValue","minValue":"11","maxValue":"50"},"publishingPrinciples":"https:\/\/talkpal.ai\/publishing-principles\/","actionableFeedbackPolicy":"https:\/\/talkpal.ai\/actionable-feedback-policy\/","correctionsPolicy":"https:\/\/talkpal.ai\/corrections-policy\/","ethicsPolicy":"https:\/\/talkpal.ai\/ethics-policy\/","diversityPolicy":"https:\/\/talkpal.ai\/diversity-policy\/","diversityStaffingReport":"https:\/\/talkpal.ai\/diversity-policy\/"}]}},"_links":{"self":[{"href":"https:\/\/talkpal.ai\/gl\/wp-json\/wp\/v2\/pages\/153822","targetHints":{"allow":["GET"]}}],"collection":[{"href":"https:\/\/talkpal.ai\/gl\/wp-json\/wp\/v2\/pages"}],"about":[{"href":"https:\/\/talkpal.ai\/gl\/wp-json\/wp\/v2\/types\/page"}],"author":[{"embeddable":true,"href":"https:\/\/talkpal.ai\/gl\/wp-json\/wp\/v2\/users\/1"}],"replies":[{"embeddable":true,"href":"https:\/\/talkpal.ai\/gl\/wp-json\/wp\/v2\/comments?post=153822"}],"version-history":[{"count":0,"href":"https:\/\/talkpal.ai\/gl\/wp-json\/wp\/v2\/pages\/153822\/revisions"}],"wp:featuredmedia":[{"embeddable":true,"href":"https:\/\/talkpal.ai\/gl\/wp-json\/wp\/v2\/media\/119097"}],"wp:attachment":[{"href":"https:\/\/talkpal.ai\/gl\/wp-json\/wp\/v2\/media?parent=153822"}],"curies":[{"name":"wp","href":"https:\/\/api.w.org\/{rel}","templated":true}]}}