{"id":153499,"date":"2023-05-14T14:24:42","date_gmt":"2023-05-14T14:24:42","guid":{"rendered":"http:\/\/talkpal.ai\/gramatica-tailandesa\/"},"modified":"2025-12-13T15:48:52","modified_gmt":"2025-12-13T15:48:52","slug":"gramatica-tailandesa","status":"publish","type":"page","link":"https:\/\/talkpal.ai\/gl\/gramatica-tailandesa\/","title":{"rendered":"Gram\u00e1tica tailandesa"},"content":{"rendered":"\r\n\r\n\r\n<section class=\"languageChallengeSection\">\r\n    <div class=\"languageInfoWrapper\">\r\n        \r\n        <h1>Gram\u00e1tica tailandesa<\/h1>\r\n        <p>Aprende <a href=\"https:\/\/talkpal.ai\/thai-grammar\/\">gram\u00e1tica tailandesa<\/a> e experimenta a beleza dunha lingua que \u00e9 \u00e1 vez l\u00f3xica e expresiva. Comeza a t\u00faa viaxe e abre a porta a unha forma fascinante de pensar e falar!<\/p>\r\n\r\n                            <a class=\"getStartedHidden\" href=\"https:\/\/app.talkpal.ai\/signup?lng=\">Empeza<\/a>\r\n        \r\n    <\/div>\r\n\r\n    <figure>\r\n    <img decoding=\"async\" width=\"768\" height=\"768\" src=\"https:\/\/talkpal.ai\/wp-content\/uploads\/2023\/06\/thai-768x768.png\" class=\"languageImage no-lazy\" alt=\"Language learning for improved thought process\" fetchpriority=\"high\" sizes=\"(max-width: 768px) 150px, 768px\" srcset=\"https:\/\/talkpal.ai\/wp-content\/uploads\/2023\/06\/thai-768x768.png 768w, https:\/\/talkpal.ai\/wp-content\/uploads\/2023\/06\/thai-300x300.png 300w\" \/>\r\n    \r\n\r\n    <\/figure>\r\n\r\n            <a class=\"getStartedVisible\" href=\"https:\/\/app.talkpal.ai\/signup?lng=\">Empeza<\/a>\r\n    \r\n<\/section>\r\n<section class=\"promotionalBanner\">\r\n    <p class=\"promotionalText\">A forma m\u00e1is eficaz de aprender un idioma<\/p>\r\n    <a class=\"promotionalLink\" href=\"https:\/\/app.talkpal.ai\/signup?lng=\">Proba Talkpal de balde<\/a>\r\n<\/section>\n<div class=\"wp-block-group pageContainerStyle\"><div class=\"wp-block-group__inner-container is-layout-constrained wp-block-group-is-layout-constrained\">\n<h2 class=\"wp-block-heading\" id=\"h-thai-grammar-exploring-a-unique-linguistic-world\">Gram\u00e1tica tailandesa: explorando un mundo ling\u00fc\u00edstico \u00fanico<\/h2>\n\n\n\n<p>Gram\u00e1tica tailandesa: aparentemente enigm\u00e1tica, ex\u00f3tica e cautivadora. Cando emprendas a t\u00faa viaxe para aprender a lingua tailandesa, podes atoparte inesperadamente cautivado pola s\u00faa gram\u00e1tica. Non te\u00f1ades medo, meus compa\u00f1eiros exploradores ling\u00fc\u00edsticos! Estamos aqu\u00ed para ofrecer orientaci\u00f3n e apoio nesta fascinante aventura!<\/p>\n\n\n\n<p>Neste artigo, afondamos nos aspectos fundamentais da gram\u00e1tica tailandesa, desglosando conceptos clave, explicando regras e incluso simplificando as complexidades. \u00danete a n\u00f3s mentres levantamos o veo da gram\u00e1tica tailandesa e acende a t\u00faa paix\u00f3n por esta lingua marabillosa \u00fanica!<\/p>\n\n\n\n<h3 class=\"wp-block-heading\" id=\"h-1-nouns-no-plurals-no-genders-no-worries\">1. Substantivos: sen plurais, sen x\u00e9neros, sen preocupaci\u00f3ns!<\/h3>\n\n\n\n<p>A beleza da gram\u00e1tica tailandesa reside na s\u00faa sinxeleza respecto dos substantivos. Os substantivos tailandeses non te\u00f1en x\u00e9nero ou plural, polo que son f\u00e1ciles de usar e comprender. Para indicar pluralidade, simplemente engade unha palabra de cantidade <a href=\"https:\/\/talkpal.ai\/locations\/language-courses-in-como\/\">como<\/a> &#8220;moitos&#8221; (\u0e21\u0e32\u0e01, m\u00e2ak) ou &#8220;alg\u00fans&#8221; (\u0e1a\u0e49\u0e32\u0e07, b\u00e2ang) ou repita o substantivo para enfatizar o significado plural.<\/p>\n\n\n\n<h3 class=\"wp-block-heading\" id=\"h-2-pronouns-choose-wisely-based-on-politeness\">2. Pronomes: elixe sabiamente en funci\u00f3n da educaci\u00f3n<\/h3>\n\n\n\n<p>Seleccionar o pronome axeitado \u00e9 esencial na gram\u00e1tica tailandesa para mostrar respecto e humildade. Os pronomes tailandeses var\u00edan segundo o sexo, a idade e a relaci\u00f3n do falante e o o\u00ednte. Por exemplo, &#8220;\u0e09\u0e31\u0e19&#8221; (ch\u0103n) \u00e9 un pronome informal com\u00fan en primeira persoa, mentres que &#8220;\u0e1c\u0e21&#8221; (p\u014fm) \u00e9 usado frecuentemente polos homes en situaci\u00f3ns m\u00e1is formais.<\/p>\n\n\n\n<p>Para errar polo lado da <a href=\"https:\/\/talkpal.ai\/talkpal-for-education\/\">educaci\u00f3n<\/a>, <a href=\"https:\/\/talkpal.ai\/locations\/learn-english-in-usa\/\">usa<\/a> &#8220;\u0e04\u0e38\u0e13&#8221; (kun) para &#8220;ti&#8221; e &#8220;\u0e40\u0e02\u0e32&#8221; (k\u0103o) para &#8220;el\/ela\/eles&#8221;.<\/p>\n\n\n\n<h3 class=\"wp-block-heading\" id=\"h-3-verbs-no-conjugation-or-tenses-only-particles\">3. Verbos: Sen conxugaci\u00f3n nin tempos, s\u00f3 part\u00edculas<\/h3>\n\n\n\n<p>Na gram\u00e1tica tailandesa, os verbos permanecen inalterados independentemente do tempo, estado de \u00e1nimo ou suxeito. Pola contra, o <a href=\"https:\/\/talkpal.ai\/learn-thai\/\">tailand\u00e9s<\/a> conf\u00eda en palabras sinxelas co\u00f1ecidas como part\u00edculas para indicar o tempo ou a actitude da oraci\u00f3n. Estas part\u00edculas col\u00f3canse ao final da frase.<\/p>\n\n\n\n<p>Por exemplo, a part\u00edcula &#8220;\u0e41\u0e25\u0e49\u0e27&#8221; (l\u00e1ew) indica o tempo pasado ou unha acci\u00f3n completada, e &#8220;\u0e01\u0e33\u0e25\u0e31\u0e07&#8221; (gam-lang) \u00fasase para as acci\u00f3ns en curso. Polo tanto, &#8220;\u0e40\u0e02\u0e32\u0e01\u0e34\u0e19&#8221; (kao gin) significa &#8220;el\/ela come&#8221;, mentres que &#8220;\u0e40\u0e02\u0e32\u0e01\u0e34\u0e19\u0e41\u0e25\u0e49\u0e27&#8221; (kao gin l\u00e1ew) significa &#8220;el\/ela comeu&#8221;.<\/p>\n\n\n\n<h3 class=\"wp-block-heading\" id=\"h-4-sentence-structure-clear-and-straightforward\">4. Estrutura da oraci\u00f3n: clara e directa<\/h3>\n\n\n\n<p>A gram\u00e1tica tailandesa segue unha estrutura de oraci\u00f3ns Suxeito-Verbo-Obxecto (SVO), similar ao <a href=\"https:\/\/talkpal.ai\/es\/locations\/aprende-ingles-en-orange\/\">ingl\u00e9s<\/a>, que simplifica a comprensi\u00f3n para os falantes de ingl\u00e9s. A regra principal \u00e9 que os adxectivos, adverbios e outras palabras descritivas seguen o substantivo ou verbo que describen.<\/p>\n\n\n\n<p>Por exemplo, &#8220;\u0e1c\u0e21\u0e0a\u0e2d\u0e1a\u0e2b\u0e19\u0e31\u0e07\u0e2a\u0e37\u0e2d\u0e19\u0e35\u0e49&#8221; (p\u014fm ch\u00e2wp n\u0103ng s\u011bu n\u00e9e) trad\u00facese como &#8220;A min (suxeito) g\u00fastame (verbo) este libro (obxecto).&#8221;<\/p>\n\n\n\n<h3 class=\"wp-block-heading\" id=\"h-5-immerse-yourself-in-thai-practice-makes-perfect\">5. Merg\u00fallate no tailand\u00e9s: a pr\u00e1ctica fai perfecto<\/h3>\n\n\n\n<p>Entender e dominar a gram\u00e1tica tailandesa pode parecer un reto inicialmente, pero a clave \u00e9 a persistencia e a pr\u00e1ctica constante. Participa todos os teus sentidos mergull\u00e1ndote na lingua, lendo, escribindo, escoitando e conversando con falantes nativos. Canto m\u00e1is exposici\u00f3n te\u00f1as \u00e1 gram\u00e1tica tailandesa, m\u00e1is familiares e c\u00f3modos se sentir\u00e1n estes conceptos ex\u00f3ticos.<\/p>\n\n\n\n<p>Ent\u00f3n, est\u00e1s preparado para mergullarte no fascinante mundo da gram\u00e1tica tailandesa? Acepta o desaf\u00edo e as caracter\u00edsticas \u00fanicas da gram\u00e1tica tailandesa e, con tempo, dedicaci\u00f3n e sentido da aventura, podes desbloquear a beleza cautivadora da lingua tailandesa.<\/p>\n<\/div><\/div>\n\r\n<section class=\"learnNavigationSection\">\r\n            \r\n        <a href=\"https:\/\/talkpal.ai\/gl\/aprende-tailandes\/\">\r\n            <div class=\"learnNavigationWrapper\">\r\n                <div class=\"learnNavigationContent\">\r\n                    <img decoding=\"async\" src=\"https:\/\/talkpal.ai\/wp-content\/uploads\/2024\/08\/Thai.jpg\" alt=\"Thai Flag\">\r\n                    <div>\r\n                        <h4>Sobre a aprendizaxe tailandesa<\/h4>\r\n                        <p>Descubre todo sobre a gram\u00e1tica tailandesa.<\/p>\r\n                    <\/div>\r\n                <\/div>\r\n            <\/div>\r\n        <\/a>\r\n\r\n        \r\n        <a href=\"https:\/\/talkpal.ai\/gl\/exercicios-de-gramatica-tailandesa\/\">\r\n            <div class=\"learnNavigationWrapper\">\r\n                <div class=\"learnNavigationContent\">\r\n                    <img decoding=\"async\" src=\"https:\/\/talkpal.ai\/wp-content\/uploads\/2024\/08\/Thai.jpg\" alt=\"Thai Flag\">\r\n                    <div>\r\n                        <h4>Exercicio de gram\u00e1tica tailandesa<\/h4>\r\n                        <p>Practica a gram\u00e1tica tailandesa.<\/p>\r\n                    <\/div>\r\n                <\/div>\r\n            <\/div>\r\n        <\/a>\r\n\r\n        \r\n        <a href=\"https:\/\/talkpal.ai\/vocabulary_language\/thai\/\">\r\n            <div class=\"learnNavigationWrapper\">\r\n                <div class=\"learnNavigationContent\">\r\n                    <img decoding=\"async\" src=\"https:\/\/talkpal.ai\/wp-content\/uploads\/2024\/08\/Thai.jpg\" alt=\"Thai Flag\">\r\n                    <div>\r\n                        <h4>Vocabulario tailand\u00e9s<\/h4>\r\n                        <p>Ampl\u00eda o teu vocabulario tailand\u00e9s.<\/p>\r\n                    <\/div>\r\n                <\/div>\r\n            <\/div>\r\n        <\/a>\r\n\r\n            <\/section>","protected":false},"excerpt":{"rendered":"<p>Gram\u00e1tica tailandesa: explorando un mundo ling\u00fc\u00edstico \u00fanico Gram\u00e1tica tailandesa: aparentemente enigm\u00e1tica, ex\u00f3tica e cautivadora. Cando emprendas a t\u00faa viaxe para aprender a lingua tailandesa, podes atoparte inesperadamente cautivado pola s\u00faa gram\u00e1tica. Non te\u00f1ades medo, meus compa\u00f1eiros exploradores ling\u00fc\u00edsticos! Estamos aqu\u00ed para ofrecer orientaci\u00f3n e apoio nesta fascinante aventura! Neste artigo, afondamos nos aspectos fundamentais da [&hellip;]<\/p>\n","protected":false},"author":1,"featured_media":120704,"parent":0,"menu_order":0,"comment_status":"closed","ping_status":"closed","template":"LearningContentPage.php","meta":{"_acf_changed":false,"footnotes":""},"class_list":["post-153499","page","type-page","status-publish","has-post-thumbnail","hentry"],"acf":[],"yoast_head":"<!-- This site is optimized with the Yoast SEO Premium plugin v27.2 (Yoast SEO v27.2) - https:\/\/yoast.com\/product\/yoast-seo-premium-wordpress\/ -->\n<title>Gram\u00e1tica tailandesa - Talkpal<\/title>\n<meta name=\"description\" content=\"Explora o fascinante mundo da gram\u00e1tica tailandesa. Descubre a s\u00faa sinxeleza e as s\u00faas caracter\u00edsticas \u00fanicas que fan que a aprendizaxe sexa agradable.\" \/>\n<meta name=\"robots\" content=\"index, follow, max-snippet:-1, max-image-preview:large, max-video-preview:-1\" \/>\n<link rel=\"canonical\" href=\"https:\/\/talkpal.ai\/gl\/gramatica-tailandesa\/\" \/>\n<meta property=\"og:locale\" content=\"gl_ES\" \/>\n<meta property=\"og:type\" content=\"article\" \/>\n<meta property=\"og:title\" content=\"Gram\u00e1tica tailandesa\" \/>\n<meta property=\"og:description\" content=\"Gram\u00e1tica tailandesa: explorando un mundo ling\u00fc\u00edstico \u00fanico Gram\u00e1tica tailandesa: aparentemente enigm\u00e1tica, ex\u00f3tica e cautivadora. Cando emprendas a t\u00faa\" \/>\n<meta property=\"og:url\" content=\"https:\/\/talkpal.ai\/gl\/gramatica-tailandesa\/\" \/>\n<meta property=\"og:site_name\" content=\"Talkpal\" \/>\n<meta property=\"article:publisher\" content=\"https:\/\/www.facebook.com\/profile.php?id=100090733639311\" \/>\n<meta property=\"article:modified_time\" content=\"2025-12-13T15:48:52+00:00\" \/>\n<meta property=\"og:image\" content=\"https:\/\/talkpal.ai\/wp-content\/uploads\/2023\/05\/thailand.png\" \/>\n\t<meta property=\"og:image:width\" content=\"512\" \/>\n\t<meta property=\"og:image:height\" content=\"512\" \/>\n\t<meta property=\"og:image:type\" content=\"image\/png\" \/>\n<meta name=\"twitter:card\" content=\"summary_large_image\" \/>\n<meta name=\"twitter:site\" content=\"@talkpalai\" \/>\n<meta name=\"twitter:label1\" content=\"Tempo de lectura\" \/>\n\t<meta name=\"twitter:data1\" content=\"3 minutos\" \/>\n<script type=\"application\/ld+json\" class=\"yoast-schema-graph\">{\"@context\":\"https:\/\/schema.org\",\"@graph\":[{\"@type\":\"WebPage\",\"@id\":\"https:\/\/talkpal.ai\/gl\/gramatica-tailandesa\/\",\"url\":\"https:\/\/talkpal.ai\/gl\/gramatica-tailandesa\/\",\"name\":\"Gram\u00e1tica tailandesa - Talkpal\",\"isPartOf\":{\"@id\":\"https:\/\/talkpal.ai\/gl\/#website\"},\"primaryImageOfPage\":{\"@id\":\"https:\/\/talkpal.ai\/gl\/gramatica-tailandesa\/#primaryimage\"},\"image\":{\"@id\":\"https:\/\/talkpal.ai\/gl\/gramatica-tailandesa\/#primaryimage\"},\"thumbnailUrl\":\"https:\/\/talkpal.ai\/wp-content\/uploads\/2023\/05\/thailand.png\",\"datePublished\":\"2023-05-14T14:24:42+00:00\",\"dateModified\":\"2025-12-13T15:48:52+00:00\",\"description\":\"Explora o fascinante mundo da gram\u00e1tica tailandesa. Descubre a s\u00faa sinxeleza e as s\u00faas caracter\u00edsticas \u00fanicas que fan que a aprendizaxe sexa agradable.\",\"breadcrumb\":{\"@id\":\"https:\/\/talkpal.ai\/gl\/gramatica-tailandesa\/#breadcrumb\"},\"inLanguage\":\"gl-ES\",\"potentialAction\":[{\"@type\":\"ReadAction\",\"target\":[\"https:\/\/talkpal.ai\/gl\/gramatica-tailandesa\/\"]}]},{\"@type\":\"ImageObject\",\"inLanguage\":\"gl-ES\",\"@id\":\"https:\/\/talkpal.ai\/gl\/gramatica-tailandesa\/#primaryimage\",\"url\":\"https:\/\/talkpal.ai\/wp-content\/uploads\/2023\/05\/thailand.png\",\"contentUrl\":\"https:\/\/talkpal.ai\/wp-content\/uploads\/2023\/05\/thailand.png\",\"width\":512,\"height\":512},{\"@type\":\"BreadcrumbList\",\"@id\":\"https:\/\/talkpal.ai\/gl\/gramatica-tailandesa\/#breadcrumb\",\"itemListElement\":[{\"@type\":\"ListItem\",\"position\":1,\"name\":\"Homepage\",\"item\":\"https:\/\/talkpal.ai\/gl\/\"},{\"@type\":\"ListItem\",\"position\":2,\"name\":\"Gram\u00e1tica tailandesa\"}]},{\"@type\":\"WebSite\",\"@id\":\"https:\/\/talkpal.ai\/gl\/#website\",\"url\":\"https:\/\/talkpal.ai\/gl\/\",\"name\":\"Talkpal\",\"description\":\"AI Language Learning\",\"publisher\":{\"@id\":\"https:\/\/talkpal.ai\/gl\/#organization\"},\"alternateName\":\"Talkpal AI\",\"potentialAction\":[{\"@type\":\"SearchAction\",\"target\":{\"@type\":\"EntryPoint\",\"urlTemplate\":\"https:\/\/talkpal.ai\/gl\/?s={search_term_string}\"},\"query-input\":{\"@type\":\"PropertyValueSpecification\",\"valueRequired\":true,\"valueName\":\"search_term_string\"}}],\"inLanguage\":\"gl-ES\"},{\"@type\":\"Organization\",\"@id\":\"https:\/\/talkpal.ai\/gl\/#organization\",\"name\":\"Talkpal, Inc.\",\"alternateName\":\"Talkpal AI\",\"url\":\"https:\/\/talkpal.ai\/gl\/\",\"logo\":{\"@type\":\"ImageObject\",\"inLanguage\":\"gl-ES\",\"@id\":\"https:\/\/talkpal.ai\/gl\/#\/schema\/logo\/image\/\",\"url\":\"https:\/\/talkpal.ai\/wp-content\/uploads\/2024\/03\/Talkpal-Logo-Icon.png\",\"contentUrl\":\"https:\/\/talkpal.ai\/wp-content\/uploads\/2024\/03\/Talkpal-Logo-Icon.png\",\"width\":2880,\"height\":2880,\"caption\":\"Talkpal, Inc.\"},\"image\":{\"@id\":\"https:\/\/talkpal.ai\/gl\/#\/schema\/logo\/image\/\"},\"sameAs\":[\"https:\/\/www.facebook.com\/profile.php?id=100090733639311\",\"https:\/\/x.com\/talkpalai\",\"https:\/\/www.linkedin.com\/company\/talkpal\/\",\"https:\/\/www.youtube.com\/@TalkPal\/\",\"https:\/\/www.tiktok.com\/@talkpal\",\"https:\/\/www.instagram.com\/talkpal_ai\/\",\"https:\/\/www.crunchbase.com\/organization\/talkpal-9cde\",\"https:\/\/www.g2.com\/products\/talkpal-for-business\/\",\"https:\/\/www.trustpilot.com\/review\/talkpal.ai\",\"https:\/\/www.capterra.com\/p\/10006800\/TalkPal\/\"],\"description\":\"Talkpal is a language learning web and mobile education app, powered by the latest AI technologies, that provides engaging experiences to its customers in many different languages to help them improve their language skills. Users can chat about unlimited amount of topics with the app and use other modes to practice their language learning.\",\"email\":\"support@talkpal.ai\",\"legalName\":\"Talkpal, Inc.\",\"foundingDate\":\"2023-04-03\",\"duns\":\"118989042\",\"numberOfEmployees\":{\"@type\":\"QuantitativeValue\",\"minValue\":\"11\",\"maxValue\":\"50\"},\"publishingPrinciples\":\"https:\/\/talkpal.ai\/publishing-principles\/\",\"actionableFeedbackPolicy\":\"https:\/\/talkpal.ai\/actionable-feedback-policy\/\",\"correctionsPolicy\":\"https:\/\/talkpal.ai\/corrections-policy\/\",\"ethicsPolicy\":\"https:\/\/talkpal.ai\/ethics-policy\/\",\"diversityPolicy\":\"https:\/\/talkpal.ai\/diversity-policy\/\",\"diversityStaffingReport\":\"https:\/\/talkpal.ai\/diversity-policy\/\"}]}<\/script>\n<!-- \/ Yoast SEO Premium plugin. -->","yoast_head_json":{"title":"Gram\u00e1tica tailandesa - Talkpal","description":"Explora o fascinante mundo da gram\u00e1tica tailandesa. Descubre a s\u00faa sinxeleza e as s\u00faas caracter\u00edsticas \u00fanicas que fan que a aprendizaxe sexa agradable.","robots":{"index":"index","follow":"follow","max-snippet":"max-snippet:-1","max-image-preview":"max-image-preview:large","max-video-preview":"max-video-preview:-1"},"canonical":"https:\/\/talkpal.ai\/gl\/gramatica-tailandesa\/","og_locale":"gl_ES","og_type":"article","og_title":"Gram\u00e1tica tailandesa","og_description":"Gram\u00e1tica tailandesa: explorando un mundo ling\u00fc\u00edstico \u00fanico Gram\u00e1tica tailandesa: aparentemente enigm\u00e1tica, ex\u00f3tica e cautivadora. Cando emprendas a t\u00faa","og_url":"https:\/\/talkpal.ai\/gl\/gramatica-tailandesa\/","og_site_name":"Talkpal","article_publisher":"https:\/\/www.facebook.com\/profile.php?id=100090733639311","article_modified_time":"2025-12-13T15:48:52+00:00","og_image":[{"width":512,"height":512,"url":"https:\/\/talkpal.ai\/wp-content\/uploads\/2023\/05\/thailand.png","type":"image\/png"}],"twitter_card":"summary_large_image","twitter_site":"@talkpalai","twitter_misc":{"Tempo de lectura":"3 minutos"},"schema":{"@context":"https:\/\/schema.org","@graph":[{"@type":"WebPage","@id":"https:\/\/talkpal.ai\/gl\/gramatica-tailandesa\/","url":"https:\/\/talkpal.ai\/gl\/gramatica-tailandesa\/","name":"Gram\u00e1tica tailandesa - Talkpal","isPartOf":{"@id":"https:\/\/talkpal.ai\/gl\/#website"},"primaryImageOfPage":{"@id":"https:\/\/talkpal.ai\/gl\/gramatica-tailandesa\/#primaryimage"},"image":{"@id":"https:\/\/talkpal.ai\/gl\/gramatica-tailandesa\/#primaryimage"},"thumbnailUrl":"https:\/\/talkpal.ai\/wp-content\/uploads\/2023\/05\/thailand.png","datePublished":"2023-05-14T14:24:42+00:00","dateModified":"2025-12-13T15:48:52+00:00","description":"Explora o fascinante mundo da gram\u00e1tica tailandesa. Descubre a s\u00faa sinxeleza e as s\u00faas caracter\u00edsticas \u00fanicas que fan que a aprendizaxe sexa agradable.","breadcrumb":{"@id":"https:\/\/talkpal.ai\/gl\/gramatica-tailandesa\/#breadcrumb"},"inLanguage":"gl-ES","potentialAction":[{"@type":"ReadAction","target":["https:\/\/talkpal.ai\/gl\/gramatica-tailandesa\/"]}]},{"@type":"ImageObject","inLanguage":"gl-ES","@id":"https:\/\/talkpal.ai\/gl\/gramatica-tailandesa\/#primaryimage","url":"https:\/\/talkpal.ai\/wp-content\/uploads\/2023\/05\/thailand.png","contentUrl":"https:\/\/talkpal.ai\/wp-content\/uploads\/2023\/05\/thailand.png","width":512,"height":512},{"@type":"BreadcrumbList","@id":"https:\/\/talkpal.ai\/gl\/gramatica-tailandesa\/#breadcrumb","itemListElement":[{"@type":"ListItem","position":1,"name":"Homepage","item":"https:\/\/talkpal.ai\/gl\/"},{"@type":"ListItem","position":2,"name":"Gram\u00e1tica tailandesa"}]},{"@type":"WebSite","@id":"https:\/\/talkpal.ai\/gl\/#website","url":"https:\/\/talkpal.ai\/gl\/","name":"Talkpal","description":"AI Language Learning","publisher":{"@id":"https:\/\/talkpal.ai\/gl\/#organization"},"alternateName":"Talkpal AI","potentialAction":[{"@type":"SearchAction","target":{"@type":"EntryPoint","urlTemplate":"https:\/\/talkpal.ai\/gl\/?s={search_term_string}"},"query-input":{"@type":"PropertyValueSpecification","valueRequired":true,"valueName":"search_term_string"}}],"inLanguage":"gl-ES"},{"@type":"Organization","@id":"https:\/\/talkpal.ai\/gl\/#organization","name":"Talkpal, Inc.","alternateName":"Talkpal AI","url":"https:\/\/talkpal.ai\/gl\/","logo":{"@type":"ImageObject","inLanguage":"gl-ES","@id":"https:\/\/talkpal.ai\/gl\/#\/schema\/logo\/image\/","url":"https:\/\/talkpal.ai\/wp-content\/uploads\/2024\/03\/Talkpal-Logo-Icon.png","contentUrl":"https:\/\/talkpal.ai\/wp-content\/uploads\/2024\/03\/Talkpal-Logo-Icon.png","width":2880,"height":2880,"caption":"Talkpal, Inc."},"image":{"@id":"https:\/\/talkpal.ai\/gl\/#\/schema\/logo\/image\/"},"sameAs":["https:\/\/www.facebook.com\/profile.php?id=100090733639311","https:\/\/x.com\/talkpalai","https:\/\/www.linkedin.com\/company\/talkpal\/","https:\/\/www.youtube.com\/@TalkPal\/","https:\/\/www.tiktok.com\/@talkpal","https:\/\/www.instagram.com\/talkpal_ai\/","https:\/\/www.crunchbase.com\/organization\/talkpal-9cde","https:\/\/www.g2.com\/products\/talkpal-for-business\/","https:\/\/www.trustpilot.com\/review\/talkpal.ai","https:\/\/www.capterra.com\/p\/10006800\/TalkPal\/"],"description":"Talkpal is a language learning web and mobile education app, powered by the latest AI technologies, that provides engaging experiences to its customers in many different languages to help them improve their language skills. Users can chat about unlimited amount of topics with the app and use other modes to practice their language learning.","email":"support@talkpal.ai","legalName":"Talkpal, Inc.","foundingDate":"2023-04-03","duns":"118989042","numberOfEmployees":{"@type":"QuantitativeValue","minValue":"11","maxValue":"50"},"publishingPrinciples":"https:\/\/talkpal.ai\/publishing-principles\/","actionableFeedbackPolicy":"https:\/\/talkpal.ai\/actionable-feedback-policy\/","correctionsPolicy":"https:\/\/talkpal.ai\/corrections-policy\/","ethicsPolicy":"https:\/\/talkpal.ai\/ethics-policy\/","diversityPolicy":"https:\/\/talkpal.ai\/diversity-policy\/","diversityStaffingReport":"https:\/\/talkpal.ai\/diversity-policy\/"}]}},"_links":{"self":[{"href":"https:\/\/talkpal.ai\/gl\/wp-json\/wp\/v2\/pages\/153499","targetHints":{"allow":["GET"]}}],"collection":[{"href":"https:\/\/talkpal.ai\/gl\/wp-json\/wp\/v2\/pages"}],"about":[{"href":"https:\/\/talkpal.ai\/gl\/wp-json\/wp\/v2\/types\/page"}],"author":[{"embeddable":true,"href":"https:\/\/talkpal.ai\/gl\/wp-json\/wp\/v2\/users\/1"}],"replies":[{"embeddable":true,"href":"https:\/\/talkpal.ai\/gl\/wp-json\/wp\/v2\/comments?post=153499"}],"version-history":[{"count":0,"href":"https:\/\/talkpal.ai\/gl\/wp-json\/wp\/v2\/pages\/153499\/revisions"}],"wp:featuredmedia":[{"embeddable":true,"href":"https:\/\/talkpal.ai\/gl\/wp-json\/wp\/v2\/media\/120704"}],"wp:attachment":[{"href":"https:\/\/talkpal.ai\/gl\/wp-json\/wp\/v2\/media?parent=153499"}],"curies":[{"name":"wp","href":"https:\/\/api.w.org\/{rel}","templated":true}]}}