{"id":152910,"date":"2023-05-14T14:23:21","date_gmt":"2023-05-14T14:23:21","guid":{"rendered":"http:\/\/talkpal.ai\/gramatica-tagalog\/"},"modified":"2025-12-17T15:39:39","modified_gmt":"2025-12-17T15:39:39","slug":"gramatica-tagalog","status":"publish","type":"page","link":"https:\/\/talkpal.ai\/gl\/gramatica-tagalog\/","title":{"rendered":"Gram\u00e1tica Tagalog"},"content":{"rendered":"\r\n\r\n\r\n<section class=\"languageChallengeSection\">\r\n    <div class=\"languageInfoWrapper\">\r\n        \r\n        <h1>Gram\u00e1tica Tagalog<\/h1>\r\n        <p>\u00bfQueres aprender galego? Explora a <a href=\"https:\/\/talkpal.ai\/tagalog-grammar\/\">gram\u00e1tica tagalog<\/a>, onde os sistemas de enfoque de verbos \u00fanicos, a orde flexible das frases e as part\u00edculas \u00fatiles crean unha linguaxe tan expresiva <a href=\"https:\/\/talkpal.ai\/locations\/language-courses-in-como\/\">como<\/a> interesante. Comeza a t\u00faa viaxe agora: dominar a gram\u00e1tica tagalog permitirache comunicarse con confianza e mergullarte na vibrante cultura de Filipinas!<\/p>\r\n\r\n                            <a class=\"getStartedHidden\" href=\"https:\/\/app.talkpal.ai\/signup?lng=\">Empeza<\/a>\r\n        \r\n    <\/div>\r\n\r\n    <figure>\r\n    <img decoding=\"async\" width=\"768\" height=\"768\" src=\"https:\/\/talkpal.ai\/wp-content\/uploads\/2023\/06\/tagalog-768x768.png\" class=\"languageImage no-lazy\" alt=\"Overcoming challenges in language learning\" fetchpriority=\"high\" sizes=\"(max-width: 768px) 150px, 768px\" srcset=\"https:\/\/talkpal.ai\/wp-content\/uploads\/2023\/06\/tagalog-768x768.png 768w, https:\/\/talkpal.ai\/wp-content\/uploads\/2023\/06\/tagalog-300x300.png 300w\" \/>\r\n    \r\n\r\n    <\/figure>\r\n\r\n            <a class=\"getStartedVisible\" href=\"https:\/\/app.talkpal.ai\/signup?lng=\">Empeza<\/a>\r\n    \r\n<\/section>\r\n<section class=\"promotionalBanner\">\r\n    <p class=\"promotionalText\">A forma m\u00e1is eficaz de aprender un idioma<\/p>\r\n    <a class=\"promotionalLink\" href=\"https:\/\/app.talkpal.ai\/signup?lng=\">Proba Talkpal de balde<\/a>\r\n<\/section>\n<div class=\"wp-block-group pageContainerStyle\"><div class=\"wp-block-group__inner-container is-layout-constrained wp-block-group-is-layout-constrained\">\n<h1 class=\"wp-block-heading\" id=\"h-tagalog-grammar-get-to-know-the-heart-of-filipino-language\">Gram\u00e1tica Tagalog: Co\u00f1ece o coraz\u00f3n da lingua filipina<\/h1>\n\n\n\n<p>O tagalo, a base da lingua nacional das Filipinas, o filipino, \u00e9 falado por mill\u00f3ns de persoas en todo o mundo. Para <a href=\"https:\/\/talkpal.ai\/pt-pt\/aprender-tagalo\/\">aprender tagalo<\/a>, primeiro debes comprender a s\u00faa gram\u00e1tica intrincada e fascinante. Neste artigo, afondaremos nos aspectos esenciais da gram\u00e1tica do tagalo, axud\u00e1ndoche a apreciar esta fermosa lingua dunha forma conversacional e amigable.<\/p>\n\n\n\n<h3 class=\"wp-block-heading\" id=\"h-1-nouns-genderless-countable-and-uncountable\">1. Substantivos: sen x\u00e9nero, contables e incontables<\/h3>\n\n\n\n<p>En tagalo, os substantivos (pangngalan) non se clasifican por x\u00e9nero, polo que \u00e9 m\u00e1is f\u00e1cil de xestionar que noutras linguas. Os substantivos com\u00fans ref\u00edrense a persoas, animais, lugares, cousas ou ideas, con nomes propios que denotan nomes espec\u00edficos. Atopar\u00e1s nomes numerables (tahanan, que significa &#8220;casa&#8221;) e incontables (tubig, que significa &#8220;auga&#8221;). Os substantivos tam\u00e9n se poden converter en plural engadindo marcadores espec\u00edficos como &#8220;mga&#8221;.<\/p>\n\n\n\n<h3 class=\"wp-block-heading\" id=\"h-2-adjectives-describing-with-flair\">2. Adxectivos \u2013 Describindo con estilo<\/h3>\n\n\n\n<p>Os adxectivos (pang-uri) proporcionan m\u00e1is informaci\u00f3n sobre os substantivos, con varias formas de usar os adxectivos en tagalo. A comparaci\u00f3n de substantivos cons\u00e9guese mediante adxectivos utilizando os marcadores &#8220;mas&#8221; e &#8220;pinaka&#8221; para crear graos comparativos e superlativos. Por exemplo, &#8220;maganda&#8221; significa &#8220;fermoso&#8221;, mentres que &#8220;mas maganda&#8221; significa &#8220;m\u00e1is fermosa&#8221; e &#8220;pinakamaganda&#8221; significa &#8220;a m\u00e1is fermosa&#8221;.<\/p>\n\n\n\n<h3 class=\"wp-block-heading\" id=\"h-3-pronouns-keeping-it-personal\">3. Pronomes \u2013 Keeping it Personal<\/h3>\n\n\n\n<p>A <a href=\"https:\/\/talkpal.ai\/tagalog-grammar\/\">gram\u00e1tica tagalo<\/a> consta de pronomes persoais, posesivos, demostrativos, interrogativos e relativos. Os pronomes persoais ve\u00f1en en tres casos: nominativo (que indica o suxeito), xenitivo (que indica a posesi\u00f3n) e acusativo (que indica o obxecto). Os <a href=\"https:\/\/talkpal.ai\/culture\/what-are-the-demonstrative-pronouns-in-galician\/\">pronomes demostrativos<\/a>, como &#8220;ito&#8221; (isto) e &#8220;iyan&#8221; (iso), \u00fasanse para sinalar cousas espec\u00edficas, mentres que os <a href=\"https:\/\/talkpal.ai\/grammar\/pronomes-interrogativos-in-portuguese-grammar\/\">pronomes interrogativos<\/a> \u00fasanse para facer preguntas.<\/p>\n\n\n\n<h3 class=\"wp-block-heading\" id=\"h-4-verbs-conjugation-and-focus\">4. Verbos \u2013 Conxugaci\u00f3n e Foco<\/h3>\n\n\n\n<p>Os verbos tagalos (pandiwa) xogan un papel vital na construci\u00f3n da frase, e a s\u00faa conxugaci\u00f3n \u00e9 distinta. En lugar de cambios de tempo, as conxugaci\u00f3ns verbais en tagalo implican cambios de aspecto. Hai tres aspectos verbais: completado (perfectivo), inacabado (imperfectivo) e contemplado (<a href=\"https:\/\/talkpal.ai\/ja\/grammar_exercises\/futuro-%e3%82%b9%e3%83%9a%e3%82%a4%e3%83%b3%e8%aa%9e%e3%81%ae%e6%96%87%e6%b3%95%e3%81%ae%e6%bc%94%e7%bf%92\/\">futuro<\/a>).  <\/p>\n\n\n\n<p>Ademais, o tagalo ten un sistema de enfoque \u00fanico relacionado cos verbos. Neste sistema, a forma verbal cambia dependendo da parte da oraci\u00f3n na que se centre, como o obxecto, o suxeito ou a direcci\u00f3n da acci\u00f3n. Os marcadores clave como &#8220;um-&#8220;, &#8220;mag-&#8221; e &#8220;-in&#8221; axudan a transmitir varios matices dentro das frases.<\/p>\n\n\n\n<h3 class=\"wp-block-heading\" id=\"h-5-embracing-the-journey\">5. Abrazar a viaxe<\/h3>\n\n\n\n<p>Aprender a gram\u00e1tica tagalo require tempo, esforzo e un toque de paciencia. Non obstante, a s\u00faa singularidade, unha vez dominada, ofrece unha visi\u00f3n incomparable da cultura e do patrimonio filipino. Mant\u00e9n a mente aberta, practica de forma consistente e non te\u00f1as medo de cometer erros mentres falas.<\/p>\n\n\n\n<p>A medida que afondas nos matices da gram\u00e1tica tagalo, t\u00f3mase o tempo para gozar da vitalidade e riqueza que ofrece. Goza da t\u00faa comprensi\u00f3n das complexidades que fan que este idioma sexa verdadeiramente excepcional. Maligayang pag-aaral: feliz aprendizaxe!<\/p>\n<\/div><\/div>\n\r\n<section class=\"learnNavigationSection\">\r\n            \r\n        <a href=\"https:\/\/talkpal.ai\/gl\/aprende-tagalo\/\">\r\n            <div class=\"learnNavigationWrapper\">\r\n                <div class=\"learnNavigationContent\">\r\n                    <img decoding=\"async\" src=\"https:\/\/talkpal.ai\/wp-content\/uploads\/2024\/08\/Tagalog.jpg\" alt=\"Philippines Flag\">\r\n                    <div>\r\n                        <h4>Acerca de Tagalog Learning<\/h4>\r\n                        <p>Descubra todo sobre a gram\u00e1tica do tagalo.<\/p>\r\n                    <\/div>\r\n                <\/div>\r\n            <\/div>\r\n        <\/a>\r\n\r\n        \r\n        <a href=\"https:\/\/talkpal.ai\/gl\/exercicios-de-gramatica-tagalo\/\">\r\n            <div class=\"learnNavigationWrapper\">\r\n                <div class=\"learnNavigationContent\">\r\n                    <img decoding=\"async\" src=\"https:\/\/talkpal.ai\/wp-content\/uploads\/2024\/08\/Tagalog.jpg\" alt=\"Philippines Flag\">\r\n                    <div>\r\n                        <h4>Exercicio de gram\u00e1tica tagalo<\/h4>\r\n                        <p>Practica a gram\u00e1tica tagalo.<\/p>\r\n                    <\/div>\r\n                <\/div>\r\n            <\/div>\r\n        <\/a>\r\n\r\n        \r\n        <a href=\"https:\/\/talkpal.ai\/vocabulary_language\/tagalog\/\">\r\n            <div class=\"learnNavigationWrapper\">\r\n                <div class=\"learnNavigationContent\">\r\n                    <img decoding=\"async\" src=\"https:\/\/talkpal.ai\/wp-content\/uploads\/2024\/08\/Tagalog.jpg\" alt=\"Philippines Flag\">\r\n                    <div>\r\n                        <h4>Vocabulario tagalo<\/h4>\r\n                        <p>Ampl\u00eda o teu vocabulario en tagalo.<\/p>\r\n                    <\/div>\r\n                <\/div>\r\n            <\/div>\r\n        <\/a>\r\n\r\n            <\/section>","protected":false},"excerpt":{"rendered":"<p>Gram\u00e1tica Tagalog: Co\u00f1ece o coraz\u00f3n da lingua filipina O tagalo, a base da lingua nacional das Filipinas, o filipino, \u00e9 falado por mill\u00f3ns de persoas en todo o mundo. Para aprender tagalo, primeiro debes comprender a s\u00faa gram\u00e1tica intrincada e fascinante. Neste artigo, afondaremos nos aspectos esenciais da gram\u00e1tica do tagalo, axud\u00e1ndoche a apreciar esta [&hellip;]<\/p>\n","protected":false},"author":1,"featured_media":120143,"parent":0,"menu_order":0,"comment_status":"closed","ping_status":"closed","template":"LearningContentPage.php","meta":{"_acf_changed":false,"footnotes":""},"class_list":["post-152910","page","type-page","status-publish","has-post-thumbnail","hentry"],"acf":[],"yoast_head":"<!-- This site is optimized with the Yoast SEO Premium plugin v27.2 (Yoast SEO v27.2) - https:\/\/yoast.com\/product\/yoast-seo-premium-wordpress\/ -->\n<title>Gram\u00e1tica Tagalog - Talkpal<\/title>\n<meta name=\"description\" content=\"Explora os elementos esenciais da gram\u00e1tica tagal\u00fa e aprende a apreciar esta fermosa lingua dun xeito sinxelo e amigable.\" \/>\n<meta name=\"robots\" content=\"index, follow, max-snippet:-1, max-image-preview:large, max-video-preview:-1\" \/>\n<link rel=\"canonical\" href=\"https:\/\/talkpal.ai\/gl\/gramatica-tagalog\/\" \/>\n<meta property=\"og:locale\" content=\"gl_ES\" \/>\n<meta property=\"og:type\" content=\"article\" \/>\n<meta property=\"og:title\" content=\"Gram\u00e1tica Tagalog\" \/>\n<meta property=\"og:description\" content=\"Gram\u00e1tica Tagalog: Co\u00f1ece o coraz\u00f3n da lingua filipina O tagalo, a base da lingua nacional das Filipinas, o filipino, \u00e9 falado por mill\u00f3ns de persoas en\" \/>\n<meta property=\"og:url\" content=\"https:\/\/talkpal.ai\/gl\/gramatica-tagalog\/\" \/>\n<meta property=\"og:site_name\" content=\"Talkpal\" \/>\n<meta property=\"article:publisher\" content=\"https:\/\/www.facebook.com\/profile.php?id=100090733639311\" \/>\n<meta property=\"article:modified_time\" content=\"2025-12-17T15:39:39+00:00\" \/>\n<meta property=\"og:image\" content=\"https:\/\/talkpal.ai\/wp-content\/uploads\/2023\/05\/Tagalog-philippines.png\" \/>\n\t<meta property=\"og:image:width\" content=\"512\" \/>\n\t<meta property=\"og:image:height\" content=\"512\" \/>\n\t<meta property=\"og:image:type\" content=\"image\/png\" \/>\n<meta name=\"twitter:card\" content=\"summary_large_image\" \/>\n<meta name=\"twitter:site\" content=\"@talkpalai\" \/>\n<meta name=\"twitter:label1\" content=\"Tempo de lectura\" \/>\n\t<meta name=\"twitter:data1\" content=\"2 minutos\" \/>\n<script type=\"application\/ld+json\" class=\"yoast-schema-graph\">{\"@context\":\"https:\/\/schema.org\",\"@graph\":[{\"@type\":\"WebPage\",\"@id\":\"https:\/\/talkpal.ai\/gl\/gramatica-tagalog\/\",\"url\":\"https:\/\/talkpal.ai\/gl\/gramatica-tagalog\/\",\"name\":\"Gram\u00e1tica Tagalog - Talkpal\",\"isPartOf\":{\"@id\":\"https:\/\/talkpal.ai\/gl\/#website\"},\"primaryImageOfPage\":{\"@id\":\"https:\/\/talkpal.ai\/gl\/gramatica-tagalog\/#primaryimage\"},\"image\":{\"@id\":\"https:\/\/talkpal.ai\/gl\/gramatica-tagalog\/#primaryimage\"},\"thumbnailUrl\":\"https:\/\/talkpal.ai\/wp-content\/uploads\/2023\/05\/Tagalog-philippines.png\",\"datePublished\":\"2023-05-14T14:23:21+00:00\",\"dateModified\":\"2025-12-17T15:39:39+00:00\",\"description\":\"Explora os elementos esenciais da gram\u00e1tica tagal\u00fa e aprende a apreciar esta fermosa lingua dun xeito sinxelo e amigable.\",\"breadcrumb\":{\"@id\":\"https:\/\/talkpal.ai\/gl\/gramatica-tagalog\/#breadcrumb\"},\"inLanguage\":\"gl-ES\",\"potentialAction\":[{\"@type\":\"ReadAction\",\"target\":[\"https:\/\/talkpal.ai\/gl\/gramatica-tagalog\/\"]}]},{\"@type\":\"ImageObject\",\"inLanguage\":\"gl-ES\",\"@id\":\"https:\/\/talkpal.ai\/gl\/gramatica-tagalog\/#primaryimage\",\"url\":\"https:\/\/talkpal.ai\/wp-content\/uploads\/2023\/05\/Tagalog-philippines.png\",\"contentUrl\":\"https:\/\/talkpal.ai\/wp-content\/uploads\/2023\/05\/Tagalog-philippines.png\",\"width\":512,\"height\":512},{\"@type\":\"BreadcrumbList\",\"@id\":\"https:\/\/talkpal.ai\/gl\/gramatica-tagalog\/#breadcrumb\",\"itemListElement\":[{\"@type\":\"ListItem\",\"position\":1,\"name\":\"Homepage\",\"item\":\"https:\/\/talkpal.ai\/gl\/\"},{\"@type\":\"ListItem\",\"position\":2,\"name\":\"Gram\u00e1tica Tagalog\"}]},{\"@type\":\"WebSite\",\"@id\":\"https:\/\/talkpal.ai\/gl\/#website\",\"url\":\"https:\/\/talkpal.ai\/gl\/\",\"name\":\"Talkpal\",\"description\":\"AI Language Learning\",\"publisher\":{\"@id\":\"https:\/\/talkpal.ai\/gl\/#organization\"},\"alternateName\":\"Talkpal AI\",\"potentialAction\":[{\"@type\":\"SearchAction\",\"target\":{\"@type\":\"EntryPoint\",\"urlTemplate\":\"https:\/\/talkpal.ai\/gl\/?s={search_term_string}\"},\"query-input\":{\"@type\":\"PropertyValueSpecification\",\"valueRequired\":true,\"valueName\":\"search_term_string\"}}],\"inLanguage\":\"gl-ES\"},{\"@type\":\"Organization\",\"@id\":\"https:\/\/talkpal.ai\/gl\/#organization\",\"name\":\"Talkpal, Inc.\",\"alternateName\":\"Talkpal AI\",\"url\":\"https:\/\/talkpal.ai\/gl\/\",\"logo\":{\"@type\":\"ImageObject\",\"inLanguage\":\"gl-ES\",\"@id\":\"https:\/\/talkpal.ai\/gl\/#\/schema\/logo\/image\/\",\"url\":\"https:\/\/talkpal.ai\/wp-content\/uploads\/2024\/03\/Talkpal-Logo-Icon.png\",\"contentUrl\":\"https:\/\/talkpal.ai\/wp-content\/uploads\/2024\/03\/Talkpal-Logo-Icon.png\",\"width\":2880,\"height\":2880,\"caption\":\"Talkpal, Inc.\"},\"image\":{\"@id\":\"https:\/\/talkpal.ai\/gl\/#\/schema\/logo\/image\/\"},\"sameAs\":[\"https:\/\/www.facebook.com\/profile.php?id=100090733639311\",\"https:\/\/x.com\/talkpalai\",\"https:\/\/www.linkedin.com\/company\/talkpal\/\",\"https:\/\/www.youtube.com\/@TalkPal\/\",\"https:\/\/www.tiktok.com\/@talkpal\",\"https:\/\/www.instagram.com\/talkpal_ai\/\",\"https:\/\/www.crunchbase.com\/organization\/talkpal-9cde\",\"https:\/\/www.g2.com\/products\/talkpal-for-business\/\",\"https:\/\/www.trustpilot.com\/review\/talkpal.ai\",\"https:\/\/www.capterra.com\/p\/10006800\/TalkPal\/\"],\"description\":\"Talkpal is a language learning web and mobile education app, powered by the latest AI technologies, that provides engaging experiences to its customers in many different languages to help them improve their language skills. Users can chat about unlimited amount of topics with the app and use other modes to practice their language learning.\",\"email\":\"support@talkpal.ai\",\"legalName\":\"Talkpal, Inc.\",\"foundingDate\":\"2023-04-03\",\"duns\":\"118989042\",\"numberOfEmployees\":{\"@type\":\"QuantitativeValue\",\"minValue\":\"11\",\"maxValue\":\"50\"},\"publishingPrinciples\":\"https:\/\/talkpal.ai\/publishing-principles\/\",\"actionableFeedbackPolicy\":\"https:\/\/talkpal.ai\/actionable-feedback-policy\/\",\"correctionsPolicy\":\"https:\/\/talkpal.ai\/corrections-policy\/\",\"ethicsPolicy\":\"https:\/\/talkpal.ai\/ethics-policy\/\",\"diversityPolicy\":\"https:\/\/talkpal.ai\/diversity-policy\/\",\"diversityStaffingReport\":\"https:\/\/talkpal.ai\/diversity-policy\/\"}]}<\/script>\n<!-- \/ Yoast SEO Premium plugin. -->","yoast_head_json":{"title":"Gram\u00e1tica Tagalog - Talkpal","description":"Explora os elementos esenciais da gram\u00e1tica tagal\u00fa e aprende a apreciar esta fermosa lingua dun xeito sinxelo e amigable.","robots":{"index":"index","follow":"follow","max-snippet":"max-snippet:-1","max-image-preview":"max-image-preview:large","max-video-preview":"max-video-preview:-1"},"canonical":"https:\/\/talkpal.ai\/gl\/gramatica-tagalog\/","og_locale":"gl_ES","og_type":"article","og_title":"Gram\u00e1tica Tagalog","og_description":"Gram\u00e1tica Tagalog: Co\u00f1ece o coraz\u00f3n da lingua filipina O tagalo, a base da lingua nacional das Filipinas, o filipino, \u00e9 falado por mill\u00f3ns de persoas en","og_url":"https:\/\/talkpal.ai\/gl\/gramatica-tagalog\/","og_site_name":"Talkpal","article_publisher":"https:\/\/www.facebook.com\/profile.php?id=100090733639311","article_modified_time":"2025-12-17T15:39:39+00:00","og_image":[{"width":512,"height":512,"url":"https:\/\/talkpal.ai\/wp-content\/uploads\/2023\/05\/Tagalog-philippines.png","type":"image\/png"}],"twitter_card":"summary_large_image","twitter_site":"@talkpalai","twitter_misc":{"Tempo de lectura":"2 minutos"},"schema":{"@context":"https:\/\/schema.org","@graph":[{"@type":"WebPage","@id":"https:\/\/talkpal.ai\/gl\/gramatica-tagalog\/","url":"https:\/\/talkpal.ai\/gl\/gramatica-tagalog\/","name":"Gram\u00e1tica Tagalog - Talkpal","isPartOf":{"@id":"https:\/\/talkpal.ai\/gl\/#website"},"primaryImageOfPage":{"@id":"https:\/\/talkpal.ai\/gl\/gramatica-tagalog\/#primaryimage"},"image":{"@id":"https:\/\/talkpal.ai\/gl\/gramatica-tagalog\/#primaryimage"},"thumbnailUrl":"https:\/\/talkpal.ai\/wp-content\/uploads\/2023\/05\/Tagalog-philippines.png","datePublished":"2023-05-14T14:23:21+00:00","dateModified":"2025-12-17T15:39:39+00:00","description":"Explora os elementos esenciais da gram\u00e1tica tagal\u00fa e aprende a apreciar esta fermosa lingua dun xeito sinxelo e amigable.","breadcrumb":{"@id":"https:\/\/talkpal.ai\/gl\/gramatica-tagalog\/#breadcrumb"},"inLanguage":"gl-ES","potentialAction":[{"@type":"ReadAction","target":["https:\/\/talkpal.ai\/gl\/gramatica-tagalog\/"]}]},{"@type":"ImageObject","inLanguage":"gl-ES","@id":"https:\/\/talkpal.ai\/gl\/gramatica-tagalog\/#primaryimage","url":"https:\/\/talkpal.ai\/wp-content\/uploads\/2023\/05\/Tagalog-philippines.png","contentUrl":"https:\/\/talkpal.ai\/wp-content\/uploads\/2023\/05\/Tagalog-philippines.png","width":512,"height":512},{"@type":"BreadcrumbList","@id":"https:\/\/talkpal.ai\/gl\/gramatica-tagalog\/#breadcrumb","itemListElement":[{"@type":"ListItem","position":1,"name":"Homepage","item":"https:\/\/talkpal.ai\/gl\/"},{"@type":"ListItem","position":2,"name":"Gram\u00e1tica Tagalog"}]},{"@type":"WebSite","@id":"https:\/\/talkpal.ai\/gl\/#website","url":"https:\/\/talkpal.ai\/gl\/","name":"Talkpal","description":"AI Language Learning","publisher":{"@id":"https:\/\/talkpal.ai\/gl\/#organization"},"alternateName":"Talkpal AI","potentialAction":[{"@type":"SearchAction","target":{"@type":"EntryPoint","urlTemplate":"https:\/\/talkpal.ai\/gl\/?s={search_term_string}"},"query-input":{"@type":"PropertyValueSpecification","valueRequired":true,"valueName":"search_term_string"}}],"inLanguage":"gl-ES"},{"@type":"Organization","@id":"https:\/\/talkpal.ai\/gl\/#organization","name":"Talkpal, Inc.","alternateName":"Talkpal AI","url":"https:\/\/talkpal.ai\/gl\/","logo":{"@type":"ImageObject","inLanguage":"gl-ES","@id":"https:\/\/talkpal.ai\/gl\/#\/schema\/logo\/image\/","url":"https:\/\/talkpal.ai\/wp-content\/uploads\/2024\/03\/Talkpal-Logo-Icon.png","contentUrl":"https:\/\/talkpal.ai\/wp-content\/uploads\/2024\/03\/Talkpal-Logo-Icon.png","width":2880,"height":2880,"caption":"Talkpal, Inc."},"image":{"@id":"https:\/\/talkpal.ai\/gl\/#\/schema\/logo\/image\/"},"sameAs":["https:\/\/www.facebook.com\/profile.php?id=100090733639311","https:\/\/x.com\/talkpalai","https:\/\/www.linkedin.com\/company\/talkpal\/","https:\/\/www.youtube.com\/@TalkPal\/","https:\/\/www.tiktok.com\/@talkpal","https:\/\/www.instagram.com\/talkpal_ai\/","https:\/\/www.crunchbase.com\/organization\/talkpal-9cde","https:\/\/www.g2.com\/products\/talkpal-for-business\/","https:\/\/www.trustpilot.com\/review\/talkpal.ai","https:\/\/www.capterra.com\/p\/10006800\/TalkPal\/"],"description":"Talkpal is a language learning web and mobile education app, powered by the latest AI technologies, that provides engaging experiences to its customers in many different languages to help them improve their language skills. Users can chat about unlimited amount of topics with the app and use other modes to practice their language learning.","email":"support@talkpal.ai","legalName":"Talkpal, Inc.","foundingDate":"2023-04-03","duns":"118989042","numberOfEmployees":{"@type":"QuantitativeValue","minValue":"11","maxValue":"50"},"publishingPrinciples":"https:\/\/talkpal.ai\/publishing-principles\/","actionableFeedbackPolicy":"https:\/\/talkpal.ai\/actionable-feedback-policy\/","correctionsPolicy":"https:\/\/talkpal.ai\/corrections-policy\/","ethicsPolicy":"https:\/\/talkpal.ai\/ethics-policy\/","diversityPolicy":"https:\/\/talkpal.ai\/diversity-policy\/","diversityStaffingReport":"https:\/\/talkpal.ai\/diversity-policy\/"}]}},"_links":{"self":[{"href":"https:\/\/talkpal.ai\/gl\/wp-json\/wp\/v2\/pages\/152910","targetHints":{"allow":["GET"]}}],"collection":[{"href":"https:\/\/talkpal.ai\/gl\/wp-json\/wp\/v2\/pages"}],"about":[{"href":"https:\/\/talkpal.ai\/gl\/wp-json\/wp\/v2\/types\/page"}],"author":[{"embeddable":true,"href":"https:\/\/talkpal.ai\/gl\/wp-json\/wp\/v2\/users\/1"}],"replies":[{"embeddable":true,"href":"https:\/\/talkpal.ai\/gl\/wp-json\/wp\/v2\/comments?post=152910"}],"version-history":[{"count":0,"href":"https:\/\/talkpal.ai\/gl\/wp-json\/wp\/v2\/pages\/152910\/revisions"}],"wp:featuredmedia":[{"embeddable":true,"href":"https:\/\/talkpal.ai\/gl\/wp-json\/wp\/v2\/media\/120143"}],"wp:attachment":[{"href":"https:\/\/talkpal.ai\/gl\/wp-json\/wp\/v2\/media?parent=152910"}],"curies":[{"name":"wp","href":"https:\/\/api.w.org\/{rel}","templated":true}]}}