{"id":152591,"date":"2023-05-14T14:23:00","date_gmt":"2023-05-14T14:23:00","guid":{"rendered":"http:\/\/talkpal.ai\/gramatica-vietnamita\/"},"modified":"2025-12-12T10:56:08","modified_gmt":"2025-12-12T10:56:08","slug":"gramatica-vietnamita","status":"publish","type":"page","link":"https:\/\/talkpal.ai\/gl\/gramatica-vietnamita\/","title":{"rendered":"Gram\u00e1tica vietnamita"},"content":{"rendered":"\r\n\r\n\r\n<section class=\"languageChallengeSection\">\r\n    <div class=\"languageInfoWrapper\">\r\n        \r\n        <h1>Gram\u00e1tica vietnamita<\/h1>\r\n        <p>A <a href=\"https:\/\/talkpal.ai\/es\/gramatica-vietnamita\/\">gram\u00e1tica vietnamita<\/a> \u00e9 co\u00f1ecida pola s\u00faa sinxeleza e estrutura l\u00f3xica, o que a fai accesible para os novos <a href=\"https:\/\/talkpal.ai\/talkpal-discount-for-students\/\">estudantes<\/a>. Cun alfabeto romanizado, sen conxugaci\u00f3ns verbais e un uso m\u00ednimo de plurais, o alumnado pode centrarse rapidamente na construci\u00f3n de vocabulario e habilidades de conversa. Explorar o <a href=\"https:\/\/talkpal.ai\/learn-vietnamese\/\">vietnamita<\/a> non s\u00f3 se trata de aprender a lingua, sen\u00f3n que tam\u00e9n abre unha xanela \u00e1 rica cultura e historia do pa\u00eds.<\/p>\r\n\r\n                            <a class=\"getStartedHidden\" href=\"https:\/\/app.talkpal.ai\/signup?lng=\">Empeza<\/a>\r\n        \r\n    <\/div>\r\n\r\n    <figure>\r\n    <img decoding=\"async\" width=\"768\" height=\"768\" src=\"https:\/\/talkpal.ai\/wp-content\/uploads\/2023\/06\/vietnamese-768x768.png\" class=\"languageImage no-lazy\" alt=\"Language learning for extensive cultural knowledge\" fetchpriority=\"high\" sizes=\"(max-width: 768px) 150px, 768px\" srcset=\"https:\/\/talkpal.ai\/wp-content\/uploads\/2023\/06\/vietnamese-768x768.png 768w, https:\/\/talkpal.ai\/wp-content\/uploads\/2023\/06\/vietnamese-300x300.png 300w\" \/>\r\n    \r\n\r\n    <\/figure>\r\n\r\n            <a class=\"getStartedVisible\" href=\"https:\/\/app.talkpal.ai\/signup?lng=\">Empeza<\/a>\r\n    \r\n<\/section>\r\n<section class=\"promotionalBanner\">\r\n    <p class=\"promotionalText\">A forma m\u00e1is eficaz de aprender un idioma<\/p>\r\n    <a class=\"promotionalLink\" href=\"https:\/\/app.talkpal.ai\/signup?lng=\">Proba Talkpal de balde<\/a>\r\n<\/section>\n<div class=\"wp-block-group pageContainerStyle\"><div class=\"wp-block-group__inner-container is-layout-constrained wp-block-group-is-layout-constrained\">\n<h2 class=\"wp-block-heading\" id=\"h-the-intricacies-of-vietnamese-grammar-an-engaging-exploration\">As complejidades da gram\u00e1tica vietnamita: unha exploraci\u00f3n atractiva<\/h2>\n\n\n\n<p>A lingua vietnamita, coas s\u00faas profundas ra\u00edces hist\u00f3ricas e o seu contexto cultural \u00fanico, ofrece unha aventura atractiva tanto para ling\u00fcistas <a href=\"https:\/\/talkpal.ai\/locations\/language-courses-in-como\/\">como<\/a> para estudantes de idiomas. A\u00ednda que a gram\u00e1tica vietnamita pode xurdir inicialmente como un desaf\u00edo, a s\u00faa simple l\u00f3xica e coherencia abren o cami\u00f1o para unha experiencia de <a href=\"https:\/\/talkpal.ai\/gl\/aprendizaxe\/\">aprendizaxe<\/a> emocionante. Ent\u00f3n, prep\u00e1rate para unha viaxe ling\u00fc\u00edstica intrigante mentres afondamos nas peculiaridades da gram\u00e1tica vietnamita.<\/p>\n\n\n\n<h3 class=\"wp-block-heading\" id=\"h-1-the-alphabet-a-gift-from-the-past\">1. O alfabeto: un agasallo do pasado<\/h3>\n\n\n\n<p>O alfabeto vietnamita, que consta de 29 letras, deriva principalmente da escritura <a href=\"https:\/\/talkpal.ai\/locations\/language-courses-in-latina\/\">latina<\/a>, con comezos <a href=\"https:\/\/talkpal.ai\/learn-portuguese\/\">portugu\u00e9s<\/a> e franc\u00e9s. Grazas \u00e1 escritura Qu\u1ed1c Ng\u1eef, a transici\u00f3n a unha escritura romanizada fixo que o alfabeto sexa familiar e facilmente accesible para os falantes doutras linguas baseadas en lat\u00edn. Isto permite un punto de entrada suave para que os principiantes se centren nos sons \u00fanicos e na pronuncia da lingua.<\/p>\n\n\n\n<h3 class=\"wp-block-heading\" id=\"h-2-tones-vietnamese-s-musical-notation\">2. Tons: notaci\u00f3n musical vietnamita<\/h3>\n\n\n\n<p>O vietnamita \u00e9 unha lingua tonal, con seis tons distintivos que cambian o significado dunha palabra mediante o uso de varios signos diacr\u00edticos. Adquirir o dominio deses tons pode ser un reto, pero engade musicalidade e matices \u00e1 linguaxe que a fai a\u00ednda m\u00e1is cativadora. A paciencia e a pr\u00e1ctica far\u00e1n que sexa perfecto, o que lle permitir\u00e1 apreciar plenamente a beleza mel\u00f3dica do vietnamita.<\/p>\n\n\n\n<h3 class=\"wp-block-heading\" id=\"h-3-word-order-unraveling-the-vietnamese-sentence-structure\">3. Orde das palabras: Desentra\u00f1ar a estrutura da oraci\u00f3n vietnamita<\/h3>\n\n\n\n<p>Afortunadamente, a orde de palabras vietnamita \u00e9 bastante sinxela, seguindo o familiar formato Suxeito-Verbo-Obxecto (SVO). Esta estrutura accesible facilita que os falantes de ingl\u00e9s formen frases en vietnamita sen experimentar un cambio importante na ling\u00fc\u00edstica. Tome o exemplo de &#8220;T\u00f4i y\u00eau Vi\u1ec7t Nam!&#8221; (\u00a1Enc\u00e1ntame Vietnam!), onde ambas linguas comparten construci\u00f3ns paralelas.<\/p>\n\n\n\n<h3 class=\"wp-block-heading\" id=\"h-4-no-more-plural-nouns-or-verb-conjugations\">4. Non m\u00e1is nomes plurais nin conxugaci\u00f3ns verbais<\/h3>\n\n\n\n<p>En vietnamita, os substantivos non cambian a s\u00faa forma para indicar pluralidade e os verbos permanecen consistentes independentemente do tempo ou do suxeito. A\u00ednda que isto pode parecer confuso ao principio, simplifica significativamente a aprendizaxe das regras gramaticais. Pola contra, o contexto e o uso de palabras adicionais aclaran o significado da frase. Ent\u00f3n, respira aliviado mentres te despides da molestia da conxugaci\u00f3n.<\/p>\n\n\n\n<h3 class=\"wp-block-heading\" id=\"h-5-immerse-yourself-in-the-vietnamese-mindset\">5. Merg\u00fallate na mentalidade vietnamita<\/h3>\n\n\n\n<p>Aprender vietnamita non \u00e9 s\u00f3 dominar a s\u00faa gram\u00e1tica, tam\u00e9n se trata de abrazar os contextos culturais, hist\u00f3ricos e sociais que conformaron a lingua. Interact\u00faa con falantes nativos, explora a literatura e a arte vietnamitas e intenta conectar cos valores e costumes da naci\u00f3n. Este enfoque hol\u00edstico non s\u00f3 mellorar\u00e1 as t\u00faas habilidades ling\u00fc\u00edsticas, sen\u00f3n que tam\u00e9n afondar\u00e1 na t\u00faa comprensi\u00f3n da beleza multifac\u00e9tica de Vietnam.<\/p>\n\n\n\n<h3 class=\"wp-block-heading\" id=\"h-in-conclusion-relish-the-charm-of-vietnamese-grammar\">En conclusi\u00f3n: Disfruta do encanto da gram\u00e1tica vietnamita<\/h3>\n\n\n\n<p>A\u00ednda que a gram\u00e1tica vietnamita pode parecer desconcertante na superficie, a s\u00faa estrutura fascinante e a s\u00faa sinxeleza inherente invitan aos estudantes a emprender unha viaxe ling\u00fc\u00edstica gratificante. Mentres afondas no mundo do vietnamita, sorprender\u00e1s coa elegancia e a beleza da s\u00faa gram\u00e1tica e o rico tapiz cultural que moldeou a lingua ao longo dos s\u00e9culos. Ent\u00f3n, vai adiante e explora as marabillas da gram\u00e1tica vietnamita mentres navegas pola paisaxe ling\u00fc\u00edstica desta lingua encantadora.<\/p>\n<\/div><\/div>\n\r\n<section class=\"learnNavigationSection\">\r\n            \r\n        <a href=\"https:\/\/talkpal.ai\/gl\/aprende-vietnamita\/\">\r\n            <div class=\"learnNavigationWrapper\">\r\n                <div class=\"learnNavigationContent\">\r\n                    <img decoding=\"async\" src=\"https:\/\/talkpal.ai\/wp-content\/uploads\/2024\/08\/Vietnamese.jpg\" alt=\"Vietnamise Flag\">\r\n                    <div>\r\n                        <h4>Sobre a aprendizaxe do vietnamita<\/h4>\r\n                        <p>Descubre todo sobre a gram\u00e1tica vietnamita.<\/p>\r\n                    <\/div>\r\n                <\/div>\r\n            <\/div>\r\n        <\/a>\r\n\r\n        \r\n        <a href=\"https:\/\/talkpal.ai\/gl\/exercicios-de-gramatica-vietnamita\/\">\r\n            <div class=\"learnNavigationWrapper\">\r\n                <div class=\"learnNavigationContent\">\r\n                    <img decoding=\"async\" src=\"https:\/\/talkpal.ai\/wp-content\/uploads\/2024\/08\/Vietnamese.jpg\" alt=\"Vietnamise Flag\">\r\n                    <div>\r\n                        <h4>Exercicio de gram\u00e1tica vietnamita<\/h4>\r\n                        <p>Practica a gram\u00e1tica vietnamita .<\/p>\r\n                    <\/div>\r\n                <\/div>\r\n            <\/div>\r\n        <\/a>\r\n\r\n        \r\n        <a href=\"https:\/\/talkpal.ai\/vocabulary_language\/vietnamese\/\">\r\n            <div class=\"learnNavigationWrapper\">\r\n                <div class=\"learnNavigationContent\">\r\n                    <img decoding=\"async\" src=\"https:\/\/talkpal.ai\/wp-content\/uploads\/2024\/08\/Vietnamese.jpg\" alt=\"Vietnamise Flag\">\r\n                    <div>\r\n                        <h4>Vocabulario vietnamita<\/h4>\r\n                        <p>Ampl\u00eda o teu vocabulario vietnamita.<\/p>\r\n                    <\/div>\r\n                <\/div>\r\n            <\/div>\r\n        <\/a>\r\n\r\n            <\/section>","protected":false},"excerpt":{"rendered":"<p>As complejidades da gram\u00e1tica vietnamita: unha exploraci\u00f3n atractiva A lingua vietnamita, coas s\u00faas profundas ra\u00edces hist\u00f3ricas e o seu contexto cultural \u00fanico, ofrece unha aventura atractiva tanto para ling\u00fcistas como para estudantes de idiomas. A\u00ednda que a gram\u00e1tica vietnamita pode xurdir inicialmente como un desaf\u00edo, a s\u00faa simple l\u00f3xica e coherencia abren o cami\u00f1o para [&hellip;]<\/p>\n","protected":false},"author":1,"featured_media":120612,"parent":0,"menu_order":0,"comment_status":"closed","ping_status":"closed","template":"LearningContentPage.php","meta":{"_acf_changed":false,"footnotes":""},"class_list":["post-152591","page","type-page","status-publish","has-post-thumbnail","hentry"],"acf":[],"yoast_head":"<!-- This site is optimized with the Yoast SEO Premium plugin v27.2 (Yoast SEO v27.2) - https:\/\/yoast.com\/product\/yoast-seo-premium-wordpress\/ -->\n<title>Gram\u00e1tica vietnamita - Talkpal<\/title>\n<meta name=\"description\" content=\"Explora os aspectos fascinantes da gram\u00e1tica vietnamita e descubre as alegr\u00edas de aprender esta lingua \u00fanica.\" \/>\n<meta name=\"robots\" content=\"index, follow, max-snippet:-1, max-image-preview:large, max-video-preview:-1\" \/>\n<link rel=\"canonical\" href=\"https:\/\/talkpal.ai\/gl\/gramatica-vietnamita\/\" \/>\n<meta property=\"og:locale\" content=\"gl_ES\" \/>\n<meta property=\"og:type\" content=\"article\" \/>\n<meta property=\"og:title\" content=\"Gram\u00e1tica vietnamita\" \/>\n<meta property=\"og:description\" content=\"As complejidades da gram\u00e1tica vietnamita: unha exploraci\u00f3n atractiva A lingua vietnamita, coas s\u00faas profundas ra\u00edces hist\u00f3ricas e o seu contexto cultural\" \/>\n<meta property=\"og:url\" content=\"https:\/\/talkpal.ai\/gl\/gramatica-vietnamita\/\" \/>\n<meta property=\"og:site_name\" content=\"Talkpal\" \/>\n<meta property=\"article:publisher\" content=\"https:\/\/www.facebook.com\/profile.php?id=100090733639311\" \/>\n<meta property=\"article:modified_time\" content=\"2025-12-12T10:56:08+00:00\" \/>\n<meta property=\"og:image\" content=\"https:\/\/talkpal.ai\/wp-content\/uploads\/2023\/05\/vietnam.png\" \/>\n\t<meta property=\"og:image:width\" content=\"512\" \/>\n\t<meta property=\"og:image:height\" content=\"512\" \/>\n\t<meta property=\"og:image:type\" content=\"image\/png\" \/>\n<meta name=\"twitter:card\" content=\"summary_large_image\" \/>\n<meta name=\"twitter:site\" content=\"@talkpalai\" \/>\n<meta name=\"twitter:label1\" content=\"Tempo de lectura\" \/>\n\t<meta name=\"twitter:data1\" content=\"3 minutos\" \/>\n<script type=\"application\/ld+json\" class=\"yoast-schema-graph\">{\"@context\":\"https:\/\/schema.org\",\"@graph\":[{\"@type\":\"WebPage\",\"@id\":\"https:\/\/talkpal.ai\/gl\/gramatica-vietnamita\/\",\"url\":\"https:\/\/talkpal.ai\/gl\/gramatica-vietnamita\/\",\"name\":\"Gram\u00e1tica vietnamita - Talkpal\",\"isPartOf\":{\"@id\":\"https:\/\/talkpal.ai\/gl\/#website\"},\"primaryImageOfPage\":{\"@id\":\"https:\/\/talkpal.ai\/gl\/gramatica-vietnamita\/#primaryimage\"},\"image\":{\"@id\":\"https:\/\/talkpal.ai\/gl\/gramatica-vietnamita\/#primaryimage\"},\"thumbnailUrl\":\"https:\/\/talkpal.ai\/wp-content\/uploads\/2023\/05\/vietnam.png\",\"datePublished\":\"2023-05-14T14:23:00+00:00\",\"dateModified\":\"2025-12-12T10:56:08+00:00\",\"description\":\"Explora os aspectos fascinantes da gram\u00e1tica vietnamita e descubre as alegr\u00edas de aprender esta lingua \u00fanica.\",\"breadcrumb\":{\"@id\":\"https:\/\/talkpal.ai\/gl\/gramatica-vietnamita\/#breadcrumb\"},\"inLanguage\":\"gl-ES\",\"potentialAction\":[{\"@type\":\"ReadAction\",\"target\":[\"https:\/\/talkpal.ai\/gl\/gramatica-vietnamita\/\"]}]},{\"@type\":\"ImageObject\",\"inLanguage\":\"gl-ES\",\"@id\":\"https:\/\/talkpal.ai\/gl\/gramatica-vietnamita\/#primaryimage\",\"url\":\"https:\/\/talkpal.ai\/wp-content\/uploads\/2023\/05\/vietnam.png\",\"contentUrl\":\"https:\/\/talkpal.ai\/wp-content\/uploads\/2023\/05\/vietnam.png\",\"width\":512,\"height\":512},{\"@type\":\"BreadcrumbList\",\"@id\":\"https:\/\/talkpal.ai\/gl\/gramatica-vietnamita\/#breadcrumb\",\"itemListElement\":[{\"@type\":\"ListItem\",\"position\":1,\"name\":\"Homepage\",\"item\":\"https:\/\/talkpal.ai\/gl\/\"},{\"@type\":\"ListItem\",\"position\":2,\"name\":\"Gram\u00e1tica vietnamita\"}]},{\"@type\":\"WebSite\",\"@id\":\"https:\/\/talkpal.ai\/gl\/#website\",\"url\":\"https:\/\/talkpal.ai\/gl\/\",\"name\":\"Talkpal\",\"description\":\"AI Language Learning\",\"publisher\":{\"@id\":\"https:\/\/talkpal.ai\/gl\/#organization\"},\"alternateName\":\"Talkpal AI\",\"potentialAction\":[{\"@type\":\"SearchAction\",\"target\":{\"@type\":\"EntryPoint\",\"urlTemplate\":\"https:\/\/talkpal.ai\/gl\/?s={search_term_string}\"},\"query-input\":{\"@type\":\"PropertyValueSpecification\",\"valueRequired\":true,\"valueName\":\"search_term_string\"}}],\"inLanguage\":\"gl-ES\"},{\"@type\":\"Organization\",\"@id\":\"https:\/\/talkpal.ai\/gl\/#organization\",\"name\":\"Talkpal, Inc.\",\"alternateName\":\"Talkpal AI\",\"url\":\"https:\/\/talkpal.ai\/gl\/\",\"logo\":{\"@type\":\"ImageObject\",\"inLanguage\":\"gl-ES\",\"@id\":\"https:\/\/talkpal.ai\/gl\/#\/schema\/logo\/image\/\",\"url\":\"https:\/\/talkpal.ai\/wp-content\/uploads\/2024\/03\/Talkpal-Logo-Icon.png\",\"contentUrl\":\"https:\/\/talkpal.ai\/wp-content\/uploads\/2024\/03\/Talkpal-Logo-Icon.png\",\"width\":2880,\"height\":2880,\"caption\":\"Talkpal, Inc.\"},\"image\":{\"@id\":\"https:\/\/talkpal.ai\/gl\/#\/schema\/logo\/image\/\"},\"sameAs\":[\"https:\/\/www.facebook.com\/profile.php?id=100090733639311\",\"https:\/\/x.com\/talkpalai\",\"https:\/\/www.linkedin.com\/company\/talkpal\/\",\"https:\/\/www.youtube.com\/@TalkPal\/\",\"https:\/\/www.tiktok.com\/@talkpal\",\"https:\/\/www.instagram.com\/talkpal_ai\/\",\"https:\/\/www.crunchbase.com\/organization\/talkpal-9cde\",\"https:\/\/www.g2.com\/products\/talkpal-for-business\/\",\"https:\/\/www.trustpilot.com\/review\/talkpal.ai\",\"https:\/\/www.capterra.com\/p\/10006800\/TalkPal\/\"],\"description\":\"Talkpal is a language learning web and mobile education app, powered by the latest AI technologies, that provides engaging experiences to its customers in many different languages to help them improve their language skills. Users can chat about unlimited amount of topics with the app and use other modes to practice their language learning.\",\"email\":\"support@talkpal.ai\",\"legalName\":\"Talkpal, Inc.\",\"foundingDate\":\"2023-04-03\",\"duns\":\"118989042\",\"numberOfEmployees\":{\"@type\":\"QuantitativeValue\",\"minValue\":\"11\",\"maxValue\":\"50\"},\"publishingPrinciples\":\"https:\/\/talkpal.ai\/publishing-principles\/\",\"actionableFeedbackPolicy\":\"https:\/\/talkpal.ai\/actionable-feedback-policy\/\",\"correctionsPolicy\":\"https:\/\/talkpal.ai\/corrections-policy\/\",\"ethicsPolicy\":\"https:\/\/talkpal.ai\/ethics-policy\/\",\"diversityPolicy\":\"https:\/\/talkpal.ai\/diversity-policy\/\",\"diversityStaffingReport\":\"https:\/\/talkpal.ai\/diversity-policy\/\"}]}<\/script>\n<!-- \/ Yoast SEO Premium plugin. -->","yoast_head_json":{"title":"Gram\u00e1tica vietnamita - Talkpal","description":"Explora os aspectos fascinantes da gram\u00e1tica vietnamita e descubre as alegr\u00edas de aprender esta lingua \u00fanica.","robots":{"index":"index","follow":"follow","max-snippet":"max-snippet:-1","max-image-preview":"max-image-preview:large","max-video-preview":"max-video-preview:-1"},"canonical":"https:\/\/talkpal.ai\/gl\/gramatica-vietnamita\/","og_locale":"gl_ES","og_type":"article","og_title":"Gram\u00e1tica vietnamita","og_description":"As complejidades da gram\u00e1tica vietnamita: unha exploraci\u00f3n atractiva A lingua vietnamita, coas s\u00faas profundas ra\u00edces hist\u00f3ricas e o seu contexto cultural","og_url":"https:\/\/talkpal.ai\/gl\/gramatica-vietnamita\/","og_site_name":"Talkpal","article_publisher":"https:\/\/www.facebook.com\/profile.php?id=100090733639311","article_modified_time":"2025-12-12T10:56:08+00:00","og_image":[{"width":512,"height":512,"url":"https:\/\/talkpal.ai\/wp-content\/uploads\/2023\/05\/vietnam.png","type":"image\/png"}],"twitter_card":"summary_large_image","twitter_site":"@talkpalai","twitter_misc":{"Tempo de lectura":"3 minutos"},"schema":{"@context":"https:\/\/schema.org","@graph":[{"@type":"WebPage","@id":"https:\/\/talkpal.ai\/gl\/gramatica-vietnamita\/","url":"https:\/\/talkpal.ai\/gl\/gramatica-vietnamita\/","name":"Gram\u00e1tica vietnamita - Talkpal","isPartOf":{"@id":"https:\/\/talkpal.ai\/gl\/#website"},"primaryImageOfPage":{"@id":"https:\/\/talkpal.ai\/gl\/gramatica-vietnamita\/#primaryimage"},"image":{"@id":"https:\/\/talkpal.ai\/gl\/gramatica-vietnamita\/#primaryimage"},"thumbnailUrl":"https:\/\/talkpal.ai\/wp-content\/uploads\/2023\/05\/vietnam.png","datePublished":"2023-05-14T14:23:00+00:00","dateModified":"2025-12-12T10:56:08+00:00","description":"Explora os aspectos fascinantes da gram\u00e1tica vietnamita e descubre as alegr\u00edas de aprender esta lingua \u00fanica.","breadcrumb":{"@id":"https:\/\/talkpal.ai\/gl\/gramatica-vietnamita\/#breadcrumb"},"inLanguage":"gl-ES","potentialAction":[{"@type":"ReadAction","target":["https:\/\/talkpal.ai\/gl\/gramatica-vietnamita\/"]}]},{"@type":"ImageObject","inLanguage":"gl-ES","@id":"https:\/\/talkpal.ai\/gl\/gramatica-vietnamita\/#primaryimage","url":"https:\/\/talkpal.ai\/wp-content\/uploads\/2023\/05\/vietnam.png","contentUrl":"https:\/\/talkpal.ai\/wp-content\/uploads\/2023\/05\/vietnam.png","width":512,"height":512},{"@type":"BreadcrumbList","@id":"https:\/\/talkpal.ai\/gl\/gramatica-vietnamita\/#breadcrumb","itemListElement":[{"@type":"ListItem","position":1,"name":"Homepage","item":"https:\/\/talkpal.ai\/gl\/"},{"@type":"ListItem","position":2,"name":"Gram\u00e1tica vietnamita"}]},{"@type":"WebSite","@id":"https:\/\/talkpal.ai\/gl\/#website","url":"https:\/\/talkpal.ai\/gl\/","name":"Talkpal","description":"AI Language Learning","publisher":{"@id":"https:\/\/talkpal.ai\/gl\/#organization"},"alternateName":"Talkpal AI","potentialAction":[{"@type":"SearchAction","target":{"@type":"EntryPoint","urlTemplate":"https:\/\/talkpal.ai\/gl\/?s={search_term_string}"},"query-input":{"@type":"PropertyValueSpecification","valueRequired":true,"valueName":"search_term_string"}}],"inLanguage":"gl-ES"},{"@type":"Organization","@id":"https:\/\/talkpal.ai\/gl\/#organization","name":"Talkpal, Inc.","alternateName":"Talkpal AI","url":"https:\/\/talkpal.ai\/gl\/","logo":{"@type":"ImageObject","inLanguage":"gl-ES","@id":"https:\/\/talkpal.ai\/gl\/#\/schema\/logo\/image\/","url":"https:\/\/talkpal.ai\/wp-content\/uploads\/2024\/03\/Talkpal-Logo-Icon.png","contentUrl":"https:\/\/talkpal.ai\/wp-content\/uploads\/2024\/03\/Talkpal-Logo-Icon.png","width":2880,"height":2880,"caption":"Talkpal, Inc."},"image":{"@id":"https:\/\/talkpal.ai\/gl\/#\/schema\/logo\/image\/"},"sameAs":["https:\/\/www.facebook.com\/profile.php?id=100090733639311","https:\/\/x.com\/talkpalai","https:\/\/www.linkedin.com\/company\/talkpal\/","https:\/\/www.youtube.com\/@TalkPal\/","https:\/\/www.tiktok.com\/@talkpal","https:\/\/www.instagram.com\/talkpal_ai\/","https:\/\/www.crunchbase.com\/organization\/talkpal-9cde","https:\/\/www.g2.com\/products\/talkpal-for-business\/","https:\/\/www.trustpilot.com\/review\/talkpal.ai","https:\/\/www.capterra.com\/p\/10006800\/TalkPal\/"],"description":"Talkpal is a language learning web and mobile education app, powered by the latest AI technologies, that provides engaging experiences to its customers in many different languages to help them improve their language skills. Users can chat about unlimited amount of topics with the app and use other modes to practice their language learning.","email":"support@talkpal.ai","legalName":"Talkpal, Inc.","foundingDate":"2023-04-03","duns":"118989042","numberOfEmployees":{"@type":"QuantitativeValue","minValue":"11","maxValue":"50"},"publishingPrinciples":"https:\/\/talkpal.ai\/publishing-principles\/","actionableFeedbackPolicy":"https:\/\/talkpal.ai\/actionable-feedback-policy\/","correctionsPolicy":"https:\/\/talkpal.ai\/corrections-policy\/","ethicsPolicy":"https:\/\/talkpal.ai\/ethics-policy\/","diversityPolicy":"https:\/\/talkpal.ai\/diversity-policy\/","diversityStaffingReport":"https:\/\/talkpal.ai\/diversity-policy\/"}]}},"_links":{"self":[{"href":"https:\/\/talkpal.ai\/gl\/wp-json\/wp\/v2\/pages\/152591","targetHints":{"allow":["GET"]}}],"collection":[{"href":"https:\/\/talkpal.ai\/gl\/wp-json\/wp\/v2\/pages"}],"about":[{"href":"https:\/\/talkpal.ai\/gl\/wp-json\/wp\/v2\/types\/page"}],"author":[{"embeddable":true,"href":"https:\/\/talkpal.ai\/gl\/wp-json\/wp\/v2\/users\/1"}],"replies":[{"embeddable":true,"href":"https:\/\/talkpal.ai\/gl\/wp-json\/wp\/v2\/comments?post=152591"}],"version-history":[{"count":0,"href":"https:\/\/talkpal.ai\/gl\/wp-json\/wp\/v2\/pages\/152591\/revisions"}],"wp:featuredmedia":[{"embeddable":true,"href":"https:\/\/talkpal.ai\/gl\/wp-json\/wp\/v2\/media\/120612"}],"wp:attachment":[{"href":"https:\/\/talkpal.ai\/gl\/wp-json\/wp\/v2\/media?parent=152591"}],"curies":[{"name":"wp","href":"https:\/\/api.w.org\/{rel}","templated":true}]}}