{"id":152274,"date":"2023-05-14T14:22:39","date_gmt":"2023-05-14T14:22:39","guid":{"rendered":"http:\/\/talkpal.ai\/gramatica-urdu\/"},"modified":"2025-12-11T16:26:24","modified_gmt":"2025-12-11T16:26:24","slug":"gramatica-urdu","status":"publish","type":"page","link":"https:\/\/talkpal.ai\/gl\/gramatica-urdu\/","title":{"rendered":"Gram\u00e1tica Urdu"},"content":{"rendered":"\r\n\r\n\r\n<section class=\"languageChallengeSection\">\r\n    <div class=\"languageInfoWrapper\">\r\n        \r\n        <h1>Gram\u00e1tica Urdu<\/h1>\r\n        <p>Inter\u00e9sache aprender <a href=\"https:\/\/talkpal.ai\/learn-urdu\/\">urd\u00fa<\/a>? Merg\u00fallate na <a href=\"https:\/\/talkpal.ai\/urdu-grammar\/\">gram\u00e1tica urd\u00fa<\/a>, onde a escritura elegante, os substantivos con distinci\u00f3n de x\u00e9nero e as formas verbais expresivas crean unha linguaxe \u00e1 vez po\u00e9tica e pr\u00e1ctica. Comeza a t\u00faa viaxe en urd\u00fa hoxe mesmo: dominar a s\u00faa gram\u00e1tica abrirache novos cami\u00f1os de comunicaci\u00f3n e conectarache profundamente coas ricas tradici\u00f3ns literarias e culturais do sur de Asia!<\/p>\r\n\r\n                            <a class=\"getStartedHidden\" href=\"https:\/\/app.talkpal.ai\/signup?lng=\">Empeza<\/a>\r\n        \r\n    <\/div>\r\n\r\n    <figure>\r\n    <img decoding=\"async\" width=\"768\" height=\"768\" src=\"https:\/\/talkpal.ai\/wp-content\/uploads\/2023\/06\/urdu-768x768.png\" class=\"languageImage no-lazy\" alt=\"Language learning for global understanding\" fetchpriority=\"high\" sizes=\"(max-width: 768px) 150px, 768px\" srcset=\"https:\/\/talkpal.ai\/wp-content\/uploads\/2023\/06\/urdu-768x768.png 768w, https:\/\/talkpal.ai\/wp-content\/uploads\/2023\/06\/urdu-300x300.png 300w\" \/>\r\n    \r\n\r\n    <\/figure>\r\n\r\n            <a class=\"getStartedVisible\" href=\"https:\/\/app.talkpal.ai\/signup?lng=\">Empeza<\/a>\r\n    \r\n<\/section>\r\n<section class=\"promotionalBanner\">\r\n    <p class=\"promotionalText\">A forma m\u00e1is eficaz de aprender un idioma<\/p>\r\n    <a class=\"promotionalLink\" href=\"https:\/\/app.talkpal.ai\/signup?lng=\">Proba Talkpal de balde<\/a>\r\n<\/section>\n<div class=\"wp-block-group pageContainerStyle\"><div class=\"wp-block-group__inner-container is-layout-constrained wp-block-group-is-layout-constrained\">\n<h2 class=\"wp-block-heading\" id=\"h-urdu-grammar-exploring-the-beauty-and-intricacies-of-the-indo-aryan-language\">Gram\u00e1tica urd\u00fa: explorando a beleza e as complejidades da lingua indoaria<\/h2>\n\n\n\n<p><a href=\"https:\/\/talkpal.ai\/talkpal-discount-for-language-enthusiasts\/\">Entusiastas das linguas<\/a> e <a href=\"https:\/\/talkpal.ai\/talkpal-discount-for-students\/\">estudantes<\/a> curiosos, est\u00e1s preparado para mergullarte no fascinante mundo da <a href=\"https:\/\/talkpal.ai\/urdu-grammar\/\">gram\u00e1tica urd\u00fa<\/a>? O urd\u00fa, unha lingua indoaria, \u00e9 a lingua nacional de Paquist\u00e1n e unha das linguas oficiais da India. Con aproximadamente 70 mill\u00f3ns de falantes en todo o mundo, o urd\u00fa non s\u00f3 \u00e9 unha lingua rica e expresiva, sen\u00f3n que tam\u00e9n \u00e9 unha ponte cara a unha cultura e unha historia vibrantes. Neste artigo, afondaremos nos aspectos \u00fanicos da gram\u00e1tica urd\u00fa e descubriremos o que a diferencia doutras linguas.<\/p>\n\n\n\n<h3 class=\"wp-block-heading\" id=\"h-script-and-pronunciation-the-elegant-nastaliq\">Gui\u00f3n e pronuncia: The Elegant Nastaliq<\/h3>\n\n\n\n<p>A escritura urd\u00fa est\u00e1 baseada no estilo Nastaliq persa-\u00e1rabe, que se escribe e le de dereita a esquerda. Composto por 38 letras con signos diacr\u00edticos adicionais para as vogais e a pronuncia, a escritura Nastaliq \u00e9 \u00e1 vez elegante e flu\u00edda. Aprender o gui\u00f3n e dominar a pronuncia dos sons urd\u00fa ser\u00e1 o teu primeiro paso para comprender a gram\u00e1tica da lingua.<\/p>\n\n\n\n<h3 class=\"wp-block-heading\" id=\"h-nouns-and-pronouns-exploring-gender-number-and-case\">Substantivos e pronomes: explorando x\u00e9nero, n\u00famero e caso<\/h3>\n\n\n\n<p>Os substantivos urd\u00fa clasif\u00edcanse segundo o x\u00e9nero (masculino ou feminino), o n\u00famero (singular ou plural) e o caso (directo ou oblicuo). A lingua non ten artigos (<a href=\"https:\/\/talkpal.ai\/locations\/language-courses-in-como\/\">como<\/a> &#8220;a&#8221; ou &#8220;o&#8221;), sen\u00f3n que depende do contexto para transmitir a definici\u00f3n. Os pronomes urd\u00fa tam\u00e9n seguen distinci\u00f3ns de x\u00e9nero, n\u00famero e caso e te\u00f1en varias formas de <a href=\"https:\/\/talkpal.ai\/talkpal-for-education\/\">educaci\u00f3n<\/a> e familiaridade.<\/p>\n\n\n\n<h3 class=\"wp-block-heading\" id=\"h-postpositions-and-cases-urdu-s-unique-approach-to-indicating-relationships\">Postposici\u00f3ns e casos: o enfoque \u00fanico do urd\u00fa para indicar relaci\u00f3ns<\/h3>\n\n\n\n<p>En lugar de preposici\u00f3ns, o urd\u00fa utiliza posposici\u00f3ns, palabras que ve\u00f1en despois dos substantivos que gobernan. Esta caracter\u00edstica distinta p\u00f3dese ver en <a href=\"https:\/\/talkpal.ai\/locations\/language-courses-in-toda\/\">toda<\/a> a lingua e infl\u00fae significativamente nas marcas de casos. Os dous casos do urd\u00fa, directo e oblicuo, \u00fasanse en combinaci\u00f3n con posposici\u00f3ns para indicar relaci\u00f3ns entre palabras.<\/p>\n\n\n\n<h3 class=\"wp-block-heading\" id=\"h-harnessing-the-power-of-verbs-tense-aspect-and-moods\">Aproveitando o poder dos verbos: tempo, aspecto e estados de \u00e1nimo<\/h3>\n\n\n\n<p>Os verbos urd\u00faes fascinantes pola s\u00faa diversa gama de tempos (pasado, presente e futuro), aspectos (perfecto, imperfecto e habitual) e modos (indicativo, imperativo e subxuntivo). A lingua tam\u00e9n fai un uso extensivo de verbos auxiliares para formar tempos compostos, expresando matices no tempo e realizaci\u00f3n de acci\u00f3ns.<\/p>\n\n\n\n<p>Os verbos tam\u00e9n coinciden cos seus suxeitos en termos de x\u00e9nero e n\u00famero, o que engade a\u00ednda m\u00e1is capas de complexidade e riqueza \u00e1 gram\u00e1tica urd\u00fa.<\/p>\n\n\n\n<h3 class=\"wp-block-heading\" id=\"h-adjectives-adverbs-and-more-adding-color-to-your-language\">Adxectivos, adverbios e m\u00e1is: engade cor \u00e1 t\u00faa lingua<\/h3>\n\n\n\n<p>Os adxectivos urd\u00fas adoitan seguir os substantivos que modifican e concordan con eles en termos de x\u00e9nero e n\u00famero. Os adxectivos p\u00f3dense intensificar mediante comparativos e superlativos, engadindo profundidade \u00e1s descrici\u00f3ns. Os adverbios urd\u00fa, derivados de adxectivos ou existentes de forma independente, tam\u00e9n xogan un papel vital na lingua, proporcionando informaci\u00f3n sobre o tempo, a forma, o lugar e o grao.<\/p>\n\n\n\n<p>A gram\u00e1tica urd\u00fa presume dunha infinidade de conxunci\u00f3ns, interxecci\u00f3ns, part\u00edculas e moito m\u00e1is, que che axudan a constru\u00edr frases ricas, significativas e expresivas.<\/p>\n\n\n\n<h3 class=\"wp-block-heading\" id=\"h-embracing-the-world-of-urdu-grammar\">Abrazando o mundo da gram\u00e1tica urd\u00fa<\/h3>\n\n\n\n<p>A gram\u00e1tica urd\u00fa pode parecer complexa inicialmente, pero a medida que te mergullas nas s\u00faas complexidades, atopar\u00e1s a linguaxe chea de beleza e expresi\u00f3n. Aprender urd\u00fa non s\u00f3 mellorar\u00e1 a s\u00faa comprensi\u00f3n da familia de linguas indoarias, sen\u00f3n que tam\u00e9n axudar\u00e1 a conectarse cunha cultura, literatura e historia encantadoras.<\/p>\n\n\n\n<p>Ent\u00f3n, por que non te embarcas na emocionante viaxe de aprender a gram\u00e1tica urd\u00fa? Con dedicaci\u00f3n e curiosidade, quizais pronto te atopes conversando con falantes nativos, intercambiando ideas e historias neste poderoso idioma. Feliz aprendizaxe!<\/p>\n<\/div><\/div>\n\r\n<section class=\"learnNavigationSection\">\r\n            \r\n        <a href=\"https:\/\/talkpal.ai\/gl\/aprende-urdu\/\">\r\n            <div class=\"learnNavigationWrapper\">\r\n                <div class=\"learnNavigationContent\">\r\n                    <img decoding=\"async\" src=\"https:\/\/talkpal.ai\/wp-content\/uploads\/2024\/08\/Urdu.jpg\" alt=\"Pakistani Flag\">\r\n                    <div>\r\n                        <h4>Sobre a aprendizaxe do urd\u00fa<\/h4>\r\n                        <p>Descubre todo sobre a gram\u00e1tica urd\u00fa.<\/p>\r\n                    <\/div>\r\n                <\/div>\r\n            <\/div>\r\n        <\/a>\r\n\r\n        \r\n        <a href=\"https:\/\/talkpal.ai\/gl\/exercicios-de-gramatica-urdu\/\">\r\n            <div class=\"learnNavigationWrapper\">\r\n                <div class=\"learnNavigationContent\">\r\n                    <img decoding=\"async\" src=\"https:\/\/talkpal.ai\/wp-content\/uploads\/2024\/08\/Urdu.jpg\" alt=\"Pakistani Flag\">\r\n                    <div>\r\n                        <h4>Exercicio de gram\u00e1tica urd\u00fa<\/h4>\r\n                        <p>Practica a gram\u00e1tica urd\u00fa.<\/p>\r\n                    <\/div>\r\n                <\/div>\r\n            <\/div>\r\n        <\/a>\r\n\r\n        \r\n        <a href=\"https:\/\/talkpal.ai\/vocabulary_language\/urdu\/\">\r\n            <div class=\"learnNavigationWrapper\">\r\n                <div class=\"learnNavigationContent\">\r\n                    <img decoding=\"async\" src=\"https:\/\/talkpal.ai\/wp-content\/uploads\/2024\/08\/Urdu.jpg\" alt=\"Pakistani Flag\">\r\n                    <div>\r\n                        <h4>Vocabulario urd\u00fa<\/h4>\r\n                        <p>Ampl\u00eda o teu vocabulario urd\u00fa.<\/p>\r\n                    <\/div>\r\n                <\/div>\r\n            <\/div>\r\n        <\/a>\r\n\r\n            <\/section>","protected":false},"excerpt":{"rendered":"<p>Gram\u00e1tica urd\u00fa: explorando a beleza e as complejidades da lingua indoaria Entusiastas das linguas e estudantes curiosos, est\u00e1s preparado para mergullarte no fascinante mundo da gram\u00e1tica urd\u00fa? O urd\u00fa, unha lingua indoaria, \u00e9 a lingua nacional de Paquist\u00e1n e unha das linguas oficiais da India. Con aproximadamente 70 mill\u00f3ns de falantes en todo o mundo, [&hellip;]<\/p>\n","protected":false},"author":1,"featured_media":121344,"parent":0,"menu_order":0,"comment_status":"closed","ping_status":"closed","template":"LearningContentPage.php","meta":{"_acf_changed":false,"footnotes":""},"class_list":["post-152274","page","type-page","status-publish","has-post-thumbnail","hentry"],"acf":[],"yoast_head":"<!-- This site is optimized with the Yoast SEO Premium plugin v27.2 (Yoast SEO v27.2) - https:\/\/yoast.com\/product\/yoast-seo-premium-wordpress\/ -->\n<title>Gram\u00e1tica Urdu - Talkpal<\/title>\n<meta name=\"description\" content=\"Desbloquea a beleza da gram\u00e1tica urd\u00fa. Explora os seus aspectos \u00fanicos, a escritura e como se conecta coa cultura e a historia.\" \/>\n<meta name=\"robots\" content=\"index, follow, max-snippet:-1, max-image-preview:large, max-video-preview:-1\" \/>\n<link rel=\"canonical\" href=\"https:\/\/talkpal.ai\/gl\/gramatica-urdu\/\" \/>\n<meta property=\"og:locale\" content=\"gl_ES\" \/>\n<meta property=\"og:type\" content=\"article\" \/>\n<meta property=\"og:title\" content=\"Gram\u00e1tica Urdu\" \/>\n<meta property=\"og:description\" content=\"Gram\u00e1tica urd\u00fa: explorando a beleza e as complejidades da lingua indoaria Entusiastas das linguas e estudantes curiosos, est\u00e1s preparado para mergullarte\" \/>\n<meta property=\"og:url\" content=\"https:\/\/talkpal.ai\/gl\/gramatica-urdu\/\" \/>\n<meta property=\"og:site_name\" content=\"Talkpal\" \/>\n<meta property=\"article:publisher\" content=\"https:\/\/www.facebook.com\/profile.php?id=100090733639311\" \/>\n<meta property=\"article:modified_time\" content=\"2025-12-11T16:26:24+00:00\" \/>\n<meta property=\"og:image\" content=\"https:\/\/talkpal.ai\/wp-content\/uploads\/2023\/05\/Urdu-pakistan.png\" \/>\n\t<meta property=\"og:image:width\" content=\"512\" \/>\n\t<meta property=\"og:image:height\" content=\"512\" \/>\n\t<meta property=\"og:image:type\" content=\"image\/png\" \/>\n<meta name=\"twitter:card\" content=\"summary_large_image\" \/>\n<meta name=\"twitter:site\" content=\"@talkpalai\" \/>\n<meta name=\"twitter:label1\" content=\"Tempo de lectura\" \/>\n\t<meta name=\"twitter:data1\" content=\"3 minutos\" \/>\n<script type=\"application\/ld+json\" class=\"yoast-schema-graph\">{\"@context\":\"https:\/\/schema.org\",\"@graph\":[{\"@type\":\"WebPage\",\"@id\":\"https:\/\/talkpal.ai\/gl\/gramatica-urdu\/\",\"url\":\"https:\/\/talkpal.ai\/gl\/gramatica-urdu\/\",\"name\":\"Gram\u00e1tica Urdu - Talkpal\",\"isPartOf\":{\"@id\":\"https:\/\/talkpal.ai\/gl\/#website\"},\"primaryImageOfPage\":{\"@id\":\"https:\/\/talkpal.ai\/gl\/gramatica-urdu\/#primaryimage\"},\"image\":{\"@id\":\"https:\/\/talkpal.ai\/gl\/gramatica-urdu\/#primaryimage\"},\"thumbnailUrl\":\"https:\/\/talkpal.ai\/wp-content\/uploads\/2023\/05\/Urdu-pakistan.png\",\"datePublished\":\"2023-05-14T14:22:39+00:00\",\"dateModified\":\"2025-12-11T16:26:24+00:00\",\"description\":\"Desbloquea a beleza da gram\u00e1tica urd\u00fa. Explora os seus aspectos \u00fanicos, a escritura e como se conecta coa cultura e a historia.\",\"breadcrumb\":{\"@id\":\"https:\/\/talkpal.ai\/gl\/gramatica-urdu\/#breadcrumb\"},\"inLanguage\":\"gl-ES\",\"potentialAction\":[{\"@type\":\"ReadAction\",\"target\":[\"https:\/\/talkpal.ai\/gl\/gramatica-urdu\/\"]}]},{\"@type\":\"ImageObject\",\"inLanguage\":\"gl-ES\",\"@id\":\"https:\/\/talkpal.ai\/gl\/gramatica-urdu\/#primaryimage\",\"url\":\"https:\/\/talkpal.ai\/wp-content\/uploads\/2023\/05\/Urdu-pakistan.png\",\"contentUrl\":\"https:\/\/talkpal.ai\/wp-content\/uploads\/2023\/05\/Urdu-pakistan.png\",\"width\":512,\"height\":512},{\"@type\":\"BreadcrumbList\",\"@id\":\"https:\/\/talkpal.ai\/gl\/gramatica-urdu\/#breadcrumb\",\"itemListElement\":[{\"@type\":\"ListItem\",\"position\":1,\"name\":\"Homepage\",\"item\":\"https:\/\/talkpal.ai\/gl\/\"},{\"@type\":\"ListItem\",\"position\":2,\"name\":\"Gram\u00e1tica Urdu\"}]},{\"@type\":\"WebSite\",\"@id\":\"https:\/\/talkpal.ai\/gl\/#website\",\"url\":\"https:\/\/talkpal.ai\/gl\/\",\"name\":\"Talkpal\",\"description\":\"AI Language Learning\",\"publisher\":{\"@id\":\"https:\/\/talkpal.ai\/gl\/#organization\"},\"alternateName\":\"Talkpal AI\",\"potentialAction\":[{\"@type\":\"SearchAction\",\"target\":{\"@type\":\"EntryPoint\",\"urlTemplate\":\"https:\/\/talkpal.ai\/gl\/?s={search_term_string}\"},\"query-input\":{\"@type\":\"PropertyValueSpecification\",\"valueRequired\":true,\"valueName\":\"search_term_string\"}}],\"inLanguage\":\"gl-ES\"},{\"@type\":\"Organization\",\"@id\":\"https:\/\/talkpal.ai\/gl\/#organization\",\"name\":\"Talkpal, Inc.\",\"alternateName\":\"Talkpal AI\",\"url\":\"https:\/\/talkpal.ai\/gl\/\",\"logo\":{\"@type\":\"ImageObject\",\"inLanguage\":\"gl-ES\",\"@id\":\"https:\/\/talkpal.ai\/gl\/#\/schema\/logo\/image\/\",\"url\":\"https:\/\/talkpal.ai\/wp-content\/uploads\/2024\/03\/Talkpal-Logo-Icon.png\",\"contentUrl\":\"https:\/\/talkpal.ai\/wp-content\/uploads\/2024\/03\/Talkpal-Logo-Icon.png\",\"width\":2880,\"height\":2880,\"caption\":\"Talkpal, Inc.\"},\"image\":{\"@id\":\"https:\/\/talkpal.ai\/gl\/#\/schema\/logo\/image\/\"},\"sameAs\":[\"https:\/\/www.facebook.com\/profile.php?id=100090733639311\",\"https:\/\/x.com\/talkpalai\",\"https:\/\/www.linkedin.com\/company\/talkpal\/\",\"https:\/\/www.youtube.com\/@TalkPal\/\",\"https:\/\/www.tiktok.com\/@talkpal\",\"https:\/\/www.instagram.com\/talkpal_ai\/\",\"https:\/\/www.crunchbase.com\/organization\/talkpal-9cde\",\"https:\/\/www.g2.com\/products\/talkpal-for-business\/\",\"https:\/\/www.trustpilot.com\/review\/talkpal.ai\",\"https:\/\/www.capterra.com\/p\/10006800\/TalkPal\/\"],\"description\":\"Talkpal is a language learning web and mobile education app, powered by the latest AI technologies, that provides engaging experiences to its customers in many different languages to help them improve their language skills. Users can chat about unlimited amount of topics with the app and use other modes to practice their language learning.\",\"email\":\"support@talkpal.ai\",\"legalName\":\"Talkpal, Inc.\",\"foundingDate\":\"2023-04-03\",\"duns\":\"118989042\",\"numberOfEmployees\":{\"@type\":\"QuantitativeValue\",\"minValue\":\"11\",\"maxValue\":\"50\"},\"publishingPrinciples\":\"https:\/\/talkpal.ai\/publishing-principles\/\",\"actionableFeedbackPolicy\":\"https:\/\/talkpal.ai\/actionable-feedback-policy\/\",\"correctionsPolicy\":\"https:\/\/talkpal.ai\/corrections-policy\/\",\"ethicsPolicy\":\"https:\/\/talkpal.ai\/ethics-policy\/\",\"diversityPolicy\":\"https:\/\/talkpal.ai\/diversity-policy\/\",\"diversityStaffingReport\":\"https:\/\/talkpal.ai\/diversity-policy\/\"}]}<\/script>\n<!-- \/ Yoast SEO Premium plugin. -->","yoast_head_json":{"title":"Gram\u00e1tica Urdu - Talkpal","description":"Desbloquea a beleza da gram\u00e1tica urd\u00fa. Explora os seus aspectos \u00fanicos, a escritura e como se conecta coa cultura e a historia.","robots":{"index":"index","follow":"follow","max-snippet":"max-snippet:-1","max-image-preview":"max-image-preview:large","max-video-preview":"max-video-preview:-1"},"canonical":"https:\/\/talkpal.ai\/gl\/gramatica-urdu\/","og_locale":"gl_ES","og_type":"article","og_title":"Gram\u00e1tica Urdu","og_description":"Gram\u00e1tica urd\u00fa: explorando a beleza e as complejidades da lingua indoaria Entusiastas das linguas e estudantes curiosos, est\u00e1s preparado para mergullarte","og_url":"https:\/\/talkpal.ai\/gl\/gramatica-urdu\/","og_site_name":"Talkpal","article_publisher":"https:\/\/www.facebook.com\/profile.php?id=100090733639311","article_modified_time":"2025-12-11T16:26:24+00:00","og_image":[{"width":512,"height":512,"url":"https:\/\/talkpal.ai\/wp-content\/uploads\/2023\/05\/Urdu-pakistan.png","type":"image\/png"}],"twitter_card":"summary_large_image","twitter_site":"@talkpalai","twitter_misc":{"Tempo de lectura":"3 minutos"},"schema":{"@context":"https:\/\/schema.org","@graph":[{"@type":"WebPage","@id":"https:\/\/talkpal.ai\/gl\/gramatica-urdu\/","url":"https:\/\/talkpal.ai\/gl\/gramatica-urdu\/","name":"Gram\u00e1tica Urdu - Talkpal","isPartOf":{"@id":"https:\/\/talkpal.ai\/gl\/#website"},"primaryImageOfPage":{"@id":"https:\/\/talkpal.ai\/gl\/gramatica-urdu\/#primaryimage"},"image":{"@id":"https:\/\/talkpal.ai\/gl\/gramatica-urdu\/#primaryimage"},"thumbnailUrl":"https:\/\/talkpal.ai\/wp-content\/uploads\/2023\/05\/Urdu-pakistan.png","datePublished":"2023-05-14T14:22:39+00:00","dateModified":"2025-12-11T16:26:24+00:00","description":"Desbloquea a beleza da gram\u00e1tica urd\u00fa. Explora os seus aspectos \u00fanicos, a escritura e como se conecta coa cultura e a historia.","breadcrumb":{"@id":"https:\/\/talkpal.ai\/gl\/gramatica-urdu\/#breadcrumb"},"inLanguage":"gl-ES","potentialAction":[{"@type":"ReadAction","target":["https:\/\/talkpal.ai\/gl\/gramatica-urdu\/"]}]},{"@type":"ImageObject","inLanguage":"gl-ES","@id":"https:\/\/talkpal.ai\/gl\/gramatica-urdu\/#primaryimage","url":"https:\/\/talkpal.ai\/wp-content\/uploads\/2023\/05\/Urdu-pakistan.png","contentUrl":"https:\/\/talkpal.ai\/wp-content\/uploads\/2023\/05\/Urdu-pakistan.png","width":512,"height":512},{"@type":"BreadcrumbList","@id":"https:\/\/talkpal.ai\/gl\/gramatica-urdu\/#breadcrumb","itemListElement":[{"@type":"ListItem","position":1,"name":"Homepage","item":"https:\/\/talkpal.ai\/gl\/"},{"@type":"ListItem","position":2,"name":"Gram\u00e1tica Urdu"}]},{"@type":"WebSite","@id":"https:\/\/talkpal.ai\/gl\/#website","url":"https:\/\/talkpal.ai\/gl\/","name":"Talkpal","description":"AI Language Learning","publisher":{"@id":"https:\/\/talkpal.ai\/gl\/#organization"},"alternateName":"Talkpal AI","potentialAction":[{"@type":"SearchAction","target":{"@type":"EntryPoint","urlTemplate":"https:\/\/talkpal.ai\/gl\/?s={search_term_string}"},"query-input":{"@type":"PropertyValueSpecification","valueRequired":true,"valueName":"search_term_string"}}],"inLanguage":"gl-ES"},{"@type":"Organization","@id":"https:\/\/talkpal.ai\/gl\/#organization","name":"Talkpal, Inc.","alternateName":"Talkpal AI","url":"https:\/\/talkpal.ai\/gl\/","logo":{"@type":"ImageObject","inLanguage":"gl-ES","@id":"https:\/\/talkpal.ai\/gl\/#\/schema\/logo\/image\/","url":"https:\/\/talkpal.ai\/wp-content\/uploads\/2024\/03\/Talkpal-Logo-Icon.png","contentUrl":"https:\/\/talkpal.ai\/wp-content\/uploads\/2024\/03\/Talkpal-Logo-Icon.png","width":2880,"height":2880,"caption":"Talkpal, Inc."},"image":{"@id":"https:\/\/talkpal.ai\/gl\/#\/schema\/logo\/image\/"},"sameAs":["https:\/\/www.facebook.com\/profile.php?id=100090733639311","https:\/\/x.com\/talkpalai","https:\/\/www.linkedin.com\/company\/talkpal\/","https:\/\/www.youtube.com\/@TalkPal\/","https:\/\/www.tiktok.com\/@talkpal","https:\/\/www.instagram.com\/talkpal_ai\/","https:\/\/www.crunchbase.com\/organization\/talkpal-9cde","https:\/\/www.g2.com\/products\/talkpal-for-business\/","https:\/\/www.trustpilot.com\/review\/talkpal.ai","https:\/\/www.capterra.com\/p\/10006800\/TalkPal\/"],"description":"Talkpal is a language learning web and mobile education app, powered by the latest AI technologies, that provides engaging experiences to its customers in many different languages to help them improve their language skills. Users can chat about unlimited amount of topics with the app and use other modes to practice their language learning.","email":"support@talkpal.ai","legalName":"Talkpal, Inc.","foundingDate":"2023-04-03","duns":"118989042","numberOfEmployees":{"@type":"QuantitativeValue","minValue":"11","maxValue":"50"},"publishingPrinciples":"https:\/\/talkpal.ai\/publishing-principles\/","actionableFeedbackPolicy":"https:\/\/talkpal.ai\/actionable-feedback-policy\/","correctionsPolicy":"https:\/\/talkpal.ai\/corrections-policy\/","ethicsPolicy":"https:\/\/talkpal.ai\/ethics-policy\/","diversityPolicy":"https:\/\/talkpal.ai\/diversity-policy\/","diversityStaffingReport":"https:\/\/talkpal.ai\/diversity-policy\/"}]}},"_links":{"self":[{"href":"https:\/\/talkpal.ai\/gl\/wp-json\/wp\/v2\/pages\/152274","targetHints":{"allow":["GET"]}}],"collection":[{"href":"https:\/\/talkpal.ai\/gl\/wp-json\/wp\/v2\/pages"}],"about":[{"href":"https:\/\/talkpal.ai\/gl\/wp-json\/wp\/v2\/types\/page"}],"author":[{"embeddable":true,"href":"https:\/\/talkpal.ai\/gl\/wp-json\/wp\/v2\/users\/1"}],"replies":[{"embeddable":true,"href":"https:\/\/talkpal.ai\/gl\/wp-json\/wp\/v2\/comments?post=152274"}],"version-history":[{"count":0,"href":"https:\/\/talkpal.ai\/gl\/wp-json\/wp\/v2\/pages\/152274\/revisions"}],"wp:featuredmedia":[{"embeddable":true,"href":"https:\/\/talkpal.ai\/gl\/wp-json\/wp\/v2\/media\/121344"}],"wp:attachment":[{"href":"https:\/\/talkpal.ai\/gl\/wp-json\/wp\/v2\/media?parent=152274"}],"curies":[{"name":"wp","href":"https:\/\/api.w.org\/{rel}","templated":true}]}}