{"id":151065,"date":"2023-05-14T14:20:10","date_gmt":"2023-05-14T14:20:10","guid":{"rendered":"http:\/\/talkpal.ai\/gramatica-eslovena\/"},"modified":"2025-12-12T11:07:49","modified_gmt":"2025-12-12T11:07:49","slug":"gramatica-eslovena","status":"publish","type":"page","link":"https:\/\/talkpal.ai\/gl\/gramatica-eslovena\/","title":{"rendered":"Gram\u00e1tica eslovena"},"content":{"rendered":"\r\n\r\n\r\n<section class=\"languageChallengeSection\">\r\n    <div class=\"languageInfoWrapper\">\r\n        \r\n        <h1>Gram\u00e1tica eslovena<\/h1>\r\n        <p>Desbloquea o encanto distintivo da lingua eslovena dominando as s\u00faas regras gramaticais esenciais. Cun s\u00f3lido co\u00f1ecemento da <a href=\"https:\/\/talkpal.ai\/es\/gramatica-eslovena\/\">gram\u00e1tica eslovena<\/a>, poder\u00e1s conectar con falantes nativos e apreciar mellor o rico patrimonio cultural do pa\u00eds. Comeza a aprender <a href=\"https:\/\/talkpal.ai\/es\/gramatica-eslovena\/\">gram\u00e1tica eslovena<\/a> hoxe mesmo e d\u00e1 o teu primeiro paso cara \u00e1 fluidez!<\/p>\r\n\r\n                            <a class=\"getStartedHidden\" href=\"https:\/\/app.talkpal.ai\/signup?lng=\">Empeza<\/a>\r\n        \r\n    <\/div>\r\n\r\n    <figure>\r\n    <img decoding=\"async\" width=\"768\" height=\"768\" src=\"https:\/\/talkpal.ai\/wp-content\/uploads\/2023\/06\/slovenian-768x768.png\" class=\"languageImage no-lazy\" alt=\"Language learning for broader perspectives\" fetchpriority=\"high\" sizes=\"(max-width: 768px) 150px, 768px\" srcset=\"https:\/\/talkpal.ai\/wp-content\/uploads\/2023\/06\/slovenian-768x768.png 768w, https:\/\/talkpal.ai\/wp-content\/uploads\/2023\/06\/slovenian-300x300.png 300w\" \/>\r\n    \r\n\r\n    <\/figure>\r\n\r\n            <a class=\"getStartedVisible\" href=\"https:\/\/app.talkpal.ai\/signup?lng=\">Empeza<\/a>\r\n    \r\n<\/section>\r\n<section class=\"promotionalBanner\">\r\n    <p class=\"promotionalText\">A forma m\u00e1is eficaz de aprender un idioma<\/p>\r\n    <a class=\"promotionalLink\" href=\"https:\/\/app.talkpal.ai\/signup?lng=\">Proba Talkpal de balde<\/a>\r\n<\/section>\n<div class=\"wp-block-group pageContainerStyle\"><div class=\"wp-block-group__inner-container is-layout-constrained wp-block-group-is-layout-constrained\">\n<h1 class=\"wp-block-heading\" id=\"h-slovenian-grammar-a-short-introduction-for-language-lovers\">Gram\u00e1tica eslovena: unha pequena introduci\u00f3n para os amantes das linguas<\/h1>\n\n\n\n<p>Est\u00e1s preparado para mergullarte no encantador mundo do <a href=\"https:\/\/talkpal.ai\/learn-slovenian\/\">esloveno<\/a>, unha lingua eslava abraiante? Est\u00e1s para unha delicia! Esta pequena gu\u00eda darache unha ollada \u00e1 gram\u00e1tica eslovena, que \u00e9 esencial para comprender e dominar esta cativadora lingua. Ent\u00f3n, embarqu\u00e9monos nesta aventura ling\u00fc\u00edstica e exploremos paso a paso as complejidades da gram\u00e1tica eslovena.<\/p>\n\n\n\n<p>O esloveno, tam\u00e9n co\u00f1ecido <a href=\"https:\/\/talkpal.ai\/locations\/language-courses-in-como\/\">como<\/a> esloveno, \u00e9 falado principalmente en Eslovenia por preto de 2,5 mill\u00f3ns de persoas. <a href=\"https:\/\/talkpal.ai\/locations\/language-courses-in-como\/\">Como<\/a> lingua eslava do sur, comparte varias caracter\u00edsticas cos seus parentes pr\u00f3ximos, como o <a href=\"https:\/\/talkpal.ai\/learn-serbian\/\">serbio<\/a>, o <a href=\"https:\/\/talkpal.ai\/learn-croatian\/\">croata<\/a> e o b\u00falgaro. Non obstante, o esloveno presume dos seus xiros e estilo \u00fanicos.<\/p>\n\n\n\n<p>Sen m\u00e1is, imos afondar nos aspectos clave da gram\u00e1tica eslovena:<\/p>\n\n\n\n<h3 class=\"wp-block-heading\" id=\"h-1-nouns-and-cases\">1. Substantivos e casos:<\/h3>\n\n\n\n<p>Os substantivos eslovenos ve\u00f1en en tres x\u00e9neros: masculino, feminino e neutro. Cada substantivo pode usarse nun dos seis casos eslovenos: nominativo, xenitivo, dativo, acusativo, locativo e instrumental. Estes casos expresan diferentes funci\u00f3ns gramaticais ou relaci\u00f3ns entre palabras, polo que \u00e9 fundamental aprender o seu uso axeitado no contexto.<\/p>\n\n\n\n<h3 class=\"wp-block-heading\" id=\"h-2-articles\">2. Artigos:<\/h3>\n\n\n\n<p>Aqu\u00ed <a href=\"https:\/\/talkpal.ai\/talkpal-discount-for-test-takers-e-g-toefl-ielts\/\">tes<\/a> unha boa noticia: o esloveno non <a href=\"https:\/\/talkpal.ai\/locations\/learn-english-in-usa\/\">usa<\/a> artigos como &#8220;o&#8221; ou &#8220;a&#8221;! En cambio, o significado transm\u00edtese mediante o uso de casos e a orde das palabras. Isto pode facer que a t\u00faa experiencia de aprendizaxe de esloveno sexa un pouco m\u00e1is f\u00e1cil, especialmente se non est\u00e1s afeito a linguas con sistemas de artigos complexos.<\/p>\n\n\n\n<h3 class=\"wp-block-heading\" id=\"h-3-adjectives\">3. Adxectivos:<\/h3>\n\n\n\n<p>Do mesmo xeito que os substantivos, os adxectivos en esloveno coinciden en x\u00e9nero, n\u00famero e mai\u00fasculas co substantivo que modifican. Isto fai que o uso dos adxectivos sexa un pouco m\u00e1is complicado que en ingl\u00e9s, pero non temas: coa pr\u00e1ctica, dominar\u00e1s os adxectivos eslovenos en pouco tempo.<\/p>\n\n\n\n<h3 class=\"wp-block-heading\" id=\"h-4-verbs\">4. Verbos:<\/h3>\n\n\n\n<p>A lingua eslovena ten un sistema verbal de tres niveis: tres grupos de conxugaci\u00f3n dependendo da ra\u00edz do verbo que remata en forma de infinitivo. Os verbos eslovenos tam\u00e9n te\u00f1en varios tempos e estados de \u00e1nimo, inclu\u00edndo a \u00fanica forma dual, que se usa cando se refire a dous suxeitos ou obxectos. Prep\u00e1rate para pasar un tempo aprendendo e practicando as conxugaci\u00f3ns verbais eslovenas para ga\u00f1ar confianza nas t\u00faas habilidades ling\u00fc\u00edsticas.<\/p>\n\n\n\n<h3 class=\"wp-block-heading\" id=\"h-5-word-order\">5. Orde das palabras:<\/h3>\n\n\n\n<p>O esloveno xeralmente segue unha orde de palabras suxeito-verbo-obxecto (SVO), que deber\u00eda ser familiar para os falantes de ingl\u00e9s. Non obstante, a lingua goza dun certo grao de flexibilidade, o que lle permite enfatizar partes espec\u00edficas da frase cambiando a orde das palabras. \u00c9 esencial utilizar correctamente os casos para evitar confusi\u00f3ns e transmitir o significado que se pretende.<\/p>\n\n\n\n<h3 class=\"wp-block-heading\" id=\"h-6-pronouns-and-prepositions\">6. Pronomes e preposici\u00f3ns:<\/h3>\n\n\n\n<p>Os pronomes eslovenos, como outros elementos da lingua, est\u00e1n afectados polo x\u00e9nero, o n\u00famero e o caso. V\u00e9n en varias formas, como persoal, posesivo, demostrativo e reflexivo. Familiarizarse coas preposici\u00f3ns eslovenas tam\u00e9n axudarache a conectar palabras e frases para crear frases m\u00e1is complexas.<\/p>\n\n\n\n<p>Ent\u00f3n, agora tes unha comprensi\u00f3n b\u00e1sica da gram\u00e1tica eslovena! Te\u00f1a en conta que para ser competente en calquera idioma require dedicaci\u00f3n e pr\u00e1ctica. Acepta os retos e non dubides en aprender dos teus erros. Lembra que aprender un novo idioma \u00e9 unha viaxe emocionante chea de experiencias memorables e descubrimentos gratificantes. Non!<\/p>\n<\/div><\/div>\n\r\n<section class=\"learnNavigationSection\">\r\n            \r\n        <a href=\"https:\/\/talkpal.ai\/gl\/aprende-esloveno\/\">\r\n            <div class=\"learnNavigationWrapper\">\r\n                <div class=\"learnNavigationContent\">\r\n                    <img decoding=\"async\" src=\"https:\/\/talkpal.ai\/wp-content\/uploads\/2024\/08\/Slovenian.jpg\" alt=\"Slovenian Flag\">\r\n                    <div>\r\n                        <h4>Sobre a aprendizaxe do esloveno<\/h4>\r\n                        <p>Descubre todo sobre a gram\u00e1tica eslovena.<\/p>\r\n                    <\/div>\r\n                <\/div>\r\n            <\/div>\r\n        <\/a>\r\n\r\n        \r\n        <a href=\"https:\/\/talkpal.ai\/gl\/exercicios-de-gramatica-eslovena\/\">\r\n            <div class=\"learnNavigationWrapper\">\r\n                <div class=\"learnNavigationContent\">\r\n                    <img decoding=\"async\" src=\"https:\/\/talkpal.ai\/wp-content\/uploads\/2024\/08\/Slovenian.jpg\" alt=\"Slovenian Flag\">\r\n                    <div>\r\n                        <h4>Exercicio de gram\u00e1tica eslovena<\/h4>\r\n                        <p>Practica a gram\u00e1tica eslovena.<\/p>\r\n                    <\/div>\r\n                <\/div>\r\n            <\/div>\r\n        <\/a>\r\n\r\n        \r\n        <a href=\"https:\/\/talkpal.ai\/vocabulary_language\/slovenian\/\">\r\n            <div class=\"learnNavigationWrapper\">\r\n                <div class=\"learnNavigationContent\">\r\n                    <img decoding=\"async\" src=\"https:\/\/talkpal.ai\/wp-content\/uploads\/2024\/08\/Slovenian.jpg\" alt=\"Slovenian Flag\">\r\n                    <div>\r\n                        <h4>Vocabulario esloveno<\/h4>\r\n                        <p>Ampl\u00eda o teu vocabulario esloveno.<\/p>\r\n                    <\/div>\r\n                <\/div>\r\n            <\/div>\r\n        <\/a>\r\n\r\n            <\/section>","protected":false},"excerpt":{"rendered":"<p>Gram\u00e1tica eslovena: unha pequena introduci\u00f3n para os amantes das linguas Est\u00e1s preparado para mergullarte no encantador mundo do esloveno, unha lingua eslava abraiante? Est\u00e1s para unha delicia! Esta pequena gu\u00eda darache unha ollada \u00e1 gram\u00e1tica eslovena, que \u00e9 esencial para comprender e dominar esta cativadora lingua. Ent\u00f3n, embarqu\u00e9monos nesta aventura ling\u00fc\u00edstica e exploremos paso a [&hellip;]<\/p>\n","protected":false},"author":1,"featured_media":119638,"parent":0,"menu_order":0,"comment_status":"closed","ping_status":"closed","template":"LearningContentPage.php","meta":{"_acf_changed":false,"footnotes":""},"class_list":["post-151065","page","type-page","status-publish","has-post-thumbnail","hentry"],"acf":[],"yoast_head":"<!-- This site is optimized with the Yoast SEO Premium plugin v27.2 (Yoast SEO v27.2) - https:\/\/yoast.com\/product\/yoast-seo-premium-wordpress\/ -->\n<title>Gram\u00e1tica eslovena - Talkpal<\/title>\n<meta name=\"description\" content=\"Explora as complexidades da gram\u00e1tica eslovena para mellorar as t\u00faas habilidades e a t\u00faa comprensi\u00f3n ling\u00fc\u00edstica. Domina a arte da gram\u00e1tica hoxe.\" \/>\n<meta name=\"robots\" content=\"index, follow, max-snippet:-1, max-image-preview:large, max-video-preview:-1\" \/>\n<link rel=\"canonical\" href=\"https:\/\/talkpal.ai\/gl\/gramatica-eslovena\/\" \/>\n<meta property=\"og:locale\" content=\"gl_ES\" \/>\n<meta property=\"og:type\" content=\"article\" \/>\n<meta property=\"og:title\" content=\"Gram\u00e1tica eslovena\" \/>\n<meta property=\"og:description\" content=\"Gram\u00e1tica eslovena: unha pequena introduci\u00f3n para os amantes das linguas Est\u00e1s preparado para mergullarte no encantador mundo do esloveno, unha lingua\" \/>\n<meta property=\"og:url\" content=\"https:\/\/talkpal.ai\/gl\/gramatica-eslovena\/\" \/>\n<meta property=\"og:site_name\" content=\"Talkpal\" \/>\n<meta property=\"article:publisher\" content=\"https:\/\/www.facebook.com\/profile.php?id=100090733639311\" \/>\n<meta property=\"article:modified_time\" content=\"2025-12-12T11:07:49+00:00\" \/>\n<meta property=\"og:image\" content=\"https:\/\/talkpal.ai\/wp-content\/uploads\/2023\/05\/slovenia.png\" \/>\n\t<meta property=\"og:image:width\" content=\"512\" \/>\n\t<meta property=\"og:image:height\" content=\"512\" \/>\n\t<meta property=\"og:image:type\" content=\"image\/png\" \/>\n<meta name=\"twitter:card\" content=\"summary_large_image\" \/>\n<meta name=\"twitter:site\" content=\"@talkpalai\" \/>\n<meta name=\"twitter:label1\" content=\"Tempo de lectura\" \/>\n\t<meta name=\"twitter:data1\" content=\"3 minutos\" \/>\n<script type=\"application\/ld+json\" class=\"yoast-schema-graph\">{\"@context\":\"https:\/\/schema.org\",\"@graph\":[{\"@type\":\"WebPage\",\"@id\":\"https:\/\/talkpal.ai\/gl\/gramatica-eslovena\/\",\"url\":\"https:\/\/talkpal.ai\/gl\/gramatica-eslovena\/\",\"name\":\"Gram\u00e1tica eslovena - Talkpal\",\"isPartOf\":{\"@id\":\"https:\/\/talkpal.ai\/gl\/#website\"},\"primaryImageOfPage\":{\"@id\":\"https:\/\/talkpal.ai\/gl\/gramatica-eslovena\/#primaryimage\"},\"image\":{\"@id\":\"https:\/\/talkpal.ai\/gl\/gramatica-eslovena\/#primaryimage\"},\"thumbnailUrl\":\"https:\/\/talkpal.ai\/wp-content\/uploads\/2023\/05\/slovenia.png\",\"datePublished\":\"2023-05-14T14:20:10+00:00\",\"dateModified\":\"2025-12-12T11:07:49+00:00\",\"description\":\"Explora as complexidades da gram\u00e1tica eslovena para mellorar as t\u00faas habilidades e a t\u00faa comprensi\u00f3n ling\u00fc\u00edstica. Domina a arte da gram\u00e1tica hoxe.\",\"breadcrumb\":{\"@id\":\"https:\/\/talkpal.ai\/gl\/gramatica-eslovena\/#breadcrumb\"},\"inLanguage\":\"gl-ES\",\"potentialAction\":[{\"@type\":\"ReadAction\",\"target\":[\"https:\/\/talkpal.ai\/gl\/gramatica-eslovena\/\"]}]},{\"@type\":\"ImageObject\",\"inLanguage\":\"gl-ES\",\"@id\":\"https:\/\/talkpal.ai\/gl\/gramatica-eslovena\/#primaryimage\",\"url\":\"https:\/\/talkpal.ai\/wp-content\/uploads\/2023\/05\/slovenia.png\",\"contentUrl\":\"https:\/\/talkpal.ai\/wp-content\/uploads\/2023\/05\/slovenia.png\",\"width\":512,\"height\":512},{\"@type\":\"BreadcrumbList\",\"@id\":\"https:\/\/talkpal.ai\/gl\/gramatica-eslovena\/#breadcrumb\",\"itemListElement\":[{\"@type\":\"ListItem\",\"position\":1,\"name\":\"Homepage\",\"item\":\"https:\/\/talkpal.ai\/gl\/\"},{\"@type\":\"ListItem\",\"position\":2,\"name\":\"Gram\u00e1tica eslovena\"}]},{\"@type\":\"WebSite\",\"@id\":\"https:\/\/talkpal.ai\/gl\/#website\",\"url\":\"https:\/\/talkpal.ai\/gl\/\",\"name\":\"Talkpal\",\"description\":\"AI Language Learning\",\"publisher\":{\"@id\":\"https:\/\/talkpal.ai\/gl\/#organization\"},\"alternateName\":\"Talkpal AI\",\"potentialAction\":[{\"@type\":\"SearchAction\",\"target\":{\"@type\":\"EntryPoint\",\"urlTemplate\":\"https:\/\/talkpal.ai\/gl\/?s={search_term_string}\"},\"query-input\":{\"@type\":\"PropertyValueSpecification\",\"valueRequired\":true,\"valueName\":\"search_term_string\"}}],\"inLanguage\":\"gl-ES\"},{\"@type\":\"Organization\",\"@id\":\"https:\/\/talkpal.ai\/gl\/#organization\",\"name\":\"Talkpal, Inc.\",\"alternateName\":\"Talkpal AI\",\"url\":\"https:\/\/talkpal.ai\/gl\/\",\"logo\":{\"@type\":\"ImageObject\",\"inLanguage\":\"gl-ES\",\"@id\":\"https:\/\/talkpal.ai\/gl\/#\/schema\/logo\/image\/\",\"url\":\"https:\/\/talkpal.ai\/wp-content\/uploads\/2024\/03\/Talkpal-Logo-Icon.png\",\"contentUrl\":\"https:\/\/talkpal.ai\/wp-content\/uploads\/2024\/03\/Talkpal-Logo-Icon.png\",\"width\":2880,\"height\":2880,\"caption\":\"Talkpal, Inc.\"},\"image\":{\"@id\":\"https:\/\/talkpal.ai\/gl\/#\/schema\/logo\/image\/\"},\"sameAs\":[\"https:\/\/www.facebook.com\/profile.php?id=100090733639311\",\"https:\/\/x.com\/talkpalai\",\"https:\/\/www.linkedin.com\/company\/talkpal\/\",\"https:\/\/www.youtube.com\/@TalkPal\/\",\"https:\/\/www.tiktok.com\/@talkpal\",\"https:\/\/www.instagram.com\/talkpal_ai\/\",\"https:\/\/www.crunchbase.com\/organization\/talkpal-9cde\",\"https:\/\/www.g2.com\/products\/talkpal-for-business\/\",\"https:\/\/www.trustpilot.com\/review\/talkpal.ai\",\"https:\/\/www.capterra.com\/p\/10006800\/TalkPal\/\"],\"description\":\"Talkpal is a language learning web and mobile education app, powered by the latest AI technologies, that provides engaging experiences to its customers in many different languages to help them improve their language skills. Users can chat about unlimited amount of topics with the app and use other modes to practice their language learning.\",\"email\":\"support@talkpal.ai\",\"legalName\":\"Talkpal, Inc.\",\"foundingDate\":\"2023-04-03\",\"duns\":\"118989042\",\"numberOfEmployees\":{\"@type\":\"QuantitativeValue\",\"minValue\":\"11\",\"maxValue\":\"50\"},\"publishingPrinciples\":\"https:\/\/talkpal.ai\/publishing-principles\/\",\"actionableFeedbackPolicy\":\"https:\/\/talkpal.ai\/actionable-feedback-policy\/\",\"correctionsPolicy\":\"https:\/\/talkpal.ai\/corrections-policy\/\",\"ethicsPolicy\":\"https:\/\/talkpal.ai\/ethics-policy\/\",\"diversityPolicy\":\"https:\/\/talkpal.ai\/diversity-policy\/\",\"diversityStaffingReport\":\"https:\/\/talkpal.ai\/diversity-policy\/\"}]}<\/script>\n<!-- \/ Yoast SEO Premium plugin. -->","yoast_head_json":{"title":"Gram\u00e1tica eslovena - Talkpal","description":"Explora as complexidades da gram\u00e1tica eslovena para mellorar as t\u00faas habilidades e a t\u00faa comprensi\u00f3n ling\u00fc\u00edstica. Domina a arte da gram\u00e1tica hoxe.","robots":{"index":"index","follow":"follow","max-snippet":"max-snippet:-1","max-image-preview":"max-image-preview:large","max-video-preview":"max-video-preview:-1"},"canonical":"https:\/\/talkpal.ai\/gl\/gramatica-eslovena\/","og_locale":"gl_ES","og_type":"article","og_title":"Gram\u00e1tica eslovena","og_description":"Gram\u00e1tica eslovena: unha pequena introduci\u00f3n para os amantes das linguas Est\u00e1s preparado para mergullarte no encantador mundo do esloveno, unha lingua","og_url":"https:\/\/talkpal.ai\/gl\/gramatica-eslovena\/","og_site_name":"Talkpal","article_publisher":"https:\/\/www.facebook.com\/profile.php?id=100090733639311","article_modified_time":"2025-12-12T11:07:49+00:00","og_image":[{"width":512,"height":512,"url":"https:\/\/talkpal.ai\/wp-content\/uploads\/2023\/05\/slovenia.png","type":"image\/png"}],"twitter_card":"summary_large_image","twitter_site":"@talkpalai","twitter_misc":{"Tempo de lectura":"3 minutos"},"schema":{"@context":"https:\/\/schema.org","@graph":[{"@type":"WebPage","@id":"https:\/\/talkpal.ai\/gl\/gramatica-eslovena\/","url":"https:\/\/talkpal.ai\/gl\/gramatica-eslovena\/","name":"Gram\u00e1tica eslovena - Talkpal","isPartOf":{"@id":"https:\/\/talkpal.ai\/gl\/#website"},"primaryImageOfPage":{"@id":"https:\/\/talkpal.ai\/gl\/gramatica-eslovena\/#primaryimage"},"image":{"@id":"https:\/\/talkpal.ai\/gl\/gramatica-eslovena\/#primaryimage"},"thumbnailUrl":"https:\/\/talkpal.ai\/wp-content\/uploads\/2023\/05\/slovenia.png","datePublished":"2023-05-14T14:20:10+00:00","dateModified":"2025-12-12T11:07:49+00:00","description":"Explora as complexidades da gram\u00e1tica eslovena para mellorar as t\u00faas habilidades e a t\u00faa comprensi\u00f3n ling\u00fc\u00edstica. Domina a arte da gram\u00e1tica hoxe.","breadcrumb":{"@id":"https:\/\/talkpal.ai\/gl\/gramatica-eslovena\/#breadcrumb"},"inLanguage":"gl-ES","potentialAction":[{"@type":"ReadAction","target":["https:\/\/talkpal.ai\/gl\/gramatica-eslovena\/"]}]},{"@type":"ImageObject","inLanguage":"gl-ES","@id":"https:\/\/talkpal.ai\/gl\/gramatica-eslovena\/#primaryimage","url":"https:\/\/talkpal.ai\/wp-content\/uploads\/2023\/05\/slovenia.png","contentUrl":"https:\/\/talkpal.ai\/wp-content\/uploads\/2023\/05\/slovenia.png","width":512,"height":512},{"@type":"BreadcrumbList","@id":"https:\/\/talkpal.ai\/gl\/gramatica-eslovena\/#breadcrumb","itemListElement":[{"@type":"ListItem","position":1,"name":"Homepage","item":"https:\/\/talkpal.ai\/gl\/"},{"@type":"ListItem","position":2,"name":"Gram\u00e1tica eslovena"}]},{"@type":"WebSite","@id":"https:\/\/talkpal.ai\/gl\/#website","url":"https:\/\/talkpal.ai\/gl\/","name":"Talkpal","description":"AI Language Learning","publisher":{"@id":"https:\/\/talkpal.ai\/gl\/#organization"},"alternateName":"Talkpal AI","potentialAction":[{"@type":"SearchAction","target":{"@type":"EntryPoint","urlTemplate":"https:\/\/talkpal.ai\/gl\/?s={search_term_string}"},"query-input":{"@type":"PropertyValueSpecification","valueRequired":true,"valueName":"search_term_string"}}],"inLanguage":"gl-ES"},{"@type":"Organization","@id":"https:\/\/talkpal.ai\/gl\/#organization","name":"Talkpal, Inc.","alternateName":"Talkpal AI","url":"https:\/\/talkpal.ai\/gl\/","logo":{"@type":"ImageObject","inLanguage":"gl-ES","@id":"https:\/\/talkpal.ai\/gl\/#\/schema\/logo\/image\/","url":"https:\/\/talkpal.ai\/wp-content\/uploads\/2024\/03\/Talkpal-Logo-Icon.png","contentUrl":"https:\/\/talkpal.ai\/wp-content\/uploads\/2024\/03\/Talkpal-Logo-Icon.png","width":2880,"height":2880,"caption":"Talkpal, Inc."},"image":{"@id":"https:\/\/talkpal.ai\/gl\/#\/schema\/logo\/image\/"},"sameAs":["https:\/\/www.facebook.com\/profile.php?id=100090733639311","https:\/\/x.com\/talkpalai","https:\/\/www.linkedin.com\/company\/talkpal\/","https:\/\/www.youtube.com\/@TalkPal\/","https:\/\/www.tiktok.com\/@talkpal","https:\/\/www.instagram.com\/talkpal_ai\/","https:\/\/www.crunchbase.com\/organization\/talkpal-9cde","https:\/\/www.g2.com\/products\/talkpal-for-business\/","https:\/\/www.trustpilot.com\/review\/talkpal.ai","https:\/\/www.capterra.com\/p\/10006800\/TalkPal\/"],"description":"Talkpal is a language learning web and mobile education app, powered by the latest AI technologies, that provides engaging experiences to its customers in many different languages to help them improve their language skills. Users can chat about unlimited amount of topics with the app and use other modes to practice their language learning.","email":"support@talkpal.ai","legalName":"Talkpal, Inc.","foundingDate":"2023-04-03","duns":"118989042","numberOfEmployees":{"@type":"QuantitativeValue","minValue":"11","maxValue":"50"},"publishingPrinciples":"https:\/\/talkpal.ai\/publishing-principles\/","actionableFeedbackPolicy":"https:\/\/talkpal.ai\/actionable-feedback-policy\/","correctionsPolicy":"https:\/\/talkpal.ai\/corrections-policy\/","ethicsPolicy":"https:\/\/talkpal.ai\/ethics-policy\/","diversityPolicy":"https:\/\/talkpal.ai\/diversity-policy\/","diversityStaffingReport":"https:\/\/talkpal.ai\/diversity-policy\/"}]}},"_links":{"self":[{"href":"https:\/\/talkpal.ai\/gl\/wp-json\/wp\/v2\/pages\/151065","targetHints":{"allow":["GET"]}}],"collection":[{"href":"https:\/\/talkpal.ai\/gl\/wp-json\/wp\/v2\/pages"}],"about":[{"href":"https:\/\/talkpal.ai\/gl\/wp-json\/wp\/v2\/types\/page"}],"author":[{"embeddable":true,"href":"https:\/\/talkpal.ai\/gl\/wp-json\/wp\/v2\/users\/1"}],"replies":[{"embeddable":true,"href":"https:\/\/talkpal.ai\/gl\/wp-json\/wp\/v2\/comments?post=151065"}],"version-history":[{"count":0,"href":"https:\/\/talkpal.ai\/gl\/wp-json\/wp\/v2\/pages\/151065\/revisions"}],"wp:featuredmedia":[{"embeddable":true,"href":"https:\/\/talkpal.ai\/gl\/wp-json\/wp\/v2\/media\/119638"}],"wp:attachment":[{"href":"https:\/\/talkpal.ai\/gl\/wp-json\/wp\/v2\/media?parent=151065"}],"curies":[{"name":"wp","href":"https:\/\/api.w.org\/{rel}","templated":true}]}}