{"id":150220,"date":"2023-05-14T14:19:49","date_gmt":"2023-05-14T14:19:49","guid":{"rendered":"http:\/\/talkpal.ai\/gramatica-eslovaca\/"},"modified":"2025-12-12T11:12:45","modified_gmt":"2025-12-12T11:12:45","slug":"gramatica-eslovaca","status":"publish","type":"page","link":"https:\/\/talkpal.ai\/gl\/gramatica-eslovaca\/","title":{"rendered":"Gram\u00e1tica eslovaca"},"content":{"rendered":"\r\n\r\n\r\n<section class=\"languageChallengeSection\">\r\n    <div class=\"languageInfoWrapper\">\r\n        \r\n        <h1>Gram\u00e1tica eslovaca<\/h1>\r\n        <p>Descubra a beleza da lingua eslovaca aprendendo as s\u00faas regras gramaticais fundamentais. Comprender a <a href=\"https:\/\/talkpal.ai\/es\/gramatica-eslovaca\/\">gram\u00e1tica eslovaca<\/a> axudarache a comunicarte con confianza e a conectar m\u00e1is profundamente coas ricas tradici\u00f3ns de Eslovaquia. Comeza a t\u00faa viaxe hoxe mesmo e d\u00e1 o primeiro paso para dominar o <a href=\"https:\/\/talkpal.ai\/learn-slovak\/\">eslovaco<\/a>!\n\n<\/p>\r\n\r\n                            <a class=\"getStartedHidden\" href=\"https:\/\/app.talkpal.ai\/signup?lng=\">Empeza<\/a>\r\n        \r\n    <\/div>\r\n\r\n    <figure>\r\n    <img decoding=\"async\" width=\"768\" height=\"768\" src=\"https:\/\/talkpal.ai\/wp-content\/uploads\/2023\/06\/slovak-768x768.png\" class=\"languageImage no-lazy\" alt=\"Language learning for cross-cultural competence\" fetchpriority=\"high\" sizes=\"(max-width: 768px) 150px, 768px\" srcset=\"https:\/\/talkpal.ai\/wp-content\/uploads\/2023\/06\/slovak-768x768.png 768w, https:\/\/talkpal.ai\/wp-content\/uploads\/2023\/06\/slovak-300x300.png 300w\" \/>\r\n    \r\n\r\n    <\/figure>\r\n\r\n            <a class=\"getStartedVisible\" href=\"https:\/\/app.talkpal.ai\/signup?lng=\">Empeza<\/a>\r\n    \r\n<\/section>\r\n<section class=\"promotionalBanner\">\r\n    <p class=\"promotionalText\">A forma m\u00e1is eficaz de aprender un idioma<\/p>\r\n    <a class=\"promotionalLink\" href=\"https:\/\/app.talkpal.ai\/signup?lng=\">Proba Talkpal de balde<\/a>\r\n<\/section>\n<div class=\"wp-block-group pageContainerStyle\"><div class=\"wp-block-group__inner-container is-layout-constrained wp-block-group-is-layout-constrained\">\n<h2 class=\"wp-block-heading\" id=\"h-slovak-grammar-the-key-to-unlocking-a-beautiful-language\">Gram\u00e1tica eslovaca: a clave para desbloquear unha fermosa lingua<\/h2>\n\n\n\n<p>Est\u00e1s planeando <a href=\"https:\/\/talkpal.ai\/pt-pt\/aprender-eslovaco\/\">aprender eslovaco<\/a> ou simplemente <a href=\"https:\/\/talkpal.ai\/talkpal-discount-for-test-takers-e-g-toefl-ielts\/\">tes<\/a> curiosidade pola s\u00faa gram\u00e1tica \u00fanica? Est\u00e1s no lugar indicado! A <a href=\"https:\/\/talkpal.ai\/es\/gramatica-eslovaca\/\">gram\u00e1tica eslovaca<\/a> pode parecer intimidante a primeira <a href=\"https:\/\/talkpal.ai\/locations\/language-courses-in-vista\/\">vista<\/a>, pero non te preocupes: en realidade \u00e9 bastante l\u00f3xica e manexable. Neste artigo, exploraremos os pormenores da gram\u00e1tica eslovaca para axudarche a comprender e apreciar mellor a s\u00faa beleza.<\/p>\n\n\n\n<p>Primeiro, imos <a href=\"https:\/\/talkpal.ai\/ko\/ai-%ec%96%b8%ec%96%b4-%ea%b5%90%ec%82%ac\/\">comezar<\/a> cun pequeno fondo. O eslovaco \u00e9 unha lingua eslava occidental que se fala principalmente en Eslovaquia, pero tam\u00e9n podes atopar falantes nos pa\u00edses da contorna. <a href=\"https:\/\/talkpal.ai\/locations\/language-courses-in-como\/\">Como<\/a> lingua eslava, comparte moitas semellanzas con outras linguas da rexi\u00f3n, <a href=\"https:\/\/talkpal.ai\/locations\/language-courses-in-como\/\">como<\/a> o <a href=\"https:\/\/talkpal.ai\/learn-czech\/\">checo<\/a> e o polaco. Non obstante, ten as s\u00faas propias regras gramaticais e patr\u00f3ns de uso distintos que o distinguen.<\/p>\n\n\n\n<p>Agora, imos mergullo nalg\u00fans dos aspectos m\u00e1is importantes da gram\u00e1tica eslovaca.<\/p>\n\n\n\n<h3 class=\"wp-block-heading\" id=\"h-1-nouns-and-their-cases\">1. Os substantivos e os seus casos<\/h3>\n\n\n\n<p>Unha das caracter\u00edsticas m\u00e1is rechamantes da gram\u00e1tica eslovaca \u00e9 o seu complexo sistema de casos. Se est\u00e1s familiarizado co alem\u00e1n ou o ruso, saber\u00e1s de que estamos a falar: os substantivos eslovacos cambian de forma dependendo da s\u00faa funci\u00f3n nunha oraci\u00f3n. Con sete casos (nominativo, xenitivo, dativo, acusativo, locativo, instrumental e vocativo), isto pode parecer abrumador ao principio, pero non te rindas! Unha vez que o entendes, \u00e9 incriblemente l\u00f3xico e mesmo divertido.<\/p>\n\n\n\n<p>Tome como exemplo o substantivo &#8220;chlapec&#8221; (neno). Pode cambiar a &#8220;chlapca&#8221;, &#8220;chlapcovi&#8221;, &#8220;chlapcom&#8221;, etc., dependendo de se \u00e9 o suxeito, o obxecto ou o destinatario dunha acci\u00f3n. As terminaci\u00f3ns tam\u00e9n dependen do x\u00e9nero do substantivo (masculino, feminino ou neutro), d\u00e1ndolle a\u00ednda m\u00e1is variedade \u00e1 lingua.<\/p>\n\n\n\n<h3 class=\"wp-block-heading\" id=\"h-2-verb-conjugation-and-tenses\">2. Conxugaci\u00f3n verbal e tempos<\/h3>\n\n\n\n<p>Os verbos eslovacos cambian as s\u00faas terminaci\u00f3ns en funci\u00f3n da persoa e do n\u00famero (singular ou plural) do suxeito. Por exemplo, o verbo &#8220;vidie\u0165&#8221; (ver) pode converterse en &#8220;vid\u00edm&#8221; (eu vexo), &#8220;vid\u00ed\u0161&#8221; (ti ves), &#8220;vidia&#8221; (eles ven) e outros.<\/p>\n\n\n\n<p>O eslovaco ten tres tempos principais: pasado, presente e futuro. O interesante \u00e9 que, a diferenza do ingl\u00e9s, o eslovaco non adoita usar verbos auxiliares para formar estes tempos. Pola contra, f\u00f3rmanse cambiando as terminaci\u00f3ns verbais. Por exemplo, &#8220;Vexo&#8221; \u00e9 &#8220;vid\u00edm&#8221;, &#8220;Vin&#8221; \u00e9 &#8220;videl som&#8221; e &#8220;Vei&#8221; \u00e9 &#8220;uvid\u00edm&#8221;.<\/p>\n\n\n\n<h3 class=\"wp-block-heading\" id=\"h-3-sentence-structure-and-word-order\">3. Estrutura da oraci\u00f3n e orde das palabras<\/h3>\n\n\n\n<p>O eslovaco ten unha orde de palabras relativamente flexible, grazas ao seu sistema de conxugaci\u00f3n de mai\u00fasculas e verbos. Isto significa que, a diferenza do ingl\u00e9s, podes colocar palabras en diferentes posici\u00f3ns dentro dunha oraci\u00f3n sen cambiar o seu significado; por exemplo, &#8220;chlapec vid\u00ed psa&#8221; (o neno ve o can) tam\u00e9n pode ser &#8220;psa vid\u00ed chlapec&#8221; e a\u00ednda ten o mesmo significado.<\/p>\n\n\n\n<p>Dito isto, a orde de palabras m\u00e1is com\u00fan en eslovaco \u00e9 suxeito-verbo-obxecto ou SVO. Isto \u00e9 semellante ao ingl\u00e9s e \u00e9 un excelente punto de partida para os estudantes. A medida que te atopes m\u00e1is c\u00f3modo coa linguaxe, podes experimentar con diferentes ordes de palabras para engadir \u00e9nfase ou matices \u00e1s t\u00faas frases.<\/p>\n\n\n\n<h3 class=\"wp-block-heading\" id=\"h-4-adjectives-and-adverbs\">4. Adxectivos e adverbios<\/h3>\n\n\n\n<p>Do mesmo xeito que en moitas outras linguas, os adxectivos e adverbios en eslovaco \u00fasanse para describir substantivos e verbos. Non obstante, tam\u00e9n ve\u00f1en co seu propio acordo de caso e normas de acordo de x\u00e9nero, o que pode complicar un pouco as cousas. Afortunadamente, unha vez que dominas os casos nominais e as conxugaci\u00f3ns verbais, estas regras vir\u00e1n de xeito m\u00e1is natural.<\/p>\n\n\n\n<p>Ent\u00f3n, est\u00e1s preparado para abordar a gram\u00e1tica eslovaca? Coa mentalidade e os recursos adecuados, aprender eslovaco \u00e9 unha experiencia gratificante que pode abrir as portas a unha cultura rica e un pa\u00eds fermoso. Faino paso a paso, pract\u00edcao regularmente e non te\u00f1as medo de cometer erros: as\u00ed aprendemos todos, despois de todo. Ve\u013ea \u0161\u0165astia! (Boa sorte!)<\/p>\n<\/div><\/div>\n\r\n<section class=\"learnNavigationSection\">\r\n            \r\n        <a href=\"https:\/\/talkpal.ai\/gl\/aprende-eslovaco\/\">\r\n            <div class=\"learnNavigationWrapper\">\r\n                <div class=\"learnNavigationContent\">\r\n                    <img decoding=\"async\" src=\"https:\/\/talkpal.ai\/wp-content\/uploads\/2024\/08\/Slovak.jpg\" alt=\"Slovak Flag\">\r\n                    <div>\r\n                        <h4>Sobre a aprendizaxe de eslovaco<\/h4>\r\n                        <p>Descubre todo sobre a gram\u00e1tica eslovaca.<\/p>\r\n                    <\/div>\r\n                <\/div>\r\n            <\/div>\r\n        <\/a>\r\n\r\n        \r\n        <a href=\"https:\/\/talkpal.ai\/gl\/exercicios-de-gramatica-eslovaca\/\">\r\n            <div class=\"learnNavigationWrapper\">\r\n                <div class=\"learnNavigationContent\">\r\n                    <img decoding=\"async\" src=\"https:\/\/talkpal.ai\/wp-content\/uploads\/2024\/08\/Slovak.jpg\" alt=\"Slovak Flag\">\r\n                    <div>\r\n                        <h4>Exercicio de gram\u00e1tica eslovaca<\/h4>\r\n                        <p>Practica a gram\u00e1tica eslovaca .<\/p>\r\n                    <\/div>\r\n                <\/div>\r\n            <\/div>\r\n        <\/a>\r\n\r\n        \r\n        <a href=\"https:\/\/talkpal.ai\/vocabulary_language\/slovak\/\">\r\n            <div class=\"learnNavigationWrapper\">\r\n                <div class=\"learnNavigationContent\">\r\n                    <img decoding=\"async\" src=\"https:\/\/talkpal.ai\/wp-content\/uploads\/2024\/08\/Slovak.jpg\" alt=\"Slovak Flag\">\r\n                    <div>\r\n                        <h4>Vocabulario eslovaco<\/h4>\r\n                        <p>Ampl\u00eda o teu vocabulario eslovaco.<\/p>\r\n                    <\/div>\r\n                <\/div>\r\n            <\/div>\r\n        <\/a>\r\n\r\n            <\/section>","protected":false},"excerpt":{"rendered":"<p>Gram\u00e1tica eslovaca: a clave para desbloquear unha fermosa lingua Est\u00e1s planeando aprender eslovaco ou simplemente tes curiosidade pola s\u00faa gram\u00e1tica \u00fanica? Est\u00e1s no lugar indicado! A gram\u00e1tica eslovaca pode parecer intimidante a primeira vista, pero non te preocupes: en realidade \u00e9 bastante l\u00f3xica e manexable. Neste artigo, exploraremos os pormenores da gram\u00e1tica eslovaca para axudarche [&hellip;]<\/p>\n","protected":false},"author":1,"featured_media":118645,"parent":0,"menu_order":0,"comment_status":"closed","ping_status":"closed","template":"LearningContentPage.php","meta":{"_acf_changed":false,"footnotes":""},"class_list":["post-150220","page","type-page","status-publish","has-post-thumbnail","hentry"],"acf":[],"yoast_head":"<!-- This site is optimized with the Yoast SEO Premium plugin v27.2 (Yoast SEO v27.2) - https:\/\/yoast.com\/product\/yoast-seo-premium-wordpress\/ -->\n<title>Gram\u00e1tica eslovaca - Talkpal<\/title>\n<meta name=\"description\" content=\"Domina a gram\u00e1tica eslovaca con explicaci\u00f3ns claras, exemplos pr\u00e1cticos e exercicios interactivos. Mellora as t\u00faas habilidades!\" \/>\n<meta name=\"robots\" content=\"index, follow, max-snippet:-1, max-image-preview:large, max-video-preview:-1\" \/>\n<link rel=\"canonical\" href=\"https:\/\/talkpal.ai\/gl\/gramatica-eslovaca\/\" \/>\n<meta property=\"og:locale\" content=\"gl_ES\" \/>\n<meta property=\"og:type\" content=\"article\" \/>\n<meta property=\"og:title\" content=\"Gram\u00e1tica eslovaca\" \/>\n<meta property=\"og:description\" content=\"Gram\u00e1tica eslovaca: a clave para desbloquear unha fermosa lingua Est\u00e1s planeando aprender eslovaco ou simplemente tes curiosidade pola s\u00faa gram\u00e1tica\" \/>\n<meta property=\"og:url\" content=\"https:\/\/talkpal.ai\/gl\/gramatica-eslovaca\/\" \/>\n<meta property=\"og:site_name\" content=\"Talkpal\" \/>\n<meta property=\"article:publisher\" content=\"https:\/\/www.facebook.com\/profile.php?id=100090733639311\" \/>\n<meta property=\"article:modified_time\" content=\"2025-12-12T11:12:45+00:00\" \/>\n<meta property=\"og:image\" content=\"https:\/\/talkpal.ai\/wp-content\/uploads\/2023\/05\/slovakia.png\" \/>\n\t<meta property=\"og:image:width\" content=\"512\" \/>\n\t<meta property=\"og:image:height\" content=\"512\" \/>\n\t<meta property=\"og:image:type\" content=\"image\/png\" \/>\n<meta name=\"twitter:card\" content=\"summary_large_image\" \/>\n<meta name=\"twitter:site\" content=\"@talkpalai\" \/>\n<meta name=\"twitter:label1\" content=\"Tempo de lectura\" \/>\n\t<meta name=\"twitter:data1\" content=\"3 minutos\" \/>\n<script type=\"application\/ld+json\" class=\"yoast-schema-graph\">{\"@context\":\"https:\/\/schema.org\",\"@graph\":[{\"@type\":\"WebPage\",\"@id\":\"https:\/\/talkpal.ai\/gl\/gramatica-eslovaca\/\",\"url\":\"https:\/\/talkpal.ai\/gl\/gramatica-eslovaca\/\",\"name\":\"Gram\u00e1tica eslovaca - Talkpal\",\"isPartOf\":{\"@id\":\"https:\/\/talkpal.ai\/gl\/#website\"},\"primaryImageOfPage\":{\"@id\":\"https:\/\/talkpal.ai\/gl\/gramatica-eslovaca\/#primaryimage\"},\"image\":{\"@id\":\"https:\/\/talkpal.ai\/gl\/gramatica-eslovaca\/#primaryimage\"},\"thumbnailUrl\":\"https:\/\/talkpal.ai\/wp-content\/uploads\/2023\/05\/slovakia.png\",\"datePublished\":\"2023-05-14T14:19:49+00:00\",\"dateModified\":\"2025-12-12T11:12:45+00:00\",\"description\":\"Domina a gram\u00e1tica eslovaca con explicaci\u00f3ns claras, exemplos pr\u00e1cticos e exercicios interactivos. Mellora as t\u00faas habilidades!\",\"breadcrumb\":{\"@id\":\"https:\/\/talkpal.ai\/gl\/gramatica-eslovaca\/#breadcrumb\"},\"inLanguage\":\"gl-ES\",\"potentialAction\":[{\"@type\":\"ReadAction\",\"target\":[\"https:\/\/talkpal.ai\/gl\/gramatica-eslovaca\/\"]}]},{\"@type\":\"ImageObject\",\"inLanguage\":\"gl-ES\",\"@id\":\"https:\/\/talkpal.ai\/gl\/gramatica-eslovaca\/#primaryimage\",\"url\":\"https:\/\/talkpal.ai\/wp-content\/uploads\/2023\/05\/slovakia.png\",\"contentUrl\":\"https:\/\/talkpal.ai\/wp-content\/uploads\/2023\/05\/slovakia.png\",\"width\":512,\"height\":512},{\"@type\":\"BreadcrumbList\",\"@id\":\"https:\/\/talkpal.ai\/gl\/gramatica-eslovaca\/#breadcrumb\",\"itemListElement\":[{\"@type\":\"ListItem\",\"position\":1,\"name\":\"Homepage\",\"item\":\"https:\/\/talkpal.ai\/gl\/\"},{\"@type\":\"ListItem\",\"position\":2,\"name\":\"Gram\u00e1tica eslovaca\"}]},{\"@type\":\"WebSite\",\"@id\":\"https:\/\/talkpal.ai\/gl\/#website\",\"url\":\"https:\/\/talkpal.ai\/gl\/\",\"name\":\"Talkpal\",\"description\":\"AI Language Learning\",\"publisher\":{\"@id\":\"https:\/\/talkpal.ai\/gl\/#organization\"},\"alternateName\":\"Talkpal AI\",\"potentialAction\":[{\"@type\":\"SearchAction\",\"target\":{\"@type\":\"EntryPoint\",\"urlTemplate\":\"https:\/\/talkpal.ai\/gl\/?s={search_term_string}\"},\"query-input\":{\"@type\":\"PropertyValueSpecification\",\"valueRequired\":true,\"valueName\":\"search_term_string\"}}],\"inLanguage\":\"gl-ES\"},{\"@type\":\"Organization\",\"@id\":\"https:\/\/talkpal.ai\/gl\/#organization\",\"name\":\"Talkpal, Inc.\",\"alternateName\":\"Talkpal AI\",\"url\":\"https:\/\/talkpal.ai\/gl\/\",\"logo\":{\"@type\":\"ImageObject\",\"inLanguage\":\"gl-ES\",\"@id\":\"https:\/\/talkpal.ai\/gl\/#\/schema\/logo\/image\/\",\"url\":\"https:\/\/talkpal.ai\/wp-content\/uploads\/2024\/03\/Talkpal-Logo-Icon.png\",\"contentUrl\":\"https:\/\/talkpal.ai\/wp-content\/uploads\/2024\/03\/Talkpal-Logo-Icon.png\",\"width\":2880,\"height\":2880,\"caption\":\"Talkpal, Inc.\"},\"image\":{\"@id\":\"https:\/\/talkpal.ai\/gl\/#\/schema\/logo\/image\/\"},\"sameAs\":[\"https:\/\/www.facebook.com\/profile.php?id=100090733639311\",\"https:\/\/x.com\/talkpalai\",\"https:\/\/www.linkedin.com\/company\/talkpal\/\",\"https:\/\/www.youtube.com\/@TalkPal\/\",\"https:\/\/www.tiktok.com\/@talkpal\",\"https:\/\/www.instagram.com\/talkpal_ai\/\",\"https:\/\/www.crunchbase.com\/organization\/talkpal-9cde\",\"https:\/\/www.g2.com\/products\/talkpal-for-business\/\",\"https:\/\/www.trustpilot.com\/review\/talkpal.ai\",\"https:\/\/www.capterra.com\/p\/10006800\/TalkPal\/\"],\"description\":\"Talkpal is a language learning web and mobile education app, powered by the latest AI technologies, that provides engaging experiences to its customers in many different languages to help them improve their language skills. Users can chat about unlimited amount of topics with the app and use other modes to practice their language learning.\",\"email\":\"support@talkpal.ai\",\"legalName\":\"Talkpal, Inc.\",\"foundingDate\":\"2023-04-03\",\"duns\":\"118989042\",\"numberOfEmployees\":{\"@type\":\"QuantitativeValue\",\"minValue\":\"11\",\"maxValue\":\"50\"},\"publishingPrinciples\":\"https:\/\/talkpal.ai\/publishing-principles\/\",\"actionableFeedbackPolicy\":\"https:\/\/talkpal.ai\/actionable-feedback-policy\/\",\"correctionsPolicy\":\"https:\/\/talkpal.ai\/corrections-policy\/\",\"ethicsPolicy\":\"https:\/\/talkpal.ai\/ethics-policy\/\",\"diversityPolicy\":\"https:\/\/talkpal.ai\/diversity-policy\/\",\"diversityStaffingReport\":\"https:\/\/talkpal.ai\/diversity-policy\/\"}]}<\/script>\n<!-- \/ Yoast SEO Premium plugin. -->","yoast_head_json":{"title":"Gram\u00e1tica eslovaca - Talkpal","description":"Domina a gram\u00e1tica eslovaca con explicaci\u00f3ns claras, exemplos pr\u00e1cticos e exercicios interactivos. Mellora as t\u00faas habilidades!","robots":{"index":"index","follow":"follow","max-snippet":"max-snippet:-1","max-image-preview":"max-image-preview:large","max-video-preview":"max-video-preview:-1"},"canonical":"https:\/\/talkpal.ai\/gl\/gramatica-eslovaca\/","og_locale":"gl_ES","og_type":"article","og_title":"Gram\u00e1tica eslovaca","og_description":"Gram\u00e1tica eslovaca: a clave para desbloquear unha fermosa lingua Est\u00e1s planeando aprender eslovaco ou simplemente tes curiosidade pola s\u00faa gram\u00e1tica","og_url":"https:\/\/talkpal.ai\/gl\/gramatica-eslovaca\/","og_site_name":"Talkpal","article_publisher":"https:\/\/www.facebook.com\/profile.php?id=100090733639311","article_modified_time":"2025-12-12T11:12:45+00:00","og_image":[{"width":512,"height":512,"url":"https:\/\/talkpal.ai\/wp-content\/uploads\/2023\/05\/slovakia.png","type":"image\/png"}],"twitter_card":"summary_large_image","twitter_site":"@talkpalai","twitter_misc":{"Tempo de lectura":"3 minutos"},"schema":{"@context":"https:\/\/schema.org","@graph":[{"@type":"WebPage","@id":"https:\/\/talkpal.ai\/gl\/gramatica-eslovaca\/","url":"https:\/\/talkpal.ai\/gl\/gramatica-eslovaca\/","name":"Gram\u00e1tica eslovaca - Talkpal","isPartOf":{"@id":"https:\/\/talkpal.ai\/gl\/#website"},"primaryImageOfPage":{"@id":"https:\/\/talkpal.ai\/gl\/gramatica-eslovaca\/#primaryimage"},"image":{"@id":"https:\/\/talkpal.ai\/gl\/gramatica-eslovaca\/#primaryimage"},"thumbnailUrl":"https:\/\/talkpal.ai\/wp-content\/uploads\/2023\/05\/slovakia.png","datePublished":"2023-05-14T14:19:49+00:00","dateModified":"2025-12-12T11:12:45+00:00","description":"Domina a gram\u00e1tica eslovaca con explicaci\u00f3ns claras, exemplos pr\u00e1cticos e exercicios interactivos. Mellora as t\u00faas habilidades!","breadcrumb":{"@id":"https:\/\/talkpal.ai\/gl\/gramatica-eslovaca\/#breadcrumb"},"inLanguage":"gl-ES","potentialAction":[{"@type":"ReadAction","target":["https:\/\/talkpal.ai\/gl\/gramatica-eslovaca\/"]}]},{"@type":"ImageObject","inLanguage":"gl-ES","@id":"https:\/\/talkpal.ai\/gl\/gramatica-eslovaca\/#primaryimage","url":"https:\/\/talkpal.ai\/wp-content\/uploads\/2023\/05\/slovakia.png","contentUrl":"https:\/\/talkpal.ai\/wp-content\/uploads\/2023\/05\/slovakia.png","width":512,"height":512},{"@type":"BreadcrumbList","@id":"https:\/\/talkpal.ai\/gl\/gramatica-eslovaca\/#breadcrumb","itemListElement":[{"@type":"ListItem","position":1,"name":"Homepage","item":"https:\/\/talkpal.ai\/gl\/"},{"@type":"ListItem","position":2,"name":"Gram\u00e1tica eslovaca"}]},{"@type":"WebSite","@id":"https:\/\/talkpal.ai\/gl\/#website","url":"https:\/\/talkpal.ai\/gl\/","name":"Talkpal","description":"AI Language Learning","publisher":{"@id":"https:\/\/talkpal.ai\/gl\/#organization"},"alternateName":"Talkpal AI","potentialAction":[{"@type":"SearchAction","target":{"@type":"EntryPoint","urlTemplate":"https:\/\/talkpal.ai\/gl\/?s={search_term_string}"},"query-input":{"@type":"PropertyValueSpecification","valueRequired":true,"valueName":"search_term_string"}}],"inLanguage":"gl-ES"},{"@type":"Organization","@id":"https:\/\/talkpal.ai\/gl\/#organization","name":"Talkpal, Inc.","alternateName":"Talkpal AI","url":"https:\/\/talkpal.ai\/gl\/","logo":{"@type":"ImageObject","inLanguage":"gl-ES","@id":"https:\/\/talkpal.ai\/gl\/#\/schema\/logo\/image\/","url":"https:\/\/talkpal.ai\/wp-content\/uploads\/2024\/03\/Talkpal-Logo-Icon.png","contentUrl":"https:\/\/talkpal.ai\/wp-content\/uploads\/2024\/03\/Talkpal-Logo-Icon.png","width":2880,"height":2880,"caption":"Talkpal, Inc."},"image":{"@id":"https:\/\/talkpal.ai\/gl\/#\/schema\/logo\/image\/"},"sameAs":["https:\/\/www.facebook.com\/profile.php?id=100090733639311","https:\/\/x.com\/talkpalai","https:\/\/www.linkedin.com\/company\/talkpal\/","https:\/\/www.youtube.com\/@TalkPal\/","https:\/\/www.tiktok.com\/@talkpal","https:\/\/www.instagram.com\/talkpal_ai\/","https:\/\/www.crunchbase.com\/organization\/talkpal-9cde","https:\/\/www.g2.com\/products\/talkpal-for-business\/","https:\/\/www.trustpilot.com\/review\/talkpal.ai","https:\/\/www.capterra.com\/p\/10006800\/TalkPal\/"],"description":"Talkpal is a language learning web and mobile education app, powered by the latest AI technologies, that provides engaging experiences to its customers in many different languages to help them improve their language skills. Users can chat about unlimited amount of topics with the app and use other modes to practice their language learning.","email":"support@talkpal.ai","legalName":"Talkpal, Inc.","foundingDate":"2023-04-03","duns":"118989042","numberOfEmployees":{"@type":"QuantitativeValue","minValue":"11","maxValue":"50"},"publishingPrinciples":"https:\/\/talkpal.ai\/publishing-principles\/","actionableFeedbackPolicy":"https:\/\/talkpal.ai\/actionable-feedback-policy\/","correctionsPolicy":"https:\/\/talkpal.ai\/corrections-policy\/","ethicsPolicy":"https:\/\/talkpal.ai\/ethics-policy\/","diversityPolicy":"https:\/\/talkpal.ai\/diversity-policy\/","diversityStaffingReport":"https:\/\/talkpal.ai\/diversity-policy\/"}]}},"_links":{"self":[{"href":"https:\/\/talkpal.ai\/gl\/wp-json\/wp\/v2\/pages\/150220","targetHints":{"allow":["GET"]}}],"collection":[{"href":"https:\/\/talkpal.ai\/gl\/wp-json\/wp\/v2\/pages"}],"about":[{"href":"https:\/\/talkpal.ai\/gl\/wp-json\/wp\/v2\/types\/page"}],"author":[{"embeddable":true,"href":"https:\/\/talkpal.ai\/gl\/wp-json\/wp\/v2\/users\/1"}],"replies":[{"embeddable":true,"href":"https:\/\/talkpal.ai\/gl\/wp-json\/wp\/v2\/comments?post=150220"}],"version-history":[{"count":0,"href":"https:\/\/talkpal.ai\/gl\/wp-json\/wp\/v2\/pages\/150220\/revisions"}],"wp:featuredmedia":[{"embeddable":true,"href":"https:\/\/talkpal.ai\/gl\/wp-json\/wp\/v2\/media\/118645"}],"wp:attachment":[{"href":"https:\/\/talkpal.ai\/gl\/wp-json\/wp\/v2\/media?parent=150220"}],"curies":[{"name":"wp","href":"https:\/\/api.w.org\/{rel}","templated":true}]}}