{"id":149895,"date":"2023-05-14T14:19:26","date_gmt":"2023-05-14T14:19:26","guid":{"rendered":"http:\/\/talkpal.ai\/gramatica-serbia\/"},"modified":"2025-12-17T15:37:37","modified_gmt":"2025-12-17T15:37:37","slug":"gramatica-serbia","status":"publish","type":"page","link":"https:\/\/talkpal.ai\/gl\/gramatica-serbia\/","title":{"rendered":"Gram\u00e1tica serbia"},"content":{"rendered":"\r\n\r\n\r\n<section class=\"languageChallengeSection\">\r\n    <div class=\"languageInfoWrapper\">\r\n        \r\n        <h1>Gram\u00e1tica serbia<\/h1>\r\n        <p>Comeza a t\u00faa aventura na lingua rusa e \u00e1breche as portas a unha rica cultura e historia. Dominar a gram\u00e1tica e o vocabulario rusos mellorar\u00e1 as t\u00faas oportunidades de viaxe, carreira e comunicaci\u00f3n. Comeza a aprender ruso hoxe mesmo e d\u00e1 o primeiro paso cara \u00e1 fluidez!\n\n<\/p>\r\n\r\n                            <a class=\"getStartedHidden\" href=\"https:\/\/app.talkpal.ai\/signup?lng=\">Empeza<\/a>\r\n        \r\n    <\/div>\r\n\r\n    <figure>\r\n    <img decoding=\"async\" width=\"768\" height=\"768\" src=\"https:\/\/talkpal.ai\/wp-content\/uploads\/2023\/06\/serbian-768x768.png\" class=\"languageImage no-lazy\" alt=\"Fast-track to fluency with language learning\" fetchpriority=\"high\" sizes=\"(max-width: 768px) 150px, 768px\" srcset=\"https:\/\/talkpal.ai\/wp-content\/uploads\/2023\/06\/serbian-768x768.png 768w, https:\/\/talkpal.ai\/wp-content\/uploads\/2023\/06\/serbian-300x300.png 300w\" \/>\r\n    \r\n\r\n    <\/figure>\r\n\r\n            <a class=\"getStartedVisible\" href=\"https:\/\/app.talkpal.ai\/signup?lng=\">Empeza<\/a>\r\n    \r\n<\/section>\r\n<section class=\"promotionalBanner\">\r\n    <p class=\"promotionalText\">A forma m\u00e1is eficaz de aprender un idioma<\/p>\r\n    <a class=\"promotionalLink\" href=\"https:\/\/app.talkpal.ai\/signup?lng=\">Proba Talkpal de balde<\/a>\r\n<\/section>\n<div class=\"wp-block-group pageContainerStyle\"><div class=\"wp-block-group__inner-container is-layout-constrained wp-block-group-is-layout-constrained\">\n<h1 class=\"wp-block-heading\" id=\"h-serbian-grammar-unraveling-the-intricacies-of-the-south-slavic-language\">Gram\u00e1tica serbia: Desentra\u00f1ando as complejidades da lingua eslava do sur<\/h1>\n\n\n\n<p>Chamando a todos os entusiastas da lingua e os afeccionados aos Balc\u00e1ns! Pensaches algunha vez en mergullarte no mundo da <a href=\"https:\/\/talkpal.ai\/serbian-grammar\/\">gram\u00e1tica serbia<\/a>? O <a href=\"https:\/\/talkpal.ai\/learn-serbian\/\">serbio<\/a>, lingua eslava do sur, \u00e9 a lingua oficial de <a href=\"https:\/\/talkpal.ai\/learn-serbian\/\">Serbia<\/a> e unha das linguas oficiais de <a href=\"https:\/\/talkpal.ai\/learn-bosnian\/\">Bosnia<\/a> e Hercegovina. Con preto de 9 mill\u00f3ns de falantes nativos, esta lingua intrigante comparte semellanzas co <a href=\"https:\/\/talkpal.ai\/learn-croatian\/\">croata<\/a>, o <a href=\"https:\/\/talkpal.ai\/learn-bosnian\/\">bosnio<\/a> e o montenegrino, pero pos\u00fae caracter\u00edsticas distintivas que a diferencian. Neste artigo, exploraremos os aspectos fascinantes da <a href=\"https:\/\/talkpal.ai\/serbian-grammar\/\">gram\u00e1tica serbia<\/a>.<\/p>\n\n\n\n<h3 class=\"wp-block-heading\" id=\"h-the-dual-alphabet-cyrillic-and-latin\">O alfabeto dual: cir\u00edlico e lat\u00edn<\/h3>\n\n\n\n<p>Unha das primeiras cousas que notar\u00e1s sobre o serbio \u00e9 o uso de dous alfabetos: cir\u00edlico e lat\u00edn. O alfabeto cir\u00edlico serbio, con 30 letras, foi estandarizado polo ling\u00fcista Vuk Karad\u017ei\u0107 en 1818 e \u00e9 o alfabeto oficial do pa\u00eds. Por\u00e9n, o alfabeto latino, tam\u00e9n formado por 30 letras, \u00e9 moi utilizado, especialmente para a comunicaci\u00f3n dixital e os contextos informais. O uso de dous alfabetos d\u00e1lle ao serbio un car\u00e1cter \u00fanico e vers\u00e1til.<\/p>\n\n\n\n<h3 class=\"wp-block-heading\" id=\"h-the-building-blocks-nouns-pronouns-and-cases\">Os bloques de construci\u00f3n: substantivos, pronomes e casos<\/h3>\n\n\n\n<p><a href=\"https:\/\/talkpal.ai\/locations\/language-courses-in-como\/\">Como<\/a> outras linguas eslavas, a gram\u00e1tica serbia xira arredor da flexi\u00f3n, onde as palabras cambian as s\u00faas terminaci\u00f3ns segundo a s\u00faa funci\u00f3n gramatical. Isto \u00e9 m\u00e1is evidente nos substantivos, pronomes e adxectivos. O serbio ten sete casos:<\/p>\n\n\n\n<p><strong>1. Nominativo: indica o suxeito dunha oraci\u00f3n<\/strong><\/p>\n\n\n\n<p><strong>2. Xenitivo: mostra posesi\u00f3n, obxecto de negaci\u00f3n ou significado partitivo<\/strong><\/p>\n\n\n\n<p><strong>3. Dativo \u2013 marca o obxecto indirecto<\/strong><\/p>\n\n\n\n<p><strong>4. Acusativo: significa o obxecto directo<\/strong><\/p>\n\n\n\n<p><strong>5. Vocativo: \u00fasase para dirixirse ou chamar a algu\u00e9n<\/strong><\/p>\n\n\n\n<p><strong>6. Instrumental: expresa o medio ou o m\u00e9todo dunha acci\u00f3n<\/strong><\/p>\n\n\n\n<p><strong>7. Locativo: especifica a localizaci\u00f3n ou o obxecto de certas preposici\u00f3ns<\/strong><\/p>\n\n\n\n<p>Os substantivos serbios te\u00f1en tres x\u00e9neros (masculino, feminino e neutro) e dous n\u00fameros (singular e plural). As terminaci\u00f3ns espec\u00edficas para cada x\u00e9nero e n\u00famero var\u00edan segundo o caso, polo que \u00e9 fundamental memorizar estas terminaci\u00f3ns para constru\u00edr frases gramaticalmente precisas.<\/p>\n\n\n\n<h3 class=\"wp-block-heading\" id=\"h-get-moving-with-verbs-tenses-aspects-and-moods\">Moverse cos verbos: tempos, aspectos e estados de \u00e1nimo<\/h3>\n\n\n\n<p>Os verbos serbios presentan complexidades fascinantes cos seus tempos (pasado, <a href=\"https:\/\/talkpal.ai\/zh-hans\/grammar_exercises\/presente-%e8%a5%bf%e7%8f%ad%e7%89%99%e8%af%ad%e6%b3%95%e7%bb%83%e4%b9%a0\/\">presente<\/a> e futuro), aspectos (perfecto e imperfecto) e estados de \u00e1nimo (indicativo, imperativo e condicional). O aspecto xoga un papel importante nos verbos serbios, xa que transmite se unha acci\u00f3n \u00e9 vista como completada (perfecto) ou en curso (imperfectivo). Moitos verbos ve\u00f1en en parellas que indican os diferentes aspectos, a mi\u00fado mediante o uso de prefixos ou sufixos espec\u00edficos.<\/p>\n\n\n\n<h3 class=\"wp-block-heading\" id=\"h-adjectives-adverbs-and-all-that-jazz\">Adxectivos, adverbios e todo ese jazz<\/h3>\n\n\n\n<p>Os adxectivos serbios coinciden cos substantivos que modifican en termos de x\u00e9nero, n\u00famero e caso. Tam\u00e9n te\u00f1en formas comparativas e superlativas para expresar distintos graos de calidades. Ademais, os adverbios adoitan derivarse de adxectivos e transmiten varios significados como tempo, xeito, lugar e grao.<\/p>\n\n\n\n<p>A lingua serbia tam\u00e9n ten unha variedade de conxunci\u00f3ns, preposici\u00f3ns, numerais e part\u00edculas que contrib\u00faen \u00e1 beleza da lingua e axudan a crear frases complexas e significativas.<\/p>\n\n\n\n<h3 class=\"wp-block-heading\" id=\"h-embracing-the-world-of-serbian-grammar\">Abrazando o mundo da gram\u00e1tica serbia<\/h3>\n\n\n\n<p>A gram\u00e1tica serbia pode parecer esmagadora a primeira vista. Non obstante, a medida que afondas na s\u00faa rica paisaxe de casos, aspectos e peculiaridades ling\u00fc\u00edsticas, descubrir\u00e1s unha linguaxe vibrante e expresiva. Aprender serbio non s\u00f3 mellorar\u00e1 a s\u00faa comprensi\u00f3n da familia de linguas eslavas, sen\u00f3n que tam\u00e9n axudar\u00e1 a conectarse cunha historia e cultura cativadoras.<\/p>\n\n\n\n<p>Ent\u00f3n, por que non asumir o reto de explorar m\u00e1is a gram\u00e1tica serbia? Con persistencia e paix\u00f3n, quizais alg\u00fan d\u00eda te atopes paseando polas r\u00faas de Belgrado, entablando conversas animadas cos veci\u00f1os na s\u00faa lingua nativa. Feliz aprendizaxe!<\/p>\n<\/div><\/div>\n\r\n<section class=\"learnNavigationSection\">\r\n            \r\n        <a href=\"https:\/\/talkpal.ai\/gl\/aprende-serbio\/\">\r\n            <div class=\"learnNavigationWrapper\">\r\n                <div class=\"learnNavigationContent\">\r\n                    <img decoding=\"async\" src=\"https:\/\/talkpal.ai\/wp-content\/uploads\/2024\/08\/Serbian.jpg\" alt=\"Serbian Flag\">\r\n                    <div>\r\n                        <h4>Acerca de Serbia Learning<\/h4>\r\n                        <p>Aprende todo sobre a gram\u00e1tica serbia.<\/p>\r\n                    <\/div>\r\n                <\/div>\r\n            <\/div>\r\n        <\/a>\r\n\r\n        \r\n        <a href=\"https:\/\/talkpal.ai\/gl\/exercicios-de-gramatica-serbia\/\">\r\n            <div class=\"learnNavigationWrapper\">\r\n                <div class=\"learnNavigationContent\">\r\n                    <img decoding=\"async\" src=\"https:\/\/talkpal.ai\/wp-content\/uploads\/2024\/08\/Serbian.jpg\" alt=\"Serbian Flag\">\r\n                    <div>\r\n                        <h4>Exercicio de gram\u00e1tica serbia<\/h4>\r\n                        <p>Practica a gram\u00e1tica serbia .<\/p>\r\n                    <\/div>\r\n                <\/div>\r\n            <\/div>\r\n        <\/a>\r\n\r\n        \r\n        <a href=\"https:\/\/talkpal.ai\/vocabulary_language\/serbian\/\">\r\n            <div class=\"learnNavigationWrapper\">\r\n                <div class=\"learnNavigationContent\">\r\n                    <img decoding=\"async\" src=\"https:\/\/talkpal.ai\/wp-content\/uploads\/2024\/08\/Serbian.jpg\" alt=\"Serbian Flag\">\r\n                    <div>\r\n                        <h4>Vocabulario serbio<\/h4>\r\n                        <p>Ampl\u00eda o teu vocabulario serbio.<\/p>\r\n                    <\/div>\r\n                <\/div>\r\n            <\/div>\r\n        <\/a>\r\n\r\n            <\/section>","protected":false},"excerpt":{"rendered":"<p>Gram\u00e1tica serbia: Desentra\u00f1ando as complejidades da lingua eslava do sur Chamando a todos os entusiastas da lingua e os afeccionados aos Balc\u00e1ns! Pensaches algunha vez en mergullarte no mundo da gram\u00e1tica serbia? O serbio, lingua eslava do sur, \u00e9 a lingua oficial de Serbia e unha das linguas oficiais de Bosnia e Hercegovina. Con preto [&hellip;]<\/p>\n","protected":false},"author":1,"featured_media":118304,"parent":0,"menu_order":0,"comment_status":"closed","ping_status":"closed","template":"LearningContentPage.php","meta":{"_acf_changed":false,"footnotes":""},"class_list":["post-149895","page","type-page","status-publish","has-post-thumbnail","hentry"],"acf":[],"yoast_head":"<!-- This site is optimized with the Yoast SEO Premium plugin v27.2 (Yoast SEO v27.2) - https:\/\/yoast.com\/product\/yoast-seo-premium-wordpress\/ -->\n<title>Gram\u00e1tica serbia - Talkpal<\/title>\n<meta name=\"description\" content=\"Explora as complexidades da gram\u00e1tica serbia e descubre as caracter\u00edsticas \u00fanicas que a distinguen doutras linguas balc\u00e1nicas.\" \/>\n<meta name=\"robots\" content=\"index, follow, max-snippet:-1, max-image-preview:large, max-video-preview:-1\" \/>\n<link rel=\"canonical\" href=\"https:\/\/talkpal.ai\/gl\/gramatica-serbia\/\" \/>\n<meta property=\"og:locale\" content=\"gl_ES\" \/>\n<meta property=\"og:type\" content=\"article\" \/>\n<meta property=\"og:title\" content=\"Gram\u00e1tica serbia\" \/>\n<meta property=\"og:description\" content=\"Gram\u00e1tica serbia: Desentra\u00f1ando as complejidades da lingua eslava do sur Chamando a todos os entusiastas da lingua e os afeccionados aos Balc\u00e1ns!\" \/>\n<meta property=\"og:url\" content=\"https:\/\/talkpal.ai\/gl\/gramatica-serbia\/\" \/>\n<meta property=\"og:site_name\" content=\"Talkpal\" \/>\n<meta property=\"article:publisher\" content=\"https:\/\/www.facebook.com\/profile.php?id=100090733639311\" \/>\n<meta property=\"article:modified_time\" content=\"2025-12-17T15:37:37+00:00\" \/>\n<meta property=\"og:image\" content=\"https:\/\/talkpal.ai\/wp-content\/uploads\/2023\/05\/serbia.png\" \/>\n\t<meta property=\"og:image:width\" content=\"512\" \/>\n\t<meta property=\"og:image:height\" content=\"512\" \/>\n\t<meta property=\"og:image:type\" content=\"image\/png\" \/>\n<meta name=\"twitter:card\" content=\"summary_large_image\" \/>\n<meta name=\"twitter:site\" content=\"@talkpalai\" \/>\n<meta name=\"twitter:label1\" content=\"Tempo de lectura\" \/>\n\t<meta name=\"twitter:data1\" content=\"3 minutos\" \/>\n<script type=\"application\/ld+json\" class=\"yoast-schema-graph\">{\"@context\":\"https:\/\/schema.org\",\"@graph\":[{\"@type\":\"WebPage\",\"@id\":\"https:\/\/talkpal.ai\/gl\/gramatica-serbia\/\",\"url\":\"https:\/\/talkpal.ai\/gl\/gramatica-serbia\/\",\"name\":\"Gram\u00e1tica serbia - Talkpal\",\"isPartOf\":{\"@id\":\"https:\/\/talkpal.ai\/gl\/#website\"},\"primaryImageOfPage\":{\"@id\":\"https:\/\/talkpal.ai\/gl\/gramatica-serbia\/#primaryimage\"},\"image\":{\"@id\":\"https:\/\/talkpal.ai\/gl\/gramatica-serbia\/#primaryimage\"},\"thumbnailUrl\":\"https:\/\/talkpal.ai\/wp-content\/uploads\/2023\/05\/serbia.png\",\"datePublished\":\"2023-05-14T14:19:26+00:00\",\"dateModified\":\"2025-12-17T15:37:37+00:00\",\"description\":\"Explora as complexidades da gram\u00e1tica serbia e descubre as caracter\u00edsticas \u00fanicas que a distinguen doutras linguas balc\u00e1nicas.\",\"breadcrumb\":{\"@id\":\"https:\/\/talkpal.ai\/gl\/gramatica-serbia\/#breadcrumb\"},\"inLanguage\":\"gl-ES\",\"potentialAction\":[{\"@type\":\"ReadAction\",\"target\":[\"https:\/\/talkpal.ai\/gl\/gramatica-serbia\/\"]}]},{\"@type\":\"ImageObject\",\"inLanguage\":\"gl-ES\",\"@id\":\"https:\/\/talkpal.ai\/gl\/gramatica-serbia\/#primaryimage\",\"url\":\"https:\/\/talkpal.ai\/wp-content\/uploads\/2023\/05\/serbia.png\",\"contentUrl\":\"https:\/\/talkpal.ai\/wp-content\/uploads\/2023\/05\/serbia.png\",\"width\":512,\"height\":512},{\"@type\":\"BreadcrumbList\",\"@id\":\"https:\/\/talkpal.ai\/gl\/gramatica-serbia\/#breadcrumb\",\"itemListElement\":[{\"@type\":\"ListItem\",\"position\":1,\"name\":\"Homepage\",\"item\":\"https:\/\/talkpal.ai\/gl\/\"},{\"@type\":\"ListItem\",\"position\":2,\"name\":\"Gram\u00e1tica serbia\"}]},{\"@type\":\"WebSite\",\"@id\":\"https:\/\/talkpal.ai\/gl\/#website\",\"url\":\"https:\/\/talkpal.ai\/gl\/\",\"name\":\"Talkpal\",\"description\":\"AI Language Learning\",\"publisher\":{\"@id\":\"https:\/\/talkpal.ai\/gl\/#organization\"},\"alternateName\":\"Talkpal AI\",\"potentialAction\":[{\"@type\":\"SearchAction\",\"target\":{\"@type\":\"EntryPoint\",\"urlTemplate\":\"https:\/\/talkpal.ai\/gl\/?s={search_term_string}\"},\"query-input\":{\"@type\":\"PropertyValueSpecification\",\"valueRequired\":true,\"valueName\":\"search_term_string\"}}],\"inLanguage\":\"gl-ES\"},{\"@type\":\"Organization\",\"@id\":\"https:\/\/talkpal.ai\/gl\/#organization\",\"name\":\"Talkpal, Inc.\",\"alternateName\":\"Talkpal AI\",\"url\":\"https:\/\/talkpal.ai\/gl\/\",\"logo\":{\"@type\":\"ImageObject\",\"inLanguage\":\"gl-ES\",\"@id\":\"https:\/\/talkpal.ai\/gl\/#\/schema\/logo\/image\/\",\"url\":\"https:\/\/talkpal.ai\/wp-content\/uploads\/2024\/03\/Talkpal-Logo-Icon.png\",\"contentUrl\":\"https:\/\/talkpal.ai\/wp-content\/uploads\/2024\/03\/Talkpal-Logo-Icon.png\",\"width\":2880,\"height\":2880,\"caption\":\"Talkpal, Inc.\"},\"image\":{\"@id\":\"https:\/\/talkpal.ai\/gl\/#\/schema\/logo\/image\/\"},\"sameAs\":[\"https:\/\/www.facebook.com\/profile.php?id=100090733639311\",\"https:\/\/x.com\/talkpalai\",\"https:\/\/www.linkedin.com\/company\/talkpal\/\",\"https:\/\/www.youtube.com\/@TalkPal\/\",\"https:\/\/www.tiktok.com\/@talkpal\",\"https:\/\/www.instagram.com\/talkpal_ai\/\",\"https:\/\/www.crunchbase.com\/organization\/talkpal-9cde\",\"https:\/\/www.g2.com\/products\/talkpal-for-business\/\",\"https:\/\/www.trustpilot.com\/review\/talkpal.ai\",\"https:\/\/www.capterra.com\/p\/10006800\/TalkPal\/\"],\"description\":\"Talkpal is a language learning web and mobile education app, powered by the latest AI technologies, that provides engaging experiences to its customers in many different languages to help them improve their language skills. Users can chat about unlimited amount of topics with the app and use other modes to practice their language learning.\",\"email\":\"support@talkpal.ai\",\"legalName\":\"Talkpal, Inc.\",\"foundingDate\":\"2023-04-03\",\"duns\":\"118989042\",\"numberOfEmployees\":{\"@type\":\"QuantitativeValue\",\"minValue\":\"11\",\"maxValue\":\"50\"},\"publishingPrinciples\":\"https:\/\/talkpal.ai\/publishing-principles\/\",\"actionableFeedbackPolicy\":\"https:\/\/talkpal.ai\/actionable-feedback-policy\/\",\"correctionsPolicy\":\"https:\/\/talkpal.ai\/corrections-policy\/\",\"ethicsPolicy\":\"https:\/\/talkpal.ai\/ethics-policy\/\",\"diversityPolicy\":\"https:\/\/talkpal.ai\/diversity-policy\/\",\"diversityStaffingReport\":\"https:\/\/talkpal.ai\/diversity-policy\/\"}]}<\/script>\n<!-- \/ Yoast SEO Premium plugin. -->","yoast_head_json":{"title":"Gram\u00e1tica serbia - Talkpal","description":"Explora as complexidades da gram\u00e1tica serbia e descubre as caracter\u00edsticas \u00fanicas que a distinguen doutras linguas balc\u00e1nicas.","robots":{"index":"index","follow":"follow","max-snippet":"max-snippet:-1","max-image-preview":"max-image-preview:large","max-video-preview":"max-video-preview:-1"},"canonical":"https:\/\/talkpal.ai\/gl\/gramatica-serbia\/","og_locale":"gl_ES","og_type":"article","og_title":"Gram\u00e1tica serbia","og_description":"Gram\u00e1tica serbia: Desentra\u00f1ando as complejidades da lingua eslava do sur Chamando a todos os entusiastas da lingua e os afeccionados aos Balc\u00e1ns!","og_url":"https:\/\/talkpal.ai\/gl\/gramatica-serbia\/","og_site_name":"Talkpal","article_publisher":"https:\/\/www.facebook.com\/profile.php?id=100090733639311","article_modified_time":"2025-12-17T15:37:37+00:00","og_image":[{"width":512,"height":512,"url":"https:\/\/talkpal.ai\/wp-content\/uploads\/2023\/05\/serbia.png","type":"image\/png"}],"twitter_card":"summary_large_image","twitter_site":"@talkpalai","twitter_misc":{"Tempo de lectura":"3 minutos"},"schema":{"@context":"https:\/\/schema.org","@graph":[{"@type":"WebPage","@id":"https:\/\/talkpal.ai\/gl\/gramatica-serbia\/","url":"https:\/\/talkpal.ai\/gl\/gramatica-serbia\/","name":"Gram\u00e1tica serbia - Talkpal","isPartOf":{"@id":"https:\/\/talkpal.ai\/gl\/#website"},"primaryImageOfPage":{"@id":"https:\/\/talkpal.ai\/gl\/gramatica-serbia\/#primaryimage"},"image":{"@id":"https:\/\/talkpal.ai\/gl\/gramatica-serbia\/#primaryimage"},"thumbnailUrl":"https:\/\/talkpal.ai\/wp-content\/uploads\/2023\/05\/serbia.png","datePublished":"2023-05-14T14:19:26+00:00","dateModified":"2025-12-17T15:37:37+00:00","description":"Explora as complexidades da gram\u00e1tica serbia e descubre as caracter\u00edsticas \u00fanicas que a distinguen doutras linguas balc\u00e1nicas.","breadcrumb":{"@id":"https:\/\/talkpal.ai\/gl\/gramatica-serbia\/#breadcrumb"},"inLanguage":"gl-ES","potentialAction":[{"@type":"ReadAction","target":["https:\/\/talkpal.ai\/gl\/gramatica-serbia\/"]}]},{"@type":"ImageObject","inLanguage":"gl-ES","@id":"https:\/\/talkpal.ai\/gl\/gramatica-serbia\/#primaryimage","url":"https:\/\/talkpal.ai\/wp-content\/uploads\/2023\/05\/serbia.png","contentUrl":"https:\/\/talkpal.ai\/wp-content\/uploads\/2023\/05\/serbia.png","width":512,"height":512},{"@type":"BreadcrumbList","@id":"https:\/\/talkpal.ai\/gl\/gramatica-serbia\/#breadcrumb","itemListElement":[{"@type":"ListItem","position":1,"name":"Homepage","item":"https:\/\/talkpal.ai\/gl\/"},{"@type":"ListItem","position":2,"name":"Gram\u00e1tica serbia"}]},{"@type":"WebSite","@id":"https:\/\/talkpal.ai\/gl\/#website","url":"https:\/\/talkpal.ai\/gl\/","name":"Talkpal","description":"AI Language Learning","publisher":{"@id":"https:\/\/talkpal.ai\/gl\/#organization"},"alternateName":"Talkpal AI","potentialAction":[{"@type":"SearchAction","target":{"@type":"EntryPoint","urlTemplate":"https:\/\/talkpal.ai\/gl\/?s={search_term_string}"},"query-input":{"@type":"PropertyValueSpecification","valueRequired":true,"valueName":"search_term_string"}}],"inLanguage":"gl-ES"},{"@type":"Organization","@id":"https:\/\/talkpal.ai\/gl\/#organization","name":"Talkpal, Inc.","alternateName":"Talkpal AI","url":"https:\/\/talkpal.ai\/gl\/","logo":{"@type":"ImageObject","inLanguage":"gl-ES","@id":"https:\/\/talkpal.ai\/gl\/#\/schema\/logo\/image\/","url":"https:\/\/talkpal.ai\/wp-content\/uploads\/2024\/03\/Talkpal-Logo-Icon.png","contentUrl":"https:\/\/talkpal.ai\/wp-content\/uploads\/2024\/03\/Talkpal-Logo-Icon.png","width":2880,"height":2880,"caption":"Talkpal, Inc."},"image":{"@id":"https:\/\/talkpal.ai\/gl\/#\/schema\/logo\/image\/"},"sameAs":["https:\/\/www.facebook.com\/profile.php?id=100090733639311","https:\/\/x.com\/talkpalai","https:\/\/www.linkedin.com\/company\/talkpal\/","https:\/\/www.youtube.com\/@TalkPal\/","https:\/\/www.tiktok.com\/@talkpal","https:\/\/www.instagram.com\/talkpal_ai\/","https:\/\/www.crunchbase.com\/organization\/talkpal-9cde","https:\/\/www.g2.com\/products\/talkpal-for-business\/","https:\/\/www.trustpilot.com\/review\/talkpal.ai","https:\/\/www.capterra.com\/p\/10006800\/TalkPal\/"],"description":"Talkpal is a language learning web and mobile education app, powered by the latest AI technologies, that provides engaging experiences to its customers in many different languages to help them improve their language skills. Users can chat about unlimited amount of topics with the app and use other modes to practice their language learning.","email":"support@talkpal.ai","legalName":"Talkpal, Inc.","foundingDate":"2023-04-03","duns":"118989042","numberOfEmployees":{"@type":"QuantitativeValue","minValue":"11","maxValue":"50"},"publishingPrinciples":"https:\/\/talkpal.ai\/publishing-principles\/","actionableFeedbackPolicy":"https:\/\/talkpal.ai\/actionable-feedback-policy\/","correctionsPolicy":"https:\/\/talkpal.ai\/corrections-policy\/","ethicsPolicy":"https:\/\/talkpal.ai\/ethics-policy\/","diversityPolicy":"https:\/\/talkpal.ai\/diversity-policy\/","diversityStaffingReport":"https:\/\/talkpal.ai\/diversity-policy\/"}]}},"_links":{"self":[{"href":"https:\/\/talkpal.ai\/gl\/wp-json\/wp\/v2\/pages\/149895","targetHints":{"allow":["GET"]}}],"collection":[{"href":"https:\/\/talkpal.ai\/gl\/wp-json\/wp\/v2\/pages"}],"about":[{"href":"https:\/\/talkpal.ai\/gl\/wp-json\/wp\/v2\/types\/page"}],"author":[{"embeddable":true,"href":"https:\/\/talkpal.ai\/gl\/wp-json\/wp\/v2\/users\/1"}],"replies":[{"embeddable":true,"href":"https:\/\/talkpal.ai\/gl\/wp-json\/wp\/v2\/comments?post=149895"}],"version-history":[{"count":0,"href":"https:\/\/talkpal.ai\/gl\/wp-json\/wp\/v2\/pages\/149895\/revisions"}],"wp:featuredmedia":[{"embeddable":true,"href":"https:\/\/talkpal.ai\/gl\/wp-json\/wp\/v2\/media\/118304"}],"wp:attachment":[{"href":"https:\/\/talkpal.ai\/gl\/wp-json\/wp\/v2\/media?parent=149895"}],"curies":[{"name":"wp","href":"https:\/\/api.w.org\/{rel}","templated":true}]}}