{"id":148474,"date":"2023-05-14T14:13:06","date_gmt":"2023-05-14T14:13:06","guid":{"rendered":"http:\/\/talkpal.ai\/gramatica-norueguesa\/"},"modified":"2025-12-17T17:36:40","modified_gmt":"2025-12-17T17:36:40","slug":"gramatica-norueguesa","status":"publish","type":"page","link":"https:\/\/talkpal.ai\/gl\/gramatica-norueguesa\/","title":{"rendered":"Gram\u00e1tica norueguesa"},"content":{"rendered":"\r\n\r\n\r\n<section class=\"languageChallengeSection\">\r\n    <div class=\"languageInfoWrapper\">\r\n        \r\n        <h1>Gram\u00e1tica norueguesa<\/h1>\r\n        <p>Descubre os conceptos b\u00e1sicos da <a href=\"https:\/\/talkpal.ai\/norwegian-grammar\/\">gram\u00e1tica norueguesa<\/a> e desbloquea a capacidade de comunicarte con confianza nunha das linguas m\u00e1is fermosas de Escandinavia. Comprender a gram\u00e1tica norueguesa abrir\u00e1 as portas a novas experiencias culturais e conversas significativas. Comeza a aprender gram\u00e1tica norueguesa hoxe mesmo e d\u00e1 o teu primeiro paso cara \u00e1 fluidez!<\/p>\r\n\r\n                            <a class=\"getStartedHidden\" href=\"https:\/\/app.talkpal.ai\/signup?lng=\">Empeza<\/a>\r\n        \r\n    <\/div>\r\n\r\n    <figure>\r\n    <img decoding=\"async\" width=\"768\" height=\"768\" src=\"https:\/\/talkpal.ai\/wp-content\/uploads\/2023\/06\/norwegian-768x768.png\" class=\"languageImage no-lazy\" alt=\"Language learning for extensive vocabulary\" fetchpriority=\"high\" sizes=\"(max-width: 768px) 150px, 768px\" srcset=\"https:\/\/talkpal.ai\/wp-content\/uploads\/2023\/06\/norwegian-768x768.png 768w, https:\/\/talkpal.ai\/wp-content\/uploads\/2023\/06\/norwegian-300x300.png 300w\" \/>\r\n    \r\n\r\n    <\/figure>\r\n\r\n            <a class=\"getStartedVisible\" href=\"https:\/\/app.talkpal.ai\/signup?lng=\">Empeza<\/a>\r\n    \r\n<\/section>\r\n<section class=\"promotionalBanner\">\r\n    <p class=\"promotionalText\">A forma m\u00e1is eficaz de aprender un idioma<\/p>\r\n    <a class=\"promotionalLink\" href=\"https:\/\/app.talkpal.ai\/signup?lng=\">Proba Talkpal de balde<\/a>\r\n<\/section>\n<div class=\"wp-block-group pageContainerStyle\"><div class=\"wp-block-group__inner-container is-layout-constrained wp-block-group-is-layout-constrained\">\n<h2 class=\"wp-block-heading\" id=\"h-dive-into-norwegian-grammar-a-comprehensive-guide\">Mergullo na gram\u00e1tica norueguesa: unha gu\u00eda completa<\/h2>\n\n\n\n<p>O <a href=\"https:\/\/talkpal.ai\/learn-norwegian\/\">noruegu\u00e9s<\/a>, unha lingua fascinante e expresiva, ofrece unha oportunidade \u00fanica <a href=\"https:\/\/talkpal.ai\/culture\/how-do-i-use-para-que-correctly\/\">para que<\/a> os <a href=\"https:\/\/talkpal.ai\/talkpal-discount-for-students\/\">estudantes<\/a> de idiomas exploren o rico patrimonio cultural e hist\u00f3rico de Noruega. A boa noticia \u00e9 que a gram\u00e1tica norueguesa comparte algunhas semellanzas co <a href=\"https:\/\/talkpal.ai\/es\/locations\/aprende-ingles-en-orange\/\">ingl\u00e9s<\/a>, polo que \u00e9 un idioma accesible para aprender. Este artigo guiarache a trav\u00e9s dos aspectos esenciais da gram\u00e1tica norueguesa, asegur\u00e1ndote de constru\u00edr unha base s\u00f3lida e de comprender a lingua con confianza.<\/p>\n\n\n\n<h3 class=\"wp-block-heading\" id=\"h-1-embracing-norwegian-nouns-and-articles\">1. Abrazar substantivos e artigos noruegueses<\/h3>\n\n\n\n<p>Os substantivos noruegueses, <a href=\"https:\/\/talkpal.ai\/locations\/language-courses-in-como\/\">como<\/a> os seus hom\u00f3logos ingleses, representan persoas, lugares, cousas ou ideas. Clasif\u00edcanse en tres x\u00e9neros: masculino, feminino e neutro. O x\u00e9nero \u00e9 fundamental para determinar as terminaci\u00f3ns do substantivo e os artigos cos que se debe asociar.<\/p>\n\n\n\n<p>Hai dous tipos de artigos en noruegu\u00e9s: definidos e indefinidos. Os <a href=\"https:\/\/talkpal.ai\/hi\/grammar_exercises\/articulos-%e0%a4%b8%e0%a5%8d%e0%a4%aa%e0%a5%87%e0%a4%a8%e0%a4%bf%e0%a4%b6-%e0%a4%b5%e0%a5%8d%e0%a4%af%e0%a4%be%e0%a4%95%e0%a4%b0%e0%a4%a3-%e0%a4%95%e0%a5%87-%e0%a4%b2%e0%a4%bf%e0%a4%8f-%e0%a4%b5\/\">artigos definidos<\/a> aparecen como sufixos ao final dos substantivos, mentres que os artigos indefinidos son palabras separadas que preceden aos substantivos. Os artigos deben coincidir cos substantivos en x\u00e9nero e n\u00famero.<\/p>\n\n\n\n<p><strong>\u2013 Artigos definidos: -en (masculino), -a (feminino), -et (neutro)<\/strong><\/p>\n\n\n\n<p><strong>\u2013 Artigos indefinidos: en (masculino), ei (feminino), et (neutro)<\/strong><\/p>\n\n\n\n<h3 class=\"wp-block-heading\" id=\"h-2-mastering-norwegian-verbs-conjugation-and-tenses\">2. Dominar os verbos noruegueses: conxugaci\u00f3n e tempos<\/h3>\n\n\n\n<p>Os verbos noruegueses son relativamente f\u00e1ciles de aprender, xa que te\u00f1en menos conxugaci\u00f3ns que moitas outras linguas. Os verbos conx\u00faganse segundo o tempo e o estado de \u00e1nimo. Os verbos noruegueses div\u00eddense principalmente en catro grupos, cada un co seu patr\u00f3n de conxugaci\u00f3n. Non obstante, a boa noticia \u00e9 que, a diferenza de moitas outras linguas, os verbos noruegueses non cambian a s\u00faa forma en funci\u00f3n do suxeito ou do n\u00famero.<\/p>\n\n\n\n<p>O noruegu\u00e9s ten menos tempos que o ingl\u00e9s, con s\u00f3 tres tempos: presente, pasado e pasado perfecto. O tempo presente \u00fasase para expresar eventos presentes e futuros, mentres que o pasado denota acci\u00f3ns completadas e o pret\u00e9rito perfecto indica experiencias ou estados que aconteceron antes dun punto espec\u00edfico no pasado.<\/p>\n\n\n\n<h3 class=\"wp-block-heading\" id=\"h-3-expressing-yourself-with-norwegian-adjectives-and-adverbs\">3. Expresarse con adxectivos e adverbios noruegueses<\/h3>\n\n\n\n<p>Utilizar adxectivos de forma eficaz mellora a t\u00faa capacidade para expresarte en noruegu\u00e9s. Os adxectivos describen calidades ou caracter\u00edsticas dos substantivos e precisan concordar cos substantivos en x\u00e9nero e n\u00famero. En noruegu\u00e9s, os adxectivos adoitan ir antes do substantivo que describen.<\/p>\n\n\n\n<p>Os adverbios en noruegu\u00e9s modifican verbos, adxectivos ou outros adverbios. Transmiten informaci\u00f3n sobre como, cando, onde e ata que punto se produce unha acci\u00f3n. A diferenza dos adxectivos, os adverbios seguen sendo os mesmos independentemente do x\u00e9nero ou do n\u00famero de substantivos que se describen.<\/p>\n\n\n\n<h3 class=\"wp-block-heading\" id=\"h-4-constructing-sentences-with-norwegian-pronouns-and-word-order\">4. Constru\u00edr oraci\u00f3ns con pronomes noruegueses e orde de palabras<\/h3>\n\n\n\n<p>Os pronomes noruegueses substit\u00faen aos substantivos e adoitan coincidir co substantivo que representan en x\u00e9nero, n\u00famero e caso. Hai varios tipos de pronomes en noruegu\u00e9s, inclu\u00edndo pronomes persoais, posesivos, demostrativos, reflexivos, relativos e interrogativos.<\/p>\n\n\n\n<p>A estrutura da oraci\u00f3n norueguesa segue a orde suxeito-verbo-obxecto (SVO), similar ao ingl\u00e9s. Non obstante, tam\u00e9n emprega unha regra de verbo segundo (V2) na que o verbo normalmente ocupa a segunda posici\u00f3n nas cl\u00e1usulas principais. Comprender e practicar a orde de palabras norueguesa \u00e9 esencial para acadar fluidez na lingua.<\/p>\n\n\n\n<h3 class=\"wp-block-heading\" id=\"h-conclusion\">Conclusi\u00f3n<\/h3>\n\n\n\n<p>Alcanzar fluidez na gram\u00e1tica norueguesa require dedicaci\u00f3n, pr\u00e1ctica e unha mente aberta para explorar as caracter\u00edsticas \u00fanicas da lingua. Tanto se est\u00e1s interesado en mergullarche na cultura de Noruega como se est\u00e1s interesado en aprender unha nova lingua, dominar a gram\u00e1tica norueguesa senta as bases para unha comunicaci\u00f3n exitosa. Mentres afondas nos substantivos, verbos, adxectivos e orde de palabras noruegueses, recorda gozar do proceso e apreciar as ricas experiencias ling\u00fc\u00edsticas que che esperan. \u00a1L\u00edzalo!<\/p>\n<\/div><\/div>\n\r\n<section class=\"learnNavigationSection\">\r\n            \r\n        <a href=\"https:\/\/talkpal.ai\/gl\/aprende-noruegues\/\">\r\n            <div class=\"learnNavigationWrapper\">\r\n                <div class=\"learnNavigationContent\">\r\n                    <img decoding=\"async\" src=\"https:\/\/talkpal.ai\/wp-content\/uploads\/2024\/08\/Norwegian.jpg\" alt=\"Norwegian Flag\">\r\n                    <div>\r\n                        <h4>Sobre a aprendizaxe do noruegu\u00e9s<\/h4>\r\n                        <p>Descubre todo sobre a gram\u00e1tica norueguesa.<\/p>\r\n                    <\/div>\r\n                <\/div>\r\n            <\/div>\r\n        <\/a>\r\n\r\n        \r\n        <a href=\"https:\/\/talkpal.ai\/gl\/exercicios-de-gramatica-norueguesa\/\">\r\n            <div class=\"learnNavigationWrapper\">\r\n                <div class=\"learnNavigationContent\">\r\n                    <img decoding=\"async\" src=\"https:\/\/talkpal.ai\/wp-content\/uploads\/2024\/08\/Norwegian.jpg\" alt=\"Norwegian Flag\">\r\n                    <div>\r\n                        <h4>Exercicio de gram\u00e1tica norueguesa<\/h4>\r\n                        <p>Practica a gram\u00e1tica norueguesa.<\/p>\r\n                    <\/div>\r\n                <\/div>\r\n            <\/div>\r\n        <\/a>\r\n\r\n        \r\n        <a href=\"https:\/\/talkpal.ai\/vocabulary_language\/norwegian\/\">\r\n            <div class=\"learnNavigationWrapper\">\r\n                <div class=\"learnNavigationContent\">\r\n                    <img decoding=\"async\" src=\"https:\/\/talkpal.ai\/wp-content\/uploads\/2024\/08\/Norwegian.jpg\" alt=\"Norwegian Flag\">\r\n                    <div>\r\n                        <h4>Vocabulario noruegu\u00e9s<\/h4>\r\n                        <p>Ampl\u00eda o teu vocabulario noruegu\u00e9s.<\/p>\r\n                    <\/div>\r\n                <\/div>\r\n            <\/div>\r\n        <\/a>\r\n\r\n            <\/section>","protected":false},"excerpt":{"rendered":"<p>Mergullo na gram\u00e1tica norueguesa: unha gu\u00eda completa O noruegu\u00e9s, unha lingua fascinante e expresiva, ofrece unha oportunidade \u00fanica para que os estudantes de idiomas exploren o rico patrimonio cultural e hist\u00f3rico de Noruega. A boa noticia \u00e9 que a gram\u00e1tica norueguesa comparte algunhas semellanzas co ingl\u00e9s, polo que \u00e9 un idioma accesible para aprender. Este [&hellip;]<\/p>\n","protected":false},"author":1,"featured_media":117002,"parent":0,"menu_order":0,"comment_status":"closed","ping_status":"closed","template":"LearningContentPage.php","meta":{"_acf_changed":false,"footnotes":""},"class_list":["post-148474","page","type-page","status-publish","has-post-thumbnail","hentry"],"acf":[],"yoast_head":"<!-- This site is optimized with the Yoast SEO Premium plugin v27.2 (Yoast SEO v27.2) - https:\/\/yoast.com\/product\/yoast-seo-premium-wordpress\/ -->\n<title>Gram\u00e1tica norueguesa - Talkpal<\/title>\n<meta name=\"description\" content=\"Explora as complexidades da gram\u00e1tica norueguesa e eleva as t\u00faas habilidades ling\u00fc\u00edsticas ao seguinte nivel.\" \/>\n<meta name=\"robots\" content=\"index, follow, max-snippet:-1, max-image-preview:large, max-video-preview:-1\" \/>\n<link rel=\"canonical\" href=\"https:\/\/talkpal.ai\/gl\/gramatica-norueguesa\/\" \/>\n<meta property=\"og:locale\" content=\"gl_ES\" \/>\n<meta property=\"og:type\" content=\"article\" \/>\n<meta property=\"og:title\" content=\"Gram\u00e1tica norueguesa\" \/>\n<meta property=\"og:description\" content=\"Mergullo na gram\u00e1tica norueguesa: unha gu\u00eda completa O noruegu\u00e9s, unha lingua fascinante e expresiva, ofrece unha oportunidade \u00fanica para que os\" \/>\n<meta property=\"og:url\" content=\"https:\/\/talkpal.ai\/gl\/gramatica-norueguesa\/\" \/>\n<meta property=\"og:site_name\" content=\"Talkpal\" \/>\n<meta property=\"article:publisher\" content=\"https:\/\/www.facebook.com\/profile.php?id=100090733639311\" \/>\n<meta property=\"article:modified_time\" content=\"2025-12-17T17:36:40+00:00\" \/>\n<meta property=\"og:image\" content=\"https:\/\/talkpal.ai\/wp-content\/uploads\/2023\/05\/norway.png\" \/>\n\t<meta property=\"og:image:width\" content=\"512\" \/>\n\t<meta property=\"og:image:height\" content=\"512\" \/>\n\t<meta property=\"og:image:type\" content=\"image\/png\" \/>\n<meta name=\"twitter:card\" content=\"summary_large_image\" \/>\n<meta name=\"twitter:site\" content=\"@talkpalai\" \/>\n<meta name=\"twitter:label1\" content=\"Tempo de lectura\" \/>\n\t<meta name=\"twitter:data1\" content=\"3 minutos\" \/>\n<script type=\"application\/ld+json\" class=\"yoast-schema-graph\">{\"@context\":\"https:\/\/schema.org\",\"@graph\":[{\"@type\":\"WebPage\",\"@id\":\"https:\/\/talkpal.ai\/gl\/gramatica-norueguesa\/\",\"url\":\"https:\/\/talkpal.ai\/gl\/gramatica-norueguesa\/\",\"name\":\"Gram\u00e1tica norueguesa - Talkpal\",\"isPartOf\":{\"@id\":\"https:\/\/talkpal.ai\/gl\/#website\"},\"primaryImageOfPage\":{\"@id\":\"https:\/\/talkpal.ai\/gl\/gramatica-norueguesa\/#primaryimage\"},\"image\":{\"@id\":\"https:\/\/talkpal.ai\/gl\/gramatica-norueguesa\/#primaryimage\"},\"thumbnailUrl\":\"https:\/\/talkpal.ai\/wp-content\/uploads\/2023\/05\/norway.png\",\"datePublished\":\"2023-05-14T14:13:06+00:00\",\"dateModified\":\"2025-12-17T17:36:40+00:00\",\"description\":\"Explora as complexidades da gram\u00e1tica norueguesa e eleva as t\u00faas habilidades ling\u00fc\u00edsticas ao seguinte nivel.\",\"breadcrumb\":{\"@id\":\"https:\/\/talkpal.ai\/gl\/gramatica-norueguesa\/#breadcrumb\"},\"inLanguage\":\"gl-ES\",\"potentialAction\":[{\"@type\":\"ReadAction\",\"target\":[\"https:\/\/talkpal.ai\/gl\/gramatica-norueguesa\/\"]}]},{\"@type\":\"ImageObject\",\"inLanguage\":\"gl-ES\",\"@id\":\"https:\/\/talkpal.ai\/gl\/gramatica-norueguesa\/#primaryimage\",\"url\":\"https:\/\/talkpal.ai\/wp-content\/uploads\/2023\/05\/norway.png\",\"contentUrl\":\"https:\/\/talkpal.ai\/wp-content\/uploads\/2023\/05\/norway.png\",\"width\":512,\"height\":512},{\"@type\":\"BreadcrumbList\",\"@id\":\"https:\/\/talkpal.ai\/gl\/gramatica-norueguesa\/#breadcrumb\",\"itemListElement\":[{\"@type\":\"ListItem\",\"position\":1,\"name\":\"Homepage\",\"item\":\"https:\/\/talkpal.ai\/gl\/\"},{\"@type\":\"ListItem\",\"position\":2,\"name\":\"Gram\u00e1tica norueguesa\"}]},{\"@type\":\"WebSite\",\"@id\":\"https:\/\/talkpal.ai\/gl\/#website\",\"url\":\"https:\/\/talkpal.ai\/gl\/\",\"name\":\"Talkpal\",\"description\":\"AI Language Learning\",\"publisher\":{\"@id\":\"https:\/\/talkpal.ai\/gl\/#organization\"},\"alternateName\":\"Talkpal AI\",\"potentialAction\":[{\"@type\":\"SearchAction\",\"target\":{\"@type\":\"EntryPoint\",\"urlTemplate\":\"https:\/\/talkpal.ai\/gl\/?s={search_term_string}\"},\"query-input\":{\"@type\":\"PropertyValueSpecification\",\"valueRequired\":true,\"valueName\":\"search_term_string\"}}],\"inLanguage\":\"gl-ES\"},{\"@type\":\"Organization\",\"@id\":\"https:\/\/talkpal.ai\/gl\/#organization\",\"name\":\"Talkpal, Inc.\",\"alternateName\":\"Talkpal AI\",\"url\":\"https:\/\/talkpal.ai\/gl\/\",\"logo\":{\"@type\":\"ImageObject\",\"inLanguage\":\"gl-ES\",\"@id\":\"https:\/\/talkpal.ai\/gl\/#\/schema\/logo\/image\/\",\"url\":\"https:\/\/talkpal.ai\/wp-content\/uploads\/2024\/03\/Talkpal-Logo-Icon.png\",\"contentUrl\":\"https:\/\/talkpal.ai\/wp-content\/uploads\/2024\/03\/Talkpal-Logo-Icon.png\",\"width\":2880,\"height\":2880,\"caption\":\"Talkpal, Inc.\"},\"image\":{\"@id\":\"https:\/\/talkpal.ai\/gl\/#\/schema\/logo\/image\/\"},\"sameAs\":[\"https:\/\/www.facebook.com\/profile.php?id=100090733639311\",\"https:\/\/x.com\/talkpalai\",\"https:\/\/www.linkedin.com\/company\/talkpal\/\",\"https:\/\/www.youtube.com\/@TalkPal\/\",\"https:\/\/www.tiktok.com\/@talkpal\",\"https:\/\/www.instagram.com\/talkpal_ai\/\",\"https:\/\/www.crunchbase.com\/organization\/talkpal-9cde\",\"https:\/\/www.g2.com\/products\/talkpal-for-business\/\",\"https:\/\/www.trustpilot.com\/review\/talkpal.ai\",\"https:\/\/www.capterra.com\/p\/10006800\/TalkPal\/\"],\"description\":\"Talkpal is a language learning web and mobile education app, powered by the latest AI technologies, that provides engaging experiences to its customers in many different languages to help them improve their language skills. Users can chat about unlimited amount of topics with the app and use other modes to practice their language learning.\",\"email\":\"support@talkpal.ai\",\"legalName\":\"Talkpal, Inc.\",\"foundingDate\":\"2023-04-03\",\"duns\":\"118989042\",\"numberOfEmployees\":{\"@type\":\"QuantitativeValue\",\"minValue\":\"11\",\"maxValue\":\"50\"},\"publishingPrinciples\":\"https:\/\/talkpal.ai\/publishing-principles\/\",\"actionableFeedbackPolicy\":\"https:\/\/talkpal.ai\/actionable-feedback-policy\/\",\"correctionsPolicy\":\"https:\/\/talkpal.ai\/corrections-policy\/\",\"ethicsPolicy\":\"https:\/\/talkpal.ai\/ethics-policy\/\",\"diversityPolicy\":\"https:\/\/talkpal.ai\/diversity-policy\/\",\"diversityStaffingReport\":\"https:\/\/talkpal.ai\/diversity-policy\/\"}]}<\/script>\n<!-- \/ Yoast SEO Premium plugin. -->","yoast_head_json":{"title":"Gram\u00e1tica norueguesa - Talkpal","description":"Explora as complexidades da gram\u00e1tica norueguesa e eleva as t\u00faas habilidades ling\u00fc\u00edsticas ao seguinte nivel.","robots":{"index":"index","follow":"follow","max-snippet":"max-snippet:-1","max-image-preview":"max-image-preview:large","max-video-preview":"max-video-preview:-1"},"canonical":"https:\/\/talkpal.ai\/gl\/gramatica-norueguesa\/","og_locale":"gl_ES","og_type":"article","og_title":"Gram\u00e1tica norueguesa","og_description":"Mergullo na gram\u00e1tica norueguesa: unha gu\u00eda completa O noruegu\u00e9s, unha lingua fascinante e expresiva, ofrece unha oportunidade \u00fanica para que os","og_url":"https:\/\/talkpal.ai\/gl\/gramatica-norueguesa\/","og_site_name":"Talkpal","article_publisher":"https:\/\/www.facebook.com\/profile.php?id=100090733639311","article_modified_time":"2025-12-17T17:36:40+00:00","og_image":[{"width":512,"height":512,"url":"https:\/\/talkpal.ai\/wp-content\/uploads\/2023\/05\/norway.png","type":"image\/png"}],"twitter_card":"summary_large_image","twitter_site":"@talkpalai","twitter_misc":{"Tempo de lectura":"3 minutos"},"schema":{"@context":"https:\/\/schema.org","@graph":[{"@type":"WebPage","@id":"https:\/\/talkpal.ai\/gl\/gramatica-norueguesa\/","url":"https:\/\/talkpal.ai\/gl\/gramatica-norueguesa\/","name":"Gram\u00e1tica norueguesa - Talkpal","isPartOf":{"@id":"https:\/\/talkpal.ai\/gl\/#website"},"primaryImageOfPage":{"@id":"https:\/\/talkpal.ai\/gl\/gramatica-norueguesa\/#primaryimage"},"image":{"@id":"https:\/\/talkpal.ai\/gl\/gramatica-norueguesa\/#primaryimage"},"thumbnailUrl":"https:\/\/talkpal.ai\/wp-content\/uploads\/2023\/05\/norway.png","datePublished":"2023-05-14T14:13:06+00:00","dateModified":"2025-12-17T17:36:40+00:00","description":"Explora as complexidades da gram\u00e1tica norueguesa e eleva as t\u00faas habilidades ling\u00fc\u00edsticas ao seguinte nivel.","breadcrumb":{"@id":"https:\/\/talkpal.ai\/gl\/gramatica-norueguesa\/#breadcrumb"},"inLanguage":"gl-ES","potentialAction":[{"@type":"ReadAction","target":["https:\/\/talkpal.ai\/gl\/gramatica-norueguesa\/"]}]},{"@type":"ImageObject","inLanguage":"gl-ES","@id":"https:\/\/talkpal.ai\/gl\/gramatica-norueguesa\/#primaryimage","url":"https:\/\/talkpal.ai\/wp-content\/uploads\/2023\/05\/norway.png","contentUrl":"https:\/\/talkpal.ai\/wp-content\/uploads\/2023\/05\/norway.png","width":512,"height":512},{"@type":"BreadcrumbList","@id":"https:\/\/talkpal.ai\/gl\/gramatica-norueguesa\/#breadcrumb","itemListElement":[{"@type":"ListItem","position":1,"name":"Homepage","item":"https:\/\/talkpal.ai\/gl\/"},{"@type":"ListItem","position":2,"name":"Gram\u00e1tica norueguesa"}]},{"@type":"WebSite","@id":"https:\/\/talkpal.ai\/gl\/#website","url":"https:\/\/talkpal.ai\/gl\/","name":"Talkpal","description":"AI Language Learning","publisher":{"@id":"https:\/\/talkpal.ai\/gl\/#organization"},"alternateName":"Talkpal AI","potentialAction":[{"@type":"SearchAction","target":{"@type":"EntryPoint","urlTemplate":"https:\/\/talkpal.ai\/gl\/?s={search_term_string}"},"query-input":{"@type":"PropertyValueSpecification","valueRequired":true,"valueName":"search_term_string"}}],"inLanguage":"gl-ES"},{"@type":"Organization","@id":"https:\/\/talkpal.ai\/gl\/#organization","name":"Talkpal, Inc.","alternateName":"Talkpal AI","url":"https:\/\/talkpal.ai\/gl\/","logo":{"@type":"ImageObject","inLanguage":"gl-ES","@id":"https:\/\/talkpal.ai\/gl\/#\/schema\/logo\/image\/","url":"https:\/\/talkpal.ai\/wp-content\/uploads\/2024\/03\/Talkpal-Logo-Icon.png","contentUrl":"https:\/\/talkpal.ai\/wp-content\/uploads\/2024\/03\/Talkpal-Logo-Icon.png","width":2880,"height":2880,"caption":"Talkpal, Inc."},"image":{"@id":"https:\/\/talkpal.ai\/gl\/#\/schema\/logo\/image\/"},"sameAs":["https:\/\/www.facebook.com\/profile.php?id=100090733639311","https:\/\/x.com\/talkpalai","https:\/\/www.linkedin.com\/company\/talkpal\/","https:\/\/www.youtube.com\/@TalkPal\/","https:\/\/www.tiktok.com\/@talkpal","https:\/\/www.instagram.com\/talkpal_ai\/","https:\/\/www.crunchbase.com\/organization\/talkpal-9cde","https:\/\/www.g2.com\/products\/talkpal-for-business\/","https:\/\/www.trustpilot.com\/review\/talkpal.ai","https:\/\/www.capterra.com\/p\/10006800\/TalkPal\/"],"description":"Talkpal is a language learning web and mobile education app, powered by the latest AI technologies, that provides engaging experiences to its customers in many different languages to help them improve their language skills. Users can chat about unlimited amount of topics with the app and use other modes to practice their language learning.","email":"support@talkpal.ai","legalName":"Talkpal, Inc.","foundingDate":"2023-04-03","duns":"118989042","numberOfEmployees":{"@type":"QuantitativeValue","minValue":"11","maxValue":"50"},"publishingPrinciples":"https:\/\/talkpal.ai\/publishing-principles\/","actionableFeedbackPolicy":"https:\/\/talkpal.ai\/actionable-feedback-policy\/","correctionsPolicy":"https:\/\/talkpal.ai\/corrections-policy\/","ethicsPolicy":"https:\/\/talkpal.ai\/ethics-policy\/","diversityPolicy":"https:\/\/talkpal.ai\/diversity-policy\/","diversityStaffingReport":"https:\/\/talkpal.ai\/diversity-policy\/"}]}},"_links":{"self":[{"href":"https:\/\/talkpal.ai\/gl\/wp-json\/wp\/v2\/pages\/148474","targetHints":{"allow":["GET"]}}],"collection":[{"href":"https:\/\/talkpal.ai\/gl\/wp-json\/wp\/v2\/pages"}],"about":[{"href":"https:\/\/talkpal.ai\/gl\/wp-json\/wp\/v2\/types\/page"}],"author":[{"embeddable":true,"href":"https:\/\/talkpal.ai\/gl\/wp-json\/wp\/v2\/users\/1"}],"replies":[{"embeddable":true,"href":"https:\/\/talkpal.ai\/gl\/wp-json\/wp\/v2\/comments?post=148474"}],"version-history":[{"count":0,"href":"https:\/\/talkpal.ai\/gl\/wp-json\/wp\/v2\/pages\/148474\/revisions"}],"wp:featuredmedia":[{"embeddable":true,"href":"https:\/\/talkpal.ai\/gl\/wp-json\/wp\/v2\/media\/117002"}],"wp:attachment":[{"href":"https:\/\/talkpal.ai\/gl\/wp-json\/wp\/v2\/media?parent=148474"}],"curies":[{"name":"wp","href":"https:\/\/api.w.org\/{rel}","templated":true}]}}