{"id":148123,"date":"2023-05-14T14:12:45","date_gmt":"2023-05-14T14:12:45","guid":{"rendered":"http:\/\/talkpal.ai\/gramatica-nepali\/"},"modified":"2025-12-17T17:00:24","modified_gmt":"2025-12-17T17:00:24","slug":"gramatica-nepali","status":"publish","type":"page","link":"https:\/\/talkpal.ai\/gl\/gramatica-nepali\/","title":{"rendered":"Gram\u00e1tica nepal\u00ed"},"content":{"rendered":"\r\n\r\n\r\n<section class=\"languageChallengeSection\">\r\n    <div class=\"languageInfoWrapper\">\r\n        \r\n        <h1>Gram\u00e1tica nepal\u00ed<\/h1>\r\n        <p>Curioso\/a sobre o nepal\u00e9s? Descubre a gram\u00e1tica nepalesa, con substantivos de x\u00e9nero diferenciado, posposici\u00f3ns e unha estrutura de frases flexible que fai que a lingua sexa expresiva e atractiva. Comeza a aprender hoxe mesmo: dominar a gram\u00e1tica nepalesa abrir\u00e1 conversas significativas e conectarache coas diversas culturas e tradici\u00f3ns do Nepal!<\/p>\r\n\r\n                            <a class=\"getStartedHidden\" href=\"https:\/\/app.talkpal.ai\/signup?lng=\">Empeza<\/a>\r\n        \r\n    <\/div>\r\n\r\n    <figure>\r\n    <img decoding=\"async\" width=\"768\" height=\"768\" src=\"https:\/\/talkpal.ai\/wp-content\/uploads\/2023\/06\/nepali-768x768.png\" class=\"languageImage no-lazy\" alt=\"Practical language learning for real-life application\" fetchpriority=\"high\" sizes=\"(max-width: 768px) 150px, 768px\" srcset=\"https:\/\/talkpal.ai\/wp-content\/uploads\/2023\/06\/nepali-768x768.png 768w, https:\/\/talkpal.ai\/wp-content\/uploads\/2023\/06\/nepali-300x300.png 300w\" \/>\r\n    \r\n\r\n    <\/figure>\r\n\r\n            <a class=\"getStartedVisible\" href=\"https:\/\/app.talkpal.ai\/signup?lng=\">Empeza<\/a>\r\n    \r\n<\/section>\r\n<section class=\"promotionalBanner\">\r\n    <p class=\"promotionalText\">A forma m\u00e1is eficaz de aprender un idioma<\/p>\r\n    <a class=\"promotionalLink\" href=\"https:\/\/app.talkpal.ai\/signup?lng=\">Proba Talkpal de balde<\/a>\r\n<\/section>\n<div class=\"wp-block-group pageContainerStyle\"><div class=\"wp-block-group__inner-container is-layout-constrained wp-block-group-is-layout-constrained\">\n<h2 class=\"wp-block-heading\" id=\"h-delving-into-the-richness-of-nepali-grammar-an-insightful-guide\">Afondar na riqueza da gram\u00e1tica nepal\u00ed: unha gu\u00eda perspicaz<\/h2>\n\n\n\n<p>O <a href=\"https:\/\/talkpal.ai\/learn-nepali\/\">nepal\u00ed<\/a>, unha lingua indoaria que falan m\u00e1is de 25 mill\u00f3ns de persoas no Nepal e nas rexi\u00f3ns veci\u00f1as, \u00e9 unha lingua encantadora que mostra a <a href=\"https:\/\/talkpal.ai\/pt-pt\/culture\/a-riqueza-cultural-do-triangulo-dourado-em-portugal\/\">riqueza cultural<\/a> e a diversidade ling\u00fc\u00edstica do sur de Asia. Para comunicarse eficazmente en nepal\u00ed e apreciar verdadeiramente a s\u00faa beleza, hai que comprender a s\u00faa gram\u00e1tica. Neste artigo, ofreceremos unha visi\u00f3n xeral dos aspectos esenciais da <a href=\"https:\/\/talkpal.ai\/nepali-grammar\/\">gram\u00e1tica nepal\u00ed<\/a> e ofreceremos consellos pr\u00e1cticos para axudarche a dominar esta lingua fascinante.<\/p>\n\n\n\n<h3 class=\"wp-block-heading\" id=\"h-key-aspects-of-nepali-grammar\">Aspectos clave da gram\u00e1tica nepal\u00ed:<\/h3>\n\n\n\n<p>Inicialmente, a gram\u00e1tica nepal\u00ed pode parecer un reto, pero co tempo e a pr\u00e1ctica, podes dominala. Aqu\u00ed <a href=\"https:\/\/talkpal.ai\/talkpal-discount-for-test-takers-e-g-toefl-ielts\/\">tes<\/a> alg\u00fans compo\u00f1entes fundamentais da gram\u00e1tica nepal\u00ed para familiarizarte:<\/p>\n\n\n\n<p><strong>1. Substantivos:<\/strong> os substantivos nepal\u00edes non te\u00f1en x\u00e9nero gramatical, o que facilita aos <a href=\"https:\/\/talkpal.ai\/talkpal-discount-for-students\/\">estudantes<\/a> xa que non \u00e9 necesario memorizar o x\u00e9nero de cada substantivo. Non obstante, os substantivos flexionan o n\u00famero (singular e plural) e o caso (nominativo, xenitivo, dativo, etc.).<\/p>\n\n\n\n<p><strong>2. Pronomes:<\/strong> os pronomes persoais en nepal\u00ed te\u00f1en tres formas: subxectivo, obxectivo e posesivo. Concordan co substantivo ao que se refiren en termos de n\u00famero pero non de x\u00e9nero. Tam\u00e9n hai diferentes pronomes e formas de conxugaci\u00f3n verbal en funci\u00f3n do nivel de formalidade (educado, familiar ou \u00edntimo).<\/p>\n\n\n\n<p><strong>3. Verbos:<\/strong> os verbos nepal\u00edes flexionan o tempo (<a href=\"https:\/\/talkpal.ai\/zh-hans\/grammar_exercises\/presente-%e8%a5%bf%e7%8f%ad%e7%89%99%e8%af%ad%e6%b3%95%e7%bb%83%e4%b9%a0\/\">presente<\/a>, pasado e <a href=\"https:\/\/talkpal.ai\/ja\/grammar_exercises\/futuro-%e3%82%b9%e3%83%9a%e3%82%a4%e3%83%b3%e8%aa%9e%e3%81%ae%e6%96%87%e6%b3%95%e3%81%ae%e6%bc%94%e7%bf%92\/\">futuro<\/a>), o modo (indicativo, <a href=\"https:\/\/talkpal.ai\/ar\/grammar_exercises\/imperativo-%d8%aa%d9%85%d8%a7%d8%b1%d9%8a%d9%86-%d9%84%d9%82%d9%88%d8%a7%d8%b9%d8%af-%d8%a7%d9%84%d9%84%d8%ba%d8%a9-%d8%a7%d9%84%d8%a5%d8%b3%d8%a8%d8%a7%d9%86%d9%8a%d8%a9\/\">imperativo<\/a> ou subxuntivo) e o aspecto (continuo, perfecto ou simple). Tam\u00e9n hai distintos patr\u00f3ns de conxugaci\u00f3n de verbos dependendo do nivel de formalidade do suxeito.<\/p>\n\n\n\n<p><strong>4. Adxectivos e adverbios:<\/strong> os adxectivos en nepal\u00ed adoitan seguir o substantivo que modifican e coinciden en n\u00famero e caso. Os adverbios poden usarse para proporcionar informaci\u00f3n adicional e xeralmente non cambian a s\u00faa forma.<\/p>\n\n\n\n<p><strong>5. Estrutura da oraci\u00f3n:<\/strong> a t\u00edpica estrutura da oraci\u00f3n nepal\u00ed segue a orde Suxeito-Obxecto-Verbo (SOV). Non obstante, a orde das palabras pode ser flexible, dependendo da \u00e9nfase e do contexto.<\/p>\n\n\n\n<h3 class=\"wp-block-heading\" id=\"h-tips-for-learning-nepali-grammar\">Consellos para aprender gram\u00e1tica nepal\u00ed:<\/h3>\n\n\n\n<p>Aqu\u00ed tes algunhas estratexias eficaces para facer a t\u00faa viaxe de aprendizaxe da gram\u00e1tica nepal\u00ed m\u00e1is fluida:<\/p>\n\n\n\n<p><strong>1. Comeza cos conceptos b\u00e1sicos:<\/strong> c\u00e9ntrate na aprendizaxe dos fundamentos da gram\u00e1tica nepal\u00ed, como os casos nominais, os pronomes e a conxugaci\u00f3n de verbos. A medida que aumenta a s\u00faa comprensi\u00f3n, incorpore gradualmente estruturas e regras m\u00e1is complexas.<\/p>\n\n\n\n<p><strong>2. Practica con regularidade:<\/strong> a coherencia \u00e9 fundamental \u00e1 hora de aprender unha nova lingua. Asigna horas espec\u00edficas cada d\u00eda ou semana para practicar exercicios gramaticais, ler e escribir en nepal\u00ed.<\/p>\n\n\n\n<p><strong>3. Utiliza recursos nativos:<\/strong> merg\u00fallase en materiais aut\u00e9nticos nepal\u00edes, como literatura, artigos de noticias e podcasts. Isto non s\u00f3 axudarache a comprender a gram\u00e1tica nepal\u00ed en contexto, sen\u00f3n que tam\u00e9n mellorar\u00e1 as t\u00faas habilidades ling\u00fc\u00edsticas en xeral.<\/p>\n\n\n\n<p><strong>4. Conecta con falantes nativos:<\/strong> participar en conversas con falantes nativos de nepal\u00ed perm\u00edteche practicar a gram\u00e1tica en situaci\u00f3ns da vida real e recibir comentarios valiosos. Considera unirte a grupos de intercambio ling\u00fc\u00edstico ou a foros en li\u00f1a para conectarte con persoas que falan nepal\u00ed.<\/p>\n\n\n\n<p><strong>5. Sexa paciente e persistente:<\/strong> Lembre que aprender unha nova lingua leva tempo, perseveranza e paciencia. Acepta os retos e celebra o teu progreso ao longo do cami\u00f1o.<\/p>\n\n\n\n<h3 class=\"wp-block-heading\" id=\"h-conclusion\">Conclusi\u00f3n:<\/h3>\n\n\n\n<p>A gram\u00e1tica nepal\u00ed, coas s\u00faas caracter\u00edsticas \u00fanicas e conexi\u00f3ns coa familia ling\u00fc\u00edstica indoaria, ofrece unha viaxe ling\u00fc\u00edstica fascinante. Ao comprender os seus aspectos clave e seguindo os nosos consellos pr\u00e1cticos, allanar\u00e1s o cami\u00f1o cara \u00e1 competencia ling\u00fc\u00edstica e obter\u00e1s unha apreciaci\u00f3n m\u00e1is profunda da lingua nepal\u00ed. Ent\u00f3n, avent\u00farate con entusiasmo e curiosidade e abraza os tesouros ling\u00fc\u00edsticos de Nepal.<\/p>\n<\/div><\/div>\n\r\n<section class=\"learnNavigationSection\">\r\n            \r\n        <a href=\"https:\/\/talkpal.ai\/gl\/aprende-nepali\/\">\r\n            <div class=\"learnNavigationWrapper\">\r\n                <div class=\"learnNavigationContent\">\r\n                    <img decoding=\"async\" src=\"https:\/\/talkpal.ai\/wp-content\/uploads\/2024\/08\/Nepali.jpg\" alt=\"Nepali Flag\">\r\n                    <div>\r\n                        <h4>Sobre a aprendizaxe do nepal\u00ed<\/h4>\r\n                        <p>Descubre todo sobre a gram\u00e1tica nepal\u00ed.<\/p>\r\n                    <\/div>\r\n                <\/div>\r\n            <\/div>\r\n        <\/a>\r\n\r\n        \r\n        <a href=\"https:\/\/talkpal.ai\/gl\/exercicios-de-gramatica-nepali\/\">\r\n            <div class=\"learnNavigationWrapper\">\r\n                <div class=\"learnNavigationContent\">\r\n                    <img decoding=\"async\" src=\"https:\/\/talkpal.ai\/wp-content\/uploads\/2024\/08\/Nepali.jpg\" alt=\"Nepali Flag\">\r\n                    <div>\r\n                        <h4>Exercicio de gram\u00e1tica nepal\u00ed<\/h4>\r\n                        <p>Practica a gram\u00e1tica nepal\u00ed .<\/p>\r\n                    <\/div>\r\n                <\/div>\r\n            <\/div>\r\n        <\/a>\r\n\r\n        \r\n        <a href=\"https:\/\/talkpal.ai\/vocabulary_language\/nepali\/\">\r\n            <div class=\"learnNavigationWrapper\">\r\n                <div class=\"learnNavigationContent\">\r\n                    <img decoding=\"async\" src=\"https:\/\/talkpal.ai\/wp-content\/uploads\/2024\/08\/Nepali.jpg\" alt=\"Nepali Flag\">\r\n                    <div>\r\n                        <h4>Vocabulario nepal\u00ed<\/h4>\r\n                        <p>Ampl\u00eda o teu vocabulario nepal\u00ed.<\/p>\r\n                    <\/div>\r\n                <\/div>\r\n            <\/div>\r\n        <\/a>\r\n\r\n            <\/section>","protected":false},"excerpt":{"rendered":"<p>Afondar na riqueza da gram\u00e1tica nepal\u00ed: unha gu\u00eda perspicaz O nepal\u00ed, unha lingua indoaria que falan m\u00e1is de 25 mill\u00f3ns de persoas no Nepal e nas rexi\u00f3ns veci\u00f1as, \u00e9 unha lingua encantadora que mostra a riqueza cultural e a diversidade ling\u00fc\u00edstica do sur de Asia. Para comunicarse eficazmente en nepal\u00ed e apreciar verdadeiramente a s\u00faa [&hellip;]<\/p>\n","protected":false},"author":1,"featured_media":116037,"parent":0,"menu_order":0,"comment_status":"closed","ping_status":"closed","template":"LearningContentPage.php","meta":{"_acf_changed":false,"footnotes":""},"class_list":["post-148123","page","type-page","status-publish","has-post-thumbnail","hentry"],"acf":[],"yoast_head":"<!-- This site is optimized with the Yoast SEO Premium plugin v27.2 (Yoast SEO v27.2) - https:\/\/yoast.com\/product\/yoast-seo-premium-wordpress\/ -->\n<title>Gram\u00e1tica nepal\u00ed - Talkpal<\/title>\n<meta name=\"description\" content=\"Explora a gram\u00e1tica nepalesa e mellora a t\u00faa comprensi\u00f3n da lingua con explicaci\u00f3ns claras e concisas.\" \/>\n<meta name=\"robots\" content=\"index, follow, max-snippet:-1, max-image-preview:large, max-video-preview:-1\" \/>\n<link rel=\"canonical\" href=\"https:\/\/talkpal.ai\/gl\/gramatica-nepali\/\" \/>\n<meta property=\"og:locale\" content=\"gl_ES\" \/>\n<meta property=\"og:type\" content=\"article\" \/>\n<meta property=\"og:title\" content=\"Gram\u00e1tica nepal\u00ed\" \/>\n<meta property=\"og:description\" content=\"Afondar na riqueza da gram\u00e1tica nepal\u00ed: unha gu\u00eda perspicaz O nepal\u00ed, unha lingua indoaria que falan m\u00e1is de 25 mill\u00f3ns de persoas no Nepal e nas rexi\u00f3ns\" \/>\n<meta property=\"og:url\" content=\"https:\/\/talkpal.ai\/gl\/gramatica-nepali\/\" \/>\n<meta property=\"og:site_name\" content=\"Talkpal\" \/>\n<meta property=\"article:publisher\" content=\"https:\/\/www.facebook.com\/profile.php?id=100090733639311\" \/>\n<meta property=\"article:modified_time\" content=\"2025-12-17T17:00:24+00:00\" \/>\n<meta property=\"og:image\" content=\"https:\/\/talkpal.ai\/wp-content\/uploads\/2023\/05\/nepal.png\" \/>\n\t<meta property=\"og:image:width\" content=\"512\" \/>\n\t<meta property=\"og:image:height\" content=\"512\" \/>\n\t<meta property=\"og:image:type\" content=\"image\/png\" \/>\n<meta name=\"twitter:card\" content=\"summary_large_image\" \/>\n<meta name=\"twitter:site\" content=\"@talkpalai\" \/>\n<meta name=\"twitter:label1\" content=\"Tempo de lectura\" \/>\n\t<meta name=\"twitter:data1\" content=\"3 minutos\" \/>\n<script type=\"application\/ld+json\" class=\"yoast-schema-graph\">{\"@context\":\"https:\/\/schema.org\",\"@graph\":[{\"@type\":\"WebPage\",\"@id\":\"https:\/\/talkpal.ai\/gl\/gramatica-nepali\/\",\"url\":\"https:\/\/talkpal.ai\/gl\/gramatica-nepali\/\",\"name\":\"Gram\u00e1tica nepal\u00ed - Talkpal\",\"isPartOf\":{\"@id\":\"https:\/\/talkpal.ai\/gl\/#website\"},\"primaryImageOfPage\":{\"@id\":\"https:\/\/talkpal.ai\/gl\/gramatica-nepali\/#primaryimage\"},\"image\":{\"@id\":\"https:\/\/talkpal.ai\/gl\/gramatica-nepali\/#primaryimage\"},\"thumbnailUrl\":\"https:\/\/talkpal.ai\/wp-content\/uploads\/2023\/05\/nepal.png\",\"datePublished\":\"2023-05-14T14:12:45+00:00\",\"dateModified\":\"2025-12-17T17:00:24+00:00\",\"description\":\"Explora a gram\u00e1tica nepalesa e mellora a t\u00faa comprensi\u00f3n da lingua con explicaci\u00f3ns claras e concisas.\",\"breadcrumb\":{\"@id\":\"https:\/\/talkpal.ai\/gl\/gramatica-nepali\/#breadcrumb\"},\"inLanguage\":\"gl-ES\",\"potentialAction\":[{\"@type\":\"ReadAction\",\"target\":[\"https:\/\/talkpal.ai\/gl\/gramatica-nepali\/\"]}]},{\"@type\":\"ImageObject\",\"inLanguage\":\"gl-ES\",\"@id\":\"https:\/\/talkpal.ai\/gl\/gramatica-nepali\/#primaryimage\",\"url\":\"https:\/\/talkpal.ai\/wp-content\/uploads\/2023\/05\/nepal.png\",\"contentUrl\":\"https:\/\/talkpal.ai\/wp-content\/uploads\/2023\/05\/nepal.png\",\"width\":512,\"height\":512},{\"@type\":\"BreadcrumbList\",\"@id\":\"https:\/\/talkpal.ai\/gl\/gramatica-nepali\/#breadcrumb\",\"itemListElement\":[{\"@type\":\"ListItem\",\"position\":1,\"name\":\"Homepage\",\"item\":\"https:\/\/talkpal.ai\/gl\/\"},{\"@type\":\"ListItem\",\"position\":2,\"name\":\"Gram\u00e1tica nepal\u00ed\"}]},{\"@type\":\"WebSite\",\"@id\":\"https:\/\/talkpal.ai\/gl\/#website\",\"url\":\"https:\/\/talkpal.ai\/gl\/\",\"name\":\"Talkpal\",\"description\":\"AI Language Learning\",\"publisher\":{\"@id\":\"https:\/\/talkpal.ai\/gl\/#organization\"},\"alternateName\":\"Talkpal AI\",\"potentialAction\":[{\"@type\":\"SearchAction\",\"target\":{\"@type\":\"EntryPoint\",\"urlTemplate\":\"https:\/\/talkpal.ai\/gl\/?s={search_term_string}\"},\"query-input\":{\"@type\":\"PropertyValueSpecification\",\"valueRequired\":true,\"valueName\":\"search_term_string\"}}],\"inLanguage\":\"gl-ES\"},{\"@type\":\"Organization\",\"@id\":\"https:\/\/talkpal.ai\/gl\/#organization\",\"name\":\"Talkpal, Inc.\",\"alternateName\":\"Talkpal AI\",\"url\":\"https:\/\/talkpal.ai\/gl\/\",\"logo\":{\"@type\":\"ImageObject\",\"inLanguage\":\"gl-ES\",\"@id\":\"https:\/\/talkpal.ai\/gl\/#\/schema\/logo\/image\/\",\"url\":\"https:\/\/talkpal.ai\/wp-content\/uploads\/2024\/03\/Talkpal-Logo-Icon.png\",\"contentUrl\":\"https:\/\/talkpal.ai\/wp-content\/uploads\/2024\/03\/Talkpal-Logo-Icon.png\",\"width\":2880,\"height\":2880,\"caption\":\"Talkpal, Inc.\"},\"image\":{\"@id\":\"https:\/\/talkpal.ai\/gl\/#\/schema\/logo\/image\/\"},\"sameAs\":[\"https:\/\/www.facebook.com\/profile.php?id=100090733639311\",\"https:\/\/x.com\/talkpalai\",\"https:\/\/www.linkedin.com\/company\/talkpal\/\",\"https:\/\/www.youtube.com\/@TalkPal\/\",\"https:\/\/www.tiktok.com\/@talkpal\",\"https:\/\/www.instagram.com\/talkpal_ai\/\",\"https:\/\/www.crunchbase.com\/organization\/talkpal-9cde\",\"https:\/\/www.g2.com\/products\/talkpal-for-business\/\",\"https:\/\/www.trustpilot.com\/review\/talkpal.ai\",\"https:\/\/www.capterra.com\/p\/10006800\/TalkPal\/\"],\"description\":\"Talkpal is a language learning web and mobile education app, powered by the latest AI technologies, that provides engaging experiences to its customers in many different languages to help them improve their language skills. Users can chat about unlimited amount of topics with the app and use other modes to practice their language learning.\",\"email\":\"support@talkpal.ai\",\"legalName\":\"Talkpal, Inc.\",\"foundingDate\":\"2023-04-03\",\"duns\":\"118989042\",\"numberOfEmployees\":{\"@type\":\"QuantitativeValue\",\"minValue\":\"11\",\"maxValue\":\"50\"},\"publishingPrinciples\":\"https:\/\/talkpal.ai\/publishing-principles\/\",\"actionableFeedbackPolicy\":\"https:\/\/talkpal.ai\/actionable-feedback-policy\/\",\"correctionsPolicy\":\"https:\/\/talkpal.ai\/corrections-policy\/\",\"ethicsPolicy\":\"https:\/\/talkpal.ai\/ethics-policy\/\",\"diversityPolicy\":\"https:\/\/talkpal.ai\/diversity-policy\/\",\"diversityStaffingReport\":\"https:\/\/talkpal.ai\/diversity-policy\/\"}]}<\/script>\n<!-- \/ Yoast SEO Premium plugin. -->","yoast_head_json":{"title":"Gram\u00e1tica nepal\u00ed - Talkpal","description":"Explora a gram\u00e1tica nepalesa e mellora a t\u00faa comprensi\u00f3n da lingua con explicaci\u00f3ns claras e concisas.","robots":{"index":"index","follow":"follow","max-snippet":"max-snippet:-1","max-image-preview":"max-image-preview:large","max-video-preview":"max-video-preview:-1"},"canonical":"https:\/\/talkpal.ai\/gl\/gramatica-nepali\/","og_locale":"gl_ES","og_type":"article","og_title":"Gram\u00e1tica nepal\u00ed","og_description":"Afondar na riqueza da gram\u00e1tica nepal\u00ed: unha gu\u00eda perspicaz O nepal\u00ed, unha lingua indoaria que falan m\u00e1is de 25 mill\u00f3ns de persoas no Nepal e nas rexi\u00f3ns","og_url":"https:\/\/talkpal.ai\/gl\/gramatica-nepali\/","og_site_name":"Talkpal","article_publisher":"https:\/\/www.facebook.com\/profile.php?id=100090733639311","article_modified_time":"2025-12-17T17:00:24+00:00","og_image":[{"width":512,"height":512,"url":"https:\/\/talkpal.ai\/wp-content\/uploads\/2023\/05\/nepal.png","type":"image\/png"}],"twitter_card":"summary_large_image","twitter_site":"@talkpalai","twitter_misc":{"Tempo de lectura":"3 minutos"},"schema":{"@context":"https:\/\/schema.org","@graph":[{"@type":"WebPage","@id":"https:\/\/talkpal.ai\/gl\/gramatica-nepali\/","url":"https:\/\/talkpal.ai\/gl\/gramatica-nepali\/","name":"Gram\u00e1tica nepal\u00ed - Talkpal","isPartOf":{"@id":"https:\/\/talkpal.ai\/gl\/#website"},"primaryImageOfPage":{"@id":"https:\/\/talkpal.ai\/gl\/gramatica-nepali\/#primaryimage"},"image":{"@id":"https:\/\/talkpal.ai\/gl\/gramatica-nepali\/#primaryimage"},"thumbnailUrl":"https:\/\/talkpal.ai\/wp-content\/uploads\/2023\/05\/nepal.png","datePublished":"2023-05-14T14:12:45+00:00","dateModified":"2025-12-17T17:00:24+00:00","description":"Explora a gram\u00e1tica nepalesa e mellora a t\u00faa comprensi\u00f3n da lingua con explicaci\u00f3ns claras e concisas.","breadcrumb":{"@id":"https:\/\/talkpal.ai\/gl\/gramatica-nepali\/#breadcrumb"},"inLanguage":"gl-ES","potentialAction":[{"@type":"ReadAction","target":["https:\/\/talkpal.ai\/gl\/gramatica-nepali\/"]}]},{"@type":"ImageObject","inLanguage":"gl-ES","@id":"https:\/\/talkpal.ai\/gl\/gramatica-nepali\/#primaryimage","url":"https:\/\/talkpal.ai\/wp-content\/uploads\/2023\/05\/nepal.png","contentUrl":"https:\/\/talkpal.ai\/wp-content\/uploads\/2023\/05\/nepal.png","width":512,"height":512},{"@type":"BreadcrumbList","@id":"https:\/\/talkpal.ai\/gl\/gramatica-nepali\/#breadcrumb","itemListElement":[{"@type":"ListItem","position":1,"name":"Homepage","item":"https:\/\/talkpal.ai\/gl\/"},{"@type":"ListItem","position":2,"name":"Gram\u00e1tica nepal\u00ed"}]},{"@type":"WebSite","@id":"https:\/\/talkpal.ai\/gl\/#website","url":"https:\/\/talkpal.ai\/gl\/","name":"Talkpal","description":"AI Language Learning","publisher":{"@id":"https:\/\/talkpal.ai\/gl\/#organization"},"alternateName":"Talkpal AI","potentialAction":[{"@type":"SearchAction","target":{"@type":"EntryPoint","urlTemplate":"https:\/\/talkpal.ai\/gl\/?s={search_term_string}"},"query-input":{"@type":"PropertyValueSpecification","valueRequired":true,"valueName":"search_term_string"}}],"inLanguage":"gl-ES"},{"@type":"Organization","@id":"https:\/\/talkpal.ai\/gl\/#organization","name":"Talkpal, Inc.","alternateName":"Talkpal AI","url":"https:\/\/talkpal.ai\/gl\/","logo":{"@type":"ImageObject","inLanguage":"gl-ES","@id":"https:\/\/talkpal.ai\/gl\/#\/schema\/logo\/image\/","url":"https:\/\/talkpal.ai\/wp-content\/uploads\/2024\/03\/Talkpal-Logo-Icon.png","contentUrl":"https:\/\/talkpal.ai\/wp-content\/uploads\/2024\/03\/Talkpal-Logo-Icon.png","width":2880,"height":2880,"caption":"Talkpal, Inc."},"image":{"@id":"https:\/\/talkpal.ai\/gl\/#\/schema\/logo\/image\/"},"sameAs":["https:\/\/www.facebook.com\/profile.php?id=100090733639311","https:\/\/x.com\/talkpalai","https:\/\/www.linkedin.com\/company\/talkpal\/","https:\/\/www.youtube.com\/@TalkPal\/","https:\/\/www.tiktok.com\/@talkpal","https:\/\/www.instagram.com\/talkpal_ai\/","https:\/\/www.crunchbase.com\/organization\/talkpal-9cde","https:\/\/www.g2.com\/products\/talkpal-for-business\/","https:\/\/www.trustpilot.com\/review\/talkpal.ai","https:\/\/www.capterra.com\/p\/10006800\/TalkPal\/"],"description":"Talkpal is a language learning web and mobile education app, powered by the latest AI technologies, that provides engaging experiences to its customers in many different languages to help them improve their language skills. Users can chat about unlimited amount of topics with the app and use other modes to practice their language learning.","email":"support@talkpal.ai","legalName":"Talkpal, Inc.","foundingDate":"2023-04-03","duns":"118989042","numberOfEmployees":{"@type":"QuantitativeValue","minValue":"11","maxValue":"50"},"publishingPrinciples":"https:\/\/talkpal.ai\/publishing-principles\/","actionableFeedbackPolicy":"https:\/\/talkpal.ai\/actionable-feedback-policy\/","correctionsPolicy":"https:\/\/talkpal.ai\/corrections-policy\/","ethicsPolicy":"https:\/\/talkpal.ai\/ethics-policy\/","diversityPolicy":"https:\/\/talkpal.ai\/diversity-policy\/","diversityStaffingReport":"https:\/\/talkpal.ai\/diversity-policy\/"}]}},"_links":{"self":[{"href":"https:\/\/talkpal.ai\/gl\/wp-json\/wp\/v2\/pages\/148123","targetHints":{"allow":["GET"]}}],"collection":[{"href":"https:\/\/talkpal.ai\/gl\/wp-json\/wp\/v2\/pages"}],"about":[{"href":"https:\/\/talkpal.ai\/gl\/wp-json\/wp\/v2\/types\/page"}],"author":[{"embeddable":true,"href":"https:\/\/talkpal.ai\/gl\/wp-json\/wp\/v2\/users\/1"}],"replies":[{"embeddable":true,"href":"https:\/\/talkpal.ai\/gl\/wp-json\/wp\/v2\/comments?post=148123"}],"version-history":[{"count":0,"href":"https:\/\/talkpal.ai\/gl\/wp-json\/wp\/v2\/pages\/148123\/revisions"}],"wp:featuredmedia":[{"embeddable":true,"href":"https:\/\/talkpal.ai\/gl\/wp-json\/wp\/v2\/media\/116037"}],"wp:attachment":[{"href":"https:\/\/talkpal.ai\/gl\/wp-json\/wp\/v2\/media?parent=148123"}],"curies":[{"name":"wp","href":"https:\/\/api.w.org\/{rel}","templated":true}]}}