{"id":147837,"date":"2023-05-14T14:12:25","date_gmt":"2023-05-14T14:12:25","guid":{"rendered":"http:\/\/talkpal.ai\/gramatica-maori\/"},"modified":"2025-12-17T16:44:51","modified_gmt":"2025-12-17T16:44:51","slug":"gramatica-maori","status":"publish","type":"page","link":"https:\/\/talkpal.ai\/gl\/gramatica-maori\/","title":{"rendered":"Gram\u00e1tica maor\u00ed"},"content":{"rendered":"\r\n\r\n\r\n<section class=\"languageChallengeSection\">\r\n    <div class=\"languageInfoWrapper\">\r\n        \r\n        <h1>Gram\u00e1tica maor\u00ed<\/h1>\r\n        <p>Tes ganas de aprender <a href=\"https:\/\/talkpal.ai\/learn-maori\/\">maor\u00ed<\/a>? Afonda na <a href=\"https:\/\/talkpal.ai\/maori-grammar\/\">gram\u00e1tica maor\u00ed<\/a>, co\u00f1ecida pola s\u00faa sinxeleza, o uso de artigos e o importante papel das part\u00edculas para dar forma ao significado. Comeza hoxe mesmo: dominar a <a href=\"https:\/\/talkpal.ai\/maori-grammar\/\">gram\u00e1tica maor\u00ed<\/a> axudarache a conectar m\u00e1is profundamente coa rica herdanza da lingua e a vibrante cultura de Aotearoa, Nova Zelandia!<\/p>\r\n\r\n                            <a class=\"getStartedHidden\" href=\"https:\/\/app.talkpal.ai\/signup?lng=\">Empeza<\/a>\r\n        \r\n    <\/div>\r\n\r\n    <figure>\r\n    <img decoding=\"async\" width=\"768\" height=\"768\" src=\"https:\/\/talkpal.ai\/wp-content\/uploads\/2023\/06\/maori-768x768.png\" class=\"languageImage no-lazy\" alt=\"Language learning for social and professional settings\" fetchpriority=\"high\" sizes=\"(max-width: 768px) 150px, 768px\" srcset=\"https:\/\/talkpal.ai\/wp-content\/uploads\/2023\/06\/maori-768x768.png 768w, https:\/\/talkpal.ai\/wp-content\/uploads\/2023\/06\/maori-300x300.png 300w\" \/>\r\n    \r\n\r\n    <\/figure>\r\n\r\n            <a class=\"getStartedVisible\" href=\"https:\/\/app.talkpal.ai\/signup?lng=\">Empeza<\/a>\r\n    \r\n<\/section>\r\n<section class=\"promotionalBanner\">\r\n    <p class=\"promotionalText\">A forma m\u00e1is eficaz de aprender un idioma<\/p>\r\n    <a class=\"promotionalLink\" href=\"https:\/\/app.talkpal.ai\/signup?lng=\">Proba Talkpal de balde<\/a>\r\n<\/section>\n<div class=\"wp-block-group pageContainerStyle\"><div class=\"wp-block-group__inner-container is-layout-constrained wp-block-group-is-layout-constrained\">\n<h2 class=\"wp-block-heading\" id=\"h-maori-grammar-your-ticket-to-a-vibrant-bicultural-world\">Gram\u00e1tica maor\u00ed: o teu billete para un mundo bicultural vibrante<\/h2>\n\n\n\n<p><a href=\"https:\/\/talkpal.ai\/culture\/how-do-you-say-lets-go-in-maori\/\">Kia ora<\/a>! Benvido ao marabilloso mundo da lingua maor\u00ed. <a href=\"https:\/\/talkpal.ai\/locations\/language-courses-in-como\/\">Como<\/a> lingua ind\u00edxena de Nova Zelanda, o maor\u00ed ou te reo maor\u00ed ofr\u00e9celle unha oportunidade \u00fanica de conectarse cunha cultura antiga e a s\u00faa vibrante comunidade de falantes. Como calquera lingua, a gram\u00e1tica maor\u00ed pode parecer desafiante, pero non te preocupes! Esta gu\u00eda para principiantes simplificar\u00e1 os compo\u00f1entes b\u00e1sicos da gram\u00e1tica maor\u00ed para unha viaxe visualmente atractiva e informativa.<\/p>\n\n\n\n<h3 class=\"wp-block-heading\" id=\"h-1-starting-with-the-basics-maori-alphabet-and-pronunciation\">1. Comezando polos conceptos b\u00e1sicos: alfabeto maor\u00ed e pronuncia<\/h3>\n\n\n\n<p>O maor\u00ed <a href=\"https:\/\/talkpal.ai\/locations\/learn-english-in-usa\/\">usa<\/a> unha escritura <a href=\"https:\/\/talkpal.ai\/locations\/language-courses-in-latina\/\">latina<\/a> modificada, que consta de s\u00f3 15 letras: cinco vogais (a, e, i, o e u) e dez consoantes (h, k, m, n, p, r, t, w, ng e w). Familiar\u00edzate con estas letras e as s\u00faas pronuncias distintas, xa que sentan as bases para <a href=\"https:\/\/talkpal.ai\/locations\/language-courses-in-toda\/\">toda<\/a> a aprendizaxe posterior da gram\u00e1tica maor\u00ed.<\/p>\n\n\n\n<h3 class=\"wp-block-heading\" id=\"h-2-exploring-maori-sentence-structure\">2. Explorando a estrutura da oraci\u00f3n maor\u00ed<\/h3>\n\n\n\n<p>No seu n\u00facleo, a gram\u00e1tica maor\u00ed segue unha estrutura simple suxeito-verbo (-obxecto), co verbo normalmente precedendo ao suxeito. A forma m\u00e1is clara de entender esta estrutura \u00e9 vela en acci\u00f3n:<\/p>\n\n\n\n<p><strong>Ingl\u00e9s: O neno est\u00e1 xogando.<\/strong><\/p>\n\n\n\n<p><strong>Maor\u00ed: Kei te t\u0101karo te tamaiti.<\/strong><\/p>\n\n\n\n<p>En maor\u00ed, o tempo do verbo ind\u00edcase mediante unha combinaci\u00f3n de part\u00edculas ou engadindo un indicador de tempo \u00e1 oraci\u00f3n.<\/p>\n\n\n\n<h3 class=\"wp-block-heading\" id=\"h-3-demystifying-particles-building-blocks-of-maori-grammar\">3. Part\u00edculas desmitificantes: bloques de construci\u00f3n da gram\u00e1tica maor\u00ed<\/h3>\n\n\n\n<p>As part\u00edculas xogan un papel crucial na gram\u00e1tica maor\u00ed, enlazando palabras e frases para crear frases coherentes e expresivas. Como principiante, c\u00e9ntrate en comprender algunhas part\u00edculas esenciais:<\/p>\n\n\n\n<p><strong>\u2013 Kia: \u00fasase para ordes, desexos e para indicar o prop\u00f3sito dunha acci\u00f3n.<\/strong><\/p>\n\n\n\n<p><strong>\u2013 Kei: \u00fasase para formar o tempo continuo.<\/strong><\/p>\n\n\n\n<p><strong>\u2013 Ko: \u00fasase para sinalar o suxeito dunha oraci\u00f3n.<\/strong><\/p>\n\n\n\n<h3 class=\"wp-block-heading\" id=\"h-4-getting-to-know-maori-pronouns\">4. Co\u00f1ecer os pronomes maor\u00eds<\/h3>\n\n\n\n<p>Os pronomes en maor\u00ed substit\u00faen aos substantivos e axudan a manter as t\u00faas conversas naturais e flu\u00eddas. Como principiante, conc\u00e9ntrese na comprensi\u00f3n dos pronomes persoais e posesivos:<\/p>\n\n\n\n<p>Pronomes persoais: ahau (eu), koe (ti, singular), ia (el\/ela), t\u0101ua (n\u00f3s, inclu\u00edda a persoa \u00e1 que se fala), m\u0101ua (n\u00f3s, exclu\u00edndo a persoa \u00e1 que se fala), koutou (ti, plural), r\u0101tau (eles)<\/p>\n\n\n\n<p>Pronomes posesivos: taku\/t\u014dku (o meu), t\u014du (o teu, singular), t\u014dna (o seu), t\u014d t\u0101ua (o noso, inclu\u00edndo falante e o\u00ednte), t\u014d m\u0101ua (o noso, falante e outra persoa), t\u014d koutou (o teu) , plural), t\u014d r\u0101tau (os seus)<\/p>\n\n\n\n<h3 class=\"wp-block-heading\" id=\"h-5-navigating-maori-nouns-and-adjectives\">5. Navegando por substantivos e adxectivos maor\u00eds<\/h3>\n\n\n\n<p>Os substantivos e adxectivos maor\u00eds seguen regras gramaticais sinxelas, o que facilita a comprensi\u00f3n dos principiantes. Os adxectivos adoitan seguir o substantivo que est\u00e1n describindo, e os plurais de nome simplemente implican engadir unha part\u00edcula, &#8220;ng\u0101&#8221;, antes do substantivo. Por exemplo:<\/p>\n\n\n\n<p><strong>Te whare nui &#8211; &#8220;a casa grande&#8221;<\/strong><\/p>\n\n\n\n<p><strong>Ng\u0101 tamariki &#8211; &#8220;os nenos&#8221;<\/strong><\/p>\n\n\n\n<p>A\u00ed o tedes! Deches os primeiros pasos para dominar a gram\u00e1tica maor\u00ed e enriquecer a t\u00faa viaxe coa lingua e a cultura maor\u00ed. Lembra que a pr\u00e1ctica, a perseveranza e a inmersi\u00f3n son esenciais para o \u00e9xito, as\u00ed que interact\u00faa con falantes nativos, explora textos en maor\u00ed e fortalece a t\u00faa base ling\u00fc\u00edstica. Kia kaha! (Vete forte!)<\/p>\n<\/div><\/div>\n\r\n<section class=\"learnNavigationSection\">\r\n            \r\n        <a href=\"https:\/\/talkpal.ai\/gl\/aprende-maori\/\">\r\n            <div class=\"learnNavigationWrapper\">\r\n                <div class=\"learnNavigationContent\">\r\n                    <img decoding=\"async\" src=\"https:\/\/talkpal.ai\/wp-content\/uploads\/2024\/08\/Maori.jpg\" alt=\"New Zealand Flag\">\r\n                    <div>\r\n                        <h4>Clases de gram\u00e1tica maor\u00ed<\/h4>\r\n                        <p>Descubre todo sobre a gram\u00e1tica maor\u00ed.<\/p>\r\n                    <\/div>\r\n                <\/div>\r\n            <\/div>\r\n        <\/a>\r\n\r\n        \r\n        <a href=\"https:\/\/talkpal.ai\/gl\/exercicios-de-gramatica-maori\/\">\r\n            <div class=\"learnNavigationWrapper\">\r\n                <div class=\"learnNavigationContent\">\r\n                    <img decoding=\"async\" src=\"https:\/\/talkpal.ai\/wp-content\/uploads\/2024\/08\/Maori.jpg\" alt=\"New Zealand Flag\">\r\n                    <div>\r\n                        <h4>Exercicio de gram\u00e1tica maor\u00ed<\/h4>\r\n                        <p>Practica a gram\u00e1tica maor\u00ed.<\/p>\r\n                    <\/div>\r\n                <\/div>\r\n            <\/div>\r\n        <\/a>\r\n\r\n        \r\n        <a href=\"https:\/\/talkpal.ai\/vocabulary_language\/maori\/\">\r\n            <div class=\"learnNavigationWrapper\">\r\n                <div class=\"learnNavigationContent\">\r\n                    <img decoding=\"async\" src=\"https:\/\/talkpal.ai\/wp-content\/uploads\/2024\/08\/Maori.jpg\" alt=\"New Zealand Flag\">\r\n                    <div>\r\n                        <h4>Vocabulario maor\u00ed<\/h4>\r\n                        <p>Ampl\u00eda o teu vocabulario maor\u00ed.<\/p>\r\n                    <\/div>\r\n                <\/div>\r\n            <\/div>\r\n        <\/a>\r\n\r\n            <\/section>","protected":false},"excerpt":{"rendered":"<p>Gram\u00e1tica maor\u00ed: o teu billete para un mundo bicultural vibrante Kia ora! Benvido ao marabilloso mundo da lingua maor\u00ed. Como lingua ind\u00edxena de Nova Zelanda, o maor\u00ed ou te reo maor\u00ed ofr\u00e9celle unha oportunidade \u00fanica de conectarse cunha cultura antiga e a s\u00faa vibrante comunidade de falantes. Como calquera lingua, a gram\u00e1tica maor\u00ed pode parecer [&hellip;]<\/p>\n","protected":false},"author":1,"featured_media":116585,"parent":0,"menu_order":0,"comment_status":"closed","ping_status":"closed","template":"LearningContentPage.php","meta":{"_acf_changed":false,"footnotes":""},"class_list":["post-147837","page","type-page","status-publish","has-post-thumbnail","hentry"],"acf":[],"yoast_head":"<!-- This site is optimized with the Yoast SEO Premium plugin v27.2 (Yoast SEO v27.2) - https:\/\/yoast.com\/product\/yoast-seo-premium-wordpress\/ -->\n<title>Gram\u00e1tica maor\u00ed - Talkpal<\/title>\n<meta name=\"description\" content=\"Explora os conceptos b\u00e1sicos da gram\u00e1tica maor\u00ed coa nosa gu\u00eda para principiantes. Descubra as 15 letras e as regras esenciais do te reo maor\u00ed.\" \/>\n<meta name=\"robots\" content=\"index, follow, max-snippet:-1, max-image-preview:large, max-video-preview:-1\" \/>\n<link rel=\"canonical\" href=\"https:\/\/talkpal.ai\/gl\/gramatica-maori\/\" \/>\n<meta property=\"og:locale\" content=\"gl_ES\" \/>\n<meta property=\"og:type\" content=\"article\" \/>\n<meta property=\"og:title\" content=\"Gram\u00e1tica maor\u00ed\" \/>\n<meta property=\"og:description\" content=\"Gram\u00e1tica maor\u00ed: o teu billete para un mundo bicultural vibrante Kia ora! Benvido ao marabilloso mundo da lingua maor\u00ed. Como lingua ind\u00edxena de Nova\" \/>\n<meta property=\"og:url\" content=\"https:\/\/talkpal.ai\/gl\/gramatica-maori\/\" \/>\n<meta property=\"og:site_name\" content=\"Talkpal\" \/>\n<meta property=\"article:publisher\" content=\"https:\/\/www.facebook.com\/profile.php?id=100090733639311\" \/>\n<meta property=\"article:modified_time\" content=\"2025-12-17T16:44:51+00:00\" \/>\n<meta property=\"og:image\" content=\"https:\/\/talkpal.ai\/wp-content\/uploads\/2023\/05\/Maori-new-zealand.png\" \/>\n\t<meta property=\"og:image:width\" content=\"512\" \/>\n\t<meta property=\"og:image:height\" content=\"512\" \/>\n\t<meta property=\"og:image:type\" content=\"image\/png\" \/>\n<meta name=\"twitter:card\" content=\"summary_large_image\" \/>\n<meta name=\"twitter:site\" content=\"@talkpalai\" \/>\n<meta name=\"twitter:label1\" content=\"Tempo de lectura\" \/>\n\t<meta name=\"twitter:data1\" content=\"3 minutos\" \/>\n<script type=\"application\/ld+json\" class=\"yoast-schema-graph\">{\"@context\":\"https:\/\/schema.org\",\"@graph\":[{\"@type\":\"WebPage\",\"@id\":\"https:\/\/talkpal.ai\/gl\/gramatica-maori\/\",\"url\":\"https:\/\/talkpal.ai\/gl\/gramatica-maori\/\",\"name\":\"Gram\u00e1tica maor\u00ed - Talkpal\",\"isPartOf\":{\"@id\":\"https:\/\/talkpal.ai\/gl\/#website\"},\"primaryImageOfPage\":{\"@id\":\"https:\/\/talkpal.ai\/gl\/gramatica-maori\/#primaryimage\"},\"image\":{\"@id\":\"https:\/\/talkpal.ai\/gl\/gramatica-maori\/#primaryimage\"},\"thumbnailUrl\":\"https:\/\/talkpal.ai\/wp-content\/uploads\/2023\/05\/Maori-new-zealand.png\",\"datePublished\":\"2023-05-14T14:12:25+00:00\",\"dateModified\":\"2025-12-17T16:44:51+00:00\",\"description\":\"Explora os conceptos b\u00e1sicos da gram\u00e1tica maor\u00ed coa nosa gu\u00eda para principiantes. Descubra as 15 letras e as regras esenciais do te reo maor\u00ed.\",\"breadcrumb\":{\"@id\":\"https:\/\/talkpal.ai\/gl\/gramatica-maori\/#breadcrumb\"},\"inLanguage\":\"gl-ES\",\"potentialAction\":[{\"@type\":\"ReadAction\",\"target\":[\"https:\/\/talkpal.ai\/gl\/gramatica-maori\/\"]}]},{\"@type\":\"ImageObject\",\"inLanguage\":\"gl-ES\",\"@id\":\"https:\/\/talkpal.ai\/gl\/gramatica-maori\/#primaryimage\",\"url\":\"https:\/\/talkpal.ai\/wp-content\/uploads\/2023\/05\/Maori-new-zealand.png\",\"contentUrl\":\"https:\/\/talkpal.ai\/wp-content\/uploads\/2023\/05\/Maori-new-zealand.png\",\"width\":512,\"height\":512},{\"@type\":\"BreadcrumbList\",\"@id\":\"https:\/\/talkpal.ai\/gl\/gramatica-maori\/#breadcrumb\",\"itemListElement\":[{\"@type\":\"ListItem\",\"position\":1,\"name\":\"Homepage\",\"item\":\"https:\/\/talkpal.ai\/gl\/\"},{\"@type\":\"ListItem\",\"position\":2,\"name\":\"Gram\u00e1tica maor\u00ed\"}]},{\"@type\":\"WebSite\",\"@id\":\"https:\/\/talkpal.ai\/gl\/#website\",\"url\":\"https:\/\/talkpal.ai\/gl\/\",\"name\":\"Talkpal\",\"description\":\"AI Language Learning\",\"publisher\":{\"@id\":\"https:\/\/talkpal.ai\/gl\/#organization\"},\"alternateName\":\"Talkpal AI\",\"potentialAction\":[{\"@type\":\"SearchAction\",\"target\":{\"@type\":\"EntryPoint\",\"urlTemplate\":\"https:\/\/talkpal.ai\/gl\/?s={search_term_string}\"},\"query-input\":{\"@type\":\"PropertyValueSpecification\",\"valueRequired\":true,\"valueName\":\"search_term_string\"}}],\"inLanguage\":\"gl-ES\"},{\"@type\":\"Organization\",\"@id\":\"https:\/\/talkpal.ai\/gl\/#organization\",\"name\":\"Talkpal, Inc.\",\"alternateName\":\"Talkpal AI\",\"url\":\"https:\/\/talkpal.ai\/gl\/\",\"logo\":{\"@type\":\"ImageObject\",\"inLanguage\":\"gl-ES\",\"@id\":\"https:\/\/talkpal.ai\/gl\/#\/schema\/logo\/image\/\",\"url\":\"https:\/\/talkpal.ai\/wp-content\/uploads\/2024\/03\/Talkpal-Logo-Icon.png\",\"contentUrl\":\"https:\/\/talkpal.ai\/wp-content\/uploads\/2024\/03\/Talkpal-Logo-Icon.png\",\"width\":2880,\"height\":2880,\"caption\":\"Talkpal, Inc.\"},\"image\":{\"@id\":\"https:\/\/talkpal.ai\/gl\/#\/schema\/logo\/image\/\"},\"sameAs\":[\"https:\/\/www.facebook.com\/profile.php?id=100090733639311\",\"https:\/\/x.com\/talkpalai\",\"https:\/\/www.linkedin.com\/company\/talkpal\/\",\"https:\/\/www.youtube.com\/@TalkPal\/\",\"https:\/\/www.tiktok.com\/@talkpal\",\"https:\/\/www.instagram.com\/talkpal_ai\/\",\"https:\/\/www.crunchbase.com\/organization\/talkpal-9cde\",\"https:\/\/www.g2.com\/products\/talkpal-for-business\/\",\"https:\/\/www.trustpilot.com\/review\/talkpal.ai\",\"https:\/\/www.capterra.com\/p\/10006800\/TalkPal\/\"],\"description\":\"Talkpal is a language learning web and mobile education app, powered by the latest AI technologies, that provides engaging experiences to its customers in many different languages to help them improve their language skills. Users can chat about unlimited amount of topics with the app and use other modes to practice their language learning.\",\"email\":\"support@talkpal.ai\",\"legalName\":\"Talkpal, Inc.\",\"foundingDate\":\"2023-04-03\",\"duns\":\"118989042\",\"numberOfEmployees\":{\"@type\":\"QuantitativeValue\",\"minValue\":\"11\",\"maxValue\":\"50\"},\"publishingPrinciples\":\"https:\/\/talkpal.ai\/publishing-principles\/\",\"actionableFeedbackPolicy\":\"https:\/\/talkpal.ai\/actionable-feedback-policy\/\",\"correctionsPolicy\":\"https:\/\/talkpal.ai\/corrections-policy\/\",\"ethicsPolicy\":\"https:\/\/talkpal.ai\/ethics-policy\/\",\"diversityPolicy\":\"https:\/\/talkpal.ai\/diversity-policy\/\",\"diversityStaffingReport\":\"https:\/\/talkpal.ai\/diversity-policy\/\"}]}<\/script>\n<!-- \/ Yoast SEO Premium plugin. -->","yoast_head_json":{"title":"Gram\u00e1tica maor\u00ed - Talkpal","description":"Explora os conceptos b\u00e1sicos da gram\u00e1tica maor\u00ed coa nosa gu\u00eda para principiantes. Descubra as 15 letras e as regras esenciais do te reo maor\u00ed.","robots":{"index":"index","follow":"follow","max-snippet":"max-snippet:-1","max-image-preview":"max-image-preview:large","max-video-preview":"max-video-preview:-1"},"canonical":"https:\/\/talkpal.ai\/gl\/gramatica-maori\/","og_locale":"gl_ES","og_type":"article","og_title":"Gram\u00e1tica maor\u00ed","og_description":"Gram\u00e1tica maor\u00ed: o teu billete para un mundo bicultural vibrante Kia ora! Benvido ao marabilloso mundo da lingua maor\u00ed. Como lingua ind\u00edxena de Nova","og_url":"https:\/\/talkpal.ai\/gl\/gramatica-maori\/","og_site_name":"Talkpal","article_publisher":"https:\/\/www.facebook.com\/profile.php?id=100090733639311","article_modified_time":"2025-12-17T16:44:51+00:00","og_image":[{"width":512,"height":512,"url":"https:\/\/talkpal.ai\/wp-content\/uploads\/2023\/05\/Maori-new-zealand.png","type":"image\/png"}],"twitter_card":"summary_large_image","twitter_site":"@talkpalai","twitter_misc":{"Tempo de lectura":"3 minutos"},"schema":{"@context":"https:\/\/schema.org","@graph":[{"@type":"WebPage","@id":"https:\/\/talkpal.ai\/gl\/gramatica-maori\/","url":"https:\/\/talkpal.ai\/gl\/gramatica-maori\/","name":"Gram\u00e1tica maor\u00ed - Talkpal","isPartOf":{"@id":"https:\/\/talkpal.ai\/gl\/#website"},"primaryImageOfPage":{"@id":"https:\/\/talkpal.ai\/gl\/gramatica-maori\/#primaryimage"},"image":{"@id":"https:\/\/talkpal.ai\/gl\/gramatica-maori\/#primaryimage"},"thumbnailUrl":"https:\/\/talkpal.ai\/wp-content\/uploads\/2023\/05\/Maori-new-zealand.png","datePublished":"2023-05-14T14:12:25+00:00","dateModified":"2025-12-17T16:44:51+00:00","description":"Explora os conceptos b\u00e1sicos da gram\u00e1tica maor\u00ed coa nosa gu\u00eda para principiantes. Descubra as 15 letras e as regras esenciais do te reo maor\u00ed.","breadcrumb":{"@id":"https:\/\/talkpal.ai\/gl\/gramatica-maori\/#breadcrumb"},"inLanguage":"gl-ES","potentialAction":[{"@type":"ReadAction","target":["https:\/\/talkpal.ai\/gl\/gramatica-maori\/"]}]},{"@type":"ImageObject","inLanguage":"gl-ES","@id":"https:\/\/talkpal.ai\/gl\/gramatica-maori\/#primaryimage","url":"https:\/\/talkpal.ai\/wp-content\/uploads\/2023\/05\/Maori-new-zealand.png","contentUrl":"https:\/\/talkpal.ai\/wp-content\/uploads\/2023\/05\/Maori-new-zealand.png","width":512,"height":512},{"@type":"BreadcrumbList","@id":"https:\/\/talkpal.ai\/gl\/gramatica-maori\/#breadcrumb","itemListElement":[{"@type":"ListItem","position":1,"name":"Homepage","item":"https:\/\/talkpal.ai\/gl\/"},{"@type":"ListItem","position":2,"name":"Gram\u00e1tica maor\u00ed"}]},{"@type":"WebSite","@id":"https:\/\/talkpal.ai\/gl\/#website","url":"https:\/\/talkpal.ai\/gl\/","name":"Talkpal","description":"AI Language Learning","publisher":{"@id":"https:\/\/talkpal.ai\/gl\/#organization"},"alternateName":"Talkpal AI","potentialAction":[{"@type":"SearchAction","target":{"@type":"EntryPoint","urlTemplate":"https:\/\/talkpal.ai\/gl\/?s={search_term_string}"},"query-input":{"@type":"PropertyValueSpecification","valueRequired":true,"valueName":"search_term_string"}}],"inLanguage":"gl-ES"},{"@type":"Organization","@id":"https:\/\/talkpal.ai\/gl\/#organization","name":"Talkpal, Inc.","alternateName":"Talkpal AI","url":"https:\/\/talkpal.ai\/gl\/","logo":{"@type":"ImageObject","inLanguage":"gl-ES","@id":"https:\/\/talkpal.ai\/gl\/#\/schema\/logo\/image\/","url":"https:\/\/talkpal.ai\/wp-content\/uploads\/2024\/03\/Talkpal-Logo-Icon.png","contentUrl":"https:\/\/talkpal.ai\/wp-content\/uploads\/2024\/03\/Talkpal-Logo-Icon.png","width":2880,"height":2880,"caption":"Talkpal, Inc."},"image":{"@id":"https:\/\/talkpal.ai\/gl\/#\/schema\/logo\/image\/"},"sameAs":["https:\/\/www.facebook.com\/profile.php?id=100090733639311","https:\/\/x.com\/talkpalai","https:\/\/www.linkedin.com\/company\/talkpal\/","https:\/\/www.youtube.com\/@TalkPal\/","https:\/\/www.tiktok.com\/@talkpal","https:\/\/www.instagram.com\/talkpal_ai\/","https:\/\/www.crunchbase.com\/organization\/talkpal-9cde","https:\/\/www.g2.com\/products\/talkpal-for-business\/","https:\/\/www.trustpilot.com\/review\/talkpal.ai","https:\/\/www.capterra.com\/p\/10006800\/TalkPal\/"],"description":"Talkpal is a language learning web and mobile education app, powered by the latest AI technologies, that provides engaging experiences to its customers in many different languages to help them improve their language skills. Users can chat about unlimited amount of topics with the app and use other modes to practice their language learning.","email":"support@talkpal.ai","legalName":"Talkpal, Inc.","foundingDate":"2023-04-03","duns":"118989042","numberOfEmployees":{"@type":"QuantitativeValue","minValue":"11","maxValue":"50"},"publishingPrinciples":"https:\/\/talkpal.ai\/publishing-principles\/","actionableFeedbackPolicy":"https:\/\/talkpal.ai\/actionable-feedback-policy\/","correctionsPolicy":"https:\/\/talkpal.ai\/corrections-policy\/","ethicsPolicy":"https:\/\/talkpal.ai\/ethics-policy\/","diversityPolicy":"https:\/\/talkpal.ai\/diversity-policy\/","diversityStaffingReport":"https:\/\/talkpal.ai\/diversity-policy\/"}]}},"_links":{"self":[{"href":"https:\/\/talkpal.ai\/gl\/wp-json\/wp\/v2\/pages\/147837","targetHints":{"allow":["GET"]}}],"collection":[{"href":"https:\/\/talkpal.ai\/gl\/wp-json\/wp\/v2\/pages"}],"about":[{"href":"https:\/\/talkpal.ai\/gl\/wp-json\/wp\/v2\/types\/page"}],"author":[{"embeddable":true,"href":"https:\/\/talkpal.ai\/gl\/wp-json\/wp\/v2\/users\/1"}],"replies":[{"embeddable":true,"href":"https:\/\/talkpal.ai\/gl\/wp-json\/wp\/v2\/comments?post=147837"}],"version-history":[{"count":0,"href":"https:\/\/talkpal.ai\/gl\/wp-json\/wp\/v2\/pages\/147837\/revisions"}],"wp:featuredmedia":[{"embeddable":true,"href":"https:\/\/talkpal.ai\/gl\/wp-json\/wp\/v2\/media\/116585"}],"wp:attachment":[{"href":"https:\/\/talkpal.ai\/gl\/wp-json\/wp\/v2\/media?parent=147837"}],"curies":[{"name":"wp","href":"https:\/\/api.w.org\/{rel}","templated":true}]}}